{"id":24913,"date":"2025-09-01T13:29:14","date_gmt":"2025-09-01T12:29:14","guid":{"rendered":"https:\/\/calerodiving.com\/tag-in-punta-tinosa\/"},"modified":"2026-04-20T13:19:12","modified_gmt":"2026-04-20T12:19:12","slug":"tag-in-punta-tinosa","status":"publish","type":"page","link":"https:\/\/calerodiving.com\/de\/tag-in-punta-tinosa\/","title":{"rendered":"Tag in Punta Ti\u00f1osa"},"content":{"rendered":"\t\t<div data-elementor-type=\"wp-page\" data-elementor-id=\"24913\" class=\"elementor elementor-24913 elementor-20445\" data-elementor-post-type=\"page\">\n\t\t\t\t<div class=\"elementor-element elementor-element-d7fde69 e-flex e-con-boxed e-con e-parent\" data-id=\"d7fde69\" data-element_type=\"container\" data-e-type=\"container\">\n\t\t\t\t\t<div class=\"e-con-inner\">\n\t\t<div class=\"elementor-element elementor-element-0189395 e-con-full e-flex e-con e-child\" data-id=\"0189395\" data-element_type=\"container\" data-e-type=\"container\">\n\t\t\t\t<div class=\"elementor-element elementor-element-60a89f6 elementor-widget elementor-widget-image\" data-id=\"60a89f6\" data-element_type=\"widget\" data-e-type=\"widget\" data-widget_type=\"image.default\">\n\t\t\t\t<div class=\"elementor-widget-container\">\n\t\t\t\t\t\t\t\t\t\t\t\t\t\t\t<img fetchpriority=\"high\" decoding=\"async\" width=\"800\" height=\"534\" src=\"https:\/\/calerodiving.com\/wp-content\/uploads\/2025\/01\/Try-Scuba-Diving-en-Punta-Tinosa-Lanzarote-Calero-Diving-1030x687.webp\" class=\"attachment-large size-large wp-image-17509\" alt=\"\" srcset=\"https:\/\/calerodiving.com\/wp-content\/uploads\/2025\/01\/Try-Scuba-Diving-en-Punta-Tinosa-Lanzarote-Calero-Diving-1030x687.webp 1030w, https:\/\/calerodiving.com\/wp-content\/uploads\/2025\/01\/Try-Scuba-Diving-en-Punta-Tinosa-Lanzarote-Calero-Diving-300x200.webp 300w, https:\/\/calerodiving.com\/wp-content\/uploads\/2025\/01\/Try-Scuba-Diving-en-Punta-Tinosa-Lanzarote-Calero-Diving-768x512.webp 768w, https:\/\/calerodiving.com\/wp-content\/uploads\/2025\/01\/Try-Scuba-Diving-en-Punta-Tinosa-Lanzarote-Calero-Diving-705x470.webp 705w, https:\/\/calerodiving.com\/wp-content\/uploads\/2025\/01\/Try-Scuba-Diving-en-Punta-Tinosa-Lanzarote-Calero-Diving.webp 1080w\" sizes=\"(max-width: 800px) 100vw, 800px\" \/>\t\t\t\t\t\t\t\t\t\t\t\t\t\t\t<\/div>\n\t\t\t\t<\/div>\n\t\t\t\t<\/div>\n\t\t<div class=\"elementor-element elementor-element-11757ee e-con-full e-flex e-con e-child\" data-id=\"11757ee\" data-element_type=\"container\" data-e-type=\"container\">\n\t\t<div class=\"elementor-element elementor-element-3d40ac9 e-con-full e-flex e-con e-child\" data-id=\"3d40ac9\" data-element_type=\"container\" data-e-type=\"container\">\n\t\t\t\t<div class=\"elementor-element elementor-element-db3d782 elementor-widget elementor-widget-html\" data-id=\"db3d782\" data-element_type=\"widget\" data-e-type=\"widget\" data-widget_type=\"html.default\">\n\t\t\t\t<div class=\"elementor-widget-container\">\n\t\t\t\t\t<a href=\"https:\/\/calerodiving.com\/de\/sporttauchkurse\/#baptisms\" class=\"tag-button\">Probieren Sie das Tauchen aus<\/a>\n\t\t\t\t<\/div>\n\t\t\t\t<\/div>\n\t\t\t\t<div class=\"elementor-element elementor-element-c9e1a0e elementor-widget elementor-widget-heading\" data-id=\"c9e1a0e\" data-element_type=\"widget\" data-e-type=\"widget\" data-widget_type=\"heading.default\">\n\t\t\t\t<div class=\"elementor-widget-container\">\n\t\t\t\t\t<h2 class=\"elementor-heading-title elementor-size-default\">Tag in Punta Ti\u00f1osa (Einsteigertaucher).\n<\/h2>\t\t\t\t<\/div>\n\t\t\t\t<\/div>\n\t\t\t\t<\/div>\n\t\t\t\t<\/div>\n\t\t\t\t\t<\/div>\n\t\t\t\t<\/div>\n\t\t<div class=\"elementor-element elementor-element-7f36f10 e-flex e-con-boxed e-con e-parent\" data-id=\"7f36f10\" data-element_type=\"container\" data-e-type=\"container\">\n\t\t\t\t\t<div class=\"e-con-inner\">\n\t\t<div class=\"elementor-element elementor-element-5546e83 e-con-full e-flex e-con e-child\" data-id=\"5546e83\" data-element_type=\"container\" data-e-type=\"container\">\n\t\t<div class=\"elementor-element elementor-element-f79fc7b e-con-full e-flex e-con e-child\" data-id=\"f79fc7b\" data-element_type=\"container\" data-e-type=\"container\">\n\t\t\t\t<div class=\"elementor-element elementor-element-8880f05 elementor-widget elementor-widget-heading\" data-id=\"8880f05\" data-element_type=\"widget\" data-e-type=\"widget\" data-widget_type=\"heading.default\">\n\t\t\t\t<div class=\"elementor-widget-container\">\n\t\t\t\t\t<h2 class=\"elementor-heading-title elementor-size-default\">Ganzt\u00e4giges Anf\u00e4ngererlebnis.<\/h2>\t\t\t\t<\/div>\n\t\t\t\t<\/div>\n\t\t\t\t<div class=\"elementor-element elementor-element-970e03d elementor-widget elementor-widget-text-editor\" data-id=\"970e03d\" data-element_type=\"widget\" data-e-type=\"widget\" data-widget_type=\"text-editor.default\">\n\t\t\t\t<div class=\"elementor-widget-container\">\n\t\t\t\t\t\t\t\t\t<div class=\"section-list\">\n<h3>Kurs\u00fcbersicht:<\/h3>\n<p>Dieses SSI Basic Diver Programm bietet dir ein umfassendes Taucherlebnis, das weit \u00fcber einen einfachen Schnuppertauchgang hinausgeht.<\/p><p><span style=\"font-family: -apple-system, BlinkMacSystemFont, &quot;SF Pro Display&quot;, &quot;Helvetica Neue&quot;, sans-serif;\">Du beginnst mit einer Einf\u00fchrung ins Tauchen, lernst die Grundlagen und \u00fcbst alles in einem ruhigen Ufertauchgang, um Sicherheit unter Wasser zu gewinnen.<\/span><\/p><p><span style=\"font-family: -apple-system, BlinkMacSystemFont, &quot;SF Pro Display&quot;, &quot;Helvetica Neue&quot;, sans-serif;\">Nach einer kurzen Pause bereitest du dich auf den zweiten Tauchgang vor und steigst ins Boot f\u00fcr eine etwa 10-min\u00fctige Fahrt nach Punta Ti\u00f1osa.<\/span><\/p><p><span style=\"font-family: -apple-system, BlinkMacSystemFont, &quot;SF Pro Display&quot;, &quot;Helvetica Neue&quot;, sans-serif;\">Beim zweiten Tauchgang f\u00e4hrst du mit dem Boot hinaus und tauchst bis maximal 12 Meter, w\u00e4hrend du die vulkanische Unterwasserlandschaft von Punta Ti\u00f1osa erkundest.<\/span><\/p><p><span style=\"font-family: -apple-system, BlinkMacSystemFont, &quot;SF Pro Display&quot;, &quot;Helvetica Neue&quot;, sans-serif;\">Am Ende des Tages erh\u00e4ltst du deine SSI Basic Diver Zertifizierung in digitaler Form.<\/span><\/p><p><span style=\"font-family: -apple-system, BlinkMacSystemFont, &quot;SF Pro Display&quot;, &quot;Helvetica Neue&quot;, sans-serif;\">Diese tempor\u00e4re Zertifizierung ist 6 Monate g\u00fcltig und erlaubt dir, bis 12 Meter Tiefe unter direkter Aufsicht eines Profis zu tauchen.<\/span><\/p><p><span style=\"font-family: -apple-system, BlinkMacSystemFont, &quot;SF Pro Display&quot;, &quot;Helvetica Neue&quot;, sans-serif;\">Au\u00dferdem wird sie auf deinen Open Water Diver Kurs angerechnet und du erh\u00e4ltst einen Rabatt, wenn du deine Ausbildung fortsetzt.<\/span><\/p>\n<h3>Dauer<\/h3>\n<ul>\n<li>Ca. 5 Stunden (1-Tages-Erlebnis)<\/li>\n<\/ul>\n<h3>Inklusive<\/h3>\n<ul>\n<li>Leihausr\u00fcstung<\/li>\n<li>Digitale Materialien<\/li>\n<li>Tauchversicherung<\/li>\n<li>SSI Basic Diver Zertifizierung<\/li>\n<\/ul>\n<h3>Nicht inklusive<\/h3>\n<ul>\n<li>Unterwasserfotos (Kameraverleih auf Anfrage m\u00f6glich)<\/li>\n<\/ul>\n<h3>Voraussetzungen<\/h3>\n<ul>\n<li>Grundlegende Schwimmf\u00e4higkeit<\/li>\n<li>Mindestalter von 10 Jahren<\/li>\n<\/ul>\n<\/div>\t\t\t\t\t\t\t\t<\/div>\n\t\t\t\t<\/div>\n\t\t\t\t<\/div>\n\t\t\t\t<\/div>\n\t\t<div class=\"elementor-element elementor-element-b62132f e-con-full e-flex e-con e-child\" data-id=\"b62132f\" data-element_type=\"container\" data-e-type=\"container\">\n\t\t<div class=\"elementor-element elementor-element-523702e e-con-full course-sidebar-box e-flex e-con e-child\" data-id=\"523702e\" data-element_type=\"container\" data-e-type=\"container\" data-settings=\"{&quot;sticky&quot;:&quot;top&quot;,&quot;sticky_offset&quot;:110,&quot;sticky_effects_offset&quot;:130,&quot;sticky_parent&quot;:&quot;yes&quot;,&quot;sticky_on&quot;:[&quot;desktop&quot;,&quot;tablet&quot;,&quot;mobile&quot;],&quot;sticky_anchor_link_offset&quot;:0}\">\n\t\t\t\t<div class=\"elementor-element elementor-element-08a975d elementor-widget elementor-widget-text-editor\" data-id=\"08a975d\" data-element_type=\"widget\" data-e-type=\"widget\" data-widget_type=\"text-editor.default\">\n\t\t\t\t<div class=\"elementor-widget-container\">\n\t\t\t\t\t\t\t\t\t<div class=\"courses-info\"><h6 class=\"no-margin\">Dauer:<\/h6><p class=\"no-margin\">1-Tages-Kurs<\/p><\/div><div class=\"courses-info\"><h6 class=\"no-margin\">Preis:<\/h6><p class=\"no-margin\">Ab 175 \u20ac<\/p><\/div>\t\t\t\t\t\t\t\t<\/div>\n\t\t\t\t<\/div>\n\t\t\t\t<div class=\"elementor-element elementor-element-96d6459 elementor-mobile-align-center elementor-widget elementor-widget-button\" data-id=\"96d6459\" data-element_type=\"widget\" data-e-type=\"widget\" data-widget_type=\"button.default\">\n\t\t\t\t<div class=\"elementor-widget-container\">\n\t\t\t\t\t\t\t\t\t<div class=\"elementor-button-wrapper\">\n\t\t\t\t\t<a class=\"elementor-button elementor-button-link elementor-size-sm\" href=\"https:\/\/booking.calerodiving.com\/front\/6213b2319a1bbf005fa0b870\/product\/621d00f36bd37f005fb86e71?lang=de\" target=\"_blank\">\n\t\t\t\t\t\t<span class=\"elementor-button-content-wrapper\">\n\t\t\t\t\t\t\t\t\t<span class=\"elementor-button-text\">Kurs buchen<\/span>\n\t\t\t\t\t<\/span>\n\t\t\t\t\t<\/a>\n\t\t\t\t<\/div>\n\t\t\t\t\t\t\t\t<\/div>\n\t\t\t\t<\/div>\n\t\t\t\t<\/div>\n\t\t\t\t<\/div>\n\t\t\t\t\t<\/div>\n\t\t\t\t<\/div>\n\t\t\t\t<\/div>\n\t\t","protected":false},"excerpt":{"rendered":"<p>Probieren Sie das Tauchen aus Tag in Punta Ti\u00f1osa (Einsteigertaucher). Ganzt\u00e4giges Anf\u00e4ngererlebnis. Kurs\u00fcbersicht: Dieses SSI Basic Diver Programm bietet dir ein umfassendes Taucherlebnis, das weit \u00fcber einen einfachen Schnuppertauchgang hinausgeht. Du beginnst mit einer Einf\u00fchrung ins Tauchen, lernst die Grundlagen und \u00fcbst alles in einem ruhigen Ufertauchgang, um Sicherheit unter Wasser zu gewinnen. Nach einer [&hellip;]<\/p>\n","protected":false},"author":10,"featured_media":0,"parent":0,"menu_order":0,"comment_status":"closed","ping_status":"closed","template":"","meta":{"_acf_changed":false,"footnotes":""},"class_list":["post-24913","page","type-page","status-publish","hentry"],"acf":[],"yoast_head":"<!-- This site is optimized with the Yoast SEO plugin v27.5 - https:\/\/yoast.com\/product\/yoast-seo-wordpress\/ -->\n<title>Tag in Punta Ti\u00f1osa | Calero Diving Lanzarote<\/title>\n<meta name=\"robots\" content=\"index, follow, max-snippet:-1, max-image-preview:large, max-video-preview:-1\" \/>\n<link rel=\"canonical\" href=\"https:\/\/calerodiving.com\/day-at-punta-tinosa\/\" \/>\n<meta property=\"og:locale\" content=\"de_DE\" \/>\n<meta property=\"og:type\" content=\"article\" \/>\n<meta property=\"og:title\" content=\"Tag in Punta Ti\u00f1osa | Calero Diving Lanzarote\" \/>\n<meta property=\"og:description\" content=\"Probieren Sie das Tauchen aus Tag in Punta Ti\u00f1osa (Einsteigertaucher). Ganzt\u00e4giges Anf\u00e4ngererlebnis. Kurs\u00fcbersicht: Dieses SSI Basic Diver Programm bietet dir ein umfassendes Taucherlebnis, das weit \u00fcber einen einfachen Schnuppertauchgang hinausgeht. Du beginnst mit einer Einf\u00fchrung ins Tauchen, lernst die Grundlagen und \u00fcbst alles in einem ruhigen Ufertauchgang, um Sicherheit unter Wasser zu gewinnen. Nach einer [&hellip;]\" \/>\n<meta property=\"og:url\" content=\"https:\/\/calerodiving.com\/day-at-punta-tinosa\/\" \/>\n<meta property=\"og:site_name\" content=\"Calero Diving Lanzarote\" \/>\n<meta property=\"article:publisher\" content=\"https:\/\/www.facebook.com\/calerodiving\/\" \/>\n<meta property=\"article:modified_time\" content=\"2026-04-20T12:19:12+00:00\" \/>\n<meta property=\"og:image\" content=\"https:\/\/calerodiving.com\/wp-content\/uploads\/2025\/01\/Try-Scuba-Diving-en-Punta-Tinosa-Lanzarote-Calero-Diving.webp\" \/>\n\t<meta property=\"og:image:width\" content=\"1080\" \/>\n\t<meta property=\"og:image:height\" content=\"720\" \/>\n\t<meta property=\"og:image:type\" content=\"image\/webp\" \/>\n<meta name=\"twitter:card\" content=\"summary_large_image\" \/>\n<meta name=\"twitter:label1\" content=\"Gesch\u00e4tzte Lesezeit\" \/>\n\t<meta name=\"twitter:data1\" content=\"2\u00a0Minuten\" \/>\n<script type=\"application\/ld+json\" class=\"yoast-schema-graph\">{\"@context\":\"https:\\\/\\\/schema.org\",\"@graph\":[{\"@type\":\"WebPage\",\"@id\":\"https:\\\/\\\/calerodiving.com\\\/day-at-punta-tinosa\\\/\",\"url\":\"https:\\\/\\\/calerodiving.com\\\/day-at-punta-tinosa\\\/\",\"name\":\"Tag in Punta Ti\u00f1osa | Calero Diving Lanzarote\",\"isPartOf\":{\"@id\":\"https:\\\/\\\/calerodiving.com\\\/#website\"},\"primaryImageOfPage\":{\"@id\":\"https:\\\/\\\/calerodiving.com\\\/day-at-punta-tinosa\\\/#primaryimage\"},\"image\":{\"@id\":\"https:\\\/\\\/calerodiving.com\\\/day-at-punta-tinosa\\\/#primaryimage\"},\"thumbnailUrl\":\"https:\\\/\\\/calerodiving.com\\\/wp-content\\\/uploads\\\/2025\\\/01\\\/Try-Scuba-Diving-en-Punta-Tinosa-Lanzarote-Calero-Diving-1030x687.webp\",\"datePublished\":\"2025-09-01T12:29:14+00:00\",\"dateModified\":\"2026-04-20T12:19:12+00:00\",\"breadcrumb\":{\"@id\":\"https:\\\/\\\/calerodiving.com\\\/day-at-punta-tinosa\\\/#breadcrumb\"},\"inLanguage\":\"de\",\"potentialAction\":[{\"@type\":\"ReadAction\",\"target\":[\"https:\\\/\\\/calerodiving.com\\\/day-at-punta-tinosa\\\/\"]}]},{\"@type\":\"ImageObject\",\"inLanguage\":\"de\",\"@id\":\"https:\\\/\\\/calerodiving.com\\\/day-at-punta-tinosa\\\/#primaryimage\",\"url\":\"https:\\\/\\\/calerodiving.com\\\/wp-content\\\/uploads\\\/2025\\\/01\\\/Try-Scuba-Diving-en-Punta-Tinosa-Lanzarote-Calero-Diving-1030x687.webp\",\"contentUrl\":\"https:\\\/\\\/calerodiving.com\\\/wp-content\\\/uploads\\\/2025\\\/01\\\/Try-Scuba-Diving-en-Punta-Tinosa-Lanzarote-Calero-Diving-1030x687.webp\"},{\"@type\":\"BreadcrumbList\",\"@id\":\"https:\\\/\\\/calerodiving.com\\\/day-at-punta-tinosa\\\/#breadcrumb\",\"itemListElement\":[{\"@type\":\"ListItem\",\"position\":1,\"name\":\"Home\",\"item\":\"https:\\\/\\\/calerodiving.com\\\/es\\\/\"},{\"@type\":\"ListItem\",\"position\":2,\"name\":\"Tag in Punta Ti\u00f1osa\"}]},{\"@type\":\"WebSite\",\"@id\":\"https:\\\/\\\/calerodiving.com\\\/#website\",\"url\":\"https:\\\/\\\/calerodiving.com\\\/\",\"name\":\"Calero Diving Lanzarote\",\"description\":\"Dive Center - Marina Puerto Calero Lanzarote\",\"publisher\":{\"@id\":\"https:\\\/\\\/calerodiving.com\\\/#organization\"},\"alternateName\":\"Calero Diving\",\"potentialAction\":[{\"@type\":\"SearchAction\",\"target\":{\"@type\":\"EntryPoint\",\"urlTemplate\":\"https:\\\/\\\/calerodiving.com\\\/?s={search_term_string}\"},\"query-input\":{\"@type\":\"PropertyValueSpecification\",\"valueRequired\":true,\"valueName\":\"search_term_string\"}}],\"inLanguage\":\"de\"},{\"@type\":\"Organization\",\"@id\":\"https:\\\/\\\/calerodiving.com\\\/#organization\",\"name\":\"Calero Diving Lanzarote\",\"alternateName\":\"Calero Diving\",\"url\":\"https:\\\/\\\/calerodiving.com\\\/\",\"logo\":{\"@type\":\"ImageObject\",\"inLanguage\":\"de\",\"@id\":\"https:\\\/\\\/calerodiving.com\\\/#\\\/schema\\\/logo\\\/image\\\/\",\"url\":\"https:\\\/\\\/calerodiving.com\\\/wp-content\\\/uploads\\\/2025\\\/05\\\/Grupo.png\",\"contentUrl\":\"https:\\\/\\\/calerodiving.com\\\/wp-content\\\/uploads\\\/2025\\\/05\\\/Grupo.png\",\"width\":499,\"height\":590,\"caption\":\"Calero Diving Lanzarote\"},\"image\":{\"@id\":\"https:\\\/\\\/calerodiving.com\\\/#\\\/schema\\\/logo\\\/image\\\/\"},\"sameAs\":[\"https:\\\/\\\/www.facebook.com\\\/calerodiving\\\/\",\"https:\\\/\\\/www.instagram.com\\\/calerodiving\\\/\"]}]}<\/script>\n<!-- \/ Yoast SEO plugin. -->","yoast_head_json":{"title":"Tag in Punta Ti\u00f1osa | Calero Diving Lanzarote","robots":{"index":"index","follow":"follow","max-snippet":"max-snippet:-1","max-image-preview":"max-image-preview:large","max-video-preview":"max-video-preview:-1"},"canonical":"https:\/\/calerodiving.com\/day-at-punta-tinosa\/","og_locale":"de_DE","og_type":"article","og_title":"Tag in Punta Ti\u00f1osa | Calero Diving Lanzarote","og_description":"Probieren Sie das Tauchen aus Tag in Punta Ti\u00f1osa (Einsteigertaucher). Ganzt\u00e4giges Anf\u00e4ngererlebnis. Kurs\u00fcbersicht: Dieses SSI Basic Diver Programm bietet dir ein umfassendes Taucherlebnis, das weit \u00fcber einen einfachen Schnuppertauchgang hinausgeht. Du beginnst mit einer Einf\u00fchrung ins Tauchen, lernst die Grundlagen und \u00fcbst alles in einem ruhigen Ufertauchgang, um Sicherheit unter Wasser zu gewinnen. Nach einer [&hellip;]","og_url":"https:\/\/calerodiving.com\/day-at-punta-tinosa\/","og_site_name":"Calero Diving Lanzarote","article_publisher":"https:\/\/www.facebook.com\/calerodiving\/","article_modified_time":"2026-04-20T12:19:12+00:00","og_image":[{"width":1080,"height":720,"url":"https:\/\/calerodiving.com\/wp-content\/uploads\/2025\/01\/Try-Scuba-Diving-en-Punta-Tinosa-Lanzarote-Calero-Diving.webp","type":"image\/webp"}],"twitter_card":"summary_large_image","twitter_misc":{"Gesch\u00e4tzte Lesezeit":"2\u00a0Minuten"},"schema":{"@context":"https:\/\/schema.org","@graph":[{"@type":"WebPage","@id":"https:\/\/calerodiving.com\/day-at-punta-tinosa\/","url":"https:\/\/calerodiving.com\/day-at-punta-tinosa\/","name":"Tag in Punta Ti\u00f1osa | Calero Diving Lanzarote","isPartOf":{"@id":"https:\/\/calerodiving.com\/#website"},"primaryImageOfPage":{"@id":"https:\/\/calerodiving.com\/day-at-punta-tinosa\/#primaryimage"},"image":{"@id":"https:\/\/calerodiving.com\/day-at-punta-tinosa\/#primaryimage"},"thumbnailUrl":"https:\/\/calerodiving.com\/wp-content\/uploads\/2025\/01\/Try-Scuba-Diving-en-Punta-Tinosa-Lanzarote-Calero-Diving-1030x687.webp","datePublished":"2025-09-01T12:29:14+00:00","dateModified":"2026-04-20T12:19:12+00:00","breadcrumb":{"@id":"https:\/\/calerodiving.com\/day-at-punta-tinosa\/#breadcrumb"},"inLanguage":"de","potentialAction":[{"@type":"ReadAction","target":["https:\/\/calerodiving.com\/day-at-punta-tinosa\/"]}]},{"@type":"ImageObject","inLanguage":"de","@id":"https:\/\/calerodiving.com\/day-at-punta-tinosa\/#primaryimage","url":"https:\/\/calerodiving.com\/wp-content\/uploads\/2025\/01\/Try-Scuba-Diving-en-Punta-Tinosa-Lanzarote-Calero-Diving-1030x687.webp","contentUrl":"https:\/\/calerodiving.com\/wp-content\/uploads\/2025\/01\/Try-Scuba-Diving-en-Punta-Tinosa-Lanzarote-Calero-Diving-1030x687.webp"},{"@type":"BreadcrumbList","@id":"https:\/\/calerodiving.com\/day-at-punta-tinosa\/#breadcrumb","itemListElement":[{"@type":"ListItem","position":1,"name":"Home","item":"https:\/\/calerodiving.com\/es\/"},{"@type":"ListItem","position":2,"name":"Tag in Punta Ti\u00f1osa"}]},{"@type":"WebSite","@id":"https:\/\/calerodiving.com\/#website","url":"https:\/\/calerodiving.com\/","name":"Calero Diving Lanzarote","description":"Dive Center - Marina Puerto Calero Lanzarote","publisher":{"@id":"https:\/\/calerodiving.com\/#organization"},"alternateName":"Calero Diving","potentialAction":[{"@type":"SearchAction","target":{"@type":"EntryPoint","urlTemplate":"https:\/\/calerodiving.com\/?s={search_term_string}"},"query-input":{"@type":"PropertyValueSpecification","valueRequired":true,"valueName":"search_term_string"}}],"inLanguage":"de"},{"@type":"Organization","@id":"https:\/\/calerodiving.com\/#organization","name":"Calero Diving Lanzarote","alternateName":"Calero Diving","url":"https:\/\/calerodiving.com\/","logo":{"@type":"ImageObject","inLanguage":"de","@id":"https:\/\/calerodiving.com\/#\/schema\/logo\/image\/","url":"https:\/\/calerodiving.com\/wp-content\/uploads\/2025\/05\/Grupo.png","contentUrl":"https:\/\/calerodiving.com\/wp-content\/uploads\/2025\/05\/Grupo.png","width":499,"height":590,"caption":"Calero Diving Lanzarote"},"image":{"@id":"https:\/\/calerodiving.com\/#\/schema\/logo\/image\/"},"sameAs":["https:\/\/www.facebook.com\/calerodiving\/","https:\/\/www.instagram.com\/calerodiving\/"]}]}},"_links":{"self":[{"href":"https:\/\/calerodiving.com\/de\/wp-json\/wp\/v2\/pages\/24913","targetHints":{"allow":["GET"]}}],"collection":[{"href":"https:\/\/calerodiving.com\/de\/wp-json\/wp\/v2\/pages"}],"about":[{"href":"https:\/\/calerodiving.com\/de\/wp-json\/wp\/v2\/types\/page"}],"author":[{"embeddable":true,"href":"https:\/\/calerodiving.com\/de\/wp-json\/wp\/v2\/users\/10"}],"replies":[{"embeddable":true,"href":"https:\/\/calerodiving.com\/de\/wp-json\/wp\/v2\/comments?post=24913"}],"version-history":[{"count":13,"href":"https:\/\/calerodiving.com\/de\/wp-json\/wp\/v2\/pages\/24913\/revisions"}],"predecessor-version":[{"id":28347,"href":"https:\/\/calerodiving.com\/de\/wp-json\/wp\/v2\/pages\/24913\/revisions\/28347"}],"wp:attachment":[{"href":"https:\/\/calerodiving.com\/de\/wp-json\/wp\/v2\/media?parent=24913"}],"curies":[{"name":"wp","href":"https:\/\/api.w.org\/{rel}","templated":true}]}}