{"id":24904,"date":"2025-09-01T13:29:12","date_gmt":"2025-09-01T12:29:12","guid":{"rendered":"https:\/\/calerodiving.com\/unabhaengiges-tauchen\/"},"modified":"2026-04-23T13:05:04","modified_gmt":"2026-04-23T12:05:04","slug":"unabhaengiges-tauchen","status":"publish","type":"page","link":"https:\/\/calerodiving.com\/de\/unabhaengiges-tauchen\/","title":{"rendered":"Unabh\u00e4ngiges Tauchen"},"content":{"rendered":"\t\t<div data-elementor-type=\"wp-page\" data-elementor-id=\"24904\" class=\"elementor elementor-24904 elementor-20577\" data-elementor-post-type=\"page\">\n\t\t\t\t<div class=\"elementor-element elementor-element-9ed4749 e-flex e-con-boxed e-con e-parent\" data-id=\"9ed4749\" data-element_type=\"container\" data-e-type=\"container\">\n\t\t\t\t\t<div class=\"e-con-inner\">\n\t\t<div class=\"elementor-element elementor-element-98cdae3 e-con-full e-flex e-con e-child\" data-id=\"98cdae3\" data-element_type=\"container\" data-e-type=\"container\">\n\t\t\t\t<div class=\"elementor-element elementor-element-551634a elementor-widget elementor-widget-image\" data-id=\"551634a\" data-element_type=\"widget\" data-e-type=\"widget\" data-widget_type=\"image.default\">\n\t\t\t\t<div class=\"elementor-widget-container\">\n\t\t\t\t\t\t\t\t\t\t\t\t\t\t\t<img fetchpriority=\"high\" decoding=\"async\" width=\"350\" height=\"222\" src=\"https:\/\/calerodiving.com\/wp-content\/uploads\/2017\/10\/independent-diving.jpg\" class=\"attachment-large size-large wp-image-1930\" alt=\"\" srcset=\"https:\/\/calerodiving.com\/wp-content\/uploads\/2017\/10\/independent-diving.jpg 350w, https:\/\/calerodiving.com\/wp-content\/uploads\/2017\/10\/independent-diving-300x190.jpg 300w\" sizes=\"(max-width: 350px) 100vw, 350px\" \/>\t\t\t\t\t\t\t\t\t\t\t\t\t\t\t<\/div>\n\t\t\t\t<\/div>\n\t\t\t\t<\/div>\n\t\t<div class=\"elementor-element elementor-element-c56c541 e-con-full e-flex e-con e-child\" data-id=\"c56c541\" data-element_type=\"container\" data-e-type=\"container\">\n\t\t<div class=\"elementor-element elementor-element-407a49a e-con-full e-flex e-con e-child\" data-id=\"407a49a\" data-element_type=\"container\" data-e-type=\"container\">\n\t\t\t\t<div class=\"elementor-element elementor-element-a318cff elementor-widget elementor-widget-html\" data-id=\"a318cff\" data-element_type=\"widget\" data-e-type=\"widget\" data-widget_type=\"html.default\">\n\t\t\t\t<div class=\"elementor-widget-container\">\n\t\t\t\t\t<a href=\"https:\/\/calerodiving.com\/de\/sporttauchkurse\/#specialties\" class=\"tag-button\">Spezialit\u00e4ten<\/a>\n\t\t\t\t<\/div>\n\t\t\t\t<\/div>\n\t\t\t\t<div class=\"elementor-element elementor-element-1e3af65 elementor-widget elementor-widget-heading\" data-id=\"1e3af65\" data-element_type=\"widget\" data-e-type=\"widget\" data-widget_type=\"heading.default\">\n\t\t\t\t<div class=\"elementor-widget-container\">\n\t\t\t\t\t<h2 class=\"elementor-heading-title elementor-size-default\">Unabh\u00e4ngiges Tauchen<\/h2>\t\t\t\t<\/div>\n\t\t\t\t<\/div>\n\t\t\t\t<\/div>\n\t\t\t\t<\/div>\n\t\t\t\t\t<\/div>\n\t\t\t\t<\/div>\n\t\t<div class=\"elementor-element elementor-element-dbcf3d3 e-flex e-con-boxed e-con e-parent\" data-id=\"dbcf3d3\" data-element_type=\"container\" data-e-type=\"container\">\n\t\t\t\t\t<div class=\"e-con-inner\">\n\t\t<div class=\"elementor-element elementor-element-ba5b107 e-con-full e-flex e-con e-child\" data-id=\"ba5b107\" data-element_type=\"container\" data-e-type=\"container\">\n\t\t<div class=\"elementor-element elementor-element-4551504 e-con-full e-flex e-con e-child\" data-id=\"4551504\" data-element_type=\"container\" data-e-type=\"container\">\n\t\t\t\t<div class=\"elementor-element elementor-element-7e842f0 elementor-widget elementor-widget-heading\" data-id=\"7e842f0\" data-element_type=\"widget\" data-e-type=\"widget\" data-widget_type=\"heading.default\">\n\t\t\t\t<div class=\"elementor-widget-container\">\n\t\t\t\t\t<h2 class=\"elementor-heading-title elementor-size-default\">Ich m\u00f6chte allein sein!<\/h2>\t\t\t\t<\/div>\n\t\t\t\t<\/div>\n\t\t\t\t<div class=\"elementor-element elementor-element-c3d915f elementor-widget elementor-widget-text-editor\" data-id=\"c3d915f\" data-element_type=\"widget\" data-e-type=\"widget\" data-widget_type=\"text-editor.default\">\n\t\t\t\t<div class=\"elementor-widget-container\">\n\t\t\t\t\t\t\t\t\t<div class=\"section-list\">\n<h3>Independent Diving<\/h3>\n<p>Entwickle die F\u00e4higkeiten, Planung und Eigenst\u00e4ndigkeit, um unabh\u00e4ngiger und verantwortungsvoller zu tauchen.&nbsp;<span style=\"font-family: -apple-system, BlinkMacSystemFont, &quot;SF Pro Display&quot;, &quot;Helvetica Neue&quot;, sans-serif;\">Die SSI Independent Diving Specialty richtet sich an erfahrene Taucher, die ihre Eigenst\u00e4ndigkeit unter Wasser erh\u00f6hen und mit einem h\u00f6heren Ma\u00df an Vorbereitung, Aufmerksamkeit und Sicherheit tauchen m\u00f6chten.<\/span><\/p><p><span style=\"font-family: -apple-system, BlinkMacSystemFont, &quot;SF Pro Display&quot;, &quot;Helvetica Neue&quot;, sans-serif;\">Es geht dabei nicht darum, einfach nur allein zu tauchen. Es geht darum, Tauchg\u00e4nge unabh\u00e4ngiger zu planen und durchzuf\u00fchren \u2013 mit der richtigen Ausr\u00fcstung, den passenden Verfahren und der richtigen Denkweise.<\/span><\/p>\n<h3>Werde ein selbstst\u00e4ndigerer Taucher<\/h3>\n<p><span style=\"font-family: -apple-system, BlinkMacSystemFont, 'SF Pro Display', 'Helvetica Neue', sans-serif;\">Independent Diving hilft dir dabei, vorausschauender zu denken, dich besser vorzubereiten und w\u00e4hrend eines Tauchgangs weniger von anderen abh\u00e4ngig zu sein<\/span><\/p><p><span style=\"font-family: -apple-system, BlinkMacSystemFont, &quot;SF Pro Display&quot;, &quot;Helvetica Neue&quot;, sans-serif;\">Diese Specialty ist besonders interessant f\u00fcr Unterwasserfotografen, erfahrene Sporttaucher und alle, die mehr Eigenst\u00e4ndigkeit unter Wasser entwickeln m\u00f6chten.<\/span><\/p>\n<h3>Was wirst du lernen?<\/h3>\n<ul>\n<li>Fortgeschrittene Tauchgangsplanung<\/li>\n<li>Gasmanagement und Redundanz<\/li>\n<li>Ausr\u00fcstungskonfiguration<\/li>\n<li>Eigenst\u00e4ndigkeit und Situationsbewusstsein<\/li>\n<li>Risikomanagement und Entscheidungsfindung<\/li>\n<li>Notfallverfahren und Selbstrettungskonzepte<\/li>\n<\/ul>\n<h3>F\u00fcr wen ist dieser Kurs geeignet?<\/h3>\n<ul>\n<li>Erfahrene Taucher, die unabh\u00e4ngiger werden m\u00f6chten<\/li>\n<li>Unterwasserfotografen und Taucher, die zeitweise getrennt sein k\u00f6nnen<\/li>\n<li>Taucher, die ihre Planung und Backup-Verfahren verbessern m\u00f6chten<\/li>\n<li>Taucher, die mehr Sicherheit und Selbstvertrauen gewinnen wollen<\/li>\n<\/ul>\n<h3>Kursinformationen<\/h3>\n<ul>\n<li>Dauer: 2 Tage<\/li>\n<li>Inklusive: 3 Ausbildungstauchg\u00e4nge, Ponyflaschen-Verleih und SSI Independent Diving Zertifizierung<\/li>\n<li>Voraussetzungen: Mindestalter von 18 Jahren, SSI Stress &amp; Rescue, Deep Diving, Navigation und Night &amp; Limited Visibility Zertifizierungen (oder gleichwertige Erfahrung)<\/li>\n<li>Nicht inklusive: Tauchversicherung und Standard-Leihausr\u00fcstung<\/li>\n<li>Preis: ab 300 \u20ac<\/li>\n<\/ul>\n<\/div>\t\t\t\t\t\t\t\t<\/div>\n\t\t\t\t<\/div>\n\t\t\t\t<\/div>\n\t\t\t\t<\/div>\n\t\t<div class=\"elementor-element elementor-element-8eeffa6 e-con-full e-flex e-con e-child\" data-id=\"8eeffa6\" data-element_type=\"container\" data-e-type=\"container\">\n\t\t<div class=\"elementor-element elementor-element-2a1b54c e-con-full course-sidebar-box e-flex e-con e-child\" data-id=\"2a1b54c\" data-element_type=\"container\" data-e-type=\"container\" data-settings=\"{&quot;sticky&quot;:&quot;top&quot;,&quot;sticky_offset&quot;:110,&quot;sticky_effects_offset&quot;:130,&quot;sticky_parent&quot;:&quot;yes&quot;,&quot;sticky_on&quot;:[&quot;desktop&quot;,&quot;tablet&quot;,&quot;mobile&quot;],&quot;sticky_anchor_link_offset&quot;:0}\">\n\t\t\t\t<div class=\"elementor-element elementor-element-b4f9f95 elementor-widget elementor-widget-text-editor\" data-id=\"b4f9f95\" data-element_type=\"widget\" data-e-type=\"widget\" data-widget_type=\"text-editor.default\">\n\t\t\t\t<div class=\"elementor-widget-container\">\n\t\t\t\t\t\t\t\t\t<div class=\"courses-info\"><h6 class=\"no-margin\">Dauer:<\/h6><p class=\"no-margin\">2-t\u00e4giger Kurs<\/p><\/div><div class=\"courses-info\"><h6 class=\"no-margin\">Preis:<\/h6><p class=\"no-margin\">Ab 300 \u20ac<\/p><\/div>\t\t\t\t\t\t\t\t<\/div>\n\t\t\t\t<\/div>\n\t\t\t\t<div class=\"elementor-element elementor-element-9accc3f elementor-mobile-align-center elementor-widget elementor-widget-button\" data-id=\"9accc3f\" data-element_type=\"widget\" data-e-type=\"widget\" data-widget_type=\"button.default\">\n\t\t\t\t<div class=\"elementor-widget-container\">\n\t\t\t\t\t\t\t\t\t<div class=\"elementor-button-wrapper\">\n\t\t\t\t\t<a class=\"elementor-button elementor-button-link elementor-size-sm\" href=\"https:\/\/booking.calerodiving.com\/front\/6213b2319a1bbf005fa0b870\/product\/62223a234db01a005f511a68?lang=de\" target=\"_blank\">\n\t\t\t\t\t\t<span class=\"elementor-button-content-wrapper\">\n\t\t\t\t\t\t\t\t\t<span class=\"elementor-button-text\">Kurs kaufen<\/span>\n\t\t\t\t\t<\/span>\n\t\t\t\t\t<\/a>\n\t\t\t\t<\/div>\n\t\t\t\t\t\t\t\t<\/div>\n\t\t\t\t<\/div>\n\t\t\t\t<\/div>\n\t\t\t\t<\/div>\n\t\t\t\t\t<\/div>\n\t\t\t\t<\/div>\n\t\t\t\t<\/div>\n\t\t","protected":false},"excerpt":{"rendered":"<p>Spezialit\u00e4ten Unabh\u00e4ngiges Tauchen Ich m\u00f6chte allein sein! Independent Diving Entwickle die F\u00e4higkeiten, Planung und Eigenst\u00e4ndigkeit, um unabh\u00e4ngiger und verantwortungsvoller zu tauchen.&nbsp;Die SSI Independent Diving Specialty richtet sich an erfahrene Taucher, die ihre Eigenst\u00e4ndigkeit unter Wasser erh\u00f6hen und mit einem h\u00f6heren Ma\u00df an Vorbereitung, Aufmerksamkeit und Sicherheit tauchen m\u00f6chten. Es geht dabei nicht darum, einfach nur [&hellip;]<\/p>\n","protected":false},"author":10,"featured_media":0,"parent":0,"menu_order":0,"comment_status":"closed","ping_status":"closed","template":"","meta":{"_acf_changed":false,"footnotes":""},"class_list":["post-24904","page","type-page","status-publish","hentry"],"acf":[],"yoast_head":"<!-- This site is optimized with the Yoast SEO plugin v27.5 - https:\/\/yoast.com\/product\/yoast-seo-wordpress\/ -->\n<title>Unabh\u00e4ngiges Tauchen | Calero Diving Lanzarote<\/title>\n<meta name=\"robots\" content=\"index, follow, max-snippet:-1, max-image-preview:large, max-video-preview:-1\" \/>\n<link rel=\"canonical\" href=\"https:\/\/calerodiving.com\/independent-diving\/\" \/>\n<meta property=\"og:locale\" content=\"de_DE\" \/>\n<meta property=\"og:type\" content=\"article\" \/>\n<meta property=\"og:title\" content=\"Unabh\u00e4ngiges Tauchen | Calero Diving Lanzarote\" \/>\n<meta property=\"og:description\" content=\"Spezialit\u00e4ten Unabh\u00e4ngiges Tauchen Ich m\u00f6chte allein sein! Independent Diving Entwickle die F\u00e4higkeiten, Planung und Eigenst\u00e4ndigkeit, um unabh\u00e4ngiger und verantwortungsvoller zu tauchen.&nbsp;Die SSI Independent Diving Specialty richtet sich an erfahrene Taucher, die ihre Eigenst\u00e4ndigkeit unter Wasser erh\u00f6hen und mit einem h\u00f6heren Ma\u00df an Vorbereitung, Aufmerksamkeit und Sicherheit tauchen m\u00f6chten. Es geht dabei nicht darum, einfach nur [&hellip;]\" \/>\n<meta property=\"og:url\" content=\"https:\/\/calerodiving.com\/independent-diving\/\" \/>\n<meta property=\"og:site_name\" content=\"Calero Diving Lanzarote\" \/>\n<meta property=\"article:publisher\" content=\"https:\/\/www.facebook.com\/calerodiving\/\" \/>\n<meta property=\"article:modified_time\" content=\"2026-04-23T12:05:04+00:00\" \/>\n<meta property=\"og:image\" content=\"https:\/\/calerodiving.com\/wp-content\/uploads\/2017\/10\/independent-diving.jpg\" \/>\n\t<meta property=\"og:image:width\" content=\"350\" \/>\n\t<meta property=\"og:image:height\" content=\"222\" \/>\n\t<meta property=\"og:image:type\" content=\"image\/jpeg\" \/>\n<meta name=\"twitter:card\" content=\"summary_large_image\" \/>\n<meta name=\"twitter:label1\" content=\"Gesch\u00e4tzte Lesezeit\" \/>\n\t<meta name=\"twitter:data1\" content=\"2\u00a0Minuten\" \/>\n<script type=\"application\/ld+json\" class=\"yoast-schema-graph\">{\"@context\":\"https:\\\/\\\/schema.org\",\"@graph\":[{\"@type\":\"WebPage\",\"@id\":\"https:\\\/\\\/calerodiving.com\\\/independent-diving\\\/\",\"url\":\"https:\\\/\\\/calerodiving.com\\\/independent-diving\\\/\",\"name\":\"Unabh\u00e4ngiges Tauchen | Calero Diving Lanzarote\",\"isPartOf\":{\"@id\":\"https:\\\/\\\/calerodiving.com\\\/#website\"},\"primaryImageOfPage\":{\"@id\":\"https:\\\/\\\/calerodiving.com\\\/independent-diving\\\/#primaryimage\"},\"image\":{\"@id\":\"https:\\\/\\\/calerodiving.com\\\/independent-diving\\\/#primaryimage\"},\"thumbnailUrl\":\"https:\\\/\\\/calerodiving.com\\\/wp-content\\\/uploads\\\/2017\\\/10\\\/independent-diving.jpg\",\"datePublished\":\"2025-09-01T12:29:12+00:00\",\"dateModified\":\"2026-04-23T12:05:04+00:00\",\"breadcrumb\":{\"@id\":\"https:\\\/\\\/calerodiving.com\\\/independent-diving\\\/#breadcrumb\"},\"inLanguage\":\"de\",\"potentialAction\":[{\"@type\":\"ReadAction\",\"target\":[\"https:\\\/\\\/calerodiving.com\\\/independent-diving\\\/\"]}]},{\"@type\":\"ImageObject\",\"inLanguage\":\"de\",\"@id\":\"https:\\\/\\\/calerodiving.com\\\/independent-diving\\\/#primaryimage\",\"url\":\"https:\\\/\\\/calerodiving.com\\\/wp-content\\\/uploads\\\/2017\\\/10\\\/independent-diving.jpg\",\"contentUrl\":\"https:\\\/\\\/calerodiving.com\\\/wp-content\\\/uploads\\\/2017\\\/10\\\/independent-diving.jpg\"},{\"@type\":\"BreadcrumbList\",\"@id\":\"https:\\\/\\\/calerodiving.com\\\/independent-diving\\\/#breadcrumb\",\"itemListElement\":[{\"@type\":\"ListItem\",\"position\":1,\"name\":\"Home\",\"item\":\"https:\\\/\\\/calerodiving.com\\\/es\\\/\"},{\"@type\":\"ListItem\",\"position\":2,\"name\":\"Unabh\u00e4ngiges Tauchen\"}]},{\"@type\":\"WebSite\",\"@id\":\"https:\\\/\\\/calerodiving.com\\\/#website\",\"url\":\"https:\\\/\\\/calerodiving.com\\\/\",\"name\":\"Calero Diving Lanzarote\",\"description\":\"Dive Center - Marina Puerto Calero Lanzarote\",\"publisher\":{\"@id\":\"https:\\\/\\\/calerodiving.com\\\/#organization\"},\"alternateName\":\"Calero Diving\",\"potentialAction\":[{\"@type\":\"SearchAction\",\"target\":{\"@type\":\"EntryPoint\",\"urlTemplate\":\"https:\\\/\\\/calerodiving.com\\\/?s={search_term_string}\"},\"query-input\":{\"@type\":\"PropertyValueSpecification\",\"valueRequired\":true,\"valueName\":\"search_term_string\"}}],\"inLanguage\":\"de\"},{\"@type\":\"Organization\",\"@id\":\"https:\\\/\\\/calerodiving.com\\\/#organization\",\"name\":\"Calero Diving Lanzarote\",\"alternateName\":\"Calero Diving\",\"url\":\"https:\\\/\\\/calerodiving.com\\\/\",\"logo\":{\"@type\":\"ImageObject\",\"inLanguage\":\"de\",\"@id\":\"https:\\\/\\\/calerodiving.com\\\/#\\\/schema\\\/logo\\\/image\\\/\",\"url\":\"https:\\\/\\\/calerodiving.com\\\/wp-content\\\/uploads\\\/2025\\\/05\\\/Grupo.png\",\"contentUrl\":\"https:\\\/\\\/calerodiving.com\\\/wp-content\\\/uploads\\\/2025\\\/05\\\/Grupo.png\",\"width\":499,\"height\":590,\"caption\":\"Calero Diving Lanzarote\"},\"image\":{\"@id\":\"https:\\\/\\\/calerodiving.com\\\/#\\\/schema\\\/logo\\\/image\\\/\"},\"sameAs\":[\"https:\\\/\\\/www.facebook.com\\\/calerodiving\\\/\",\"https:\\\/\\\/www.instagram.com\\\/calerodiving\\\/\"]}]}<\/script>\n<!-- \/ Yoast SEO plugin. -->","yoast_head_json":{"title":"Unabh\u00e4ngiges Tauchen | Calero Diving Lanzarote","robots":{"index":"index","follow":"follow","max-snippet":"max-snippet:-1","max-image-preview":"max-image-preview:large","max-video-preview":"max-video-preview:-1"},"canonical":"https:\/\/calerodiving.com\/independent-diving\/","og_locale":"de_DE","og_type":"article","og_title":"Unabh\u00e4ngiges Tauchen | Calero Diving Lanzarote","og_description":"Spezialit\u00e4ten Unabh\u00e4ngiges Tauchen Ich m\u00f6chte allein sein! Independent Diving Entwickle die F\u00e4higkeiten, Planung und Eigenst\u00e4ndigkeit, um unabh\u00e4ngiger und verantwortungsvoller zu tauchen.&nbsp;Die SSI Independent Diving Specialty richtet sich an erfahrene Taucher, die ihre Eigenst\u00e4ndigkeit unter Wasser erh\u00f6hen und mit einem h\u00f6heren Ma\u00df an Vorbereitung, Aufmerksamkeit und Sicherheit tauchen m\u00f6chten. Es geht dabei nicht darum, einfach nur [&hellip;]","og_url":"https:\/\/calerodiving.com\/independent-diving\/","og_site_name":"Calero Diving Lanzarote","article_publisher":"https:\/\/www.facebook.com\/calerodiving\/","article_modified_time":"2026-04-23T12:05:04+00:00","og_image":[{"width":350,"height":222,"url":"https:\/\/calerodiving.com\/wp-content\/uploads\/2017\/10\/independent-diving.jpg","type":"image\/jpeg"}],"twitter_card":"summary_large_image","twitter_misc":{"Gesch\u00e4tzte Lesezeit":"2\u00a0Minuten"},"schema":{"@context":"https:\/\/schema.org","@graph":[{"@type":"WebPage","@id":"https:\/\/calerodiving.com\/independent-diving\/","url":"https:\/\/calerodiving.com\/independent-diving\/","name":"Unabh\u00e4ngiges Tauchen | Calero Diving Lanzarote","isPartOf":{"@id":"https:\/\/calerodiving.com\/#website"},"primaryImageOfPage":{"@id":"https:\/\/calerodiving.com\/independent-diving\/#primaryimage"},"image":{"@id":"https:\/\/calerodiving.com\/independent-diving\/#primaryimage"},"thumbnailUrl":"https:\/\/calerodiving.com\/wp-content\/uploads\/2017\/10\/independent-diving.jpg","datePublished":"2025-09-01T12:29:12+00:00","dateModified":"2026-04-23T12:05:04+00:00","breadcrumb":{"@id":"https:\/\/calerodiving.com\/independent-diving\/#breadcrumb"},"inLanguage":"de","potentialAction":[{"@type":"ReadAction","target":["https:\/\/calerodiving.com\/independent-diving\/"]}]},{"@type":"ImageObject","inLanguage":"de","@id":"https:\/\/calerodiving.com\/independent-diving\/#primaryimage","url":"https:\/\/calerodiving.com\/wp-content\/uploads\/2017\/10\/independent-diving.jpg","contentUrl":"https:\/\/calerodiving.com\/wp-content\/uploads\/2017\/10\/independent-diving.jpg"},{"@type":"BreadcrumbList","@id":"https:\/\/calerodiving.com\/independent-diving\/#breadcrumb","itemListElement":[{"@type":"ListItem","position":1,"name":"Home","item":"https:\/\/calerodiving.com\/es\/"},{"@type":"ListItem","position":2,"name":"Unabh\u00e4ngiges Tauchen"}]},{"@type":"WebSite","@id":"https:\/\/calerodiving.com\/#website","url":"https:\/\/calerodiving.com\/","name":"Calero Diving Lanzarote","description":"Dive Center - Marina Puerto Calero Lanzarote","publisher":{"@id":"https:\/\/calerodiving.com\/#organization"},"alternateName":"Calero Diving","potentialAction":[{"@type":"SearchAction","target":{"@type":"EntryPoint","urlTemplate":"https:\/\/calerodiving.com\/?s={search_term_string}"},"query-input":{"@type":"PropertyValueSpecification","valueRequired":true,"valueName":"search_term_string"}}],"inLanguage":"de"},{"@type":"Organization","@id":"https:\/\/calerodiving.com\/#organization","name":"Calero Diving Lanzarote","alternateName":"Calero Diving","url":"https:\/\/calerodiving.com\/","logo":{"@type":"ImageObject","inLanguage":"de","@id":"https:\/\/calerodiving.com\/#\/schema\/logo\/image\/","url":"https:\/\/calerodiving.com\/wp-content\/uploads\/2025\/05\/Grupo.png","contentUrl":"https:\/\/calerodiving.com\/wp-content\/uploads\/2025\/05\/Grupo.png","width":499,"height":590,"caption":"Calero Diving Lanzarote"},"image":{"@id":"https:\/\/calerodiving.com\/#\/schema\/logo\/image\/"},"sameAs":["https:\/\/www.facebook.com\/calerodiving\/","https:\/\/www.instagram.com\/calerodiving\/"]}]}},"_links":{"self":[{"href":"https:\/\/calerodiving.com\/de\/wp-json\/wp\/v2\/pages\/24904","targetHints":{"allow":["GET"]}}],"collection":[{"href":"https:\/\/calerodiving.com\/de\/wp-json\/wp\/v2\/pages"}],"about":[{"href":"https:\/\/calerodiving.com\/de\/wp-json\/wp\/v2\/types\/page"}],"author":[{"embeddable":true,"href":"https:\/\/calerodiving.com\/de\/wp-json\/wp\/v2\/users\/10"}],"replies":[{"embeddable":true,"href":"https:\/\/calerodiving.com\/de\/wp-json\/wp\/v2\/comments?post=24904"}],"version-history":[{"count":7,"href":"https:\/\/calerodiving.com\/de\/wp-json\/wp\/v2\/pages\/24904\/revisions"}],"predecessor-version":[{"id":28915,"href":"https:\/\/calerodiving.com\/de\/wp-json\/wp\/v2\/pages\/24904\/revisions\/28915"}],"wp:attachment":[{"href":"https:\/\/calerodiving.com\/de\/wp-json\/wp\/v2\/media?parent=24904"}],"curies":[{"name":"wp","href":"https:\/\/api.w.org\/{rel}","templated":true}]}}