{"id":24883,"date":"2025-09-01T13:29:09","date_gmt":"2025-09-01T12:29:09","guid":{"rendered":"https:\/\/calerodiving.com\/probieren-sie-das-tauchen-aus\/"},"modified":"2025-09-16T09:29:53","modified_gmt":"2025-09-16T08:29:53","slug":"try-scuba-diving","status":"publish","type":"page","link":"https:\/\/calerodiving.com\/de\/try-scuba-diving\/","title":{"rendered":"Try Scuba Diving"},"content":{"rendered":"\t\t<div data-elementor-type=\"wp-page\" data-elementor-id=\"24883\" class=\"elementor elementor-24883 elementor-20282\" data-elementor-post-type=\"page\">\n\t\t\t\t<div class=\"elementor-element elementor-element-009eb9a e-flex e-con-boxed e-con e-parent\" data-id=\"009eb9a\" data-element_type=\"container\" data-e-type=\"container\">\n\t\t\t\t\t<div class=\"e-con-inner\">\n\t\t<div class=\"elementor-element elementor-element-64e2daa e-con-full e-flex e-con e-child\" data-id=\"64e2daa\" data-element_type=\"container\" data-e-type=\"container\">\n\t\t\t\t<div class=\"elementor-element elementor-element-1ebadaf elementor-widget elementor-widget-image\" data-id=\"1ebadaf\" data-element_type=\"widget\" data-e-type=\"widget\" data-widget_type=\"image.default\">\n\t\t\t\t<div class=\"elementor-widget-container\">\n\t\t\t\t\t\t\t\t\t\t\t\t\t\t\t<img fetchpriority=\"high\" decoding=\"async\" width=\"800\" height=\"534\" src=\"https:\/\/calerodiving.com\/wp-content\/uploads\/2025\/06\/Flamingo-1030x687.jpeg\" class=\"attachment-large size-large wp-image-19301\" alt=\"\" srcset=\"https:\/\/calerodiving.com\/wp-content\/uploads\/2025\/06\/Flamingo-1030x687.jpeg 1030w, https:\/\/calerodiving.com\/wp-content\/uploads\/2025\/06\/Flamingo-300x200.jpeg 300w, https:\/\/calerodiving.com\/wp-content\/uploads\/2025\/06\/Flamingo-768x512.jpeg 768w, https:\/\/calerodiving.com\/wp-content\/uploads\/2025\/06\/Flamingo-1536x1024.jpeg 1536w, https:\/\/calerodiving.com\/wp-content\/uploads\/2025\/06\/Flamingo.jpeg 1732w\" sizes=\"(max-width: 800px) 100vw, 800px\" \/>\t\t\t\t\t\t\t\t\t\t\t\t\t\t\t<\/div>\n\t\t\t\t<\/div>\n\t\t\t\t<\/div>\n\t\t<div class=\"elementor-element elementor-element-8ed3d5e e-con-full e-flex e-con e-child\" data-id=\"8ed3d5e\" data-element_type=\"container\" data-e-type=\"container\">\n\t\t<div class=\"elementor-element elementor-element-993bdc1 e-con-full e-flex e-con e-child\" data-id=\"993bdc1\" data-element_type=\"container\" data-e-type=\"container\">\n\t\t\t\t<div class=\"elementor-element elementor-element-3e1d005 elementor-widget elementor-widget-html\" data-id=\"3e1d005\" data-element_type=\"widget\" data-e-type=\"widget\" data-widget_type=\"html.default\">\n\t\t\t\t<div class=\"elementor-widget-container\">\n\t\t\t\t\t<a href=\"https:\/\/calerodiving.com\/de\/sporttauchkurse\/#baptisms\" class=\"tag-button\">Probieren Sie das Tauchen aus<\/a>\n\t\t\t\t<\/div>\n\t\t\t\t<\/div>\n\t\t\t\t<div class=\"elementor-element elementor-element-4cb381d elementor-widget elementor-widget-heading\" data-id=\"4cb381d\" data-element_type=\"widget\" data-e-type=\"widget\" data-widget_type=\"heading.default\">\n\t\t\t\t<div class=\"elementor-widget-container\">\n\t\t\t\t\t<h2 class=\"elementor-heading-title elementor-size-default\">Try Scuba Diving<\/h2>\t\t\t\t<\/div>\n\t\t\t\t<\/div>\n\t\t\t\t<\/div>\n\t\t\t\t<\/div>\n\t\t\t\t\t<\/div>\n\t\t\t\t<\/div>\n\t\t<div class=\"elementor-element elementor-element-19fa76e e-flex e-con-boxed e-con e-parent\" data-id=\"19fa76e\" data-element_type=\"container\" data-e-type=\"container\">\n\t\t\t\t\t<div class=\"e-con-inner\">\n\t\t<div class=\"elementor-element elementor-element-a8907d2 e-con-full e-flex e-con e-child\" data-id=\"a8907d2\" data-element_type=\"container\" data-e-type=\"container\">\n\t\t<div class=\"elementor-element elementor-element-0fd81f7 e-con-full e-flex e-con e-child\" data-id=\"0fd81f7\" data-element_type=\"container\" data-e-type=\"container\">\n\t\t\t\t<div class=\"elementor-element elementor-element-794723b elementor-widget elementor-widget-heading\" data-id=\"794723b\" data-element_type=\"widget\" data-e-type=\"widget\" data-widget_type=\"heading.default\">\n\t\t\t\t<div class=\"elementor-widget-container\">\n\t\t\t\t\t<h2 class=\"elementor-heading-title elementor-size-default\">Ihr erster Schritt in die Welt des Tauchens.\n<\/h2>\t\t\t\t<\/div>\n\t\t\t\t<\/div>\n\t\t\t\t<div class=\"elementor-element elementor-element-a6e459a elementor-widget elementor-widget-text-editor\" data-id=\"a6e459a\" data-element_type=\"widget\" data-e-type=\"widget\" data-widget_type=\"text-editor.default\">\n\t\t\t\t<div class=\"elementor-widget-container\">\n\t\t\t\t\t\t\t\t\t<div class=\"section-list\"><h3>Programm\u00fcbersicht:<\/h3><p>Der SSI Try Scuba ist Ihr erstes Taucherlebnis. Es wird Ihr erstes Mal unter Wasser sein, aber sicherlich nicht das letzte. <\/p><p>Wir machen Sie mit der Tauchausr\u00fcstung, den Grundregeln des Ger\u00e4tetauchens sowie bestimmten Protokollen und Handzeichen vertraut. Nach der Einf\u00fchrung machen Sie einen Tauchgang in sehr flachem Wasser. Sie lernen, sich unter ruhigen, einfachen Bedingungen zu bewegen und Ihre Ausr\u00fcstung zu benutzen.  <\/p><p>Sobald wir uns akklimatisiert haben, werden wir mit dem Tauchen in etwas tiefere Gew\u00e4sser fortfahren, jedoch nicht zu tief. Die Buchten in der Umgebung sind leicht zug\u00e4nglich und voller Leben; von Schw\u00e4rmen von Rifffischen und Barrakudas bis hin zu Engelhaien, Rochen und Nacktkiemern. <\/p><h3>Dauer:<\/h3><ul><li>2 Stunden<\/li><\/ul><h3>Beinhaltet:<\/h3><ul><li style=\"list-style-type: none;\"><ul><li>Ausr\u00fcstungsverleih<\/li><li>Digitale Materialien<\/li><li>Tauchversicherung<\/li><li>SSI Try Scuba-Anerkennung<\/li><\/ul><\/li><\/ul><p><\/p><h3>Anforderungen:<\/h3><ul><li>Grundlegende Schwimmkenntnisse<\/li><li>Mindestens 8 Jahre alt<\/li><\/ul><h3>Nicht enthalten:<\/h3><ul><li>Unterwasserfotos (Kameraverleih ist auf Anfrage m\u00f6glich)<\/li><\/ul><h3>Weitere Kurse, die Sie interessieren k\u00f6nnten:<\/h3><ul><li><a href=\"https:\/\/calerodiving.com\/de\/basic-diver\/\">Basic Diver<\/a><\/li><li><a href=\"https:\/\/calerodiving.com\/ssi-open-water-diver\/\">Open Water Diver<\/a><\/li><\/ul><\/div>\t\t\t\t\t\t\t\t<\/div>\n\t\t\t\t<\/div>\n\t\t\t\t<\/div>\n\t\t\t\t<\/div>\n\t\t<div class=\"elementor-element elementor-element-b30fb1a e-con-full e-flex e-con e-child\" data-id=\"b30fb1a\" data-element_type=\"container\" data-e-type=\"container\">\n\t\t<div class=\"elementor-element elementor-element-b6364ee e-con-full course-sidebar-box e-flex e-con e-child\" data-id=\"b6364ee\" data-element_type=\"container\" data-e-type=\"container\" data-settings=\"{&quot;sticky&quot;:&quot;top&quot;,&quot;sticky_offset&quot;:110,&quot;sticky_effects_offset&quot;:130,&quot;sticky_parent&quot;:&quot;yes&quot;,&quot;sticky_on&quot;:[&quot;desktop&quot;,&quot;tablet&quot;,&quot;mobile&quot;],&quot;sticky_anchor_link_offset&quot;:0}\">\n\t\t\t\t<div class=\"elementor-element elementor-element-d578bfa elementor-widget elementor-widget-text-editor\" data-id=\"d578bfa\" data-element_type=\"widget\" data-e-type=\"widget\" data-widget_type=\"text-editor.default\">\n\t\t\t\t<div class=\"elementor-widget-container\">\n\t\t\t\t\t\t\t\t\t<div class=\"courses-info\"><h6 class=\"no-margin\">Dauer:<\/h6><p class=\"no-margin\">2 Stunden Kurs<\/p><\/div><div class=\"courses-info\"><h6 class=\"no-margin\">Preis:<\/h6><p class=\"no-margin\">Ab 95 \u20ac<\/p><\/div>\t\t\t\t\t\t\t\t<\/div>\n\t\t\t\t<\/div>\n\t\t\t\t<div class=\"elementor-element elementor-element-7038662 elementor-mobile-align-center elementor-widget elementor-widget-button\" data-id=\"7038662\" data-element_type=\"widget\" data-e-type=\"widget\" data-widget_type=\"button.default\">\n\t\t\t\t<div class=\"elementor-widget-container\">\n\t\t\t\t\t\t\t\t\t<div class=\"elementor-button-wrapper\">\n\t\t\t\t\t<a class=\"elementor-button elementor-button-link elementor-size-sm\" href=\"https:\/\/booking.calerodiving.com\/front\/6213b2319a1bbf005fa0b870\/product\/621912b69a1bbf005fa0c479?lang=dehttps:\/\/booking.calerodiving.com\/front\/6213b2319a1bbf005fa0b870\/product\/621912b69a1bbf005fa0c479?lang=de\" target=\"_blank\">\n\t\t\t\t\t\t<span class=\"elementor-button-content-wrapper\">\n\t\t\t\t\t\t\t\t\t<span class=\"elementor-button-text\">Kurs kaufen<\/span>\n\t\t\t\t\t<\/span>\n\t\t\t\t\t<\/a>\n\t\t\t\t<\/div>\n\t\t\t\t\t\t\t\t<\/div>\n\t\t\t\t<\/div>\n\t\t\t\t<\/div>\n\t\t\t\t<\/div>\n\t\t\t\t\t<\/div>\n\t\t\t\t<\/div>\n\t\t\t\t<\/div>\n\t\t","protected":false},"excerpt":{"rendered":"<p>Probieren Sie das Tauchen aus Try Scuba Diving Ihr erster Schritt in die Welt des Tauchens. Programm\u00fcbersicht: Der SSI Try Scuba ist Ihr erstes Taucherlebnis. Es wird Ihr erstes Mal unter Wasser sein, aber sicherlich nicht das letzte. Wir machen Sie mit der Tauchausr\u00fcstung, den Grundregeln des Ger\u00e4tetauchens sowie bestimmten Protokollen und Handzeichen vertraut. Nach [&hellip;]<\/p>\n","protected":false},"author":10,"featured_media":0,"parent":0,"menu_order":0,"comment_status":"closed","ping_status":"closed","template":"","meta":{"_acf_changed":false,"footnotes":""},"class_list":["post-24883","page","type-page","status-publish","hentry"],"acf":[],"yoast_head":"<!-- This site is optimized with the Yoast SEO plugin v27.5 - https:\/\/yoast.com\/product\/yoast-seo-wordpress\/ -->\n<title>Try Scuba Diving | Calero Diving Lanzarote<\/title>\n<meta name=\"robots\" content=\"index, follow, max-snippet:-1, max-image-preview:large, max-video-preview:-1\" \/>\n<link rel=\"canonical\" href=\"https:\/\/calerodiving.com\/try-scuba-diving\/\" \/>\n<meta property=\"og:locale\" content=\"de_DE\" \/>\n<meta property=\"og:type\" content=\"article\" \/>\n<meta property=\"og:title\" content=\"Try Scuba Diving | Calero Diving Lanzarote\" \/>\n<meta property=\"og:description\" content=\"Probieren Sie das Tauchen aus Try Scuba Diving Ihr erster Schritt in die Welt des Tauchens. Programm\u00fcbersicht: Der SSI Try Scuba ist Ihr erstes Taucherlebnis. Es wird Ihr erstes Mal unter Wasser sein, aber sicherlich nicht das letzte. Wir machen Sie mit der Tauchausr\u00fcstung, den Grundregeln des Ger\u00e4tetauchens sowie bestimmten Protokollen und Handzeichen vertraut. Nach [&hellip;]\" \/>\n<meta property=\"og:url\" content=\"https:\/\/calerodiving.com\/try-scuba-diving\/\" \/>\n<meta property=\"og:site_name\" content=\"Calero Diving Lanzarote\" \/>\n<meta property=\"article:publisher\" content=\"https:\/\/www.facebook.com\/calerodiving\/\" \/>\n<meta property=\"article:modified_time\" content=\"2025-09-16T08:29:53+00:00\" \/>\n<meta property=\"og:image\" content=\"https:\/\/calerodiving.com\/wp-content\/uploads\/2025\/06\/Flamingo.jpeg\" \/>\n\t<meta property=\"og:image:width\" content=\"1732\" \/>\n\t<meta property=\"og:image:height\" content=\"1155\" \/>\n\t<meta property=\"og:image:type\" content=\"image\/jpeg\" \/>\n<meta name=\"twitter:card\" content=\"summary_large_image\" \/>\n<meta name=\"twitter:label1\" content=\"Gesch\u00e4tzte Lesezeit\" \/>\n\t<meta name=\"twitter:data1\" content=\"2\u00a0Minuten\" \/>\n<script type=\"application\/ld+json\" class=\"yoast-schema-graph\">{\"@context\":\"https:\\\/\\\/schema.org\",\"@graph\":[{\"@type\":\"WebPage\",\"@id\":\"https:\\\/\\\/calerodiving.com\\\/try-scuba-diving\\\/\",\"url\":\"https:\\\/\\\/calerodiving.com\\\/try-scuba-diving\\\/\",\"name\":\"Try Scuba Diving | Calero Diving Lanzarote\",\"isPartOf\":{\"@id\":\"https:\\\/\\\/calerodiving.com\\\/#website\"},\"primaryImageOfPage\":{\"@id\":\"https:\\\/\\\/calerodiving.com\\\/try-scuba-diving\\\/#primaryimage\"},\"image\":{\"@id\":\"https:\\\/\\\/calerodiving.com\\\/try-scuba-diving\\\/#primaryimage\"},\"thumbnailUrl\":\"https:\\\/\\\/calerodiving.com\\\/wp-content\\\/uploads\\\/2025\\\/06\\\/Flamingo-1030x687.jpeg\",\"datePublished\":\"2025-09-01T12:29:09+00:00\",\"dateModified\":\"2025-09-16T08:29:53+00:00\",\"breadcrumb\":{\"@id\":\"https:\\\/\\\/calerodiving.com\\\/try-scuba-diving\\\/#breadcrumb\"},\"inLanguage\":\"de\",\"potentialAction\":[{\"@type\":\"ReadAction\",\"target\":[\"https:\\\/\\\/calerodiving.com\\\/try-scuba-diving\\\/\"]}]},{\"@type\":\"ImageObject\",\"inLanguage\":\"de\",\"@id\":\"https:\\\/\\\/calerodiving.com\\\/try-scuba-diving\\\/#primaryimage\",\"url\":\"https:\\\/\\\/calerodiving.com\\\/wp-content\\\/uploads\\\/2025\\\/06\\\/Flamingo-1030x687.jpeg\",\"contentUrl\":\"https:\\\/\\\/calerodiving.com\\\/wp-content\\\/uploads\\\/2025\\\/06\\\/Flamingo-1030x687.jpeg\"},{\"@type\":\"BreadcrumbList\",\"@id\":\"https:\\\/\\\/calerodiving.com\\\/try-scuba-diving\\\/#breadcrumb\",\"itemListElement\":[{\"@type\":\"ListItem\",\"position\":1,\"name\":\"Home\",\"item\":\"https:\\\/\\\/calerodiving.com\\\/es\\\/\"},{\"@type\":\"ListItem\",\"position\":2,\"name\":\"Try Scuba Diving\"}]},{\"@type\":\"WebSite\",\"@id\":\"https:\\\/\\\/calerodiving.com\\\/#website\",\"url\":\"https:\\\/\\\/calerodiving.com\\\/\",\"name\":\"Calero Diving Lanzarote\",\"description\":\"Dive Center - Marina Puerto Calero Lanzarote\",\"publisher\":{\"@id\":\"https:\\\/\\\/calerodiving.com\\\/#organization\"},\"alternateName\":\"Calero Diving\",\"potentialAction\":[{\"@type\":\"SearchAction\",\"target\":{\"@type\":\"EntryPoint\",\"urlTemplate\":\"https:\\\/\\\/calerodiving.com\\\/?s={search_term_string}\"},\"query-input\":{\"@type\":\"PropertyValueSpecification\",\"valueRequired\":true,\"valueName\":\"search_term_string\"}}],\"inLanguage\":\"de\"},{\"@type\":\"Organization\",\"@id\":\"https:\\\/\\\/calerodiving.com\\\/#organization\",\"name\":\"Calero Diving Lanzarote\",\"alternateName\":\"Calero Diving\",\"url\":\"https:\\\/\\\/calerodiving.com\\\/\",\"logo\":{\"@type\":\"ImageObject\",\"inLanguage\":\"de\",\"@id\":\"https:\\\/\\\/calerodiving.com\\\/#\\\/schema\\\/logo\\\/image\\\/\",\"url\":\"https:\\\/\\\/calerodiving.com\\\/wp-content\\\/uploads\\\/2025\\\/05\\\/Grupo.png\",\"contentUrl\":\"https:\\\/\\\/calerodiving.com\\\/wp-content\\\/uploads\\\/2025\\\/05\\\/Grupo.png\",\"width\":499,\"height\":590,\"caption\":\"Calero Diving Lanzarote\"},\"image\":{\"@id\":\"https:\\\/\\\/calerodiving.com\\\/#\\\/schema\\\/logo\\\/image\\\/\"},\"sameAs\":[\"https:\\\/\\\/www.facebook.com\\\/calerodiving\\\/\",\"https:\\\/\\\/www.instagram.com\\\/calerodiving\\\/\"]}]}<\/script>\n<!-- \/ Yoast SEO plugin. -->","yoast_head_json":{"title":"Try Scuba Diving | Calero Diving Lanzarote","robots":{"index":"index","follow":"follow","max-snippet":"max-snippet:-1","max-image-preview":"max-image-preview:large","max-video-preview":"max-video-preview:-1"},"canonical":"https:\/\/calerodiving.com\/try-scuba-diving\/","og_locale":"de_DE","og_type":"article","og_title":"Try Scuba Diving | Calero Diving Lanzarote","og_description":"Probieren Sie das Tauchen aus Try Scuba Diving Ihr erster Schritt in die Welt des Tauchens. Programm\u00fcbersicht: Der SSI Try Scuba ist Ihr erstes Taucherlebnis. Es wird Ihr erstes Mal unter Wasser sein, aber sicherlich nicht das letzte. Wir machen Sie mit der Tauchausr\u00fcstung, den Grundregeln des Ger\u00e4tetauchens sowie bestimmten Protokollen und Handzeichen vertraut. Nach [&hellip;]","og_url":"https:\/\/calerodiving.com\/try-scuba-diving\/","og_site_name":"Calero Diving Lanzarote","article_publisher":"https:\/\/www.facebook.com\/calerodiving\/","article_modified_time":"2025-09-16T08:29:53+00:00","og_image":[{"width":1732,"height":1155,"url":"https:\/\/calerodiving.com\/wp-content\/uploads\/2025\/06\/Flamingo.jpeg","type":"image\/jpeg"}],"twitter_card":"summary_large_image","twitter_misc":{"Gesch\u00e4tzte Lesezeit":"2\u00a0Minuten"},"schema":{"@context":"https:\/\/schema.org","@graph":[{"@type":"WebPage","@id":"https:\/\/calerodiving.com\/try-scuba-diving\/","url":"https:\/\/calerodiving.com\/try-scuba-diving\/","name":"Try Scuba Diving | Calero Diving Lanzarote","isPartOf":{"@id":"https:\/\/calerodiving.com\/#website"},"primaryImageOfPage":{"@id":"https:\/\/calerodiving.com\/try-scuba-diving\/#primaryimage"},"image":{"@id":"https:\/\/calerodiving.com\/try-scuba-diving\/#primaryimage"},"thumbnailUrl":"https:\/\/calerodiving.com\/wp-content\/uploads\/2025\/06\/Flamingo-1030x687.jpeg","datePublished":"2025-09-01T12:29:09+00:00","dateModified":"2025-09-16T08:29:53+00:00","breadcrumb":{"@id":"https:\/\/calerodiving.com\/try-scuba-diving\/#breadcrumb"},"inLanguage":"de","potentialAction":[{"@type":"ReadAction","target":["https:\/\/calerodiving.com\/try-scuba-diving\/"]}]},{"@type":"ImageObject","inLanguage":"de","@id":"https:\/\/calerodiving.com\/try-scuba-diving\/#primaryimage","url":"https:\/\/calerodiving.com\/wp-content\/uploads\/2025\/06\/Flamingo-1030x687.jpeg","contentUrl":"https:\/\/calerodiving.com\/wp-content\/uploads\/2025\/06\/Flamingo-1030x687.jpeg"},{"@type":"BreadcrumbList","@id":"https:\/\/calerodiving.com\/try-scuba-diving\/#breadcrumb","itemListElement":[{"@type":"ListItem","position":1,"name":"Home","item":"https:\/\/calerodiving.com\/es\/"},{"@type":"ListItem","position":2,"name":"Try Scuba Diving"}]},{"@type":"WebSite","@id":"https:\/\/calerodiving.com\/#website","url":"https:\/\/calerodiving.com\/","name":"Calero Diving Lanzarote","description":"Dive Center - Marina Puerto Calero Lanzarote","publisher":{"@id":"https:\/\/calerodiving.com\/#organization"},"alternateName":"Calero Diving","potentialAction":[{"@type":"SearchAction","target":{"@type":"EntryPoint","urlTemplate":"https:\/\/calerodiving.com\/?s={search_term_string}"},"query-input":{"@type":"PropertyValueSpecification","valueRequired":true,"valueName":"search_term_string"}}],"inLanguage":"de"},{"@type":"Organization","@id":"https:\/\/calerodiving.com\/#organization","name":"Calero Diving Lanzarote","alternateName":"Calero Diving","url":"https:\/\/calerodiving.com\/","logo":{"@type":"ImageObject","inLanguage":"de","@id":"https:\/\/calerodiving.com\/#\/schema\/logo\/image\/","url":"https:\/\/calerodiving.com\/wp-content\/uploads\/2025\/05\/Grupo.png","contentUrl":"https:\/\/calerodiving.com\/wp-content\/uploads\/2025\/05\/Grupo.png","width":499,"height":590,"caption":"Calero Diving Lanzarote"},"image":{"@id":"https:\/\/calerodiving.com\/#\/schema\/logo\/image\/"},"sameAs":["https:\/\/www.facebook.com\/calerodiving\/","https:\/\/www.instagram.com\/calerodiving\/"]}]}},"_links":{"self":[{"href":"https:\/\/calerodiving.com\/de\/wp-json\/wp\/v2\/pages\/24883","targetHints":{"allow":["GET"]}}],"collection":[{"href":"https:\/\/calerodiving.com\/de\/wp-json\/wp\/v2\/pages"}],"about":[{"href":"https:\/\/calerodiving.com\/de\/wp-json\/wp\/v2\/types\/page"}],"author":[{"embeddable":true,"href":"https:\/\/calerodiving.com\/de\/wp-json\/wp\/v2\/users\/10"}],"replies":[{"embeddable":true,"href":"https:\/\/calerodiving.com\/de\/wp-json\/wp\/v2\/comments?post=24883"}],"version-history":[{"count":8,"href":"https:\/\/calerodiving.com\/de\/wp-json\/wp\/v2\/pages\/24883\/revisions"}],"predecessor-version":[{"id":26456,"href":"https:\/\/calerodiving.com\/de\/wp-json\/wp\/v2\/pages\/24883\/revisions\/26456"}],"wp:attachment":[{"href":"https:\/\/calerodiving.com\/de\/wp-json\/wp\/v2\/media?parent=24883"}],"curies":[{"name":"wp","href":"https:\/\/api.w.org\/{rel}","templated":true}]}}