{"id":24879,"date":"2025-09-01T13:29:08","date_gmt":"2025-09-01T12:29:08","guid":{"rendered":"https:\/\/calerodiving.com\/flamingo-wand\/"},"modified":"2026-04-20T14:11:08","modified_gmt":"2026-04-20T13:11:08","slug":"flamingo-wand","status":"publish","type":"page","link":"https:\/\/calerodiving.com\/de\/flamingo-wand\/","title":{"rendered":"Flamingo-Wand"},"content":{"rendered":"\t\t<div data-elementor-type=\"wp-page\" data-elementor-id=\"24879\" class=\"elementor elementor-24879 elementor-19890\" data-elementor-post-type=\"page\">\n\t\t\t\t<div class=\"elementor-element elementor-element-85fa39f e-flex e-con-boxed e-con e-parent\" data-id=\"85fa39f\" data-element_type=\"container\" data-e-type=\"container\">\n\t\t\t\t\t<div class=\"e-con-inner\">\n\t\t<div class=\"elementor-element elementor-element-fcf911c e-con-full e-flex e-con e-child\" data-id=\"fcf911c\" data-element_type=\"container\" data-e-type=\"container\">\n\t\t<div class=\"elementor-element elementor-element-83cb73f e-con-full e-flex e-con e-child\" data-id=\"83cb73f\" data-element_type=\"container\" data-e-type=\"container\">\n\t\t\t\t<div class=\"elementor-element elementor-element-edda392 elementor-widget elementor-widget-heading\" data-id=\"edda392\" data-element_type=\"widget\" data-e-type=\"widget\" data-widget_type=\"heading.default\">\n\t\t\t\t<div class=\"elementor-widget-container\">\n\t\t\t\t\t<h2 class=\"elementor-heading-title elementor-size-default\">Flamingo Wall<\/h2>\t\t\t\t<\/div>\n\t\t\t\t<\/div>\n\t\t\t\t<\/div>\n\t\t\t\t<\/div>\n\t\t\t\t\t<\/div>\n\t\t\t\t<\/div>\n\t\t<div class=\"elementor-element elementor-element-ba17c98 e-flex e-con-boxed e-con e-parent\" data-id=\"ba17c98\" data-element_type=\"container\" data-e-type=\"container\">\n\t\t\t\t\t<div class=\"e-con-inner\">\n\t\t<div class=\"elementor-element elementor-element-bf8ae92 e-con-full e-flex e-con e-child\" data-id=\"bf8ae92\" data-element_type=\"container\" data-e-type=\"container\">\n\t\t<div class=\"elementor-element elementor-element-fb90d5f e-con-full e-flex e-con e-child\" data-id=\"fb90d5f\" data-element_type=\"container\" data-e-type=\"container\">\n\t\t\t\t<div class=\"elementor-element elementor-element-bb87b06 elementor-widget elementor-widget-image\" data-id=\"bb87b06\" data-element_type=\"widget\" data-e-type=\"widget\" data-widget_type=\"image.default\">\n\t\t\t\t<div class=\"elementor-widget-container\">\n\t\t\t\t\t\t\t\t\t\t\t\t\t\t\t<img fetchpriority=\"high\" decoding=\"async\" width=\"1060\" height=\"595\" src=\"https:\/\/calerodiving.com\/wp-content\/uploads\/2017\/09\/flamingo-wall.jpg\" class=\"attachment-full size-full wp-image-453\" alt=\"\" srcset=\"https:\/\/calerodiving.com\/wp-content\/uploads\/2017\/09\/flamingo-wall.jpg 1060w, https:\/\/calerodiving.com\/wp-content\/uploads\/2017\/09\/flamingo-wall-300x168.jpg 300w, https:\/\/calerodiving.com\/wp-content\/uploads\/2017\/09\/flamingo-wall-768x431.jpg 768w, https:\/\/calerodiving.com\/wp-content\/uploads\/2017\/09\/flamingo-wall-1030x578.jpg 1030w, https:\/\/calerodiving.com\/wp-content\/uploads\/2017\/09\/flamingo-wall-705x396.jpg 705w, https:\/\/calerodiving.com\/wp-content\/uploads\/2017\/09\/flamingo-wall-450x253.jpg 450w\" sizes=\"(max-width: 1060px) 100vw, 1060px\" \/>\t\t\t\t\t\t\t\t\t\t\t\t\t\t\t<\/div>\n\t\t\t\t<\/div>\n\t\t\t\t<div class=\"elementor-element elementor-element-c3ab665 elementor-widget elementor-widget-text-editor\" data-id=\"c3ab665\" data-element_type=\"widget\" data-e-type=\"widget\" data-widget_type=\"text-editor.default\">\n\t\t\t\t<div class=\"elementor-widget-container\">\n\t\t\t\t\t\t\t\t\t<p data-start=\"1629\" data-end=\"1717\">Flamingo Wall ist einer der lebendigsten und artenreichsten Tauchpl\u00e4tze in Playa Blanca.<\/p><p data-start=\"1719\" data-end=\"1838\">Der Tauchplatz liegt direkt hinter der Mole am Flamingo Beach und beherbergt eine au\u00dfergew\u00f6hnliche Vielfalt an Fischen.<\/p><p data-start=\"1840\" data-end=\"1936\">Hier sieht man h\u00e4ufig dichte Fischschw\u00e4rme, die sich in mehreren Schichten \u00fcbereinander bewegen.<\/p><p data-start=\"1938\" data-end=\"2086\">Gro\u00dfe Schw\u00e4rme von Brassen sind hier fast immer zu sehen, ebenso Barrakudas \u2013 entweder in Gruppen von Jungfischen oder als einzelne gro\u00dfe Exemplare.<\/p><p data-start=\"2088\" data-end=\"2198\">An der Spitze der Nahrungskette sieht man hier h\u00e4ufig Thunfische und Stachelmakrelen, die auf Beutejagd gehen.<\/p><p data-start=\"2200\" data-end=\"2355\">Flamingo Wall geh\u00f6rt au\u00dferdem zu den besten Spots, um Engelhaie zu sehen, da Lanzarote einer der wenigen Orte ist, an denen diese Art noch h\u00e4ufig vorkommt.<\/p>\t\t\t\t\t\t\t\t<\/div>\n\t\t\t\t<\/div>\n\t\t\t\t<\/div>\n\t\t\t\t<\/div>\n\t\t<div class=\"elementor-element elementor-element-b1309cc e-con-full e-flex e-con e-child\" data-id=\"b1309cc\" data-element_type=\"container\" data-e-type=\"container\">\n\t\t<div class=\"elementor-element elementor-element-53eeb84 e-con-full course-sidebar-box e-flex e-con e-child\" data-id=\"53eeb84\" data-element_type=\"container\" data-e-type=\"container\" data-settings=\"{&quot;sticky&quot;:&quot;top&quot;,&quot;sticky_offset&quot;:110,&quot;sticky_effects_offset&quot;:130,&quot;sticky_parent&quot;:&quot;yes&quot;,&quot;sticky_on&quot;:[&quot;desktop&quot;,&quot;tablet&quot;,&quot;mobile&quot;],&quot;sticky_anchor_link_offset&quot;:0}\">\n\t\t\t\t<div class=\"elementor-element elementor-element-ae9d334 elementor-widget elementor-widget-image\" data-id=\"ae9d334\" data-element_type=\"widget\" data-e-type=\"widget\" data-widget_type=\"image.default\">\n\t\t\t\t<div class=\"elementor-widget-container\">\n\t\t\t\t\t\t\t\t\t\t\t\t\t\t\t<img decoding=\"async\" width=\"400\" height=\"412\" src=\"https:\/\/calerodiving.com\/wp-content\/uploads\/2025\/07\/Flamingo_wall.png\" class=\"attachment-large size-large wp-image-21777\" alt=\"\" srcset=\"https:\/\/calerodiving.com\/wp-content\/uploads\/2025\/07\/Flamingo_wall.png 400w, https:\/\/calerodiving.com\/wp-content\/uploads\/2025\/07\/Flamingo_wall-291x300.png 291w\" sizes=\"(max-width: 400px) 100vw, 400px\" \/>\t\t\t\t\t\t\t\t\t\t\t\t\t\t\t<\/div>\n\t\t\t\t<\/div>\n\t\t\t\t<div class=\"elementor-element elementor-element-d3ae915 elementor-widget elementor-widget-text-editor\" data-id=\"d3ae915\" data-element_type=\"widget\" data-e-type=\"widget\" data-widget_type=\"text-editor.default\">\n\t\t\t\t<div class=\"elementor-widget-container\">\n\t\t\t\t\t\t\t\t\t<div class=\"courses-info\">\n<p style=\"margin: 0 0 10px;\"><span style=\"color: #ffffff;\"><strong>Art des Tauchgangs:<\/strong> Mole \/ k\u00fcnstliche Wand<\/span><\/p>\n<p style=\"margin: 0 0 10px;\"><span style=\"color: #ffffff;\"><strong>Maximale Tiefe:<\/strong> ca. 18 Meter<\/span><\/p>\n<p style=\"margin: 0 0 10px;\"><span style=\"color: #ffffff;\"><strong>Geeignet f\u00fcr:<\/strong> alle Erfahrungsstufen, besonders gut f\u00fcr Anf\u00e4nger<\/span><\/p>\n<p style=\"margin: 0;\"><span style=\"color: #ffffff;\"><strong>Zu sehen:<\/strong> Engelhaie, Rochen, Barrakudas, Brassen und dichte Fischschw\u00e4rme<\/span><\/p>\n<\/div>\t\t\t\t\t\t\t\t<\/div>\n\t\t\t\t<\/div>\n\t\t\t\t<div class=\"elementor-element elementor-element-51c48d2 elementor-widget elementor-widget-ucaddon_underline_link_hover_effect\" data-id=\"51c48d2\" data-element_type=\"widget\" data-e-type=\"widget\" data-widget_type=\"ucaddon_underline_link_hover_effect.default\">\n\t\t\t\t<div class=\"elementor-widget-container\">\n\t\t\t\t\t\n<!-- start Underline Link Hover Effect -->\n\t\t<link id='font-awesome-css' href='https:\/\/calerodiving.com\/wp-content\/plugins\/unlimited-elements-for-elementor-premium\/assets_libraries\/font-awesome6\/fontawesome-all.min.css' type='text\/css' rel='stylesheet' >\n\t\t<link id='font-awesome-4-shim-css' href='https:\/\/calerodiving.com\/wp-content\/plugins\/unlimited-elements-for-elementor-premium\/assets_libraries\/font-awesome6\/fontawesome-v4-shims.min.css' type='text\/css' rel='stylesheet' >\n\n<style>\/* widget: Underline Link Hover Effect *\/\n\n#uc_underline_link_hover_effect_elementor_51c48d2{\n  display:flex;\n} \n\n#uc_underline_link_hover_effect_elementor_51c48d2 a.ue-link{\n  display:flex;\n  position:relative;\n  align-items:center;\n  justify-content:center;\n  text-decoration:none;\n}\n\n#uc_underline_link_hover_effect_elementor_51c48d2 a.ue-link:after{\n  content: \"\";\n    width:100%;\n    position:absolute;\n  bottom:0px;\n    left:0px;\n    display: block;\n  transition:1s;\n}\n\n#uc_underline_link_hover_effect_elementor_51c48d2 a:hover:after{\n    width:0%;\n  }\n\n#uc_underline_link_hover_effect_elementor_51c48d2 .ue-link-hover-effect-spacing{\n  transition:1s;\n}\n\n#uc_underline_link_hover_effect_elementor_51c48d2 .ue-link-hover-effect-text{\n  padding:10px 0px;\n}\n\n#uc_underline_link_hover_effect_elementor_51c48d2 .ue-link-hover-effect-icon{\n  line-height:1em;\n  transition:1s;\n}\n\n#uc_underline_link_hover_effect_elementor_51c48d2 .ue-link-hover-effect-icon svg{\n  height:1em;\n  width:1em;\n}\n\n<\/style>\n\n<div id=\"uc_underline_link_hover_effect_elementor_51c48d2\" class=\"ue-link-wrap\">\n  <a class=\"ue-link\" href=\"\" >\n    <div class=\"ue-link-hover-effect-text\">Kontaktieren Sie uns<\/div>\n    <div class=\"ue-link-hover-effect-spacing\"><\/div>\n    <div class=\"ue-link-hover-effect-icon\"><i class='fas fa-arrow-right'><\/i><\/div>\n  <\/a>\n<\/div>\n<!-- end Underline Link Hover Effect -->\t\t\t\t<\/div>\n\t\t\t\t<\/div>\n\t\t\t\t<\/div>\n\t\t\t\t<\/div>\n\t\t\t\t\t<\/div>\n\t\t\t\t<\/div>\n\t\t\t\t<\/div>\n\t\t","protected":false},"excerpt":{"rendered":"<p>Flamingo Wall Flamingo Wall ist einer der lebendigsten und artenreichsten Tauchpl\u00e4tze in Playa Blanca. Der Tauchplatz liegt direkt hinter der Mole am Flamingo Beach und beherbergt eine au\u00dfergew\u00f6hnliche Vielfalt an Fischen. Hier sieht man h\u00e4ufig dichte Fischschw\u00e4rme, die sich in mehreren Schichten \u00fcbereinander bewegen. Gro\u00dfe Schw\u00e4rme von Brassen sind hier fast immer zu sehen, ebenso [&hellip;]<\/p>\n","protected":false},"author":10,"featured_media":0,"parent":0,"menu_order":0,"comment_status":"closed","ping_status":"closed","template":"","meta":{"_acf_changed":false,"footnotes":""},"class_list":["post-24879","page","type-page","status-publish","hentry"],"acf":[],"yoast_head":"<!-- This site is optimized with the Yoast SEO plugin v27.5 - https:\/\/yoast.com\/product\/yoast-seo-wordpress\/ -->\n<title>Flamingo-Wand | Calero Diving Lanzarote<\/title>\n<meta name=\"robots\" content=\"index, follow, max-snippet:-1, max-image-preview:large, max-video-preview:-1\" \/>\n<link rel=\"canonical\" href=\"https:\/\/calerodiving.com\/flamingo-wall-4\/\" \/>\n<meta property=\"og:locale\" content=\"de_DE\" \/>\n<meta property=\"og:type\" content=\"article\" \/>\n<meta property=\"og:title\" content=\"Flamingo-Wand | Calero Diving Lanzarote\" \/>\n<meta property=\"og:description\" content=\"Flamingo Wall Flamingo Wall ist einer der lebendigsten und artenreichsten Tauchpl\u00e4tze in Playa Blanca. Der Tauchplatz liegt direkt hinter der Mole am Flamingo Beach und beherbergt eine au\u00dfergew\u00f6hnliche Vielfalt an Fischen. Hier sieht man h\u00e4ufig dichte Fischschw\u00e4rme, die sich in mehreren Schichten \u00fcbereinander bewegen. Gro\u00dfe Schw\u00e4rme von Brassen sind hier fast immer zu sehen, ebenso [&hellip;]\" \/>\n<meta property=\"og:url\" content=\"https:\/\/calerodiving.com\/flamingo-wall-4\/\" \/>\n<meta property=\"og:site_name\" content=\"Calero Diving Lanzarote\" \/>\n<meta property=\"article:publisher\" content=\"https:\/\/www.facebook.com\/calerodiving\/\" \/>\n<meta property=\"article:modified_time\" content=\"2026-04-20T13:11:08+00:00\" \/>\n<meta property=\"og:image\" content=\"https:\/\/calerodiving.com\/wp-content\/uploads\/2017\/09\/flamingo-wall.jpg\" \/>\n\t<meta property=\"og:image:width\" content=\"1060\" \/>\n\t<meta property=\"og:image:height\" content=\"595\" \/>\n\t<meta property=\"og:image:type\" content=\"image\/jpeg\" \/>\n<meta name=\"twitter:card\" content=\"summary_large_image\" \/>\n<meta name=\"twitter:label1\" content=\"Gesch\u00e4tzte Lesezeit\" \/>\n\t<meta name=\"twitter:data1\" content=\"2\u00a0Minuten\" \/>\n<script type=\"application\/ld+json\" class=\"yoast-schema-graph\">{\"@context\":\"https:\\\/\\\/schema.org\",\"@graph\":[{\"@type\":\"WebPage\",\"@id\":\"https:\\\/\\\/calerodiving.com\\\/flamingo-wall-4\\\/\",\"url\":\"https:\\\/\\\/calerodiving.com\\\/flamingo-wall-4\\\/\",\"name\":\"Flamingo-Wand | Calero Diving Lanzarote\",\"isPartOf\":{\"@id\":\"https:\\\/\\\/calerodiving.com\\\/#website\"},\"primaryImageOfPage\":{\"@id\":\"https:\\\/\\\/calerodiving.com\\\/flamingo-wall-4\\\/#primaryimage\"},\"image\":{\"@id\":\"https:\\\/\\\/calerodiving.com\\\/flamingo-wall-4\\\/#primaryimage\"},\"thumbnailUrl\":\"https:\\\/\\\/calerodiving.com\\\/wp-content\\\/uploads\\\/2017\\\/09\\\/flamingo-wall.jpg\",\"datePublished\":\"2025-09-01T12:29:08+00:00\",\"dateModified\":\"2026-04-20T13:11:08+00:00\",\"breadcrumb\":{\"@id\":\"https:\\\/\\\/calerodiving.com\\\/flamingo-wall-4\\\/#breadcrumb\"},\"inLanguage\":\"de\",\"potentialAction\":[{\"@type\":\"ReadAction\",\"target\":[\"https:\\\/\\\/calerodiving.com\\\/flamingo-wall-4\\\/\"]}]},{\"@type\":\"ImageObject\",\"inLanguage\":\"de\",\"@id\":\"https:\\\/\\\/calerodiving.com\\\/flamingo-wall-4\\\/#primaryimage\",\"url\":\"https:\\\/\\\/calerodiving.com\\\/wp-content\\\/uploads\\\/2017\\\/09\\\/flamingo-wall.jpg\",\"contentUrl\":\"https:\\\/\\\/calerodiving.com\\\/wp-content\\\/uploads\\\/2017\\\/09\\\/flamingo-wall.jpg\"},{\"@type\":\"BreadcrumbList\",\"@id\":\"https:\\\/\\\/calerodiving.com\\\/flamingo-wall-4\\\/#breadcrumb\",\"itemListElement\":[{\"@type\":\"ListItem\",\"position\":1,\"name\":\"Home\",\"item\":\"https:\\\/\\\/calerodiving.com\\\/es\\\/\"},{\"@type\":\"ListItem\",\"position\":2,\"name\":\"Flamingo-Wand\"}]},{\"@type\":\"WebSite\",\"@id\":\"https:\\\/\\\/calerodiving.com\\\/#website\",\"url\":\"https:\\\/\\\/calerodiving.com\\\/\",\"name\":\"Calero Diving Lanzarote\",\"description\":\"Dive Center - Marina Puerto Calero Lanzarote\",\"publisher\":{\"@id\":\"https:\\\/\\\/calerodiving.com\\\/#organization\"},\"alternateName\":\"Calero Diving\",\"potentialAction\":[{\"@type\":\"SearchAction\",\"target\":{\"@type\":\"EntryPoint\",\"urlTemplate\":\"https:\\\/\\\/calerodiving.com\\\/?s={search_term_string}\"},\"query-input\":{\"@type\":\"PropertyValueSpecification\",\"valueRequired\":true,\"valueName\":\"search_term_string\"}}],\"inLanguage\":\"de\"},{\"@type\":\"Organization\",\"@id\":\"https:\\\/\\\/calerodiving.com\\\/#organization\",\"name\":\"Calero Diving Lanzarote\",\"alternateName\":\"Calero Diving\",\"url\":\"https:\\\/\\\/calerodiving.com\\\/\",\"logo\":{\"@type\":\"ImageObject\",\"inLanguage\":\"de\",\"@id\":\"https:\\\/\\\/calerodiving.com\\\/#\\\/schema\\\/logo\\\/image\\\/\",\"url\":\"https:\\\/\\\/calerodiving.com\\\/wp-content\\\/uploads\\\/2025\\\/05\\\/Grupo.png\",\"contentUrl\":\"https:\\\/\\\/calerodiving.com\\\/wp-content\\\/uploads\\\/2025\\\/05\\\/Grupo.png\",\"width\":499,\"height\":590,\"caption\":\"Calero Diving Lanzarote\"},\"image\":{\"@id\":\"https:\\\/\\\/calerodiving.com\\\/#\\\/schema\\\/logo\\\/image\\\/\"},\"sameAs\":[\"https:\\\/\\\/www.facebook.com\\\/calerodiving\\\/\",\"https:\\\/\\\/www.instagram.com\\\/calerodiving\\\/\"]}]}<\/script>\n<!-- \/ Yoast SEO plugin. -->","yoast_head_json":{"title":"Flamingo-Wand | Calero Diving Lanzarote","robots":{"index":"index","follow":"follow","max-snippet":"max-snippet:-1","max-image-preview":"max-image-preview:large","max-video-preview":"max-video-preview:-1"},"canonical":"https:\/\/calerodiving.com\/flamingo-wall-4\/","og_locale":"de_DE","og_type":"article","og_title":"Flamingo-Wand | Calero Diving Lanzarote","og_description":"Flamingo Wall Flamingo Wall ist einer der lebendigsten und artenreichsten Tauchpl\u00e4tze in Playa Blanca. Der Tauchplatz liegt direkt hinter der Mole am Flamingo Beach und beherbergt eine au\u00dfergew\u00f6hnliche Vielfalt an Fischen. Hier sieht man h\u00e4ufig dichte Fischschw\u00e4rme, die sich in mehreren Schichten \u00fcbereinander bewegen. Gro\u00dfe Schw\u00e4rme von Brassen sind hier fast immer zu sehen, ebenso [&hellip;]","og_url":"https:\/\/calerodiving.com\/flamingo-wall-4\/","og_site_name":"Calero Diving Lanzarote","article_publisher":"https:\/\/www.facebook.com\/calerodiving\/","article_modified_time":"2026-04-20T13:11:08+00:00","og_image":[{"width":1060,"height":595,"url":"https:\/\/calerodiving.com\/wp-content\/uploads\/2017\/09\/flamingo-wall.jpg","type":"image\/jpeg"}],"twitter_card":"summary_large_image","twitter_misc":{"Gesch\u00e4tzte Lesezeit":"2\u00a0Minuten"},"schema":{"@context":"https:\/\/schema.org","@graph":[{"@type":"WebPage","@id":"https:\/\/calerodiving.com\/flamingo-wall-4\/","url":"https:\/\/calerodiving.com\/flamingo-wall-4\/","name":"Flamingo-Wand | Calero Diving Lanzarote","isPartOf":{"@id":"https:\/\/calerodiving.com\/#website"},"primaryImageOfPage":{"@id":"https:\/\/calerodiving.com\/flamingo-wall-4\/#primaryimage"},"image":{"@id":"https:\/\/calerodiving.com\/flamingo-wall-4\/#primaryimage"},"thumbnailUrl":"https:\/\/calerodiving.com\/wp-content\/uploads\/2017\/09\/flamingo-wall.jpg","datePublished":"2025-09-01T12:29:08+00:00","dateModified":"2026-04-20T13:11:08+00:00","breadcrumb":{"@id":"https:\/\/calerodiving.com\/flamingo-wall-4\/#breadcrumb"},"inLanguage":"de","potentialAction":[{"@type":"ReadAction","target":["https:\/\/calerodiving.com\/flamingo-wall-4\/"]}]},{"@type":"ImageObject","inLanguage":"de","@id":"https:\/\/calerodiving.com\/flamingo-wall-4\/#primaryimage","url":"https:\/\/calerodiving.com\/wp-content\/uploads\/2017\/09\/flamingo-wall.jpg","contentUrl":"https:\/\/calerodiving.com\/wp-content\/uploads\/2017\/09\/flamingo-wall.jpg"},{"@type":"BreadcrumbList","@id":"https:\/\/calerodiving.com\/flamingo-wall-4\/#breadcrumb","itemListElement":[{"@type":"ListItem","position":1,"name":"Home","item":"https:\/\/calerodiving.com\/es\/"},{"@type":"ListItem","position":2,"name":"Flamingo-Wand"}]},{"@type":"WebSite","@id":"https:\/\/calerodiving.com\/#website","url":"https:\/\/calerodiving.com\/","name":"Calero Diving Lanzarote","description":"Dive Center - Marina Puerto Calero Lanzarote","publisher":{"@id":"https:\/\/calerodiving.com\/#organization"},"alternateName":"Calero Diving","potentialAction":[{"@type":"SearchAction","target":{"@type":"EntryPoint","urlTemplate":"https:\/\/calerodiving.com\/?s={search_term_string}"},"query-input":{"@type":"PropertyValueSpecification","valueRequired":true,"valueName":"search_term_string"}}],"inLanguage":"de"},{"@type":"Organization","@id":"https:\/\/calerodiving.com\/#organization","name":"Calero Diving Lanzarote","alternateName":"Calero Diving","url":"https:\/\/calerodiving.com\/","logo":{"@type":"ImageObject","inLanguage":"de","@id":"https:\/\/calerodiving.com\/#\/schema\/logo\/image\/","url":"https:\/\/calerodiving.com\/wp-content\/uploads\/2025\/05\/Grupo.png","contentUrl":"https:\/\/calerodiving.com\/wp-content\/uploads\/2025\/05\/Grupo.png","width":499,"height":590,"caption":"Calero Diving Lanzarote"},"image":{"@id":"https:\/\/calerodiving.com\/#\/schema\/logo\/image\/"},"sameAs":["https:\/\/www.facebook.com\/calerodiving\/","https:\/\/www.instagram.com\/calerodiving\/"]}]}},"_links":{"self":[{"href":"https:\/\/calerodiving.com\/de\/wp-json\/wp\/v2\/pages\/24879","targetHints":{"allow":["GET"]}}],"collection":[{"href":"https:\/\/calerodiving.com\/de\/wp-json\/wp\/v2\/pages"}],"about":[{"href":"https:\/\/calerodiving.com\/de\/wp-json\/wp\/v2\/types\/page"}],"author":[{"embeddable":true,"href":"https:\/\/calerodiving.com\/de\/wp-json\/wp\/v2\/users\/10"}],"replies":[{"embeddable":true,"href":"https:\/\/calerodiving.com\/de\/wp-json\/wp\/v2\/comments?post=24879"}],"version-history":[{"count":10,"href":"https:\/\/calerodiving.com\/de\/wp-json\/wp\/v2\/pages\/24879\/revisions"}],"predecessor-version":[{"id":28444,"href":"https:\/\/calerodiving.com\/de\/wp-json\/wp\/v2\/pages\/24879\/revisions\/28444"}],"wp:attachment":[{"href":"https:\/\/calerodiving.com\/de\/wp-json\/wp\/v2\/media?parent=24879"}],"curies":[{"name":"wp","href":"https:\/\/api.w.org\/{rel}","templated":true}]}}