{"id":24862,"date":"2025-09-01T13:29:03","date_gmt":"2025-09-01T12:29:03","guid":{"rendered":"https:\/\/calerodiving.com\/quiquere-wracks\/"},"modified":"2026-04-20T15:02:23","modified_gmt":"2026-04-20T14:02:23","slug":"quiquere-wracks","status":"publish","type":"page","link":"https:\/\/calerodiving.com\/de\/quiquere-wracks\/","title":{"rendered":"Quiquere-Wracks"},"content":{"rendered":"\t\t<div data-elementor-type=\"wp-page\" data-elementor-id=\"24862\" class=\"elementor elementor-24862 elementor-19947\" data-elementor-post-type=\"page\">\n\t\t\t\t<div class=\"elementor-element elementor-element-f451853 e-flex e-con-boxed e-con e-parent\" data-id=\"f451853\" data-element_type=\"container\" data-e-type=\"container\">\n\t\t\t\t\t<div class=\"e-con-inner\">\n\t\t<div class=\"elementor-element elementor-element-9255ece e-con-full e-flex e-con e-child\" data-id=\"9255ece\" data-element_type=\"container\" data-e-type=\"container\">\n\t\t<div class=\"elementor-element elementor-element-18849cf e-con-full e-flex e-con e-child\" data-id=\"18849cf\" data-element_type=\"container\" data-e-type=\"container\">\n\t\t\t\t<div class=\"elementor-element elementor-element-074c091 elementor-widget elementor-widget-heading\" data-id=\"074c091\" data-element_type=\"widget\" data-e-type=\"widget\" data-widget_type=\"heading.default\">\n\t\t\t\t<div class=\"elementor-widget-container\">\n\t\t\t\t\t<h2 class=\"elementor-heading-title elementor-size-default\">Quiquere Wrecks<\/h2>\t\t\t\t<\/div>\n\t\t\t\t<\/div>\n\t\t\t\t<\/div>\n\t\t\t\t<\/div>\n\t\t\t\t\t<\/div>\n\t\t\t\t<\/div>\n\t\t<div class=\"elementor-element elementor-element-d13ad63 e-flex e-con-boxed e-con e-parent\" data-id=\"d13ad63\" data-element_type=\"container\" data-e-type=\"container\">\n\t\t\t\t\t<div class=\"e-con-inner\">\n\t\t<div class=\"elementor-element elementor-element-96101f1 e-con-full e-flex e-con e-child\" data-id=\"96101f1\" data-element_type=\"container\" data-e-type=\"container\">\n\t\t<div class=\"elementor-element elementor-element-2a7670d e-con-full e-flex e-con e-child\" data-id=\"2a7670d\" data-element_type=\"container\" data-e-type=\"container\">\n\t\t\t\t<div class=\"elementor-element elementor-element-d43fbed elementor-widget elementor-widget-image\" data-id=\"d43fbed\" data-element_type=\"widget\" data-e-type=\"widget\" data-widget_type=\"image.default\">\n\t\t\t\t<div class=\"elementor-widget-container\">\n\t\t\t\t\t\t\t\t\t\t\t\t\t\t\t<img fetchpriority=\"high\" decoding=\"async\" width=\"800\" height=\"449\" src=\"https:\/\/calerodiving.com\/wp-content\/uploads\/2017\/11\/quiquere-1030x578.jpg\" class=\"attachment-large size-large wp-image-3874\" alt=\"\" srcset=\"https:\/\/calerodiving.com\/wp-content\/uploads\/2017\/11\/quiquere-1030x578.jpg 1030w, https:\/\/calerodiving.com\/wp-content\/uploads\/2017\/11\/quiquere-300x168.jpg 300w, https:\/\/calerodiving.com\/wp-content\/uploads\/2017\/11\/quiquere-768x431.jpg 768w, https:\/\/calerodiving.com\/wp-content\/uploads\/2017\/11\/quiquere-705x396.jpg 705w, https:\/\/calerodiving.com\/wp-content\/uploads\/2017\/11\/quiquere-450x253.jpg 450w, https:\/\/calerodiving.com\/wp-content\/uploads\/2017\/11\/quiquere.jpg 1060w\" sizes=\"(max-width: 800px) 100vw, 800px\" \/>\t\t\t\t\t\t\t\t\t\t\t\t\t\t\t<\/div>\n\t\t\t\t<\/div>\n\t\t\t\t<div class=\"elementor-element elementor-element-5706155 elementor-widget elementor-widget-text-editor\" data-id=\"5706155\" data-element_type=\"widget\" data-e-type=\"widget\" data-widget_type=\"text-editor.default\">\n\t\t\t\t<div class=\"elementor-widget-container\">\n\t\t\t\t\t\t\t\t\t<p data-start=\"2177\" data-end=\"2326\">Direkt vor dem alten Hafen von Puerto del Carmen liegen mehrere kleine Wracks, die sich ideal f\u00fcr abwechslungsreiche und spannende Tauchg\u00e4nge eignen.<\/p><p data-start=\"2328\" data-end=\"2486\">Das am besten erhaltene Wrack ist besonders ungew\u00f6hnlich: Beim Bau der neuen Hafenmauer wurde das Wrack eines Fischerbootes direkt in die Struktur integriert.<\/p><p data-start=\"2488\" data-end=\"2582\">Das Wrack liegt auf dem Riff in etwa 18 Metern Tiefe und ist f\u00fcr viele Taucher gut zug\u00e4nglich.<\/p><p data-start=\"2584\" data-end=\"2673\">Unterhalb des Riffs, in rund 30 Metern Tiefe, befinden sich die \u00dcberreste weiterer Boote.<\/p><p data-start=\"2675\" data-end=\"2796\">Dieses Gebiet bildet eine besonders interessante Tauchzone f\u00fcr alle, die Wracks und maritime Geschichte erkunden m\u00f6chten.<\/p><p data-start=\"2798\" data-end=\"2955\">F\u00fcr erfahrene und fortgeschrittene Taucher lassen sich die verschiedenen Bereiche zu einem besonders lohnenden und abwechslungsreichen Tauchgang kombinieren.<\/p><p data-start=\"2957\" data-end=\"3144\">F\u00fcr echte Wrack-Fans l\u00e4sst sich auch ein ganzer Tauchtag organisieren, bei dem sowohl die beiden Kikiri Wracks vor Puerto Calero als auch die Wracks von Puerto del Carmen getaucht werden.<\/p>\t\t\t\t\t\t\t\t<\/div>\n\t\t\t\t<\/div>\n\t\t\t\t<\/div>\n\t\t\t\t<\/div>\n\t\t<div class=\"elementor-element elementor-element-025cc10 e-con-full e-flex e-con e-child\" data-id=\"025cc10\" data-element_type=\"container\" data-e-type=\"container\">\n\t\t<div class=\"elementor-element elementor-element-2c4a96f e-con-full course-sidebar-box e-flex e-con e-child\" data-id=\"2c4a96f\" data-element_type=\"container\" data-e-type=\"container\" data-settings=\"{&quot;sticky&quot;:&quot;top&quot;,&quot;sticky_offset&quot;:110,&quot;sticky_effects_offset&quot;:130,&quot;sticky_parent&quot;:&quot;yes&quot;,&quot;sticky_on&quot;:[&quot;desktop&quot;,&quot;tablet&quot;,&quot;mobile&quot;],&quot;sticky_anchor_link_offset&quot;:0}\">\n\t\t\t\t<div class=\"elementor-element elementor-element-db90097 elementor-widget elementor-widget-image\" data-id=\"db90097\" data-element_type=\"widget\" data-e-type=\"widget\" data-widget_type=\"image.default\">\n\t\t\t\t<div class=\"elementor-widget-container\">\n\t\t\t\t\t\t\t\t\t\t\t\t\t\t\t<img decoding=\"async\" width=\"408\" height=\"418\" src=\"https:\/\/calerodiving.com\/wp-content\/uploads\/2025\/07\/Quiquere-Wrecks-QR.png\" class=\"attachment-large size-large wp-image-21818\" alt=\"\" srcset=\"https:\/\/calerodiving.com\/wp-content\/uploads\/2025\/07\/Quiquere-Wrecks-QR.png 408w, https:\/\/calerodiving.com\/wp-content\/uploads\/2025\/07\/Quiquere-Wrecks-QR-293x300.png 293w\" sizes=\"(max-width: 408px) 100vw, 408px\" \/>\t\t\t\t\t\t\t\t\t\t\t\t\t\t\t<\/div>\n\t\t\t\t<\/div>\n\t\t\t\t<div class=\"elementor-element elementor-element-a174ad1 elementor-widget elementor-widget-text-editor\" data-id=\"a174ad1\" data-element_type=\"widget\" data-e-type=\"widget\" data-widget_type=\"text-editor.default\">\n\t\t\t\t<div class=\"elementor-widget-container\">\n\t\t\t\t\t\t\t\t\t<div class=\"courses-info\">\n<p style=\"margin: 0 0 10px;\"><span style=\"color: #ffffff;\"><strong>Art des Tauchgangs:<\/strong> Wrack und Riff<\/span><\/p>\n<p style=\"margin: 0 0 10px;\"><span style=\"color: #ffffff;\"><strong>Maximale Tiefe:<\/strong> ca. 18 bis 30+ Meter<\/span><\/p>\n<p style=\"margin: 0 0 10px;\"><span style=\"color: #ffffff;\"><strong>Geeignet f\u00fcr:<\/strong> viele Taucherstufen, mit zus\u00e4tzlichen M\u00f6glichkeiten f\u00fcr fortgeschrittenes und technisches Tauchen<\/span><\/p>\n<p style=\"margin: 0;\"><span style=\"color: #ffffff;\"><strong>Zu sehen:<\/strong> kleine Wracks, Riffwand, Rochen, Engelhaie und Barrakudas<\/span><\/p>\n<\/div>\t\t\t\t\t\t\t\t<\/div>\n\t\t\t\t<\/div>\n\t\t\t\t<div class=\"elementor-element elementor-element-7100fbf elementor-widget elementor-widget-ucaddon_underline_link_hover_effect\" data-id=\"7100fbf\" data-element_type=\"widget\" data-e-type=\"widget\" data-widget_type=\"ucaddon_underline_link_hover_effect.default\">\n\t\t\t\t<div class=\"elementor-widget-container\">\n\t\t\t\t\t\n<!-- start Underline Link Hover Effect -->\n\t\t<link id='font-awesome-css' href='https:\/\/calerodiving.com\/wp-content\/plugins\/unlimited-elements-for-elementor-premium\/assets_libraries\/font-awesome6\/fontawesome-all.min.css' type='text\/css' rel='stylesheet' >\n\t\t<link id='font-awesome-4-shim-css' href='https:\/\/calerodiving.com\/wp-content\/plugins\/unlimited-elements-for-elementor-premium\/assets_libraries\/font-awesome6\/fontawesome-v4-shims.min.css' type='text\/css' rel='stylesheet' >\n\n<style>\/* widget: Underline Link Hover Effect *\/\n\n#uc_underline_link_hover_effect_elementor_7100fbf{\n  display:flex;\n} \n\n#uc_underline_link_hover_effect_elementor_7100fbf a.ue-link{\n  display:flex;\n  position:relative;\n  align-items:center;\n  justify-content:center;\n  text-decoration:none;\n}\n\n#uc_underline_link_hover_effect_elementor_7100fbf a.ue-link:after{\n  content: \"\";\n    width:100%;\n    position:absolute;\n  bottom:0px;\n    left:0px;\n    display: block;\n  transition:1s;\n}\n\n#uc_underline_link_hover_effect_elementor_7100fbf a:hover:after{\n    width:0%;\n  }\n\n#uc_underline_link_hover_effect_elementor_7100fbf .ue-link-hover-effect-spacing{\n  transition:1s;\n}\n\n#uc_underline_link_hover_effect_elementor_7100fbf .ue-link-hover-effect-text{\n  padding:10px 0px;\n}\n\n#uc_underline_link_hover_effect_elementor_7100fbf .ue-link-hover-effect-icon{\n  line-height:1em;\n  transition:1s;\n}\n\n#uc_underline_link_hover_effect_elementor_7100fbf .ue-link-hover-effect-icon svg{\n  height:1em;\n  width:1em;\n}\n\n<\/style>\n\n<div id=\"uc_underline_link_hover_effect_elementor_7100fbf\" class=\"ue-link-wrap\">\n  <a class=\"ue-link\" href=\"\" >\n    <div class=\"ue-link-hover-effect-text\">Kontaktieren Sie uns<\/div>\n    <div class=\"ue-link-hover-effect-spacing\"><\/div>\n    <div class=\"ue-link-hover-effect-icon\"><i class='fas fa-arrow-right'><\/i><\/div>\n  <\/a>\n<\/div>\n<!-- end Underline Link Hover Effect -->\t\t\t\t<\/div>\n\t\t\t\t<\/div>\n\t\t\t\t<\/div>\n\t\t\t\t<\/div>\n\t\t\t\t\t<\/div>\n\t\t\t\t<\/div>\n\t\t\t\t<\/div>\n\t\t","protected":false},"excerpt":{"rendered":"<p>Quiquere Wrecks Direkt vor dem alten Hafen von Puerto del Carmen liegen mehrere kleine Wracks, die sich ideal f\u00fcr abwechslungsreiche und spannende Tauchg\u00e4nge eignen. Das am besten erhaltene Wrack ist besonders ungew\u00f6hnlich: Beim Bau der neuen Hafenmauer wurde das Wrack eines Fischerbootes direkt in die Struktur integriert. Das Wrack liegt auf dem Riff in etwa [&hellip;]<\/p>\n","protected":false},"author":10,"featured_media":0,"parent":0,"menu_order":0,"comment_status":"closed","ping_status":"closed","template":"","meta":{"_acf_changed":false,"footnotes":""},"class_list":["post-24862","page","type-page","status-publish","hentry"],"acf":[],"yoast_head":"<!-- This site is optimized with the Yoast SEO plugin v27.5 - https:\/\/yoast.com\/product\/yoast-seo-wordpress\/ -->\n<title>Quiquere-Wracks | Calero Diving Lanzarote<\/title>\n<meta name=\"robots\" content=\"index, follow, max-snippet:-1, max-image-preview:large, max-video-preview:-1\" \/>\n<link rel=\"canonical\" href=\"https:\/\/calerodiving.com\/quiquere-wrecks\/\" \/>\n<meta property=\"og:locale\" content=\"de_DE\" \/>\n<meta property=\"og:type\" content=\"article\" \/>\n<meta property=\"og:title\" content=\"Quiquere-Wracks | Calero Diving Lanzarote\" \/>\n<meta property=\"og:description\" content=\"Quiquere Wrecks Direkt vor dem alten Hafen von Puerto del Carmen liegen mehrere kleine Wracks, die sich ideal f\u00fcr abwechslungsreiche und spannende Tauchg\u00e4nge eignen. Das am besten erhaltene Wrack ist besonders ungew\u00f6hnlich: Beim Bau der neuen Hafenmauer wurde das Wrack eines Fischerbootes direkt in die Struktur integriert. Das Wrack liegt auf dem Riff in etwa [&hellip;]\" \/>\n<meta property=\"og:url\" content=\"https:\/\/calerodiving.com\/quiquere-wrecks\/\" \/>\n<meta property=\"og:site_name\" content=\"Calero Diving Lanzarote\" \/>\n<meta property=\"article:publisher\" content=\"https:\/\/www.facebook.com\/calerodiving\/\" \/>\n<meta property=\"article:modified_time\" content=\"2026-04-20T14:02:23+00:00\" \/>\n<meta property=\"og:image\" content=\"https:\/\/calerodiving.com\/wp-content\/uploads\/2017\/11\/quiquere.jpg\" \/>\n\t<meta property=\"og:image:width\" content=\"1060\" \/>\n\t<meta property=\"og:image:height\" content=\"595\" \/>\n\t<meta property=\"og:image:type\" content=\"image\/jpeg\" \/>\n<meta name=\"twitter:card\" content=\"summary_large_image\" \/>\n<meta name=\"twitter:label1\" content=\"Gesch\u00e4tzte Lesezeit\" \/>\n\t<meta name=\"twitter:data1\" content=\"2\u00a0Minuten\" \/>\n<script type=\"application\/ld+json\" class=\"yoast-schema-graph\">{\"@context\":\"https:\\\/\\\/schema.org\",\"@graph\":[{\"@type\":\"WebPage\",\"@id\":\"https:\\\/\\\/calerodiving.com\\\/quiquere-wrecks\\\/\",\"url\":\"https:\\\/\\\/calerodiving.com\\\/quiquere-wrecks\\\/\",\"name\":\"Quiquere-Wracks | Calero Diving Lanzarote\",\"isPartOf\":{\"@id\":\"https:\\\/\\\/calerodiving.com\\\/#website\"},\"primaryImageOfPage\":{\"@id\":\"https:\\\/\\\/calerodiving.com\\\/quiquere-wrecks\\\/#primaryimage\"},\"image\":{\"@id\":\"https:\\\/\\\/calerodiving.com\\\/quiquere-wrecks\\\/#primaryimage\"},\"thumbnailUrl\":\"https:\\\/\\\/calerodiving.com\\\/wp-content\\\/uploads\\\/2017\\\/11\\\/quiquere-1030x578.jpg\",\"datePublished\":\"2025-09-01T12:29:03+00:00\",\"dateModified\":\"2026-04-20T14:02:23+00:00\",\"breadcrumb\":{\"@id\":\"https:\\\/\\\/calerodiving.com\\\/quiquere-wrecks\\\/#breadcrumb\"},\"inLanguage\":\"de\",\"potentialAction\":[{\"@type\":\"ReadAction\",\"target\":[\"https:\\\/\\\/calerodiving.com\\\/quiquere-wrecks\\\/\"]}]},{\"@type\":\"ImageObject\",\"inLanguage\":\"de\",\"@id\":\"https:\\\/\\\/calerodiving.com\\\/quiquere-wrecks\\\/#primaryimage\",\"url\":\"https:\\\/\\\/calerodiving.com\\\/wp-content\\\/uploads\\\/2017\\\/11\\\/quiquere-1030x578.jpg\",\"contentUrl\":\"https:\\\/\\\/calerodiving.com\\\/wp-content\\\/uploads\\\/2017\\\/11\\\/quiquere-1030x578.jpg\"},{\"@type\":\"BreadcrumbList\",\"@id\":\"https:\\\/\\\/calerodiving.com\\\/quiquere-wrecks\\\/#breadcrumb\",\"itemListElement\":[{\"@type\":\"ListItem\",\"position\":1,\"name\":\"Home\",\"item\":\"https:\\\/\\\/calerodiving.com\\\/es\\\/\"},{\"@type\":\"ListItem\",\"position\":2,\"name\":\"Quiquere-Wracks\"}]},{\"@type\":\"WebSite\",\"@id\":\"https:\\\/\\\/calerodiving.com\\\/#website\",\"url\":\"https:\\\/\\\/calerodiving.com\\\/\",\"name\":\"Calero Diving Lanzarote\",\"description\":\"Dive Center - Marina Puerto Calero Lanzarote\",\"publisher\":{\"@id\":\"https:\\\/\\\/calerodiving.com\\\/#organization\"},\"alternateName\":\"Calero Diving\",\"potentialAction\":[{\"@type\":\"SearchAction\",\"target\":{\"@type\":\"EntryPoint\",\"urlTemplate\":\"https:\\\/\\\/calerodiving.com\\\/?s={search_term_string}\"},\"query-input\":{\"@type\":\"PropertyValueSpecification\",\"valueRequired\":true,\"valueName\":\"search_term_string\"}}],\"inLanguage\":\"de\"},{\"@type\":\"Organization\",\"@id\":\"https:\\\/\\\/calerodiving.com\\\/#organization\",\"name\":\"Calero Diving Lanzarote\",\"alternateName\":\"Calero Diving\",\"url\":\"https:\\\/\\\/calerodiving.com\\\/\",\"logo\":{\"@type\":\"ImageObject\",\"inLanguage\":\"de\",\"@id\":\"https:\\\/\\\/calerodiving.com\\\/#\\\/schema\\\/logo\\\/image\\\/\",\"url\":\"https:\\\/\\\/calerodiving.com\\\/wp-content\\\/uploads\\\/2025\\\/05\\\/Grupo.png\",\"contentUrl\":\"https:\\\/\\\/calerodiving.com\\\/wp-content\\\/uploads\\\/2025\\\/05\\\/Grupo.png\",\"width\":499,\"height\":590,\"caption\":\"Calero Diving Lanzarote\"},\"image\":{\"@id\":\"https:\\\/\\\/calerodiving.com\\\/#\\\/schema\\\/logo\\\/image\\\/\"},\"sameAs\":[\"https:\\\/\\\/www.facebook.com\\\/calerodiving\\\/\",\"https:\\\/\\\/www.instagram.com\\\/calerodiving\\\/\"]}]}<\/script>\n<!-- \/ Yoast SEO plugin. -->","yoast_head_json":{"title":"Quiquere-Wracks | Calero Diving Lanzarote","robots":{"index":"index","follow":"follow","max-snippet":"max-snippet:-1","max-image-preview":"max-image-preview:large","max-video-preview":"max-video-preview:-1"},"canonical":"https:\/\/calerodiving.com\/quiquere-wrecks\/","og_locale":"de_DE","og_type":"article","og_title":"Quiquere-Wracks | Calero Diving Lanzarote","og_description":"Quiquere Wrecks Direkt vor dem alten Hafen von Puerto del Carmen liegen mehrere kleine Wracks, die sich ideal f\u00fcr abwechslungsreiche und spannende Tauchg\u00e4nge eignen. Das am besten erhaltene Wrack ist besonders ungew\u00f6hnlich: Beim Bau der neuen Hafenmauer wurde das Wrack eines Fischerbootes direkt in die Struktur integriert. Das Wrack liegt auf dem Riff in etwa [&hellip;]","og_url":"https:\/\/calerodiving.com\/quiquere-wrecks\/","og_site_name":"Calero Diving Lanzarote","article_publisher":"https:\/\/www.facebook.com\/calerodiving\/","article_modified_time":"2026-04-20T14:02:23+00:00","og_image":[{"width":1060,"height":595,"url":"https:\/\/calerodiving.com\/wp-content\/uploads\/2017\/11\/quiquere.jpg","type":"image\/jpeg"}],"twitter_card":"summary_large_image","twitter_misc":{"Gesch\u00e4tzte Lesezeit":"2\u00a0Minuten"},"schema":{"@context":"https:\/\/schema.org","@graph":[{"@type":"WebPage","@id":"https:\/\/calerodiving.com\/quiquere-wrecks\/","url":"https:\/\/calerodiving.com\/quiquere-wrecks\/","name":"Quiquere-Wracks | Calero Diving Lanzarote","isPartOf":{"@id":"https:\/\/calerodiving.com\/#website"},"primaryImageOfPage":{"@id":"https:\/\/calerodiving.com\/quiquere-wrecks\/#primaryimage"},"image":{"@id":"https:\/\/calerodiving.com\/quiquere-wrecks\/#primaryimage"},"thumbnailUrl":"https:\/\/calerodiving.com\/wp-content\/uploads\/2017\/11\/quiquere-1030x578.jpg","datePublished":"2025-09-01T12:29:03+00:00","dateModified":"2026-04-20T14:02:23+00:00","breadcrumb":{"@id":"https:\/\/calerodiving.com\/quiquere-wrecks\/#breadcrumb"},"inLanguage":"de","potentialAction":[{"@type":"ReadAction","target":["https:\/\/calerodiving.com\/quiquere-wrecks\/"]}]},{"@type":"ImageObject","inLanguage":"de","@id":"https:\/\/calerodiving.com\/quiquere-wrecks\/#primaryimage","url":"https:\/\/calerodiving.com\/wp-content\/uploads\/2017\/11\/quiquere-1030x578.jpg","contentUrl":"https:\/\/calerodiving.com\/wp-content\/uploads\/2017\/11\/quiquere-1030x578.jpg"},{"@type":"BreadcrumbList","@id":"https:\/\/calerodiving.com\/quiquere-wrecks\/#breadcrumb","itemListElement":[{"@type":"ListItem","position":1,"name":"Home","item":"https:\/\/calerodiving.com\/es\/"},{"@type":"ListItem","position":2,"name":"Quiquere-Wracks"}]},{"@type":"WebSite","@id":"https:\/\/calerodiving.com\/#website","url":"https:\/\/calerodiving.com\/","name":"Calero Diving Lanzarote","description":"Dive Center - Marina Puerto Calero Lanzarote","publisher":{"@id":"https:\/\/calerodiving.com\/#organization"},"alternateName":"Calero Diving","potentialAction":[{"@type":"SearchAction","target":{"@type":"EntryPoint","urlTemplate":"https:\/\/calerodiving.com\/?s={search_term_string}"},"query-input":{"@type":"PropertyValueSpecification","valueRequired":true,"valueName":"search_term_string"}}],"inLanguage":"de"},{"@type":"Organization","@id":"https:\/\/calerodiving.com\/#organization","name":"Calero Diving Lanzarote","alternateName":"Calero Diving","url":"https:\/\/calerodiving.com\/","logo":{"@type":"ImageObject","inLanguage":"de","@id":"https:\/\/calerodiving.com\/#\/schema\/logo\/image\/","url":"https:\/\/calerodiving.com\/wp-content\/uploads\/2025\/05\/Grupo.png","contentUrl":"https:\/\/calerodiving.com\/wp-content\/uploads\/2025\/05\/Grupo.png","width":499,"height":590,"caption":"Calero Diving Lanzarote"},"image":{"@id":"https:\/\/calerodiving.com\/#\/schema\/logo\/image\/"},"sameAs":["https:\/\/www.facebook.com\/calerodiving\/","https:\/\/www.instagram.com\/calerodiving\/"]}]}},"_links":{"self":[{"href":"https:\/\/calerodiving.com\/de\/wp-json\/wp\/v2\/pages\/24862","targetHints":{"allow":["GET"]}}],"collection":[{"href":"https:\/\/calerodiving.com\/de\/wp-json\/wp\/v2\/pages"}],"about":[{"href":"https:\/\/calerodiving.com\/de\/wp-json\/wp\/v2\/types\/page"}],"author":[{"embeddable":true,"href":"https:\/\/calerodiving.com\/de\/wp-json\/wp\/v2\/users\/10"}],"replies":[{"embeddable":true,"href":"https:\/\/calerodiving.com\/de\/wp-json\/wp\/v2\/comments?post=24862"}],"version-history":[{"count":4,"href":"https:\/\/calerodiving.com\/de\/wp-json\/wp\/v2\/pages\/24862\/revisions"}],"predecessor-version":[{"id":28642,"href":"https:\/\/calerodiving.com\/de\/wp-json\/wp\/v2\/pages\/24862\/revisions\/28642"}],"wp:attachment":[{"href":"https:\/\/calerodiving.com\/de\/wp-json\/wp\/v2\/media?parent=24862"}],"curies":[{"name":"wp","href":"https:\/\/api.w.org\/{rel}","templated":true}]}}