{"id":24833,"date":"2025-09-01T13:28:47","date_gmt":"2025-09-01T12:28:47","guid":{"rendered":"https:\/\/calerodiving.com\/das-blaue-loch\/"},"modified":"2026-04-20T14:47:26","modified_gmt":"2026-04-20T13:47:26","slug":"das-blaue-loch","status":"publish","type":"page","link":"https:\/\/calerodiving.com\/de\/das-blaue-loch\/","title":{"rendered":"Das blaue Loch"},"content":{"rendered":"\t\t<div data-elementor-type=\"wp-page\" data-elementor-id=\"24833\" class=\"elementor elementor-24833 elementor-19987\" data-elementor-post-type=\"page\">\n\t\t\t\t<div class=\"elementor-element elementor-element-8d65956 e-flex e-con-boxed e-con e-parent\" data-id=\"8d65956\" data-element_type=\"container\" data-e-type=\"container\">\n\t\t\t\t\t<div class=\"e-con-inner\">\n\t\t<div class=\"elementor-element elementor-element-a7bf312 e-con-full e-flex e-con e-child\" data-id=\"a7bf312\" data-element_type=\"container\" data-e-type=\"container\">\n\t\t<div class=\"elementor-element elementor-element-19b9b26 e-con-full e-flex e-con e-child\" data-id=\"19b9b26\" data-element_type=\"container\" data-e-type=\"container\">\n\t\t\t\t<div class=\"elementor-element elementor-element-1e06b94 elementor-widget elementor-widget-heading\" data-id=\"1e06b94\" data-element_type=\"widget\" data-e-type=\"widget\" data-widget_type=\"heading.default\">\n\t\t\t\t<div class=\"elementor-widget-container\">\n\t\t\t\t\t<h2 class=\"elementor-heading-title elementor-size-default\">Das blaue Loch<\/h2>\t\t\t\t<\/div>\n\t\t\t\t<\/div>\n\t\t\t\t<\/div>\n\t\t\t\t<\/div>\n\t\t\t\t\t<\/div>\n\t\t\t\t<\/div>\n\t\t<div class=\"elementor-element elementor-element-cc1501a e-flex e-con-boxed e-con e-parent\" data-id=\"cc1501a\" data-element_type=\"container\" data-e-type=\"container\">\n\t\t\t\t\t<div class=\"e-con-inner\">\n\t\t<div class=\"elementor-element elementor-element-266783d e-con-full e-flex e-con e-child\" data-id=\"266783d\" data-element_type=\"container\" data-e-type=\"container\">\n\t\t<div class=\"elementor-element elementor-element-a4fac49 e-con-full e-flex e-con e-child\" data-id=\"a4fac49\" data-element_type=\"container\" data-e-type=\"container\">\n\t\t\t\t<div class=\"elementor-element elementor-element-d8f444b elementor-widget elementor-widget-image\" data-id=\"d8f444b\" data-element_type=\"widget\" data-e-type=\"widget\" data-widget_type=\"image.default\">\n\t\t\t\t<div class=\"elementor-widget-container\">\n\t\t\t\t\t\t\t\t\t\t\t\t\t\t\t<img fetchpriority=\"high\" decoding=\"async\" width=\"800\" height=\"449\" src=\"https:\/\/calerodiving.com\/wp-content\/uploads\/2025\/07\/blue-hole-1030x578-1.webp\" class=\"attachment-large size-large wp-image-19997\" alt=\"\" srcset=\"https:\/\/calerodiving.com\/wp-content\/uploads\/2025\/07\/blue-hole-1030x578-1.webp 1030w, https:\/\/calerodiving.com\/wp-content\/uploads\/2025\/07\/blue-hole-1030x578-1-300x168.webp 300w, https:\/\/calerodiving.com\/wp-content\/uploads\/2025\/07\/blue-hole-1030x578-1-768x431.webp 768w\" sizes=\"(max-width: 800px) 100vw, 800px\" \/>\t\t\t\t\t\t\t\t\t\t\t\t\t\t\t<\/div>\n\t\t\t\t<\/div>\n\t\t\t\t<div class=\"elementor-element elementor-element-8c1781e elementor-widget elementor-widget-text-editor\" data-id=\"8c1781e\" data-element_type=\"widget\" data-e-type=\"widget\" data-widget_type=\"text-editor.default\">\n\t\t\t\t<div class=\"elementor-widget-container\">\n\t\t\t\t\t\t\t\t\t<p data-start=\"1652\" data-end=\"1776\">Westlich des Cathedral-Tauchplatzes entlang der Riffwand liegt das Blue Hole \u2013 eine nat\u00fcrliche, vulkanische \u00d6ffnung im Riff.<\/p><p data-start=\"1778\" data-end=\"1924\">Es beginnt in etwa 20 Metern Tiefe und reicht bis knapp unter 30 Meter \u2013 damit z\u00e4hlt das Blue Hole zu den absoluten Must-Dive-Spots auf Lanzarote.<\/p><p data-start=\"1926\" data-end=\"2050\">In unmittelbarer N\u00e4he befindet sich eine kleine H\u00f6hle mit dichten Garnelenschw\u00e4rmen \u2013 ein weiteres Highlight des Tauchgangs.<\/p><p data-start=\"2052\" data-end=\"2148\">Die umliegende Riffwand bietet zahlreiche kleine H\u00f6hlen und Spalten, die erkundet werden k\u00f6nnen.<\/p><p data-start=\"2150\" data-end=\"2254\">Auf dem R\u00fcckweg kannst du entlang der Hafenmauer tauchen und den Tauchgang abwechslungsreich verl\u00e4ngern.<\/p><p data-start=\"2256\" data-end=\"2385\">Dieser flachere Bereich eignet sich ideal zur Verl\u00e4ngerung der Tauchzeit und ist h\u00e4ufig Heimat von Sepien, Rochen und Engelhaien.<\/p>\t\t\t\t\t\t\t\t<\/div>\n\t\t\t\t<\/div>\n\t\t\t\t<\/div>\n\t\t\t\t<\/div>\n\t\t<div class=\"elementor-element elementor-element-ba7023d e-con-full e-flex e-con e-child\" data-id=\"ba7023d\" data-element_type=\"container\" data-e-type=\"container\">\n\t\t<div class=\"elementor-element elementor-element-00e3466 e-con-full course-sidebar-box e-flex e-con e-child\" data-id=\"00e3466\" data-element_type=\"container\" data-e-type=\"container\" data-settings=\"{&quot;sticky&quot;:&quot;top&quot;,&quot;sticky_offset&quot;:110,&quot;sticky_effects_offset&quot;:130,&quot;sticky_parent&quot;:&quot;yes&quot;,&quot;sticky_on&quot;:[&quot;desktop&quot;,&quot;tablet&quot;,&quot;mobile&quot;],&quot;sticky_anchor_link_offset&quot;:0}\">\n\t\t\t\t<div class=\"elementor-element elementor-element-87dbe9b elementor-widget elementor-widget-image\" data-id=\"87dbe9b\" data-element_type=\"widget\" data-e-type=\"widget\" data-widget_type=\"image.default\">\n\t\t\t\t<div class=\"elementor-widget-container\">\n\t\t\t\t\t\t\t\t\t\t\t\t\t\t\t<img decoding=\"async\" width=\"558\" height=\"560\" src=\"https:\/\/calerodiving.com\/wp-content\/uploads\/2025\/07\/Captura-de-pantalla-2025-07-17-a-las-13.57.24.png\" class=\"attachment-large size-large wp-image-21752\" alt=\"\" srcset=\"https:\/\/calerodiving.com\/wp-content\/uploads\/2025\/07\/Captura-de-pantalla-2025-07-17-a-las-13.57.24.png 558w, https:\/\/calerodiving.com\/wp-content\/uploads\/2025\/07\/Captura-de-pantalla-2025-07-17-a-las-13.57.24-300x300.png 300w, https:\/\/calerodiving.com\/wp-content\/uploads\/2025\/07\/Captura-de-pantalla-2025-07-17-a-las-13.57.24-80x80.png 80w\" sizes=\"(max-width: 558px) 100vw, 558px\" \/>\t\t\t\t\t\t\t\t\t\t\t\t\t\t\t<\/div>\n\t\t\t\t<\/div>\n\t\t\t\t<div class=\"elementor-element elementor-element-5aeb5dc elementor-widget elementor-widget-text-editor\" data-id=\"5aeb5dc\" data-element_type=\"widget\" data-e-type=\"widget\" data-widget_type=\"text-editor.default\">\n\t\t\t\t<div class=\"elementor-widget-container\">\n\t\t\t\t\t\t\t\t\t<div class=\"courses-info\">\n<p style=\"margin: 0 0 10px;\"><span style=\"color: #ffffff;\"><strong>Art des Tauchgangs:<\/strong> Lavariff und Durchbruch (Swim-Through)<\/span><\/p>\n<p style=\"margin: 0 0 10px;\"><span style=\"color: #ffffff;\"><strong>Maximale Tiefe:<\/strong> ca. 30 Meter<\/span><\/p>\n<p style=\"margin: 0 0 10px;\"><span style=\"color: #ffffff;\"><strong>Geeignet f\u00fcr:<\/strong> fortgeschrittene und sichere Sporttaucher<\/span><\/p>\n<p style=\"margin: 0;\"><span style=\"color: #ffffff;\"><strong>Zu sehen:<\/strong> vulkanische Formationen, Garnelenschw\u00e4rme, Rochen, Zackenbarsche und Riffleben<\/span><\/p>\n<\/div>\t\t\t\t\t\t\t\t<\/div>\n\t\t\t\t<\/div>\n\t\t\t\t<div class=\"elementor-element elementor-element-08afa8a elementor-widget elementor-widget-ucaddon_underline_link_hover_effect\" data-id=\"08afa8a\" data-element_type=\"widget\" data-e-type=\"widget\" data-widget_type=\"ucaddon_underline_link_hover_effect.default\">\n\t\t\t\t<div class=\"elementor-widget-container\">\n\t\t\t\t\t\n<!-- start Underline Link Hover Effect -->\n\t\t<link id='font-awesome-css' href='https:\/\/calerodiving.com\/wp-content\/plugins\/unlimited-elements-for-elementor-premium\/assets_libraries\/font-awesome6\/fontawesome-all.min.css' type='text\/css' rel='stylesheet' >\n\t\t<link id='font-awesome-4-shim-css' href='https:\/\/calerodiving.com\/wp-content\/plugins\/unlimited-elements-for-elementor-premium\/assets_libraries\/font-awesome6\/fontawesome-v4-shims.min.css' type='text\/css' rel='stylesheet' >\n\n<style>\/* widget: Underline Link Hover Effect *\/\n\n#uc_underline_link_hover_effect_elementor_08afa8a{\n  display:flex;\n} \n\n#uc_underline_link_hover_effect_elementor_08afa8a a.ue-link{\n  display:flex;\n  position:relative;\n  align-items:center;\n  justify-content:center;\n  text-decoration:none;\n}\n\n#uc_underline_link_hover_effect_elementor_08afa8a a.ue-link:after{\n  content: \"\";\n    width:100%;\n    position:absolute;\n  bottom:0px;\n    left:0px;\n    display: block;\n  transition:1s;\n}\n\n#uc_underline_link_hover_effect_elementor_08afa8a a:hover:after{\n    width:0%;\n  }\n\n#uc_underline_link_hover_effect_elementor_08afa8a .ue-link-hover-effect-spacing{\n  transition:1s;\n}\n\n#uc_underline_link_hover_effect_elementor_08afa8a .ue-link-hover-effect-text{\n  padding:10px 0px;\n}\n\n#uc_underline_link_hover_effect_elementor_08afa8a .ue-link-hover-effect-icon{\n  line-height:1em;\n  transition:1s;\n}\n\n#uc_underline_link_hover_effect_elementor_08afa8a .ue-link-hover-effect-icon svg{\n  height:1em;\n  width:1em;\n}\n\n<\/style>\n\n<div id=\"uc_underline_link_hover_effect_elementor_08afa8a\" class=\"ue-link-wrap\">\n  <a class=\"ue-link\" href=\"\" >\n    <div class=\"ue-link-hover-effect-text\">Kontaktieren Sie uns<\/div>\n    <div class=\"ue-link-hover-effect-spacing\"><\/div>\n    <div class=\"ue-link-hover-effect-icon\"><i class='fas fa-arrow-right'><\/i><\/div>\n  <\/a>\n<\/div>\n<!-- end Underline Link Hover Effect -->\t\t\t\t<\/div>\n\t\t\t\t<\/div>\n\t\t\t\t<\/div>\n\t\t\t\t<\/div>\n\t\t\t\t\t<\/div>\n\t\t\t\t<\/div>\n\t\t\t\t<\/div>\n\t\t","protected":false},"excerpt":{"rendered":"<p>Das blaue Loch Westlich des Cathedral-Tauchplatzes entlang der Riffwand liegt das Blue Hole \u2013 eine nat\u00fcrliche, vulkanische \u00d6ffnung im Riff. Es beginnt in etwa 20 Metern Tiefe und reicht bis knapp unter 30 Meter \u2013 damit z\u00e4hlt das Blue Hole zu den absoluten Must-Dive-Spots auf Lanzarote. In unmittelbarer N\u00e4he befindet sich eine kleine H\u00f6hle mit [&hellip;]<\/p>\n","protected":false},"author":10,"featured_media":0,"parent":0,"menu_order":0,"comment_status":"closed","ping_status":"closed","template":"","meta":{"_acf_changed":false,"footnotes":""},"class_list":["post-24833","page","type-page","status-publish","hentry"],"acf":[],"yoast_head":"<!-- This site is optimized with the Yoast SEO plugin v27.5 - https:\/\/yoast.com\/product\/yoast-seo-wordpress\/ -->\n<title>Das blaue Loch | Calero Diving Lanzarote<\/title>\n<meta name=\"robots\" content=\"index, follow, max-snippet:-1, max-image-preview:large, max-video-preview:-1\" \/>\n<link rel=\"canonical\" href=\"https:\/\/calerodiving.com\/the-blue-hole\/\" \/>\n<meta property=\"og:locale\" content=\"de_DE\" \/>\n<meta property=\"og:type\" content=\"article\" \/>\n<meta property=\"og:title\" content=\"Das blaue Loch | Calero Diving Lanzarote\" \/>\n<meta property=\"og:description\" content=\"Das blaue Loch Westlich des Cathedral-Tauchplatzes entlang der Riffwand liegt das Blue Hole \u2013 eine nat\u00fcrliche, vulkanische \u00d6ffnung im Riff. Es beginnt in etwa 20 Metern Tiefe und reicht bis knapp unter 30 Meter \u2013 damit z\u00e4hlt das Blue Hole zu den absoluten Must-Dive-Spots auf Lanzarote. In unmittelbarer N\u00e4he befindet sich eine kleine H\u00f6hle mit [&hellip;]\" \/>\n<meta property=\"og:url\" content=\"https:\/\/calerodiving.com\/the-blue-hole\/\" \/>\n<meta property=\"og:site_name\" content=\"Calero Diving Lanzarote\" \/>\n<meta property=\"article:publisher\" content=\"https:\/\/www.facebook.com\/calerodiving\/\" \/>\n<meta property=\"article:modified_time\" content=\"2026-04-20T13:47:26+00:00\" \/>\n<meta property=\"og:image\" content=\"https:\/\/calerodiving.com\/wp-content\/uploads\/2025\/07\/blue-hole-1030x578-1.webp\" \/>\n\t<meta property=\"og:image:width\" content=\"1030\" \/>\n\t<meta property=\"og:image:height\" content=\"578\" \/>\n\t<meta property=\"og:image:type\" content=\"image\/webp\" \/>\n<meta name=\"twitter:card\" content=\"summary_large_image\" \/>\n<meta name=\"twitter:label1\" content=\"Gesch\u00e4tzte Lesezeit\" \/>\n\t<meta name=\"twitter:data1\" content=\"2\u00a0Minuten\" \/>\n<script type=\"application\/ld+json\" class=\"yoast-schema-graph\">{\"@context\":\"https:\\\/\\\/schema.org\",\"@graph\":[{\"@type\":\"WebPage\",\"@id\":\"https:\\\/\\\/calerodiving.com\\\/the-blue-hole\\\/\",\"url\":\"https:\\\/\\\/calerodiving.com\\\/the-blue-hole\\\/\",\"name\":\"Das blaue Loch | Calero Diving Lanzarote\",\"isPartOf\":{\"@id\":\"https:\\\/\\\/calerodiving.com\\\/#website\"},\"primaryImageOfPage\":{\"@id\":\"https:\\\/\\\/calerodiving.com\\\/the-blue-hole\\\/#primaryimage\"},\"image\":{\"@id\":\"https:\\\/\\\/calerodiving.com\\\/the-blue-hole\\\/#primaryimage\"},\"thumbnailUrl\":\"https:\\\/\\\/calerodiving.com\\\/wp-content\\\/uploads\\\/2025\\\/07\\\/blue-hole-1030x578-1.webp\",\"datePublished\":\"2025-09-01T12:28:47+00:00\",\"dateModified\":\"2026-04-20T13:47:26+00:00\",\"breadcrumb\":{\"@id\":\"https:\\\/\\\/calerodiving.com\\\/the-blue-hole\\\/#breadcrumb\"},\"inLanguage\":\"de\",\"potentialAction\":[{\"@type\":\"ReadAction\",\"target\":[\"https:\\\/\\\/calerodiving.com\\\/the-blue-hole\\\/\"]}]},{\"@type\":\"ImageObject\",\"inLanguage\":\"de\",\"@id\":\"https:\\\/\\\/calerodiving.com\\\/the-blue-hole\\\/#primaryimage\",\"url\":\"https:\\\/\\\/calerodiving.com\\\/wp-content\\\/uploads\\\/2025\\\/07\\\/blue-hole-1030x578-1.webp\",\"contentUrl\":\"https:\\\/\\\/calerodiving.com\\\/wp-content\\\/uploads\\\/2025\\\/07\\\/blue-hole-1030x578-1.webp\"},{\"@type\":\"BreadcrumbList\",\"@id\":\"https:\\\/\\\/calerodiving.com\\\/the-blue-hole\\\/#breadcrumb\",\"itemListElement\":[{\"@type\":\"ListItem\",\"position\":1,\"name\":\"Home\",\"item\":\"https:\\\/\\\/calerodiving.com\\\/es\\\/\"},{\"@type\":\"ListItem\",\"position\":2,\"name\":\"Das blaue Loch\"}]},{\"@type\":\"WebSite\",\"@id\":\"https:\\\/\\\/calerodiving.com\\\/#website\",\"url\":\"https:\\\/\\\/calerodiving.com\\\/\",\"name\":\"Calero Diving Lanzarote\",\"description\":\"Dive Center - Marina Puerto Calero Lanzarote\",\"publisher\":{\"@id\":\"https:\\\/\\\/calerodiving.com\\\/#organization\"},\"alternateName\":\"Calero Diving\",\"potentialAction\":[{\"@type\":\"SearchAction\",\"target\":{\"@type\":\"EntryPoint\",\"urlTemplate\":\"https:\\\/\\\/calerodiving.com\\\/?s={search_term_string}\"},\"query-input\":{\"@type\":\"PropertyValueSpecification\",\"valueRequired\":true,\"valueName\":\"search_term_string\"}}],\"inLanguage\":\"de\"},{\"@type\":\"Organization\",\"@id\":\"https:\\\/\\\/calerodiving.com\\\/#organization\",\"name\":\"Calero Diving Lanzarote\",\"alternateName\":\"Calero Diving\",\"url\":\"https:\\\/\\\/calerodiving.com\\\/\",\"logo\":{\"@type\":\"ImageObject\",\"inLanguage\":\"de\",\"@id\":\"https:\\\/\\\/calerodiving.com\\\/#\\\/schema\\\/logo\\\/image\\\/\",\"url\":\"https:\\\/\\\/calerodiving.com\\\/wp-content\\\/uploads\\\/2025\\\/05\\\/Grupo.png\",\"contentUrl\":\"https:\\\/\\\/calerodiving.com\\\/wp-content\\\/uploads\\\/2025\\\/05\\\/Grupo.png\",\"width\":499,\"height\":590,\"caption\":\"Calero Diving Lanzarote\"},\"image\":{\"@id\":\"https:\\\/\\\/calerodiving.com\\\/#\\\/schema\\\/logo\\\/image\\\/\"},\"sameAs\":[\"https:\\\/\\\/www.facebook.com\\\/calerodiving\\\/\",\"https:\\\/\\\/www.instagram.com\\\/calerodiving\\\/\"]}]}<\/script>\n<!-- \/ Yoast SEO plugin. -->","yoast_head_json":{"title":"Das blaue Loch | Calero Diving Lanzarote","robots":{"index":"index","follow":"follow","max-snippet":"max-snippet:-1","max-image-preview":"max-image-preview:large","max-video-preview":"max-video-preview:-1"},"canonical":"https:\/\/calerodiving.com\/the-blue-hole\/","og_locale":"de_DE","og_type":"article","og_title":"Das blaue Loch | Calero Diving Lanzarote","og_description":"Das blaue Loch Westlich des Cathedral-Tauchplatzes entlang der Riffwand liegt das Blue Hole \u2013 eine nat\u00fcrliche, vulkanische \u00d6ffnung im Riff. Es beginnt in etwa 20 Metern Tiefe und reicht bis knapp unter 30 Meter \u2013 damit z\u00e4hlt das Blue Hole zu den absoluten Must-Dive-Spots auf Lanzarote. In unmittelbarer N\u00e4he befindet sich eine kleine H\u00f6hle mit [&hellip;]","og_url":"https:\/\/calerodiving.com\/the-blue-hole\/","og_site_name":"Calero Diving Lanzarote","article_publisher":"https:\/\/www.facebook.com\/calerodiving\/","article_modified_time":"2026-04-20T13:47:26+00:00","og_image":[{"width":1030,"height":578,"url":"https:\/\/calerodiving.com\/wp-content\/uploads\/2025\/07\/blue-hole-1030x578-1.webp","type":"image\/webp"}],"twitter_card":"summary_large_image","twitter_misc":{"Gesch\u00e4tzte Lesezeit":"2\u00a0Minuten"},"schema":{"@context":"https:\/\/schema.org","@graph":[{"@type":"WebPage","@id":"https:\/\/calerodiving.com\/the-blue-hole\/","url":"https:\/\/calerodiving.com\/the-blue-hole\/","name":"Das blaue Loch | Calero Diving Lanzarote","isPartOf":{"@id":"https:\/\/calerodiving.com\/#website"},"primaryImageOfPage":{"@id":"https:\/\/calerodiving.com\/the-blue-hole\/#primaryimage"},"image":{"@id":"https:\/\/calerodiving.com\/the-blue-hole\/#primaryimage"},"thumbnailUrl":"https:\/\/calerodiving.com\/wp-content\/uploads\/2025\/07\/blue-hole-1030x578-1.webp","datePublished":"2025-09-01T12:28:47+00:00","dateModified":"2026-04-20T13:47:26+00:00","breadcrumb":{"@id":"https:\/\/calerodiving.com\/the-blue-hole\/#breadcrumb"},"inLanguage":"de","potentialAction":[{"@type":"ReadAction","target":["https:\/\/calerodiving.com\/the-blue-hole\/"]}]},{"@type":"ImageObject","inLanguage":"de","@id":"https:\/\/calerodiving.com\/the-blue-hole\/#primaryimage","url":"https:\/\/calerodiving.com\/wp-content\/uploads\/2025\/07\/blue-hole-1030x578-1.webp","contentUrl":"https:\/\/calerodiving.com\/wp-content\/uploads\/2025\/07\/blue-hole-1030x578-1.webp"},{"@type":"BreadcrumbList","@id":"https:\/\/calerodiving.com\/the-blue-hole\/#breadcrumb","itemListElement":[{"@type":"ListItem","position":1,"name":"Home","item":"https:\/\/calerodiving.com\/es\/"},{"@type":"ListItem","position":2,"name":"Das blaue Loch"}]},{"@type":"WebSite","@id":"https:\/\/calerodiving.com\/#website","url":"https:\/\/calerodiving.com\/","name":"Calero Diving Lanzarote","description":"Dive Center - Marina Puerto Calero Lanzarote","publisher":{"@id":"https:\/\/calerodiving.com\/#organization"},"alternateName":"Calero Diving","potentialAction":[{"@type":"SearchAction","target":{"@type":"EntryPoint","urlTemplate":"https:\/\/calerodiving.com\/?s={search_term_string}"},"query-input":{"@type":"PropertyValueSpecification","valueRequired":true,"valueName":"search_term_string"}}],"inLanguage":"de"},{"@type":"Organization","@id":"https:\/\/calerodiving.com\/#organization","name":"Calero Diving Lanzarote","alternateName":"Calero Diving","url":"https:\/\/calerodiving.com\/","logo":{"@type":"ImageObject","inLanguage":"de","@id":"https:\/\/calerodiving.com\/#\/schema\/logo\/image\/","url":"https:\/\/calerodiving.com\/wp-content\/uploads\/2025\/05\/Grupo.png","contentUrl":"https:\/\/calerodiving.com\/wp-content\/uploads\/2025\/05\/Grupo.png","width":499,"height":590,"caption":"Calero Diving Lanzarote"},"image":{"@id":"https:\/\/calerodiving.com\/#\/schema\/logo\/image\/"},"sameAs":["https:\/\/www.facebook.com\/calerodiving\/","https:\/\/www.instagram.com\/calerodiving\/"]}]}},"_links":{"self":[{"href":"https:\/\/calerodiving.com\/de\/wp-json\/wp\/v2\/pages\/24833","targetHints":{"allow":["GET"]}}],"collection":[{"href":"https:\/\/calerodiving.com\/de\/wp-json\/wp\/v2\/pages"}],"about":[{"href":"https:\/\/calerodiving.com\/de\/wp-json\/wp\/v2\/types\/page"}],"author":[{"embeddable":true,"href":"https:\/\/calerodiving.com\/de\/wp-json\/wp\/v2\/users\/10"}],"replies":[{"embeddable":true,"href":"https:\/\/calerodiving.com\/de\/wp-json\/wp\/v2\/comments?post=24833"}],"version-history":[{"count":4,"href":"https:\/\/calerodiving.com\/de\/wp-json\/wp\/v2\/pages\/24833\/revisions"}],"predecessor-version":[{"id":28576,"href":"https:\/\/calerodiving.com\/de\/wp-json\/wp\/v2\/pages\/24833\/revisions\/28576"}],"wp:attachment":[{"href":"https:\/\/calerodiving.com\/de\/wp-json\/wp\/v2\/media?parent=24833"}],"curies":[{"name":"wp","href":"https:\/\/api.w.org\/{rel}","templated":true}]}}