{"id":24801,"date":"2025-09-01T13:28:08","date_gmt":"2025-09-01T12:28:08","guid":{"rendered":"https:\/\/calerodiving.com\/wracktauchen\/"},"modified":"2026-04-20T10:05:41","modified_gmt":"2026-04-20T09:05:41","slug":"wreck-diving","status":"publish","type":"page","link":"https:\/\/calerodiving.com\/de\/wreck-diving\/","title":{"rendered":"Wreck Diving"},"content":{"rendered":"\t\t<div data-elementor-type=\"wp-page\" data-elementor-id=\"24801\" class=\"elementor elementor-24801 elementor-20619\" data-elementor-post-type=\"page\">\n\t\t\t\t<div class=\"elementor-element elementor-element-c83e175 e-flex e-con-boxed e-con e-parent\" data-id=\"c83e175\" data-element_type=\"container\" data-e-type=\"container\">\n\t\t\t\t\t<div class=\"e-con-inner\">\n\t\t<div class=\"elementor-element elementor-element-41a0ad5 e-con-full e-flex e-con e-child\" data-id=\"41a0ad5\" data-element_type=\"container\" data-e-type=\"container\">\n\t\t\t\t<div class=\"elementor-element elementor-element-34749b7 elementor-widget elementor-widget-image\" data-id=\"34749b7\" data-element_type=\"widget\" data-e-type=\"widget\" data-widget_type=\"image.default\">\n\t\t\t\t<div class=\"elementor-widget-container\">\n\t\t\t\t\t\t\t\t\t\t\t\t\t\t\t<img fetchpriority=\"high\" decoding=\"async\" width=\"598\" height=\"380\" src=\"https:\/\/calerodiving.com\/wp-content\/uploads\/2017\/10\/wreck-diving.jpg\" class=\"attachment-large size-large wp-image-1996\" alt=\"\" srcset=\"https:\/\/calerodiving.com\/wp-content\/uploads\/2017\/10\/wreck-diving.jpg 598w, https:\/\/calerodiving.com\/wp-content\/uploads\/2017\/10\/wreck-diving-300x191.jpg 300w, https:\/\/calerodiving.com\/wp-content\/uploads\/2017\/10\/wreck-diving-450x286.jpg 450w\" sizes=\"(max-width: 598px) 100vw, 598px\" \/>\t\t\t\t\t\t\t\t\t\t\t\t\t\t\t<\/div>\n\t\t\t\t<\/div>\n\t\t\t\t<\/div>\n\t\t<div class=\"elementor-element elementor-element-4f79167 e-con-full e-flex e-con e-child\" data-id=\"4f79167\" data-element_type=\"container\" data-e-type=\"container\">\n\t\t<div class=\"elementor-element elementor-element-a8eb4ba e-con-full e-flex e-con e-child\" data-id=\"a8eb4ba\" data-element_type=\"container\" data-e-type=\"container\">\n\t\t\t\t<div class=\"elementor-element elementor-element-fccbef3 elementor-widget elementor-widget-html\" data-id=\"fccbef3\" data-element_type=\"widget\" data-e-type=\"widget\" data-widget_type=\"html.default\">\n\t\t\t\t<div class=\"elementor-widget-container\">\n\t\t\t\t\t<a href=\"https:\/\/calerodiving.com\/de\/sporttauchkurse\/#specialties\" class=\"tag-button\">Spezialit\u00e4ten<\/a>\n\t\t\t\t<\/div>\n\t\t\t\t<\/div>\n\t\t\t\t<div class=\"elementor-element elementor-element-fd538dc elementor-widget elementor-widget-heading\" data-id=\"fd538dc\" data-element_type=\"widget\" data-e-type=\"widget\" data-widget_type=\"heading.default\">\n\t\t\t\t<div class=\"elementor-widget-container\">\n\t\t\t\t\t<h2 class=\"elementor-heading-title elementor-size-default\">Wreck Diving<\/h2>\t\t\t\t<\/div>\n\t\t\t\t<\/div>\n\t\t\t\t<\/div>\n\t\t\t\t<\/div>\n\t\t\t\t\t<\/div>\n\t\t\t\t<\/div>\n\t\t<div class=\"elementor-element elementor-element-6116074 e-flex e-con-boxed e-con e-parent\" data-id=\"6116074\" data-element_type=\"container\" data-e-type=\"container\">\n\t\t\t\t\t<div class=\"e-con-inner\">\n\t\t<div class=\"elementor-element elementor-element-6aa8266 e-con-full e-flex e-con e-child\" data-id=\"6aa8266\" data-element_type=\"container\" data-e-type=\"container\">\n\t\t<div class=\"elementor-element elementor-element-9d4cff2 e-con-full e-flex e-con e-child\" data-id=\"9d4cff2\" data-element_type=\"container\" data-e-type=\"container\">\n\t\t\t\t<div class=\"elementor-element elementor-element-f3a93a0 elementor-widget elementor-widget-heading\" data-id=\"f3a93a0\" data-element_type=\"widget\" data-e-type=\"widget\" data-widget_type=\"heading.default\">\n\t\t\t\t<div class=\"elementor-widget-container\">\n\t\t\t\t\t<h2 class=\"elementor-heading-title elementor-size-default\">Erkunde versunkene Wracks sicher und entdecke eine v\u00f6llig andere Unterwasserwelt.<\/h2>\t\t\t\t<\/div>\n\t\t\t\t<\/div>\n\t\t\t\t<div class=\"elementor-element elementor-element-3cc1cca elementor-widget elementor-widget-text-editor\" data-id=\"3cc1cca\" data-element_type=\"widget\" data-e-type=\"widget\" data-widget_type=\"text-editor.default\">\n\t\t\t\t<div class=\"elementor-widget-container\">\n\t\t\t\t\t\t\t\t\t<div class=\"section-list\">\n<h3>Kurs\u00fcbersicht<\/h3>\n<p>F\u00fcr viele Taucher geh\u00f6ren Wracks zu den faszinierendsten Tauchpl\u00e4tzen \u00fcberhaupt. Die Erkundung eines versunkenen Schiffs verbindet Geschichte, Meeresleben und Abenteuer auf eine Weise, wie es nur wenige andere Tauchg\u00e4nge k\u00f6nnen.<\/p>\n<p><span style=\"font-family: -apple-system, BlinkMacSystemFont, &quot;SF Pro Display&quot;, &quot;Helvetica Neue&quot;, sans-serif;\">Mit der Zeit werden Wracks oft zu k\u00fcnstlichen Riffen, die Meereslebewesen anziehen und einzigartige Unterwasserlandschaften mit viel Struktur und Charakter schaffen.<\/span><\/p>\n<p><span style=\"font-family: -apple-system, BlinkMacSystemFont, &quot;SF Pro Display&quot;, &quot;Helvetica Neue&quot;, sans-serif;\">Die SSI Wreck Diving Specialty vermittelt dir die F\u00e4higkeiten und Kenntnisse, die du brauchst, um Wracks sicherer, selbstbewusster und mit mehr Verst\u00e4ndnis zu erkunden.<\/span><\/p>\n<p><span style=\"font-family: -apple-system, BlinkMacSystemFont, &quot;SF Pro Display&quot;, &quot;Helvetica Neue&quot;, sans-serif;\">Dieser Kurs konzentriert sich auf Wracktauchen ohne Penetration. Das Eindringen in geschlossene Bereiche eines Wracks erfordert zus\u00e4tzliche fortgeschrittene Ausbildung und sollte niemals leichtfertig angegangen werden.<\/span><\/p>\n<h3>Dauer<\/h3>\n<ul>\n<li>1 Tages-Kurs<\/li>\n<\/ul>\n<h3>Inklusive<\/h3>\n<ul>\n<li>2 Ausbildungstauchg\u00e4nge, digitale Lernmaterialien und SSI Wreck Diving Zertifizierung<\/li>\n<\/ul>\n<h3>Nicht inklusive<\/h3>\n<ul>\n<li>Leihausr\u00fcstung und Tauchversicherung<\/li>\n<\/ul>\n<h3>Voraussetzungen<\/h3>\n<ul>\n<li>SSI Open Water Diver Zertifizierung oder gleichwertig<\/li>\n<\/ul>\n<h3>Weitere Kurse, die dich interessieren k\u00f6nnten:<\/h3>\n<ul>\n<li><a href=\"https:\/\/calerodiving.com\/photo-video\/\">Photo &amp; Video<\/a><\/li>\n<li><a href=\"#\">Perfect Buoyancy<\/a><\/li>\n<li><a href=\"#\">Recreational Sidemount Diving<\/a><\/li>\n<\/ul>\n<\/div>\t\t\t\t\t\t\t\t<\/div>\n\t\t\t\t<\/div>\n\t\t\t\t<\/div>\n\t\t\t\t<\/div>\n\t\t<div class=\"elementor-element elementor-element-556c4b3 e-con-full e-flex e-con e-child\" data-id=\"556c4b3\" data-element_type=\"container\" data-e-type=\"container\">\n\t\t<div class=\"elementor-element elementor-element-7d210a2 e-con-full course-sidebar-box e-flex e-con e-child\" data-id=\"7d210a2\" data-element_type=\"container\" data-e-type=\"container\" data-settings=\"{&quot;sticky&quot;:&quot;top&quot;,&quot;sticky_offset&quot;:110,&quot;sticky_effects_offset&quot;:130,&quot;sticky_parent&quot;:&quot;yes&quot;,&quot;sticky_on&quot;:[&quot;desktop&quot;,&quot;tablet&quot;,&quot;mobile&quot;],&quot;sticky_anchor_link_offset&quot;:0}\">\n\t\t\t\t<div class=\"elementor-element elementor-element-b4c97b5 elementor-widget elementor-widget-text-editor\" data-id=\"b4c97b5\" data-element_type=\"widget\" data-e-type=\"widget\" data-widget_type=\"text-editor.default\">\n\t\t\t\t<div class=\"elementor-widget-container\">\n\t\t\t\t\t\t\t\t\t<div class=\"courses-info\"><h6 class=\"no-margin\">Dauer:<\/h6><p class=\"no-margin\">1-t\u00e4giger Kurs<\/p><\/div><div class=\"courses-info\"><h6 class=\"no-margin\">Preis:<\/h6><p class=\"no-margin\">Ab 225 \u20ac<\/p><\/div>\t\t\t\t\t\t\t\t<\/div>\n\t\t\t\t<\/div>\n\t\t\t\t<div class=\"elementor-element elementor-element-00f908a elementor-mobile-align-center elementor-widget elementor-widget-button\" data-id=\"00f908a\" data-element_type=\"widget\" data-e-type=\"widget\" data-widget_type=\"button.default\">\n\t\t\t\t<div class=\"elementor-widget-container\">\n\t\t\t\t\t\t\t\t\t<div class=\"elementor-button-wrapper\">\n\t\t\t\t\t<a class=\"elementor-button elementor-button-link elementor-size-sm\" href=\"https:\/\/bukyapp.com\/booking?mode=pack&#038;product=622232244db01a005f511a39&#038;lang=en&#038;_gl=1*kpqp6g*_ga*ODU1MDM5OTIuMTc0MTE5MTcyMQ..*_ga_4WWMT2EY3C*czE3NTI0ODk3MzckbzY0JGcxJHQxNzUyNDkwNzk2JGo2MCRsMCRoMA..\" target=\"_blank\">\n\t\t\t\t\t\t<span class=\"elementor-button-content-wrapper\">\n\t\t\t\t\t\t\t\t\t<span class=\"elementor-button-text\">Kurs buchen<\/span>\n\t\t\t\t\t<\/span>\n\t\t\t\t\t<\/a>\n\t\t\t\t<\/div>\n\t\t\t\t\t\t\t\t<\/div>\n\t\t\t\t<\/div>\n\t\t\t\t<\/div>\n\t\t\t\t<\/div>\n\t\t\t\t\t<\/div>\n\t\t\t\t<\/div>\n\t\t\t\t<\/div>\n\t\t","protected":false},"excerpt":{"rendered":"<p>Spezialit\u00e4ten Wreck Diving Erkunde versunkene Wracks sicher und entdecke eine v\u00f6llig andere Unterwasserwelt. Kurs\u00fcbersicht F\u00fcr viele Taucher geh\u00f6ren Wracks zu den faszinierendsten Tauchpl\u00e4tzen \u00fcberhaupt. Die Erkundung eines versunkenen Schiffs verbindet Geschichte, Meeresleben und Abenteuer auf eine Weise, wie es nur wenige andere Tauchg\u00e4nge k\u00f6nnen. Mit der Zeit werden Wracks oft zu k\u00fcnstlichen Riffen, die Meereslebewesen [&hellip;]<\/p>\n","protected":false},"author":10,"featured_media":0,"parent":0,"menu_order":0,"comment_status":"closed","ping_status":"closed","template":"","meta":{"_acf_changed":false,"footnotes":""},"class_list":["post-24801","page","type-page","status-publish","hentry"],"acf":[],"yoast_head":"<!-- This site is optimized with the Yoast SEO plugin v27.5 - https:\/\/yoast.com\/product\/yoast-seo-wordpress\/ -->\n<title>Wreck Diving | Calero Diving Lanzarote<\/title>\n<meta name=\"robots\" content=\"index, follow, max-snippet:-1, max-image-preview:large, max-video-preview:-1\" \/>\n<link rel=\"canonical\" href=\"https:\/\/calerodiving.com\/wreck-diving\/\" \/>\n<meta property=\"og:locale\" content=\"de_DE\" \/>\n<meta property=\"og:type\" content=\"article\" \/>\n<meta property=\"og:title\" content=\"Wreck Diving | Calero Diving Lanzarote\" \/>\n<meta property=\"og:description\" content=\"Spezialit\u00e4ten Wreck Diving Erkunde versunkene Wracks sicher und entdecke eine v\u00f6llig andere Unterwasserwelt. Kurs\u00fcbersicht F\u00fcr viele Taucher geh\u00f6ren Wracks zu den faszinierendsten Tauchpl\u00e4tzen \u00fcberhaupt. Die Erkundung eines versunkenen Schiffs verbindet Geschichte, Meeresleben und Abenteuer auf eine Weise, wie es nur wenige andere Tauchg\u00e4nge k\u00f6nnen. Mit der Zeit werden Wracks oft zu k\u00fcnstlichen Riffen, die Meereslebewesen [&hellip;]\" \/>\n<meta property=\"og:url\" content=\"https:\/\/calerodiving.com\/wreck-diving\/\" \/>\n<meta property=\"og:site_name\" content=\"Calero Diving Lanzarote\" \/>\n<meta property=\"article:publisher\" content=\"https:\/\/www.facebook.com\/calerodiving\/\" \/>\n<meta property=\"article:modified_time\" content=\"2026-04-20T09:05:41+00:00\" \/>\n<meta property=\"og:image\" content=\"https:\/\/calerodiving.com\/wp-content\/uploads\/2017\/10\/wreck-diving.jpg\" \/>\n\t<meta property=\"og:image:width\" content=\"598\" \/>\n\t<meta property=\"og:image:height\" content=\"380\" \/>\n\t<meta property=\"og:image:type\" content=\"image\/jpeg\" \/>\n<meta name=\"twitter:card\" content=\"summary_large_image\" \/>\n<meta name=\"twitter:label1\" content=\"Gesch\u00e4tzte Lesezeit\" \/>\n\t<meta name=\"twitter:data1\" content=\"2\u00a0Minuten\" \/>\n<script type=\"application\/ld+json\" class=\"yoast-schema-graph\">{\"@context\":\"https:\\\/\\\/schema.org\",\"@graph\":[{\"@type\":\"WebPage\",\"@id\":\"https:\\\/\\\/calerodiving.com\\\/wreck-diving\\\/\",\"url\":\"https:\\\/\\\/calerodiving.com\\\/wreck-diving\\\/\",\"name\":\"Wreck Diving | Calero Diving Lanzarote\",\"isPartOf\":{\"@id\":\"https:\\\/\\\/calerodiving.com\\\/#website\"},\"primaryImageOfPage\":{\"@id\":\"https:\\\/\\\/calerodiving.com\\\/wreck-diving\\\/#primaryimage\"},\"image\":{\"@id\":\"https:\\\/\\\/calerodiving.com\\\/wreck-diving\\\/#primaryimage\"},\"thumbnailUrl\":\"https:\\\/\\\/calerodiving.com\\\/wp-content\\\/uploads\\\/2017\\\/10\\\/wreck-diving.jpg\",\"datePublished\":\"2025-09-01T12:28:08+00:00\",\"dateModified\":\"2026-04-20T09:05:41+00:00\",\"breadcrumb\":{\"@id\":\"https:\\\/\\\/calerodiving.com\\\/wreck-diving\\\/#breadcrumb\"},\"inLanguage\":\"de\",\"potentialAction\":[{\"@type\":\"ReadAction\",\"target\":[\"https:\\\/\\\/calerodiving.com\\\/wreck-diving\\\/\"]}]},{\"@type\":\"ImageObject\",\"inLanguage\":\"de\",\"@id\":\"https:\\\/\\\/calerodiving.com\\\/wreck-diving\\\/#primaryimage\",\"url\":\"https:\\\/\\\/calerodiving.com\\\/wp-content\\\/uploads\\\/2017\\\/10\\\/wreck-diving.jpg\",\"contentUrl\":\"https:\\\/\\\/calerodiving.com\\\/wp-content\\\/uploads\\\/2017\\\/10\\\/wreck-diving.jpg\"},{\"@type\":\"BreadcrumbList\",\"@id\":\"https:\\\/\\\/calerodiving.com\\\/wreck-diving\\\/#breadcrumb\",\"itemListElement\":[{\"@type\":\"ListItem\",\"position\":1,\"name\":\"Home\",\"item\":\"https:\\\/\\\/calerodiving.com\\\/es\\\/\"},{\"@type\":\"ListItem\",\"position\":2,\"name\":\"Wreck Diving\"}]},{\"@type\":\"WebSite\",\"@id\":\"https:\\\/\\\/calerodiving.com\\\/#website\",\"url\":\"https:\\\/\\\/calerodiving.com\\\/\",\"name\":\"Calero Diving Lanzarote\",\"description\":\"Dive Center - Marina Puerto Calero Lanzarote\",\"publisher\":{\"@id\":\"https:\\\/\\\/calerodiving.com\\\/#organization\"},\"alternateName\":\"Calero Diving\",\"potentialAction\":[{\"@type\":\"SearchAction\",\"target\":{\"@type\":\"EntryPoint\",\"urlTemplate\":\"https:\\\/\\\/calerodiving.com\\\/?s={search_term_string}\"},\"query-input\":{\"@type\":\"PropertyValueSpecification\",\"valueRequired\":true,\"valueName\":\"search_term_string\"}}],\"inLanguage\":\"de\"},{\"@type\":\"Organization\",\"@id\":\"https:\\\/\\\/calerodiving.com\\\/#organization\",\"name\":\"Calero Diving Lanzarote\",\"alternateName\":\"Calero Diving\",\"url\":\"https:\\\/\\\/calerodiving.com\\\/\",\"logo\":{\"@type\":\"ImageObject\",\"inLanguage\":\"de\",\"@id\":\"https:\\\/\\\/calerodiving.com\\\/#\\\/schema\\\/logo\\\/image\\\/\",\"url\":\"https:\\\/\\\/calerodiving.com\\\/wp-content\\\/uploads\\\/2025\\\/05\\\/Grupo.png\",\"contentUrl\":\"https:\\\/\\\/calerodiving.com\\\/wp-content\\\/uploads\\\/2025\\\/05\\\/Grupo.png\",\"width\":499,\"height\":590,\"caption\":\"Calero Diving Lanzarote\"},\"image\":{\"@id\":\"https:\\\/\\\/calerodiving.com\\\/#\\\/schema\\\/logo\\\/image\\\/\"},\"sameAs\":[\"https:\\\/\\\/www.facebook.com\\\/calerodiving\\\/\",\"https:\\\/\\\/www.instagram.com\\\/calerodiving\\\/\"]}]}<\/script>\n<!-- \/ Yoast SEO plugin. -->","yoast_head_json":{"title":"Wreck Diving | Calero Diving Lanzarote","robots":{"index":"index","follow":"follow","max-snippet":"max-snippet:-1","max-image-preview":"max-image-preview:large","max-video-preview":"max-video-preview:-1"},"canonical":"https:\/\/calerodiving.com\/wreck-diving\/","og_locale":"de_DE","og_type":"article","og_title":"Wreck Diving | Calero Diving Lanzarote","og_description":"Spezialit\u00e4ten Wreck Diving Erkunde versunkene Wracks sicher und entdecke eine v\u00f6llig andere Unterwasserwelt. Kurs\u00fcbersicht F\u00fcr viele Taucher geh\u00f6ren Wracks zu den faszinierendsten Tauchpl\u00e4tzen \u00fcberhaupt. Die Erkundung eines versunkenen Schiffs verbindet Geschichte, Meeresleben und Abenteuer auf eine Weise, wie es nur wenige andere Tauchg\u00e4nge k\u00f6nnen. Mit der Zeit werden Wracks oft zu k\u00fcnstlichen Riffen, die Meereslebewesen [&hellip;]","og_url":"https:\/\/calerodiving.com\/wreck-diving\/","og_site_name":"Calero Diving Lanzarote","article_publisher":"https:\/\/www.facebook.com\/calerodiving\/","article_modified_time":"2026-04-20T09:05:41+00:00","og_image":[{"width":598,"height":380,"url":"https:\/\/calerodiving.com\/wp-content\/uploads\/2017\/10\/wreck-diving.jpg","type":"image\/jpeg"}],"twitter_card":"summary_large_image","twitter_misc":{"Gesch\u00e4tzte Lesezeit":"2\u00a0Minuten"},"schema":{"@context":"https:\/\/schema.org","@graph":[{"@type":"WebPage","@id":"https:\/\/calerodiving.com\/wreck-diving\/","url":"https:\/\/calerodiving.com\/wreck-diving\/","name":"Wreck Diving | Calero Diving Lanzarote","isPartOf":{"@id":"https:\/\/calerodiving.com\/#website"},"primaryImageOfPage":{"@id":"https:\/\/calerodiving.com\/wreck-diving\/#primaryimage"},"image":{"@id":"https:\/\/calerodiving.com\/wreck-diving\/#primaryimage"},"thumbnailUrl":"https:\/\/calerodiving.com\/wp-content\/uploads\/2017\/10\/wreck-diving.jpg","datePublished":"2025-09-01T12:28:08+00:00","dateModified":"2026-04-20T09:05:41+00:00","breadcrumb":{"@id":"https:\/\/calerodiving.com\/wreck-diving\/#breadcrumb"},"inLanguage":"de","potentialAction":[{"@type":"ReadAction","target":["https:\/\/calerodiving.com\/wreck-diving\/"]}]},{"@type":"ImageObject","inLanguage":"de","@id":"https:\/\/calerodiving.com\/wreck-diving\/#primaryimage","url":"https:\/\/calerodiving.com\/wp-content\/uploads\/2017\/10\/wreck-diving.jpg","contentUrl":"https:\/\/calerodiving.com\/wp-content\/uploads\/2017\/10\/wreck-diving.jpg"},{"@type":"BreadcrumbList","@id":"https:\/\/calerodiving.com\/wreck-diving\/#breadcrumb","itemListElement":[{"@type":"ListItem","position":1,"name":"Home","item":"https:\/\/calerodiving.com\/es\/"},{"@type":"ListItem","position":2,"name":"Wreck Diving"}]},{"@type":"WebSite","@id":"https:\/\/calerodiving.com\/#website","url":"https:\/\/calerodiving.com\/","name":"Calero Diving Lanzarote","description":"Dive Center - Marina Puerto Calero Lanzarote","publisher":{"@id":"https:\/\/calerodiving.com\/#organization"},"alternateName":"Calero Diving","potentialAction":[{"@type":"SearchAction","target":{"@type":"EntryPoint","urlTemplate":"https:\/\/calerodiving.com\/?s={search_term_string}"},"query-input":{"@type":"PropertyValueSpecification","valueRequired":true,"valueName":"search_term_string"}}],"inLanguage":"de"},{"@type":"Organization","@id":"https:\/\/calerodiving.com\/#organization","name":"Calero Diving Lanzarote","alternateName":"Calero Diving","url":"https:\/\/calerodiving.com\/","logo":{"@type":"ImageObject","inLanguage":"de","@id":"https:\/\/calerodiving.com\/#\/schema\/logo\/image\/","url":"https:\/\/calerodiving.com\/wp-content\/uploads\/2025\/05\/Grupo.png","contentUrl":"https:\/\/calerodiving.com\/wp-content\/uploads\/2025\/05\/Grupo.png","width":499,"height":590,"caption":"Calero Diving Lanzarote"},"image":{"@id":"https:\/\/calerodiving.com\/#\/schema\/logo\/image\/"},"sameAs":["https:\/\/www.facebook.com\/calerodiving\/","https:\/\/www.instagram.com\/calerodiving\/"]}]}},"_links":{"self":[{"href":"https:\/\/calerodiving.com\/de\/wp-json\/wp\/v2\/pages\/24801","targetHints":{"allow":["GET"]}}],"collection":[{"href":"https:\/\/calerodiving.com\/de\/wp-json\/wp\/v2\/pages"}],"about":[{"href":"https:\/\/calerodiving.com\/de\/wp-json\/wp\/v2\/types\/page"}],"author":[{"embeddable":true,"href":"https:\/\/calerodiving.com\/de\/wp-json\/wp\/v2\/users\/10"}],"replies":[{"embeddable":true,"href":"https:\/\/calerodiving.com\/de\/wp-json\/wp\/v2\/comments?post=24801"}],"version-history":[{"count":18,"href":"https:\/\/calerodiving.com\/de\/wp-json\/wp\/v2\/pages\/24801\/revisions"}],"predecessor-version":[{"id":27778,"href":"https:\/\/calerodiving.com\/de\/wp-json\/wp\/v2\/pages\/24801\/revisions\/27778"}],"wp:attachment":[{"href":"https:\/\/calerodiving.com\/de\/wp-json\/wp\/v2\/media?parent=24801"}],"curies":[{"name":"wp","href":"https:\/\/api.w.org\/{rel}","templated":true}]}}