{"id":24770,"date":"2025-08-27T09:02:40","date_gmt":"2025-08-27T08:02:40","guid":{"rendered":"https:\/\/calerodiving.com\/ccr-normoxic-trimix-taucher-mod-2\/"},"modified":"2025-08-27T09:02:40","modified_gmt":"2025-08-27T08:02:40","slug":"ccr-normoxic-trimix-taucher-mod-2","status":"publish","type":"page","link":"https:\/\/calerodiving.com\/de\/ccr-normoxic-trimix-taucher-mod-2\/","title":{"rendered":"CCR Normoxic Trimix Taucher (MOD 2)"},"content":{"rendered":"\t\t<div data-elementor-type=\"wp-page\" data-elementor-id=\"24770\" class=\"elementor elementor-24770 elementor-20997\" data-elementor-post-type=\"page\">\n\t\t\t\t<div class=\"elementor-element elementor-element-f695305 e-flex e-con-boxed e-con e-parent\" data-id=\"f695305\" data-element_type=\"container\" data-e-type=\"container\">\n\t\t\t\t\t<div class=\"e-con-inner\">\n\t\t<div class=\"elementor-element elementor-element-805f3ff e-con-full e-flex e-con e-child\" data-id=\"805f3ff\" data-element_type=\"container\" data-e-type=\"container\">\n\t\t\t\t<div class=\"elementor-element elementor-element-2ebc54b elementor-widget elementor-widget-image\" data-id=\"2ebc54b\" data-element_type=\"widget\" data-e-type=\"widget\" data-widget_type=\"image.default\">\n\t\t\t\t<div class=\"elementor-widget-container\">\n\t\t\t\t\t\t\t\t\t\t\t\t\t\t\t<img fetchpriority=\"high\" decoding=\"async\" width=\"700\" height=\"445\" src=\"https:\/\/calerodiving.com\/wp-content\/uploads\/2025\/07\/Logo-Iantd-Courses.png\" class=\"attachment-large size-large wp-image-20962\" alt=\"\" srcset=\"https:\/\/calerodiving.com\/wp-content\/uploads\/2025\/07\/Logo-Iantd-Courses.png 700w, https:\/\/calerodiving.com\/wp-content\/uploads\/2025\/07\/Logo-Iantd-Courses-300x191.png 300w\" sizes=\"(max-width: 700px) 100vw, 700px\" \/>\t\t\t\t\t\t\t\t\t\t\t\t\t\t\t<\/div>\n\t\t\t\t<\/div>\n\t\t\t\t<\/div>\n\t\t<div class=\"elementor-element elementor-element-c78496d e-con-full e-flex e-con e-child\" data-id=\"c78496d\" data-element_type=\"container\" data-e-type=\"container\">\n\t\t<div class=\"elementor-element elementor-element-4a709d4 e-con-full e-flex e-con e-child\" data-id=\"4a709d4\" data-element_type=\"container\" data-e-type=\"container\">\n\t\t\t\t<div class=\"elementor-element elementor-element-54facd5 elementor-widget elementor-widget-html\" data-id=\"54facd5\" data-element_type=\"widget\" data-e-type=\"widget\" data-widget_type=\"html.default\">\n\t\t\t\t<div class=\"elementor-widget-container\">\n\t\t\t\t\t<a href=\"https:\/\/calerodiving.com\/de\/?page_id=24525#iantd-closed\" class=\"tag-button\">technisch<\/a>\n\t\t\t\t<\/div>\n\t\t\t\t<\/div>\n\t\t\t\t<div class=\"elementor-element elementor-element-e996e2d elementor-widget elementor-widget-heading\" data-id=\"e996e2d\" data-element_type=\"widget\" data-e-type=\"widget\" data-widget_type=\"heading.default\">\n\t\t\t\t<div class=\"elementor-widget-container\">\n\t\t\t\t\t<h2 class=\"elementor-heading-title elementor-size-default\">CCR Normoxischer Trimix Taucher (MOD 2)\n<\/h2>\t\t\t\t<\/div>\n\t\t\t\t<\/div>\n\t\t\t\t<\/div>\n\t\t\t\t<\/div>\n\t\t\t\t\t<\/div>\n\t\t\t\t<\/div>\n\t\t<div class=\"elementor-element elementor-element-560c1ca e-flex e-con-boxed e-con e-parent\" data-id=\"560c1ca\" data-element_type=\"container\" data-e-type=\"container\">\n\t\t\t\t\t<div class=\"e-con-inner\">\n\t\t<div class=\"elementor-element elementor-element-e3ee0cb e-con-full e-flex e-con e-child\" data-id=\"e3ee0cb\" data-element_type=\"container\" data-e-type=\"container\">\n\t\t<div class=\"elementor-element elementor-element-73bdcd8 e-con-full e-flex e-con e-child\" data-id=\"73bdcd8\" data-element_type=\"container\" data-e-type=\"container\">\n\t\t\t\t<div class=\"elementor-element elementor-element-db617cc elementor-widget elementor-widget-heading\" data-id=\"db617cc\" data-element_type=\"widget\" data-e-type=\"widget\" data-widget_type=\"heading.default\">\n\t\t\t\t<div class=\"elementor-widget-container\">\n\t\t\t\t\t<h2 class=\"elementor-heading-title elementor-size-default\">Tauchen Sie etwas tiefer\u2026<\/h2>\t\t\t\t<\/div>\n\t\t\t\t<\/div>\n\t\t\t\t<div class=\"elementor-element elementor-element-54fe948 elementor-widget elementor-widget-text-editor\" data-id=\"54fe948\" data-element_type=\"widget\" data-e-type=\"widget\" data-widget_type=\"text-editor.default\">\n\t\t\t\t<div class=\"elementor-widget-container\">\n\t\t\t\t\t\t\t\t\t<div class=\"section-list\">\n  <h3>Programm\u00fcbersicht:<\/h3>\n  <ul>\n    <li>Der IANTD CCR Normoxic Trimix Taucherkurs ist darauf ausgelegt, diejenigen auszubilden, die in Tiefen zwischen 39 und 60 Metern tauchen m\u00f6chten, aber unter 39 Metern keine Luft atmen m\u00f6chten. Dieses Programm ist ferner darauf ausgelegt, Taucher im sichereren Umgang mit Rebreatern f\u00fcr Tauchg\u00e4nge mit normoxischen, heliumbasierten Gasmischungen zu schulen. <\/li>\n    <li>Basierend auf Leistung und Komfortniveau, nach Ermessen des Tauchlehrers, k\u00f6nnen Sie diesen Kurs auf das IANTD CCR Normoxic Trimix Plus Taucherprogramm upgraden. Dies wird Sie f\u00fcr Tiefen von 70 Metern zertifizieren. <\/li>\n  <\/ul>\n  <h3>Inklusive:<\/h3>\n  <ul>\n    <li>6 Trainingstauchg\u00e4nge<\/li>\n    <li>Sofnolime<\/li>\n    <li>Digitale Materialien<\/li>\n    <li>O2<\/li>\n    <li>Tauchflaschen<\/li>\n    <li>IANTD CCR Normoxic Trimix Taucher\/CCR Normoxic Trimix Plus Taucher Zertifizierung<\/li>\n  <\/ul>\n  <h3>Nicht inklusive:<\/h3>\n  <ul>\n    <li>Ausr\u00fcstungsverleih<\/li>\n    <li>Tauchversicherung<\/li>\n    <li>Miete der CCR-Einheit<\/li>\n    <li>Helium-Zusatz<\/li>\n  <\/ul>\n  <h3>Voraussetzungen:<\/h3>\n  <ul>\n    <li>Mindestens 18 Jahre alt<\/li>\n    <li>Mindestens 100 geloggte Tauchg\u00e4nge, davon mindestens 25 CCR-Tauchg\u00e4nge und 50 Stunden auf dem Ger\u00e4t, wobei mindestens 50 % davon auf demselben Ger\u00e4t geloggt wurden \u2013 30 Tauchg\u00e4nge m\u00fcssen tiefer als 27 Meter sein.<\/li>\n    <li>Besitzen Sie Zertifizierungen f\u00fcr IANTD CCR Advanced EANx Taucher oder gleichwertig<\/li>\n    <li>G\u00fcltige medizinische Bescheinigung aus dem letzten Jahr (keine Selbstzertifizierung akzeptiert)<\/li>\n  <\/ul>\n  <h3>Weitere Kurse, die Sie interessieren k\u00f6nnten:<\/h3>\n  <ul>\n    <li><a href=\"https:\/\/calerodiving.com\/de\/ccr-advanced-eanx-taucher-mod-1\/\">CCR Fortgeschrittener EANx Taucher (MOD 1)<\/a><\/li>\n    <li><a href=\"https:\/\/calerodiving.com\/ccr-trimix-diver-mod-3\/\">CCR Trimix Taucher (MOD 3)<\/a><\/li>\n  <\/ul>\n<\/div>\n\t\t\t\t\t\t\t\t<\/div>\n\t\t\t\t<\/div>\n\t\t\t\t<\/div>\n\t\t\t\t<\/div>\n\t\t<div class=\"elementor-element elementor-element-cabba3f e-con-full e-flex e-con e-child\" data-id=\"cabba3f\" data-element_type=\"container\" data-e-type=\"container\">\n\t\t<div class=\"elementor-element elementor-element-3b14e94 e-con-full course-sidebar-box e-flex e-con e-child\" data-id=\"3b14e94\" data-element_type=\"container\" data-e-type=\"container\" data-settings=\"{&quot;sticky&quot;:&quot;top&quot;,&quot;sticky_offset&quot;:110,&quot;sticky_effects_offset&quot;:130,&quot;sticky_parent&quot;:&quot;yes&quot;,&quot;sticky_on&quot;:[&quot;desktop&quot;,&quot;tablet&quot;,&quot;mobile&quot;],&quot;sticky_anchor_link_offset&quot;:0}\">\n\t\t\t\t<div class=\"elementor-element elementor-element-5426ef4 elementor-widget elementor-widget-text-editor\" data-id=\"5426ef4\" data-element_type=\"widget\" data-e-type=\"widget\" data-widget_type=\"text-editor.default\">\n\t\t\t\t<div class=\"elementor-widget-container\">\n\t\t\t\t\t\t\t\t\t<div class=\"courses-info\"><h6 class=\"no-margin\">Dauer:<\/h6><p class=\"no-margin\">5-Tages-Kurs<\/p><\/div><div class=\"courses-info\"><h6 class=\"no-margin\">Preis:<\/h6><p class=\"no-margin\">Ab 2.250 \u20ac<\/p><\/div>\t\t\t\t\t\t\t\t<\/div>\n\t\t\t\t<\/div>\n\t\t\t\t<div class=\"elementor-element elementor-element-e907030 elementor-mobile-align-center elementor-widget elementor-widget-button\" data-id=\"e907030\" data-element_type=\"widget\" data-e-type=\"widget\" data-widget_type=\"button.default\">\n\t\t\t\t<div class=\"elementor-widget-container\">\n\t\t\t\t\t\t\t\t\t<div class=\"elementor-button-wrapper\">\n\t\t\t\t\t<a class=\"elementor-button elementor-button-link elementor-size-sm\" href=\"https:\/\/app.bukyapp.com\/front\/6213b2319a1bbf005fa0b870\/product\/6888c8abf71dec2c388201ec?lang=en\" target=\"_blank\">\n\t\t\t\t\t\t<span class=\"elementor-button-content-wrapper\">\n\t\t\t\t\t\t\t\t\t<span class=\"elementor-button-text\">Kurs kaufen<\/span>\n\t\t\t\t\t<\/span>\n\t\t\t\t\t<\/a>\n\t\t\t\t<\/div>\n\t\t\t\t\t\t\t\t<\/div>\n\t\t\t\t<\/div>\n\t\t\t\t<\/div>\n\t\t\t\t<\/div>\n\t\t\t\t\t<\/div>\n\t\t\t\t<\/div>\n\t\t\t\t<\/div>\n\t\t","protected":false},"excerpt":{"rendered":"<p>technisch CCR Normoxischer Trimix Taucher (MOD 2) Tauchen Sie etwas tiefer\u2026 Programm\u00fcbersicht: Der IANTD CCR Normoxic Trimix Taucherkurs ist darauf ausgelegt, diejenigen auszubilden, die in Tiefen zwischen 39 und 60 Metern tauchen m\u00f6chten, aber unter 39 Metern keine Luft atmen m\u00f6chten. Dieses Programm ist ferner darauf ausgelegt, Taucher im sichereren Umgang mit Rebreatern f\u00fcr Tauchg\u00e4nge [&hellip;]<\/p>\n","protected":false},"author":10,"featured_media":0,"parent":0,"menu_order":0,"comment_status":"closed","ping_status":"closed","template":"","meta":{"_acf_changed":false,"footnotes":""},"class_list":["post-24770","page","type-page","status-publish","hentry"],"acf":[],"yoast_head":"<!-- This site is optimized with the Yoast SEO plugin v27.5 - https:\/\/yoast.com\/product\/yoast-seo-wordpress\/ -->\n<title>CCR Normoxic Trimix Taucher (MOD 2) | Calero Diving Lanzarote<\/title>\n<meta name=\"robots\" content=\"index, follow, max-snippet:-1, max-image-preview:large, max-video-preview:-1\" \/>\n<link rel=\"canonical\" href=\"https:\/\/calerodiving.com\/de\/ccr-normoxic-trimix-taucher-mod-2\/\" \/>\n<meta property=\"og:locale\" content=\"de_DE\" \/>\n<meta property=\"og:type\" content=\"article\" \/>\n<meta property=\"og:title\" content=\"CCR Normoxic Trimix Taucher (MOD 2) | Calero Diving Lanzarote\" \/>\n<meta property=\"og:description\" content=\"technisch CCR Normoxischer Trimix Taucher (MOD 2) Tauchen Sie etwas tiefer\u2026 Programm\u00fcbersicht: Der IANTD CCR Normoxic Trimix Taucherkurs ist darauf ausgelegt, diejenigen auszubilden, die in Tiefen zwischen 39 und 60 Metern tauchen m\u00f6chten, aber unter 39 Metern keine Luft atmen m\u00f6chten. Dieses Programm ist ferner darauf ausgelegt, Taucher im sichereren Umgang mit Rebreatern f\u00fcr Tauchg\u00e4nge [&hellip;]\" \/>\n<meta property=\"og:url\" content=\"https:\/\/calerodiving.com\/de\/ccr-normoxic-trimix-taucher-mod-2\/\" \/>\n<meta property=\"og:site_name\" content=\"Calero Diving Lanzarote\" \/>\n<meta property=\"article:publisher\" content=\"https:\/\/www.facebook.com\/calerodiving\/\" \/>\n<meta property=\"og:image\" content=\"https:\/\/calerodiving.com\/wp-content\/uploads\/2025\/07\/Logo-Iantd-Courses.png\" \/>\n\t<meta property=\"og:image:width\" content=\"700\" \/>\n\t<meta property=\"og:image:height\" content=\"445\" \/>\n\t<meta property=\"og:image:type\" content=\"image\/png\" \/>\n<meta name=\"twitter:card\" content=\"summary_large_image\" \/>\n<meta name=\"twitter:label1\" content=\"Gesch\u00e4tzte Lesezeit\" \/>\n\t<meta name=\"twitter:data1\" content=\"1\u00a0Minute\" \/>\n<script type=\"application\/ld+json\" class=\"yoast-schema-graph\">{\"@context\":\"https:\\\/\\\/schema.org\",\"@graph\":[{\"@type\":\"WebPage\",\"@id\":\"https:\\\/\\\/calerodiving.com\\\/de\\\/ccr-normoxic-trimix-taucher-mod-2\\\/\",\"url\":\"https:\\\/\\\/calerodiving.com\\\/de\\\/ccr-normoxic-trimix-taucher-mod-2\\\/\",\"name\":\"CCR Normoxic Trimix Taucher (MOD 2) | Calero Diving Lanzarote\",\"isPartOf\":{\"@id\":\"https:\\\/\\\/calerodiving.com\\\/#website\"},\"primaryImageOfPage\":{\"@id\":\"https:\\\/\\\/calerodiving.com\\\/de\\\/ccr-normoxic-trimix-taucher-mod-2\\\/#primaryimage\"},\"image\":{\"@id\":\"https:\\\/\\\/calerodiving.com\\\/de\\\/ccr-normoxic-trimix-taucher-mod-2\\\/#primaryimage\"},\"thumbnailUrl\":\"https:\\\/\\\/calerodiving.com\\\/wp-content\\\/uploads\\\/2025\\\/07\\\/Logo-Iantd-Courses.png\",\"datePublished\":\"2025-08-27T08:02:40+00:00\",\"breadcrumb\":{\"@id\":\"https:\\\/\\\/calerodiving.com\\\/de\\\/ccr-normoxic-trimix-taucher-mod-2\\\/#breadcrumb\"},\"inLanguage\":\"de\",\"potentialAction\":[{\"@type\":\"ReadAction\",\"target\":[\"https:\\\/\\\/calerodiving.com\\\/de\\\/ccr-normoxic-trimix-taucher-mod-2\\\/\"]}]},{\"@type\":\"ImageObject\",\"inLanguage\":\"de\",\"@id\":\"https:\\\/\\\/calerodiving.com\\\/de\\\/ccr-normoxic-trimix-taucher-mod-2\\\/#primaryimage\",\"url\":\"https:\\\/\\\/calerodiving.com\\\/wp-content\\\/uploads\\\/2025\\\/07\\\/Logo-Iantd-Courses.png\",\"contentUrl\":\"https:\\\/\\\/calerodiving.com\\\/wp-content\\\/uploads\\\/2025\\\/07\\\/Logo-Iantd-Courses.png\"},{\"@type\":\"BreadcrumbList\",\"@id\":\"https:\\\/\\\/calerodiving.com\\\/de\\\/ccr-normoxic-trimix-taucher-mod-2\\\/#breadcrumb\",\"itemListElement\":[{\"@type\":\"ListItem\",\"position\":1,\"name\":\"Home\",\"item\":\"https:\\\/\\\/calerodiving.com\\\/es\\\/\"},{\"@type\":\"ListItem\",\"position\":2,\"name\":\"CCR Normoxic Trimix Taucher (MOD 2)\"}]},{\"@type\":\"WebSite\",\"@id\":\"https:\\\/\\\/calerodiving.com\\\/#website\",\"url\":\"https:\\\/\\\/calerodiving.com\\\/\",\"name\":\"Calero Diving Lanzarote\",\"description\":\"Dive Center - Marina Puerto Calero Lanzarote\",\"publisher\":{\"@id\":\"https:\\\/\\\/calerodiving.com\\\/#organization\"},\"alternateName\":\"Calero Diving\",\"potentialAction\":[{\"@type\":\"SearchAction\",\"target\":{\"@type\":\"EntryPoint\",\"urlTemplate\":\"https:\\\/\\\/calerodiving.com\\\/?s={search_term_string}\"},\"query-input\":{\"@type\":\"PropertyValueSpecification\",\"valueRequired\":true,\"valueName\":\"search_term_string\"}}],\"inLanguage\":\"de\"},{\"@type\":\"Organization\",\"@id\":\"https:\\\/\\\/calerodiving.com\\\/#organization\",\"name\":\"Calero Diving Lanzarote\",\"alternateName\":\"Calero Diving\",\"url\":\"https:\\\/\\\/calerodiving.com\\\/\",\"logo\":{\"@type\":\"ImageObject\",\"inLanguage\":\"de\",\"@id\":\"https:\\\/\\\/calerodiving.com\\\/#\\\/schema\\\/logo\\\/image\\\/\",\"url\":\"https:\\\/\\\/calerodiving.com\\\/wp-content\\\/uploads\\\/2025\\\/05\\\/Grupo.png\",\"contentUrl\":\"https:\\\/\\\/calerodiving.com\\\/wp-content\\\/uploads\\\/2025\\\/05\\\/Grupo.png\",\"width\":499,\"height\":590,\"caption\":\"Calero Diving Lanzarote\"},\"image\":{\"@id\":\"https:\\\/\\\/calerodiving.com\\\/#\\\/schema\\\/logo\\\/image\\\/\"},\"sameAs\":[\"https:\\\/\\\/www.facebook.com\\\/calerodiving\\\/\",\"https:\\\/\\\/www.instagram.com\\\/calerodiving\\\/\"]}]}<\/script>\n<!-- \/ Yoast SEO plugin. -->","yoast_head_json":{"title":"CCR Normoxic Trimix Taucher (MOD 2) | Calero Diving Lanzarote","robots":{"index":"index","follow":"follow","max-snippet":"max-snippet:-1","max-image-preview":"max-image-preview:large","max-video-preview":"max-video-preview:-1"},"canonical":"https:\/\/calerodiving.com\/de\/ccr-normoxic-trimix-taucher-mod-2\/","og_locale":"de_DE","og_type":"article","og_title":"CCR Normoxic Trimix Taucher (MOD 2) | Calero Diving Lanzarote","og_description":"technisch CCR Normoxischer Trimix Taucher (MOD 2) Tauchen Sie etwas tiefer\u2026 Programm\u00fcbersicht: Der IANTD CCR Normoxic Trimix Taucherkurs ist darauf ausgelegt, diejenigen auszubilden, die in Tiefen zwischen 39 und 60 Metern tauchen m\u00f6chten, aber unter 39 Metern keine Luft atmen m\u00f6chten. Dieses Programm ist ferner darauf ausgelegt, Taucher im sichereren Umgang mit Rebreatern f\u00fcr Tauchg\u00e4nge [&hellip;]","og_url":"https:\/\/calerodiving.com\/de\/ccr-normoxic-trimix-taucher-mod-2\/","og_site_name":"Calero Diving Lanzarote","article_publisher":"https:\/\/www.facebook.com\/calerodiving\/","og_image":[{"width":700,"height":445,"url":"https:\/\/calerodiving.com\/wp-content\/uploads\/2025\/07\/Logo-Iantd-Courses.png","type":"image\/png"}],"twitter_card":"summary_large_image","twitter_misc":{"Gesch\u00e4tzte Lesezeit":"1\u00a0Minute"},"schema":{"@context":"https:\/\/schema.org","@graph":[{"@type":"WebPage","@id":"https:\/\/calerodiving.com\/de\/ccr-normoxic-trimix-taucher-mod-2\/","url":"https:\/\/calerodiving.com\/de\/ccr-normoxic-trimix-taucher-mod-2\/","name":"CCR Normoxic Trimix Taucher (MOD 2) | Calero Diving Lanzarote","isPartOf":{"@id":"https:\/\/calerodiving.com\/#website"},"primaryImageOfPage":{"@id":"https:\/\/calerodiving.com\/de\/ccr-normoxic-trimix-taucher-mod-2\/#primaryimage"},"image":{"@id":"https:\/\/calerodiving.com\/de\/ccr-normoxic-trimix-taucher-mod-2\/#primaryimage"},"thumbnailUrl":"https:\/\/calerodiving.com\/wp-content\/uploads\/2025\/07\/Logo-Iantd-Courses.png","datePublished":"2025-08-27T08:02:40+00:00","breadcrumb":{"@id":"https:\/\/calerodiving.com\/de\/ccr-normoxic-trimix-taucher-mod-2\/#breadcrumb"},"inLanguage":"de","potentialAction":[{"@type":"ReadAction","target":["https:\/\/calerodiving.com\/de\/ccr-normoxic-trimix-taucher-mod-2\/"]}]},{"@type":"ImageObject","inLanguage":"de","@id":"https:\/\/calerodiving.com\/de\/ccr-normoxic-trimix-taucher-mod-2\/#primaryimage","url":"https:\/\/calerodiving.com\/wp-content\/uploads\/2025\/07\/Logo-Iantd-Courses.png","contentUrl":"https:\/\/calerodiving.com\/wp-content\/uploads\/2025\/07\/Logo-Iantd-Courses.png"},{"@type":"BreadcrumbList","@id":"https:\/\/calerodiving.com\/de\/ccr-normoxic-trimix-taucher-mod-2\/#breadcrumb","itemListElement":[{"@type":"ListItem","position":1,"name":"Home","item":"https:\/\/calerodiving.com\/es\/"},{"@type":"ListItem","position":2,"name":"CCR Normoxic Trimix Taucher (MOD 2)"}]},{"@type":"WebSite","@id":"https:\/\/calerodiving.com\/#website","url":"https:\/\/calerodiving.com\/","name":"Calero Diving Lanzarote","description":"Dive Center - Marina Puerto Calero Lanzarote","publisher":{"@id":"https:\/\/calerodiving.com\/#organization"},"alternateName":"Calero Diving","potentialAction":[{"@type":"SearchAction","target":{"@type":"EntryPoint","urlTemplate":"https:\/\/calerodiving.com\/?s={search_term_string}"},"query-input":{"@type":"PropertyValueSpecification","valueRequired":true,"valueName":"search_term_string"}}],"inLanguage":"de"},{"@type":"Organization","@id":"https:\/\/calerodiving.com\/#organization","name":"Calero Diving Lanzarote","alternateName":"Calero Diving","url":"https:\/\/calerodiving.com\/","logo":{"@type":"ImageObject","inLanguage":"de","@id":"https:\/\/calerodiving.com\/#\/schema\/logo\/image\/","url":"https:\/\/calerodiving.com\/wp-content\/uploads\/2025\/05\/Grupo.png","contentUrl":"https:\/\/calerodiving.com\/wp-content\/uploads\/2025\/05\/Grupo.png","width":499,"height":590,"caption":"Calero Diving Lanzarote"},"image":{"@id":"https:\/\/calerodiving.com\/#\/schema\/logo\/image\/"},"sameAs":["https:\/\/www.facebook.com\/calerodiving\/","https:\/\/www.instagram.com\/calerodiving\/"]}]}},"_links":{"self":[{"href":"https:\/\/calerodiving.com\/de\/wp-json\/wp\/v2\/pages\/24770","targetHints":{"allow":["GET"]}}],"collection":[{"href":"https:\/\/calerodiving.com\/de\/wp-json\/wp\/v2\/pages"}],"about":[{"href":"https:\/\/calerodiving.com\/de\/wp-json\/wp\/v2\/types\/page"}],"author":[{"embeddable":true,"href":"https:\/\/calerodiving.com\/de\/wp-json\/wp\/v2\/users\/10"}],"replies":[{"embeddable":true,"href":"https:\/\/calerodiving.com\/de\/wp-json\/wp\/v2\/comments?post=24770"}],"version-history":[{"count":1,"href":"https:\/\/calerodiving.com\/de\/wp-json\/wp\/v2\/pages\/24770\/revisions"}],"predecessor-version":[{"id":24772,"href":"https:\/\/calerodiving.com\/de\/wp-json\/wp\/v2\/pages\/24770\/revisions\/24772"}],"wp:attachment":[{"href":"https:\/\/calerodiving.com\/de\/wp-json\/wp\/v2\/media?parent=24770"}],"curies":[{"name":"wp","href":"https:\/\/api.w.org\/{rel}","templated":true}]}}