{"id":24759,"date":"2025-08-27T09:02:35","date_gmt":"2025-08-27T08:02:35","guid":{"rendered":"https:\/\/calerodiving.com\/ccr-advanced-eanx-taucher-mod-1\/"},"modified":"2025-08-27T09:02:40","modified_gmt":"2025-08-27T08:02:40","slug":"ccr-advanced-eanx-taucher-mod-1","status":"publish","type":"page","link":"https:\/\/calerodiving.com\/de\/ccr-advanced-eanx-taucher-mod-1\/","title":{"rendered":"CCR Advanced EANx Taucher (MOD 1)"},"content":{"rendered":"\t\t<div data-elementor-type=\"wp-page\" data-elementor-id=\"24759\" class=\"elementor elementor-24759 elementor-20988\" data-elementor-post-type=\"page\">\n\t\t\t\t<div class=\"elementor-element elementor-element-607335d e-flex e-con-boxed e-con e-parent\" data-id=\"607335d\" data-element_type=\"container\" data-e-type=\"container\">\n\t\t\t\t\t<div class=\"e-con-inner\">\n\t\t<div class=\"elementor-element elementor-element-68947fc e-con-full e-flex e-con e-child\" data-id=\"68947fc\" data-element_type=\"container\" data-e-type=\"container\">\n\t\t\t\t<div class=\"elementor-element elementor-element-e934b3c elementor-widget elementor-widget-image\" data-id=\"e934b3c\" data-element_type=\"widget\" data-e-type=\"widget\" data-widget_type=\"image.default\">\n\t\t\t\t<div class=\"elementor-widget-container\">\n\t\t\t\t\t\t\t\t\t\t\t\t\t\t\t<img fetchpriority=\"high\" decoding=\"async\" width=\"700\" height=\"445\" src=\"https:\/\/calerodiving.com\/wp-content\/uploads\/2025\/07\/Logo-Iantd-Courses.png\" class=\"attachment-large size-large wp-image-20962\" alt=\"\" srcset=\"https:\/\/calerodiving.com\/wp-content\/uploads\/2025\/07\/Logo-Iantd-Courses.png 700w, https:\/\/calerodiving.com\/wp-content\/uploads\/2025\/07\/Logo-Iantd-Courses-300x191.png 300w\" sizes=\"(max-width: 700px) 100vw, 700px\" \/>\t\t\t\t\t\t\t\t\t\t\t\t\t\t\t<\/div>\n\t\t\t\t<\/div>\n\t\t\t\t<\/div>\n\t\t<div class=\"elementor-element elementor-element-f99a7cf e-con-full e-flex e-con e-child\" data-id=\"f99a7cf\" data-element_type=\"container\" data-e-type=\"container\">\n\t\t<div class=\"elementor-element elementor-element-fc27d3d e-con-full e-flex e-con e-child\" data-id=\"fc27d3d\" data-element_type=\"container\" data-e-type=\"container\">\n\t\t\t\t<div class=\"elementor-element elementor-element-fbb2a46 elementor-widget elementor-widget-html\" data-id=\"fbb2a46\" data-element_type=\"widget\" data-e-type=\"widget\" data-widget_type=\"html.default\">\n\t\t\t\t<div class=\"elementor-widget-container\">\n\t\t\t\t\t<a href=\"https:\/\/calerodiving.com\/de\/?page_id=24525#iantd-closed\" class=\"tag-button\">technisch<\/a>\n\t\t\t\t<\/div>\n\t\t\t\t<\/div>\n\t\t\t\t<div class=\"elementor-element elementor-element-24dfeab elementor-widget elementor-widget-heading\" data-id=\"24dfeab\" data-element_type=\"widget\" data-e-type=\"widget\" data-widget_type=\"heading.default\">\n\t\t\t\t<div class=\"elementor-widget-container\">\n\t\t\t\t\t<h2 class=\"elementor-heading-title elementor-size-default\">CCR Fortgeschrittener EANx Taucher (MOD 1)<\/h2>\t\t\t\t<\/div>\n\t\t\t\t<\/div>\n\t\t\t\t<\/div>\n\t\t\t\t<\/div>\n\t\t\t\t\t<\/div>\n\t\t\t\t<\/div>\n\t\t<div class=\"elementor-element elementor-element-d283cff e-flex e-con-boxed e-con e-parent\" data-id=\"d283cff\" data-element_type=\"container\" data-e-type=\"container\">\n\t\t\t\t\t<div class=\"e-con-inner\">\n\t\t<div class=\"elementor-element elementor-element-29b8e7e e-con-full e-flex e-con e-child\" data-id=\"29b8e7e\" data-element_type=\"container\" data-e-type=\"container\">\n\t\t<div class=\"elementor-element elementor-element-c5c45c7 e-con-full e-flex e-con e-child\" data-id=\"c5c45c7\" data-element_type=\"container\" data-e-type=\"container\">\n\t\t\t\t<div class=\"elementor-element elementor-element-918ce8f elementor-widget elementor-widget-heading\" data-id=\"918ce8f\" data-element_type=\"widget\" data-e-type=\"widget\" data-widget_type=\"heading.default\">\n\t\t\t\t<div class=\"elementor-widget-container\">\n\t\t\t\t\t<h2 class=\"elementor-heading-title elementor-size-default\">Der erste Schritt, um ein Rebreather-Taucher zu werden<\/h2>\t\t\t\t<\/div>\n\t\t\t\t<\/div>\n\t\t\t\t<div class=\"elementor-element elementor-element-11474e8 elementor-widget elementor-widget-text-editor\" data-id=\"11474e8\" data-element_type=\"widget\" data-e-type=\"widget\" data-widget_type=\"text-editor.default\">\n\t\t\t\t<div class=\"elementor-widget-container\">\n\t\t\t\t\t\t\t\t\t<div class=\"section-list\">\n  <h3>Programm\u00fcbersicht:<\/h3>\n  <ul>\n    <li>Der IANTD CCR Advanced EANx Taucherkurs wurde entwickelt, um kompetente Taucher im sichereren Umgang und in der Technologie von Kreislaufger\u00e4ten f\u00fcr Dekompressionstauchg\u00e4nge zu schulen. Er ist auch besonders n\u00fctzlich, um Taucher auszubilden, die im Rahmen des Advanced EANx Kurses bis zu 40 Meter tief tauchen m\u00f6chten, wenn Luft als Diluent verwendet wird. <\/li>\n  <\/ul>\n  <h3>Inklusive:<\/h3>\n  <ul>\n    <li>8 Trainings-Tauchg\u00e4nge<\/li>\n    <li>Sofnolime<\/li>\n    <li>Digitale Materialien<\/li>\n    <li>O2<\/li>\n    <li>Tauchflaschen<\/li>\n    <li>IANTD CCR Advanced EANx Taucher-Zertifizierung<\/li>\n  <\/ul>\n  <h3>Nicht inklusive:<\/h3>\n  <ul>\n    <li>Ausr\u00fcstungsverleih<\/li>\n    <li>Tauchversicherung<\/li>\n    <li>Miete der CCR-Einheit<\/li>\n  <\/ul>\n  <h3>Voraussetzungen:<\/h3>\n  <ul>\n    <li>Mindestens 18 Jahre alt<\/li>\n    <li>Mindestens 50 geloggte Tauchg\u00e4nge<\/li>\n    <li>Zertifizierungen f\u00fcr IANTD Nitrox Diver und Deep Diver oder gleichwertig besitzen<\/li>\n    <li>G\u00fcltige medizinische Bescheinigung aus dem letzten Jahr (keine Selbstzertifizierung akzeptiert)<\/li>\n  <\/ul>\n  <h3>Weitere Kurse, die Sie interessieren k\u00f6nnten:<\/h3>\n  <ul>\n    <li>CCR Normoxischer Trimix Taucher (MOD 2)<\/li>\n  <\/ul>\n<\/div>\n\t\t\t\t\t\t\t\t<\/div>\n\t\t\t\t<\/div>\n\t\t\t\t<\/div>\n\t\t\t\t<\/div>\n\t\t<div class=\"elementor-element elementor-element-da62beb e-con-full e-flex e-con e-child\" data-id=\"da62beb\" data-element_type=\"container\" data-e-type=\"container\">\n\t\t<div class=\"elementor-element elementor-element-da806c2 e-con-full course-sidebar-box e-flex e-con e-child\" data-id=\"da806c2\" data-element_type=\"container\" data-e-type=\"container\" data-settings=\"{&quot;sticky&quot;:&quot;top&quot;,&quot;sticky_offset&quot;:110,&quot;sticky_effects_offset&quot;:130,&quot;sticky_parent&quot;:&quot;yes&quot;,&quot;sticky_on&quot;:[&quot;desktop&quot;,&quot;tablet&quot;,&quot;mobile&quot;],&quot;sticky_anchor_link_offset&quot;:0}\">\n\t\t\t\t<div class=\"elementor-element elementor-element-1e95ca3 elementor-widget elementor-widget-text-editor\" data-id=\"1e95ca3\" data-element_type=\"widget\" data-e-type=\"widget\" data-widget_type=\"text-editor.default\">\n\t\t\t\t<div class=\"elementor-widget-container\">\n\t\t\t\t\t\t\t\t\t<div class=\"courses-info\"><h6 class=\"no-margin\">Dauer:<\/h6><p class=\"no-margin\">5-Tages-Kurs<\/p><\/div><div class=\"courses-info\"><h6 class=\"no-margin\">Preis:<\/h6><p class=\"no-margin\">Ab 1.550 \u20ac<\/p><\/div>\t\t\t\t\t\t\t\t<\/div>\n\t\t\t\t<\/div>\n\t\t\t\t<div class=\"elementor-element elementor-element-984818b elementor-mobile-align-center elementor-widget elementor-widget-button\" data-id=\"984818b\" data-element_type=\"widget\" data-e-type=\"widget\" data-widget_type=\"button.default\">\n\t\t\t\t<div class=\"elementor-widget-container\">\n\t\t\t\t\t\t\t\t\t<div class=\"elementor-button-wrapper\">\n\t\t\t\t\t<a class=\"elementor-button elementor-button-link elementor-size-sm\" href=\"https:\/\/app.bukyapp.com\/front\/6213b2319a1bbf005fa0b870\/product\/6888c85b496a39fad50045ba?lang=en\" target=\"_blank\">\n\t\t\t\t\t\t<span class=\"elementor-button-content-wrapper\">\n\t\t\t\t\t\t\t\t\t<span class=\"elementor-button-text\">Kurs kaufen<\/span>\n\t\t\t\t\t<\/span>\n\t\t\t\t\t<\/a>\n\t\t\t\t<\/div>\n\t\t\t\t\t\t\t\t<\/div>\n\t\t\t\t<\/div>\n\t\t\t\t<\/div>\n\t\t\t\t<\/div>\n\t\t\t\t\t<\/div>\n\t\t\t\t<\/div>\n\t\t\t\t<\/div>\n\t\t","protected":false},"excerpt":{"rendered":"<p>technisch CCR Fortgeschrittener EANx Taucher (MOD 1) Der erste Schritt, um ein Rebreather-Taucher zu werden Programm\u00fcbersicht: Der IANTD CCR Advanced EANx Taucherkurs wurde entwickelt, um kompetente Taucher im sichereren Umgang und in der Technologie von Kreislaufger\u00e4ten f\u00fcr Dekompressionstauchg\u00e4nge zu schulen. Er ist auch besonders n\u00fctzlich, um Taucher auszubilden, die im Rahmen des Advanced EANx Kurses [&hellip;]<\/p>\n","protected":false},"author":10,"featured_media":0,"parent":0,"menu_order":0,"comment_status":"closed","ping_status":"closed","template":"","meta":{"_acf_changed":false,"footnotes":""},"class_list":["post-24759","page","type-page","status-publish","hentry"],"acf":[],"yoast_head":"<!-- This site is optimized with the Yoast SEO plugin v27.5 - https:\/\/yoast.com\/product\/yoast-seo-wordpress\/ -->\n<title>CCR Advanced EANx Taucher (MOD 1) | Calero Diving Lanzarote<\/title>\n<meta name=\"robots\" content=\"index, follow, max-snippet:-1, max-image-preview:large, max-video-preview:-1\" \/>\n<link rel=\"canonical\" href=\"https:\/\/calerodiving.com\/de\/ccr-advanced-eanx-taucher-mod-1\/\" \/>\n<meta property=\"og:locale\" content=\"de_DE\" \/>\n<meta property=\"og:type\" content=\"article\" \/>\n<meta property=\"og:title\" content=\"CCR Advanced EANx Taucher (MOD 1) | Calero Diving Lanzarote\" \/>\n<meta property=\"og:description\" content=\"technisch CCR Fortgeschrittener EANx Taucher (MOD 1) Der erste Schritt, um ein Rebreather-Taucher zu werden Programm\u00fcbersicht: Der IANTD CCR Advanced EANx Taucherkurs wurde entwickelt, um kompetente Taucher im sichereren Umgang und in der Technologie von Kreislaufger\u00e4ten f\u00fcr Dekompressionstauchg\u00e4nge zu schulen. Er ist auch besonders n\u00fctzlich, um Taucher auszubilden, die im Rahmen des Advanced EANx Kurses [&hellip;]\" \/>\n<meta property=\"og:url\" content=\"https:\/\/calerodiving.com\/de\/ccr-advanced-eanx-taucher-mod-1\/\" \/>\n<meta property=\"og:site_name\" content=\"Calero Diving Lanzarote\" \/>\n<meta property=\"article:publisher\" content=\"https:\/\/www.facebook.com\/calerodiving\/\" \/>\n<meta property=\"article:modified_time\" content=\"2025-08-27T08:02:40+00:00\" \/>\n<meta property=\"og:image\" content=\"https:\/\/calerodiving.com\/wp-content\/uploads\/2025\/07\/Logo-Iantd-Courses.png\" \/>\n\t<meta property=\"og:image:width\" content=\"700\" \/>\n\t<meta property=\"og:image:height\" content=\"445\" \/>\n\t<meta property=\"og:image:type\" content=\"image\/png\" \/>\n<meta name=\"twitter:card\" content=\"summary_large_image\" \/>\n<meta name=\"twitter:label1\" content=\"Gesch\u00e4tzte Lesezeit\" \/>\n\t<meta name=\"twitter:data1\" content=\"1\u00a0Minute\" \/>\n<script type=\"application\/ld+json\" class=\"yoast-schema-graph\">{\"@context\":\"https:\\\/\\\/schema.org\",\"@graph\":[{\"@type\":\"WebPage\",\"@id\":\"https:\\\/\\\/calerodiving.com\\\/de\\\/ccr-advanced-eanx-taucher-mod-1\\\/\",\"url\":\"https:\\\/\\\/calerodiving.com\\\/de\\\/ccr-advanced-eanx-taucher-mod-1\\\/\",\"name\":\"CCR Advanced EANx Taucher (MOD 1) | Calero Diving Lanzarote\",\"isPartOf\":{\"@id\":\"https:\\\/\\\/calerodiving.com\\\/#website\"},\"primaryImageOfPage\":{\"@id\":\"https:\\\/\\\/calerodiving.com\\\/de\\\/ccr-advanced-eanx-taucher-mod-1\\\/#primaryimage\"},\"image\":{\"@id\":\"https:\\\/\\\/calerodiving.com\\\/de\\\/ccr-advanced-eanx-taucher-mod-1\\\/#primaryimage\"},\"thumbnailUrl\":\"https:\\\/\\\/calerodiving.com\\\/wp-content\\\/uploads\\\/2025\\\/07\\\/Logo-Iantd-Courses.png\",\"datePublished\":\"2025-08-27T08:02:35+00:00\",\"dateModified\":\"2025-08-27T08:02:40+00:00\",\"breadcrumb\":{\"@id\":\"https:\\\/\\\/calerodiving.com\\\/de\\\/ccr-advanced-eanx-taucher-mod-1\\\/#breadcrumb\"},\"inLanguage\":\"de\",\"potentialAction\":[{\"@type\":\"ReadAction\",\"target\":[\"https:\\\/\\\/calerodiving.com\\\/de\\\/ccr-advanced-eanx-taucher-mod-1\\\/\"]}]},{\"@type\":\"ImageObject\",\"inLanguage\":\"de\",\"@id\":\"https:\\\/\\\/calerodiving.com\\\/de\\\/ccr-advanced-eanx-taucher-mod-1\\\/#primaryimage\",\"url\":\"https:\\\/\\\/calerodiving.com\\\/wp-content\\\/uploads\\\/2025\\\/07\\\/Logo-Iantd-Courses.png\",\"contentUrl\":\"https:\\\/\\\/calerodiving.com\\\/wp-content\\\/uploads\\\/2025\\\/07\\\/Logo-Iantd-Courses.png\"},{\"@type\":\"BreadcrumbList\",\"@id\":\"https:\\\/\\\/calerodiving.com\\\/de\\\/ccr-advanced-eanx-taucher-mod-1\\\/#breadcrumb\",\"itemListElement\":[{\"@type\":\"ListItem\",\"position\":1,\"name\":\"Home\",\"item\":\"https:\\\/\\\/calerodiving.com\\\/es\\\/\"},{\"@type\":\"ListItem\",\"position\":2,\"name\":\"CCR Advanced EANx Taucher (MOD 1)\"}]},{\"@type\":\"WebSite\",\"@id\":\"https:\\\/\\\/calerodiving.com\\\/#website\",\"url\":\"https:\\\/\\\/calerodiving.com\\\/\",\"name\":\"Calero Diving Lanzarote\",\"description\":\"Dive Center - Marina Puerto Calero Lanzarote\",\"publisher\":{\"@id\":\"https:\\\/\\\/calerodiving.com\\\/#organization\"},\"alternateName\":\"Calero Diving\",\"potentialAction\":[{\"@type\":\"SearchAction\",\"target\":{\"@type\":\"EntryPoint\",\"urlTemplate\":\"https:\\\/\\\/calerodiving.com\\\/?s={search_term_string}\"},\"query-input\":{\"@type\":\"PropertyValueSpecification\",\"valueRequired\":true,\"valueName\":\"search_term_string\"}}],\"inLanguage\":\"de\"},{\"@type\":\"Organization\",\"@id\":\"https:\\\/\\\/calerodiving.com\\\/#organization\",\"name\":\"Calero Diving Lanzarote\",\"alternateName\":\"Calero Diving\",\"url\":\"https:\\\/\\\/calerodiving.com\\\/\",\"logo\":{\"@type\":\"ImageObject\",\"inLanguage\":\"de\",\"@id\":\"https:\\\/\\\/calerodiving.com\\\/#\\\/schema\\\/logo\\\/image\\\/\",\"url\":\"https:\\\/\\\/calerodiving.com\\\/wp-content\\\/uploads\\\/2025\\\/05\\\/Grupo.png\",\"contentUrl\":\"https:\\\/\\\/calerodiving.com\\\/wp-content\\\/uploads\\\/2025\\\/05\\\/Grupo.png\",\"width\":499,\"height\":590,\"caption\":\"Calero Diving Lanzarote\"},\"image\":{\"@id\":\"https:\\\/\\\/calerodiving.com\\\/#\\\/schema\\\/logo\\\/image\\\/\"},\"sameAs\":[\"https:\\\/\\\/www.facebook.com\\\/calerodiving\\\/\",\"https:\\\/\\\/www.instagram.com\\\/calerodiving\\\/\"]}]}<\/script>\n<!-- \/ Yoast SEO plugin. -->","yoast_head_json":{"title":"CCR Advanced EANx Taucher (MOD 1) | Calero Diving Lanzarote","robots":{"index":"index","follow":"follow","max-snippet":"max-snippet:-1","max-image-preview":"max-image-preview:large","max-video-preview":"max-video-preview:-1"},"canonical":"https:\/\/calerodiving.com\/de\/ccr-advanced-eanx-taucher-mod-1\/","og_locale":"de_DE","og_type":"article","og_title":"CCR Advanced EANx Taucher (MOD 1) | Calero Diving Lanzarote","og_description":"technisch CCR Fortgeschrittener EANx Taucher (MOD 1) Der erste Schritt, um ein Rebreather-Taucher zu werden Programm\u00fcbersicht: Der IANTD CCR Advanced EANx Taucherkurs wurde entwickelt, um kompetente Taucher im sichereren Umgang und in der Technologie von Kreislaufger\u00e4ten f\u00fcr Dekompressionstauchg\u00e4nge zu schulen. Er ist auch besonders n\u00fctzlich, um Taucher auszubilden, die im Rahmen des Advanced EANx Kurses [&hellip;]","og_url":"https:\/\/calerodiving.com\/de\/ccr-advanced-eanx-taucher-mod-1\/","og_site_name":"Calero Diving Lanzarote","article_publisher":"https:\/\/www.facebook.com\/calerodiving\/","article_modified_time":"2025-08-27T08:02:40+00:00","og_image":[{"width":700,"height":445,"url":"https:\/\/calerodiving.com\/wp-content\/uploads\/2025\/07\/Logo-Iantd-Courses.png","type":"image\/png"}],"twitter_card":"summary_large_image","twitter_misc":{"Gesch\u00e4tzte Lesezeit":"1\u00a0Minute"},"schema":{"@context":"https:\/\/schema.org","@graph":[{"@type":"WebPage","@id":"https:\/\/calerodiving.com\/de\/ccr-advanced-eanx-taucher-mod-1\/","url":"https:\/\/calerodiving.com\/de\/ccr-advanced-eanx-taucher-mod-1\/","name":"CCR Advanced EANx Taucher (MOD 1) | Calero Diving Lanzarote","isPartOf":{"@id":"https:\/\/calerodiving.com\/#website"},"primaryImageOfPage":{"@id":"https:\/\/calerodiving.com\/de\/ccr-advanced-eanx-taucher-mod-1\/#primaryimage"},"image":{"@id":"https:\/\/calerodiving.com\/de\/ccr-advanced-eanx-taucher-mod-1\/#primaryimage"},"thumbnailUrl":"https:\/\/calerodiving.com\/wp-content\/uploads\/2025\/07\/Logo-Iantd-Courses.png","datePublished":"2025-08-27T08:02:35+00:00","dateModified":"2025-08-27T08:02:40+00:00","breadcrumb":{"@id":"https:\/\/calerodiving.com\/de\/ccr-advanced-eanx-taucher-mod-1\/#breadcrumb"},"inLanguage":"de","potentialAction":[{"@type":"ReadAction","target":["https:\/\/calerodiving.com\/de\/ccr-advanced-eanx-taucher-mod-1\/"]}]},{"@type":"ImageObject","inLanguage":"de","@id":"https:\/\/calerodiving.com\/de\/ccr-advanced-eanx-taucher-mod-1\/#primaryimage","url":"https:\/\/calerodiving.com\/wp-content\/uploads\/2025\/07\/Logo-Iantd-Courses.png","contentUrl":"https:\/\/calerodiving.com\/wp-content\/uploads\/2025\/07\/Logo-Iantd-Courses.png"},{"@type":"BreadcrumbList","@id":"https:\/\/calerodiving.com\/de\/ccr-advanced-eanx-taucher-mod-1\/#breadcrumb","itemListElement":[{"@type":"ListItem","position":1,"name":"Home","item":"https:\/\/calerodiving.com\/es\/"},{"@type":"ListItem","position":2,"name":"CCR Advanced EANx Taucher (MOD 1)"}]},{"@type":"WebSite","@id":"https:\/\/calerodiving.com\/#website","url":"https:\/\/calerodiving.com\/","name":"Calero Diving Lanzarote","description":"Dive Center - Marina Puerto Calero Lanzarote","publisher":{"@id":"https:\/\/calerodiving.com\/#organization"},"alternateName":"Calero Diving","potentialAction":[{"@type":"SearchAction","target":{"@type":"EntryPoint","urlTemplate":"https:\/\/calerodiving.com\/?s={search_term_string}"},"query-input":{"@type":"PropertyValueSpecification","valueRequired":true,"valueName":"search_term_string"}}],"inLanguage":"de"},{"@type":"Organization","@id":"https:\/\/calerodiving.com\/#organization","name":"Calero Diving Lanzarote","alternateName":"Calero Diving","url":"https:\/\/calerodiving.com\/","logo":{"@type":"ImageObject","inLanguage":"de","@id":"https:\/\/calerodiving.com\/#\/schema\/logo\/image\/","url":"https:\/\/calerodiving.com\/wp-content\/uploads\/2025\/05\/Grupo.png","contentUrl":"https:\/\/calerodiving.com\/wp-content\/uploads\/2025\/05\/Grupo.png","width":499,"height":590,"caption":"Calero Diving Lanzarote"},"image":{"@id":"https:\/\/calerodiving.com\/#\/schema\/logo\/image\/"},"sameAs":["https:\/\/www.facebook.com\/calerodiving\/","https:\/\/www.instagram.com\/calerodiving\/"]}]}},"_links":{"self":[{"href":"https:\/\/calerodiving.com\/de\/wp-json\/wp\/v2\/pages\/24759","targetHints":{"allow":["GET"]}}],"collection":[{"href":"https:\/\/calerodiving.com\/de\/wp-json\/wp\/v2\/pages"}],"about":[{"href":"https:\/\/calerodiving.com\/de\/wp-json\/wp\/v2\/types\/page"}],"author":[{"embeddable":true,"href":"https:\/\/calerodiving.com\/de\/wp-json\/wp\/v2\/users\/10"}],"replies":[{"embeddable":true,"href":"https:\/\/calerodiving.com\/de\/wp-json\/wp\/v2\/comments?post=24759"}],"version-history":[{"count":1,"href":"https:\/\/calerodiving.com\/de\/wp-json\/wp\/v2\/pages\/24759\/revisions"}],"predecessor-version":[{"id":24760,"href":"https:\/\/calerodiving.com\/de\/wp-json\/wp\/v2\/pages\/24759\/revisions\/24760"}],"wp:attachment":[{"href":"https:\/\/calerodiving.com\/de\/wp-json\/wp\/v2\/media?parent=24759"}],"curies":[{"name":"wp","href":"https:\/\/api.w.org\/{rel}","templated":true}]}}