{"id":24752,"date":"2025-08-27T09:02:19","date_gmt":"2025-08-27T08:02:19","guid":{"rendered":"https:\/\/calerodiving.com\/extended-range-grundlagen\/"},"modified":"2025-08-27T09:02:20","modified_gmt":"2025-08-27T08:02:20","slug":"extended-range-grundlagen","status":"publish","type":"page","link":"https:\/\/calerodiving.com\/de\/extended-range-grundlagen\/","title":{"rendered":"Extended Range Grundlagen"},"content":{"rendered":"\t\t<div data-elementor-type=\"wp-page\" data-elementor-id=\"24752\" class=\"elementor elementor-24752 elementor-21048\" data-elementor-post-type=\"page\">\n\t\t\t\t<div class=\"elementor-element elementor-element-7b77f2b e-flex e-con-boxed e-con e-parent\" data-id=\"7b77f2b\" data-element_type=\"container\" data-e-type=\"container\">\n\t\t\t\t\t<div class=\"e-con-inner\">\n\t\t<div class=\"elementor-element elementor-element-a05126a e-con-full e-flex e-con e-child\" data-id=\"a05126a\" data-element_type=\"container\" data-e-type=\"container\">\n\t\t\t\t<div class=\"elementor-element elementor-element-7b4bad4 elementor-widget elementor-widget-image\" data-id=\"7b4bad4\" data-element_type=\"widget\" data-e-type=\"widget\" data-widget_type=\"image.default\">\n\t\t\t\t<div class=\"elementor-widget-container\">\n\t\t\t\t\t\t\t\t\t\t\t\t\t\t\t<img fetchpriority=\"high\" decoding=\"async\" width=\"350\" height=\"222\" src=\"https:\/\/calerodiving.com\/wp-content\/uploads\/2017\/10\/extended-range-foundations.jpg\" class=\"attachment-large size-large wp-image-3213\" alt=\"\" srcset=\"https:\/\/calerodiving.com\/wp-content\/uploads\/2017\/10\/extended-range-foundations.jpg 350w, https:\/\/calerodiving.com\/wp-content\/uploads\/2017\/10\/extended-range-foundations-300x190.jpg 300w\" sizes=\"(max-width: 350px) 100vw, 350px\" \/>\t\t\t\t\t\t\t\t\t\t\t\t\t\t\t<\/div>\n\t\t\t\t<\/div>\n\t\t\t\t<\/div>\n\t\t<div class=\"elementor-element elementor-element-e139827 e-con-full e-flex e-con e-child\" data-id=\"e139827\" data-element_type=\"container\" data-e-type=\"container\">\n\t\t<div class=\"elementor-element elementor-element-6e54afe e-con-full e-flex e-con e-child\" data-id=\"6e54afe\" data-element_type=\"container\" data-e-type=\"container\">\n\t\t\t\t<div class=\"elementor-element elementor-element-a5feda5 elementor-widget elementor-widget-html\" data-id=\"a5feda5\" data-element_type=\"widget\" data-e-type=\"widget\" data-widget_type=\"html.default\">\n\t\t\t\t<div class=\"elementor-widget-container\">\n\t\t\t\t\t<a href=\"https:\/\/calerodiving.com\/de\/?page_id=24533#ssi-open\" class=\"tag-button\">technisch<\/a>\n\t\t\t\t<\/div>\n\t\t\t\t<\/div>\n\t\t\t\t<div class=\"elementor-element elementor-element-b10a66f elementor-widget elementor-widget-heading\" data-id=\"b10a66f\" data-element_type=\"widget\" data-e-type=\"widget\" data-widget_type=\"heading.default\">\n\t\t\t\t<div class=\"elementor-widget-container\">\n\t\t\t\t\t<h2 class=\"elementor-heading-title elementor-size-default\">Extended Range Grundlagen<\/h2>\t\t\t\t<\/div>\n\t\t\t\t<\/div>\n\t\t\t\t<\/div>\n\t\t\t\t<\/div>\n\t\t\t\t\t<\/div>\n\t\t\t\t<\/div>\n\t\t<div class=\"elementor-element elementor-element-ade89d7 e-flex e-con-boxed e-con e-parent\" data-id=\"ade89d7\" data-element_type=\"container\" data-e-type=\"container\">\n\t\t\t\t\t<div class=\"e-con-inner\">\n\t\t<div class=\"elementor-element elementor-element-1d5d102 e-con-full e-flex e-con e-child\" data-id=\"1d5d102\" data-element_type=\"container\" data-e-type=\"container\">\n\t\t<div class=\"elementor-element elementor-element-c6230ee e-con-full e-flex e-con e-child\" data-id=\"c6230ee\" data-element_type=\"container\" data-e-type=\"container\">\n\t\t\t\t<div class=\"elementor-element elementor-element-4908932 elementor-widget elementor-widget-heading\" data-id=\"4908932\" data-element_type=\"widget\" data-e-type=\"widget\" data-widget_type=\"heading.default\">\n\t\t\t\t<div class=\"elementor-widget-container\">\n\t\t\t\t\t<h2 class=\"elementor-heading-title elementor-size-default\">Werden Sie ein Extended Range Foundations Taucher.<\/h2>\t\t\t\t<\/div>\n\t\t\t\t<\/div>\n\t\t\t\t<div class=\"elementor-element elementor-element-97d4e03 elementor-widget elementor-widget-text-editor\" data-id=\"97d4e03\" data-element_type=\"widget\" data-e-type=\"widget\" data-widget_type=\"text-editor.default\">\n\t\t\t\t<div class=\"elementor-widget-container\">\n\t\t\t\t\t\t\t\t\t<div class=\"section-list\"><h3>Programm\u00fcbersicht:<\/h3><ul><li>Das Extended Range Foundations Programm von SSI bietet allen Tauchern die M\u00f6glichkeit, ihre fortgeschrittenen Tauchfertigkeiten in einem pr\u00e4genden Workshop-Umfeld weiterzuentwickeln.<\/li><li>Erfahren Sie mehr \u00fcber die Verwendung von technischer Ausr\u00fcstung mit jedem Gesamttauchsystem, f\u00fcr das Sie zertifiziert sind, und entwickeln Sie Ihre Grundfertigkeiten, um Tarierung, Trimmung, Flossenschlagtechniken, Positionierung und Kommunikation zu meistern.<\/li><li>Das Extended Range Foundations Programm bietet eine erg\u00e4nzende Ausbildung zu bestehenden Zertifizierungen, um das Vertrauen und die Kontrolle des Tauchers im Wasser zu verbessern.<\/li><li>Alle Trainings-Tauchg\u00e4nge werden in einer begrenzten Wasserumgebung von weniger als 12 Metern Tiefe durchgef\u00fchrt.<\/li><\/ul><h3>Dauer:<\/h3><ul><li>2 Tage<\/li><\/ul><h3>Inklusive:<\/h3><ul><li>4 Trainingstauchg\u00e4nge<\/li><li>Digitale Materialien<\/li><li>SSI Extended Range Foundations Zertifizierung<\/li><\/ul><h3>Nicht inklusive:<\/h3><ul><li>Ausr\u00fcstungsverleih<\/li><li>Tauchversicherung<\/li><\/ul><h3>Voraussetzungen:<\/h3><ul><li>Mindestens 24 geloggte Tauchg\u00e4nge<\/li><li>SSI Open Water Diver Zertifizierung oder gleichwertig<\/li><\/ul><h3>Weitere Kurse, die Sie interessieren k\u00f6nnten:<\/h3><ul><li><a href=\"https:\/\/calerodiving.com\/de\/?page_id=24371\">Angereicherte Luft Nitrox<\/a><\/li><li><a href=\"https:\/\/calerodiving.com\/recreational-sidemount-diving\/\">Sportliches Sidemount-Tauchen<\/a><\/li><li><a href=\"https:\/\/calerodiving.com\/dry-suit-diving\/\">Trockentauchen<\/a><\/li><\/ul><\/div>\t\t\t\t\t\t\t\t<\/div>\n\t\t\t\t<\/div>\n\t\t\t\t<\/div>\n\t\t\t\t<\/div>\n\t\t<div class=\"elementor-element elementor-element-241ccdf e-con-full e-flex e-con e-child\" data-id=\"241ccdf\" data-element_type=\"container\" data-e-type=\"container\">\n\t\t<div class=\"elementor-element elementor-element-ba130c1 e-con-full course-sidebar-box e-flex e-con e-child\" data-id=\"ba130c1\" data-element_type=\"container\" data-e-type=\"container\" data-settings=\"{&quot;sticky&quot;:&quot;top&quot;,&quot;sticky_offset&quot;:110,&quot;sticky_effects_offset&quot;:130,&quot;sticky_parent&quot;:&quot;yes&quot;,&quot;sticky_on&quot;:[&quot;desktop&quot;,&quot;tablet&quot;,&quot;mobile&quot;],&quot;sticky_anchor_link_offset&quot;:0}\">\n\t\t\t\t<div class=\"elementor-element elementor-element-1edef50 elementor-widget elementor-widget-text-editor\" data-id=\"1edef50\" data-element_type=\"widget\" data-e-type=\"widget\" data-widget_type=\"text-editor.default\">\n\t\t\t\t<div class=\"elementor-widget-container\">\n\t\t\t\t\t\t\t\t\t<div class=\"courses-info\"><h6 class=\"no-margin\">Dauer:<\/h6><p class=\"no-margin\">2-Tages-Kurs<\/p><\/div><div class=\"courses-info\"><h6 class=\"no-margin\">Preis:<\/h6><p class=\"no-margin\">Ab 450 \u20ac<\/p><\/div>\t\t\t\t\t\t\t\t<\/div>\n\t\t\t\t<\/div>\n\t\t\t\t<div class=\"elementor-element elementor-element-d9bdeaf elementor-mobile-align-center elementor-widget elementor-widget-button\" data-id=\"d9bdeaf\" data-element_type=\"widget\" data-e-type=\"widget\" data-widget_type=\"button.default\">\n\t\t\t\t<div class=\"elementor-widget-container\">\n\t\t\t\t\t\t\t\t\t<div class=\"elementor-button-wrapper\">\n\t\t\t\t\t<a class=\"elementor-button elementor-button-link elementor-size-sm\" href=\"https:\/\/bukyapp.com\/booking?mode=pack&#038;product=62603f8c639c1f2053f25f05&#038;lang=en&#038;_gl=1*1ond94t*_ga*ODU1MDM5OTIuMTc0MTE5MTcyMQ..*_ga_4WWMT2EY3C*czE3NTIxNDgyOTAkbzYwJGcxJHQxNzUyMTQ5NzI0JGo1MCRsMCRoMA..\">\n\t\t\t\t\t\t<span class=\"elementor-button-content-wrapper\">\n\t\t\t\t\t\t\t\t\t<span class=\"elementor-button-text\">Kurs kaufen<\/span>\n\t\t\t\t\t<\/span>\n\t\t\t\t\t<\/a>\n\t\t\t\t<\/div>\n\t\t\t\t\t\t\t\t<\/div>\n\t\t\t\t<\/div>\n\t\t\t\t<\/div>\n\t\t\t\t<\/div>\n\t\t\t\t\t<\/div>\n\t\t\t\t<\/div>\n\t\t\t\t<\/div>\n\t\t","protected":false},"excerpt":{"rendered":"<p>technisch Extended Range Grundlagen Werden Sie ein Extended Range Foundations Taucher. Programm\u00fcbersicht: Das Extended Range Foundations Programm von SSI bietet allen Tauchern die M\u00f6glichkeit, ihre fortgeschrittenen Tauchfertigkeiten in einem pr\u00e4genden Workshop-Umfeld weiterzuentwickeln. Erfahren Sie mehr \u00fcber die Verwendung von technischer Ausr\u00fcstung mit jedem Gesamttauchsystem, f\u00fcr das Sie zertifiziert sind, und entwickeln Sie Ihre Grundfertigkeiten, um [&hellip;]<\/p>\n","protected":false},"author":10,"featured_media":0,"parent":0,"menu_order":0,"comment_status":"closed","ping_status":"closed","template":"","meta":{"_acf_changed":false,"footnotes":""},"class_list":["post-24752","page","type-page","status-publish","hentry"],"acf":[],"yoast_head":"<!-- This site is optimized with the Yoast SEO plugin v27.5 - https:\/\/yoast.com\/product\/yoast-seo-wordpress\/ -->\n<title>Extended Range Grundlagen | Calero Diving Lanzarote<\/title>\n<meta name=\"robots\" content=\"index, follow, max-snippet:-1, max-image-preview:large, max-video-preview:-1\" \/>\n<link rel=\"canonical\" href=\"https:\/\/calerodiving.com\/de\/extended-range-grundlagen\/\" \/>\n<meta property=\"og:locale\" content=\"de_DE\" \/>\n<meta property=\"og:type\" content=\"article\" \/>\n<meta property=\"og:title\" content=\"Extended Range Grundlagen | Calero Diving Lanzarote\" \/>\n<meta property=\"og:description\" content=\"technisch Extended Range Grundlagen Werden Sie ein Extended Range Foundations Taucher. Programm\u00fcbersicht: Das Extended Range Foundations Programm von SSI bietet allen Tauchern die M\u00f6glichkeit, ihre fortgeschrittenen Tauchfertigkeiten in einem pr\u00e4genden Workshop-Umfeld weiterzuentwickeln. Erfahren Sie mehr \u00fcber die Verwendung von technischer Ausr\u00fcstung mit jedem Gesamttauchsystem, f\u00fcr das Sie zertifiziert sind, und entwickeln Sie Ihre Grundfertigkeiten, um [&hellip;]\" \/>\n<meta property=\"og:url\" content=\"https:\/\/calerodiving.com\/de\/extended-range-grundlagen\/\" \/>\n<meta property=\"og:site_name\" content=\"Calero Diving Lanzarote\" \/>\n<meta property=\"article:publisher\" content=\"https:\/\/www.facebook.com\/calerodiving\/\" \/>\n<meta property=\"article:modified_time\" content=\"2025-08-27T08:02:20+00:00\" \/>\n<meta property=\"og:image\" content=\"https:\/\/calerodiving.com\/wp-content\/uploads\/2017\/10\/extended-range-foundations.jpg\" \/>\n\t<meta property=\"og:image:width\" content=\"350\" \/>\n\t<meta property=\"og:image:height\" content=\"222\" \/>\n\t<meta property=\"og:image:type\" content=\"image\/jpeg\" \/>\n<meta name=\"twitter:card\" content=\"summary_large_image\" \/>\n<meta name=\"twitter:label1\" content=\"Gesch\u00e4tzte Lesezeit\" \/>\n\t<meta name=\"twitter:data1\" content=\"1\u00a0Minute\" \/>\n<script type=\"application\/ld+json\" class=\"yoast-schema-graph\">{\"@context\":\"https:\\\/\\\/schema.org\",\"@graph\":[{\"@type\":\"WebPage\",\"@id\":\"https:\\\/\\\/calerodiving.com\\\/de\\\/extended-range-grundlagen\\\/\",\"url\":\"https:\\\/\\\/calerodiving.com\\\/de\\\/extended-range-grundlagen\\\/\",\"name\":\"Extended Range Grundlagen | Calero Diving Lanzarote\",\"isPartOf\":{\"@id\":\"https:\\\/\\\/calerodiving.com\\\/#website\"},\"primaryImageOfPage\":{\"@id\":\"https:\\\/\\\/calerodiving.com\\\/de\\\/extended-range-grundlagen\\\/#primaryimage\"},\"image\":{\"@id\":\"https:\\\/\\\/calerodiving.com\\\/de\\\/extended-range-grundlagen\\\/#primaryimage\"},\"thumbnailUrl\":\"https:\\\/\\\/calerodiving.com\\\/wp-content\\\/uploads\\\/2017\\\/10\\\/extended-range-foundations.jpg\",\"datePublished\":\"2025-08-27T08:02:19+00:00\",\"dateModified\":\"2025-08-27T08:02:20+00:00\",\"breadcrumb\":{\"@id\":\"https:\\\/\\\/calerodiving.com\\\/de\\\/extended-range-grundlagen\\\/#breadcrumb\"},\"inLanguage\":\"de\",\"potentialAction\":[{\"@type\":\"ReadAction\",\"target\":[\"https:\\\/\\\/calerodiving.com\\\/de\\\/extended-range-grundlagen\\\/\"]}]},{\"@type\":\"ImageObject\",\"inLanguage\":\"de\",\"@id\":\"https:\\\/\\\/calerodiving.com\\\/de\\\/extended-range-grundlagen\\\/#primaryimage\",\"url\":\"https:\\\/\\\/calerodiving.com\\\/wp-content\\\/uploads\\\/2017\\\/10\\\/extended-range-foundations.jpg\",\"contentUrl\":\"https:\\\/\\\/calerodiving.com\\\/wp-content\\\/uploads\\\/2017\\\/10\\\/extended-range-foundations.jpg\"},{\"@type\":\"BreadcrumbList\",\"@id\":\"https:\\\/\\\/calerodiving.com\\\/de\\\/extended-range-grundlagen\\\/#breadcrumb\",\"itemListElement\":[{\"@type\":\"ListItem\",\"position\":1,\"name\":\"Home\",\"item\":\"https:\\\/\\\/calerodiving.com\\\/es\\\/\"},{\"@type\":\"ListItem\",\"position\":2,\"name\":\"Extended Range Grundlagen\"}]},{\"@type\":\"WebSite\",\"@id\":\"https:\\\/\\\/calerodiving.com\\\/#website\",\"url\":\"https:\\\/\\\/calerodiving.com\\\/\",\"name\":\"Calero Diving Lanzarote\",\"description\":\"Dive Center - Marina Puerto Calero Lanzarote\",\"publisher\":{\"@id\":\"https:\\\/\\\/calerodiving.com\\\/#organization\"},\"alternateName\":\"Calero Diving\",\"potentialAction\":[{\"@type\":\"SearchAction\",\"target\":{\"@type\":\"EntryPoint\",\"urlTemplate\":\"https:\\\/\\\/calerodiving.com\\\/?s={search_term_string}\"},\"query-input\":{\"@type\":\"PropertyValueSpecification\",\"valueRequired\":true,\"valueName\":\"search_term_string\"}}],\"inLanguage\":\"de\"},{\"@type\":\"Organization\",\"@id\":\"https:\\\/\\\/calerodiving.com\\\/#organization\",\"name\":\"Calero Diving Lanzarote\",\"alternateName\":\"Calero Diving\",\"url\":\"https:\\\/\\\/calerodiving.com\\\/\",\"logo\":{\"@type\":\"ImageObject\",\"inLanguage\":\"de\",\"@id\":\"https:\\\/\\\/calerodiving.com\\\/#\\\/schema\\\/logo\\\/image\\\/\",\"url\":\"https:\\\/\\\/calerodiving.com\\\/wp-content\\\/uploads\\\/2025\\\/05\\\/Grupo.png\",\"contentUrl\":\"https:\\\/\\\/calerodiving.com\\\/wp-content\\\/uploads\\\/2025\\\/05\\\/Grupo.png\",\"width\":499,\"height\":590,\"caption\":\"Calero Diving Lanzarote\"},\"image\":{\"@id\":\"https:\\\/\\\/calerodiving.com\\\/#\\\/schema\\\/logo\\\/image\\\/\"},\"sameAs\":[\"https:\\\/\\\/www.facebook.com\\\/calerodiving\\\/\",\"https:\\\/\\\/www.instagram.com\\\/calerodiving\\\/\"]}]}<\/script>\n<!-- \/ Yoast SEO plugin. -->","yoast_head_json":{"title":"Extended Range Grundlagen | Calero Diving Lanzarote","robots":{"index":"index","follow":"follow","max-snippet":"max-snippet:-1","max-image-preview":"max-image-preview:large","max-video-preview":"max-video-preview:-1"},"canonical":"https:\/\/calerodiving.com\/de\/extended-range-grundlagen\/","og_locale":"de_DE","og_type":"article","og_title":"Extended Range Grundlagen | Calero Diving Lanzarote","og_description":"technisch Extended Range Grundlagen Werden Sie ein Extended Range Foundations Taucher. Programm\u00fcbersicht: Das Extended Range Foundations Programm von SSI bietet allen Tauchern die M\u00f6glichkeit, ihre fortgeschrittenen Tauchfertigkeiten in einem pr\u00e4genden Workshop-Umfeld weiterzuentwickeln. Erfahren Sie mehr \u00fcber die Verwendung von technischer Ausr\u00fcstung mit jedem Gesamttauchsystem, f\u00fcr das Sie zertifiziert sind, und entwickeln Sie Ihre Grundfertigkeiten, um [&hellip;]","og_url":"https:\/\/calerodiving.com\/de\/extended-range-grundlagen\/","og_site_name":"Calero Diving Lanzarote","article_publisher":"https:\/\/www.facebook.com\/calerodiving\/","article_modified_time":"2025-08-27T08:02:20+00:00","og_image":[{"width":350,"height":222,"url":"https:\/\/calerodiving.com\/wp-content\/uploads\/2017\/10\/extended-range-foundations.jpg","type":"image\/jpeg"}],"twitter_card":"summary_large_image","twitter_misc":{"Gesch\u00e4tzte Lesezeit":"1\u00a0Minute"},"schema":{"@context":"https:\/\/schema.org","@graph":[{"@type":"WebPage","@id":"https:\/\/calerodiving.com\/de\/extended-range-grundlagen\/","url":"https:\/\/calerodiving.com\/de\/extended-range-grundlagen\/","name":"Extended Range Grundlagen | Calero Diving Lanzarote","isPartOf":{"@id":"https:\/\/calerodiving.com\/#website"},"primaryImageOfPage":{"@id":"https:\/\/calerodiving.com\/de\/extended-range-grundlagen\/#primaryimage"},"image":{"@id":"https:\/\/calerodiving.com\/de\/extended-range-grundlagen\/#primaryimage"},"thumbnailUrl":"https:\/\/calerodiving.com\/wp-content\/uploads\/2017\/10\/extended-range-foundations.jpg","datePublished":"2025-08-27T08:02:19+00:00","dateModified":"2025-08-27T08:02:20+00:00","breadcrumb":{"@id":"https:\/\/calerodiving.com\/de\/extended-range-grundlagen\/#breadcrumb"},"inLanguage":"de","potentialAction":[{"@type":"ReadAction","target":["https:\/\/calerodiving.com\/de\/extended-range-grundlagen\/"]}]},{"@type":"ImageObject","inLanguage":"de","@id":"https:\/\/calerodiving.com\/de\/extended-range-grundlagen\/#primaryimage","url":"https:\/\/calerodiving.com\/wp-content\/uploads\/2017\/10\/extended-range-foundations.jpg","contentUrl":"https:\/\/calerodiving.com\/wp-content\/uploads\/2017\/10\/extended-range-foundations.jpg"},{"@type":"BreadcrumbList","@id":"https:\/\/calerodiving.com\/de\/extended-range-grundlagen\/#breadcrumb","itemListElement":[{"@type":"ListItem","position":1,"name":"Home","item":"https:\/\/calerodiving.com\/es\/"},{"@type":"ListItem","position":2,"name":"Extended Range Grundlagen"}]},{"@type":"WebSite","@id":"https:\/\/calerodiving.com\/#website","url":"https:\/\/calerodiving.com\/","name":"Calero Diving Lanzarote","description":"Dive Center - Marina Puerto Calero Lanzarote","publisher":{"@id":"https:\/\/calerodiving.com\/#organization"},"alternateName":"Calero Diving","potentialAction":[{"@type":"SearchAction","target":{"@type":"EntryPoint","urlTemplate":"https:\/\/calerodiving.com\/?s={search_term_string}"},"query-input":{"@type":"PropertyValueSpecification","valueRequired":true,"valueName":"search_term_string"}}],"inLanguage":"de"},{"@type":"Organization","@id":"https:\/\/calerodiving.com\/#organization","name":"Calero Diving Lanzarote","alternateName":"Calero Diving","url":"https:\/\/calerodiving.com\/","logo":{"@type":"ImageObject","inLanguage":"de","@id":"https:\/\/calerodiving.com\/#\/schema\/logo\/image\/","url":"https:\/\/calerodiving.com\/wp-content\/uploads\/2025\/05\/Grupo.png","contentUrl":"https:\/\/calerodiving.com\/wp-content\/uploads\/2025\/05\/Grupo.png","width":499,"height":590,"caption":"Calero Diving Lanzarote"},"image":{"@id":"https:\/\/calerodiving.com\/#\/schema\/logo\/image\/"},"sameAs":["https:\/\/www.facebook.com\/calerodiving\/","https:\/\/www.instagram.com\/calerodiving\/"]}]}},"_links":{"self":[{"href":"https:\/\/calerodiving.com\/de\/wp-json\/wp\/v2\/pages\/24752","targetHints":{"allow":["GET"]}}],"collection":[{"href":"https:\/\/calerodiving.com\/de\/wp-json\/wp\/v2\/pages"}],"about":[{"href":"https:\/\/calerodiving.com\/de\/wp-json\/wp\/v2\/types\/page"}],"author":[{"embeddable":true,"href":"https:\/\/calerodiving.com\/de\/wp-json\/wp\/v2\/users\/10"}],"replies":[{"embeddable":true,"href":"https:\/\/calerodiving.com\/de\/wp-json\/wp\/v2\/comments?post=24752"}],"version-history":[{"count":1,"href":"https:\/\/calerodiving.com\/de\/wp-json\/wp\/v2\/pages\/24752\/revisions"}],"predecessor-version":[{"id":24753,"href":"https:\/\/calerodiving.com\/de\/wp-json\/wp\/v2\/pages\/24752\/revisions\/24753"}],"wp:attachment":[{"href":"https:\/\/calerodiving.com\/de\/wp-json\/wp\/v2\/media?parent=24752"}],"curies":[{"name":"wp","href":"https:\/\/api.w.org\/{rel}","templated":true}]}}