{"id":24743,"date":"2025-08-27T09:02:14","date_gmt":"2025-08-27T08:02:14","guid":{"rendered":"https:\/\/calerodiving.com\/extended-range-sidemount\/"},"modified":"2026-03-05T11:17:37","modified_gmt":"2026-03-05T10:17:37","slug":"extended-range-sidemount","status":"publish","type":"page","link":"https:\/\/calerodiving.com\/de\/extended-range-sidemount\/","title":{"rendered":"Extended Range Sidemount"},"content":{"rendered":"\t\t<div data-elementor-type=\"wp-page\" data-elementor-id=\"24743\" class=\"elementor elementor-24743 elementor-21057\" data-elementor-post-type=\"page\">\n\t\t\t\t<div class=\"elementor-element elementor-element-a28d3ec e-flex e-con-boxed e-con e-parent\" data-id=\"a28d3ec\" data-element_type=\"container\" data-e-type=\"container\">\n\t\t\t\t\t<div class=\"e-con-inner\">\n\t\t<div class=\"elementor-element elementor-element-1e39cc6 e-con-full e-flex e-con e-child\" data-id=\"1e39cc6\" data-element_type=\"container\" data-e-type=\"container\">\n\t\t\t\t<div class=\"elementor-element elementor-element-4e1cbfe elementor-widget elementor-widget-image\" data-id=\"4e1cbfe\" data-element_type=\"widget\" data-e-type=\"widget\" data-widget_type=\"image.default\">\n\t\t\t\t<div class=\"elementor-widget-container\">\n\t\t\t\t\t\t\t\t\t\t\t\t\t\t\t<img fetchpriority=\"high\" decoding=\"async\" width=\"700\" height=\"445\" src=\"https:\/\/calerodiving.com\/wp-content\/uploads\/2025\/10\/Extended_Range_Sidemount_course_rubicon_Diving_Center_Lanzarote_card_909fa26c2a.webp\" class=\"attachment-large size-large wp-image-26726\" alt=\"\" srcset=\"https:\/\/calerodiving.com\/wp-content\/uploads\/2025\/10\/Extended_Range_Sidemount_course_rubicon_Diving_Center_Lanzarote_card_909fa26c2a.webp 700w, https:\/\/calerodiving.com\/wp-content\/uploads\/2025\/10\/Extended_Range_Sidemount_course_rubicon_Diving_Center_Lanzarote_card_909fa26c2a-300x191.webp 300w\" sizes=\"(max-width: 700px) 100vw, 700px\" \/>\t\t\t\t\t\t\t\t\t\t\t\t\t\t\t<\/div>\n\t\t\t\t<\/div>\n\t\t\t\t<\/div>\n\t\t<div class=\"elementor-element elementor-element-929c718 e-con-full e-flex e-con e-child\" data-id=\"929c718\" data-element_type=\"container\" data-e-type=\"container\">\n\t\t<div class=\"elementor-element elementor-element-d1f7d61 e-con-full e-flex e-con e-child\" data-id=\"d1f7d61\" data-element_type=\"container\" data-e-type=\"container\">\n\t\t\t\t<div class=\"elementor-element elementor-element-59a94a4 elementor-widget elementor-widget-html\" data-id=\"59a94a4\" data-element_type=\"widget\" data-e-type=\"widget\" data-widget_type=\"html.default\">\n\t\t\t\t<div class=\"elementor-widget-container\">\n\t\t\t\t\t<a href=\"https:\/\/calerodiving.com\/de\/?page_id=24533#ssi-open\" class=\"tag-button\">technisch<\/a>\n\t\t\t\t<\/div>\n\t\t\t\t<\/div>\n\t\t\t\t<div class=\"elementor-element elementor-element-53ad58c elementor-widget elementor-widget-heading\" data-id=\"53ad58c\" data-element_type=\"widget\" data-e-type=\"widget\" data-widget_type=\"heading.default\">\n\t\t\t\t<div class=\"elementor-widget-container\">\n\t\t\t\t\t<h2 class=\"elementor-heading-title elementor-size-default\">Extended Range Sidemount<\/h2>\t\t\t\t<\/div>\n\t\t\t\t<\/div>\n\t\t\t\t<\/div>\n\t\t\t\t<\/div>\n\t\t\t\t\t<\/div>\n\t\t\t\t<\/div>\n\t\t<div class=\"elementor-element elementor-element-d54d807 e-flex e-con-boxed e-con e-parent\" data-id=\"d54d807\" data-element_type=\"container\" data-e-type=\"container\">\n\t\t\t\t\t<div class=\"e-con-inner\">\n\t\t<div class=\"elementor-element elementor-element-f88f9b2 e-con-full e-flex e-con e-child\" data-id=\"f88f9b2\" data-element_type=\"container\" data-e-type=\"container\">\n\t\t<div class=\"elementor-element elementor-element-30f75c3 e-con-full e-flex e-con e-child\" data-id=\"30f75c3\" data-element_type=\"container\" data-e-type=\"container\">\n\t\t\t\t<div class=\"elementor-element elementor-element-9fec3ca elementor-widget elementor-widget-heading\" data-id=\"9fec3ca\" data-element_type=\"widget\" data-e-type=\"widget\" data-widget_type=\"heading.default\">\n\t\t\t\t<div class=\"elementor-widget-container\">\n\t\t\t\t\t<h2 class=\"elementor-heading-title elementor-size-default\">Sidemount-Tauchen mit Stage-Flaschen<\/h2>\t\t\t\t<\/div>\n\t\t\t\t<\/div>\n\t\t\t\t<div class=\"elementor-element elementor-element-018df15 elementor-widget elementor-widget-text-editor\" data-id=\"018df15\" data-element_type=\"widget\" data-e-type=\"widget\" data-widget_type=\"text-editor.default\">\n\t\t\t\t<div class=\"elementor-widget-container\">\n\t\t\t\t\t\t\t\t\t<div class=\"section-list\"><div class=\"section-list\"><h3>Programm\u00fcbersicht:<\/h3><ul><li>Das Erkunden von \u00dcberkopfumgebungen wie H\u00f6hlen und Wracks ist ein aufregendes Unterfangen. Das Hineinzw\u00e4ngen traditioneller Tauchausr\u00fcstung in die engen Bereiche dieser Umgebungen kann jedoch eine Herausforderung sein. <\/li><li>Dieser Kurs vermittelt Ihnen, wie Sie Ihren Tauchtrimm verbessern und durch die Verwendung einer Sidemount-Konfiguration stromlinienf\u00f6rmiger werden k\u00f6nnen, und schult Sie in den notwendigen Techniken, um mehrere Stage-Flaschen, die f\u00fcr das Dekompressionstauchen mitgef\u00fchrt werden, effizient und effektiv einzusetzen.<\/li><li>Sie k\u00f6nnen diese Ausr\u00fcstungskonfiguration dann auf alle anderen Extended Range Programme anwenden.<\/li><\/ul><h3>Dauer:<\/h3><ul><li>3 Tage<\/li><\/ul><h3>Inklusive:<\/h3><ul><li>1 begrenzte Wassereinheit<\/li><li>4 Trainingstauchg\u00e4nge<\/li><li>Ausr\u00fcstungsverleih<\/li><li>Digitale Materialien<\/li><li>SSI Extended Range Sidemount Zertifizierung<\/li><\/ul><h3>Nicht inklusive:<\/h3><ul><li>Tauchversicherung<\/li><\/ul><h3>Voraussetzungen:<\/h3><ul><li>SSI Open Water Diver Zertifizierung oder gleichwertig<\/li><\/ul><h3>Weitere Kurse, die Sie interessieren k\u00f6nnten:<\/h3><ul><li><a href=\"https:\/\/calerodiving.com\/de\/extended-range-nitrox-tauchen\/\">Extended Range Nitrox Tauchen<\/a><\/li><li><a href=\"https:\/\/calerodiving.com\/de\/extended-range\/\">Extended Range<\/a><\/li><\/ul><\/div><\/div>\t\t\t\t\t\t\t\t<\/div>\n\t\t\t\t<\/div>\n\t\t\t\t<\/div>\n\t\t\t\t<\/div>\n\t\t<div class=\"elementor-element elementor-element-492395a e-con-full e-flex e-con e-child\" data-id=\"492395a\" data-element_type=\"container\" data-e-type=\"container\">\n\t\t<div class=\"elementor-element elementor-element-16130eb e-con-full course-sidebar-box e-flex e-con e-child\" data-id=\"16130eb\" data-element_type=\"container\" data-e-type=\"container\" data-settings=\"{&quot;sticky&quot;:&quot;top&quot;,&quot;sticky_offset&quot;:110,&quot;sticky_effects_offset&quot;:130,&quot;sticky_parent&quot;:&quot;yes&quot;,&quot;sticky_on&quot;:[&quot;desktop&quot;,&quot;tablet&quot;,&quot;mobile&quot;],&quot;sticky_anchor_link_offset&quot;:0}\">\n\t\t\t\t<div class=\"elementor-element elementor-element-843d6fb elementor-widget elementor-widget-text-editor\" data-id=\"843d6fb\" data-element_type=\"widget\" data-e-type=\"widget\" data-widget_type=\"text-editor.default\">\n\t\t\t\t<div class=\"elementor-widget-container\">\n\t\t\t\t\t\t\t\t\t<div class=\"courses-info\"><h6 class=\"no-margin\">Dauer:<\/h6><p class=\"no-margin\">3-Tages-Kurs<\/p><\/div><div class=\"courses-info\"><h6 class=\"no-margin\">Preis:<\/h6><p class=\"no-margin\">Ab 750 \u20ac<\/p><\/div>\t\t\t\t\t\t\t\t<\/div>\n\t\t\t\t<\/div>\n\t\t\t\t<div class=\"elementor-element elementor-element-417f5fa elementor-mobile-align-center elementor-widget elementor-widget-button\" data-id=\"417f5fa\" data-element_type=\"widget\" data-e-type=\"widget\" data-widget_type=\"button.default\">\n\t\t\t\t<div class=\"elementor-widget-container\">\n\t\t\t\t\t\t\t\t\t<div class=\"elementor-button-wrapper\">\n\t\t\t\t\t<a class=\"elementor-button elementor-button-link elementor-size-sm\" href=\"https:\/\/app.bukyapp.com\/front\/6213b2319a1bbf005fa0b870\/product\/6888ae9ff71dec2c3880727f?lang=en\" target=\"_blank\">\n\t\t\t\t\t\t<span class=\"elementor-button-content-wrapper\">\n\t\t\t\t\t\t\t\t\t<span class=\"elementor-button-text\">Kurs kaufen<\/span>\n\t\t\t\t\t<\/span>\n\t\t\t\t\t<\/a>\n\t\t\t\t<\/div>\n\t\t\t\t\t\t\t\t<\/div>\n\t\t\t\t<\/div>\n\t\t\t\t<\/div>\n\t\t\t\t<\/div>\n\t\t\t\t\t<\/div>\n\t\t\t\t<\/div>\n\t\t\t\t<\/div>\n\t\t","protected":false},"excerpt":{"rendered":"<p>technisch Extended Range Sidemount Sidemount-Tauchen mit Stage-Flaschen Programm\u00fcbersicht: Das Erkunden von \u00dcberkopfumgebungen wie H\u00f6hlen und Wracks ist ein aufregendes Unterfangen. Das Hineinzw\u00e4ngen traditioneller Tauchausr\u00fcstung in die engen Bereiche dieser Umgebungen kann jedoch eine Herausforderung sein. Dieser Kurs vermittelt Ihnen, wie Sie Ihren Tauchtrimm verbessern und durch die Verwendung einer Sidemount-Konfiguration stromlinienf\u00f6rmiger werden k\u00f6nnen, und schult [&hellip;]<\/p>\n","protected":false},"author":10,"featured_media":0,"parent":0,"menu_order":0,"comment_status":"closed","ping_status":"closed","template":"","meta":{"_acf_changed":false,"footnotes":""},"class_list":["post-24743","page","type-page","status-publish","hentry"],"acf":[],"yoast_head":"<!-- This site is optimized with the Yoast SEO plugin v27.5 - https:\/\/yoast.com\/product\/yoast-seo-wordpress\/ -->\n<title>Extended Range Sidemount | Calero Diving Lanzarote<\/title>\n<meta name=\"robots\" content=\"index, follow, max-snippet:-1, max-image-preview:large, max-video-preview:-1\" \/>\n<link rel=\"canonical\" href=\"https:\/\/calerodiving.com\/extended-range-sidemount\/\" \/>\n<meta property=\"og:locale\" content=\"de_DE\" \/>\n<meta property=\"og:type\" content=\"article\" \/>\n<meta property=\"og:title\" content=\"Extended Range Sidemount | Calero Diving Lanzarote\" \/>\n<meta property=\"og:description\" content=\"technisch Extended Range Sidemount Sidemount-Tauchen mit Stage-Flaschen Programm\u00fcbersicht: Das Erkunden von \u00dcberkopfumgebungen wie H\u00f6hlen und Wracks ist ein aufregendes Unterfangen. Das Hineinzw\u00e4ngen traditioneller Tauchausr\u00fcstung in die engen Bereiche dieser Umgebungen kann jedoch eine Herausforderung sein. Dieser Kurs vermittelt Ihnen, wie Sie Ihren Tauchtrimm verbessern und durch die Verwendung einer Sidemount-Konfiguration stromlinienf\u00f6rmiger werden k\u00f6nnen, und schult [&hellip;]\" \/>\n<meta property=\"og:url\" content=\"https:\/\/calerodiving.com\/extended-range-sidemount\/\" \/>\n<meta property=\"og:site_name\" content=\"Calero Diving Lanzarote\" \/>\n<meta property=\"article:publisher\" content=\"https:\/\/www.facebook.com\/calerodiving\/\" \/>\n<meta property=\"article:modified_time\" content=\"2026-03-05T10:17:37+00:00\" \/>\n<meta property=\"og:image\" content=\"https:\/\/calerodiving.com\/wp-content\/uploads\/2025\/10\/Extended_Range_Sidemount_course_rubicon_Diving_Center_Lanzarote_card_909fa26c2a.webp\" \/>\n\t<meta property=\"og:image:width\" content=\"700\" \/>\n\t<meta property=\"og:image:height\" content=\"445\" \/>\n\t<meta property=\"og:image:type\" content=\"image\/webp\" \/>\n<meta name=\"twitter:card\" content=\"summary_large_image\" \/>\n<meta name=\"twitter:label1\" content=\"Gesch\u00e4tzte Lesezeit\" \/>\n\t<meta name=\"twitter:data1\" content=\"1\u00a0Minute\" \/>\n<script type=\"application\/ld+json\" class=\"yoast-schema-graph\">{\"@context\":\"https:\\\/\\\/schema.org\",\"@graph\":[{\"@type\":\"WebPage\",\"@id\":\"https:\\\/\\\/calerodiving.com\\\/extended-range-sidemount\\\/\",\"url\":\"https:\\\/\\\/calerodiving.com\\\/extended-range-sidemount\\\/\",\"name\":\"Extended Range Sidemount | Calero Diving Lanzarote\",\"isPartOf\":{\"@id\":\"https:\\\/\\\/calerodiving.com\\\/#website\"},\"primaryImageOfPage\":{\"@id\":\"https:\\\/\\\/calerodiving.com\\\/extended-range-sidemount\\\/#primaryimage\"},\"image\":{\"@id\":\"https:\\\/\\\/calerodiving.com\\\/extended-range-sidemount\\\/#primaryimage\"},\"thumbnailUrl\":\"https:\\\/\\\/calerodiving.com\\\/wp-content\\\/uploads\\\/2025\\\/10\\\/Extended_Range_Sidemount_course_rubicon_Diving_Center_Lanzarote_card_909fa26c2a.webp\",\"datePublished\":\"2025-08-27T08:02:14+00:00\",\"dateModified\":\"2026-03-05T10:17:37+00:00\",\"breadcrumb\":{\"@id\":\"https:\\\/\\\/calerodiving.com\\\/extended-range-sidemount\\\/#breadcrumb\"},\"inLanguage\":\"de\",\"potentialAction\":[{\"@type\":\"ReadAction\",\"target\":[\"https:\\\/\\\/calerodiving.com\\\/extended-range-sidemount\\\/\"]}]},{\"@type\":\"ImageObject\",\"inLanguage\":\"de\",\"@id\":\"https:\\\/\\\/calerodiving.com\\\/extended-range-sidemount\\\/#primaryimage\",\"url\":\"https:\\\/\\\/calerodiving.com\\\/wp-content\\\/uploads\\\/2025\\\/10\\\/Extended_Range_Sidemount_course_rubicon_Diving_Center_Lanzarote_card_909fa26c2a.webp\",\"contentUrl\":\"https:\\\/\\\/calerodiving.com\\\/wp-content\\\/uploads\\\/2025\\\/10\\\/Extended_Range_Sidemount_course_rubicon_Diving_Center_Lanzarote_card_909fa26c2a.webp\"},{\"@type\":\"BreadcrumbList\",\"@id\":\"https:\\\/\\\/calerodiving.com\\\/extended-range-sidemount\\\/#breadcrumb\",\"itemListElement\":[{\"@type\":\"ListItem\",\"position\":1,\"name\":\"Home\",\"item\":\"https:\\\/\\\/calerodiving.com\\\/es\\\/\"},{\"@type\":\"ListItem\",\"position\":2,\"name\":\"Extended Range Sidemount\"}]},{\"@type\":\"WebSite\",\"@id\":\"https:\\\/\\\/calerodiving.com\\\/#website\",\"url\":\"https:\\\/\\\/calerodiving.com\\\/\",\"name\":\"Calero Diving Lanzarote\",\"description\":\"Dive Center - Marina Puerto Calero Lanzarote\",\"publisher\":{\"@id\":\"https:\\\/\\\/calerodiving.com\\\/#organization\"},\"alternateName\":\"Calero Diving\",\"potentialAction\":[{\"@type\":\"SearchAction\",\"target\":{\"@type\":\"EntryPoint\",\"urlTemplate\":\"https:\\\/\\\/calerodiving.com\\\/?s={search_term_string}\"},\"query-input\":{\"@type\":\"PropertyValueSpecification\",\"valueRequired\":true,\"valueName\":\"search_term_string\"}}],\"inLanguage\":\"de\"},{\"@type\":\"Organization\",\"@id\":\"https:\\\/\\\/calerodiving.com\\\/#organization\",\"name\":\"Calero Diving Lanzarote\",\"alternateName\":\"Calero Diving\",\"url\":\"https:\\\/\\\/calerodiving.com\\\/\",\"logo\":{\"@type\":\"ImageObject\",\"inLanguage\":\"de\",\"@id\":\"https:\\\/\\\/calerodiving.com\\\/#\\\/schema\\\/logo\\\/image\\\/\",\"url\":\"https:\\\/\\\/calerodiving.com\\\/wp-content\\\/uploads\\\/2025\\\/05\\\/Grupo.png\",\"contentUrl\":\"https:\\\/\\\/calerodiving.com\\\/wp-content\\\/uploads\\\/2025\\\/05\\\/Grupo.png\",\"width\":499,\"height\":590,\"caption\":\"Calero Diving Lanzarote\"},\"image\":{\"@id\":\"https:\\\/\\\/calerodiving.com\\\/#\\\/schema\\\/logo\\\/image\\\/\"},\"sameAs\":[\"https:\\\/\\\/www.facebook.com\\\/calerodiving\\\/\",\"https:\\\/\\\/www.instagram.com\\\/calerodiving\\\/\"]}]}<\/script>\n<!-- \/ Yoast SEO plugin. -->","yoast_head_json":{"title":"Extended Range Sidemount | Calero Diving Lanzarote","robots":{"index":"index","follow":"follow","max-snippet":"max-snippet:-1","max-image-preview":"max-image-preview:large","max-video-preview":"max-video-preview:-1"},"canonical":"https:\/\/calerodiving.com\/extended-range-sidemount\/","og_locale":"de_DE","og_type":"article","og_title":"Extended Range Sidemount | Calero Diving Lanzarote","og_description":"technisch Extended Range Sidemount Sidemount-Tauchen mit Stage-Flaschen Programm\u00fcbersicht: Das Erkunden von \u00dcberkopfumgebungen wie H\u00f6hlen und Wracks ist ein aufregendes Unterfangen. Das Hineinzw\u00e4ngen traditioneller Tauchausr\u00fcstung in die engen Bereiche dieser Umgebungen kann jedoch eine Herausforderung sein. Dieser Kurs vermittelt Ihnen, wie Sie Ihren Tauchtrimm verbessern und durch die Verwendung einer Sidemount-Konfiguration stromlinienf\u00f6rmiger werden k\u00f6nnen, und schult [&hellip;]","og_url":"https:\/\/calerodiving.com\/extended-range-sidemount\/","og_site_name":"Calero Diving Lanzarote","article_publisher":"https:\/\/www.facebook.com\/calerodiving\/","article_modified_time":"2026-03-05T10:17:37+00:00","og_image":[{"width":700,"height":445,"url":"https:\/\/calerodiving.com\/wp-content\/uploads\/2025\/10\/Extended_Range_Sidemount_course_rubicon_Diving_Center_Lanzarote_card_909fa26c2a.webp","type":"image\/webp"}],"twitter_card":"summary_large_image","twitter_misc":{"Gesch\u00e4tzte Lesezeit":"1\u00a0Minute"},"schema":{"@context":"https:\/\/schema.org","@graph":[{"@type":"WebPage","@id":"https:\/\/calerodiving.com\/extended-range-sidemount\/","url":"https:\/\/calerodiving.com\/extended-range-sidemount\/","name":"Extended Range Sidemount | Calero Diving Lanzarote","isPartOf":{"@id":"https:\/\/calerodiving.com\/#website"},"primaryImageOfPage":{"@id":"https:\/\/calerodiving.com\/extended-range-sidemount\/#primaryimage"},"image":{"@id":"https:\/\/calerodiving.com\/extended-range-sidemount\/#primaryimage"},"thumbnailUrl":"https:\/\/calerodiving.com\/wp-content\/uploads\/2025\/10\/Extended_Range_Sidemount_course_rubicon_Diving_Center_Lanzarote_card_909fa26c2a.webp","datePublished":"2025-08-27T08:02:14+00:00","dateModified":"2026-03-05T10:17:37+00:00","breadcrumb":{"@id":"https:\/\/calerodiving.com\/extended-range-sidemount\/#breadcrumb"},"inLanguage":"de","potentialAction":[{"@type":"ReadAction","target":["https:\/\/calerodiving.com\/extended-range-sidemount\/"]}]},{"@type":"ImageObject","inLanguage":"de","@id":"https:\/\/calerodiving.com\/extended-range-sidemount\/#primaryimage","url":"https:\/\/calerodiving.com\/wp-content\/uploads\/2025\/10\/Extended_Range_Sidemount_course_rubicon_Diving_Center_Lanzarote_card_909fa26c2a.webp","contentUrl":"https:\/\/calerodiving.com\/wp-content\/uploads\/2025\/10\/Extended_Range_Sidemount_course_rubicon_Diving_Center_Lanzarote_card_909fa26c2a.webp"},{"@type":"BreadcrumbList","@id":"https:\/\/calerodiving.com\/extended-range-sidemount\/#breadcrumb","itemListElement":[{"@type":"ListItem","position":1,"name":"Home","item":"https:\/\/calerodiving.com\/es\/"},{"@type":"ListItem","position":2,"name":"Extended Range Sidemount"}]},{"@type":"WebSite","@id":"https:\/\/calerodiving.com\/#website","url":"https:\/\/calerodiving.com\/","name":"Calero Diving Lanzarote","description":"Dive Center - Marina Puerto Calero Lanzarote","publisher":{"@id":"https:\/\/calerodiving.com\/#organization"},"alternateName":"Calero Diving","potentialAction":[{"@type":"SearchAction","target":{"@type":"EntryPoint","urlTemplate":"https:\/\/calerodiving.com\/?s={search_term_string}"},"query-input":{"@type":"PropertyValueSpecification","valueRequired":true,"valueName":"search_term_string"}}],"inLanguage":"de"},{"@type":"Organization","@id":"https:\/\/calerodiving.com\/#organization","name":"Calero Diving Lanzarote","alternateName":"Calero Diving","url":"https:\/\/calerodiving.com\/","logo":{"@type":"ImageObject","inLanguage":"de","@id":"https:\/\/calerodiving.com\/#\/schema\/logo\/image\/","url":"https:\/\/calerodiving.com\/wp-content\/uploads\/2025\/05\/Grupo.png","contentUrl":"https:\/\/calerodiving.com\/wp-content\/uploads\/2025\/05\/Grupo.png","width":499,"height":590,"caption":"Calero Diving Lanzarote"},"image":{"@id":"https:\/\/calerodiving.com\/#\/schema\/logo\/image\/"},"sameAs":["https:\/\/www.facebook.com\/calerodiving\/","https:\/\/www.instagram.com\/calerodiving\/"]}]}},"_links":{"self":[{"href":"https:\/\/calerodiving.com\/de\/wp-json\/wp\/v2\/pages\/24743","targetHints":{"allow":["GET"]}}],"collection":[{"href":"https:\/\/calerodiving.com\/de\/wp-json\/wp\/v2\/pages"}],"about":[{"href":"https:\/\/calerodiving.com\/de\/wp-json\/wp\/v2\/types\/page"}],"author":[{"embeddable":true,"href":"https:\/\/calerodiving.com\/de\/wp-json\/wp\/v2\/users\/10"}],"replies":[{"embeddable":true,"href":"https:\/\/calerodiving.com\/de\/wp-json\/wp\/v2\/comments?post=24743"}],"version-history":[{"count":4,"href":"https:\/\/calerodiving.com\/de\/wp-json\/wp\/v2\/pages\/24743\/revisions"}],"predecessor-version":[{"id":26871,"href":"https:\/\/calerodiving.com\/de\/wp-json\/wp\/v2\/pages\/24743\/revisions\/26871"}],"wp:attachment":[{"href":"https:\/\/calerodiving.com\/de\/wp-json\/wp\/v2\/media?parent=24743"}],"curies":[{"name":"wp","href":"https:\/\/api.w.org\/{rel}","templated":true}]}}