{"id":24731,"date":"2025-08-27T09:01:53","date_gmt":"2025-08-27T08:01:53","guid":{"rendered":"https:\/\/calerodiving.com\/extended-range-nitrox-tauchen\/"},"modified":"2025-08-27T09:01:55","modified_gmt":"2025-08-27T08:01:55","slug":"extended-range-nitrox-tauchen","status":"publish","type":"page","link":"https:\/\/calerodiving.com\/de\/extended-range-nitrox-tauchen\/","title":{"rendered":"Extended Range Nitrox Tauchen"},"content":{"rendered":"\t\t<div data-elementor-type=\"wp-page\" data-elementor-id=\"24731\" class=\"elementor elementor-24731 elementor-21072\" data-elementor-post-type=\"page\">\n\t\t\t\t<div class=\"elementor-element elementor-element-fcc619c e-flex e-con-boxed e-con e-parent\" data-id=\"fcc619c\" data-element_type=\"container\" data-e-type=\"container\">\n\t\t\t\t\t<div class=\"e-con-inner\">\n\t\t<div class=\"elementor-element elementor-element-c2c197b e-con-full e-flex e-con e-child\" data-id=\"c2c197b\" data-element_type=\"container\" data-e-type=\"container\">\n\t\t\t\t<div class=\"elementor-element elementor-element-2ac4a42 elementor-widget elementor-widget-image\" data-id=\"2ac4a42\" data-element_type=\"widget\" data-e-type=\"widget\" data-widget_type=\"image.default\">\n\t\t\t\t<div class=\"elementor-widget-container\">\n\t\t\t\t\t\t\t\t\t\t\t\t\t\t\t<img fetchpriority=\"high\" decoding=\"async\" width=\"350\" height=\"222\" src=\"https:\/\/calerodiving.com\/wp-content\/uploads\/2017\/10\/extended-range-nitrox.jpg\" class=\"attachment-large size-large wp-image-1906\" alt=\"\" srcset=\"https:\/\/calerodiving.com\/wp-content\/uploads\/2017\/10\/extended-range-nitrox.jpg 350w, https:\/\/calerodiving.com\/wp-content\/uploads\/2017\/10\/extended-range-nitrox-300x190.jpg 300w\" sizes=\"(max-width: 350px) 100vw, 350px\" \/>\t\t\t\t\t\t\t\t\t\t\t\t\t\t\t<\/div>\n\t\t\t\t<\/div>\n\t\t\t\t<\/div>\n\t\t<div class=\"elementor-element elementor-element-453a215 e-con-full e-flex e-con e-child\" data-id=\"453a215\" data-element_type=\"container\" data-e-type=\"container\">\n\t\t<div class=\"elementor-element elementor-element-593c826 e-con-full e-flex e-con e-child\" data-id=\"593c826\" data-element_type=\"container\" data-e-type=\"container\">\n\t\t\t\t<div class=\"elementor-element elementor-element-37117f6 elementor-widget elementor-widget-html\" data-id=\"37117f6\" data-element_type=\"widget\" data-e-type=\"widget\" data-widget_type=\"html.default\">\n\t\t\t\t<div class=\"elementor-widget-container\">\n\t\t\t\t\t<a href=\"https:\/\/calerodiving.com\/de\/?page_id=24533#ssi-open\" class=\"tag-button\">technisch<\/a>\n\t\t\t\t<\/div>\n\t\t\t\t<\/div>\n\t\t\t\t<div class=\"elementor-element elementor-element-1263654 elementor-widget elementor-widget-heading\" data-id=\"1263654\" data-element_type=\"widget\" data-e-type=\"widget\" data-widget_type=\"heading.default\">\n\t\t\t\t<div class=\"elementor-widget-container\">\n\t\t\t\t\t<h2 class=\"elementor-heading-title elementor-size-default\">Extended Range Nitrox Tauchen<\/h2>\t\t\t\t<\/div>\n\t\t\t\t<\/div>\n\t\t\t\t<\/div>\n\t\t\t\t<\/div>\n\t\t\t\t\t<\/div>\n\t\t\t\t<\/div>\n\t\t<div class=\"elementor-element elementor-element-eb27977 e-flex e-con-boxed e-con e-parent\" data-id=\"eb27977\" data-element_type=\"container\" data-e-type=\"container\">\n\t\t\t\t\t<div class=\"e-con-inner\">\n\t\t<div class=\"elementor-element elementor-element-608fcf9 e-con-full e-flex e-con e-child\" data-id=\"608fcf9\" data-element_type=\"container\" data-e-type=\"container\">\n\t\t<div class=\"elementor-element elementor-element-f2b2f8f e-con-full e-flex e-con e-child\" data-id=\"f2b2f8f\" data-element_type=\"container\" data-e-type=\"container\">\n\t\t\t\t<div class=\"elementor-element elementor-element-24e7d56 elementor-widget elementor-widget-heading\" data-id=\"24e7d56\" data-element_type=\"widget\" data-e-type=\"widget\" data-widget_type=\"heading.default\">\n\t\t\t\t<div class=\"elementor-widget-container\">\n\t\t\t\t\t<h2 class=\"elementor-heading-title elementor-size-default\">Ihre Einf\u00fchrung in die begrenzte Dekompression<\/h2>\t\t\t\t<\/div>\n\t\t\t\t<\/div>\n\t\t\t\t<div class=\"elementor-element elementor-element-2688dde elementor-widget elementor-widget-text-editor\" data-id=\"2688dde\" data-element_type=\"widget\" data-e-type=\"widget\" data-widget_type=\"text-editor.default\">\n\t\t\t\t<div class=\"elementor-widget-container\">\n\t\t\t\t\t\t\t\t\t<div class=\"section-list\"><h3>Programm\u00fcbersicht:<\/h3><p>Dieses Programm bietet eine umfassende Einf\u00fchrung in die Konzepte, Techniken und Verfahren, die f\u00fcr das Dekompressionstauchen mit Nitrox erforderlich sind.<\/p><p>Entwickelt als eigenst\u00e4ndiges Programm oder als Sprungbrett, um ein Extended Range Trimix Taucher zu werden, bietet dieses Enriched Air Tauchprogramm grundlegende F\u00e4higkeiten, die die Basis f\u00fcr alle zuk\u00fcnftigen technischen Programme bilden.<\/p><p>Unter Verwendung einer Twinset- oder Sidemount-Konfiguration bereitet Sie dieses Programm darauf vor, begrenzte Dekompressionstauchg\u00e4nge (bis zu 15 Minuten) bis zu einer maximalen Tiefe von 40 Metern zu planen und durchzuf\u00fchren.<\/p><p>Zus\u00e4tzlich wird Ihnen dieses fortgeschrittene Programm die Techniken und Verfahren f\u00fcr die Verwendung von Atemgasen mit bis zu 100 % Sauerstoff zur Dekompression beibringen.<\/p><h3>Dauer:<\/h3><ul><li>2 Tage<\/li><\/ul><h3>Inklusive:<\/h3><ul><li>1 begrenzte Wassereinheit<\/li><li>4 Trainingstauchg\u00e4nge<\/li><li>Ausr\u00fcstungsverleih<\/li><li>Digitale Lernmaterialien<\/li><li>SSI Extended Range Nitrox Diving Zertifizierung<\/li><\/ul><h3>Nicht inklusive:<\/h3><ul><li>Tauchversicherung<\/li><\/ul><h3>Voraussetzungen:<\/h3><ul><li>Mindestens 18 Jahre alt<\/li><li>Mindestens 24 geloggte Tauchg\u00e4nge<\/li><li>Besitzen Sie die Zertifizierungen f\u00fcr SSI Deep Diving und Enriched Air Nitrox oder eine gleichwertige.<\/li><li>G\u00fcltige medizinische Bescheinigung aus dem letzten Jahr (keine Selbstzertifizierung akzeptiert)<\/li><\/ul><h3>Weitere Kurse, die Sie interessieren k\u00f6nnten:<\/h3><ul><li><a href=\"https:\/\/calerodiving.com\/de\/extended-range\/\">Extended Range<\/a><\/li><li><a href=\"https:\/\/calerodiving.com\/dry-suit-diving\/\">Trockentauchen<\/a><\/li><\/ul><\/div>\t\t\t\t\t\t\t\t<\/div>\n\t\t\t\t<\/div>\n\t\t\t\t<\/div>\n\t\t\t\t<\/div>\n\t\t<div class=\"elementor-element elementor-element-780c0ef e-con-full e-flex e-con e-child\" data-id=\"780c0ef\" data-element_type=\"container\" data-e-type=\"container\">\n\t\t<div class=\"elementor-element elementor-element-b8ecb3c e-con-full course-sidebar-box e-flex e-con e-child\" data-id=\"b8ecb3c\" data-element_type=\"container\" data-e-type=\"container\" data-settings=\"{&quot;sticky&quot;:&quot;top&quot;,&quot;sticky_offset&quot;:110,&quot;sticky_effects_offset&quot;:130,&quot;sticky_parent&quot;:&quot;yes&quot;,&quot;sticky_on&quot;:[&quot;desktop&quot;,&quot;tablet&quot;,&quot;mobile&quot;],&quot;sticky_anchor_link_offset&quot;:0}\">\n\t\t\t\t<div class=\"elementor-element elementor-element-e6f29a4 elementor-widget elementor-widget-text-editor\" data-id=\"e6f29a4\" data-element_type=\"widget\" data-e-type=\"widget\" data-widget_type=\"text-editor.default\">\n\t\t\t\t<div class=\"elementor-widget-container\">\n\t\t\t\t\t\t\t\t\t<div class=\"courses-info\"><h6 class=\"no-margin\">Dauer:<\/h6><p class=\"no-margin\">2-Tages-Kurs<\/p><\/div><div class=\"courses-info\"><h6 class=\"no-margin\">Preis:<\/h6><p class=\"no-margin\">Ab 450 \u20ac<\/p><\/div>\t\t\t\t\t\t\t\t<\/div>\n\t\t\t\t<\/div>\n\t\t\t\t<div class=\"elementor-element elementor-element-3f5fb0c elementor-mobile-align-center elementor-widget elementor-widget-button\" data-id=\"3f5fb0c\" data-element_type=\"widget\" data-e-type=\"widget\" data-widget_type=\"button.default\">\n\t\t\t\t<div class=\"elementor-widget-container\">\n\t\t\t\t\t\t\t\t\t<div class=\"elementor-button-wrapper\">\n\t\t\t\t\t<a class=\"elementor-button elementor-button-link elementor-size-sm\" href=\"https:\/\/app.bukyapp.com\/front\/6213b2319a1bbf005fa0b870\/product\/6260431c639c1f2053f25f33?lang=en\" target=\"_blank\">\n\t\t\t\t\t\t<span class=\"elementor-button-content-wrapper\">\n\t\t\t\t\t\t\t\t\t<span class=\"elementor-button-text\">Kurs kaufen<\/span>\n\t\t\t\t\t<\/span>\n\t\t\t\t\t<\/a>\n\t\t\t\t<\/div>\n\t\t\t\t\t\t\t\t<\/div>\n\t\t\t\t<\/div>\n\t\t\t\t<\/div>\n\t\t\t\t<\/div>\n\t\t\t\t\t<\/div>\n\t\t\t\t<\/div>\n\t\t\t\t<\/div>\n\t\t","protected":false},"excerpt":{"rendered":"<p>technisch Extended Range Nitrox Tauchen Ihre Einf\u00fchrung in die begrenzte Dekompression Programm\u00fcbersicht: Dieses Programm bietet eine umfassende Einf\u00fchrung in die Konzepte, Techniken und Verfahren, die f\u00fcr das Dekompressionstauchen mit Nitrox erforderlich sind. Entwickelt als eigenst\u00e4ndiges Programm oder als Sprungbrett, um ein Extended Range Trimix Taucher zu werden, bietet dieses Enriched Air Tauchprogramm grundlegende F\u00e4higkeiten, die [&hellip;]<\/p>\n","protected":false},"author":10,"featured_media":0,"parent":0,"menu_order":0,"comment_status":"closed","ping_status":"closed","template":"","meta":{"_acf_changed":false,"footnotes":""},"class_list":["post-24731","page","type-page","status-publish","hentry"],"acf":[],"yoast_head":"<!-- This site is optimized with the Yoast SEO plugin v27.5 - https:\/\/yoast.com\/product\/yoast-seo-wordpress\/ -->\n<title>Extended Range Nitrox Tauchen | Calero Diving Lanzarote<\/title>\n<meta name=\"robots\" content=\"index, follow, max-snippet:-1, max-image-preview:large, max-video-preview:-1\" \/>\n<link rel=\"canonical\" href=\"https:\/\/calerodiving.com\/de\/extended-range-nitrox-tauchen\/\" \/>\n<meta property=\"og:locale\" content=\"de_DE\" \/>\n<meta property=\"og:type\" content=\"article\" \/>\n<meta property=\"og:title\" content=\"Extended Range Nitrox Tauchen | Calero Diving Lanzarote\" \/>\n<meta property=\"og:description\" content=\"technisch Extended Range Nitrox Tauchen Ihre Einf\u00fchrung in die begrenzte Dekompression Programm\u00fcbersicht: Dieses Programm bietet eine umfassende Einf\u00fchrung in die Konzepte, Techniken und Verfahren, die f\u00fcr das Dekompressionstauchen mit Nitrox erforderlich sind. Entwickelt als eigenst\u00e4ndiges Programm oder als Sprungbrett, um ein Extended Range Trimix Taucher zu werden, bietet dieses Enriched Air Tauchprogramm grundlegende F\u00e4higkeiten, die [&hellip;]\" \/>\n<meta property=\"og:url\" content=\"https:\/\/calerodiving.com\/de\/extended-range-nitrox-tauchen\/\" \/>\n<meta property=\"og:site_name\" content=\"Calero Diving Lanzarote\" \/>\n<meta property=\"article:publisher\" content=\"https:\/\/www.facebook.com\/calerodiving\/\" \/>\n<meta property=\"article:modified_time\" content=\"2025-08-27T08:01:55+00:00\" \/>\n<meta property=\"og:image\" content=\"https:\/\/calerodiving.com\/wp-content\/uploads\/2017\/10\/extended-range-nitrox.jpg\" \/>\n\t<meta property=\"og:image:width\" content=\"350\" \/>\n\t<meta property=\"og:image:height\" content=\"222\" \/>\n\t<meta property=\"og:image:type\" content=\"image\/jpeg\" \/>\n<meta name=\"twitter:card\" content=\"summary_large_image\" \/>\n<meta name=\"twitter:label1\" content=\"Gesch\u00e4tzte Lesezeit\" \/>\n\t<meta name=\"twitter:data1\" content=\"1\u00a0Minute\" \/>\n<script type=\"application\/ld+json\" class=\"yoast-schema-graph\">{\"@context\":\"https:\\\/\\\/schema.org\",\"@graph\":[{\"@type\":\"WebPage\",\"@id\":\"https:\\\/\\\/calerodiving.com\\\/de\\\/extended-range-nitrox-tauchen\\\/\",\"url\":\"https:\\\/\\\/calerodiving.com\\\/de\\\/extended-range-nitrox-tauchen\\\/\",\"name\":\"Extended Range Nitrox Tauchen | Calero Diving Lanzarote\",\"isPartOf\":{\"@id\":\"https:\\\/\\\/calerodiving.com\\\/#website\"},\"primaryImageOfPage\":{\"@id\":\"https:\\\/\\\/calerodiving.com\\\/de\\\/extended-range-nitrox-tauchen\\\/#primaryimage\"},\"image\":{\"@id\":\"https:\\\/\\\/calerodiving.com\\\/de\\\/extended-range-nitrox-tauchen\\\/#primaryimage\"},\"thumbnailUrl\":\"https:\\\/\\\/calerodiving.com\\\/wp-content\\\/uploads\\\/2017\\\/10\\\/extended-range-nitrox.jpg\",\"datePublished\":\"2025-08-27T08:01:53+00:00\",\"dateModified\":\"2025-08-27T08:01:55+00:00\",\"breadcrumb\":{\"@id\":\"https:\\\/\\\/calerodiving.com\\\/de\\\/extended-range-nitrox-tauchen\\\/#breadcrumb\"},\"inLanguage\":\"de\",\"potentialAction\":[{\"@type\":\"ReadAction\",\"target\":[\"https:\\\/\\\/calerodiving.com\\\/de\\\/extended-range-nitrox-tauchen\\\/\"]}]},{\"@type\":\"ImageObject\",\"inLanguage\":\"de\",\"@id\":\"https:\\\/\\\/calerodiving.com\\\/de\\\/extended-range-nitrox-tauchen\\\/#primaryimage\",\"url\":\"https:\\\/\\\/calerodiving.com\\\/wp-content\\\/uploads\\\/2017\\\/10\\\/extended-range-nitrox.jpg\",\"contentUrl\":\"https:\\\/\\\/calerodiving.com\\\/wp-content\\\/uploads\\\/2017\\\/10\\\/extended-range-nitrox.jpg\"},{\"@type\":\"BreadcrumbList\",\"@id\":\"https:\\\/\\\/calerodiving.com\\\/de\\\/extended-range-nitrox-tauchen\\\/#breadcrumb\",\"itemListElement\":[{\"@type\":\"ListItem\",\"position\":1,\"name\":\"Home\",\"item\":\"https:\\\/\\\/calerodiving.com\\\/es\\\/\"},{\"@type\":\"ListItem\",\"position\":2,\"name\":\"Extended Range Nitrox Tauchen\"}]},{\"@type\":\"WebSite\",\"@id\":\"https:\\\/\\\/calerodiving.com\\\/#website\",\"url\":\"https:\\\/\\\/calerodiving.com\\\/\",\"name\":\"Calero Diving Lanzarote\",\"description\":\"Dive Center - Marina Puerto Calero Lanzarote\",\"publisher\":{\"@id\":\"https:\\\/\\\/calerodiving.com\\\/#organization\"},\"alternateName\":\"Calero Diving\",\"potentialAction\":[{\"@type\":\"SearchAction\",\"target\":{\"@type\":\"EntryPoint\",\"urlTemplate\":\"https:\\\/\\\/calerodiving.com\\\/?s={search_term_string}\"},\"query-input\":{\"@type\":\"PropertyValueSpecification\",\"valueRequired\":true,\"valueName\":\"search_term_string\"}}],\"inLanguage\":\"de\"},{\"@type\":\"Organization\",\"@id\":\"https:\\\/\\\/calerodiving.com\\\/#organization\",\"name\":\"Calero Diving Lanzarote\",\"alternateName\":\"Calero Diving\",\"url\":\"https:\\\/\\\/calerodiving.com\\\/\",\"logo\":{\"@type\":\"ImageObject\",\"inLanguage\":\"de\",\"@id\":\"https:\\\/\\\/calerodiving.com\\\/#\\\/schema\\\/logo\\\/image\\\/\",\"url\":\"https:\\\/\\\/calerodiving.com\\\/wp-content\\\/uploads\\\/2025\\\/05\\\/Grupo.png\",\"contentUrl\":\"https:\\\/\\\/calerodiving.com\\\/wp-content\\\/uploads\\\/2025\\\/05\\\/Grupo.png\",\"width\":499,\"height\":590,\"caption\":\"Calero Diving Lanzarote\"},\"image\":{\"@id\":\"https:\\\/\\\/calerodiving.com\\\/#\\\/schema\\\/logo\\\/image\\\/\"},\"sameAs\":[\"https:\\\/\\\/www.facebook.com\\\/calerodiving\\\/\",\"https:\\\/\\\/www.instagram.com\\\/calerodiving\\\/\"]}]}<\/script>\n<!-- \/ Yoast SEO plugin. -->","yoast_head_json":{"title":"Extended Range Nitrox Tauchen | Calero Diving Lanzarote","robots":{"index":"index","follow":"follow","max-snippet":"max-snippet:-1","max-image-preview":"max-image-preview:large","max-video-preview":"max-video-preview:-1"},"canonical":"https:\/\/calerodiving.com\/de\/extended-range-nitrox-tauchen\/","og_locale":"de_DE","og_type":"article","og_title":"Extended Range Nitrox Tauchen | Calero Diving Lanzarote","og_description":"technisch Extended Range Nitrox Tauchen Ihre Einf\u00fchrung in die begrenzte Dekompression Programm\u00fcbersicht: Dieses Programm bietet eine umfassende Einf\u00fchrung in die Konzepte, Techniken und Verfahren, die f\u00fcr das Dekompressionstauchen mit Nitrox erforderlich sind. Entwickelt als eigenst\u00e4ndiges Programm oder als Sprungbrett, um ein Extended Range Trimix Taucher zu werden, bietet dieses Enriched Air Tauchprogramm grundlegende F\u00e4higkeiten, die [&hellip;]","og_url":"https:\/\/calerodiving.com\/de\/extended-range-nitrox-tauchen\/","og_site_name":"Calero Diving Lanzarote","article_publisher":"https:\/\/www.facebook.com\/calerodiving\/","article_modified_time":"2025-08-27T08:01:55+00:00","og_image":[{"width":350,"height":222,"url":"https:\/\/calerodiving.com\/wp-content\/uploads\/2017\/10\/extended-range-nitrox.jpg","type":"image\/jpeg"}],"twitter_card":"summary_large_image","twitter_misc":{"Gesch\u00e4tzte Lesezeit":"1\u00a0Minute"},"schema":{"@context":"https:\/\/schema.org","@graph":[{"@type":"WebPage","@id":"https:\/\/calerodiving.com\/de\/extended-range-nitrox-tauchen\/","url":"https:\/\/calerodiving.com\/de\/extended-range-nitrox-tauchen\/","name":"Extended Range Nitrox Tauchen | Calero Diving Lanzarote","isPartOf":{"@id":"https:\/\/calerodiving.com\/#website"},"primaryImageOfPage":{"@id":"https:\/\/calerodiving.com\/de\/extended-range-nitrox-tauchen\/#primaryimage"},"image":{"@id":"https:\/\/calerodiving.com\/de\/extended-range-nitrox-tauchen\/#primaryimage"},"thumbnailUrl":"https:\/\/calerodiving.com\/wp-content\/uploads\/2017\/10\/extended-range-nitrox.jpg","datePublished":"2025-08-27T08:01:53+00:00","dateModified":"2025-08-27T08:01:55+00:00","breadcrumb":{"@id":"https:\/\/calerodiving.com\/de\/extended-range-nitrox-tauchen\/#breadcrumb"},"inLanguage":"de","potentialAction":[{"@type":"ReadAction","target":["https:\/\/calerodiving.com\/de\/extended-range-nitrox-tauchen\/"]}]},{"@type":"ImageObject","inLanguage":"de","@id":"https:\/\/calerodiving.com\/de\/extended-range-nitrox-tauchen\/#primaryimage","url":"https:\/\/calerodiving.com\/wp-content\/uploads\/2017\/10\/extended-range-nitrox.jpg","contentUrl":"https:\/\/calerodiving.com\/wp-content\/uploads\/2017\/10\/extended-range-nitrox.jpg"},{"@type":"BreadcrumbList","@id":"https:\/\/calerodiving.com\/de\/extended-range-nitrox-tauchen\/#breadcrumb","itemListElement":[{"@type":"ListItem","position":1,"name":"Home","item":"https:\/\/calerodiving.com\/es\/"},{"@type":"ListItem","position":2,"name":"Extended Range Nitrox Tauchen"}]},{"@type":"WebSite","@id":"https:\/\/calerodiving.com\/#website","url":"https:\/\/calerodiving.com\/","name":"Calero Diving Lanzarote","description":"Dive Center - Marina Puerto Calero Lanzarote","publisher":{"@id":"https:\/\/calerodiving.com\/#organization"},"alternateName":"Calero Diving","potentialAction":[{"@type":"SearchAction","target":{"@type":"EntryPoint","urlTemplate":"https:\/\/calerodiving.com\/?s={search_term_string}"},"query-input":{"@type":"PropertyValueSpecification","valueRequired":true,"valueName":"search_term_string"}}],"inLanguage":"de"},{"@type":"Organization","@id":"https:\/\/calerodiving.com\/#organization","name":"Calero Diving Lanzarote","alternateName":"Calero Diving","url":"https:\/\/calerodiving.com\/","logo":{"@type":"ImageObject","inLanguage":"de","@id":"https:\/\/calerodiving.com\/#\/schema\/logo\/image\/","url":"https:\/\/calerodiving.com\/wp-content\/uploads\/2025\/05\/Grupo.png","contentUrl":"https:\/\/calerodiving.com\/wp-content\/uploads\/2025\/05\/Grupo.png","width":499,"height":590,"caption":"Calero Diving Lanzarote"},"image":{"@id":"https:\/\/calerodiving.com\/#\/schema\/logo\/image\/"},"sameAs":["https:\/\/www.facebook.com\/calerodiving\/","https:\/\/www.instagram.com\/calerodiving\/"]}]}},"_links":{"self":[{"href":"https:\/\/calerodiving.com\/de\/wp-json\/wp\/v2\/pages\/24731","targetHints":{"allow":["GET"]}}],"collection":[{"href":"https:\/\/calerodiving.com\/de\/wp-json\/wp\/v2\/pages"}],"about":[{"href":"https:\/\/calerodiving.com\/de\/wp-json\/wp\/v2\/types\/page"}],"author":[{"embeddable":true,"href":"https:\/\/calerodiving.com\/de\/wp-json\/wp\/v2\/users\/10"}],"replies":[{"embeddable":true,"href":"https:\/\/calerodiving.com\/de\/wp-json\/wp\/v2\/comments?post=24731"}],"version-history":[{"count":1,"href":"https:\/\/calerodiving.com\/de\/wp-json\/wp\/v2\/pages\/24731\/revisions"}],"predecessor-version":[{"id":24733,"href":"https:\/\/calerodiving.com\/de\/wp-json\/wp\/v2\/pages\/24731\/revisions\/24733"}],"wp:attachment":[{"href":"https:\/\/calerodiving.com\/de\/wp-json\/wp\/v2\/media?parent=24731"}],"curies":[{"name":"wp","href":"https:\/\/api.w.org\/{rel}","templated":true}]}}