{"id":24709,"date":"2025-08-27T09:01:28","date_gmt":"2025-08-27T08:01:28","guid":{"rendered":"https:\/\/calerodiving.com\/extended-range\/"},"modified":"2025-08-27T09:01:32","modified_gmt":"2025-08-27T08:01:32","slug":"extended-range","status":"publish","type":"page","link":"https:\/\/calerodiving.com\/de\/extended-range\/","title":{"rendered":"Extended Range"},"content":{"rendered":"\t\t<div data-elementor-type=\"wp-page\" data-elementor-id=\"24709\" class=\"elementor elementor-24709 elementor-21087\" data-elementor-post-type=\"page\">\n\t\t\t\t<div class=\"elementor-element elementor-element-80476a9 e-flex e-con-boxed e-con e-parent\" data-id=\"80476a9\" data-element_type=\"container\" data-e-type=\"container\">\n\t\t\t\t\t<div class=\"e-con-inner\">\n\t\t<div class=\"elementor-element elementor-element-ea687aa e-con-full e-flex e-con e-child\" data-id=\"ea687aa\" data-element_type=\"container\" data-e-type=\"container\">\n\t\t\t\t<div class=\"elementor-element elementor-element-be7119a elementor-widget elementor-widget-image\" data-id=\"be7119a\" data-element_type=\"widget\" data-e-type=\"widget\" data-widget_type=\"image.default\">\n\t\t\t\t<div class=\"elementor-widget-container\">\n\t\t\t\t\t\t\t\t\t\t\t\t\t\t\t<img fetchpriority=\"high\" decoding=\"async\" width=\"350\" height=\"222\" src=\"https:\/\/calerodiving.com\/wp-content\/uploads\/2017\/10\/extended-range.jpg\" class=\"attachment-large size-large wp-image-2658\" alt=\"\" srcset=\"https:\/\/calerodiving.com\/wp-content\/uploads\/2017\/10\/extended-range.jpg 350w, https:\/\/calerodiving.com\/wp-content\/uploads\/2017\/10\/extended-range-300x190.jpg 300w\" sizes=\"(max-width: 350px) 100vw, 350px\" \/>\t\t\t\t\t\t\t\t\t\t\t\t\t\t\t<\/div>\n\t\t\t\t<\/div>\n\t\t\t\t<\/div>\n\t\t<div class=\"elementor-element elementor-element-97bdd78 e-con-full e-flex e-con e-child\" data-id=\"97bdd78\" data-element_type=\"container\" data-e-type=\"container\">\n\t\t<div class=\"elementor-element elementor-element-a0c6391 e-con-full e-flex e-con e-child\" data-id=\"a0c6391\" data-element_type=\"container\" data-e-type=\"container\">\n\t\t\t\t<div class=\"elementor-element elementor-element-f903335 elementor-widget elementor-widget-html\" data-id=\"f903335\" data-element_type=\"widget\" data-e-type=\"widget\" data-widget_type=\"html.default\">\n\t\t\t\t<div class=\"elementor-widget-container\">\n\t\t\t\t\t<a href=\"https:\/\/calerodiving.com\/de\/?page_id=24533#ssi-open\" class=\"tag-button\">technisch<\/a>\n\t\t\t\t<\/div>\n\t\t\t\t<\/div>\n\t\t\t\t<div class=\"elementor-element elementor-element-4836eae elementor-widget elementor-widget-heading\" data-id=\"4836eae\" data-element_type=\"widget\" data-e-type=\"widget\" data-widget_type=\"heading.default\">\n\t\t\t\t<div class=\"elementor-widget-container\">\n\t\t\t\t\t<h2 class=\"elementor-heading-title elementor-size-default\">Extended Range<\/h2>\t\t\t\t<\/div>\n\t\t\t\t<\/div>\n\t\t\t\t<\/div>\n\t\t\t\t<\/div>\n\t\t\t\t\t<\/div>\n\t\t\t\t<\/div>\n\t\t<div class=\"elementor-element elementor-element-ce5791c e-flex e-con-boxed e-con e-parent\" data-id=\"ce5791c\" data-element_type=\"container\" data-e-type=\"container\">\n\t\t\t\t\t<div class=\"e-con-inner\">\n\t\t<div class=\"elementor-element elementor-element-84857a5 e-con-full e-flex e-con e-child\" data-id=\"84857a5\" data-element_type=\"container\" data-e-type=\"container\">\n\t\t<div class=\"elementor-element elementor-element-72ba067 e-con-full e-flex e-con e-child\" data-id=\"72ba067\" data-element_type=\"container\" data-e-type=\"container\">\n\t\t\t\t<div class=\"elementor-element elementor-element-6ef2cf3 elementor-widget elementor-widget-heading\" data-id=\"6ef2cf3\" data-element_type=\"widget\" data-e-type=\"widget\" data-widget_type=\"heading.default\">\n\t\t\t\t<div class=\"elementor-widget-container\">\n\t\t\t\t\t<h2 class=\"elementor-heading-title elementor-size-default\">Werden Sie ein technischer Taucher.<\/h2>\t\t\t\t<\/div>\n\t\t\t\t<\/div>\n\t\t\t\t<div class=\"elementor-element elementor-element-d800c18 elementor-widget elementor-widget-text-editor\" data-id=\"d800c18\" data-element_type=\"widget\" data-e-type=\"widget\" data-widget_type=\"text-editor.default\">\n\t\t\t\t<div class=\"elementor-widget-container\">\n\t\t\t\t\t\t\t\t\t<div class=\"section-list\"><h3>Programm\u00fcbersicht:<\/h3><p>F\u00fcr viele Taucher ist es ein Ziel, technischer Taucher zu werden. Technische Taucher m\u00f6chten gr\u00f6\u00dfere Tiefen erreichen und l\u00e4nger unter Wasser bleiben, um ihr Tauchen mehr zu genie\u00dfen. F\u00fcr einige Taucher geht es beim technischen Tauchen um Erkundung und das Entdecken von Dingen, die andere noch nicht gesehen haben; f\u00fcr andere Taucher geht es darum, Orte zu erreichen, die nur wenige andere Taucher erreichen. Es ist ein gro\u00dfer Nervenkitzel, zu glauben, dass Sie etwas sehen, das nur wenige andere Taucher zuvor gesehen haben. Es ist jedoch wichtig zu erkennen, dass das technische Tauchen zwar Risiken birgt, diese Risiken aber durch sorgf\u00e4ltige und angemessene Ausbildung und Planung minimiert werden k\u00f6nnen.    <\/p><p>Der SSI Extended Range Kurs wurde entwickelt, um Taucher sicher in das technische Tauchen mit offenem Kreislauf einzuf\u00fchren. Das Programm qualifiziert Sie f\u00fcr Tauchg\u00e4nge bis zu einer Tiefe von 45 Metern mit Nitrox-Mischungen von bis zu 100 %. Das Extended Range Programm zeigt Ihnen, wie Sie einen Tauchplan planen und ausf\u00fchren, der aus einem einzelnen Gaswechsel mit beschleunigter Dekompression unter Verwendung eines Gases mit h\u00f6herem Sauerstoffgehalt f\u00fcr die Dekompression besteht.  <\/p><p>Dieser Kurs kann entweder in einer Backmount- oder Sidemount-Konfiguration absolviert werden (eine Extended Range Sidemount Zertifizierung ist erforderlich, wenn Sie Sidemount verwenden m\u00f6chten).<\/p><h3>Dauer:<\/h3><ul><li>5 Tage<\/li><\/ul><h3>Inklusive:<\/h3><ul><li>1 begrenzte Wassereinheit<\/li><li>6 Trainingstauchg\u00e4nge<\/li><li>Ausr\u00fcstungsverleih<\/li><li>Dekompressionsgasf\u00fcllungen<\/li><li>Digitale Materialien<\/li><li>SSI Extended Range\/Extended Range Trimix Zertifizierung<\/li><\/ul><h3>Nicht inklusive:<\/h3><ul><li>Tauchversicherung<\/li><\/ul><h3>Voraussetzungen:<\/h3><ul><li>Mindestens 18 Jahre alt<\/li><li>Mindestens 50 geloggte Tauchg\u00e4nge<\/li><li>Verf\u00fcgen Sie \u00fcber Zertifizierungen f\u00fcr SSI Deep Diving und Enriched Air Nitrox oder gleichwertig<\/li><li>G\u00fcltige medizinische Bescheinigung aus dem letzten Jahr (keine Selbstzertifizierung akzeptiert)<\/li><\/ul><h3>Weitere Kurse, die Sie interessieren k\u00f6nnten:<\/h3><ul><li><a href=\"https:\/\/calerodiving.com\/extended-range-sidemount\/\">Extended Range Sidemount<\/a><\/li><\/ul><\/div>\t\t\t\t\t\t\t\t<\/div>\n\t\t\t\t<\/div>\n\t\t\t\t<\/div>\n\t\t\t\t<\/div>\n\t\t<div class=\"elementor-element elementor-element-e0013ea e-con-full e-flex e-con e-child\" data-id=\"e0013ea\" data-element_type=\"container\" data-e-type=\"container\">\n\t\t<div class=\"elementor-element elementor-element-3a1e2e0 e-con-full course-sidebar-box e-flex e-con e-child\" data-id=\"3a1e2e0\" data-element_type=\"container\" data-e-type=\"container\" data-settings=\"{&quot;sticky&quot;:&quot;top&quot;,&quot;sticky_offset&quot;:110,&quot;sticky_effects_offset&quot;:130,&quot;sticky_parent&quot;:&quot;yes&quot;,&quot;sticky_on&quot;:[&quot;desktop&quot;,&quot;tablet&quot;,&quot;mobile&quot;],&quot;sticky_anchor_link_offset&quot;:0}\">\n\t\t\t\t<div class=\"elementor-element elementor-element-d311741 elementor-widget elementor-widget-text-editor\" data-id=\"d311741\" data-element_type=\"widget\" data-e-type=\"widget\" data-widget_type=\"text-editor.default\">\n\t\t\t\t<div class=\"elementor-widget-container\">\n\t\t\t\t\t\t\t\t\t<div class=\"courses-info\">\n<h6 class=\"no-margin\">Dauer:<\/h6>\n<p class=\"no-margin\">5-Tages-Kurs<\/p>\n<\/div>\n<div class=\"courses-info\">\n<h6 class=\"no-margin\">Preis:<\/h6>\n<p class=\"no-margin\">Ab 1.450 \u20ac<\/p>\n<\/div>\t\t\t\t\t\t\t\t<\/div>\n\t\t\t\t<\/div>\n\t\t\t\t<div class=\"elementor-element elementor-element-05242dd elementor-mobile-align-center elementor-widget elementor-widget-button\" data-id=\"05242dd\" data-element_type=\"widget\" data-e-type=\"widget\" data-widget_type=\"button.default\">\n\t\t\t\t<div class=\"elementor-widget-container\">\n\t\t\t\t\t\t\t\t\t<div class=\"elementor-button-wrapper\">\n\t\t\t\t\t<a class=\"elementor-button elementor-button-link elementor-size-sm\" href=\"https:\/\/bukyapp.com\/booking?mode=pack&#038;product=626047cf639c1f2053f25f3d&#038;lang=en&#038;_gl=1*1rdr4n9*_ga*ODU1MDM5OTIuMTc0MTE5MTcyMQ..*_ga_4WWMT2EY3C*czE3NTIxNDgyOTAkbzYwJGcxJHQxNzUyMTUwODQ2JGo1OSRsMCRoMA..\" target=\"_blank\">\n\t\t\t\t\t\t<span class=\"elementor-button-content-wrapper\">\n\t\t\t\t\t\t\t\t\t<span class=\"elementor-button-text\">Kurs kaufen<\/span>\n\t\t\t\t\t<\/span>\n\t\t\t\t\t<\/a>\n\t\t\t\t<\/div>\n\t\t\t\t\t\t\t\t<\/div>\n\t\t\t\t<\/div>\n\t\t\t\t<\/div>\n\t\t\t\t<\/div>\n\t\t\t\t\t<\/div>\n\t\t\t\t<\/div>\n\t\t\t\t<\/div>\n\t\t","protected":false},"excerpt":{"rendered":"<p>technisch Extended Range Werden Sie ein technischer Taucher. Programm\u00fcbersicht: F\u00fcr viele Taucher ist es ein Ziel, technischer Taucher zu werden. Technische Taucher m\u00f6chten gr\u00f6\u00dfere Tiefen erreichen und l\u00e4nger unter Wasser bleiben, um ihr Tauchen mehr zu genie\u00dfen. F\u00fcr einige Taucher geht es beim technischen Tauchen um Erkundung und das Entdecken von Dingen, die andere noch [&hellip;]<\/p>\n","protected":false},"author":10,"featured_media":0,"parent":0,"menu_order":0,"comment_status":"closed","ping_status":"closed","template":"","meta":{"_acf_changed":false,"footnotes":""},"class_list":["post-24709","page","type-page","status-publish","hentry"],"acf":[],"yoast_head":"<!-- This site is optimized with the Yoast SEO plugin v27.5 - https:\/\/yoast.com\/product\/yoast-seo-wordpress\/ -->\n<title>Extended Range | Calero Diving Lanzarote<\/title>\n<meta name=\"robots\" content=\"index, follow, max-snippet:-1, max-image-preview:large, max-video-preview:-1\" \/>\n<link rel=\"canonical\" href=\"https:\/\/calerodiving.com\/de\/extended-range\/\" \/>\n<meta property=\"og:locale\" content=\"de_DE\" \/>\n<meta property=\"og:type\" content=\"article\" \/>\n<meta property=\"og:title\" content=\"Extended Range | Calero Diving Lanzarote\" \/>\n<meta property=\"og:description\" content=\"technisch Extended Range Werden Sie ein technischer Taucher. Programm\u00fcbersicht: F\u00fcr viele Taucher ist es ein Ziel, technischer Taucher zu werden. Technische Taucher m\u00f6chten gr\u00f6\u00dfere Tiefen erreichen und l\u00e4nger unter Wasser bleiben, um ihr Tauchen mehr zu genie\u00dfen. F\u00fcr einige Taucher geht es beim technischen Tauchen um Erkundung und das Entdecken von Dingen, die andere noch [&hellip;]\" \/>\n<meta property=\"og:url\" content=\"https:\/\/calerodiving.com\/de\/extended-range\/\" \/>\n<meta property=\"og:site_name\" content=\"Calero Diving Lanzarote\" \/>\n<meta property=\"article:publisher\" content=\"https:\/\/www.facebook.com\/calerodiving\/\" \/>\n<meta property=\"article:modified_time\" content=\"2025-08-27T08:01:32+00:00\" \/>\n<meta property=\"og:image\" content=\"https:\/\/calerodiving.com\/wp-content\/uploads\/2017\/10\/extended-range.jpg\" \/>\n\t<meta property=\"og:image:width\" content=\"350\" \/>\n\t<meta property=\"og:image:height\" content=\"222\" \/>\n\t<meta property=\"og:image:type\" content=\"image\/jpeg\" \/>\n<meta name=\"twitter:card\" content=\"summary_large_image\" \/>\n<meta name=\"twitter:label1\" content=\"Gesch\u00e4tzte Lesezeit\" \/>\n\t<meta name=\"twitter:data1\" content=\"1\u00a0Minute\" \/>\n<script type=\"application\/ld+json\" class=\"yoast-schema-graph\">{\"@context\":\"https:\\\/\\\/schema.org\",\"@graph\":[{\"@type\":\"WebPage\",\"@id\":\"https:\\\/\\\/calerodiving.com\\\/de\\\/extended-range\\\/\",\"url\":\"https:\\\/\\\/calerodiving.com\\\/de\\\/extended-range\\\/\",\"name\":\"Extended Range | Calero Diving Lanzarote\",\"isPartOf\":{\"@id\":\"https:\\\/\\\/calerodiving.com\\\/#website\"},\"primaryImageOfPage\":{\"@id\":\"https:\\\/\\\/calerodiving.com\\\/de\\\/extended-range\\\/#primaryimage\"},\"image\":{\"@id\":\"https:\\\/\\\/calerodiving.com\\\/de\\\/extended-range\\\/#primaryimage\"},\"thumbnailUrl\":\"https:\\\/\\\/calerodiving.com\\\/wp-content\\\/uploads\\\/2017\\\/10\\\/extended-range.jpg\",\"datePublished\":\"2025-08-27T08:01:28+00:00\",\"dateModified\":\"2025-08-27T08:01:32+00:00\",\"breadcrumb\":{\"@id\":\"https:\\\/\\\/calerodiving.com\\\/de\\\/extended-range\\\/#breadcrumb\"},\"inLanguage\":\"de\",\"potentialAction\":[{\"@type\":\"ReadAction\",\"target\":[\"https:\\\/\\\/calerodiving.com\\\/de\\\/extended-range\\\/\"]}]},{\"@type\":\"ImageObject\",\"inLanguage\":\"de\",\"@id\":\"https:\\\/\\\/calerodiving.com\\\/de\\\/extended-range\\\/#primaryimage\",\"url\":\"https:\\\/\\\/calerodiving.com\\\/wp-content\\\/uploads\\\/2017\\\/10\\\/extended-range.jpg\",\"contentUrl\":\"https:\\\/\\\/calerodiving.com\\\/wp-content\\\/uploads\\\/2017\\\/10\\\/extended-range.jpg\"},{\"@type\":\"BreadcrumbList\",\"@id\":\"https:\\\/\\\/calerodiving.com\\\/de\\\/extended-range\\\/#breadcrumb\",\"itemListElement\":[{\"@type\":\"ListItem\",\"position\":1,\"name\":\"Home\",\"item\":\"https:\\\/\\\/calerodiving.com\\\/es\\\/\"},{\"@type\":\"ListItem\",\"position\":2,\"name\":\"Extended Range\"}]},{\"@type\":\"WebSite\",\"@id\":\"https:\\\/\\\/calerodiving.com\\\/#website\",\"url\":\"https:\\\/\\\/calerodiving.com\\\/\",\"name\":\"Calero Diving Lanzarote\",\"description\":\"Dive Center - Marina Puerto Calero Lanzarote\",\"publisher\":{\"@id\":\"https:\\\/\\\/calerodiving.com\\\/#organization\"},\"alternateName\":\"Calero Diving\",\"potentialAction\":[{\"@type\":\"SearchAction\",\"target\":{\"@type\":\"EntryPoint\",\"urlTemplate\":\"https:\\\/\\\/calerodiving.com\\\/?s={search_term_string}\"},\"query-input\":{\"@type\":\"PropertyValueSpecification\",\"valueRequired\":true,\"valueName\":\"search_term_string\"}}],\"inLanguage\":\"de\"},{\"@type\":\"Organization\",\"@id\":\"https:\\\/\\\/calerodiving.com\\\/#organization\",\"name\":\"Calero Diving Lanzarote\",\"alternateName\":\"Calero Diving\",\"url\":\"https:\\\/\\\/calerodiving.com\\\/\",\"logo\":{\"@type\":\"ImageObject\",\"inLanguage\":\"de\",\"@id\":\"https:\\\/\\\/calerodiving.com\\\/#\\\/schema\\\/logo\\\/image\\\/\",\"url\":\"https:\\\/\\\/calerodiving.com\\\/wp-content\\\/uploads\\\/2025\\\/05\\\/Grupo.png\",\"contentUrl\":\"https:\\\/\\\/calerodiving.com\\\/wp-content\\\/uploads\\\/2025\\\/05\\\/Grupo.png\",\"width\":499,\"height\":590,\"caption\":\"Calero Diving Lanzarote\"},\"image\":{\"@id\":\"https:\\\/\\\/calerodiving.com\\\/#\\\/schema\\\/logo\\\/image\\\/\"},\"sameAs\":[\"https:\\\/\\\/www.facebook.com\\\/calerodiving\\\/\",\"https:\\\/\\\/www.instagram.com\\\/calerodiving\\\/\"]}]}<\/script>\n<!-- \/ Yoast SEO plugin. -->","yoast_head_json":{"title":"Extended Range | Calero Diving Lanzarote","robots":{"index":"index","follow":"follow","max-snippet":"max-snippet:-1","max-image-preview":"max-image-preview:large","max-video-preview":"max-video-preview:-1"},"canonical":"https:\/\/calerodiving.com\/de\/extended-range\/","og_locale":"de_DE","og_type":"article","og_title":"Extended Range | Calero Diving Lanzarote","og_description":"technisch Extended Range Werden Sie ein technischer Taucher. Programm\u00fcbersicht: F\u00fcr viele Taucher ist es ein Ziel, technischer Taucher zu werden. Technische Taucher m\u00f6chten gr\u00f6\u00dfere Tiefen erreichen und l\u00e4nger unter Wasser bleiben, um ihr Tauchen mehr zu genie\u00dfen. F\u00fcr einige Taucher geht es beim technischen Tauchen um Erkundung und das Entdecken von Dingen, die andere noch [&hellip;]","og_url":"https:\/\/calerodiving.com\/de\/extended-range\/","og_site_name":"Calero Diving Lanzarote","article_publisher":"https:\/\/www.facebook.com\/calerodiving\/","article_modified_time":"2025-08-27T08:01:32+00:00","og_image":[{"width":350,"height":222,"url":"https:\/\/calerodiving.com\/wp-content\/uploads\/2017\/10\/extended-range.jpg","type":"image\/jpeg"}],"twitter_card":"summary_large_image","twitter_misc":{"Gesch\u00e4tzte Lesezeit":"1\u00a0Minute"},"schema":{"@context":"https:\/\/schema.org","@graph":[{"@type":"WebPage","@id":"https:\/\/calerodiving.com\/de\/extended-range\/","url":"https:\/\/calerodiving.com\/de\/extended-range\/","name":"Extended Range | Calero Diving Lanzarote","isPartOf":{"@id":"https:\/\/calerodiving.com\/#website"},"primaryImageOfPage":{"@id":"https:\/\/calerodiving.com\/de\/extended-range\/#primaryimage"},"image":{"@id":"https:\/\/calerodiving.com\/de\/extended-range\/#primaryimage"},"thumbnailUrl":"https:\/\/calerodiving.com\/wp-content\/uploads\/2017\/10\/extended-range.jpg","datePublished":"2025-08-27T08:01:28+00:00","dateModified":"2025-08-27T08:01:32+00:00","breadcrumb":{"@id":"https:\/\/calerodiving.com\/de\/extended-range\/#breadcrumb"},"inLanguage":"de","potentialAction":[{"@type":"ReadAction","target":["https:\/\/calerodiving.com\/de\/extended-range\/"]}]},{"@type":"ImageObject","inLanguage":"de","@id":"https:\/\/calerodiving.com\/de\/extended-range\/#primaryimage","url":"https:\/\/calerodiving.com\/wp-content\/uploads\/2017\/10\/extended-range.jpg","contentUrl":"https:\/\/calerodiving.com\/wp-content\/uploads\/2017\/10\/extended-range.jpg"},{"@type":"BreadcrumbList","@id":"https:\/\/calerodiving.com\/de\/extended-range\/#breadcrumb","itemListElement":[{"@type":"ListItem","position":1,"name":"Home","item":"https:\/\/calerodiving.com\/es\/"},{"@type":"ListItem","position":2,"name":"Extended Range"}]},{"@type":"WebSite","@id":"https:\/\/calerodiving.com\/#website","url":"https:\/\/calerodiving.com\/","name":"Calero Diving Lanzarote","description":"Dive Center - Marina Puerto Calero Lanzarote","publisher":{"@id":"https:\/\/calerodiving.com\/#organization"},"alternateName":"Calero Diving","potentialAction":[{"@type":"SearchAction","target":{"@type":"EntryPoint","urlTemplate":"https:\/\/calerodiving.com\/?s={search_term_string}"},"query-input":{"@type":"PropertyValueSpecification","valueRequired":true,"valueName":"search_term_string"}}],"inLanguage":"de"},{"@type":"Organization","@id":"https:\/\/calerodiving.com\/#organization","name":"Calero Diving Lanzarote","alternateName":"Calero Diving","url":"https:\/\/calerodiving.com\/","logo":{"@type":"ImageObject","inLanguage":"de","@id":"https:\/\/calerodiving.com\/#\/schema\/logo\/image\/","url":"https:\/\/calerodiving.com\/wp-content\/uploads\/2025\/05\/Grupo.png","contentUrl":"https:\/\/calerodiving.com\/wp-content\/uploads\/2025\/05\/Grupo.png","width":499,"height":590,"caption":"Calero Diving Lanzarote"},"image":{"@id":"https:\/\/calerodiving.com\/#\/schema\/logo\/image\/"},"sameAs":["https:\/\/www.facebook.com\/calerodiving\/","https:\/\/www.instagram.com\/calerodiving\/"]}]}},"_links":{"self":[{"href":"https:\/\/calerodiving.com\/de\/wp-json\/wp\/v2\/pages\/24709","targetHints":{"allow":["GET"]}}],"collection":[{"href":"https:\/\/calerodiving.com\/de\/wp-json\/wp\/v2\/pages"}],"about":[{"href":"https:\/\/calerodiving.com\/de\/wp-json\/wp\/v2\/types\/page"}],"author":[{"embeddable":true,"href":"https:\/\/calerodiving.com\/de\/wp-json\/wp\/v2\/users\/10"}],"replies":[{"embeddable":true,"href":"https:\/\/calerodiving.com\/de\/wp-json\/wp\/v2\/comments?post=24709"}],"version-history":[{"count":1,"href":"https:\/\/calerodiving.com\/de\/wp-json\/wp\/v2\/pages\/24709\/revisions"}],"predecessor-version":[{"id":24711,"href":"https:\/\/calerodiving.com\/de\/wp-json\/wp\/v2\/pages\/24709\/revisions\/24711"}],"wp:attachment":[{"href":"https:\/\/calerodiving.com\/de\/wp-json\/wp\/v2\/media?parent=24709"}],"curies":[{"name":"wp","href":"https:\/\/api.w.org\/{rel}","templated":true}]}}