{"id":24697,"date":"2025-08-27T09:01:06","date_gmt":"2025-08-27T08:01:06","guid":{"rendered":"https:\/\/calerodiving.com\/hypoxisches-trimix\/"},"modified":"2025-08-27T09:01:11","modified_gmt":"2025-08-27T08:01:11","slug":"hypoxisches-trimix","status":"publish","type":"page","link":"https:\/\/calerodiving.com\/de\/hypoxisches-trimix\/","title":{"rendered":"Hypoxisches Trimix"},"content":{"rendered":"\t\t<div data-elementor-type=\"wp-page\" data-elementor-id=\"24697\" class=\"elementor elementor-24697 elementor-21115\" data-elementor-post-type=\"page\">\n\t\t\t\t<div class=\"elementor-element elementor-element-82c77bc e-flex e-con-boxed e-con e-parent\" data-id=\"82c77bc\" data-element_type=\"container\" data-e-type=\"container\">\n\t\t\t\t\t<div class=\"e-con-inner\">\n\t\t<div class=\"elementor-element elementor-element-1722bec e-con-full e-flex e-con e-child\" data-id=\"1722bec\" data-element_type=\"container\" data-e-type=\"container\">\n\t\t\t\t<div class=\"elementor-element elementor-element-032deb2 elementor-widget elementor-widget-image\" data-id=\"032deb2\" data-element_type=\"widget\" data-e-type=\"widget\" data-widget_type=\"image.default\">\n\t\t\t\t<div class=\"elementor-widget-container\">\n\t\t\t\t\t\t\t\t\t\t\t\t\t\t\t<img fetchpriority=\"high\" decoding=\"async\" width=\"350\" height=\"222\" src=\"https:\/\/calerodiving.com\/wp-content\/uploads\/2017\/10\/hypoxic-trimix.jpg\" class=\"attachment-large size-large wp-image-2670\" alt=\"\" srcset=\"https:\/\/calerodiving.com\/wp-content\/uploads\/2017\/10\/hypoxic-trimix.jpg 350w, https:\/\/calerodiving.com\/wp-content\/uploads\/2017\/10\/hypoxic-trimix-300x190.jpg 300w\" sizes=\"(max-width: 350px) 100vw, 350px\" \/>\t\t\t\t\t\t\t\t\t\t\t\t\t\t\t<\/div>\n\t\t\t\t<\/div>\n\t\t\t\t<\/div>\n\t\t<div class=\"elementor-element elementor-element-60ccb8e e-con-full e-flex e-con e-child\" data-id=\"60ccb8e\" data-element_type=\"container\" data-e-type=\"container\">\n\t\t<div class=\"elementor-element elementor-element-86adfdc e-con-full e-flex e-con e-child\" data-id=\"86adfdc\" data-element_type=\"container\" data-e-type=\"container\">\n\t\t\t\t<div class=\"elementor-element elementor-element-9f4079b elementor-widget elementor-widget-html\" data-id=\"9f4079b\" data-element_type=\"widget\" data-e-type=\"widget\" data-widget_type=\"html.default\">\n\t\t\t\t<div class=\"elementor-widget-container\">\n\t\t\t\t\t<a href=\"https:\/\/calerodiving.com\/de\/?page_id=24533#ssi-open\" class=\"tag-button\">technisch<\/a>\n\t\t\t\t<\/div>\n\t\t\t\t<\/div>\n\t\t\t\t<div class=\"elementor-element elementor-element-78e89dd elementor-widget elementor-widget-heading\" data-id=\"78e89dd\" data-element_type=\"widget\" data-e-type=\"widget\" data-widget_type=\"heading.default\">\n\t\t\t\t<div class=\"elementor-widget-container\">\n\t\t\t\t\t<h2 class=\"elementor-heading-title elementor-size-default\">Hypoxisches Trimix\n<\/h2>\t\t\t\t<\/div>\n\t\t\t\t<\/div>\n\t\t\t\t<\/div>\n\t\t\t\t<\/div>\n\t\t\t\t\t<\/div>\n\t\t\t\t<\/div>\n\t\t<div class=\"elementor-element elementor-element-cd836bd e-flex e-con-boxed e-con e-parent\" data-id=\"cd836bd\" data-element_type=\"container\" data-e-type=\"container\">\n\t\t\t\t\t<div class=\"e-con-inner\">\n\t\t<div class=\"elementor-element elementor-element-637447e e-con-full e-flex e-con e-child\" data-id=\"637447e\" data-element_type=\"container\" data-e-type=\"container\">\n\t\t<div class=\"elementor-element elementor-element-a2e4661 e-con-full e-flex e-con e-child\" data-id=\"a2e4661\" data-element_type=\"container\" data-e-type=\"container\">\n\t\t\t\t<div class=\"elementor-element elementor-element-73e6d76 elementor-widget elementor-widget-heading\" data-id=\"73e6d76\" data-element_type=\"widget\" data-e-type=\"widget\" data-widget_type=\"heading.default\">\n\t\t\t\t<div class=\"elementor-widget-container\">\n\t\t\t\t\t<h2 class=\"elementor-heading-title elementor-size-default\">Tauchen Sie bis zu einer Tiefe von 100 m<\/h2>\t\t\t\t<\/div>\n\t\t\t\t<\/div>\n\t\t\t\t<div class=\"elementor-element elementor-element-e6b4706 elementor-widget elementor-widget-text-editor\" data-id=\"e6b4706\" data-element_type=\"widget\" data-e-type=\"widget\" data-widget_type=\"text-editor.default\">\n\t\t\t\t<div class=\"elementor-widget-container\">\n\t\t\t\t\t\t\t\t\t<div class=\"section-list\"><h3>Programm\u00fcbersicht:<\/h3><p>Bereiten Sie sich darauf vor, Ihre technischen Tauchfertigkeiten mit dem Hypoxic Trimix Programm von SSI an ihre Grenzen zu bringen. Sie werden all das Wissen, die Fertigkeiten, die Ausr\u00fcstung und die Erfahrung nutzen, die Sie aus Ihrer vorherigen fortgeschrittenen Tauchausbildung gesammelt haben, um Sie auf eine Reise in die Tiefen des Ozeans mitzunehmen. Sie werden lernen, wie Sie den ultimativen Dekompressionstauchgang sicher durchf\u00fchren, indem Sie Trimix-Tauchtechniken und -verfahren anwenden. Lernen Sie, wie Sie mindestens drei Stage-Flaschen f\u00fcr Reise- und Dekompressionsgas neben Ihrer Twinset-Tauchkonfiguration transportieren und richtig verwenden. Unter Verwendung von Hypoxic Trimix Atemgasen werden Sie Tauchg\u00e4nge bis zu einer maximalen Tiefe von 100 Metern planen und durchf\u00fchren.    <\/p><h3>Dauer:<\/h3><ul><li>6 Tage<\/li><\/ul><h3>Inklusive:<\/h3><ul><li>1 begrenzte Wassereinheit<\/li><li>6 Trainingstauchg\u00e4nge<\/li><li>Digitale Materialien<\/li><li>SSI Hypoxic Trimix-Zertifizierung<\/li><\/ul><h3>Nicht inklusive:<\/h3><ul><li>Ausr\u00fcstungsverleih<\/li><li>Tauchversicherung<\/li><li>Helium-Zusatz<\/li><\/ul><h3>Voraussetzungen:<\/h3><ul><li>Mindestens 18 Jahre alt<\/li><li>Mindestens 100 geloggte Tauchg\u00e4nge, davon 30 tiefer als 30 Meter, 10 Tauchg\u00e4nge tiefer als 45 Meter und 20 Tauchg\u00e4nge, die eine gestufte Dekompression mit mindestens zwei Gaswechseln erfordern (ohne Trainings-Tauchg\u00e4nge)<\/li><li>Besitzen Sie die Zertifizierungen von mindestens einem der folgenden: SSI Technical Extended Range oder gleichwertig<\/li><li>G\u00fcltige medizinische Bescheinigung aus dem letzten Jahr (keine Selbstzertifizierung akzeptiert)<\/li><\/ul><h3>Weitere Kurse, die Sie interessieren k\u00f6nnten:<\/h3><ul><li><a href=\"https:\/\/calerodiving.com\/de\/ccr-erweiterte-reichweite-trimix\/\">Technisches Extended Range Trimix<\/a><\/li><\/ul><\/div>\t\t\t\t\t\t\t\t<\/div>\n\t\t\t\t<\/div>\n\t\t\t\t<\/div>\n\t\t\t\t<\/div>\n\t\t<div class=\"elementor-element elementor-element-cec77ab e-con-full e-flex e-con e-child\" data-id=\"cec77ab\" data-element_type=\"container\" data-e-type=\"container\">\n\t\t<div class=\"elementor-element elementor-element-f4057bb e-con-full course-sidebar-box e-flex e-con e-child\" data-id=\"f4057bb\" data-element_type=\"container\" data-e-type=\"container\" data-settings=\"{&quot;sticky&quot;:&quot;top&quot;,&quot;sticky_offset&quot;:110,&quot;sticky_effects_offset&quot;:130,&quot;sticky_parent&quot;:&quot;yes&quot;,&quot;sticky_on&quot;:[&quot;desktop&quot;,&quot;tablet&quot;,&quot;mobile&quot;],&quot;sticky_anchor_link_offset&quot;:0}\">\n\t\t\t\t<div class=\"elementor-element elementor-element-f2c8959 elementor-widget elementor-widget-text-editor\" data-id=\"f2c8959\" data-element_type=\"widget\" data-e-type=\"widget\" data-widget_type=\"text-editor.default\">\n\t\t\t\t<div class=\"elementor-widget-container\">\n\t\t\t\t\t\t\t\t\t<div class=\"courses-info\"><h6 class=\"no-margin\">Dauer:<\/h6><p class=\"no-margin\">6-t\u00e4giger Kurs<\/p><\/div><div class=\"courses-info\"><h6 class=\"no-margin\">Preis:<\/h6><p class=\"no-margin\">Ab 2.500 \u20ac<\/p><\/div>\t\t\t\t\t\t\t\t<\/div>\n\t\t\t\t<\/div>\n\t\t\t\t<div class=\"elementor-element elementor-element-e59e4fc elementor-mobile-align-center elementor-widget elementor-widget-button\" data-id=\"e59e4fc\" data-element_type=\"widget\" data-e-type=\"widget\" data-widget_type=\"button.default\">\n\t\t\t\t<div class=\"elementor-widget-container\">\n\t\t\t\t\t\t\t\t\t<div class=\"elementor-button-wrapper\">\n\t\t\t\t\t<a class=\"elementor-button elementor-button-link elementor-size-sm\" href=\"https:\/\/bukyapp.com\/booking?mode=pack&#038;product=62604916639c1f2053f25f48&#038;lang=en&#038;_gl=1*1e6wwr*_ga*ODU1MDM5OTIuMTc0MTE5MTcyMQ..*_ga_4WWMT2EY3C*czE3NTIxNDgyOTAkbzYwJGcxJHQxNzUyMTUwODQ2JGo1OSRsMCRoMA..\" target=\"_blank\">\n\t\t\t\t\t\t<span class=\"elementor-button-content-wrapper\">\n\t\t\t\t\t\t\t\t\t<span class=\"elementor-button-text\">Kurs kaufen<\/span>\n\t\t\t\t\t<\/span>\n\t\t\t\t\t<\/a>\n\t\t\t\t<\/div>\n\t\t\t\t\t\t\t\t<\/div>\n\t\t\t\t<\/div>\n\t\t\t\t<\/div>\n\t\t\t\t<\/div>\n\t\t\t\t\t<\/div>\n\t\t\t\t<\/div>\n\t\t\t\t<\/div>\n\t\t","protected":false},"excerpt":{"rendered":"<p>technisch Hypoxisches Trimix Tauchen Sie bis zu einer Tiefe von 100 m Programm\u00fcbersicht: Bereiten Sie sich darauf vor, Ihre technischen Tauchfertigkeiten mit dem Hypoxic Trimix Programm von SSI an ihre Grenzen zu bringen. Sie werden all das Wissen, die Fertigkeiten, die Ausr\u00fcstung und die Erfahrung nutzen, die Sie aus Ihrer vorherigen fortgeschrittenen Tauchausbildung gesammelt haben, [&hellip;]<\/p>\n","protected":false},"author":10,"featured_media":0,"parent":0,"menu_order":0,"comment_status":"closed","ping_status":"closed","template":"","meta":{"_acf_changed":false,"footnotes":""},"class_list":["post-24697","page","type-page","status-publish","hentry"],"acf":[],"yoast_head":"<!-- This site is optimized with the Yoast SEO plugin v27.5 - https:\/\/yoast.com\/product\/yoast-seo-wordpress\/ -->\n<title>Hypoxisches Trimix | Calero Diving Lanzarote<\/title>\n<meta name=\"robots\" content=\"index, follow, max-snippet:-1, max-image-preview:large, max-video-preview:-1\" \/>\n<link rel=\"canonical\" href=\"https:\/\/calerodiving.com\/de\/hypoxisches-trimix\/\" \/>\n<meta property=\"og:locale\" content=\"de_DE\" \/>\n<meta property=\"og:type\" content=\"article\" \/>\n<meta property=\"og:title\" content=\"Hypoxisches Trimix | Calero Diving Lanzarote\" \/>\n<meta property=\"og:description\" content=\"technisch Hypoxisches Trimix Tauchen Sie bis zu einer Tiefe von 100 m Programm\u00fcbersicht: Bereiten Sie sich darauf vor, Ihre technischen Tauchfertigkeiten mit dem Hypoxic Trimix Programm von SSI an ihre Grenzen zu bringen. Sie werden all das Wissen, die Fertigkeiten, die Ausr\u00fcstung und die Erfahrung nutzen, die Sie aus Ihrer vorherigen fortgeschrittenen Tauchausbildung gesammelt haben, [&hellip;]\" \/>\n<meta property=\"og:url\" content=\"https:\/\/calerodiving.com\/de\/hypoxisches-trimix\/\" \/>\n<meta property=\"og:site_name\" content=\"Calero Diving Lanzarote\" \/>\n<meta property=\"article:publisher\" content=\"https:\/\/www.facebook.com\/calerodiving\/\" \/>\n<meta property=\"article:modified_time\" content=\"2025-08-27T08:01:11+00:00\" \/>\n<meta property=\"og:image\" content=\"https:\/\/calerodiving.com\/wp-content\/uploads\/2017\/10\/hypoxic-trimix.jpg\" \/>\n\t<meta property=\"og:image:width\" content=\"350\" \/>\n\t<meta property=\"og:image:height\" content=\"222\" \/>\n\t<meta property=\"og:image:type\" content=\"image\/jpeg\" \/>\n<meta name=\"twitter:card\" content=\"summary_large_image\" \/>\n<meta name=\"twitter:label1\" content=\"Gesch\u00e4tzte Lesezeit\" \/>\n\t<meta name=\"twitter:data1\" content=\"1\u00a0Minute\" \/>\n<script type=\"application\/ld+json\" class=\"yoast-schema-graph\">{\"@context\":\"https:\\\/\\\/schema.org\",\"@graph\":[{\"@type\":\"WebPage\",\"@id\":\"https:\\\/\\\/calerodiving.com\\\/de\\\/hypoxisches-trimix\\\/\",\"url\":\"https:\\\/\\\/calerodiving.com\\\/de\\\/hypoxisches-trimix\\\/\",\"name\":\"Hypoxisches Trimix | Calero Diving Lanzarote\",\"isPartOf\":{\"@id\":\"https:\\\/\\\/calerodiving.com\\\/#website\"},\"primaryImageOfPage\":{\"@id\":\"https:\\\/\\\/calerodiving.com\\\/de\\\/hypoxisches-trimix\\\/#primaryimage\"},\"image\":{\"@id\":\"https:\\\/\\\/calerodiving.com\\\/de\\\/hypoxisches-trimix\\\/#primaryimage\"},\"thumbnailUrl\":\"https:\\\/\\\/calerodiving.com\\\/wp-content\\\/uploads\\\/2017\\\/10\\\/hypoxic-trimix.jpg\",\"datePublished\":\"2025-08-27T08:01:06+00:00\",\"dateModified\":\"2025-08-27T08:01:11+00:00\",\"breadcrumb\":{\"@id\":\"https:\\\/\\\/calerodiving.com\\\/de\\\/hypoxisches-trimix\\\/#breadcrumb\"},\"inLanguage\":\"de\",\"potentialAction\":[{\"@type\":\"ReadAction\",\"target\":[\"https:\\\/\\\/calerodiving.com\\\/de\\\/hypoxisches-trimix\\\/\"]}]},{\"@type\":\"ImageObject\",\"inLanguage\":\"de\",\"@id\":\"https:\\\/\\\/calerodiving.com\\\/de\\\/hypoxisches-trimix\\\/#primaryimage\",\"url\":\"https:\\\/\\\/calerodiving.com\\\/wp-content\\\/uploads\\\/2017\\\/10\\\/hypoxic-trimix.jpg\",\"contentUrl\":\"https:\\\/\\\/calerodiving.com\\\/wp-content\\\/uploads\\\/2017\\\/10\\\/hypoxic-trimix.jpg\"},{\"@type\":\"BreadcrumbList\",\"@id\":\"https:\\\/\\\/calerodiving.com\\\/de\\\/hypoxisches-trimix\\\/#breadcrumb\",\"itemListElement\":[{\"@type\":\"ListItem\",\"position\":1,\"name\":\"Home\",\"item\":\"https:\\\/\\\/calerodiving.com\\\/es\\\/\"},{\"@type\":\"ListItem\",\"position\":2,\"name\":\"Hypoxisches Trimix\"}]},{\"@type\":\"WebSite\",\"@id\":\"https:\\\/\\\/calerodiving.com\\\/#website\",\"url\":\"https:\\\/\\\/calerodiving.com\\\/\",\"name\":\"Calero Diving Lanzarote\",\"description\":\"Dive Center - Marina Puerto Calero Lanzarote\",\"publisher\":{\"@id\":\"https:\\\/\\\/calerodiving.com\\\/#organization\"},\"alternateName\":\"Calero Diving\",\"potentialAction\":[{\"@type\":\"SearchAction\",\"target\":{\"@type\":\"EntryPoint\",\"urlTemplate\":\"https:\\\/\\\/calerodiving.com\\\/?s={search_term_string}\"},\"query-input\":{\"@type\":\"PropertyValueSpecification\",\"valueRequired\":true,\"valueName\":\"search_term_string\"}}],\"inLanguage\":\"de\"},{\"@type\":\"Organization\",\"@id\":\"https:\\\/\\\/calerodiving.com\\\/#organization\",\"name\":\"Calero Diving Lanzarote\",\"alternateName\":\"Calero Diving\",\"url\":\"https:\\\/\\\/calerodiving.com\\\/\",\"logo\":{\"@type\":\"ImageObject\",\"inLanguage\":\"de\",\"@id\":\"https:\\\/\\\/calerodiving.com\\\/#\\\/schema\\\/logo\\\/image\\\/\",\"url\":\"https:\\\/\\\/calerodiving.com\\\/wp-content\\\/uploads\\\/2025\\\/05\\\/Grupo.png\",\"contentUrl\":\"https:\\\/\\\/calerodiving.com\\\/wp-content\\\/uploads\\\/2025\\\/05\\\/Grupo.png\",\"width\":499,\"height\":590,\"caption\":\"Calero Diving Lanzarote\"},\"image\":{\"@id\":\"https:\\\/\\\/calerodiving.com\\\/#\\\/schema\\\/logo\\\/image\\\/\"},\"sameAs\":[\"https:\\\/\\\/www.facebook.com\\\/calerodiving\\\/\",\"https:\\\/\\\/www.instagram.com\\\/calerodiving\\\/\"]}]}<\/script>\n<!-- \/ Yoast SEO plugin. -->","yoast_head_json":{"title":"Hypoxisches Trimix | Calero Diving Lanzarote","robots":{"index":"index","follow":"follow","max-snippet":"max-snippet:-1","max-image-preview":"max-image-preview:large","max-video-preview":"max-video-preview:-1"},"canonical":"https:\/\/calerodiving.com\/de\/hypoxisches-trimix\/","og_locale":"de_DE","og_type":"article","og_title":"Hypoxisches Trimix | Calero Diving Lanzarote","og_description":"technisch Hypoxisches Trimix Tauchen Sie bis zu einer Tiefe von 100 m Programm\u00fcbersicht: Bereiten Sie sich darauf vor, Ihre technischen Tauchfertigkeiten mit dem Hypoxic Trimix Programm von SSI an ihre Grenzen zu bringen. Sie werden all das Wissen, die Fertigkeiten, die Ausr\u00fcstung und die Erfahrung nutzen, die Sie aus Ihrer vorherigen fortgeschrittenen Tauchausbildung gesammelt haben, [&hellip;]","og_url":"https:\/\/calerodiving.com\/de\/hypoxisches-trimix\/","og_site_name":"Calero Diving Lanzarote","article_publisher":"https:\/\/www.facebook.com\/calerodiving\/","article_modified_time":"2025-08-27T08:01:11+00:00","og_image":[{"width":350,"height":222,"url":"https:\/\/calerodiving.com\/wp-content\/uploads\/2017\/10\/hypoxic-trimix.jpg","type":"image\/jpeg"}],"twitter_card":"summary_large_image","twitter_misc":{"Gesch\u00e4tzte Lesezeit":"1\u00a0Minute"},"schema":{"@context":"https:\/\/schema.org","@graph":[{"@type":"WebPage","@id":"https:\/\/calerodiving.com\/de\/hypoxisches-trimix\/","url":"https:\/\/calerodiving.com\/de\/hypoxisches-trimix\/","name":"Hypoxisches Trimix | Calero Diving Lanzarote","isPartOf":{"@id":"https:\/\/calerodiving.com\/#website"},"primaryImageOfPage":{"@id":"https:\/\/calerodiving.com\/de\/hypoxisches-trimix\/#primaryimage"},"image":{"@id":"https:\/\/calerodiving.com\/de\/hypoxisches-trimix\/#primaryimage"},"thumbnailUrl":"https:\/\/calerodiving.com\/wp-content\/uploads\/2017\/10\/hypoxic-trimix.jpg","datePublished":"2025-08-27T08:01:06+00:00","dateModified":"2025-08-27T08:01:11+00:00","breadcrumb":{"@id":"https:\/\/calerodiving.com\/de\/hypoxisches-trimix\/#breadcrumb"},"inLanguage":"de","potentialAction":[{"@type":"ReadAction","target":["https:\/\/calerodiving.com\/de\/hypoxisches-trimix\/"]}]},{"@type":"ImageObject","inLanguage":"de","@id":"https:\/\/calerodiving.com\/de\/hypoxisches-trimix\/#primaryimage","url":"https:\/\/calerodiving.com\/wp-content\/uploads\/2017\/10\/hypoxic-trimix.jpg","contentUrl":"https:\/\/calerodiving.com\/wp-content\/uploads\/2017\/10\/hypoxic-trimix.jpg"},{"@type":"BreadcrumbList","@id":"https:\/\/calerodiving.com\/de\/hypoxisches-trimix\/#breadcrumb","itemListElement":[{"@type":"ListItem","position":1,"name":"Home","item":"https:\/\/calerodiving.com\/es\/"},{"@type":"ListItem","position":2,"name":"Hypoxisches Trimix"}]},{"@type":"WebSite","@id":"https:\/\/calerodiving.com\/#website","url":"https:\/\/calerodiving.com\/","name":"Calero Diving Lanzarote","description":"Dive Center - Marina Puerto Calero Lanzarote","publisher":{"@id":"https:\/\/calerodiving.com\/#organization"},"alternateName":"Calero Diving","potentialAction":[{"@type":"SearchAction","target":{"@type":"EntryPoint","urlTemplate":"https:\/\/calerodiving.com\/?s={search_term_string}"},"query-input":{"@type":"PropertyValueSpecification","valueRequired":true,"valueName":"search_term_string"}}],"inLanguage":"de"},{"@type":"Organization","@id":"https:\/\/calerodiving.com\/#organization","name":"Calero Diving Lanzarote","alternateName":"Calero Diving","url":"https:\/\/calerodiving.com\/","logo":{"@type":"ImageObject","inLanguage":"de","@id":"https:\/\/calerodiving.com\/#\/schema\/logo\/image\/","url":"https:\/\/calerodiving.com\/wp-content\/uploads\/2025\/05\/Grupo.png","contentUrl":"https:\/\/calerodiving.com\/wp-content\/uploads\/2025\/05\/Grupo.png","width":499,"height":590,"caption":"Calero Diving Lanzarote"},"image":{"@id":"https:\/\/calerodiving.com\/#\/schema\/logo\/image\/"},"sameAs":["https:\/\/www.facebook.com\/calerodiving\/","https:\/\/www.instagram.com\/calerodiving\/"]}]}},"_links":{"self":[{"href":"https:\/\/calerodiving.com\/de\/wp-json\/wp\/v2\/pages\/24697","targetHints":{"allow":["GET"]}}],"collection":[{"href":"https:\/\/calerodiving.com\/de\/wp-json\/wp\/v2\/pages"}],"about":[{"href":"https:\/\/calerodiving.com\/de\/wp-json\/wp\/v2\/types\/page"}],"author":[{"embeddable":true,"href":"https:\/\/calerodiving.com\/de\/wp-json\/wp\/v2\/users\/10"}],"replies":[{"embeddable":true,"href":"https:\/\/calerodiving.com\/de\/wp-json\/wp\/v2\/comments?post=24697"}],"version-history":[{"count":1,"href":"https:\/\/calerodiving.com\/de\/wp-json\/wp\/v2\/pages\/24697\/revisions"}],"predecessor-version":[{"id":24698,"href":"https:\/\/calerodiving.com\/de\/wp-json\/wp\/v2\/pages\/24697\/revisions\/24698"}],"wp:attachment":[{"href":"https:\/\/calerodiving.com\/de\/wp-json\/wp\/v2\/media?parent=24697"}],"curies":[{"name":"wp","href":"https:\/\/api.w.org\/{rel}","templated":true}]}}