{"id":24690,"date":"2025-08-27T08:52:13","date_gmt":"2025-08-27T07:52:13","guid":{"rendered":"https:\/\/calerodiving.com\/ccr-technical-extended-range\/"},"modified":"2025-08-27T08:52:13","modified_gmt":"2025-08-27T07:52:13","slug":"ccr-technical-extended-range","status":"publish","type":"page","link":"https:\/\/calerodiving.com\/de\/ccr-technical-extended-range\/","title":{"rendered":"CCR Technical Extended Range"},"content":{"rendered":"\t\t<div data-elementor-type=\"wp-page\" data-elementor-id=\"24690\" class=\"elementor elementor-24690 elementor-21339\" data-elementor-post-type=\"page\">\n\t\t\t\t<div class=\"elementor-element elementor-element-c38dbcc e-flex e-con-boxed e-con e-parent\" data-id=\"c38dbcc\" data-element_type=\"container\" data-e-type=\"container\">\n\t\t\t\t\t<div class=\"e-con-inner\">\n\t\t<div class=\"elementor-element elementor-element-ec92406 e-con-full e-flex e-con e-child\" data-id=\"ec92406\" data-element_type=\"container\" data-e-type=\"container\">\n\t\t\t\t<div class=\"elementor-element elementor-element-ea65a18 elementor-widget elementor-widget-image\" data-id=\"ea65a18\" data-element_type=\"widget\" data-e-type=\"widget\" data-widget_type=\"image.default\">\n\t\t\t\t<div class=\"elementor-widget-container\">\n\t\t\t\t\t\t\t\t\t\t\t\t\t\t\t<img fetchpriority=\"high\" decoding=\"async\" width=\"350\" height=\"222\" src=\"https:\/\/calerodiving.com\/wp-content\/uploads\/2020\/02\/ccr-technical-extended-range.jpg\" class=\"attachment-large size-large wp-image-10128\" alt=\"\" srcset=\"https:\/\/calerodiving.com\/wp-content\/uploads\/2020\/02\/ccr-technical-extended-range.jpg 350w, https:\/\/calerodiving.com\/wp-content\/uploads\/2020\/02\/ccr-technical-extended-range-300x190.jpg 300w\" sizes=\"(max-width: 350px) 100vw, 350px\" \/>\t\t\t\t\t\t\t\t\t\t\t\t\t\t\t<\/div>\n\t\t\t\t<\/div>\n\t\t\t\t<\/div>\n\t\t<div class=\"elementor-element elementor-element-4718068 e-con-full e-flex e-con e-child\" data-id=\"4718068\" data-element_type=\"container\" data-e-type=\"container\">\n\t\t<div class=\"elementor-element elementor-element-8f52364 e-con-full e-flex e-con e-child\" data-id=\"8f52364\" data-element_type=\"container\" data-e-type=\"container\">\n\t\t\t\t<div class=\"elementor-element elementor-element-01d9c19 elementor-widget elementor-widget-html\" data-id=\"01d9c19\" data-element_type=\"widget\" data-e-type=\"widget\" data-widget_type=\"html.default\">\n\t\t\t\t<div class=\"elementor-widget-container\">\n\t\t\t\t\t<a href=\"https:\/\/calerodiving.com\/de\/?page_id=24215\" class=\"tag-button\">Technisch<\/a>\n\t\t\t\t<\/div>\n\t\t\t\t<\/div>\n\t\t\t\t<div class=\"elementor-element elementor-element-dc08fea elementor-widget elementor-widget-heading\" data-id=\"dc08fea\" data-element_type=\"widget\" data-e-type=\"widget\" data-widget_type=\"heading.default\">\n\t\t\t\t<div class=\"elementor-widget-container\">\n\t\t\t\t\t<h2 class=\"elementor-heading-title elementor-size-default\">CCR Technical Extended Range<\/h2>\t\t\t\t<\/div>\n\t\t\t\t<\/div>\n\t\t\t\t<\/div>\n\t\t\t\t<\/div>\n\t\t\t\t\t<\/div>\n\t\t\t\t<\/div>\n\t\t<div class=\"elementor-element elementor-element-7ed8edc e-flex e-con-boxed e-con e-parent\" data-id=\"7ed8edc\" data-element_type=\"container\" data-e-type=\"container\">\n\t\t\t\t\t<div class=\"e-con-inner\">\n\t\t<div class=\"elementor-element elementor-element-2d85322 e-con-full e-flex e-con e-child\" data-id=\"2d85322\" data-element_type=\"container\" data-e-type=\"container\">\n\t\t<div class=\"elementor-element elementor-element-70a69c4 e-con-full e-flex e-con e-child\" data-id=\"70a69c4\" data-element_type=\"container\" data-e-type=\"container\">\n\t\t\t\t<div class=\"elementor-element elementor-element-ae9eade elementor-widget elementor-widget-heading\" data-id=\"ae9eade\" data-element_type=\"widget\" data-e-type=\"widget\" data-widget_type=\"heading.default\">\n\t\t\t\t<div class=\"elementor-widget-container\">\n\t\t\t\t\t<h2 class=\"elementor-heading-title elementor-size-default\">Erweitern Sie Ihren Tiefenbereich mit einem Rebreather<\/h2>\t\t\t\t<\/div>\n\t\t\t\t<\/div>\n\t\t\t\t<div class=\"elementor-element elementor-element-2efb69e elementor-widget elementor-widget-text-editor\" data-id=\"2efb69e\" data-element_type=\"widget\" data-e-type=\"widget\" data-widget_type=\"text-editor.default\">\n\t\t\t\t<div class=\"elementor-widget-container\">\n\t\t\t\t\t\t\t\t\t<div class=\"section-list\">\n  <h3>Programm\u00fcbersicht:<\/h3>\n  <p>Das CCR Extended Range Programm baut auf den F\u00e4higkeiten und Techniken auf, die als grundlegender Kreislaufger\u00e4tetaucher erlernt wurden, indem es Tiefe und Dauer erh\u00f6ht, die Dekompression einf\u00fchrt und komplexere Fertigkeiten hinzuf\u00fcgt. Das Training ist mit JJ-CCR, SF2, rEvo, Liberty, AP Inspiration oder Poseidon Kreislaufger\u00e4ten verf\u00fcgbar. <br><br>Die CCR Extended Range Zertifizierung qualifiziert Sie, Dekompressionstauchg\u00e4nge bis zu einer maximalen Tiefe von 40 Metern mit einem Luft-Diluenten durchzuf\u00fchren.<\/p>\n\n  <h3>Dauer:<\/h3>\n  <ul>\n    <li>5 Tage<\/li>\n  <\/ul>\n\n  <h3>Inklusive:<\/h3>\n  <ul>\n    <li>1 begrenzte Wassereinheit<\/li>\n    <li>6 Trainingstauchg\u00e4nge<\/li>\n    <li>Sofnolime<\/li>\n    <li>O<sub>2<\/sub><\/li>\n    <li>Tauchflaschen<\/li>\n    <li>SSI CCR Extended Range Zertifizierung<\/li>\n  <\/ul>\n\n  <h3>Nicht inklusive:<\/h3>\n  <ul>\n    <li>Ausr\u00fcstungsverleih<\/li>\n    <li>Tauchversicherung<\/li>\n    <li>Miete der CCR-Einheit<\/li>\n  <\/ul>\n\n  <h3>Voraussetzungen:<\/h3>\n  <ul>\n    <li>Mindestens 18 Jahre alt<\/li>\n    <li>Mindestens 30 geloggte Extended Range Tauchg\u00e4nge, die eine Stage-Flasche und Dekompression erfordern<\/li>\n    <li>Besitzen Sie die Zertifizierungen f\u00fcr SSI Deep Diving, Enriched Air Nitrox und Extended Range Nitrox Diving oder gleichwertig<\/li>\n    <li>G\u00fcltige medizinische Bescheinigung aus dem letzten Jahr (keine Selbstzertifizierung akzeptiert)<\/li>\n  <\/ul>\n\n  <h3>ODER:<\/h3>\n  <ul>\n    <li>Mindestens 30 geloggte Stunden auf der entsprechenden Einheit<\/li>\n    <li>Besitzen Sie die Zertifizierungen f\u00fcr SSI CCR Diving oder SCR Extended Range oder gleichwertig<\/li>\n  <\/ul>\n\n  <h3>Weitere Kurse, die Sie interessieren k\u00f6nnten:<\/h3>\n  <ul>\n    <li>CCR-Tauchen<\/li>\n    <li>CCR Technical Extended Range<\/li>\n  <\/ul>\n<\/div>\n\t\t\t\t\t\t\t\t<\/div>\n\t\t\t\t<\/div>\n\t\t\t\t<\/div>\n\t\t\t\t<\/div>\n\t\t<div class=\"elementor-element elementor-element-cfe23c9 e-con-full e-flex e-con e-child\" data-id=\"cfe23c9\" data-element_type=\"container\" data-e-type=\"container\">\n\t\t<div class=\"elementor-element elementor-element-1f709df e-con-full course-sidebar-box e-flex e-con e-child\" data-id=\"1f709df\" data-element_type=\"container\" data-e-type=\"container\" data-settings=\"{&quot;sticky&quot;:&quot;top&quot;,&quot;sticky_offset&quot;:110,&quot;sticky_effects_offset&quot;:130,&quot;sticky_parent&quot;:&quot;yes&quot;,&quot;sticky_on&quot;:[&quot;desktop&quot;,&quot;tablet&quot;,&quot;mobile&quot;],&quot;sticky_anchor_link_offset&quot;:0}\">\n\t\t\t\t<div class=\"elementor-element elementor-element-7ba4515 elementor-widget elementor-widget-text-editor\" data-id=\"7ba4515\" data-element_type=\"widget\" data-e-type=\"widget\" data-widget_type=\"text-editor.default\">\n\t\t\t\t<div class=\"elementor-widget-container\">\n\t\t\t\t\t\t\t\t\t<div class=\"courses-info\"><h6 class=\"no-margin\">Dauer:<\/h6><p class=\"no-margin\">5-Tages-Kurs<\/p><\/div><div class=\"courses-info\"><h6 class=\"no-margin\">Preis:<\/h6><p class=\"no-margin\">Ab 1.850 \u20ac<\/p><\/div>\t\t\t\t\t\t\t\t<\/div>\n\t\t\t\t<\/div>\n\t\t\t\t<div class=\"elementor-element elementor-element-f8bda33 elementor-mobile-align-center elementor-widget elementor-widget-button\" data-id=\"f8bda33\" data-element_type=\"widget\" data-e-type=\"widget\" data-widget_type=\"button.default\">\n\t\t\t\t<div class=\"elementor-widget-container\">\n\t\t\t\t\t\t\t\t\t<div class=\"elementor-button-wrapper\">\n\t\t\t\t\t<a class=\"elementor-button elementor-button-link elementor-size-sm\" href=\"#\">\n\t\t\t\t\t\t<span class=\"elementor-button-content-wrapper\">\n\t\t\t\t\t\t\t\t\t<span class=\"elementor-button-text\">Kurs kaufen<\/span>\n\t\t\t\t\t<\/span>\n\t\t\t\t\t<\/a>\n\t\t\t\t<\/div>\n\t\t\t\t\t\t\t\t<\/div>\n\t\t\t\t<\/div>\n\t\t\t\t<\/div>\n\t\t\t\t<\/div>\n\t\t\t\t\t<\/div>\n\t\t\t\t<\/div>\n\t\t\t\t<\/div>\n\t\t","protected":false},"excerpt":{"rendered":"<p>Technisch CCR Technical Extended Range Erweitern Sie Ihren Tiefenbereich mit einem Rebreather Programm\u00fcbersicht: Das CCR Extended Range Programm baut auf den F\u00e4higkeiten und Techniken auf, die als grundlegender Kreislaufger\u00e4tetaucher erlernt wurden, indem es Tiefe und Dauer erh\u00f6ht, die Dekompression einf\u00fchrt und komplexere Fertigkeiten hinzuf\u00fcgt. Das Training ist mit JJ-CCR, SF2, rEvo, Liberty, AP Inspiration oder [&hellip;]<\/p>\n","protected":false},"author":10,"featured_media":0,"parent":0,"menu_order":0,"comment_status":"closed","ping_status":"closed","template":"","meta":{"_acf_changed":false,"footnotes":""},"class_list":["post-24690","page","type-page","status-publish","hentry"],"acf":[],"yoast_head":"<!-- This site is optimized with the Yoast SEO plugin v27.5 - https:\/\/yoast.com\/product\/yoast-seo-wordpress\/ -->\n<title>CCR Technical Extended Range | Calero Diving Lanzarote<\/title>\n<meta name=\"robots\" content=\"index, follow, max-snippet:-1, max-image-preview:large, max-video-preview:-1\" \/>\n<link rel=\"canonical\" href=\"https:\/\/calerodiving.com\/de\/ccr-technical-extended-range\/\" \/>\n<meta property=\"og:locale\" content=\"de_DE\" \/>\n<meta property=\"og:type\" content=\"article\" \/>\n<meta property=\"og:title\" content=\"CCR Technical Extended Range | Calero Diving Lanzarote\" \/>\n<meta property=\"og:description\" content=\"Technisch CCR Technical Extended Range Erweitern Sie Ihren Tiefenbereich mit einem Rebreather Programm\u00fcbersicht: Das CCR Extended Range Programm baut auf den F\u00e4higkeiten und Techniken auf, die als grundlegender Kreislaufger\u00e4tetaucher erlernt wurden, indem es Tiefe und Dauer erh\u00f6ht, die Dekompression einf\u00fchrt und komplexere Fertigkeiten hinzuf\u00fcgt. Das Training ist mit JJ-CCR, SF2, rEvo, Liberty, AP Inspiration oder [&hellip;]\" \/>\n<meta property=\"og:url\" content=\"https:\/\/calerodiving.com\/de\/ccr-technical-extended-range\/\" \/>\n<meta property=\"og:site_name\" content=\"Calero Diving Lanzarote\" \/>\n<meta property=\"article:publisher\" content=\"https:\/\/www.facebook.com\/calerodiving\/\" \/>\n<meta property=\"og:image\" content=\"https:\/\/calerodiving.com\/wp-content\/uploads\/2020\/02\/ccr-technical-extended-range.jpg\" \/>\n\t<meta property=\"og:image:width\" content=\"350\" \/>\n\t<meta property=\"og:image:height\" content=\"222\" \/>\n\t<meta property=\"og:image:type\" content=\"image\/jpeg\" \/>\n<meta name=\"twitter:card\" content=\"summary_large_image\" \/>\n<meta name=\"twitter:label1\" content=\"Gesch\u00e4tzte Lesezeit\" \/>\n\t<meta name=\"twitter:data1\" content=\"1\u00a0Minute\" \/>\n<script type=\"application\/ld+json\" class=\"yoast-schema-graph\">{\"@context\":\"https:\\\/\\\/schema.org\",\"@graph\":[{\"@type\":\"WebPage\",\"@id\":\"https:\\\/\\\/calerodiving.com\\\/de\\\/ccr-technical-extended-range\\\/\",\"url\":\"https:\\\/\\\/calerodiving.com\\\/de\\\/ccr-technical-extended-range\\\/\",\"name\":\"CCR Technical Extended Range | Calero Diving Lanzarote\",\"isPartOf\":{\"@id\":\"https:\\\/\\\/calerodiving.com\\\/#website\"},\"primaryImageOfPage\":{\"@id\":\"https:\\\/\\\/calerodiving.com\\\/de\\\/ccr-technical-extended-range\\\/#primaryimage\"},\"image\":{\"@id\":\"https:\\\/\\\/calerodiving.com\\\/de\\\/ccr-technical-extended-range\\\/#primaryimage\"},\"thumbnailUrl\":\"https:\\\/\\\/calerodiving.com\\\/wp-content\\\/uploads\\\/2020\\\/02\\\/ccr-technical-extended-range.jpg\",\"datePublished\":\"2025-08-27T07:52:13+00:00\",\"breadcrumb\":{\"@id\":\"https:\\\/\\\/calerodiving.com\\\/de\\\/ccr-technical-extended-range\\\/#breadcrumb\"},\"inLanguage\":\"de\",\"potentialAction\":[{\"@type\":\"ReadAction\",\"target\":[\"https:\\\/\\\/calerodiving.com\\\/de\\\/ccr-technical-extended-range\\\/\"]}]},{\"@type\":\"ImageObject\",\"inLanguage\":\"de\",\"@id\":\"https:\\\/\\\/calerodiving.com\\\/de\\\/ccr-technical-extended-range\\\/#primaryimage\",\"url\":\"https:\\\/\\\/calerodiving.com\\\/wp-content\\\/uploads\\\/2020\\\/02\\\/ccr-technical-extended-range.jpg\",\"contentUrl\":\"https:\\\/\\\/calerodiving.com\\\/wp-content\\\/uploads\\\/2020\\\/02\\\/ccr-technical-extended-range.jpg\"},{\"@type\":\"BreadcrumbList\",\"@id\":\"https:\\\/\\\/calerodiving.com\\\/de\\\/ccr-technical-extended-range\\\/#breadcrumb\",\"itemListElement\":[{\"@type\":\"ListItem\",\"position\":1,\"name\":\"Home\",\"item\":\"https:\\\/\\\/calerodiving.com\\\/es\\\/\"},{\"@type\":\"ListItem\",\"position\":2,\"name\":\"CCR Technical Extended Range\"}]},{\"@type\":\"WebSite\",\"@id\":\"https:\\\/\\\/calerodiving.com\\\/#website\",\"url\":\"https:\\\/\\\/calerodiving.com\\\/\",\"name\":\"Calero Diving Lanzarote\",\"description\":\"Dive Center - Marina Puerto Calero Lanzarote\",\"publisher\":{\"@id\":\"https:\\\/\\\/calerodiving.com\\\/#organization\"},\"alternateName\":\"Calero Diving\",\"potentialAction\":[{\"@type\":\"SearchAction\",\"target\":{\"@type\":\"EntryPoint\",\"urlTemplate\":\"https:\\\/\\\/calerodiving.com\\\/?s={search_term_string}\"},\"query-input\":{\"@type\":\"PropertyValueSpecification\",\"valueRequired\":true,\"valueName\":\"search_term_string\"}}],\"inLanguage\":\"de\"},{\"@type\":\"Organization\",\"@id\":\"https:\\\/\\\/calerodiving.com\\\/#organization\",\"name\":\"Calero Diving Lanzarote\",\"alternateName\":\"Calero Diving\",\"url\":\"https:\\\/\\\/calerodiving.com\\\/\",\"logo\":{\"@type\":\"ImageObject\",\"inLanguage\":\"de\",\"@id\":\"https:\\\/\\\/calerodiving.com\\\/#\\\/schema\\\/logo\\\/image\\\/\",\"url\":\"https:\\\/\\\/calerodiving.com\\\/wp-content\\\/uploads\\\/2025\\\/05\\\/Grupo.png\",\"contentUrl\":\"https:\\\/\\\/calerodiving.com\\\/wp-content\\\/uploads\\\/2025\\\/05\\\/Grupo.png\",\"width\":499,\"height\":590,\"caption\":\"Calero Diving Lanzarote\"},\"image\":{\"@id\":\"https:\\\/\\\/calerodiving.com\\\/#\\\/schema\\\/logo\\\/image\\\/\"},\"sameAs\":[\"https:\\\/\\\/www.facebook.com\\\/calerodiving\\\/\",\"https:\\\/\\\/www.instagram.com\\\/calerodiving\\\/\"]}]}<\/script>\n<!-- \/ Yoast SEO plugin. -->","yoast_head_json":{"title":"CCR Technical Extended Range | Calero Diving Lanzarote","robots":{"index":"index","follow":"follow","max-snippet":"max-snippet:-1","max-image-preview":"max-image-preview:large","max-video-preview":"max-video-preview:-1"},"canonical":"https:\/\/calerodiving.com\/de\/ccr-technical-extended-range\/","og_locale":"de_DE","og_type":"article","og_title":"CCR Technical Extended Range | Calero Diving Lanzarote","og_description":"Technisch CCR Technical Extended Range Erweitern Sie Ihren Tiefenbereich mit einem Rebreather Programm\u00fcbersicht: Das CCR Extended Range Programm baut auf den F\u00e4higkeiten und Techniken auf, die als grundlegender Kreislaufger\u00e4tetaucher erlernt wurden, indem es Tiefe und Dauer erh\u00f6ht, die Dekompression einf\u00fchrt und komplexere Fertigkeiten hinzuf\u00fcgt. Das Training ist mit JJ-CCR, SF2, rEvo, Liberty, AP Inspiration oder [&hellip;]","og_url":"https:\/\/calerodiving.com\/de\/ccr-technical-extended-range\/","og_site_name":"Calero Diving Lanzarote","article_publisher":"https:\/\/www.facebook.com\/calerodiving\/","og_image":[{"width":350,"height":222,"url":"https:\/\/calerodiving.com\/wp-content\/uploads\/2020\/02\/ccr-technical-extended-range.jpg","type":"image\/jpeg"}],"twitter_card":"summary_large_image","twitter_misc":{"Gesch\u00e4tzte Lesezeit":"1\u00a0Minute"},"schema":{"@context":"https:\/\/schema.org","@graph":[{"@type":"WebPage","@id":"https:\/\/calerodiving.com\/de\/ccr-technical-extended-range\/","url":"https:\/\/calerodiving.com\/de\/ccr-technical-extended-range\/","name":"CCR Technical Extended Range | Calero Diving Lanzarote","isPartOf":{"@id":"https:\/\/calerodiving.com\/#website"},"primaryImageOfPage":{"@id":"https:\/\/calerodiving.com\/de\/ccr-technical-extended-range\/#primaryimage"},"image":{"@id":"https:\/\/calerodiving.com\/de\/ccr-technical-extended-range\/#primaryimage"},"thumbnailUrl":"https:\/\/calerodiving.com\/wp-content\/uploads\/2020\/02\/ccr-technical-extended-range.jpg","datePublished":"2025-08-27T07:52:13+00:00","breadcrumb":{"@id":"https:\/\/calerodiving.com\/de\/ccr-technical-extended-range\/#breadcrumb"},"inLanguage":"de","potentialAction":[{"@type":"ReadAction","target":["https:\/\/calerodiving.com\/de\/ccr-technical-extended-range\/"]}]},{"@type":"ImageObject","inLanguage":"de","@id":"https:\/\/calerodiving.com\/de\/ccr-technical-extended-range\/#primaryimage","url":"https:\/\/calerodiving.com\/wp-content\/uploads\/2020\/02\/ccr-technical-extended-range.jpg","contentUrl":"https:\/\/calerodiving.com\/wp-content\/uploads\/2020\/02\/ccr-technical-extended-range.jpg"},{"@type":"BreadcrumbList","@id":"https:\/\/calerodiving.com\/de\/ccr-technical-extended-range\/#breadcrumb","itemListElement":[{"@type":"ListItem","position":1,"name":"Home","item":"https:\/\/calerodiving.com\/es\/"},{"@type":"ListItem","position":2,"name":"CCR Technical Extended Range"}]},{"@type":"WebSite","@id":"https:\/\/calerodiving.com\/#website","url":"https:\/\/calerodiving.com\/","name":"Calero Diving Lanzarote","description":"Dive Center - Marina Puerto Calero Lanzarote","publisher":{"@id":"https:\/\/calerodiving.com\/#organization"},"alternateName":"Calero Diving","potentialAction":[{"@type":"SearchAction","target":{"@type":"EntryPoint","urlTemplate":"https:\/\/calerodiving.com\/?s={search_term_string}"},"query-input":{"@type":"PropertyValueSpecification","valueRequired":true,"valueName":"search_term_string"}}],"inLanguage":"de"},{"@type":"Organization","@id":"https:\/\/calerodiving.com\/#organization","name":"Calero Diving Lanzarote","alternateName":"Calero Diving","url":"https:\/\/calerodiving.com\/","logo":{"@type":"ImageObject","inLanguage":"de","@id":"https:\/\/calerodiving.com\/#\/schema\/logo\/image\/","url":"https:\/\/calerodiving.com\/wp-content\/uploads\/2025\/05\/Grupo.png","contentUrl":"https:\/\/calerodiving.com\/wp-content\/uploads\/2025\/05\/Grupo.png","width":499,"height":590,"caption":"Calero Diving Lanzarote"},"image":{"@id":"https:\/\/calerodiving.com\/#\/schema\/logo\/image\/"},"sameAs":["https:\/\/www.facebook.com\/calerodiving\/","https:\/\/www.instagram.com\/calerodiving\/"]}]}},"_links":{"self":[{"href":"https:\/\/calerodiving.com\/de\/wp-json\/wp\/v2\/pages\/24690","targetHints":{"allow":["GET"]}}],"collection":[{"href":"https:\/\/calerodiving.com\/de\/wp-json\/wp\/v2\/pages"}],"about":[{"href":"https:\/\/calerodiving.com\/de\/wp-json\/wp\/v2\/types\/page"}],"author":[{"embeddable":true,"href":"https:\/\/calerodiving.com\/de\/wp-json\/wp\/v2\/users\/10"}],"replies":[{"embeddable":true,"href":"https:\/\/calerodiving.com\/de\/wp-json\/wp\/v2\/comments?post=24690"}],"version-history":[{"count":1,"href":"https:\/\/calerodiving.com\/de\/wp-json\/wp\/v2\/pages\/24690\/revisions"}],"predecessor-version":[{"id":24691,"href":"https:\/\/calerodiving.com\/de\/wp-json\/wp\/v2\/pages\/24690\/revisions\/24691"}],"wp:attachment":[{"href":"https:\/\/calerodiving.com\/de\/wp-json\/wp\/v2\/media?parent=24690"}],"curies":[{"name":"wp","href":"https:\/\/api.w.org\/{rel}","templated":true}]}}