{"id":24686,"date":"2025-08-27T08:51:56","date_gmt":"2025-08-27T07:51:56","guid":{"rendered":"https:\/\/calerodiving.com\/ccr-kurs\/"},"modified":"2025-08-27T08:51:57","modified_gmt":"2025-08-27T07:51:57","slug":"ccr-kurs","status":"publish","type":"page","link":"https:\/\/calerodiving.com\/de\/ccr-kurs\/","title":{"rendered":"CCR-Kurs"},"content":{"rendered":"\t\t<div data-elementor-type=\"wp-page\" data-elementor-id=\"24686\" class=\"elementor elementor-24686 elementor-21330\" data-elementor-post-type=\"page\">\n\t\t\t\t<div class=\"elementor-element elementor-element-c8ae5e3 e-flex e-con-boxed e-con e-parent\" data-id=\"c8ae5e3\" data-element_type=\"container\" data-e-type=\"container\">\n\t\t\t\t\t<div class=\"e-con-inner\">\n\t\t<div class=\"elementor-element elementor-element-de712da e-con-full e-flex e-con e-child\" data-id=\"de712da\" data-element_type=\"container\" data-e-type=\"container\">\n\t\t\t\t<div class=\"elementor-element elementor-element-9648bf0 elementor-widget elementor-widget-image\" data-id=\"9648bf0\" data-element_type=\"widget\" data-e-type=\"widget\" data-widget_type=\"image.default\">\n\t\t\t\t<div class=\"elementor-widget-container\">\n\t\t\t\t\t\t\t\t\t\t\t\t\t\t\t<img fetchpriority=\"high\" decoding=\"async\" width=\"700\" height=\"445\" src=\"https:\/\/calerodiving.com\/wp-content\/uploads\/2025\/07\/imgi_39_CCR_Diving_course_Rubicon_Diving_center_Lanzarote_card_f8b6a2f713.webp\" class=\"attachment-large size-large wp-image-20423\" alt=\"\" srcset=\"https:\/\/calerodiving.com\/wp-content\/uploads\/2025\/07\/imgi_39_CCR_Diving_course_Rubicon_Diving_center_Lanzarote_card_f8b6a2f713.webp 700w, https:\/\/calerodiving.com\/wp-content\/uploads\/2025\/07\/imgi_39_CCR_Diving_course_Rubicon_Diving_center_Lanzarote_card_f8b6a2f713-300x191.webp 300w\" sizes=\"(max-width: 700px) 100vw, 700px\" \/>\t\t\t\t\t\t\t\t\t\t\t\t\t\t\t<\/div>\n\t\t\t\t<\/div>\n\t\t\t\t<\/div>\n\t\t<div class=\"elementor-element elementor-element-82e1899 e-con-full e-flex e-con e-child\" data-id=\"82e1899\" data-element_type=\"container\" data-e-type=\"container\">\n\t\t<div class=\"elementor-element elementor-element-8f594d3 e-con-full e-flex e-con e-child\" data-id=\"8f594d3\" data-element_type=\"container\" data-e-type=\"container\">\n\t\t\t\t<div class=\"elementor-element elementor-element-65cf178 elementor-widget elementor-widget-html\" data-id=\"65cf178\" data-element_type=\"widget\" data-e-type=\"widget\" data-widget_type=\"html.default\">\n\t\t\t\t<div class=\"elementor-widget-container\">\n\t\t\t\t\t<a href=\"https:\/\/calerodiving.com\/de\/?page_id=24533#ssi-closed\" class=\"tag-button\">technisch<\/a>\n\t\t\t\t<\/div>\n\t\t\t\t<\/div>\n\t\t\t\t<div class=\"elementor-element elementor-element-bd7f982 elementor-widget elementor-widget-heading\" data-id=\"bd7f982\" data-element_type=\"widget\" data-e-type=\"widget\" data-widget_type=\"heading.default\">\n\t\t\t\t<div class=\"elementor-widget-container\">\n\t\t\t\t\t<h2 class=\"elementor-heading-title elementor-size-default\">CCR-Kurs<\/h2>\t\t\t\t<\/div>\n\t\t\t\t<\/div>\n\t\t\t\t<\/div>\n\t\t\t\t<\/div>\n\t\t\t\t\t<\/div>\n\t\t\t\t<\/div>\n\t\t<div class=\"elementor-element elementor-element-a5032af e-flex e-con-boxed e-con e-parent\" data-id=\"a5032af\" data-element_type=\"container\" data-e-type=\"container\">\n\t\t\t\t\t<div class=\"e-con-inner\">\n\t\t<div class=\"elementor-element elementor-element-1ae3f5b e-con-full e-flex e-con e-child\" data-id=\"1ae3f5b\" data-element_type=\"container\" data-e-type=\"container\">\n\t\t<div class=\"elementor-element elementor-element-4b9ab1e e-con-full e-flex e-con e-child\" data-id=\"4b9ab1e\" data-element_type=\"container\" data-e-type=\"container\">\n\t\t\t\t<div class=\"elementor-element elementor-element-bf5e71d elementor-widget elementor-widget-heading\" data-id=\"bf5e71d\" data-element_type=\"widget\" data-e-type=\"widget\" data-widget_type=\"heading.default\">\n\t\t\t\t<div class=\"elementor-widget-container\">\n\t\t\t\t\t<h2 class=\"elementor-heading-title elementor-size-default\">Der erste Schritt, um ein Rebreather-Taucher zu werden<\/h2>\t\t\t\t<\/div>\n\t\t\t\t<\/div>\n\t\t\t\t<div class=\"elementor-element elementor-element-ce03c67 elementor-widget elementor-widget-text-editor\" data-id=\"ce03c67\" data-element_type=\"widget\" data-e-type=\"widget\" data-widget_type=\"text-editor.default\">\n\t\t\t\t<div class=\"elementor-widget-container\">\n\t\t\t\t\t\t\t\t\t<div class=\"section-list\">\n  <h3>Programm\u00fcbersicht:<\/h3>\n  <ul>\n    <li>Das SSI CCR Tauchprogramm f\u00fchrt Sie in die Konzepte der Autarkie und Redundanz beim Tauchen mit einem Kreislaufatemger\u00e4t (CCR) ein. Sie lernen alles Notwendige, um dekompressionsfreies Tauchen bis zu einer maximalen Tiefe von 30 Metern mit den Kreislaufatemger\u00e4ten SF2, JJ, Poseidon, AP Inspiration, Prism 2 oder rEvo zu betreiben. <\/li>\n    <li>In diesem Kurs lernen Sie die Planung von Rebreather-Tauchg\u00e4ngen, Unterwasserfertigkeiten, Probleml\u00f6sungstechniken und das Management von Notfallszenarien. Mit dieser gr\u00fcndlichen Einf\u00fchrung in die Rebreather-Technologie werden Sie mit Pre-Dive-Checks, Tauchgangsplanung, Ger\u00e4teaufbau und dem Umgang mit potenziellen Fehlern vertraut gemacht. <\/li>\n  <\/ul>\n  <h3>Dauer:<\/h3>\n  <ul>\n    <li>5 Tage<\/li>\n  <\/ul>\n  <h3>Inklusive:<\/h3>\n  <ul>\n    <li>1 begrenzte Wassereinheit<\/li>\n    <li>Digitale Materialien<\/li>\n    <li>6 Trainingstauchg\u00e4nge<\/li>\n    <li>Sofnolime<\/li>\n    <li>O<sub>2<\/sub><\/li>\n    <li>Tauchflaschen<\/li>\n    <li>SSI CCR Tauchzertifizierung<\/li>\n  <\/ul>\n  <h3>Nicht inklusive:<\/h3>\n  <ul>\n    <li>Miete der CCR-Einheit<\/li>\n    <li>Ausr\u00fcstungsverleih<\/li>\n    <li>Tauchversicherung<\/li>\n  <\/ul>\n  <h3>Voraussetzungen:<\/h3>\n  <ul>\n    <li>Mindestens 18 Jahre alt<\/li>\n    <li>Mindestens 24 geloggte Tauchg\u00e4nge<\/li>\n    <li>Verf\u00fcgen Sie \u00fcber Zertifizierungen f\u00fcr SSI Deep Diving und Enriched Air Nitrox oder gleichwertig<\/li>\n    <li>G\u00fcltige medizinische Bescheinigung aus dem letzten Jahr (keine Selbstzertifizierung akzeptiert)<\/li>\n  <\/ul>\n  <h3>Weitere Kurse, die Sie interessieren k\u00f6nnten:<\/h3>\n  <ul>\n    <li><a href=\"https:\/\/calerodiving.com\/de\/?page_id=24360\">CCR ausprobieren<\/a><\/li>\n    <li><a href=\"https:\/\/calerodiving.com\/de\/ccr-technischer-extended-range-kurs\/\">CCR erweiterte Reichweite <\/a><\/li>\n  <\/ul>\n<\/div>\n\t\t\t\t\t\t\t\t<\/div>\n\t\t\t\t<\/div>\n\t\t\t\t<\/div>\n\t\t\t\t<\/div>\n\t\t<div class=\"elementor-element elementor-element-8ff25bf e-con-full e-flex e-con e-child\" data-id=\"8ff25bf\" data-element_type=\"container\" data-e-type=\"container\">\n\t\t<div class=\"elementor-element elementor-element-4b030a1 e-con-full course-sidebar-box e-flex e-con e-child\" data-id=\"4b030a1\" data-element_type=\"container\" data-e-type=\"container\" data-settings=\"{&quot;sticky&quot;:&quot;top&quot;,&quot;sticky_offset&quot;:110,&quot;sticky_effects_offset&quot;:130,&quot;sticky_parent&quot;:&quot;yes&quot;,&quot;sticky_on&quot;:[&quot;desktop&quot;,&quot;tablet&quot;,&quot;mobile&quot;],&quot;sticky_anchor_link_offset&quot;:0}\">\n\t\t\t\t<div class=\"elementor-element elementor-element-3f4111f elementor-widget elementor-widget-text-editor\" data-id=\"3f4111f\" data-element_type=\"widget\" data-e-type=\"widget\" data-widget_type=\"text-editor.default\">\n\t\t\t\t<div class=\"elementor-widget-container\">\n\t\t\t\t\t\t\t\t\t<div class=\"courses-info\"><h6 class=\"no-margin\">Dauer:<\/h6><p class=\"no-margin\">5-Tages-Kurs<\/p><\/div><div class=\"courses-info\"><h6 class=\"no-margin\">Preis:<\/h6><p class=\"no-margin\">Ab 1.850 \u20ac<\/p><\/div>\t\t\t\t\t\t\t\t<\/div>\n\t\t\t\t<\/div>\n\t\t\t\t<div class=\"elementor-element elementor-element-9c6d25d elementor-mobile-align-center elementor-widget elementor-widget-button\" data-id=\"9c6d25d\" data-element_type=\"widget\" data-e-type=\"widget\" data-widget_type=\"button.default\">\n\t\t\t\t<div class=\"elementor-widget-container\">\n\t\t\t\t\t\t\t\t\t<div class=\"elementor-button-wrapper\">\n\t\t\t\t\t<a class=\"elementor-button elementor-button-link elementor-size-sm\" href=\"https:\/\/app.bukyapp.com\/front\/6213b2319a1bbf005fa0b870\/product\/6891fd22461c7fd4a123f9c6?lang=en\" target=\"_blank\">\n\t\t\t\t\t\t<span class=\"elementor-button-content-wrapper\">\n\t\t\t\t\t\t\t\t\t<span class=\"elementor-button-text\">Kurs kaufen<\/span>\n\t\t\t\t\t<\/span>\n\t\t\t\t\t<\/a>\n\t\t\t\t<\/div>\n\t\t\t\t\t\t\t\t<\/div>\n\t\t\t\t<\/div>\n\t\t\t\t<\/div>\n\t\t\t\t<\/div>\n\t\t\t\t\t<\/div>\n\t\t\t\t<\/div>\n\t\t\t\t<\/div>\n\t\t","protected":false},"excerpt":{"rendered":"<p>technisch CCR-Kurs Der erste Schritt, um ein Rebreather-Taucher zu werden Programm\u00fcbersicht: Das SSI CCR Tauchprogramm f\u00fchrt Sie in die Konzepte der Autarkie und Redundanz beim Tauchen mit einem Kreislaufatemger\u00e4t (CCR) ein. Sie lernen alles Notwendige, um dekompressionsfreies Tauchen bis zu einer maximalen Tiefe von 30 Metern mit den Kreislaufatemger\u00e4ten SF2, JJ, Poseidon, AP Inspiration, Prism [&hellip;]<\/p>\n","protected":false},"author":10,"featured_media":0,"parent":0,"menu_order":0,"comment_status":"closed","ping_status":"closed","template":"","meta":{"_acf_changed":false,"footnotes":""},"class_list":["post-24686","page","type-page","status-publish","hentry"],"acf":[],"yoast_head":"<!-- This site is optimized with the Yoast SEO plugin v27.5 - https:\/\/yoast.com\/product\/yoast-seo-wordpress\/ -->\n<title>CCR-Kurs | Calero Diving Lanzarote<\/title>\n<meta name=\"robots\" content=\"index, follow, max-snippet:-1, max-image-preview:large, max-video-preview:-1\" \/>\n<link rel=\"canonical\" href=\"https:\/\/calerodiving.com\/de\/ccr-kurs\/\" \/>\n<meta property=\"og:locale\" content=\"de_DE\" \/>\n<meta property=\"og:type\" content=\"article\" \/>\n<meta property=\"og:title\" content=\"CCR-Kurs | Calero Diving Lanzarote\" \/>\n<meta property=\"og:description\" content=\"technisch CCR-Kurs Der erste Schritt, um ein Rebreather-Taucher zu werden Programm\u00fcbersicht: Das SSI CCR Tauchprogramm f\u00fchrt Sie in die Konzepte der Autarkie und Redundanz beim Tauchen mit einem Kreislaufatemger\u00e4t (CCR) ein. Sie lernen alles Notwendige, um dekompressionsfreies Tauchen bis zu einer maximalen Tiefe von 30 Metern mit den Kreislaufatemger\u00e4ten SF2, JJ, Poseidon, AP Inspiration, Prism [&hellip;]\" \/>\n<meta property=\"og:url\" content=\"https:\/\/calerodiving.com\/de\/ccr-kurs\/\" \/>\n<meta property=\"og:site_name\" content=\"Calero Diving Lanzarote\" \/>\n<meta property=\"article:publisher\" content=\"https:\/\/www.facebook.com\/calerodiving\/\" \/>\n<meta property=\"article:modified_time\" content=\"2025-08-27T07:51:57+00:00\" \/>\n<meta property=\"og:image\" content=\"https:\/\/calerodiving.com\/wp-content\/uploads\/2025\/07\/imgi_39_CCR_Diving_course_Rubicon_Diving_center_Lanzarote_card_f8b6a2f713.webp\" \/>\n\t<meta property=\"og:image:width\" content=\"700\" \/>\n\t<meta property=\"og:image:height\" content=\"445\" \/>\n\t<meta property=\"og:image:type\" content=\"image\/webp\" \/>\n<meta name=\"twitter:card\" content=\"summary_large_image\" \/>\n<meta name=\"twitter:label1\" content=\"Gesch\u00e4tzte Lesezeit\" \/>\n\t<meta name=\"twitter:data1\" content=\"1\u00a0Minute\" \/>\n<script type=\"application\/ld+json\" class=\"yoast-schema-graph\">{\"@context\":\"https:\\\/\\\/schema.org\",\"@graph\":[{\"@type\":\"WebPage\",\"@id\":\"https:\\\/\\\/calerodiving.com\\\/de\\\/ccr-kurs\\\/\",\"url\":\"https:\\\/\\\/calerodiving.com\\\/de\\\/ccr-kurs\\\/\",\"name\":\"CCR-Kurs | Calero Diving Lanzarote\",\"isPartOf\":{\"@id\":\"https:\\\/\\\/calerodiving.com\\\/#website\"},\"primaryImageOfPage\":{\"@id\":\"https:\\\/\\\/calerodiving.com\\\/de\\\/ccr-kurs\\\/#primaryimage\"},\"image\":{\"@id\":\"https:\\\/\\\/calerodiving.com\\\/de\\\/ccr-kurs\\\/#primaryimage\"},\"thumbnailUrl\":\"https:\\\/\\\/calerodiving.com\\\/wp-content\\\/uploads\\\/2025\\\/07\\\/imgi_39_CCR_Diving_course_Rubicon_Diving_center_Lanzarote_card_f8b6a2f713.webp\",\"datePublished\":\"2025-08-27T07:51:56+00:00\",\"dateModified\":\"2025-08-27T07:51:57+00:00\",\"breadcrumb\":{\"@id\":\"https:\\\/\\\/calerodiving.com\\\/de\\\/ccr-kurs\\\/#breadcrumb\"},\"inLanguage\":\"de\",\"potentialAction\":[{\"@type\":\"ReadAction\",\"target\":[\"https:\\\/\\\/calerodiving.com\\\/de\\\/ccr-kurs\\\/\"]}]},{\"@type\":\"ImageObject\",\"inLanguage\":\"de\",\"@id\":\"https:\\\/\\\/calerodiving.com\\\/de\\\/ccr-kurs\\\/#primaryimage\",\"url\":\"https:\\\/\\\/calerodiving.com\\\/wp-content\\\/uploads\\\/2025\\\/07\\\/imgi_39_CCR_Diving_course_Rubicon_Diving_center_Lanzarote_card_f8b6a2f713.webp\",\"contentUrl\":\"https:\\\/\\\/calerodiving.com\\\/wp-content\\\/uploads\\\/2025\\\/07\\\/imgi_39_CCR_Diving_course_Rubicon_Diving_center_Lanzarote_card_f8b6a2f713.webp\"},{\"@type\":\"BreadcrumbList\",\"@id\":\"https:\\\/\\\/calerodiving.com\\\/de\\\/ccr-kurs\\\/#breadcrumb\",\"itemListElement\":[{\"@type\":\"ListItem\",\"position\":1,\"name\":\"Home\",\"item\":\"https:\\\/\\\/calerodiving.com\\\/es\\\/\"},{\"@type\":\"ListItem\",\"position\":2,\"name\":\"CCR-Kurs\"}]},{\"@type\":\"WebSite\",\"@id\":\"https:\\\/\\\/calerodiving.com\\\/#website\",\"url\":\"https:\\\/\\\/calerodiving.com\\\/\",\"name\":\"Calero Diving Lanzarote\",\"description\":\"Dive Center - Marina Puerto Calero Lanzarote\",\"publisher\":{\"@id\":\"https:\\\/\\\/calerodiving.com\\\/#organization\"},\"alternateName\":\"Calero Diving\",\"potentialAction\":[{\"@type\":\"SearchAction\",\"target\":{\"@type\":\"EntryPoint\",\"urlTemplate\":\"https:\\\/\\\/calerodiving.com\\\/?s={search_term_string}\"},\"query-input\":{\"@type\":\"PropertyValueSpecification\",\"valueRequired\":true,\"valueName\":\"search_term_string\"}}],\"inLanguage\":\"de\"},{\"@type\":\"Organization\",\"@id\":\"https:\\\/\\\/calerodiving.com\\\/#organization\",\"name\":\"Calero Diving Lanzarote\",\"alternateName\":\"Calero Diving\",\"url\":\"https:\\\/\\\/calerodiving.com\\\/\",\"logo\":{\"@type\":\"ImageObject\",\"inLanguage\":\"de\",\"@id\":\"https:\\\/\\\/calerodiving.com\\\/#\\\/schema\\\/logo\\\/image\\\/\",\"url\":\"https:\\\/\\\/calerodiving.com\\\/wp-content\\\/uploads\\\/2025\\\/05\\\/Grupo.png\",\"contentUrl\":\"https:\\\/\\\/calerodiving.com\\\/wp-content\\\/uploads\\\/2025\\\/05\\\/Grupo.png\",\"width\":499,\"height\":590,\"caption\":\"Calero Diving Lanzarote\"},\"image\":{\"@id\":\"https:\\\/\\\/calerodiving.com\\\/#\\\/schema\\\/logo\\\/image\\\/\"},\"sameAs\":[\"https:\\\/\\\/www.facebook.com\\\/calerodiving\\\/\",\"https:\\\/\\\/www.instagram.com\\\/calerodiving\\\/\"]}]}<\/script>\n<!-- \/ Yoast SEO plugin. -->","yoast_head_json":{"title":"CCR-Kurs | Calero Diving Lanzarote","robots":{"index":"index","follow":"follow","max-snippet":"max-snippet:-1","max-image-preview":"max-image-preview:large","max-video-preview":"max-video-preview:-1"},"canonical":"https:\/\/calerodiving.com\/de\/ccr-kurs\/","og_locale":"de_DE","og_type":"article","og_title":"CCR-Kurs | Calero Diving Lanzarote","og_description":"technisch CCR-Kurs Der erste Schritt, um ein Rebreather-Taucher zu werden Programm\u00fcbersicht: Das SSI CCR Tauchprogramm f\u00fchrt Sie in die Konzepte der Autarkie und Redundanz beim Tauchen mit einem Kreislaufatemger\u00e4t (CCR) ein. Sie lernen alles Notwendige, um dekompressionsfreies Tauchen bis zu einer maximalen Tiefe von 30 Metern mit den Kreislaufatemger\u00e4ten SF2, JJ, Poseidon, AP Inspiration, Prism [&hellip;]","og_url":"https:\/\/calerodiving.com\/de\/ccr-kurs\/","og_site_name":"Calero Diving Lanzarote","article_publisher":"https:\/\/www.facebook.com\/calerodiving\/","article_modified_time":"2025-08-27T07:51:57+00:00","og_image":[{"width":700,"height":445,"url":"https:\/\/calerodiving.com\/wp-content\/uploads\/2025\/07\/imgi_39_CCR_Diving_course_Rubicon_Diving_center_Lanzarote_card_f8b6a2f713.webp","type":"image\/webp"}],"twitter_card":"summary_large_image","twitter_misc":{"Gesch\u00e4tzte Lesezeit":"1\u00a0Minute"},"schema":{"@context":"https:\/\/schema.org","@graph":[{"@type":"WebPage","@id":"https:\/\/calerodiving.com\/de\/ccr-kurs\/","url":"https:\/\/calerodiving.com\/de\/ccr-kurs\/","name":"CCR-Kurs | Calero Diving Lanzarote","isPartOf":{"@id":"https:\/\/calerodiving.com\/#website"},"primaryImageOfPage":{"@id":"https:\/\/calerodiving.com\/de\/ccr-kurs\/#primaryimage"},"image":{"@id":"https:\/\/calerodiving.com\/de\/ccr-kurs\/#primaryimage"},"thumbnailUrl":"https:\/\/calerodiving.com\/wp-content\/uploads\/2025\/07\/imgi_39_CCR_Diving_course_Rubicon_Diving_center_Lanzarote_card_f8b6a2f713.webp","datePublished":"2025-08-27T07:51:56+00:00","dateModified":"2025-08-27T07:51:57+00:00","breadcrumb":{"@id":"https:\/\/calerodiving.com\/de\/ccr-kurs\/#breadcrumb"},"inLanguage":"de","potentialAction":[{"@type":"ReadAction","target":["https:\/\/calerodiving.com\/de\/ccr-kurs\/"]}]},{"@type":"ImageObject","inLanguage":"de","@id":"https:\/\/calerodiving.com\/de\/ccr-kurs\/#primaryimage","url":"https:\/\/calerodiving.com\/wp-content\/uploads\/2025\/07\/imgi_39_CCR_Diving_course_Rubicon_Diving_center_Lanzarote_card_f8b6a2f713.webp","contentUrl":"https:\/\/calerodiving.com\/wp-content\/uploads\/2025\/07\/imgi_39_CCR_Diving_course_Rubicon_Diving_center_Lanzarote_card_f8b6a2f713.webp"},{"@type":"BreadcrumbList","@id":"https:\/\/calerodiving.com\/de\/ccr-kurs\/#breadcrumb","itemListElement":[{"@type":"ListItem","position":1,"name":"Home","item":"https:\/\/calerodiving.com\/es\/"},{"@type":"ListItem","position":2,"name":"CCR-Kurs"}]},{"@type":"WebSite","@id":"https:\/\/calerodiving.com\/#website","url":"https:\/\/calerodiving.com\/","name":"Calero Diving Lanzarote","description":"Dive Center - Marina Puerto Calero Lanzarote","publisher":{"@id":"https:\/\/calerodiving.com\/#organization"},"alternateName":"Calero Diving","potentialAction":[{"@type":"SearchAction","target":{"@type":"EntryPoint","urlTemplate":"https:\/\/calerodiving.com\/?s={search_term_string}"},"query-input":{"@type":"PropertyValueSpecification","valueRequired":true,"valueName":"search_term_string"}}],"inLanguage":"de"},{"@type":"Organization","@id":"https:\/\/calerodiving.com\/#organization","name":"Calero Diving Lanzarote","alternateName":"Calero Diving","url":"https:\/\/calerodiving.com\/","logo":{"@type":"ImageObject","inLanguage":"de","@id":"https:\/\/calerodiving.com\/#\/schema\/logo\/image\/","url":"https:\/\/calerodiving.com\/wp-content\/uploads\/2025\/05\/Grupo.png","contentUrl":"https:\/\/calerodiving.com\/wp-content\/uploads\/2025\/05\/Grupo.png","width":499,"height":590,"caption":"Calero Diving Lanzarote"},"image":{"@id":"https:\/\/calerodiving.com\/#\/schema\/logo\/image\/"},"sameAs":["https:\/\/www.facebook.com\/calerodiving\/","https:\/\/www.instagram.com\/calerodiving\/"]}]}},"_links":{"self":[{"href":"https:\/\/calerodiving.com\/de\/wp-json\/wp\/v2\/pages\/24686","targetHints":{"allow":["GET"]}}],"collection":[{"href":"https:\/\/calerodiving.com\/de\/wp-json\/wp\/v2\/pages"}],"about":[{"href":"https:\/\/calerodiving.com\/de\/wp-json\/wp\/v2\/types\/page"}],"author":[{"embeddable":true,"href":"https:\/\/calerodiving.com\/de\/wp-json\/wp\/v2\/users\/10"}],"replies":[{"embeddable":true,"href":"https:\/\/calerodiving.com\/de\/wp-json\/wp\/v2\/comments?post=24686"}],"version-history":[{"count":1,"href":"https:\/\/calerodiving.com\/de\/wp-json\/wp\/v2\/pages\/24686\/revisions"}],"predecessor-version":[{"id":24687,"href":"https:\/\/calerodiving.com\/de\/wp-json\/wp\/v2\/pages\/24686\/revisions\/24687"}],"wp:attachment":[{"href":"https:\/\/calerodiving.com\/de\/wp-json\/wp\/v2\/media?parent=24686"}],"curies":[{"name":"wp","href":"https:\/\/api.w.org\/{rel}","templated":true}]}}