{"id":24676,"date":"2025-08-27T08:51:14","date_gmt":"2025-08-27T07:51:14","guid":{"rendered":"https:\/\/calerodiving.com\/ccr-technischer-extended-range-kurs\/"},"modified":"2025-08-27T08:51:15","modified_gmt":"2025-08-27T07:51:15","slug":"ccr-technischer-extended-range-kurs","status":"publish","type":"page","link":"https:\/\/calerodiving.com\/de\/ccr-technischer-extended-range-kurs\/","title":{"rendered":"CCR Technischer Extended Range Kurs"},"content":{"rendered":"\t\t<div data-elementor-type=\"wp-page\" data-elementor-id=\"24676\" class=\"elementor elementor-24676 elementor-21363\" data-elementor-post-type=\"page\">\n\t\t\t\t<div class=\"elementor-element elementor-element-318e89f e-flex e-con-boxed e-con e-parent\" data-id=\"318e89f\" data-element_type=\"container\" data-e-type=\"container\">\n\t\t\t\t\t<div class=\"e-con-inner\">\n\t\t<div class=\"elementor-element elementor-element-753edc6 e-con-full e-flex e-con e-child\" data-id=\"753edc6\" data-element_type=\"container\" data-e-type=\"container\">\n\t\t\t\t<div class=\"elementor-element elementor-element-b560c3e elementor-widget elementor-widget-image\" data-id=\"b560c3e\" data-element_type=\"widget\" data-e-type=\"widget\" data-widget_type=\"image.default\">\n\t\t\t\t<div class=\"elementor-widget-container\">\n\t\t\t\t\t\t\t\t\t\t\t\t\t\t\t<img fetchpriority=\"high\" decoding=\"async\" width=\"350\" height=\"222\" src=\"https:\/\/calerodiving.com\/wp-content\/uploads\/2020\/02\/ccr-technical-extended-range.jpg\" class=\"attachment-large size-large wp-image-10128\" alt=\"\" srcset=\"https:\/\/calerodiving.com\/wp-content\/uploads\/2020\/02\/ccr-technical-extended-range.jpg 350w, https:\/\/calerodiving.com\/wp-content\/uploads\/2020\/02\/ccr-technical-extended-range-300x190.jpg 300w\" sizes=\"(max-width: 350px) 100vw, 350px\" \/>\t\t\t\t\t\t\t\t\t\t\t\t\t\t\t<\/div>\n\t\t\t\t<\/div>\n\t\t\t\t<\/div>\n\t\t<div class=\"elementor-element elementor-element-42d05f0 e-con-full e-flex e-con e-child\" data-id=\"42d05f0\" data-element_type=\"container\" data-e-type=\"container\">\n\t\t<div class=\"elementor-element elementor-element-016333e e-con-full e-flex e-con e-child\" data-id=\"016333e\" data-element_type=\"container\" data-e-type=\"container\">\n\t\t\t\t<div class=\"elementor-element elementor-element-22e4713 elementor-widget elementor-widget-html\" data-id=\"22e4713\" data-element_type=\"widget\" data-e-type=\"widget\" data-widget_type=\"html.default\">\n\t\t\t\t<div class=\"elementor-widget-container\">\n\t\t\t\t\t<a href=\"https:\/\/calerodiving.com\/de\/?page_id=24533#ssi-closed\" class=\"tag-button\">technisch<\/a>\n\t\t\t\t<\/div>\n\t\t\t\t<\/div>\n\t\t\t\t<div class=\"elementor-element elementor-element-bcf438a elementor-widget elementor-widget-heading\" data-id=\"bcf438a\" data-element_type=\"widget\" data-e-type=\"widget\" data-widget_type=\"heading.default\">\n\t\t\t\t<div class=\"elementor-widget-container\">\n\t\t\t\t\t<h2 class=\"elementor-heading-title elementor-size-default\">CCR Extended Range<\/h2>\t\t\t\t<\/div>\n\t\t\t\t<\/div>\n\t\t\t\t<\/div>\n\t\t\t\t<\/div>\n\t\t\t\t\t<\/div>\n\t\t\t\t<\/div>\n\t\t<div class=\"elementor-element elementor-element-91310af e-flex e-con-boxed e-con e-parent\" data-id=\"91310af\" data-element_type=\"container\" data-e-type=\"container\">\n\t\t\t\t\t<div class=\"e-con-inner\">\n\t\t<div class=\"elementor-element elementor-element-3b3175f e-con-full e-flex e-con e-child\" data-id=\"3b3175f\" data-element_type=\"container\" data-e-type=\"container\">\n\t\t<div class=\"elementor-element elementor-element-1adadf6 e-con-full e-flex e-con e-child\" data-id=\"1adadf6\" data-element_type=\"container\" data-e-type=\"container\">\n\t\t\t\t<div class=\"elementor-element elementor-element-53abf4e elementor-widget elementor-widget-heading\" data-id=\"53abf4e\" data-element_type=\"widget\" data-e-type=\"widget\" data-widget_type=\"heading.default\">\n\t\t\t\t<div class=\"elementor-widget-container\">\n\t\t\t\t\t<h2 class=\"elementor-heading-title elementor-size-default\">Erweitern Sie Ihren Tiefenbereich mit einem Rebreather<\/h2>\t\t\t\t<\/div>\n\t\t\t\t<\/div>\n\t\t\t\t<div class=\"elementor-element elementor-element-4bbc000 elementor-widget elementor-widget-text-editor\" data-id=\"4bbc000\" data-element_type=\"widget\" data-e-type=\"widget\" data-widget_type=\"text-editor.default\">\n\t\t\t\t<div class=\"elementor-widget-container\">\n\t\t\t\t\t\t\t\t\t<div class=\"section-list\"><h3>Programm\u00fcbersicht:<\/h3><ul><li>Dieses Programm bietet Ihnen die Ausbildung, die Sie ben\u00f6tigen, um selbstst\u00e4ndig Trimix-Diluent-Dekompressions-Tauchg\u00e4nge bis zu einer maximalen Tiefe von 60 Metern mit einem Kreislaufatemger\u00e4t (Closed-Circuit Rebreather) und mindestens zwei Bailout-Flaschen zu planen und durchzuf\u00fchren. Es baut auf Ihren grundlegenden Rebreather-F\u00e4higkeiten auf und hilft Ihnen, eine probleml\u00f6sende Einstellung und Herangehensweise zu entwickeln, die l\u00e4ngere Dekompressionstauchg\u00e4nge erm\u00f6glicht. Dieses anspruchsvolle Programm entwickelt Ihre F\u00e4higkeit, \u00fcber Notf\u00e4lle nachzudenken und darauf zu reagieren, als ein vielseitiger, kompetenter Rebreather-Taucher. Mit Sicherheit an erster Stelle enth\u00e4lt dieses Programm tiefgehende akademische Themen, wie Gasdichte, um sicheres Tauchen zu erm\u00f6glichen.   <\/li><li>Wir bieten Schulungen f\u00fcr diesen Kurs auf verschiedenen Ger\u00e4ten an. Dieses Programm erh\u00f6ht die Tauchersicherheit, indem nur Trimix als Atemgas verwendet wird, um die Gasdichte zu reduzieren. <\/li><\/ul><h3>Dauer:<\/h3><ul><li>5 Tage<\/li><\/ul><h3>Inklusive:<\/h3><ul><li>1 begrenzte Wassereinheit<\/li><li>Digitale Materialien<\/li><li>6 Trainingstauchg\u00e4nge<\/li><li>Sofnolime<\/li><li>O<sub>2<\/sub><\/li><li>Tauchflaschen<\/li><li>SSI CCR Technical Extended Range Zertifizierung<\/li><\/ul><h3>Nicht inklusive:<\/h3><ul><li>Ausr\u00fcstungsverleih<\/li><li>Tauchversicherung<\/li><li>Miete der CCR-Einheit<\/li><\/ul><h3>Voraussetzungen:<\/h3><ul><li>Mindestens 18 Jahre alt<\/li><li>Mindestens 50 Stunden CCR-Laufzeit<\/li><li>Mindestens 25 Stunden CCR-Laufzeit auf dem spezifischen Ger\u00e4t<\/li><li>Mindestens 20 CCR-Tauchg\u00e4nge tiefer als 30 Meter<\/li><li>Mindestens 10 CCR-Tauchg\u00e4nge, die eine gestufte Dekompression erfordern (ohne Ausbildungstauchg\u00e4nge)<\/li><li>Besitzen Sie die Zertifizierung f\u00fcr SSI CCR Extended Range oder eine gleichwertige<\/li><li>G\u00fcltige medizinische Bescheinigung aus dem letzten Jahr (keine Selbstzertifizierung akzeptiert)<\/li><\/ul><\/div>\t\t\t\t\t\t\t\t<\/div>\n\t\t\t\t<\/div>\n\t\t\t\t<\/div>\n\t\t\t\t<\/div>\n\t\t<div class=\"elementor-element elementor-element-b04d875 e-con-full e-flex e-con e-child\" data-id=\"b04d875\" data-element_type=\"container\" data-e-type=\"container\">\n\t\t<div class=\"elementor-element elementor-element-b43d5a9 e-con-full course-sidebar-box e-flex e-con e-child\" data-id=\"b43d5a9\" data-element_type=\"container\" data-e-type=\"container\" data-settings=\"{&quot;sticky&quot;:&quot;top&quot;,&quot;sticky_offset&quot;:110,&quot;sticky_effects_offset&quot;:130,&quot;sticky_parent&quot;:&quot;yes&quot;,&quot;sticky_on&quot;:[&quot;desktop&quot;,&quot;tablet&quot;,&quot;mobile&quot;],&quot;sticky_anchor_link_offset&quot;:0}\">\n\t\t\t\t<div class=\"elementor-element elementor-element-d27d1da elementor-widget elementor-widget-text-editor\" data-id=\"d27d1da\" data-element_type=\"widget\" data-e-type=\"widget\" data-widget_type=\"text-editor.default\">\n\t\t\t\t<div class=\"elementor-widget-container\">\n\t\t\t\t\t\t\t\t\t<div class=\"courses-info\"><h6 class=\"no-margin\">Dauer:<\/h6><p class=\"no-margin\">5-Tages-Kurs<\/p><\/div><div class=\"courses-info\"><h6 class=\"no-margin\">Preis:<\/h6><p class=\"no-margin\">Ab 2.250 \u20ac<\/p><\/div>\t\t\t\t\t\t\t\t<\/div>\n\t\t\t\t<\/div>\n\t\t\t\t<div class=\"elementor-element elementor-element-7fe7bc3 elementor-mobile-align-center elementor-widget elementor-widget-button\" data-id=\"7fe7bc3\" data-element_type=\"widget\" data-e-type=\"widget\" data-widget_type=\"button.default\">\n\t\t\t\t<div class=\"elementor-widget-container\">\n\t\t\t\t\t\t\t\t\t<div class=\"elementor-button-wrapper\">\n\t\t\t\t\t<a class=\"elementor-button elementor-button-link elementor-size-sm\" href=\"https:\/\/app.bukyapp.com\/front\/6213b2319a1bbf005fa0b870\/product\/6888c5faf2d9b20bc719fcf8?lang=en\" target=\"_blank\">\n\t\t\t\t\t\t<span class=\"elementor-button-content-wrapper\">\n\t\t\t\t\t\t\t\t\t<span class=\"elementor-button-text\">Kurs kaufen<\/span>\n\t\t\t\t\t<\/span>\n\t\t\t\t\t<\/a>\n\t\t\t\t<\/div>\n\t\t\t\t\t\t\t\t<\/div>\n\t\t\t\t<\/div>\n\t\t\t\t<\/div>\n\t\t\t\t<\/div>\n\t\t\t\t\t<\/div>\n\t\t\t\t<\/div>\n\t\t\t\t<\/div>\n\t\t","protected":false},"excerpt":{"rendered":"<p>technisch CCR Extended Range Erweitern Sie Ihren Tiefenbereich mit einem Rebreather Programm\u00fcbersicht: Dieses Programm bietet Ihnen die Ausbildung, die Sie ben\u00f6tigen, um selbstst\u00e4ndig Trimix-Diluent-Dekompressions-Tauchg\u00e4nge bis zu einer maximalen Tiefe von 60 Metern mit einem Kreislaufatemger\u00e4t (Closed-Circuit Rebreather) und mindestens zwei Bailout-Flaschen zu planen und durchzuf\u00fchren. Es baut auf Ihren grundlegenden Rebreather-F\u00e4higkeiten auf und hilft Ihnen, [&hellip;]<\/p>\n","protected":false},"author":10,"featured_media":0,"parent":0,"menu_order":0,"comment_status":"closed","ping_status":"closed","template":"","meta":{"_acf_changed":false,"footnotes":""},"class_list":["post-24676","page","type-page","status-publish","hentry"],"acf":[],"yoast_head":"<!-- This site is optimized with the Yoast SEO plugin v27.5 - https:\/\/yoast.com\/product\/yoast-seo-wordpress\/ -->\n<title>CCR Technischer Extended Range Kurs | Calero Diving Lanzarote<\/title>\n<meta name=\"robots\" content=\"index, follow, max-snippet:-1, max-image-preview:large, max-video-preview:-1\" \/>\n<link rel=\"canonical\" href=\"https:\/\/calerodiving.com\/de\/ccr-technischer-extended-range-kurs\/\" \/>\n<meta property=\"og:locale\" content=\"de_DE\" \/>\n<meta property=\"og:type\" content=\"article\" \/>\n<meta property=\"og:title\" content=\"CCR Technischer Extended Range Kurs | Calero Diving Lanzarote\" \/>\n<meta property=\"og:description\" content=\"technisch CCR Extended Range Erweitern Sie Ihren Tiefenbereich mit einem Rebreather Programm\u00fcbersicht: Dieses Programm bietet Ihnen die Ausbildung, die Sie ben\u00f6tigen, um selbstst\u00e4ndig Trimix-Diluent-Dekompressions-Tauchg\u00e4nge bis zu einer maximalen Tiefe von 60 Metern mit einem Kreislaufatemger\u00e4t (Closed-Circuit Rebreather) und mindestens zwei Bailout-Flaschen zu planen und durchzuf\u00fchren. Es baut auf Ihren grundlegenden Rebreather-F\u00e4higkeiten auf und hilft Ihnen, [&hellip;]\" \/>\n<meta property=\"og:url\" content=\"https:\/\/calerodiving.com\/de\/ccr-technischer-extended-range-kurs\/\" \/>\n<meta property=\"og:site_name\" content=\"Calero Diving Lanzarote\" \/>\n<meta property=\"article:publisher\" content=\"https:\/\/www.facebook.com\/calerodiving\/\" \/>\n<meta property=\"article:modified_time\" content=\"2025-08-27T07:51:15+00:00\" \/>\n<meta property=\"og:image\" content=\"https:\/\/calerodiving.com\/wp-content\/uploads\/2020\/02\/ccr-technical-extended-range.jpg\" \/>\n\t<meta property=\"og:image:width\" content=\"350\" \/>\n\t<meta property=\"og:image:height\" content=\"222\" \/>\n\t<meta property=\"og:image:type\" content=\"image\/jpeg\" \/>\n<meta name=\"twitter:card\" content=\"summary_large_image\" \/>\n<meta name=\"twitter:label1\" content=\"Gesch\u00e4tzte Lesezeit\" \/>\n\t<meta name=\"twitter:data1\" content=\"1\u00a0Minute\" \/>\n<script type=\"application\/ld+json\" class=\"yoast-schema-graph\">{\"@context\":\"https:\\\/\\\/schema.org\",\"@graph\":[{\"@type\":\"WebPage\",\"@id\":\"https:\\\/\\\/calerodiving.com\\\/de\\\/ccr-technischer-extended-range-kurs\\\/\",\"url\":\"https:\\\/\\\/calerodiving.com\\\/de\\\/ccr-technischer-extended-range-kurs\\\/\",\"name\":\"CCR Technischer Extended Range Kurs | Calero Diving Lanzarote\",\"isPartOf\":{\"@id\":\"https:\\\/\\\/calerodiving.com\\\/#website\"},\"primaryImageOfPage\":{\"@id\":\"https:\\\/\\\/calerodiving.com\\\/de\\\/ccr-technischer-extended-range-kurs\\\/#primaryimage\"},\"image\":{\"@id\":\"https:\\\/\\\/calerodiving.com\\\/de\\\/ccr-technischer-extended-range-kurs\\\/#primaryimage\"},\"thumbnailUrl\":\"https:\\\/\\\/calerodiving.com\\\/wp-content\\\/uploads\\\/2020\\\/02\\\/ccr-technical-extended-range.jpg\",\"datePublished\":\"2025-08-27T07:51:14+00:00\",\"dateModified\":\"2025-08-27T07:51:15+00:00\",\"breadcrumb\":{\"@id\":\"https:\\\/\\\/calerodiving.com\\\/de\\\/ccr-technischer-extended-range-kurs\\\/#breadcrumb\"},\"inLanguage\":\"de\",\"potentialAction\":[{\"@type\":\"ReadAction\",\"target\":[\"https:\\\/\\\/calerodiving.com\\\/de\\\/ccr-technischer-extended-range-kurs\\\/\"]}]},{\"@type\":\"ImageObject\",\"inLanguage\":\"de\",\"@id\":\"https:\\\/\\\/calerodiving.com\\\/de\\\/ccr-technischer-extended-range-kurs\\\/#primaryimage\",\"url\":\"https:\\\/\\\/calerodiving.com\\\/wp-content\\\/uploads\\\/2020\\\/02\\\/ccr-technical-extended-range.jpg\",\"contentUrl\":\"https:\\\/\\\/calerodiving.com\\\/wp-content\\\/uploads\\\/2020\\\/02\\\/ccr-technical-extended-range.jpg\"},{\"@type\":\"BreadcrumbList\",\"@id\":\"https:\\\/\\\/calerodiving.com\\\/de\\\/ccr-technischer-extended-range-kurs\\\/#breadcrumb\",\"itemListElement\":[{\"@type\":\"ListItem\",\"position\":1,\"name\":\"Home\",\"item\":\"https:\\\/\\\/calerodiving.com\\\/es\\\/\"},{\"@type\":\"ListItem\",\"position\":2,\"name\":\"CCR Technischer Extended Range Kurs\"}]},{\"@type\":\"WebSite\",\"@id\":\"https:\\\/\\\/calerodiving.com\\\/#website\",\"url\":\"https:\\\/\\\/calerodiving.com\\\/\",\"name\":\"Calero Diving Lanzarote\",\"description\":\"Dive Center - Marina Puerto Calero Lanzarote\",\"publisher\":{\"@id\":\"https:\\\/\\\/calerodiving.com\\\/#organization\"},\"alternateName\":\"Calero Diving\",\"potentialAction\":[{\"@type\":\"SearchAction\",\"target\":{\"@type\":\"EntryPoint\",\"urlTemplate\":\"https:\\\/\\\/calerodiving.com\\\/?s={search_term_string}\"},\"query-input\":{\"@type\":\"PropertyValueSpecification\",\"valueRequired\":true,\"valueName\":\"search_term_string\"}}],\"inLanguage\":\"de\"},{\"@type\":\"Organization\",\"@id\":\"https:\\\/\\\/calerodiving.com\\\/#organization\",\"name\":\"Calero Diving Lanzarote\",\"alternateName\":\"Calero Diving\",\"url\":\"https:\\\/\\\/calerodiving.com\\\/\",\"logo\":{\"@type\":\"ImageObject\",\"inLanguage\":\"de\",\"@id\":\"https:\\\/\\\/calerodiving.com\\\/#\\\/schema\\\/logo\\\/image\\\/\",\"url\":\"https:\\\/\\\/calerodiving.com\\\/wp-content\\\/uploads\\\/2025\\\/05\\\/Grupo.png\",\"contentUrl\":\"https:\\\/\\\/calerodiving.com\\\/wp-content\\\/uploads\\\/2025\\\/05\\\/Grupo.png\",\"width\":499,\"height\":590,\"caption\":\"Calero Diving Lanzarote\"},\"image\":{\"@id\":\"https:\\\/\\\/calerodiving.com\\\/#\\\/schema\\\/logo\\\/image\\\/\"},\"sameAs\":[\"https:\\\/\\\/www.facebook.com\\\/calerodiving\\\/\",\"https:\\\/\\\/www.instagram.com\\\/calerodiving\\\/\"]}]}<\/script>\n<!-- \/ Yoast SEO plugin. -->","yoast_head_json":{"title":"CCR Technischer Extended Range Kurs | Calero Diving Lanzarote","robots":{"index":"index","follow":"follow","max-snippet":"max-snippet:-1","max-image-preview":"max-image-preview:large","max-video-preview":"max-video-preview:-1"},"canonical":"https:\/\/calerodiving.com\/de\/ccr-technischer-extended-range-kurs\/","og_locale":"de_DE","og_type":"article","og_title":"CCR Technischer Extended Range Kurs | Calero Diving Lanzarote","og_description":"technisch CCR Extended Range Erweitern Sie Ihren Tiefenbereich mit einem Rebreather Programm\u00fcbersicht: Dieses Programm bietet Ihnen die Ausbildung, die Sie ben\u00f6tigen, um selbstst\u00e4ndig Trimix-Diluent-Dekompressions-Tauchg\u00e4nge bis zu einer maximalen Tiefe von 60 Metern mit einem Kreislaufatemger\u00e4t (Closed-Circuit Rebreather) und mindestens zwei Bailout-Flaschen zu planen und durchzuf\u00fchren. Es baut auf Ihren grundlegenden Rebreather-F\u00e4higkeiten auf und hilft Ihnen, [&hellip;]","og_url":"https:\/\/calerodiving.com\/de\/ccr-technischer-extended-range-kurs\/","og_site_name":"Calero Diving Lanzarote","article_publisher":"https:\/\/www.facebook.com\/calerodiving\/","article_modified_time":"2025-08-27T07:51:15+00:00","og_image":[{"width":350,"height":222,"url":"https:\/\/calerodiving.com\/wp-content\/uploads\/2020\/02\/ccr-technical-extended-range.jpg","type":"image\/jpeg"}],"twitter_card":"summary_large_image","twitter_misc":{"Gesch\u00e4tzte Lesezeit":"1\u00a0Minute"},"schema":{"@context":"https:\/\/schema.org","@graph":[{"@type":"WebPage","@id":"https:\/\/calerodiving.com\/de\/ccr-technischer-extended-range-kurs\/","url":"https:\/\/calerodiving.com\/de\/ccr-technischer-extended-range-kurs\/","name":"CCR Technischer Extended Range Kurs | Calero Diving Lanzarote","isPartOf":{"@id":"https:\/\/calerodiving.com\/#website"},"primaryImageOfPage":{"@id":"https:\/\/calerodiving.com\/de\/ccr-technischer-extended-range-kurs\/#primaryimage"},"image":{"@id":"https:\/\/calerodiving.com\/de\/ccr-technischer-extended-range-kurs\/#primaryimage"},"thumbnailUrl":"https:\/\/calerodiving.com\/wp-content\/uploads\/2020\/02\/ccr-technical-extended-range.jpg","datePublished":"2025-08-27T07:51:14+00:00","dateModified":"2025-08-27T07:51:15+00:00","breadcrumb":{"@id":"https:\/\/calerodiving.com\/de\/ccr-technischer-extended-range-kurs\/#breadcrumb"},"inLanguage":"de","potentialAction":[{"@type":"ReadAction","target":["https:\/\/calerodiving.com\/de\/ccr-technischer-extended-range-kurs\/"]}]},{"@type":"ImageObject","inLanguage":"de","@id":"https:\/\/calerodiving.com\/de\/ccr-technischer-extended-range-kurs\/#primaryimage","url":"https:\/\/calerodiving.com\/wp-content\/uploads\/2020\/02\/ccr-technical-extended-range.jpg","contentUrl":"https:\/\/calerodiving.com\/wp-content\/uploads\/2020\/02\/ccr-technical-extended-range.jpg"},{"@type":"BreadcrumbList","@id":"https:\/\/calerodiving.com\/de\/ccr-technischer-extended-range-kurs\/#breadcrumb","itemListElement":[{"@type":"ListItem","position":1,"name":"Home","item":"https:\/\/calerodiving.com\/es\/"},{"@type":"ListItem","position":2,"name":"CCR Technischer Extended Range Kurs"}]},{"@type":"WebSite","@id":"https:\/\/calerodiving.com\/#website","url":"https:\/\/calerodiving.com\/","name":"Calero Diving Lanzarote","description":"Dive Center - Marina Puerto Calero Lanzarote","publisher":{"@id":"https:\/\/calerodiving.com\/#organization"},"alternateName":"Calero Diving","potentialAction":[{"@type":"SearchAction","target":{"@type":"EntryPoint","urlTemplate":"https:\/\/calerodiving.com\/?s={search_term_string}"},"query-input":{"@type":"PropertyValueSpecification","valueRequired":true,"valueName":"search_term_string"}}],"inLanguage":"de"},{"@type":"Organization","@id":"https:\/\/calerodiving.com\/#organization","name":"Calero Diving Lanzarote","alternateName":"Calero Diving","url":"https:\/\/calerodiving.com\/","logo":{"@type":"ImageObject","inLanguage":"de","@id":"https:\/\/calerodiving.com\/#\/schema\/logo\/image\/","url":"https:\/\/calerodiving.com\/wp-content\/uploads\/2025\/05\/Grupo.png","contentUrl":"https:\/\/calerodiving.com\/wp-content\/uploads\/2025\/05\/Grupo.png","width":499,"height":590,"caption":"Calero Diving Lanzarote"},"image":{"@id":"https:\/\/calerodiving.com\/#\/schema\/logo\/image\/"},"sameAs":["https:\/\/www.facebook.com\/calerodiving\/","https:\/\/www.instagram.com\/calerodiving\/"]}]}},"_links":{"self":[{"href":"https:\/\/calerodiving.com\/de\/wp-json\/wp\/v2\/pages\/24676","targetHints":{"allow":["GET"]}}],"collection":[{"href":"https:\/\/calerodiving.com\/de\/wp-json\/wp\/v2\/pages"}],"about":[{"href":"https:\/\/calerodiving.com\/de\/wp-json\/wp\/v2\/types\/page"}],"author":[{"embeddable":true,"href":"https:\/\/calerodiving.com\/de\/wp-json\/wp\/v2\/users\/10"}],"replies":[{"embeddable":true,"href":"https:\/\/calerodiving.com\/de\/wp-json\/wp\/v2\/comments?post=24676"}],"version-history":[{"count":1,"href":"https:\/\/calerodiving.com\/de\/wp-json\/wp\/v2\/pages\/24676\/revisions"}],"predecessor-version":[{"id":24677,"href":"https:\/\/calerodiving.com\/de\/wp-json\/wp\/v2\/pages\/24676\/revisions\/24677"}],"wp:attachment":[{"href":"https:\/\/calerodiving.com\/de\/wp-json\/wp\/v2\/media?parent=24676"}],"curies":[{"name":"wp","href":"https:\/\/api.w.org\/{rel}","templated":true}]}}