{"id":24672,"date":"2025-08-27T08:51:11","date_gmt":"2025-08-27T07:51:11","guid":{"rendered":"https:\/\/calerodiving.com\/ccr-hypoxischer-trimix-kurs\/"},"modified":"2025-08-27T08:51:14","modified_gmt":"2025-08-27T07:51:14","slug":"ccr-hypoxischer-trimix-kurs","status":"publish","type":"page","link":"https:\/\/calerodiving.com\/de\/ccr-hypoxischer-trimix-kurs\/","title":{"rendered":"CCR Hypoxischer Trimix-Kurs"},"content":{"rendered":"\t\t<div data-elementor-type=\"wp-page\" data-elementor-id=\"24672\" class=\"elementor elementor-24672 elementor-21357\" data-elementor-post-type=\"page\">\n\t\t\t\t<div class=\"elementor-element elementor-element-25d21d3 e-flex e-con-boxed e-con e-parent\" data-id=\"25d21d3\" data-element_type=\"container\" data-e-type=\"container\">\n\t\t\t\t\t<div class=\"e-con-inner\">\n\t\t<div class=\"elementor-element elementor-element-4a6ef05 e-con-full e-flex e-con e-child\" data-id=\"4a6ef05\" data-element_type=\"container\" data-e-type=\"container\">\n\t\t\t\t<div class=\"elementor-element elementor-element-1e6104e elementor-widget elementor-widget-image\" data-id=\"1e6104e\" data-element_type=\"widget\" data-e-type=\"widget\" data-widget_type=\"image.default\">\n\t\t\t\t<div class=\"elementor-widget-container\">\n\t\t\t\t\t\t\t\t\t\t\t\t\t\t\t<img fetchpriority=\"high\" decoding=\"async\" width=\"700\" height=\"445\" src=\"https:\/\/calerodiving.com\/wp-content\/uploads\/2025\/07\/imgi_39_CCR_Extended_Range_Trimix_Rubicon_Diving_center_Lanzarote_card_060fdcc940.webp\" class=\"attachment-large size-large wp-image-20430\" alt=\"\" srcset=\"https:\/\/calerodiving.com\/wp-content\/uploads\/2025\/07\/imgi_39_CCR_Extended_Range_Trimix_Rubicon_Diving_center_Lanzarote_card_060fdcc940.webp 700w, https:\/\/calerodiving.com\/wp-content\/uploads\/2025\/07\/imgi_39_CCR_Extended_Range_Trimix_Rubicon_Diving_center_Lanzarote_card_060fdcc940-300x191.webp 300w\" sizes=\"(max-width: 700px) 100vw, 700px\" \/>\t\t\t\t\t\t\t\t\t\t\t\t\t\t\t<\/div>\n\t\t\t\t<\/div>\n\t\t\t\t<\/div>\n\t\t<div class=\"elementor-element elementor-element-2128a4e e-con-full e-flex e-con e-child\" data-id=\"2128a4e\" data-element_type=\"container\" data-e-type=\"container\">\n\t\t<div class=\"elementor-element elementor-element-035ce67 e-con-full e-flex e-con e-child\" data-id=\"035ce67\" data-element_type=\"container\" data-e-type=\"container\">\n\t\t\t\t<div class=\"elementor-element elementor-element-ca29e16 elementor-widget elementor-widget-html\" data-id=\"ca29e16\" data-element_type=\"widget\" data-e-type=\"widget\" data-widget_type=\"html.default\">\n\t\t\t\t<div class=\"elementor-widget-container\">\n\t\t\t\t\t<a href=\"https:\/\/calerodiving.com\/de\/?page_id=24533#ssi-closed\" class=\"tag-button\">technisch<\/a>\n\t\t\t\t<\/div>\n\t\t\t\t<\/div>\n\t\t\t\t<div class=\"elementor-element elementor-element-8883bd9 elementor-widget elementor-widget-heading\" data-id=\"8883bd9\" data-element_type=\"widget\" data-e-type=\"widget\" data-widget_type=\"heading.default\">\n\t\t\t\t<div class=\"elementor-widget-container\">\n\t\t\t\t\t<h2 class=\"elementor-heading-title elementor-size-default\">CCR Hypoxischer Trimix-Kurs<\/h2>\t\t\t\t<\/div>\n\t\t\t\t<\/div>\n\t\t\t\t<\/div>\n\t\t\t\t<\/div>\n\t\t\t\t\t<\/div>\n\t\t\t\t<\/div>\n\t\t<div class=\"elementor-element elementor-element-5b62e11 e-flex e-con-boxed e-con e-parent\" data-id=\"5b62e11\" data-element_type=\"container\" data-e-type=\"container\">\n\t\t\t\t\t<div class=\"e-con-inner\">\n\t\t<div class=\"elementor-element elementor-element-706a38e e-con-full e-flex e-con e-child\" data-id=\"706a38e\" data-element_type=\"container\" data-e-type=\"container\">\n\t\t<div class=\"elementor-element elementor-element-e0907d9 e-con-full e-flex e-con e-child\" data-id=\"e0907d9\" data-element_type=\"container\" data-e-type=\"container\">\n\t\t\t\t<div class=\"elementor-element elementor-element-1530eb0 elementor-widget elementor-widget-heading\" data-id=\"1530eb0\" data-element_type=\"widget\" data-e-type=\"widget\" data-widget_type=\"heading.default\">\n\t\t\t\t<div class=\"elementor-widget-container\">\n\t\t\t\t\t<h2 class=\"elementor-heading-title elementor-size-default\">100 Meter mit Trimix erreichen<\/h2>\t\t\t\t<\/div>\n\t\t\t\t<\/div>\n\t\t\t\t<div class=\"elementor-element elementor-element-b4b3748 elementor-widget elementor-widget-text-editor\" data-id=\"b4b3748\" data-element_type=\"widget\" data-e-type=\"widget\" data-widget_type=\"text-editor.default\">\n\t\t\t\t<div class=\"elementor-widget-container\">\n\t\t\t\t\t\t\t\t\t<div class=\"section-list\"><h3>Programm\u00fcbersicht:<\/h3><ul><li>Das CCR Hypoxisches Trimix-Programm vermittelt Ihnen das Wissen und die Erfahrung, die erforderlich sind, um unabh\u00e4ngig unbegrenzte Trimix-Dekompressions-Tauchg\u00e4nge bis zu einer maximalen Tiefe von 100 Metern mit einem Kreislaufatemger\u00e4t und mindestens drei Bailout-Flaschen zu planen und durchzuf\u00fchren. Dieses umfassende Kreislaufatemger\u00e4t-Tauchprogramm ist sowohl physisch als auch mental anspruchsvoll, genie\u00dft das h\u00f6chste Ansehen in der Branche und spiegelt Ihr Engagement und Ihre Erfahrung als Taucher wider. <\/li><li>Dieses Programm ist f\u00fcr die Revo-Einheit verf\u00fcgbar und wird tiefergehende akademische Themen wie Gasdichte, Team-Bailout-Protokolle und Expeditionsverfahren behandeln, um sicheres Tauchen zu erm\u00f6glichen.<\/li><\/ul><h3>Dauer:<\/h3><ul><li>6 Tage<\/li><\/ul><h3>Inklusive:<\/h3><ul><li>6 Trainingstauchg\u00e4nge<\/li><li>Digitale Materialien<\/li><li>Sofnolime<\/li><li>O<sub>2<\/sub><\/li><li>Tauchflaschen<\/li><li>SSI CCR Hypoxic Trimix Zertifizierung<\/li><\/ul><h3>Nicht inklusive:<\/h3><ul><li>Ausr\u00fcstungsverleih<\/li><li>Tauchversicherung<\/li><li>Miete der CCR-Einheit<\/li><li>Helium-Zusatz<\/li><\/ul><h3>Voraussetzungen:<\/h3><ul><li>Mindestens 18 Jahre alt<\/li><li>Mindestens 100 Stunden CCR-Laufzeit<\/li><li>Mindestens 50 Stunden CCR-Laufzeit auf der spezifischen Einheit<\/li><li>Mindestens 10 CCR-Tauchg\u00e4nge tiefer als 50 Meter<\/li><li>Mindestens 20 CCR-Tauchg\u00e4nge, die eine gestufte Dekompression erfordern (ohne Trainingstauchg\u00e4nge)<\/li><li>Besitzen Sie die Zertifizierung f\u00fcr SSI CCR Technical Extended Range oder eine gleichwertige<\/li><li>G\u00fcltige medizinische Bescheinigung aus dem letzten Jahr (keine Selbstzertifizierung akzeptiert)<\/li><\/ul><h3>Weitere Kurse, die Sie interessieren k\u00f6nnten:<\/h3><ul><li><a href=\"https:\/\/calerodiving.com\/ccr-technical-extended-range-course\/\">CCR Technischer erweiterter Bereich<\/a><\/li><\/ul><\/div>\t\t\t\t\t\t\t\t<\/div>\n\t\t\t\t<\/div>\n\t\t\t\t<\/div>\n\t\t\t\t<\/div>\n\t\t<div class=\"elementor-element elementor-element-880f465 e-con-full e-flex e-con e-child\" data-id=\"880f465\" data-element_type=\"container\" data-e-type=\"container\">\n\t\t<div class=\"elementor-element elementor-element-54807ed e-con-full course-sidebar-box e-flex e-con e-child\" data-id=\"54807ed\" data-element_type=\"container\" data-e-type=\"container\" data-settings=\"{&quot;sticky&quot;:&quot;top&quot;,&quot;sticky_offset&quot;:110,&quot;sticky_effects_offset&quot;:130,&quot;sticky_parent&quot;:&quot;yes&quot;,&quot;sticky_on&quot;:[&quot;desktop&quot;,&quot;tablet&quot;,&quot;mobile&quot;],&quot;sticky_anchor_link_offset&quot;:0}\">\n\t\t\t\t<div class=\"elementor-element elementor-element-c1bc763 elementor-widget elementor-widget-text-editor\" data-id=\"c1bc763\" data-element_type=\"widget\" data-e-type=\"widget\" data-widget_type=\"text-editor.default\">\n\t\t\t\t<div class=\"elementor-widget-container\">\n\t\t\t\t\t\t\t\t\t<div class=\"courses-info\"><h6 class=\"no-margin\">Dauer:<\/h6><p class=\"no-margin\">6-t\u00e4giger Kurs<\/p><\/div><div class=\"courses-info\"><h6 class=\"no-margin\">Preis:<\/h6><p class=\"no-margin\">Ab 2.500 \u20ac<\/p><\/div>\t\t\t\t\t\t\t\t<\/div>\n\t\t\t\t<\/div>\n\t\t\t\t<div class=\"elementor-element elementor-element-15c6ef0 elementor-mobile-align-center elementor-widget elementor-widget-button\" data-id=\"15c6ef0\" data-element_type=\"widget\" data-e-type=\"widget\" data-widget_type=\"button.default\">\n\t\t\t\t<div class=\"elementor-widget-container\">\n\t\t\t\t\t\t\t\t\t<div class=\"elementor-button-wrapper\">\n\t\t\t\t\t<a class=\"elementor-button elementor-button-link elementor-size-sm\" href=\"https:\/\/app.bukyapp.com\/front\/6213b2319a1bbf005fa0b870\/product\/6888c59ff71dec2c3881ee03?lang=en\" target=\"_blank\">\n\t\t\t\t\t\t<span class=\"elementor-button-content-wrapper\">\n\t\t\t\t\t\t\t\t\t<span class=\"elementor-button-text\">Kurs kaufen<\/span>\n\t\t\t\t\t<\/span>\n\t\t\t\t\t<\/a>\n\t\t\t\t<\/div>\n\t\t\t\t\t\t\t\t<\/div>\n\t\t\t\t<\/div>\n\t\t\t\t<\/div>\n\t\t\t\t<\/div>\n\t\t\t\t\t<\/div>\n\t\t\t\t<\/div>\n\t\t\t\t<\/div>\n\t\t","protected":false},"excerpt":{"rendered":"<p>technisch CCR Hypoxischer Trimix-Kurs 100 Meter mit Trimix erreichen Programm\u00fcbersicht: Das CCR Hypoxisches Trimix-Programm vermittelt Ihnen das Wissen und die Erfahrung, die erforderlich sind, um unabh\u00e4ngig unbegrenzte Trimix-Dekompressions-Tauchg\u00e4nge bis zu einer maximalen Tiefe von 100 Metern mit einem Kreislaufatemger\u00e4t und mindestens drei Bailout-Flaschen zu planen und durchzuf\u00fchren. Dieses umfassende Kreislaufatemger\u00e4t-Tauchprogramm ist sowohl physisch als auch [&hellip;]<\/p>\n","protected":false},"author":10,"featured_media":0,"parent":0,"menu_order":0,"comment_status":"closed","ping_status":"closed","template":"","meta":{"_acf_changed":false,"footnotes":""},"class_list":["post-24672","page","type-page","status-publish","hentry"],"acf":[],"yoast_head":"<!-- This site is optimized with the Yoast SEO plugin v27.5 - https:\/\/yoast.com\/product\/yoast-seo-wordpress\/ -->\n<title>CCR Hypoxischer Trimix-Kurs | Calero Diving Lanzarote<\/title>\n<meta name=\"robots\" content=\"index, follow, max-snippet:-1, max-image-preview:large, max-video-preview:-1\" \/>\n<link rel=\"canonical\" href=\"https:\/\/calerodiving.com\/de\/ccr-hypoxischer-trimix-kurs\/\" \/>\n<meta property=\"og:locale\" content=\"de_DE\" \/>\n<meta property=\"og:type\" content=\"article\" \/>\n<meta property=\"og:title\" content=\"CCR Hypoxischer Trimix-Kurs | Calero Diving Lanzarote\" \/>\n<meta property=\"og:description\" content=\"technisch CCR Hypoxischer Trimix-Kurs 100 Meter mit Trimix erreichen Programm\u00fcbersicht: Das CCR Hypoxisches Trimix-Programm vermittelt Ihnen das Wissen und die Erfahrung, die erforderlich sind, um unabh\u00e4ngig unbegrenzte Trimix-Dekompressions-Tauchg\u00e4nge bis zu einer maximalen Tiefe von 100 Metern mit einem Kreislaufatemger\u00e4t und mindestens drei Bailout-Flaschen zu planen und durchzuf\u00fchren. Dieses umfassende Kreislaufatemger\u00e4t-Tauchprogramm ist sowohl physisch als auch [&hellip;]\" \/>\n<meta property=\"og:url\" content=\"https:\/\/calerodiving.com\/de\/ccr-hypoxischer-trimix-kurs\/\" \/>\n<meta property=\"og:site_name\" content=\"Calero Diving Lanzarote\" \/>\n<meta property=\"article:publisher\" content=\"https:\/\/www.facebook.com\/calerodiving\/\" \/>\n<meta property=\"article:modified_time\" content=\"2025-08-27T07:51:14+00:00\" \/>\n<meta property=\"og:image\" content=\"https:\/\/calerodiving.com\/wp-content\/uploads\/2025\/07\/imgi_39_CCR_Extended_Range_Trimix_Rubicon_Diving_center_Lanzarote_card_060fdcc940.webp\" \/>\n\t<meta property=\"og:image:width\" content=\"700\" \/>\n\t<meta property=\"og:image:height\" content=\"445\" \/>\n\t<meta property=\"og:image:type\" content=\"image\/webp\" \/>\n<meta name=\"twitter:card\" content=\"summary_large_image\" \/>\n<meta name=\"twitter:label1\" content=\"Gesch\u00e4tzte Lesezeit\" \/>\n\t<meta name=\"twitter:data1\" content=\"1\u00a0Minute\" \/>\n<script type=\"application\/ld+json\" class=\"yoast-schema-graph\">{\"@context\":\"https:\\\/\\\/schema.org\",\"@graph\":[{\"@type\":\"WebPage\",\"@id\":\"https:\\\/\\\/calerodiving.com\\\/de\\\/ccr-hypoxischer-trimix-kurs\\\/\",\"url\":\"https:\\\/\\\/calerodiving.com\\\/de\\\/ccr-hypoxischer-trimix-kurs\\\/\",\"name\":\"CCR Hypoxischer Trimix-Kurs | Calero Diving Lanzarote\",\"isPartOf\":{\"@id\":\"https:\\\/\\\/calerodiving.com\\\/#website\"},\"primaryImageOfPage\":{\"@id\":\"https:\\\/\\\/calerodiving.com\\\/de\\\/ccr-hypoxischer-trimix-kurs\\\/#primaryimage\"},\"image\":{\"@id\":\"https:\\\/\\\/calerodiving.com\\\/de\\\/ccr-hypoxischer-trimix-kurs\\\/#primaryimage\"},\"thumbnailUrl\":\"https:\\\/\\\/calerodiving.com\\\/wp-content\\\/uploads\\\/2025\\\/07\\\/imgi_39_CCR_Extended_Range_Trimix_Rubicon_Diving_center_Lanzarote_card_060fdcc940.webp\",\"datePublished\":\"2025-08-27T07:51:11+00:00\",\"dateModified\":\"2025-08-27T07:51:14+00:00\",\"breadcrumb\":{\"@id\":\"https:\\\/\\\/calerodiving.com\\\/de\\\/ccr-hypoxischer-trimix-kurs\\\/#breadcrumb\"},\"inLanguage\":\"de\",\"potentialAction\":[{\"@type\":\"ReadAction\",\"target\":[\"https:\\\/\\\/calerodiving.com\\\/de\\\/ccr-hypoxischer-trimix-kurs\\\/\"]}]},{\"@type\":\"ImageObject\",\"inLanguage\":\"de\",\"@id\":\"https:\\\/\\\/calerodiving.com\\\/de\\\/ccr-hypoxischer-trimix-kurs\\\/#primaryimage\",\"url\":\"https:\\\/\\\/calerodiving.com\\\/wp-content\\\/uploads\\\/2025\\\/07\\\/imgi_39_CCR_Extended_Range_Trimix_Rubicon_Diving_center_Lanzarote_card_060fdcc940.webp\",\"contentUrl\":\"https:\\\/\\\/calerodiving.com\\\/wp-content\\\/uploads\\\/2025\\\/07\\\/imgi_39_CCR_Extended_Range_Trimix_Rubicon_Diving_center_Lanzarote_card_060fdcc940.webp\"},{\"@type\":\"BreadcrumbList\",\"@id\":\"https:\\\/\\\/calerodiving.com\\\/de\\\/ccr-hypoxischer-trimix-kurs\\\/#breadcrumb\",\"itemListElement\":[{\"@type\":\"ListItem\",\"position\":1,\"name\":\"Home\",\"item\":\"https:\\\/\\\/calerodiving.com\\\/es\\\/\"},{\"@type\":\"ListItem\",\"position\":2,\"name\":\"CCR Hypoxischer Trimix-Kurs\"}]},{\"@type\":\"WebSite\",\"@id\":\"https:\\\/\\\/calerodiving.com\\\/#website\",\"url\":\"https:\\\/\\\/calerodiving.com\\\/\",\"name\":\"Calero Diving Lanzarote\",\"description\":\"Dive Center - Marina Puerto Calero Lanzarote\",\"publisher\":{\"@id\":\"https:\\\/\\\/calerodiving.com\\\/#organization\"},\"alternateName\":\"Calero Diving\",\"potentialAction\":[{\"@type\":\"SearchAction\",\"target\":{\"@type\":\"EntryPoint\",\"urlTemplate\":\"https:\\\/\\\/calerodiving.com\\\/?s={search_term_string}\"},\"query-input\":{\"@type\":\"PropertyValueSpecification\",\"valueRequired\":true,\"valueName\":\"search_term_string\"}}],\"inLanguage\":\"de\"},{\"@type\":\"Organization\",\"@id\":\"https:\\\/\\\/calerodiving.com\\\/#organization\",\"name\":\"Calero Diving Lanzarote\",\"alternateName\":\"Calero Diving\",\"url\":\"https:\\\/\\\/calerodiving.com\\\/\",\"logo\":{\"@type\":\"ImageObject\",\"inLanguage\":\"de\",\"@id\":\"https:\\\/\\\/calerodiving.com\\\/#\\\/schema\\\/logo\\\/image\\\/\",\"url\":\"https:\\\/\\\/calerodiving.com\\\/wp-content\\\/uploads\\\/2025\\\/05\\\/Grupo.png\",\"contentUrl\":\"https:\\\/\\\/calerodiving.com\\\/wp-content\\\/uploads\\\/2025\\\/05\\\/Grupo.png\",\"width\":499,\"height\":590,\"caption\":\"Calero Diving Lanzarote\"},\"image\":{\"@id\":\"https:\\\/\\\/calerodiving.com\\\/#\\\/schema\\\/logo\\\/image\\\/\"},\"sameAs\":[\"https:\\\/\\\/www.facebook.com\\\/calerodiving\\\/\",\"https:\\\/\\\/www.instagram.com\\\/calerodiving\\\/\"]}]}<\/script>\n<!-- \/ Yoast SEO plugin. -->","yoast_head_json":{"title":"CCR Hypoxischer Trimix-Kurs | Calero Diving Lanzarote","robots":{"index":"index","follow":"follow","max-snippet":"max-snippet:-1","max-image-preview":"max-image-preview:large","max-video-preview":"max-video-preview:-1"},"canonical":"https:\/\/calerodiving.com\/de\/ccr-hypoxischer-trimix-kurs\/","og_locale":"de_DE","og_type":"article","og_title":"CCR Hypoxischer Trimix-Kurs | Calero Diving Lanzarote","og_description":"technisch CCR Hypoxischer Trimix-Kurs 100 Meter mit Trimix erreichen Programm\u00fcbersicht: Das CCR Hypoxisches Trimix-Programm vermittelt Ihnen das Wissen und die Erfahrung, die erforderlich sind, um unabh\u00e4ngig unbegrenzte Trimix-Dekompressions-Tauchg\u00e4nge bis zu einer maximalen Tiefe von 100 Metern mit einem Kreislaufatemger\u00e4t und mindestens drei Bailout-Flaschen zu planen und durchzuf\u00fchren. Dieses umfassende Kreislaufatemger\u00e4t-Tauchprogramm ist sowohl physisch als auch [&hellip;]","og_url":"https:\/\/calerodiving.com\/de\/ccr-hypoxischer-trimix-kurs\/","og_site_name":"Calero Diving Lanzarote","article_publisher":"https:\/\/www.facebook.com\/calerodiving\/","article_modified_time":"2025-08-27T07:51:14+00:00","og_image":[{"width":700,"height":445,"url":"https:\/\/calerodiving.com\/wp-content\/uploads\/2025\/07\/imgi_39_CCR_Extended_Range_Trimix_Rubicon_Diving_center_Lanzarote_card_060fdcc940.webp","type":"image\/webp"}],"twitter_card":"summary_large_image","twitter_misc":{"Gesch\u00e4tzte Lesezeit":"1\u00a0Minute"},"schema":{"@context":"https:\/\/schema.org","@graph":[{"@type":"WebPage","@id":"https:\/\/calerodiving.com\/de\/ccr-hypoxischer-trimix-kurs\/","url":"https:\/\/calerodiving.com\/de\/ccr-hypoxischer-trimix-kurs\/","name":"CCR Hypoxischer Trimix-Kurs | Calero Diving Lanzarote","isPartOf":{"@id":"https:\/\/calerodiving.com\/#website"},"primaryImageOfPage":{"@id":"https:\/\/calerodiving.com\/de\/ccr-hypoxischer-trimix-kurs\/#primaryimage"},"image":{"@id":"https:\/\/calerodiving.com\/de\/ccr-hypoxischer-trimix-kurs\/#primaryimage"},"thumbnailUrl":"https:\/\/calerodiving.com\/wp-content\/uploads\/2025\/07\/imgi_39_CCR_Extended_Range_Trimix_Rubicon_Diving_center_Lanzarote_card_060fdcc940.webp","datePublished":"2025-08-27T07:51:11+00:00","dateModified":"2025-08-27T07:51:14+00:00","breadcrumb":{"@id":"https:\/\/calerodiving.com\/de\/ccr-hypoxischer-trimix-kurs\/#breadcrumb"},"inLanguage":"de","potentialAction":[{"@type":"ReadAction","target":["https:\/\/calerodiving.com\/de\/ccr-hypoxischer-trimix-kurs\/"]}]},{"@type":"ImageObject","inLanguage":"de","@id":"https:\/\/calerodiving.com\/de\/ccr-hypoxischer-trimix-kurs\/#primaryimage","url":"https:\/\/calerodiving.com\/wp-content\/uploads\/2025\/07\/imgi_39_CCR_Extended_Range_Trimix_Rubicon_Diving_center_Lanzarote_card_060fdcc940.webp","contentUrl":"https:\/\/calerodiving.com\/wp-content\/uploads\/2025\/07\/imgi_39_CCR_Extended_Range_Trimix_Rubicon_Diving_center_Lanzarote_card_060fdcc940.webp"},{"@type":"BreadcrumbList","@id":"https:\/\/calerodiving.com\/de\/ccr-hypoxischer-trimix-kurs\/#breadcrumb","itemListElement":[{"@type":"ListItem","position":1,"name":"Home","item":"https:\/\/calerodiving.com\/es\/"},{"@type":"ListItem","position":2,"name":"CCR Hypoxischer Trimix-Kurs"}]},{"@type":"WebSite","@id":"https:\/\/calerodiving.com\/#website","url":"https:\/\/calerodiving.com\/","name":"Calero Diving Lanzarote","description":"Dive Center - Marina Puerto Calero Lanzarote","publisher":{"@id":"https:\/\/calerodiving.com\/#organization"},"alternateName":"Calero Diving","potentialAction":[{"@type":"SearchAction","target":{"@type":"EntryPoint","urlTemplate":"https:\/\/calerodiving.com\/?s={search_term_string}"},"query-input":{"@type":"PropertyValueSpecification","valueRequired":true,"valueName":"search_term_string"}}],"inLanguage":"de"},{"@type":"Organization","@id":"https:\/\/calerodiving.com\/#organization","name":"Calero Diving Lanzarote","alternateName":"Calero Diving","url":"https:\/\/calerodiving.com\/","logo":{"@type":"ImageObject","inLanguage":"de","@id":"https:\/\/calerodiving.com\/#\/schema\/logo\/image\/","url":"https:\/\/calerodiving.com\/wp-content\/uploads\/2025\/05\/Grupo.png","contentUrl":"https:\/\/calerodiving.com\/wp-content\/uploads\/2025\/05\/Grupo.png","width":499,"height":590,"caption":"Calero Diving Lanzarote"},"image":{"@id":"https:\/\/calerodiving.com\/#\/schema\/logo\/image\/"},"sameAs":["https:\/\/www.facebook.com\/calerodiving\/","https:\/\/www.instagram.com\/calerodiving\/"]}]}},"_links":{"self":[{"href":"https:\/\/calerodiving.com\/de\/wp-json\/wp\/v2\/pages\/24672","targetHints":{"allow":["GET"]}}],"collection":[{"href":"https:\/\/calerodiving.com\/de\/wp-json\/wp\/v2\/pages"}],"about":[{"href":"https:\/\/calerodiving.com\/de\/wp-json\/wp\/v2\/types\/page"}],"author":[{"embeddable":true,"href":"https:\/\/calerodiving.com\/de\/wp-json\/wp\/v2\/users\/10"}],"replies":[{"embeddable":true,"href":"https:\/\/calerodiving.com\/de\/wp-json\/wp\/v2\/comments?post=24672"}],"version-history":[{"count":1,"href":"https:\/\/calerodiving.com\/de\/wp-json\/wp\/v2\/pages\/24672\/revisions"}],"predecessor-version":[{"id":24673,"href":"https:\/\/calerodiving.com\/de\/wp-json\/wp\/v2\/pages\/24672\/revisions\/24673"}],"wp:attachment":[{"href":"https:\/\/calerodiving.com\/de\/wp-json\/wp\/v2\/media?parent=24672"}],"curies":[{"name":"wp","href":"https:\/\/api.w.org\/{rel}","templated":true}]}}