{"id":24666,"date":"2025-08-27T08:51:08","date_gmt":"2025-08-27T07:51:08","guid":{"rendered":"https:\/\/calerodiving.com\/ccr-erweiterte-reichweite-trimix\/"},"modified":"2025-08-27T08:51:14","modified_gmt":"2025-08-27T07:51:14","slug":"ccr-erweiterte-reichweite-trimix","status":"publish","type":"page","link":"https:\/\/calerodiving.com\/de\/ccr-erweiterte-reichweite-trimix\/","title":{"rendered":"CCR erweiterte Reichweite Trimix"},"content":{"rendered":"\t\t<div data-elementor-type=\"wp-page\" data-elementor-id=\"24666\" class=\"elementor elementor-24666 elementor-21351\" data-elementor-post-type=\"page\">\n\t\t\t\t<div class=\"elementor-element elementor-element-b4a18b8 e-flex e-con-boxed e-con e-parent\" data-id=\"b4a18b8\" data-element_type=\"container\" data-e-type=\"container\">\n\t\t\t\t\t<div class=\"e-con-inner\">\n\t\t<div class=\"elementor-element elementor-element-dbd8b41 e-con-full e-flex e-con e-child\" data-id=\"dbd8b41\" data-element_type=\"container\" data-e-type=\"container\">\n\t\t\t\t<div class=\"elementor-element elementor-element-20d26a9 elementor-widget elementor-widget-image\" data-id=\"20d26a9\" data-element_type=\"widget\" data-e-type=\"widget\" data-widget_type=\"image.default\">\n\t\t\t\t<div class=\"elementor-widget-container\">\n\t\t\t\t\t\t\t\t\t\t\t\t\t\t\t<img fetchpriority=\"high\" decoding=\"async\" width=\"700\" height=\"445\" src=\"https:\/\/calerodiving.com\/wp-content\/uploads\/2025\/07\/imgi_39_CCR_Extended_Range_Trimix_Rubicon_Diving_center_Lanzarote_card_060fdcc940.webp\" class=\"attachment-large size-large wp-image-20430\" alt=\"\" srcset=\"https:\/\/calerodiving.com\/wp-content\/uploads\/2025\/07\/imgi_39_CCR_Extended_Range_Trimix_Rubicon_Diving_center_Lanzarote_card_060fdcc940.webp 700w, https:\/\/calerodiving.com\/wp-content\/uploads\/2025\/07\/imgi_39_CCR_Extended_Range_Trimix_Rubicon_Diving_center_Lanzarote_card_060fdcc940-300x191.webp 300w\" sizes=\"(max-width: 700px) 100vw, 700px\" \/>\t\t\t\t\t\t\t\t\t\t\t\t\t\t\t<\/div>\n\t\t\t\t<\/div>\n\t\t\t\t<\/div>\n\t\t<div class=\"elementor-element elementor-element-598a354 e-con-full e-flex e-con e-child\" data-id=\"598a354\" data-element_type=\"container\" data-e-type=\"container\">\n\t\t<div class=\"elementor-element elementor-element-fa25890 e-con-full e-flex e-con e-child\" data-id=\"fa25890\" data-element_type=\"container\" data-e-type=\"container\">\n\t\t\t\t<div class=\"elementor-element elementor-element-cf812c8 elementor-widget elementor-widget-html\" data-id=\"cf812c8\" data-element_type=\"widget\" data-e-type=\"widget\" data-widget_type=\"html.default\">\n\t\t\t\t<div class=\"elementor-widget-container\">\n\t\t\t\t\t<a href=\"https:\/\/calerodiving.com\/de\/?page_id=24533#ssi-closed\" class=\"tag-button\">technisch<\/a>\n\t\t\t\t<\/div>\n\t\t\t\t<\/div>\n\t\t\t\t<div class=\"elementor-element elementor-element-90a1bf9 elementor-widget elementor-widget-heading\" data-id=\"90a1bf9\" data-element_type=\"widget\" data-e-type=\"widget\" data-widget_type=\"heading.default\">\n\t\t\t\t<div class=\"elementor-widget-container\">\n\t\t\t\t\t<h2 class=\"elementor-heading-title elementor-size-default\">CCR erweiterte Reichweite Trimix<\/h2>\t\t\t\t<\/div>\n\t\t\t\t<\/div>\n\t\t\t\t<\/div>\n\t\t\t\t<\/div>\n\t\t\t\t\t<\/div>\n\t\t\t\t<\/div>\n\t\t<div class=\"elementor-element elementor-element-a99bd07 e-flex e-con-boxed e-con e-parent\" data-id=\"a99bd07\" data-element_type=\"container\" data-e-type=\"container\">\n\t\t\t\t\t<div class=\"e-con-inner\">\n\t\t<div class=\"elementor-element elementor-element-f3e35eb e-con-full e-flex e-con e-child\" data-id=\"f3e35eb\" data-element_type=\"container\" data-e-type=\"container\">\n\t\t<div class=\"elementor-element elementor-element-5cfc440 e-con-full e-flex e-con e-child\" data-id=\"5cfc440\" data-element_type=\"container\" data-e-type=\"container\">\n\t\t\t\t<div class=\"elementor-element elementor-element-94bd6e7 elementor-widget elementor-widget-heading\" data-id=\"94bd6e7\" data-element_type=\"widget\" data-e-type=\"widget\" data-widget_type=\"heading.default\">\n\t\t\t\t<div class=\"elementor-widget-container\">\n\t\t\t\t\t<h2 class=\"elementor-heading-title elementor-size-default\">Erweitern Sie Ihren Tiefenbereich mit einem Rebreather<\/h2>\t\t\t\t<\/div>\n\t\t\t\t<\/div>\n\t\t\t\t<div class=\"elementor-element elementor-element-a4a3f8d elementor-widget elementor-widget-text-editor\" data-id=\"a4a3f8d\" data-element_type=\"widget\" data-e-type=\"widget\" data-widget_type=\"text-editor.default\">\n\t\t\t\t<div class=\"elementor-widget-container\">\n\t\t\t\t\t\t\t\t\t<div class=\"section-list\">\n<h3>Programm\u00fcbersicht:<\/h3>\nDieses Programm bietet Ihnen die Ausbildung, die Sie ben\u00f6tigen, um selbstst\u00e4ndig Trimix-Diluent-Dekompressions-Tauchg\u00e4nge bis zu einer maximalen Tiefe von 60 Metern mit einem Kreislaufatemger\u00e4t (Closed-Circuit Rebreather) und mindestens zwei Bailout-Flaschen zu planen und durchzuf\u00fchren. Es baut auf Ihren grundlegenden Rebreather-F\u00e4higkeiten auf und hilft Ihnen, eine probleml\u00f6sende Einstellung und Herangehensweise zu entwickeln, die l\u00e4ngere Dekompressionstauchg\u00e4nge erm\u00f6glicht. Dieses anspruchsvolle Programm entwickelt Ihre F\u00e4higkeit, \u00fcber Notf\u00e4lle nachzudenken und darauf zu reagieren, als ein vielseitiger, kompetenter Rebreather-Taucher. Mit Sicherheit an erster Stelle enth\u00e4lt dieses Programm tiefgehende akademische Themen, wie Gasdichte, um sicheres Tauchen zu erm\u00f6glichen.   \n\nWir bieten Schulungen f\u00fcr diesen Kurs auf verschiedenen Ger\u00e4ten an. Dieses Programm erh\u00f6ht die Tauchersicherheit, indem nur Trimix als Atemgas verwendet wird, um die Gasdichte zu reduzieren. \n<h3>Dauer:<\/h3>\n<ul>\n \t<li>5 Tage<\/li>\n<\/ul>\n<h3>Inklusive:<\/h3>\n<ul>\n \t<li>1 begrenzte Wassereinheit<\/li>\n\n<li>Digitale Materialien<\/li>\n \t<li>6 Trainingstauchg\u00e4nge<\/li>\n \t<li>Sofnolime<\/li>\n \t<li>O<sub>2<\/sub><\/li>\n \t<li>Tauchflaschen<\/li>\n \t<li>SSI CCR Technical Extended Range Zertifizierung<\/li>\n<\/ul>\n<h3>Nicht inklusive:<\/h3>\n<ul>\n \t<li>Ausr\u00fcstungsverleih<\/li>\n \t<li>Tauchversicherung<\/li>\n \t<li>Miete der CCR-Einheit<\/li>\n \t<li>Helium-Zusatz<\/li>\n<\/ul>\n<h3>Voraussetzungen:<\/h3>\n<ul>\n \t<li>Mindestens 18 Jahre alt<\/li>\n \t<li>Mindestens 50 Stunden CCR-Laufzeit<\/li>\n \t<li>Mindestens 25 Stunden CCR-Laufzeit auf dem spezifischen Ger\u00e4t<\/li>\n \t<li>Mindestens 20 CCR-Tauchg\u00e4nge tiefer als 30 Meter<\/li>\n \t<li>Mindestens 10 CCR-Tauchg\u00e4nge, die eine gestufte Dekompression erfordern (ohne Ausbildungstauchg\u00e4nge)<\/li>\n \t<li>Besitzen Sie die Zertifizierung f\u00fcr SSI CCR Extended Range oder eine gleichwertige<\/li>\n \t<li>G\u00fcltige medizinische Bescheinigung aus dem letzten Jahr (keine Selbstzertifizierung akzeptiert)<\/li>\n<\/ul>\n<\/div>\t\t\t\t\t\t\t\t<\/div>\n\t\t\t\t<\/div>\n\t\t\t\t<\/div>\n\t\t\t\t<\/div>\n\t\t<div class=\"elementor-element elementor-element-1e7cc65 e-con-full e-flex e-con e-child\" data-id=\"1e7cc65\" data-element_type=\"container\" data-e-type=\"container\">\n\t\t<div class=\"elementor-element elementor-element-b576be1 e-con-full course-sidebar-box e-flex e-con e-child\" data-id=\"b576be1\" data-element_type=\"container\" data-e-type=\"container\" data-settings=\"{&quot;sticky&quot;:&quot;top&quot;,&quot;sticky_offset&quot;:110,&quot;sticky_effects_offset&quot;:130,&quot;sticky_parent&quot;:&quot;yes&quot;,&quot;sticky_on&quot;:[&quot;desktop&quot;,&quot;tablet&quot;,&quot;mobile&quot;],&quot;sticky_anchor_link_offset&quot;:0}\">\n\t\t\t\t<div class=\"elementor-element elementor-element-57b455f elementor-widget elementor-widget-text-editor\" data-id=\"57b455f\" data-element_type=\"widget\" data-e-type=\"widget\" data-widget_type=\"text-editor.default\">\n\t\t\t\t<div class=\"elementor-widget-container\">\n\t\t\t\t\t\t\t\t\t<div class=\"courses-info\"><h6 class=\"no-margin\">Dauer:<\/h6><p class=\"no-margin\">5-Tages-Kurs<\/p><\/div><div class=\"courses-info\"><h6 class=\"no-margin\">Preis:<\/h6><p class=\"no-margin\">Ab 2.500 \u20ac<\/p><\/div>\t\t\t\t\t\t\t\t<\/div>\n\t\t\t\t<\/div>\n\t\t\t\t<div class=\"elementor-element elementor-element-559e116 elementor-mobile-align-center elementor-widget elementor-widget-button\" data-id=\"559e116\" data-element_type=\"widget\" data-e-type=\"widget\" data-widget_type=\"button.default\">\n\t\t\t\t<div class=\"elementor-widget-container\">\n\t\t\t\t\t\t\t\t\t<div class=\"elementor-button-wrapper\">\n\t\t\t\t\t<a class=\"elementor-button elementor-button-link elementor-size-sm\" href=\"https:\/\/app.bukyapp.com\/front\/6213b2319a1bbf005fa0b870\/product\/6891fe3a461c7fd4a12416f4?lang=en\" target=\"_blank\">\n\t\t\t\t\t\t<span class=\"elementor-button-content-wrapper\">\n\t\t\t\t\t\t\t\t\t<span class=\"elementor-button-text\">Kurs kaufen<\/span>\n\t\t\t\t\t<\/span>\n\t\t\t\t\t<\/a>\n\t\t\t\t<\/div>\n\t\t\t\t\t\t\t\t<\/div>\n\t\t\t\t<\/div>\n\t\t\t\t<\/div>\n\t\t\t\t<\/div>\n\t\t\t\t\t<\/div>\n\t\t\t\t<\/div>\n\t\t\t\t<\/div>\n\t\t","protected":false},"excerpt":{"rendered":"<p>technisch CCR erweiterte Reichweite Trimix Erweitern Sie Ihren Tiefenbereich mit einem Rebreather Programm\u00fcbersicht: Dieses Programm bietet Ihnen die Ausbildung, die Sie ben\u00f6tigen, um selbstst\u00e4ndig Trimix-Diluent-Dekompressions-Tauchg\u00e4nge bis zu einer maximalen Tiefe von 60 Metern mit einem Kreislaufatemger\u00e4t (Closed-Circuit Rebreather) und mindestens zwei Bailout-Flaschen zu planen und durchzuf\u00fchren. Es baut auf Ihren grundlegenden Rebreather-F\u00e4higkeiten auf und hilft [&hellip;]<\/p>\n","protected":false},"author":10,"featured_media":0,"parent":0,"menu_order":0,"comment_status":"closed","ping_status":"closed","template":"","meta":{"_acf_changed":false,"footnotes":""},"class_list":["post-24666","page","type-page","status-publish","hentry"],"acf":[],"yoast_head":"<!-- This site is optimized with the Yoast SEO plugin v27.5 - https:\/\/yoast.com\/product\/yoast-seo-wordpress\/ -->\n<title>CCR erweiterte Reichweite Trimix | Calero Diving Lanzarote<\/title>\n<meta name=\"robots\" content=\"index, follow, max-snippet:-1, max-image-preview:large, max-video-preview:-1\" \/>\n<link rel=\"canonical\" href=\"https:\/\/calerodiving.com\/de\/ccr-erweiterte-reichweite-trimix\/\" \/>\n<meta property=\"og:locale\" content=\"de_DE\" \/>\n<meta property=\"og:type\" content=\"article\" \/>\n<meta property=\"og:title\" content=\"CCR erweiterte Reichweite Trimix | Calero Diving Lanzarote\" \/>\n<meta property=\"og:description\" content=\"technisch CCR erweiterte Reichweite Trimix Erweitern Sie Ihren Tiefenbereich mit einem Rebreather Programm\u00fcbersicht: Dieses Programm bietet Ihnen die Ausbildung, die Sie ben\u00f6tigen, um selbstst\u00e4ndig Trimix-Diluent-Dekompressions-Tauchg\u00e4nge bis zu einer maximalen Tiefe von 60 Metern mit einem Kreislaufatemger\u00e4t (Closed-Circuit Rebreather) und mindestens zwei Bailout-Flaschen zu planen und durchzuf\u00fchren. Es baut auf Ihren grundlegenden Rebreather-F\u00e4higkeiten auf und hilft [&hellip;]\" \/>\n<meta property=\"og:url\" content=\"https:\/\/calerodiving.com\/de\/ccr-erweiterte-reichweite-trimix\/\" \/>\n<meta property=\"og:site_name\" content=\"Calero Diving Lanzarote\" \/>\n<meta property=\"article:publisher\" content=\"https:\/\/www.facebook.com\/calerodiving\/\" \/>\n<meta property=\"article:modified_time\" content=\"2025-08-27T07:51:14+00:00\" \/>\n<meta property=\"og:image\" content=\"https:\/\/calerodiving.com\/wp-content\/uploads\/2025\/07\/imgi_39_CCR_Extended_Range_Trimix_Rubicon_Diving_center_Lanzarote_card_060fdcc940.webp\" \/>\n\t<meta property=\"og:image:width\" content=\"700\" \/>\n\t<meta property=\"og:image:height\" content=\"445\" \/>\n\t<meta property=\"og:image:type\" content=\"image\/webp\" \/>\n<meta name=\"twitter:card\" content=\"summary_large_image\" \/>\n<meta name=\"twitter:label1\" content=\"Gesch\u00e4tzte Lesezeit\" \/>\n\t<meta name=\"twitter:data1\" content=\"1\u00a0Minute\" \/>\n<script type=\"application\/ld+json\" class=\"yoast-schema-graph\">{\"@context\":\"https:\\\/\\\/schema.org\",\"@graph\":[{\"@type\":\"WebPage\",\"@id\":\"https:\\\/\\\/calerodiving.com\\\/de\\\/ccr-erweiterte-reichweite-trimix\\\/\",\"url\":\"https:\\\/\\\/calerodiving.com\\\/de\\\/ccr-erweiterte-reichweite-trimix\\\/\",\"name\":\"CCR erweiterte Reichweite Trimix | Calero Diving Lanzarote\",\"isPartOf\":{\"@id\":\"https:\\\/\\\/calerodiving.com\\\/#website\"},\"primaryImageOfPage\":{\"@id\":\"https:\\\/\\\/calerodiving.com\\\/de\\\/ccr-erweiterte-reichweite-trimix\\\/#primaryimage\"},\"image\":{\"@id\":\"https:\\\/\\\/calerodiving.com\\\/de\\\/ccr-erweiterte-reichweite-trimix\\\/#primaryimage\"},\"thumbnailUrl\":\"https:\\\/\\\/calerodiving.com\\\/wp-content\\\/uploads\\\/2025\\\/07\\\/imgi_39_CCR_Extended_Range_Trimix_Rubicon_Diving_center_Lanzarote_card_060fdcc940.webp\",\"datePublished\":\"2025-08-27T07:51:08+00:00\",\"dateModified\":\"2025-08-27T07:51:14+00:00\",\"breadcrumb\":{\"@id\":\"https:\\\/\\\/calerodiving.com\\\/de\\\/ccr-erweiterte-reichweite-trimix\\\/#breadcrumb\"},\"inLanguage\":\"de\",\"potentialAction\":[{\"@type\":\"ReadAction\",\"target\":[\"https:\\\/\\\/calerodiving.com\\\/de\\\/ccr-erweiterte-reichweite-trimix\\\/\"]}]},{\"@type\":\"ImageObject\",\"inLanguage\":\"de\",\"@id\":\"https:\\\/\\\/calerodiving.com\\\/de\\\/ccr-erweiterte-reichweite-trimix\\\/#primaryimage\",\"url\":\"https:\\\/\\\/calerodiving.com\\\/wp-content\\\/uploads\\\/2025\\\/07\\\/imgi_39_CCR_Extended_Range_Trimix_Rubicon_Diving_center_Lanzarote_card_060fdcc940.webp\",\"contentUrl\":\"https:\\\/\\\/calerodiving.com\\\/wp-content\\\/uploads\\\/2025\\\/07\\\/imgi_39_CCR_Extended_Range_Trimix_Rubicon_Diving_center_Lanzarote_card_060fdcc940.webp\"},{\"@type\":\"BreadcrumbList\",\"@id\":\"https:\\\/\\\/calerodiving.com\\\/de\\\/ccr-erweiterte-reichweite-trimix\\\/#breadcrumb\",\"itemListElement\":[{\"@type\":\"ListItem\",\"position\":1,\"name\":\"Home\",\"item\":\"https:\\\/\\\/calerodiving.com\\\/es\\\/\"},{\"@type\":\"ListItem\",\"position\":2,\"name\":\"CCR erweiterte Reichweite Trimix\"}]},{\"@type\":\"WebSite\",\"@id\":\"https:\\\/\\\/calerodiving.com\\\/#website\",\"url\":\"https:\\\/\\\/calerodiving.com\\\/\",\"name\":\"Calero Diving Lanzarote\",\"description\":\"Dive Center - Marina Puerto Calero Lanzarote\",\"publisher\":{\"@id\":\"https:\\\/\\\/calerodiving.com\\\/#organization\"},\"alternateName\":\"Calero Diving\",\"potentialAction\":[{\"@type\":\"SearchAction\",\"target\":{\"@type\":\"EntryPoint\",\"urlTemplate\":\"https:\\\/\\\/calerodiving.com\\\/?s={search_term_string}\"},\"query-input\":{\"@type\":\"PropertyValueSpecification\",\"valueRequired\":true,\"valueName\":\"search_term_string\"}}],\"inLanguage\":\"de\"},{\"@type\":\"Organization\",\"@id\":\"https:\\\/\\\/calerodiving.com\\\/#organization\",\"name\":\"Calero Diving Lanzarote\",\"alternateName\":\"Calero Diving\",\"url\":\"https:\\\/\\\/calerodiving.com\\\/\",\"logo\":{\"@type\":\"ImageObject\",\"inLanguage\":\"de\",\"@id\":\"https:\\\/\\\/calerodiving.com\\\/#\\\/schema\\\/logo\\\/image\\\/\",\"url\":\"https:\\\/\\\/calerodiving.com\\\/wp-content\\\/uploads\\\/2025\\\/05\\\/Grupo.png\",\"contentUrl\":\"https:\\\/\\\/calerodiving.com\\\/wp-content\\\/uploads\\\/2025\\\/05\\\/Grupo.png\",\"width\":499,\"height\":590,\"caption\":\"Calero Diving Lanzarote\"},\"image\":{\"@id\":\"https:\\\/\\\/calerodiving.com\\\/#\\\/schema\\\/logo\\\/image\\\/\"},\"sameAs\":[\"https:\\\/\\\/www.facebook.com\\\/calerodiving\\\/\",\"https:\\\/\\\/www.instagram.com\\\/calerodiving\\\/\"]}]}<\/script>\n<!-- \/ Yoast SEO plugin. -->","yoast_head_json":{"title":"CCR erweiterte Reichweite Trimix | Calero Diving Lanzarote","robots":{"index":"index","follow":"follow","max-snippet":"max-snippet:-1","max-image-preview":"max-image-preview:large","max-video-preview":"max-video-preview:-1"},"canonical":"https:\/\/calerodiving.com\/de\/ccr-erweiterte-reichweite-trimix\/","og_locale":"de_DE","og_type":"article","og_title":"CCR erweiterte Reichweite Trimix | Calero Diving Lanzarote","og_description":"technisch CCR erweiterte Reichweite Trimix Erweitern Sie Ihren Tiefenbereich mit einem Rebreather Programm\u00fcbersicht: Dieses Programm bietet Ihnen die Ausbildung, die Sie ben\u00f6tigen, um selbstst\u00e4ndig Trimix-Diluent-Dekompressions-Tauchg\u00e4nge bis zu einer maximalen Tiefe von 60 Metern mit einem Kreislaufatemger\u00e4t (Closed-Circuit Rebreather) und mindestens zwei Bailout-Flaschen zu planen und durchzuf\u00fchren. Es baut auf Ihren grundlegenden Rebreather-F\u00e4higkeiten auf und hilft [&hellip;]","og_url":"https:\/\/calerodiving.com\/de\/ccr-erweiterte-reichweite-trimix\/","og_site_name":"Calero Diving Lanzarote","article_publisher":"https:\/\/www.facebook.com\/calerodiving\/","article_modified_time":"2025-08-27T07:51:14+00:00","og_image":[{"width":700,"height":445,"url":"https:\/\/calerodiving.com\/wp-content\/uploads\/2025\/07\/imgi_39_CCR_Extended_Range_Trimix_Rubicon_Diving_center_Lanzarote_card_060fdcc940.webp","type":"image\/webp"}],"twitter_card":"summary_large_image","twitter_misc":{"Gesch\u00e4tzte Lesezeit":"1\u00a0Minute"},"schema":{"@context":"https:\/\/schema.org","@graph":[{"@type":"WebPage","@id":"https:\/\/calerodiving.com\/de\/ccr-erweiterte-reichweite-trimix\/","url":"https:\/\/calerodiving.com\/de\/ccr-erweiterte-reichweite-trimix\/","name":"CCR erweiterte Reichweite Trimix | Calero Diving Lanzarote","isPartOf":{"@id":"https:\/\/calerodiving.com\/#website"},"primaryImageOfPage":{"@id":"https:\/\/calerodiving.com\/de\/ccr-erweiterte-reichweite-trimix\/#primaryimage"},"image":{"@id":"https:\/\/calerodiving.com\/de\/ccr-erweiterte-reichweite-trimix\/#primaryimage"},"thumbnailUrl":"https:\/\/calerodiving.com\/wp-content\/uploads\/2025\/07\/imgi_39_CCR_Extended_Range_Trimix_Rubicon_Diving_center_Lanzarote_card_060fdcc940.webp","datePublished":"2025-08-27T07:51:08+00:00","dateModified":"2025-08-27T07:51:14+00:00","breadcrumb":{"@id":"https:\/\/calerodiving.com\/de\/ccr-erweiterte-reichweite-trimix\/#breadcrumb"},"inLanguage":"de","potentialAction":[{"@type":"ReadAction","target":["https:\/\/calerodiving.com\/de\/ccr-erweiterte-reichweite-trimix\/"]}]},{"@type":"ImageObject","inLanguage":"de","@id":"https:\/\/calerodiving.com\/de\/ccr-erweiterte-reichweite-trimix\/#primaryimage","url":"https:\/\/calerodiving.com\/wp-content\/uploads\/2025\/07\/imgi_39_CCR_Extended_Range_Trimix_Rubicon_Diving_center_Lanzarote_card_060fdcc940.webp","contentUrl":"https:\/\/calerodiving.com\/wp-content\/uploads\/2025\/07\/imgi_39_CCR_Extended_Range_Trimix_Rubicon_Diving_center_Lanzarote_card_060fdcc940.webp"},{"@type":"BreadcrumbList","@id":"https:\/\/calerodiving.com\/de\/ccr-erweiterte-reichweite-trimix\/#breadcrumb","itemListElement":[{"@type":"ListItem","position":1,"name":"Home","item":"https:\/\/calerodiving.com\/es\/"},{"@type":"ListItem","position":2,"name":"CCR erweiterte Reichweite Trimix"}]},{"@type":"WebSite","@id":"https:\/\/calerodiving.com\/#website","url":"https:\/\/calerodiving.com\/","name":"Calero Diving Lanzarote","description":"Dive Center - Marina Puerto Calero Lanzarote","publisher":{"@id":"https:\/\/calerodiving.com\/#organization"},"alternateName":"Calero Diving","potentialAction":[{"@type":"SearchAction","target":{"@type":"EntryPoint","urlTemplate":"https:\/\/calerodiving.com\/?s={search_term_string}"},"query-input":{"@type":"PropertyValueSpecification","valueRequired":true,"valueName":"search_term_string"}}],"inLanguage":"de"},{"@type":"Organization","@id":"https:\/\/calerodiving.com\/#organization","name":"Calero Diving Lanzarote","alternateName":"Calero Diving","url":"https:\/\/calerodiving.com\/","logo":{"@type":"ImageObject","inLanguage":"de","@id":"https:\/\/calerodiving.com\/#\/schema\/logo\/image\/","url":"https:\/\/calerodiving.com\/wp-content\/uploads\/2025\/05\/Grupo.png","contentUrl":"https:\/\/calerodiving.com\/wp-content\/uploads\/2025\/05\/Grupo.png","width":499,"height":590,"caption":"Calero Diving Lanzarote"},"image":{"@id":"https:\/\/calerodiving.com\/#\/schema\/logo\/image\/"},"sameAs":["https:\/\/www.facebook.com\/calerodiving\/","https:\/\/www.instagram.com\/calerodiving\/"]}]}},"_links":{"self":[{"href":"https:\/\/calerodiving.com\/de\/wp-json\/wp\/v2\/pages\/24666","targetHints":{"allow":["GET"]}}],"collection":[{"href":"https:\/\/calerodiving.com\/de\/wp-json\/wp\/v2\/pages"}],"about":[{"href":"https:\/\/calerodiving.com\/de\/wp-json\/wp\/v2\/types\/page"}],"author":[{"embeddable":true,"href":"https:\/\/calerodiving.com\/de\/wp-json\/wp\/v2\/users\/10"}],"replies":[{"embeddable":true,"href":"https:\/\/calerodiving.com\/de\/wp-json\/wp\/v2\/comments?post=24666"}],"version-history":[{"count":1,"href":"https:\/\/calerodiving.com\/de\/wp-json\/wp\/v2\/pages\/24666\/revisions"}],"predecessor-version":[{"id":24668,"href":"https:\/\/calerodiving.com\/de\/wp-json\/wp\/v2\/pages\/24666\/revisions\/24668"}],"wp:attachment":[{"href":"https:\/\/calerodiving.com\/de\/wp-json\/wp\/v2\/media?parent=24666"}],"curies":[{"name":"wp","href":"https:\/\/api.w.org\/{rel}","templated":true}]}}