{"id":24662,"date":"2025-08-27T08:50:53","date_gmt":"2025-08-27T07:50:53","guid":{"rendered":"https:\/\/calerodiving.com\/ccr-luft-diluent-taucher-mod-1\/"},"modified":"2025-08-27T08:50:55","modified_gmt":"2025-08-27T07:50:55","slug":"ccr-luft-diluent-taucher-mod-1","status":"publish","type":"page","link":"https:\/\/calerodiving.com\/de\/ccr-luft-diluent-taucher-mod-1\/","title":{"rendered":"CCR Luft-Diluent-Taucher (MOD 1)"},"content":{"rendered":"\t\t<div data-elementor-type=\"wp-page\" data-elementor-id=\"24662\" class=\"elementor elementor-24662 elementor-21289\" data-elementor-post-type=\"page\">\n\t\t\t\t<div class=\"elementor-element elementor-element-b053bb0 e-flex e-con-boxed e-con e-parent\" data-id=\"b053bb0\" data-element_type=\"container\" data-e-type=\"container\">\n\t\t\t\t\t<div class=\"e-con-inner\">\n\t\t<div class=\"elementor-element elementor-element-87614fe e-con-full e-flex e-con e-child\" data-id=\"87614fe\" data-element_type=\"container\" data-e-type=\"container\">\n\t\t\t\t<div class=\"elementor-element elementor-element-a2d6bb2 elementor-widget elementor-widget-image\" data-id=\"a2d6bb2\" data-element_type=\"widget\" data-e-type=\"widget\" data-widget_type=\"image.default\">\n\t\t\t\t<div class=\"elementor-widget-container\">\n\t\t\t\t\t\t\t\t\t\t\t\t\t\t\t<img fetchpriority=\"high\" decoding=\"async\" width=\"700\" height=\"445\" src=\"https:\/\/calerodiving.com\/wp-content\/uploads\/2025\/08\/CCR-air-diluent-coursee-.png\" class=\"attachment-large size-large wp-image-22501\" alt=\"\" srcset=\"https:\/\/calerodiving.com\/wp-content\/uploads\/2025\/08\/CCR-air-diluent-coursee-.png 700w, https:\/\/calerodiving.com\/wp-content\/uploads\/2025\/08\/CCR-air-diluent-coursee--300x191.png 300w\" sizes=\"(max-width: 700px) 100vw, 700px\" \/>\t\t\t\t\t\t\t\t\t\t\t\t\t\t\t<\/div>\n\t\t\t\t<\/div>\n\t\t\t\t<\/div>\n\t\t<div class=\"elementor-element elementor-element-7e7c4eb e-con-full e-flex e-con e-child\" data-id=\"7e7c4eb\" data-element_type=\"container\" data-e-type=\"container\">\n\t\t<div class=\"elementor-element elementor-element-778bdb5 e-con-full e-flex e-con e-child\" data-id=\"778bdb5\" data-element_type=\"container\" data-e-type=\"container\">\n\t\t\t\t<div class=\"elementor-element elementor-element-bb2a917 elementor-widget elementor-widget-html\" data-id=\"bb2a917\" data-element_type=\"widget\" data-e-type=\"widget\" data-widget_type=\"html.default\">\n\t\t\t\t<div class=\"elementor-widget-container\">\n\t\t\t\t\t<a href=\"https:\/\/calerodiving.com\/de\/?page_id=24525#tdi-closed\" class=\"tag-button\">technisch<\/a>\n\t\t\t\t<\/div>\n\t\t\t\t<\/div>\n\t\t\t\t<div class=\"elementor-element elementor-element-9240104 elementor-widget elementor-widget-heading\" data-id=\"9240104\" data-element_type=\"widget\" data-e-type=\"widget\" data-widget_type=\"heading.default\">\n\t\t\t\t<div class=\"elementor-widget-container\">\n\t\t\t\t\t<h2 class=\"elementor-heading-title elementor-size-default\">CCR Luftdiluent Taucher (MOD 1)<\/h2>\t\t\t\t<\/div>\n\t\t\t\t<\/div>\n\t\t\t\t<\/div>\n\t\t\t\t<\/div>\n\t\t\t\t\t<\/div>\n\t\t\t\t<\/div>\n\t\t<div class=\"elementor-element elementor-element-e4fbbd4 e-flex e-con-boxed e-con e-parent\" data-id=\"e4fbbd4\" data-element_type=\"container\" data-e-type=\"container\">\n\t\t\t\t\t<div class=\"e-con-inner\">\n\t\t<div class=\"elementor-element elementor-element-a6d95d2 e-con-full e-flex e-con e-child\" data-id=\"a6d95d2\" data-element_type=\"container\" data-e-type=\"container\">\n\t\t<div class=\"elementor-element elementor-element-1a3508b e-con-full e-flex e-con e-child\" data-id=\"1a3508b\" data-element_type=\"container\" data-e-type=\"container\">\n\t\t\t\t<div class=\"elementor-element elementor-element-3de7630 elementor-widget elementor-widget-heading\" data-id=\"3de7630\" data-element_type=\"widget\" data-e-type=\"widget\" data-widget_type=\"heading.default\">\n\t\t\t\t<div class=\"elementor-widget-container\">\n\t\t\t\t\t<h2 class=\"elementor-heading-title elementor-size-default\">Der erste Schritt, um ein Rebreather-Taucher zu werden<\/h2>\t\t\t\t<\/div>\n\t\t\t\t<\/div>\n\t\t\t\t<div class=\"elementor-element elementor-element-301ce02 elementor-widget elementor-widget-text-editor\" data-id=\"301ce02\" data-element_type=\"widget\" data-e-type=\"widget\" data-widget_type=\"text-editor.default\">\n\t\t\t\t<div class=\"elementor-widget-container\">\n\t\t\t\t\t\t\t\t\t<div class=\"section-list\">\n  <h3>Programm\u00fcbersicht:<\/h3>\n  <ul>\n    <li>Der TDI Kreislaufatemger\u00e4t (CCR) Luft-Diluent-Taucher Kurs ist Ihr erster Schritt in das CCR-Tauchen und Ihre erste wirklich ruhige Taucherfahrung! Die Nutzung der neuesten Technologie in CCRs kann Ihre Gasversorgung maximieren und ein optimales Atemgas f\u00fcr jede Tiefe bereitstellen, indem ein konstanter Sauerstoffpartialdruck aufrechterhalten wird. Es ist, als h\u00e4tten Sie eine Nitrox-Mischmaschine auf dem R\u00fccken!  <\/li>\n    <li>W\u00e4hrend dieses Kurses lernen Sie alle notwendigen Fertigkeiten, um dekompressionsfreie CCR-Tauchg\u00e4nge bis zu einer maximalen Tiefe von 30 Metern durchzuf\u00fchren, w\u00e4hrend Luft als Diluent verwendet wird.<\/li>\n    <li>Wenn Sie bereits ein technischer Taucher mit offenem Kreislauf sind und auf die \u201estille\u201c Seite wechseln m\u00f6chten, oder vielleicht sind Sie ein CCR Luft-Diluent-Taucher, der sich auf die n\u00e4chste Stufe begeben m\u00f6chte, dann kann dieser Kurs mit der zus\u00e4tzlichen Ausbildung abgeschlossen werden, um ein TDI CCR Luft-Diluent-Dekompressions-Taucher zu werden.<\/li>\n    <li>W\u00e4hrend dieses Kurses lernen Sie alle notwendigen Fertigkeiten, um Dekompressions-CCR-Tauchg\u00e4nge bis zu einer maximalen Tiefe von 40 Metern unter Verwendung von Luft als Diluent durchzuf\u00fchren.<\/li>\n  <\/ul>\n  <h3>Dauer:<\/h3>\n  <ul>\n    <li>5 Tage<\/li>\n  <\/ul>\n  <h3>Inklusive:<\/h3>\n  <ul>\n    <li>8 Trainings-Tauchg\u00e4nge<\/li>\n    <li>Digitale Materialien<\/li>\n    <li>Sofnolime<\/li>\n    <li>O<sub>2<\/sub><\/li>\n    <li>Tauchflaschen<\/li>\n    <li>TDI CCR Luft-Diluent-Taucher oder CCR Luft-Diluent-Dekompressions-Taucher Zertifizierung<\/li>\n  <\/ul>\n  <h3>Nicht inklusive:<\/h3>\n  <ul>\n    <li>Ausr\u00fcstungsverleih<\/li>\n    <li>Tauchversicherung<\/li>\n    <li>Miete der CCR-Einheit<\/li>\n  <\/ul>\n  <h3>Voraussetzungen:<\/h3>\n  <ul>\n    <li>Mindestens 18 Jahre alt<\/li>\n    <li>Mindestens 20 geloggte Tauchg\u00e4nge<\/li>\n    <li>Besitzen Sie eine Zertifizierung f\u00fcr TDI Nitrox-Taucher oder gleichwertig<\/li>\n    <li>G\u00fcltige medizinische Bescheinigung aus dem letzten Jahr (keine Selbstzertifizierung akzeptiert)<\/li>\n  <\/ul>\n  <h3>ODER:<\/h3>\n  <ul>\n    <li>Mindestens 50 geloggte Tauchg\u00e4nge<\/li>\n    <li>Besitzen Sie Zertifizierungen f\u00fcr TDI Advanced Nitrox und Dekompressionsverfahren-Taucher oder gleichwertig<\/li>\n    <li>Besitzen Sie eine Zertifizierung f\u00fcr TDI Sidemount Taucher oder eine gleichwertige, wenn Sie einen zugelassenen Sidemount-Rebreather verwenden und den Nachweis von 10 geloggten Sidemount-Tauchg\u00e4ngen erbringen<\/li>\n  <\/ul>\n  <h3>Weitere Kurse, die Sie interessieren k\u00f6nnten:<\/h3>\n  <ul>\n    <li><a href=\"https:\/\/calerodiving.com\/de\/fortgeschrittenes-nitrox\/\">Advanced Nitrox<\/a> und <a href=\"https:\/\/calerodiving.com\/de\/dekompressionsverfahren\/\">Dekompressionsverfahren<\/a><\/li>\n    <li><a href=\"https:\/\/calerodiving.com\/de\/ccr-helitrox-diluent-dekompressionstaucher-mod-1\/\">CCR Helitrox-Diluent Dekompressionstaucher (MOD 1)<\/a><\/li>\n  <\/ul>\n<\/div>\n\t\t\t\t\t\t\t\t<\/div>\n\t\t\t\t<\/div>\n\t\t\t\t<\/div>\n\t\t\t\t<\/div>\n\t\t<div class=\"elementor-element elementor-element-27b11e5 e-con-full e-flex e-con e-child\" data-id=\"27b11e5\" data-element_type=\"container\" data-e-type=\"container\">\n\t\t<div class=\"elementor-element elementor-element-5aa4fc9 e-con-full course-sidebar-box e-flex e-con e-child\" data-id=\"5aa4fc9\" data-element_type=\"container\" data-e-type=\"container\" data-settings=\"{&quot;sticky&quot;:&quot;top&quot;,&quot;sticky_offset&quot;:110,&quot;sticky_effects_offset&quot;:130,&quot;sticky_parent&quot;:&quot;yes&quot;,&quot;sticky_on&quot;:[&quot;desktop&quot;,&quot;tablet&quot;,&quot;mobile&quot;],&quot;sticky_anchor_link_offset&quot;:0}\">\n\t\t\t\t<div class=\"elementor-element elementor-element-9eb945c elementor-widget elementor-widget-text-editor\" data-id=\"9eb945c\" data-element_type=\"widget\" data-e-type=\"widget\" data-widget_type=\"text-editor.default\">\n\t\t\t\t<div class=\"elementor-widget-container\">\n\t\t\t\t\t\t\t\t\t<div class=\"courses-info\"><h6 class=\"no-margin\">Dauer:<\/h6><p class=\"no-margin\">5-Tages-Kurs<\/p><\/div><div class=\"courses-info\"><h6 class=\"no-margin\">Preis:<\/h6><p class=\"no-margin\">Ab 1.850 \u20ac<\/p><\/div>\t\t\t\t\t\t\t\t<\/div>\n\t\t\t\t<\/div>\n\t\t\t\t<div class=\"elementor-element elementor-element-f6bfbe6 elementor-mobile-align-center elementor-widget elementor-widget-button\" data-id=\"f6bfbe6\" data-element_type=\"widget\" data-e-type=\"widget\" data-widget_type=\"button.default\">\n\t\t\t\t<div class=\"elementor-widget-container\">\n\t\t\t\t\t\t\t\t\t<div class=\"elementor-button-wrapper\">\n\t\t\t\t\t<a class=\"elementor-button elementor-button-link elementor-size-sm\" href=\"https:\/\/app.bukyapp.com\/front\/6213b2319a1bbf005fa0b870\/product\/6888c6f4496a39fad5003bf3?lang=en\" target=\"_blank\">\n\t\t\t\t\t\t<span class=\"elementor-button-content-wrapper\">\n\t\t\t\t\t\t\t\t\t<span class=\"elementor-button-text\">Kurs kaufen<\/span>\n\t\t\t\t\t<\/span>\n\t\t\t\t\t<\/a>\n\t\t\t\t<\/div>\n\t\t\t\t\t\t\t\t<\/div>\n\t\t\t\t<\/div>\n\t\t\t\t<\/div>\n\t\t\t\t<\/div>\n\t\t\t\t\t<\/div>\n\t\t\t\t<\/div>\n\t\t\t\t<\/div>\n\t\t","protected":false},"excerpt":{"rendered":"<p>technisch CCR Luftdiluent Taucher (MOD 1) Der erste Schritt, um ein Rebreather-Taucher zu werden Programm\u00fcbersicht: Der TDI Kreislaufatemger\u00e4t (CCR) Luft-Diluent-Taucher Kurs ist Ihr erster Schritt in das CCR-Tauchen und Ihre erste wirklich ruhige Taucherfahrung! Die Nutzung der neuesten Technologie in CCRs kann Ihre Gasversorgung maximieren und ein optimales Atemgas f\u00fcr jede Tiefe bereitstellen, indem ein [&hellip;]<\/p>\n","protected":false},"author":10,"featured_media":0,"parent":0,"menu_order":0,"comment_status":"closed","ping_status":"closed","template":"","meta":{"_acf_changed":false,"footnotes":""},"class_list":["post-24662","page","type-page","status-publish","hentry"],"acf":[],"yoast_head":"<!-- This site is optimized with the Yoast SEO plugin v27.5 - https:\/\/yoast.com\/product\/yoast-seo-wordpress\/ -->\n<title>CCR Luft-Diluent-Taucher (MOD 1) | Calero Diving Lanzarote<\/title>\n<meta name=\"robots\" content=\"index, follow, max-snippet:-1, max-image-preview:large, max-video-preview:-1\" \/>\n<link rel=\"canonical\" href=\"https:\/\/calerodiving.com\/de\/ccr-luft-diluent-taucher-mod-1\/\" \/>\n<meta property=\"og:locale\" content=\"de_DE\" \/>\n<meta property=\"og:type\" content=\"article\" \/>\n<meta property=\"og:title\" content=\"CCR Luft-Diluent-Taucher (MOD 1) | Calero Diving Lanzarote\" \/>\n<meta property=\"og:description\" content=\"technisch CCR Luftdiluent Taucher (MOD 1) Der erste Schritt, um ein Rebreather-Taucher zu werden Programm\u00fcbersicht: Der TDI Kreislaufatemger\u00e4t (CCR) Luft-Diluent-Taucher Kurs ist Ihr erster Schritt in das CCR-Tauchen und Ihre erste wirklich ruhige Taucherfahrung! Die Nutzung der neuesten Technologie in CCRs kann Ihre Gasversorgung maximieren und ein optimales Atemgas f\u00fcr jede Tiefe bereitstellen, indem ein [&hellip;]\" \/>\n<meta property=\"og:url\" content=\"https:\/\/calerodiving.com\/de\/ccr-luft-diluent-taucher-mod-1\/\" \/>\n<meta property=\"og:site_name\" content=\"Calero Diving Lanzarote\" \/>\n<meta property=\"article:publisher\" content=\"https:\/\/www.facebook.com\/calerodiving\/\" \/>\n<meta property=\"article:modified_time\" content=\"2025-08-27T07:50:55+00:00\" \/>\n<meta property=\"og:image\" content=\"https:\/\/calerodiving.com\/wp-content\/uploads\/2025\/08\/CCR-air-diluent-coursee-.png\" \/>\n\t<meta property=\"og:image:width\" content=\"700\" \/>\n\t<meta property=\"og:image:height\" content=\"445\" \/>\n\t<meta property=\"og:image:type\" content=\"image\/png\" \/>\n<meta name=\"twitter:card\" content=\"summary_large_image\" \/>\n<meta name=\"twitter:label1\" content=\"Gesch\u00e4tzte Lesezeit\" \/>\n\t<meta name=\"twitter:data1\" content=\"1\u00a0Minute\" \/>\n<script type=\"application\/ld+json\" class=\"yoast-schema-graph\">{\"@context\":\"https:\\\/\\\/schema.org\",\"@graph\":[{\"@type\":\"WebPage\",\"@id\":\"https:\\\/\\\/calerodiving.com\\\/de\\\/ccr-luft-diluent-taucher-mod-1\\\/\",\"url\":\"https:\\\/\\\/calerodiving.com\\\/de\\\/ccr-luft-diluent-taucher-mod-1\\\/\",\"name\":\"CCR Luft-Diluent-Taucher (MOD 1) | Calero Diving Lanzarote\",\"isPartOf\":{\"@id\":\"https:\\\/\\\/calerodiving.com\\\/#website\"},\"primaryImageOfPage\":{\"@id\":\"https:\\\/\\\/calerodiving.com\\\/de\\\/ccr-luft-diluent-taucher-mod-1\\\/#primaryimage\"},\"image\":{\"@id\":\"https:\\\/\\\/calerodiving.com\\\/de\\\/ccr-luft-diluent-taucher-mod-1\\\/#primaryimage\"},\"thumbnailUrl\":\"https:\\\/\\\/calerodiving.com\\\/wp-content\\\/uploads\\\/2025\\\/08\\\/CCR-air-diluent-coursee-.png\",\"datePublished\":\"2025-08-27T07:50:53+00:00\",\"dateModified\":\"2025-08-27T07:50:55+00:00\",\"breadcrumb\":{\"@id\":\"https:\\\/\\\/calerodiving.com\\\/de\\\/ccr-luft-diluent-taucher-mod-1\\\/#breadcrumb\"},\"inLanguage\":\"de\",\"potentialAction\":[{\"@type\":\"ReadAction\",\"target\":[\"https:\\\/\\\/calerodiving.com\\\/de\\\/ccr-luft-diluent-taucher-mod-1\\\/\"]}]},{\"@type\":\"ImageObject\",\"inLanguage\":\"de\",\"@id\":\"https:\\\/\\\/calerodiving.com\\\/de\\\/ccr-luft-diluent-taucher-mod-1\\\/#primaryimage\",\"url\":\"https:\\\/\\\/calerodiving.com\\\/wp-content\\\/uploads\\\/2025\\\/08\\\/CCR-air-diluent-coursee-.png\",\"contentUrl\":\"https:\\\/\\\/calerodiving.com\\\/wp-content\\\/uploads\\\/2025\\\/08\\\/CCR-air-diluent-coursee-.png\"},{\"@type\":\"BreadcrumbList\",\"@id\":\"https:\\\/\\\/calerodiving.com\\\/de\\\/ccr-luft-diluent-taucher-mod-1\\\/#breadcrumb\",\"itemListElement\":[{\"@type\":\"ListItem\",\"position\":1,\"name\":\"Home\",\"item\":\"https:\\\/\\\/calerodiving.com\\\/es\\\/\"},{\"@type\":\"ListItem\",\"position\":2,\"name\":\"CCR Luft-Diluent-Taucher (MOD 1)\"}]},{\"@type\":\"WebSite\",\"@id\":\"https:\\\/\\\/calerodiving.com\\\/#website\",\"url\":\"https:\\\/\\\/calerodiving.com\\\/\",\"name\":\"Calero Diving Lanzarote\",\"description\":\"Dive Center - Marina Puerto Calero Lanzarote\",\"publisher\":{\"@id\":\"https:\\\/\\\/calerodiving.com\\\/#organization\"},\"alternateName\":\"Calero Diving\",\"potentialAction\":[{\"@type\":\"SearchAction\",\"target\":{\"@type\":\"EntryPoint\",\"urlTemplate\":\"https:\\\/\\\/calerodiving.com\\\/?s={search_term_string}\"},\"query-input\":{\"@type\":\"PropertyValueSpecification\",\"valueRequired\":true,\"valueName\":\"search_term_string\"}}],\"inLanguage\":\"de\"},{\"@type\":\"Organization\",\"@id\":\"https:\\\/\\\/calerodiving.com\\\/#organization\",\"name\":\"Calero Diving Lanzarote\",\"alternateName\":\"Calero Diving\",\"url\":\"https:\\\/\\\/calerodiving.com\\\/\",\"logo\":{\"@type\":\"ImageObject\",\"inLanguage\":\"de\",\"@id\":\"https:\\\/\\\/calerodiving.com\\\/#\\\/schema\\\/logo\\\/image\\\/\",\"url\":\"https:\\\/\\\/calerodiving.com\\\/wp-content\\\/uploads\\\/2025\\\/05\\\/Grupo.png\",\"contentUrl\":\"https:\\\/\\\/calerodiving.com\\\/wp-content\\\/uploads\\\/2025\\\/05\\\/Grupo.png\",\"width\":499,\"height\":590,\"caption\":\"Calero Diving Lanzarote\"},\"image\":{\"@id\":\"https:\\\/\\\/calerodiving.com\\\/#\\\/schema\\\/logo\\\/image\\\/\"},\"sameAs\":[\"https:\\\/\\\/www.facebook.com\\\/calerodiving\\\/\",\"https:\\\/\\\/www.instagram.com\\\/calerodiving\\\/\"]}]}<\/script>\n<!-- \/ Yoast SEO plugin. -->","yoast_head_json":{"title":"CCR Luft-Diluent-Taucher (MOD 1) | Calero Diving Lanzarote","robots":{"index":"index","follow":"follow","max-snippet":"max-snippet:-1","max-image-preview":"max-image-preview:large","max-video-preview":"max-video-preview:-1"},"canonical":"https:\/\/calerodiving.com\/de\/ccr-luft-diluent-taucher-mod-1\/","og_locale":"de_DE","og_type":"article","og_title":"CCR Luft-Diluent-Taucher (MOD 1) | Calero Diving Lanzarote","og_description":"technisch CCR Luftdiluent Taucher (MOD 1) Der erste Schritt, um ein Rebreather-Taucher zu werden Programm\u00fcbersicht: Der TDI Kreislaufatemger\u00e4t (CCR) Luft-Diluent-Taucher Kurs ist Ihr erster Schritt in das CCR-Tauchen und Ihre erste wirklich ruhige Taucherfahrung! Die Nutzung der neuesten Technologie in CCRs kann Ihre Gasversorgung maximieren und ein optimales Atemgas f\u00fcr jede Tiefe bereitstellen, indem ein [&hellip;]","og_url":"https:\/\/calerodiving.com\/de\/ccr-luft-diluent-taucher-mod-1\/","og_site_name":"Calero Diving Lanzarote","article_publisher":"https:\/\/www.facebook.com\/calerodiving\/","article_modified_time":"2025-08-27T07:50:55+00:00","og_image":[{"width":700,"height":445,"url":"https:\/\/calerodiving.com\/wp-content\/uploads\/2025\/08\/CCR-air-diluent-coursee-.png","type":"image\/png"}],"twitter_card":"summary_large_image","twitter_misc":{"Gesch\u00e4tzte Lesezeit":"1\u00a0Minute"},"schema":{"@context":"https:\/\/schema.org","@graph":[{"@type":"WebPage","@id":"https:\/\/calerodiving.com\/de\/ccr-luft-diluent-taucher-mod-1\/","url":"https:\/\/calerodiving.com\/de\/ccr-luft-diluent-taucher-mod-1\/","name":"CCR Luft-Diluent-Taucher (MOD 1) | Calero Diving Lanzarote","isPartOf":{"@id":"https:\/\/calerodiving.com\/#website"},"primaryImageOfPage":{"@id":"https:\/\/calerodiving.com\/de\/ccr-luft-diluent-taucher-mod-1\/#primaryimage"},"image":{"@id":"https:\/\/calerodiving.com\/de\/ccr-luft-diluent-taucher-mod-1\/#primaryimage"},"thumbnailUrl":"https:\/\/calerodiving.com\/wp-content\/uploads\/2025\/08\/CCR-air-diluent-coursee-.png","datePublished":"2025-08-27T07:50:53+00:00","dateModified":"2025-08-27T07:50:55+00:00","breadcrumb":{"@id":"https:\/\/calerodiving.com\/de\/ccr-luft-diluent-taucher-mod-1\/#breadcrumb"},"inLanguage":"de","potentialAction":[{"@type":"ReadAction","target":["https:\/\/calerodiving.com\/de\/ccr-luft-diluent-taucher-mod-1\/"]}]},{"@type":"ImageObject","inLanguage":"de","@id":"https:\/\/calerodiving.com\/de\/ccr-luft-diluent-taucher-mod-1\/#primaryimage","url":"https:\/\/calerodiving.com\/wp-content\/uploads\/2025\/08\/CCR-air-diluent-coursee-.png","contentUrl":"https:\/\/calerodiving.com\/wp-content\/uploads\/2025\/08\/CCR-air-diluent-coursee-.png"},{"@type":"BreadcrumbList","@id":"https:\/\/calerodiving.com\/de\/ccr-luft-diluent-taucher-mod-1\/#breadcrumb","itemListElement":[{"@type":"ListItem","position":1,"name":"Home","item":"https:\/\/calerodiving.com\/es\/"},{"@type":"ListItem","position":2,"name":"CCR Luft-Diluent-Taucher (MOD 1)"}]},{"@type":"WebSite","@id":"https:\/\/calerodiving.com\/#website","url":"https:\/\/calerodiving.com\/","name":"Calero Diving Lanzarote","description":"Dive Center - Marina Puerto Calero Lanzarote","publisher":{"@id":"https:\/\/calerodiving.com\/#organization"},"alternateName":"Calero Diving","potentialAction":[{"@type":"SearchAction","target":{"@type":"EntryPoint","urlTemplate":"https:\/\/calerodiving.com\/?s={search_term_string}"},"query-input":{"@type":"PropertyValueSpecification","valueRequired":true,"valueName":"search_term_string"}}],"inLanguage":"de"},{"@type":"Organization","@id":"https:\/\/calerodiving.com\/#organization","name":"Calero Diving Lanzarote","alternateName":"Calero Diving","url":"https:\/\/calerodiving.com\/","logo":{"@type":"ImageObject","inLanguage":"de","@id":"https:\/\/calerodiving.com\/#\/schema\/logo\/image\/","url":"https:\/\/calerodiving.com\/wp-content\/uploads\/2025\/05\/Grupo.png","contentUrl":"https:\/\/calerodiving.com\/wp-content\/uploads\/2025\/05\/Grupo.png","width":499,"height":590,"caption":"Calero Diving Lanzarote"},"image":{"@id":"https:\/\/calerodiving.com\/#\/schema\/logo\/image\/"},"sameAs":["https:\/\/www.facebook.com\/calerodiving\/","https:\/\/www.instagram.com\/calerodiving\/"]}]}},"_links":{"self":[{"href":"https:\/\/calerodiving.com\/de\/wp-json\/wp\/v2\/pages\/24662","targetHints":{"allow":["GET"]}}],"collection":[{"href":"https:\/\/calerodiving.com\/de\/wp-json\/wp\/v2\/pages"}],"about":[{"href":"https:\/\/calerodiving.com\/de\/wp-json\/wp\/v2\/types\/page"}],"author":[{"embeddable":true,"href":"https:\/\/calerodiving.com\/de\/wp-json\/wp\/v2\/users\/10"}],"replies":[{"embeddable":true,"href":"https:\/\/calerodiving.com\/de\/wp-json\/wp\/v2\/comments?post=24662"}],"version-history":[{"count":1,"href":"https:\/\/calerodiving.com\/de\/wp-json\/wp\/v2\/pages\/24662\/revisions"}],"predecessor-version":[{"id":24663,"href":"https:\/\/calerodiving.com\/de\/wp-json\/wp\/v2\/pages\/24662\/revisions\/24663"}],"wp:attachment":[{"href":"https:\/\/calerodiving.com\/de\/wp-json\/wp\/v2\/media?parent=24662"}],"curies":[{"name":"wp","href":"https:\/\/api.w.org\/{rel}","templated":true}]}}