{"id":24639,"date":"2025-08-27T08:50:28","date_gmt":"2025-08-27T07:50:28","guid":{"rendered":"https:\/\/calerodiving.com\/mischgas-ccr-taucher-mod-2\/"},"modified":"2025-08-27T08:50:31","modified_gmt":"2025-08-27T07:50:31","slug":"mischgas-ccr-taucher-mod-2","status":"publish","type":"page","link":"https:\/\/calerodiving.com\/de\/mischgas-ccr-taucher-mod-2\/","title":{"rendered":"Mischgas-CCR-Taucher (MOD 2)"},"content":{"rendered":"\t\t<div data-elementor-type=\"wp-page\" data-elementor-id=\"24639\" class=\"elementor elementor-24639 elementor-21280\" data-elementor-post-type=\"page\">\n\t\t\t\t<div class=\"elementor-element elementor-element-66c5954 e-flex e-con-boxed e-con e-parent\" data-id=\"66c5954\" data-element_type=\"container\" data-e-type=\"container\">\n\t\t\t\t\t<div class=\"e-con-inner\">\n\t\t<div class=\"elementor-element elementor-element-e0a4eaf e-con-full e-flex e-con e-child\" data-id=\"e0a4eaf\" data-element_type=\"container\" data-e-type=\"container\">\n\t\t\t\t<div class=\"elementor-element elementor-element-60858bc elementor-widget elementor-widget-image\" data-id=\"60858bc\" data-element_type=\"widget\" data-e-type=\"widget\" data-widget_type=\"image.default\">\n\t\t\t\t<div class=\"elementor-widget-container\">\n\t\t\t\t\t\t\t\t\t\t\t\t\t\t\t<img fetchpriority=\"high\" decoding=\"async\" width=\"700\" height=\"445\" src=\"https:\/\/calerodiving.com\/wp-content\/uploads\/2025\/08\/Mixed-Gas-CCR-Diver-MOD-2-Course-.png\" class=\"attachment-large size-large wp-image-22502\" alt=\"\" srcset=\"https:\/\/calerodiving.com\/wp-content\/uploads\/2025\/08\/Mixed-Gas-CCR-Diver-MOD-2-Course-.png 700w, https:\/\/calerodiving.com\/wp-content\/uploads\/2025\/08\/Mixed-Gas-CCR-Diver-MOD-2-Course--300x191.png 300w\" sizes=\"(max-width: 700px) 100vw, 700px\" \/>\t\t\t\t\t\t\t\t\t\t\t\t\t\t\t<\/div>\n\t\t\t\t<\/div>\n\t\t\t\t<\/div>\n\t\t<div class=\"elementor-element elementor-element-e69d36c e-con-full e-flex e-con e-child\" data-id=\"e69d36c\" data-element_type=\"container\" data-e-type=\"container\">\n\t\t<div class=\"elementor-element elementor-element-1cfcf53 e-con-full e-flex e-con e-child\" data-id=\"1cfcf53\" data-element_type=\"container\" data-e-type=\"container\">\n\t\t\t\t<div class=\"elementor-element elementor-element-37fceb9 elementor-widget elementor-widget-html\" data-id=\"37fceb9\" data-element_type=\"widget\" data-e-type=\"widget\" data-widget_type=\"html.default\">\n\t\t\t\t<div class=\"elementor-widget-container\">\n\t\t\t\t\t<a href=\"https:\/\/calerodiving.com\/de\/?page_id=24525#tdi-closed\" class=\"tag-button\">technisch<\/a>\n\t\t\t\t<\/div>\n\t\t\t\t<\/div>\n\t\t\t\t<div class=\"elementor-element elementor-element-55db7a2 elementor-widget elementor-widget-heading\" data-id=\"55db7a2\" data-element_type=\"widget\" data-e-type=\"widget\" data-widget_type=\"heading.default\">\n\t\t\t\t<div class=\"elementor-widget-container\">\n\t\t\t\t\t<h2 class=\"elementor-heading-title elementor-size-default\">Mischgas CCR Taucher (MOD 2)<\/h2>\t\t\t\t<\/div>\n\t\t\t\t<\/div>\n\t\t\t\t<\/div>\n\t\t\t\t<\/div>\n\t\t\t\t\t<\/div>\n\t\t\t\t<\/div>\n\t\t<div class=\"elementor-element elementor-element-4c4a7de e-flex e-con-boxed e-con e-parent\" data-id=\"4c4a7de\" data-element_type=\"container\" data-e-type=\"container\">\n\t\t\t\t\t<div class=\"e-con-inner\">\n\t\t<div class=\"elementor-element elementor-element-0f31d55 e-con-full e-flex e-con e-child\" data-id=\"0f31d55\" data-element_type=\"container\" data-e-type=\"container\">\n\t\t<div class=\"elementor-element elementor-element-215c52c e-con-full e-flex e-con e-child\" data-id=\"215c52c\" data-element_type=\"container\" data-e-type=\"container\">\n\t\t\t\t<div class=\"elementor-element elementor-element-9059177 elementor-widget elementor-widget-heading\" data-id=\"9059177\" data-element_type=\"widget\" data-e-type=\"widget\" data-widget_type=\"heading.default\">\n\t\t\t\t<div class=\"elementor-widget-container\">\n\t\t\t\t\t<h2 class=\"elementor-heading-title elementor-size-default\">Erkunden Sie etwas tiefer\u2026<\/h2>\t\t\t\t<\/div>\n\t\t\t\t<\/div>\n\t\t\t\t<div class=\"elementor-element elementor-element-9142244 elementor-widget elementor-widget-text-editor\" data-id=\"9142244\" data-element_type=\"widget\" data-e-type=\"widget\" data-widget_type=\"text-editor.default\">\n\t\t\t\t<div class=\"elementor-widget-container\">\n\t\t\t\t\t\t\t\t\t<div class=\"section-list\"><h3>Programm\u00fcbersicht:<\/h3><p>Als TDI CCR Air Diluent Decompression oder Helitrox Diluent Decompression Taucher ist der TDI Mischgas-CCR-Taucherkurs Ihr n\u00e4chster Schritt ins Kreislaufger\u00e4tetauchen und Ihre Gelegenheit, etwas tiefer zu erkunden. Mit der neuesten Technologie maximieren CCRs Ihre Gasversorgung und bieten das optimale Atemgas f\u00fcr jede Tiefe, indem sie einen konstanten Sauerstoffpartialdruck (PPO<sub>2<\/sub>) aufrechterhalten. W\u00e4hrend der Tauchg\u00e4nge erlernen Sie alle notwendigen Fertigkeiten, um CCR-Tauchg\u00e4nge mit Helium als Verd\u00fcnnungsgas und Sauerstoffgehalten von nur 16 % bis zu einer maximalen Tiefe von 60 Metern durchzuf\u00fchren.  <\/p><h3>Dauer:<\/h3><ul><li>5 Tage<\/li><\/ul><h3>Inklusive:<\/h3><ul><li>6 Trainingstauchg\u00e4nge<\/li><li>Sofnolime<\/li><li>Digitale Materialien<\/li><li>O<sub>2<\/sub><\/li><li>Tauchflaschen<\/li><li>TDI Mischgas-CCR-Taucher Zertifizierung<\/li><\/ul><h3>Nicht inklusive:<\/h3><ul><li>Ausr\u00fcstungsverleih<\/li><li>Tauchversicherung<\/li><li>Miete der CCR-Einheit<\/li><li>Helium-Zusatz<\/li><\/ul><h3>Voraussetzungen:<\/h3><ul><li>Mindestens 18 Jahre alt<\/li><li>Mindestens 50 Kreislaufger\u00e4t-Stunden, verteilt auf 50 Tauchg\u00e4nge mit dem spezifischen Ger\u00e4t. Wenn 50 Stunden auf einem anderen anerkannten Ger\u00e4t absolviert wurden, sind nur 25 Stunden auf dem spezifischen Ger\u00e4t erforderlich <\/li><li>Zertifizierung als TDI CCR Air Diluent Decompression Taucher\/CCR Helitrox Diluent Decompression Taucher oder gleichwertig besitzen<\/li><\/ul><h3>Weitere Kurse, die Sie interessieren k\u00f6nnten:<\/h3><ul><li><a href=\"https:\/\/calerodiving.com\/ccr-air-diluent-diver-mod-1\/\">CCR Air Diluent Taucher (MOD 1)<\/a><\/li><li><a href=\"https:\/\/calerodiving.com\/ccr-helitrox-diluent-decompression-diver-mod-1\/\">CCR Helitrox Diluent Decompression Taucher (MOD 1)<\/a><\/li><li><a href=\"https:\/\/calerodiving.com\/de\/fortgeschrittener-mischgas-ccr-taucher-mod-3\/\">Fortgeschrittener Mischgas-CCR-Taucher (MOD 3)<\/a><\/li><\/ul><\/div>\t\t\t\t\t\t\t\t<\/div>\n\t\t\t\t<\/div>\n\t\t\t\t<\/div>\n\t\t\t\t<\/div>\n\t\t<div class=\"elementor-element elementor-element-6d82ecd e-con-full e-flex e-con e-child\" data-id=\"6d82ecd\" data-element_type=\"container\" data-e-type=\"container\">\n\t\t<div class=\"elementor-element elementor-element-19c6b5c e-con-full course-sidebar-box e-flex e-con e-child\" data-id=\"19c6b5c\" data-element_type=\"container\" data-e-type=\"container\" data-settings=\"{&quot;sticky&quot;:&quot;top&quot;,&quot;sticky_offset&quot;:110,&quot;sticky_effects_offset&quot;:130,&quot;sticky_parent&quot;:&quot;yes&quot;,&quot;sticky_on&quot;:[&quot;desktop&quot;,&quot;tablet&quot;,&quot;mobile&quot;],&quot;sticky_anchor_link_offset&quot;:0}\">\n\t\t\t\t<div class=\"elementor-element elementor-element-6ee1643 elementor-widget elementor-widget-text-editor\" data-id=\"6ee1643\" data-element_type=\"widget\" data-e-type=\"widget\" data-widget_type=\"text-editor.default\">\n\t\t\t\t<div class=\"elementor-widget-container\">\n\t\t\t\t\t\t\t\t\t<div class=\"courses-info\"><h6 class=\"no-margin\">Dauer:<\/h6><p class=\"no-margin\">5-Tages-Kurs<\/p><\/div><div class=\"courses-info\"><h6 class=\"no-margin\">Preis:<\/h6><p class=\"no-margin\">Ab 2.250 \u20ac<\/p><\/div>\t\t\t\t\t\t\t\t<\/div>\n\t\t\t\t<\/div>\n\t\t\t\t<div class=\"elementor-element elementor-element-fbc45f1 elementor-mobile-align-center elementor-widget elementor-widget-button\" data-id=\"fbc45f1\" data-element_type=\"widget\" data-e-type=\"widget\" data-widget_type=\"button.default\">\n\t\t\t\t<div class=\"elementor-widget-container\">\n\t\t\t\t\t\t\t\t\t<div class=\"elementor-button-wrapper\">\n\t\t\t\t\t<a class=\"elementor-button elementor-button-link elementor-size-sm\" href=\"https:\/\/app.bukyapp.com\/front\/6213b2319a1bbf005fa0b870\/product\/6888c787f2d9b20bc71a0da8?lang=en\" target=\"_blank\">\n\t\t\t\t\t\t<span class=\"elementor-button-content-wrapper\">\n\t\t\t\t\t\t\t\t\t<span class=\"elementor-button-text\">Kurs kaufen<\/span>\n\t\t\t\t\t<\/span>\n\t\t\t\t\t<\/a>\n\t\t\t\t<\/div>\n\t\t\t\t\t\t\t\t<\/div>\n\t\t\t\t<\/div>\n\t\t\t\t<\/div>\n\t\t\t\t<\/div>\n\t\t\t\t\t<\/div>\n\t\t\t\t<\/div>\n\t\t\t\t<\/div>\n\t\t","protected":false},"excerpt":{"rendered":"<p>technisch Mischgas CCR Taucher (MOD 2) Erkunden Sie etwas tiefer\u2026 Programm\u00fcbersicht: Als TDI CCR Air Diluent Decompression oder Helitrox Diluent Decompression Taucher ist der TDI Mischgas-CCR-Taucherkurs Ihr n\u00e4chster Schritt ins Kreislaufger\u00e4tetauchen und Ihre Gelegenheit, etwas tiefer zu erkunden. Mit der neuesten Technologie maximieren CCRs Ihre Gasversorgung und bieten das optimale Atemgas f\u00fcr jede Tiefe, indem [&hellip;]<\/p>\n","protected":false},"author":10,"featured_media":0,"parent":0,"menu_order":0,"comment_status":"closed","ping_status":"closed","template":"","meta":{"_acf_changed":false,"footnotes":""},"class_list":["post-24639","page","type-page","status-publish","hentry"],"acf":[],"yoast_head":"<!-- This site is optimized with the Yoast SEO plugin v27.5 - https:\/\/yoast.com\/product\/yoast-seo-wordpress\/ -->\n<title>Mischgas-CCR-Taucher (MOD 2) | Calero Diving Lanzarote<\/title>\n<meta name=\"robots\" content=\"index, follow, max-snippet:-1, max-image-preview:large, max-video-preview:-1\" \/>\n<link rel=\"canonical\" href=\"https:\/\/calerodiving.com\/de\/mischgas-ccr-taucher-mod-2\/\" \/>\n<meta property=\"og:locale\" content=\"de_DE\" \/>\n<meta property=\"og:type\" content=\"article\" \/>\n<meta property=\"og:title\" content=\"Mischgas-CCR-Taucher (MOD 2) | Calero Diving Lanzarote\" \/>\n<meta property=\"og:description\" content=\"technisch Mischgas CCR Taucher (MOD 2) Erkunden Sie etwas tiefer\u2026 Programm\u00fcbersicht: Als TDI CCR Air Diluent Decompression oder Helitrox Diluent Decompression Taucher ist der TDI Mischgas-CCR-Taucherkurs Ihr n\u00e4chster Schritt ins Kreislaufger\u00e4tetauchen und Ihre Gelegenheit, etwas tiefer zu erkunden. Mit der neuesten Technologie maximieren CCRs Ihre Gasversorgung und bieten das optimale Atemgas f\u00fcr jede Tiefe, indem [&hellip;]\" \/>\n<meta property=\"og:url\" content=\"https:\/\/calerodiving.com\/de\/mischgas-ccr-taucher-mod-2\/\" \/>\n<meta property=\"og:site_name\" content=\"Calero Diving Lanzarote\" \/>\n<meta property=\"article:publisher\" content=\"https:\/\/www.facebook.com\/calerodiving\/\" \/>\n<meta property=\"article:modified_time\" content=\"2025-08-27T07:50:31+00:00\" \/>\n<meta property=\"og:image\" content=\"https:\/\/calerodiving.com\/wp-content\/uploads\/2025\/08\/Mixed-Gas-CCR-Diver-MOD-2-Course-.png\" \/>\n\t<meta property=\"og:image:width\" content=\"700\" \/>\n\t<meta property=\"og:image:height\" content=\"445\" \/>\n\t<meta property=\"og:image:type\" content=\"image\/png\" \/>\n<meta name=\"twitter:card\" content=\"summary_large_image\" \/>\n<meta name=\"twitter:label1\" content=\"Gesch\u00e4tzte Lesezeit\" \/>\n\t<meta name=\"twitter:data1\" content=\"1\u00a0Minute\" \/>\n<script type=\"application\/ld+json\" class=\"yoast-schema-graph\">{\"@context\":\"https:\\\/\\\/schema.org\",\"@graph\":[{\"@type\":\"WebPage\",\"@id\":\"https:\\\/\\\/calerodiving.com\\\/de\\\/mischgas-ccr-taucher-mod-2\\\/\",\"url\":\"https:\\\/\\\/calerodiving.com\\\/de\\\/mischgas-ccr-taucher-mod-2\\\/\",\"name\":\"Mischgas-CCR-Taucher (MOD 2) | Calero Diving Lanzarote\",\"isPartOf\":{\"@id\":\"https:\\\/\\\/calerodiving.com\\\/#website\"},\"primaryImageOfPage\":{\"@id\":\"https:\\\/\\\/calerodiving.com\\\/de\\\/mischgas-ccr-taucher-mod-2\\\/#primaryimage\"},\"image\":{\"@id\":\"https:\\\/\\\/calerodiving.com\\\/de\\\/mischgas-ccr-taucher-mod-2\\\/#primaryimage\"},\"thumbnailUrl\":\"https:\\\/\\\/calerodiving.com\\\/wp-content\\\/uploads\\\/2025\\\/08\\\/Mixed-Gas-CCR-Diver-MOD-2-Course-.png\",\"datePublished\":\"2025-08-27T07:50:28+00:00\",\"dateModified\":\"2025-08-27T07:50:31+00:00\",\"breadcrumb\":{\"@id\":\"https:\\\/\\\/calerodiving.com\\\/de\\\/mischgas-ccr-taucher-mod-2\\\/#breadcrumb\"},\"inLanguage\":\"de\",\"potentialAction\":[{\"@type\":\"ReadAction\",\"target\":[\"https:\\\/\\\/calerodiving.com\\\/de\\\/mischgas-ccr-taucher-mod-2\\\/\"]}]},{\"@type\":\"ImageObject\",\"inLanguage\":\"de\",\"@id\":\"https:\\\/\\\/calerodiving.com\\\/de\\\/mischgas-ccr-taucher-mod-2\\\/#primaryimage\",\"url\":\"https:\\\/\\\/calerodiving.com\\\/wp-content\\\/uploads\\\/2025\\\/08\\\/Mixed-Gas-CCR-Diver-MOD-2-Course-.png\",\"contentUrl\":\"https:\\\/\\\/calerodiving.com\\\/wp-content\\\/uploads\\\/2025\\\/08\\\/Mixed-Gas-CCR-Diver-MOD-2-Course-.png\"},{\"@type\":\"BreadcrumbList\",\"@id\":\"https:\\\/\\\/calerodiving.com\\\/de\\\/mischgas-ccr-taucher-mod-2\\\/#breadcrumb\",\"itemListElement\":[{\"@type\":\"ListItem\",\"position\":1,\"name\":\"Home\",\"item\":\"https:\\\/\\\/calerodiving.com\\\/es\\\/\"},{\"@type\":\"ListItem\",\"position\":2,\"name\":\"Mischgas-CCR-Taucher (MOD 2)\"}]},{\"@type\":\"WebSite\",\"@id\":\"https:\\\/\\\/calerodiving.com\\\/#website\",\"url\":\"https:\\\/\\\/calerodiving.com\\\/\",\"name\":\"Calero Diving Lanzarote\",\"description\":\"Dive Center - Marina Puerto Calero Lanzarote\",\"publisher\":{\"@id\":\"https:\\\/\\\/calerodiving.com\\\/#organization\"},\"alternateName\":\"Calero Diving\",\"potentialAction\":[{\"@type\":\"SearchAction\",\"target\":{\"@type\":\"EntryPoint\",\"urlTemplate\":\"https:\\\/\\\/calerodiving.com\\\/?s={search_term_string}\"},\"query-input\":{\"@type\":\"PropertyValueSpecification\",\"valueRequired\":true,\"valueName\":\"search_term_string\"}}],\"inLanguage\":\"de\"},{\"@type\":\"Organization\",\"@id\":\"https:\\\/\\\/calerodiving.com\\\/#organization\",\"name\":\"Calero Diving Lanzarote\",\"alternateName\":\"Calero Diving\",\"url\":\"https:\\\/\\\/calerodiving.com\\\/\",\"logo\":{\"@type\":\"ImageObject\",\"inLanguage\":\"de\",\"@id\":\"https:\\\/\\\/calerodiving.com\\\/#\\\/schema\\\/logo\\\/image\\\/\",\"url\":\"https:\\\/\\\/calerodiving.com\\\/wp-content\\\/uploads\\\/2025\\\/05\\\/Grupo.png\",\"contentUrl\":\"https:\\\/\\\/calerodiving.com\\\/wp-content\\\/uploads\\\/2025\\\/05\\\/Grupo.png\",\"width\":499,\"height\":590,\"caption\":\"Calero Diving Lanzarote\"},\"image\":{\"@id\":\"https:\\\/\\\/calerodiving.com\\\/#\\\/schema\\\/logo\\\/image\\\/\"},\"sameAs\":[\"https:\\\/\\\/www.facebook.com\\\/calerodiving\\\/\",\"https:\\\/\\\/www.instagram.com\\\/calerodiving\\\/\"]}]}<\/script>\n<!-- \/ Yoast SEO plugin. -->","yoast_head_json":{"title":"Mischgas-CCR-Taucher (MOD 2) | Calero Diving Lanzarote","robots":{"index":"index","follow":"follow","max-snippet":"max-snippet:-1","max-image-preview":"max-image-preview:large","max-video-preview":"max-video-preview:-1"},"canonical":"https:\/\/calerodiving.com\/de\/mischgas-ccr-taucher-mod-2\/","og_locale":"de_DE","og_type":"article","og_title":"Mischgas-CCR-Taucher (MOD 2) | Calero Diving Lanzarote","og_description":"technisch Mischgas CCR Taucher (MOD 2) Erkunden Sie etwas tiefer\u2026 Programm\u00fcbersicht: Als TDI CCR Air Diluent Decompression oder Helitrox Diluent Decompression Taucher ist der TDI Mischgas-CCR-Taucherkurs Ihr n\u00e4chster Schritt ins Kreislaufger\u00e4tetauchen und Ihre Gelegenheit, etwas tiefer zu erkunden. Mit der neuesten Technologie maximieren CCRs Ihre Gasversorgung und bieten das optimale Atemgas f\u00fcr jede Tiefe, indem [&hellip;]","og_url":"https:\/\/calerodiving.com\/de\/mischgas-ccr-taucher-mod-2\/","og_site_name":"Calero Diving Lanzarote","article_publisher":"https:\/\/www.facebook.com\/calerodiving\/","article_modified_time":"2025-08-27T07:50:31+00:00","og_image":[{"width":700,"height":445,"url":"https:\/\/calerodiving.com\/wp-content\/uploads\/2025\/08\/Mixed-Gas-CCR-Diver-MOD-2-Course-.png","type":"image\/png"}],"twitter_card":"summary_large_image","twitter_misc":{"Gesch\u00e4tzte Lesezeit":"1\u00a0Minute"},"schema":{"@context":"https:\/\/schema.org","@graph":[{"@type":"WebPage","@id":"https:\/\/calerodiving.com\/de\/mischgas-ccr-taucher-mod-2\/","url":"https:\/\/calerodiving.com\/de\/mischgas-ccr-taucher-mod-2\/","name":"Mischgas-CCR-Taucher (MOD 2) | Calero Diving Lanzarote","isPartOf":{"@id":"https:\/\/calerodiving.com\/#website"},"primaryImageOfPage":{"@id":"https:\/\/calerodiving.com\/de\/mischgas-ccr-taucher-mod-2\/#primaryimage"},"image":{"@id":"https:\/\/calerodiving.com\/de\/mischgas-ccr-taucher-mod-2\/#primaryimage"},"thumbnailUrl":"https:\/\/calerodiving.com\/wp-content\/uploads\/2025\/08\/Mixed-Gas-CCR-Diver-MOD-2-Course-.png","datePublished":"2025-08-27T07:50:28+00:00","dateModified":"2025-08-27T07:50:31+00:00","breadcrumb":{"@id":"https:\/\/calerodiving.com\/de\/mischgas-ccr-taucher-mod-2\/#breadcrumb"},"inLanguage":"de","potentialAction":[{"@type":"ReadAction","target":["https:\/\/calerodiving.com\/de\/mischgas-ccr-taucher-mod-2\/"]}]},{"@type":"ImageObject","inLanguage":"de","@id":"https:\/\/calerodiving.com\/de\/mischgas-ccr-taucher-mod-2\/#primaryimage","url":"https:\/\/calerodiving.com\/wp-content\/uploads\/2025\/08\/Mixed-Gas-CCR-Diver-MOD-2-Course-.png","contentUrl":"https:\/\/calerodiving.com\/wp-content\/uploads\/2025\/08\/Mixed-Gas-CCR-Diver-MOD-2-Course-.png"},{"@type":"BreadcrumbList","@id":"https:\/\/calerodiving.com\/de\/mischgas-ccr-taucher-mod-2\/#breadcrumb","itemListElement":[{"@type":"ListItem","position":1,"name":"Home","item":"https:\/\/calerodiving.com\/es\/"},{"@type":"ListItem","position":2,"name":"Mischgas-CCR-Taucher (MOD 2)"}]},{"@type":"WebSite","@id":"https:\/\/calerodiving.com\/#website","url":"https:\/\/calerodiving.com\/","name":"Calero Diving Lanzarote","description":"Dive Center - Marina Puerto Calero Lanzarote","publisher":{"@id":"https:\/\/calerodiving.com\/#organization"},"alternateName":"Calero Diving","potentialAction":[{"@type":"SearchAction","target":{"@type":"EntryPoint","urlTemplate":"https:\/\/calerodiving.com\/?s={search_term_string}"},"query-input":{"@type":"PropertyValueSpecification","valueRequired":true,"valueName":"search_term_string"}}],"inLanguage":"de"},{"@type":"Organization","@id":"https:\/\/calerodiving.com\/#organization","name":"Calero Diving Lanzarote","alternateName":"Calero Diving","url":"https:\/\/calerodiving.com\/","logo":{"@type":"ImageObject","inLanguage":"de","@id":"https:\/\/calerodiving.com\/#\/schema\/logo\/image\/","url":"https:\/\/calerodiving.com\/wp-content\/uploads\/2025\/05\/Grupo.png","contentUrl":"https:\/\/calerodiving.com\/wp-content\/uploads\/2025\/05\/Grupo.png","width":499,"height":590,"caption":"Calero Diving Lanzarote"},"image":{"@id":"https:\/\/calerodiving.com\/#\/schema\/logo\/image\/"},"sameAs":["https:\/\/www.facebook.com\/calerodiving\/","https:\/\/www.instagram.com\/calerodiving\/"]}]}},"_links":{"self":[{"href":"https:\/\/calerodiving.com\/de\/wp-json\/wp\/v2\/pages\/24639","targetHints":{"allow":["GET"]}}],"collection":[{"href":"https:\/\/calerodiving.com\/de\/wp-json\/wp\/v2\/pages"}],"about":[{"href":"https:\/\/calerodiving.com\/de\/wp-json\/wp\/v2\/types\/page"}],"author":[{"embeddable":true,"href":"https:\/\/calerodiving.com\/de\/wp-json\/wp\/v2\/users\/10"}],"replies":[{"embeddable":true,"href":"https:\/\/calerodiving.com\/de\/wp-json\/wp\/v2\/comments?post=24639"}],"version-history":[{"count":1,"href":"https:\/\/calerodiving.com\/de\/wp-json\/wp\/v2\/pages\/24639\/revisions"}],"predecessor-version":[{"id":24641,"href":"https:\/\/calerodiving.com\/de\/wp-json\/wp\/v2\/pages\/24639\/revisions\/24641"}],"wp:attachment":[{"href":"https:\/\/calerodiving.com\/de\/wp-json\/wp\/v2\/media?parent=24639"}],"curies":[{"name":"wp","href":"https:\/\/api.w.org\/{rel}","templated":true}]}}