{"id":24632,"date":"2025-08-27T08:50:12","date_gmt":"2025-08-27T07:50:12","guid":{"rendered":"https:\/\/calerodiving.com\/trimix-taucher-2\/"},"modified":"2026-02-05T13:43:25","modified_gmt":"2026-02-05T12:43:25","slug":"trimix-taucher-2","status":"publish","type":"page","link":"https:\/\/calerodiving.com\/de\/trimix-taucher-2\/","title":{"rendered":"Trimix-Taucher"},"content":{"rendered":"\t\t<div data-elementor-type=\"wp-page\" data-elementor-id=\"24632\" class=\"elementor elementor-24632 elementor-21205\" data-elementor-post-type=\"page\">\n\t\t\t\t<div class=\"elementor-element elementor-element-c61c814 e-flex e-con-boxed e-con e-parent\" data-id=\"c61c814\" data-element_type=\"container\" data-e-type=\"container\">\n\t\t\t\t\t<div class=\"e-con-inner\">\n\t\t<div class=\"elementor-element elementor-element-eebf2c7 e-con-full e-flex e-con e-child\" data-id=\"eebf2c7\" data-element_type=\"container\" data-e-type=\"container\">\n\t\t\t\t<div class=\"elementor-element elementor-element-5bc4fce elementor-widget elementor-widget-image\" data-id=\"5bc4fce\" data-element_type=\"widget\" data-e-type=\"widget\" data-widget_type=\"image.default\">\n\t\t\t\t<div class=\"elementor-widget-container\">\n\t\t\t\t\t\t\t\t\t\t\t\t\t\t\t<img fetchpriority=\"high\" decoding=\"async\" width=\"700\" height=\"445\" src=\"https:\/\/calerodiving.com\/wp-content\/uploads\/2025\/07\/Trimix-Diver-.png\" class=\"attachment-large size-large wp-image-20980\" alt=\"\" srcset=\"https:\/\/calerodiving.com\/wp-content\/uploads\/2025\/07\/Trimix-Diver-.png 700w, https:\/\/calerodiving.com\/wp-content\/uploads\/2025\/07\/Trimix-Diver--300x191.png 300w\" sizes=\"(max-width: 700px) 100vw, 700px\" \/>\t\t\t\t\t\t\t\t\t\t\t\t\t\t\t<\/div>\n\t\t\t\t<\/div>\n\t\t\t\t<\/div>\n\t\t<div class=\"elementor-element elementor-element-d6d4ecc e-con-full e-flex e-con e-child\" data-id=\"d6d4ecc\" data-element_type=\"container\" data-e-type=\"container\">\n\t\t<div class=\"elementor-element elementor-element-296c8f4 e-con-full e-flex e-con e-child\" data-id=\"296c8f4\" data-element_type=\"container\" data-e-type=\"container\">\n\t\t\t\t<div class=\"elementor-element elementor-element-83bbe5d elementor-widget elementor-widget-html\" data-id=\"83bbe5d\" data-element_type=\"widget\" data-e-type=\"widget\" data-widget_type=\"html.default\">\n\t\t\t\t<div class=\"elementor-widget-container\">\n\t\t\t\t\t<a href=\"https:\/\/calerodiving.com\/de\/?page_id=24533#tdi-open\" class=\"tag-button\">technisch<\/a>\n\t\t\t\t<\/div>\n\t\t\t\t<\/div>\n\t\t\t\t<div class=\"elementor-element elementor-element-c01db0c elementor-widget elementor-widget-heading\" data-id=\"c01db0c\" data-element_type=\"widget\" data-e-type=\"widget\" data-widget_type=\"heading.default\">\n\t\t\t\t<div class=\"elementor-widget-container\">\n\t\t\t\t\t<h2 class=\"elementor-heading-title elementor-size-default\">Trimix-Taucher\n<\/h2>\t\t\t\t<\/div>\n\t\t\t\t<\/div>\n\t\t\t\t<\/div>\n\t\t\t\t<\/div>\n\t\t\t\t\t<\/div>\n\t\t\t\t<\/div>\n\t\t<div class=\"elementor-element elementor-element-f599e9e e-flex e-con-boxed e-con e-parent\" data-id=\"f599e9e\" data-element_type=\"container\" data-e-type=\"container\">\n\t\t\t\t\t<div class=\"e-con-inner\">\n\t\t<div class=\"elementor-element elementor-element-286b043 e-con-full e-flex e-con e-child\" data-id=\"286b043\" data-element_type=\"container\" data-e-type=\"container\">\n\t\t<div class=\"elementor-element elementor-element-66f7457 e-con-full e-flex e-con e-child\" data-id=\"66f7457\" data-element_type=\"container\" data-e-type=\"container\">\n\t\t\t\t<div class=\"elementor-element elementor-element-6df5624 elementor-widget elementor-widget-heading\" data-id=\"6df5624\" data-element_type=\"widget\" data-e-type=\"widget\" data-widget_type=\"heading.default\">\n\t\t\t\t<div class=\"elementor-widget-container\">\n\t\t\t\t\t<h2 class=\"elementor-heading-title elementor-size-default\">Planen Sie sichere Dekompressionstauchg\u00e4nge unter Verwendung von Heliummischungen bis 60 m\n<\/h2>\t\t\t\t<\/div>\n\t\t\t\t<\/div>\n\t\t\t\t<div class=\"elementor-element elementor-element-2bd6664 elementor-widget elementor-widget-text-editor\" data-id=\"2bd6664\" data-element_type=\"widget\" data-e-type=\"widget\" data-widget_type=\"text-editor.default\">\n\t\t\t\t<div class=\"elementor-widget-container\">\n\t\t\t\t\t\t\t\t\t<div class=\"section-list\">\n  <h3>Programm\u00fcbersicht:<\/h3>\n  <ul>\n    <li>Der TDI Trimix Diver Kurs bietet die erforderliche Ausbildung, um Atemgase, die Helium enthalten, kompetent und sicher f\u00fcr Tauchg\u00e4nge zu nutzen, die eine gestufte Dekompression erfordern, wobei Nitrox- und\/oder Sauerstoffmischungen w\u00e4hrend der Dekompression bis zu einer maximalen Tiefe von 60 Metern verwendet werden.<\/li>\n    <li>Dieser Kurs bietet nun die M\u00f6glichkeit, das Trimix 75 Programm zu absolvieren, einen brandneuen Kurs, der k\u00fcrzlich von TDI ver\u00f6ffentlicht wurde. Dies gibt Ihnen die M\u00f6glichkeit, bis zu einer maximalen Tiefe von 75 Metern zu tauchen, unter Verwendung von Gasen mit nur 16 % Sauerstoff. Das Upgrade dauert 2 zus\u00e4tzliche Tage und beinhaltet 2 weitere Tauchg\u00e4nge.  <\/li>\n    <li>Wenn Sie bereits ein TDI Trimix Diver sind und auf Trimix 75 upgraden m\u00f6chten, dann ist jetzt ein 2-t\u00e4giger Kurs, einschlie\u00dflich 2 Dekompressionstauchg\u00e4ngen, verf\u00fcgbar.<\/li>\n  <\/ul>\n  <h3>Dauer:<\/h3>\n  <ul>\n    <li>Ab 5 Tagen<\/li>\n  <\/ul>\n  <h3>Inklusive:<\/h3>\n  <ul>\n    <li>1 begrenzte Wassereinheit<\/li>\n    <li>Digitale Materialien<\/li>\n    <li>4 Trainingstauchg\u00e4nge<\/li>\n    <li>TDI Trimix Diver\/Trimix 75 Diver Zertifizierung<\/li>\n  <\/ul>\n  <h3>Nicht inklusive:<\/h3>\n  <ul>\n    <li>Ausr\u00fcstungsverleih<\/li>\n    <li>Tauchversicherung<\/li>\n    <li>Helium-Zusatz<\/li>\n  <\/ul>\n  <h3>Voraussetzungen:<\/h3>\n  <ul>\n    <li>Mindestens 18 Jahre alt<\/li>\n    <li>Mindestens 100 geloggte Tauchg\u00e4nge (25 davon m\u00fcssen tiefer als 30 m sein)<\/li>\n    <li>Zertifizierung als Advanced Nitrox &amp; Decompression Procedures Diver oder gleichwertig<\/li>\n    <li>G\u00fcltige medizinische Bescheinigung aus dem letzten Jahr (keine Selbstzertifizierung akzeptiert)<\/li>\n  <\/ul>\n  <h3>Weitere Kurse, die Sie interessieren k\u00f6nnten:<\/h3>\n  <ul>\n    <li><a href=\"https:\/\/calerodiving.com\/de\/fortgeschrittenes-nitrox\/\">Fortgeschrittenes Nitrox<\/a><\/li>\n    <li><a href=\"https:\/\/calerodiving.com\/de\/dekompressionsverfahren\/\">Dekompressionsverfahren<\/a><\/li>\n    <li><a href=\"https:\/\/calerodiving.com\/advanced-trimix-diver-2\/\">Advanced Trimix<\/a><\/li>\n  <\/ul>\n<\/div>\n\t\t\t\t\t\t\t\t<\/div>\n\t\t\t\t<\/div>\n\t\t\t\t<\/div>\n\t\t\t\t<\/div>\n\t\t<div class=\"elementor-element elementor-element-77a7ec6 e-con-full e-flex e-con e-child\" data-id=\"77a7ec6\" data-element_type=\"container\" data-e-type=\"container\">\n\t\t<div class=\"elementor-element elementor-element-a0d497f e-con-full course-sidebar-box e-flex e-con e-child\" data-id=\"a0d497f\" data-element_type=\"container\" data-e-type=\"container\" data-settings=\"{&quot;sticky&quot;:&quot;top&quot;,&quot;sticky_offset&quot;:110,&quot;sticky_effects_offset&quot;:130,&quot;sticky_parent&quot;:&quot;yes&quot;,&quot;sticky_on&quot;:[&quot;desktop&quot;,&quot;tablet&quot;,&quot;mobile&quot;],&quot;sticky_anchor_link_offset&quot;:0}\">\n\t\t\t\t<div class=\"elementor-element elementor-element-9220388 elementor-widget elementor-widget-text-editor\" data-id=\"9220388\" data-element_type=\"widget\" data-e-type=\"widget\" data-widget_type=\"text-editor.default\">\n\t\t\t\t<div class=\"elementor-widget-container\">\n\t\t\t\t\t\t\t\t\t<div class=\"courses-info\">\n<h6 class=\"no-margin\">Dauer:<\/h6>\n<p class=\"no-margin\">5-Tages-Kurs<\/p>\n<\/div>\n<div class=\"courses-info\">\n<h6 class=\"no-margin\">Preis:<\/h6>\n<p class=\"no-margin\">Ab 1.850 \u20ac<\/p>\n<\/div>\t\t\t\t\t\t\t\t<\/div>\n\t\t\t\t<\/div>\n\t\t\t\t<div class=\"elementor-element elementor-element-b4e0a10 elementor-mobile-align-center elementor-widget elementor-widget-button\" data-id=\"b4e0a10\" data-element_type=\"widget\" data-e-type=\"widget\" data-widget_type=\"button.default\">\n\t\t\t\t<div class=\"elementor-widget-container\">\n\t\t\t\t\t\t\t\t\t<div class=\"elementor-button-wrapper\">\n\t\t\t\t\t<a class=\"elementor-button elementor-button-link elementor-size-sm\" href=\"https:\/\/bukyapp.com\/booking?mode=pack&#038;product=625eaa1a639c1f2053f25b03&#038;lang=es&#038;_gl=1*vowkk9*_ga*ODU1MDM5OTIuMTc0MTE5MTcyMQ..*_ga_4WWMT2EY3C*czE3NTMyNjgzMDUkbzc1JGcxJHQxNzUzMjY5NzgxJGozMCRsMCRoMA..\" target=\"_blank\">\n\t\t\t\t\t\t<span class=\"elementor-button-content-wrapper\">\n\t\t\t\t\t\t\t\t\t<span class=\"elementor-button-text\">Kurs kaufen<\/span>\n\t\t\t\t\t<\/span>\n\t\t\t\t\t<\/a>\n\t\t\t\t<\/div>\n\t\t\t\t\t\t\t\t<\/div>\n\t\t\t\t<\/div>\n\t\t\t\t<\/div>\n\t\t\t\t<\/div>\n\t\t\t\t\t<\/div>\n\t\t\t\t<\/div>\n\t\t\t\t<\/div>\n\t\t","protected":false},"excerpt":{"rendered":"<p>technisch Trimix-Taucher Planen Sie sichere Dekompressionstauchg\u00e4nge unter Verwendung von Heliummischungen bis 60 m Programm\u00fcbersicht: Der TDI Trimix Diver Kurs bietet die erforderliche Ausbildung, um Atemgase, die Helium enthalten, kompetent und sicher f\u00fcr Tauchg\u00e4nge zu nutzen, die eine gestufte Dekompression erfordern, wobei Nitrox- und\/oder Sauerstoffmischungen w\u00e4hrend der Dekompression bis zu einer maximalen Tiefe von 60 Metern [&hellip;]<\/p>\n","protected":false},"author":10,"featured_media":0,"parent":0,"menu_order":0,"comment_status":"closed","ping_status":"closed","template":"","meta":{"_acf_changed":false,"footnotes":""},"class_list":["post-24632","page","type-page","status-publish","hentry"],"acf":[],"yoast_head":"<!-- This site is optimized with the Yoast SEO plugin v27.5 - https:\/\/yoast.com\/product\/yoast-seo-wordpress\/ -->\n<title>Trimix-Taucher | Calero Diving Lanzarote<\/title>\n<meta name=\"robots\" content=\"index, follow, max-snippet:-1, max-image-preview:large, max-video-preview:-1\" \/>\n<link rel=\"canonical\" href=\"https:\/\/calerodiving.com\/de\/trimix-taucher-2\/\" \/>\n<meta property=\"og:locale\" content=\"de_DE\" \/>\n<meta property=\"og:type\" content=\"article\" \/>\n<meta property=\"og:title\" content=\"Trimix-Taucher | Calero Diving Lanzarote\" \/>\n<meta property=\"og:description\" content=\"technisch Trimix-Taucher Planen Sie sichere Dekompressionstauchg\u00e4nge unter Verwendung von Heliummischungen bis 60 m Programm\u00fcbersicht: Der TDI Trimix Diver Kurs bietet die erforderliche Ausbildung, um Atemgase, die Helium enthalten, kompetent und sicher f\u00fcr Tauchg\u00e4nge zu nutzen, die eine gestufte Dekompression erfordern, wobei Nitrox- und\/oder Sauerstoffmischungen w\u00e4hrend der Dekompression bis zu einer maximalen Tiefe von 60 Metern [&hellip;]\" \/>\n<meta property=\"og:url\" content=\"https:\/\/calerodiving.com\/de\/trimix-taucher-2\/\" \/>\n<meta property=\"og:site_name\" content=\"Calero Diving Lanzarote\" \/>\n<meta property=\"article:publisher\" content=\"https:\/\/www.facebook.com\/calerodiving\/\" \/>\n<meta property=\"article:modified_time\" content=\"2026-02-05T12:43:25+00:00\" \/>\n<meta property=\"og:image\" content=\"https:\/\/calerodiving.com\/wp-content\/uploads\/2025\/07\/Trimix-Diver-.png\" \/>\n<meta name=\"twitter:card\" content=\"summary_large_image\" \/>\n<meta name=\"twitter:label1\" content=\"Gesch\u00e4tzte Lesezeit\" \/>\n\t<meta name=\"twitter:data1\" content=\"2\u00a0Minuten\" \/>\n<script type=\"application\/ld+json\" class=\"yoast-schema-graph\">{\"@context\":\"https:\\\/\\\/schema.org\",\"@graph\":[{\"@type\":\"WebPage\",\"@id\":\"https:\\\/\\\/calerodiving.com\\\/de\\\/trimix-taucher-2\\\/\",\"url\":\"https:\\\/\\\/calerodiving.com\\\/de\\\/trimix-taucher-2\\\/\",\"name\":\"Trimix-Taucher | Calero Diving Lanzarote\",\"isPartOf\":{\"@id\":\"https:\\\/\\\/calerodiving.com\\\/#website\"},\"primaryImageOfPage\":{\"@id\":\"https:\\\/\\\/calerodiving.com\\\/de\\\/trimix-taucher-2\\\/#primaryimage\"},\"image\":{\"@id\":\"https:\\\/\\\/calerodiving.com\\\/de\\\/trimix-taucher-2\\\/#primaryimage\"},\"thumbnailUrl\":\"https:\\\/\\\/calerodiving.com\\\/wp-content\\\/uploads\\\/2025\\\/07\\\/Trimix-Diver-.png\",\"datePublished\":\"2025-08-27T07:50:12+00:00\",\"dateModified\":\"2026-02-05T12:43:25+00:00\",\"breadcrumb\":{\"@id\":\"https:\\\/\\\/calerodiving.com\\\/de\\\/trimix-taucher-2\\\/#breadcrumb\"},\"inLanguage\":\"de\",\"potentialAction\":[{\"@type\":\"ReadAction\",\"target\":[\"https:\\\/\\\/calerodiving.com\\\/de\\\/trimix-taucher-2\\\/\"]}]},{\"@type\":\"ImageObject\",\"inLanguage\":\"de\",\"@id\":\"https:\\\/\\\/calerodiving.com\\\/de\\\/trimix-taucher-2\\\/#primaryimage\",\"url\":\"https:\\\/\\\/calerodiving.com\\\/wp-content\\\/uploads\\\/2025\\\/07\\\/Trimix-Diver-.png\",\"contentUrl\":\"https:\\\/\\\/calerodiving.com\\\/wp-content\\\/uploads\\\/2025\\\/07\\\/Trimix-Diver-.png\"},{\"@type\":\"BreadcrumbList\",\"@id\":\"https:\\\/\\\/calerodiving.com\\\/de\\\/trimix-taucher-2\\\/#breadcrumb\",\"itemListElement\":[{\"@type\":\"ListItem\",\"position\":1,\"name\":\"Home\",\"item\":\"https:\\\/\\\/calerodiving.com\\\/es\\\/\"},{\"@type\":\"ListItem\",\"position\":2,\"name\":\"Trimix-Taucher\"}]},{\"@type\":\"WebSite\",\"@id\":\"https:\\\/\\\/calerodiving.com\\\/#website\",\"url\":\"https:\\\/\\\/calerodiving.com\\\/\",\"name\":\"Calero Diving Lanzarote\",\"description\":\"Dive Center - Marina Puerto Calero Lanzarote\",\"publisher\":{\"@id\":\"https:\\\/\\\/calerodiving.com\\\/#organization\"},\"alternateName\":\"Calero Diving\",\"potentialAction\":[{\"@type\":\"SearchAction\",\"target\":{\"@type\":\"EntryPoint\",\"urlTemplate\":\"https:\\\/\\\/calerodiving.com\\\/?s={search_term_string}\"},\"query-input\":{\"@type\":\"PropertyValueSpecification\",\"valueRequired\":true,\"valueName\":\"search_term_string\"}}],\"inLanguage\":\"de\"},{\"@type\":\"Organization\",\"@id\":\"https:\\\/\\\/calerodiving.com\\\/#organization\",\"name\":\"Calero Diving Lanzarote\",\"alternateName\":\"Calero Diving\",\"url\":\"https:\\\/\\\/calerodiving.com\\\/\",\"logo\":{\"@type\":\"ImageObject\",\"inLanguage\":\"de\",\"@id\":\"https:\\\/\\\/calerodiving.com\\\/#\\\/schema\\\/logo\\\/image\\\/\",\"url\":\"https:\\\/\\\/calerodiving.com\\\/wp-content\\\/uploads\\\/2025\\\/05\\\/Grupo.png\",\"contentUrl\":\"https:\\\/\\\/calerodiving.com\\\/wp-content\\\/uploads\\\/2025\\\/05\\\/Grupo.png\",\"width\":499,\"height\":590,\"caption\":\"Calero Diving Lanzarote\"},\"image\":{\"@id\":\"https:\\\/\\\/calerodiving.com\\\/#\\\/schema\\\/logo\\\/image\\\/\"},\"sameAs\":[\"https:\\\/\\\/www.facebook.com\\\/calerodiving\\\/\",\"https:\\\/\\\/www.instagram.com\\\/calerodiving\\\/\"]}]}<\/script>\n<!-- \/ Yoast SEO plugin. -->","yoast_head_json":{"title":"Trimix-Taucher | Calero Diving Lanzarote","robots":{"index":"index","follow":"follow","max-snippet":"max-snippet:-1","max-image-preview":"max-image-preview:large","max-video-preview":"max-video-preview:-1"},"canonical":"https:\/\/calerodiving.com\/de\/trimix-taucher-2\/","og_locale":"de_DE","og_type":"article","og_title":"Trimix-Taucher | Calero Diving Lanzarote","og_description":"technisch Trimix-Taucher Planen Sie sichere Dekompressionstauchg\u00e4nge unter Verwendung von Heliummischungen bis 60 m Programm\u00fcbersicht: Der TDI Trimix Diver Kurs bietet die erforderliche Ausbildung, um Atemgase, die Helium enthalten, kompetent und sicher f\u00fcr Tauchg\u00e4nge zu nutzen, die eine gestufte Dekompression erfordern, wobei Nitrox- und\/oder Sauerstoffmischungen w\u00e4hrend der Dekompression bis zu einer maximalen Tiefe von 60 Metern [&hellip;]","og_url":"https:\/\/calerodiving.com\/de\/trimix-taucher-2\/","og_site_name":"Calero Diving Lanzarote","article_publisher":"https:\/\/www.facebook.com\/calerodiving\/","article_modified_time":"2026-02-05T12:43:25+00:00","og_image":[{"url":"https:\/\/calerodiving.com\/wp-content\/uploads\/2025\/07\/Trimix-Diver-.png","type":"","width":"","height":""}],"twitter_card":"summary_large_image","twitter_misc":{"Gesch\u00e4tzte Lesezeit":"2\u00a0Minuten"},"schema":{"@context":"https:\/\/schema.org","@graph":[{"@type":"WebPage","@id":"https:\/\/calerodiving.com\/de\/trimix-taucher-2\/","url":"https:\/\/calerodiving.com\/de\/trimix-taucher-2\/","name":"Trimix-Taucher | Calero Diving Lanzarote","isPartOf":{"@id":"https:\/\/calerodiving.com\/#website"},"primaryImageOfPage":{"@id":"https:\/\/calerodiving.com\/de\/trimix-taucher-2\/#primaryimage"},"image":{"@id":"https:\/\/calerodiving.com\/de\/trimix-taucher-2\/#primaryimage"},"thumbnailUrl":"https:\/\/calerodiving.com\/wp-content\/uploads\/2025\/07\/Trimix-Diver-.png","datePublished":"2025-08-27T07:50:12+00:00","dateModified":"2026-02-05T12:43:25+00:00","breadcrumb":{"@id":"https:\/\/calerodiving.com\/de\/trimix-taucher-2\/#breadcrumb"},"inLanguage":"de","potentialAction":[{"@type":"ReadAction","target":["https:\/\/calerodiving.com\/de\/trimix-taucher-2\/"]}]},{"@type":"ImageObject","inLanguage":"de","@id":"https:\/\/calerodiving.com\/de\/trimix-taucher-2\/#primaryimage","url":"https:\/\/calerodiving.com\/wp-content\/uploads\/2025\/07\/Trimix-Diver-.png","contentUrl":"https:\/\/calerodiving.com\/wp-content\/uploads\/2025\/07\/Trimix-Diver-.png"},{"@type":"BreadcrumbList","@id":"https:\/\/calerodiving.com\/de\/trimix-taucher-2\/#breadcrumb","itemListElement":[{"@type":"ListItem","position":1,"name":"Home","item":"https:\/\/calerodiving.com\/es\/"},{"@type":"ListItem","position":2,"name":"Trimix-Taucher"}]},{"@type":"WebSite","@id":"https:\/\/calerodiving.com\/#website","url":"https:\/\/calerodiving.com\/","name":"Calero Diving Lanzarote","description":"Dive Center - Marina Puerto Calero Lanzarote","publisher":{"@id":"https:\/\/calerodiving.com\/#organization"},"alternateName":"Calero Diving","potentialAction":[{"@type":"SearchAction","target":{"@type":"EntryPoint","urlTemplate":"https:\/\/calerodiving.com\/?s={search_term_string}"},"query-input":{"@type":"PropertyValueSpecification","valueRequired":true,"valueName":"search_term_string"}}],"inLanguage":"de"},{"@type":"Organization","@id":"https:\/\/calerodiving.com\/#organization","name":"Calero Diving Lanzarote","alternateName":"Calero Diving","url":"https:\/\/calerodiving.com\/","logo":{"@type":"ImageObject","inLanguage":"de","@id":"https:\/\/calerodiving.com\/#\/schema\/logo\/image\/","url":"https:\/\/calerodiving.com\/wp-content\/uploads\/2025\/05\/Grupo.png","contentUrl":"https:\/\/calerodiving.com\/wp-content\/uploads\/2025\/05\/Grupo.png","width":499,"height":590,"caption":"Calero Diving Lanzarote"},"image":{"@id":"https:\/\/calerodiving.com\/#\/schema\/logo\/image\/"},"sameAs":["https:\/\/www.facebook.com\/calerodiving\/","https:\/\/www.instagram.com\/calerodiving\/"]}]}},"_links":{"self":[{"href":"https:\/\/calerodiving.com\/de\/wp-json\/wp\/v2\/pages\/24632","targetHints":{"allow":["GET"]}}],"collection":[{"href":"https:\/\/calerodiving.com\/de\/wp-json\/wp\/v2\/pages"}],"about":[{"href":"https:\/\/calerodiving.com\/de\/wp-json\/wp\/v2\/types\/page"}],"author":[{"embeddable":true,"href":"https:\/\/calerodiving.com\/de\/wp-json\/wp\/v2\/users\/10"}],"replies":[{"embeddable":true,"href":"https:\/\/calerodiving.com\/de\/wp-json\/wp\/v2\/comments?post=24632"}],"version-history":[{"count":2,"href":"https:\/\/calerodiving.com\/de\/wp-json\/wp\/v2\/pages\/24632\/revisions"}],"predecessor-version":[{"id":26769,"href":"https:\/\/calerodiving.com\/de\/wp-json\/wp\/v2\/pages\/24632\/revisions\/26769"}],"wp:attachment":[{"href":"https:\/\/calerodiving.com\/de\/wp-json\/wp\/v2\/media?parent=24632"}],"curies":[{"name":"wp","href":"https:\/\/api.w.org\/{rel}","templated":true}]}}