{"id":24619,"date":"2025-08-27T08:50:02","date_gmt":"2025-08-27T07:50:02","guid":{"rendered":"https:\/\/calerodiving.com\/einfuehrung-in-die-technik\/"},"modified":"2025-08-27T08:50:05","modified_gmt":"2025-08-27T07:50:05","slug":"einfuehrung-in-die-technik","status":"publish","type":"page","link":"https:\/\/calerodiving.com\/de\/einfuehrung-in-die-technik\/","title":{"rendered":"Einf\u00fchrung in die Technik"},"content":{"rendered":"\t\t<div data-elementor-type=\"wp-page\" data-elementor-id=\"24619\" class=\"elementor elementor-24619 elementor-21163\" data-elementor-post-type=\"page\">\n\t\t\t\t<div class=\"elementor-element elementor-element-a50609e e-flex e-con-boxed e-con e-parent\" data-id=\"a50609e\" data-element_type=\"container\" data-e-type=\"container\">\n\t\t\t\t\t<div class=\"e-con-inner\">\n\t\t<div class=\"elementor-element elementor-element-209aedf e-con-full e-flex e-con e-child\" data-id=\"209aedf\" data-element_type=\"container\" data-e-type=\"container\">\n\t\t\t\t<div class=\"elementor-element elementor-element-5e9211b elementor-widget elementor-widget-image\" data-id=\"5e9211b\" data-element_type=\"widget\" data-e-type=\"widget\" data-widget_type=\"image.default\">\n\t\t\t\t<div class=\"elementor-widget-container\">\n\t\t\t\t\t\t\t\t\t\t\t\t\t\t\t<img fetchpriority=\"high\" decoding=\"async\" width=\"700\" height=\"445\" src=\"https:\/\/calerodiving.com\/wp-content\/uploads\/2025\/07\/TDI-Intro-to-Tech-Course-.png\" class=\"attachment-large size-large wp-image-20973\" alt=\"\" srcset=\"https:\/\/calerodiving.com\/wp-content\/uploads\/2025\/07\/TDI-Intro-to-Tech-Course-.png 700w, https:\/\/calerodiving.com\/wp-content\/uploads\/2025\/07\/TDI-Intro-to-Tech-Course--300x191.png 300w\" sizes=\"(max-width: 700px) 100vw, 700px\" \/>\t\t\t\t\t\t\t\t\t\t\t\t\t\t\t<\/div>\n\t\t\t\t<\/div>\n\t\t\t\t<\/div>\n\t\t<div class=\"elementor-element elementor-element-f65eed1 e-con-full e-flex e-con e-child\" data-id=\"f65eed1\" data-element_type=\"container\" data-e-type=\"container\">\n\t\t<div class=\"elementor-element elementor-element-3d11d32 e-con-full e-flex e-con e-child\" data-id=\"3d11d32\" data-element_type=\"container\" data-e-type=\"container\">\n\t\t\t\t<div class=\"elementor-element elementor-element-145039e elementor-widget elementor-widget-html\" data-id=\"145039e\" data-element_type=\"widget\" data-e-type=\"widget\" data-widget_type=\"html.default\">\n\t\t\t\t<div class=\"elementor-widget-container\">\n\t\t\t\t\t<a href=\"https:\/\/calerodiving.com\/de\/?page_id=24533#tdi-open\" class=\"tag-button\">technisch<\/a>\n\t\t\t\t<\/div>\n\t\t\t\t<\/div>\n\t\t\t\t<div class=\"elementor-element elementor-element-7f5d698 elementor-widget elementor-widget-heading\" data-id=\"7f5d698\" data-element_type=\"widget\" data-e-type=\"widget\" data-widget_type=\"heading.default\">\n\t\t\t\t<div class=\"elementor-widget-container\">\n\t\t\t\t\t<h2 class=\"elementor-heading-title elementor-size-default\">Einf\u00fchrung in die Technik<\/h2>\t\t\t\t<\/div>\n\t\t\t\t<\/div>\n\t\t\t\t<\/div>\n\t\t\t\t<\/div>\n\t\t\t\t\t<\/div>\n\t\t\t\t<\/div>\n\t\t<div class=\"elementor-element elementor-element-04d70ae e-flex e-con-boxed e-con e-parent\" data-id=\"04d70ae\" data-element_type=\"container\" data-e-type=\"container\">\n\t\t\t\t\t<div class=\"e-con-inner\">\n\t\t<div class=\"elementor-element elementor-element-267cfe5 e-con-full e-flex e-con e-child\" data-id=\"267cfe5\" data-element_type=\"container\" data-e-type=\"container\">\n\t\t<div class=\"elementor-element elementor-element-f99fabb e-con-full e-flex e-con e-child\" data-id=\"f99fabb\" data-element_type=\"container\" data-e-type=\"container\">\n\t\t\t\t<div class=\"elementor-element elementor-element-5cc8f70 elementor-widget elementor-widget-heading\" data-id=\"5cc8f70\" data-element_type=\"widget\" data-e-type=\"widget\" data-widget_type=\"heading.default\">\n\t\t\t\t<div class=\"elementor-widget-container\">\n\t\t\t\t\t<h2 class=\"elementor-heading-title elementor-size-default\">Ihre Einf\u00fchrung ins Technische Tauchen<\/h2>\t\t\t\t<\/div>\n\t\t\t\t<\/div>\n\t\t\t\t<div class=\"elementor-element elementor-element-fd8cd0b elementor-widget elementor-widget-text-editor\" data-id=\"fd8cd0b\" data-element_type=\"widget\" data-e-type=\"widget\" data-widget_type=\"text-editor.default\">\n\t\t\t\t<div class=\"elementor-widget-container\">\n\t\t\t\t\t\t\t\t\t<div class=\"section-list\">\n  <h3>Programm\u00fcbersicht:<\/h3>\n  <ul>\n    <li>Intro to Tech soll erfahrenen Sporttauchern einen einfachen, unverf\u00e4nglichen Einblick in die Techniken und Fertigkeiten des technischen Tauchens geben. Es ist wirklich ein \u201eProbieren Sie es aus, bevor Sie es kaufen\u201c-Kurs f\u00fcr jemanden, der viel \u00fcber Technisches Tauchen geh\u00f6rt hat und sich fragt, worum es dabei geht. Sie werden ein besseres Verst\u00e4ndnis f\u00fcr die detaillierte Planung und Vorbereitung erlangen, die f\u00fcr einen erfolgreichen und sicheren technischen Tauchgang erforderlich sind, sowie \u00fcberlegene Tarierungsf\u00e4higkeiten und Trimmung, Gasmanagementverfahren, Situationsbewusstsein und Ausr\u00fcstungsauswahl erlernen.  <\/li>\n  <\/ul>\n  <h3>Dauer:<\/h3>\n  <ul>\n    <li>2 Tage<\/li>\n  <\/ul>\n  <h3>Inklusive:<\/h3>\n  <ul>\n    <li>4 Ausbildungstauchg\u00e4nge (maximale Tiefe 23 Meter)<\/li>\n    <li>Ausr\u00fcstungsverleih<\/li>\n    <li>Digitale Materialien<\/li>\n    <li>TDI Intro to Tech Zertifizierung<\/li>\n  <\/ul>\n  <h3>Nicht inklusive:<\/h3>\n  <ul>\n    <li>Tauchversicherung<\/li>\n  <\/ul>\n  <h3>Voraussetzungen:<\/h3>\n  <ul>\n    <li>Mindestens 15 Jahre alt<\/li>\n    <li>Mindestens 25 geloggte Tauchg\u00e4nge<\/li>\n    <li>Zertifizierungen als Open Water Diver oder gleichwertig besitzen<\/li>\n  <\/ul>\n  <h3>Weitere Kurse, die Sie interessieren k\u00f6nnten:<\/h3>\n  <ul>\n    <li><a href=\"https:\/\/calerodiving.com\/de\/fortgeschrittenes-nitrox\/\">Fortgeschrittenes Nitrox<\/a><\/li>\n  <\/ul>\n<\/div>\n\t\t\t\t\t\t\t\t<\/div>\n\t\t\t\t<\/div>\n\t\t\t\t<\/div>\n\t\t\t\t<\/div>\n\t\t<div class=\"elementor-element elementor-element-a512740 e-con-full e-flex e-con e-child\" data-id=\"a512740\" data-element_type=\"container\" data-e-type=\"container\">\n\t\t<div class=\"elementor-element elementor-element-5b646c0 e-con-full course-sidebar-box e-flex e-con e-child\" data-id=\"5b646c0\" data-element_type=\"container\" data-e-type=\"container\" data-settings=\"{&quot;sticky&quot;:&quot;top&quot;,&quot;sticky_offset&quot;:110,&quot;sticky_effects_offset&quot;:130,&quot;sticky_parent&quot;:&quot;yes&quot;,&quot;sticky_on&quot;:[&quot;desktop&quot;,&quot;tablet&quot;,&quot;mobile&quot;],&quot;sticky_anchor_link_offset&quot;:0}\">\n\t\t\t\t<div class=\"elementor-element elementor-element-044505f elementor-widget elementor-widget-text-editor\" data-id=\"044505f\" data-element_type=\"widget\" data-e-type=\"widget\" data-widget_type=\"text-editor.default\">\n\t\t\t\t<div class=\"elementor-widget-container\">\n\t\t\t\t\t\t\t\t\t<div class=\"courses-info\"><h6 class=\"no-margin\">Dauer:<\/h6><p class=\"no-margin\">2-Tages-Kurs<\/p><\/div><div class=\"courses-info\"><h6 class=\"no-margin\">Preis:<\/h6><p class=\"no-margin\">Ab 450 \u20ac<\/p><\/div>\t\t\t\t\t\t\t\t<\/div>\n\t\t\t\t<\/div>\n\t\t\t\t<div class=\"elementor-element elementor-element-7245b85 elementor-mobile-align-center elementor-widget elementor-widget-button\" data-id=\"7245b85\" data-element_type=\"widget\" data-e-type=\"widget\" data-widget_type=\"button.default\">\n\t\t\t\t<div class=\"elementor-widget-container\">\n\t\t\t\t\t\t\t\t\t<div class=\"elementor-button-wrapper\">\n\t\t\t\t\t<a class=\"elementor-button elementor-button-link elementor-size-sm\" href=\"https:\/\/bukyapp.com\/booking?mode=pack&#038;product=625e89e1639c1f2053f25a7a&#038;lang=en&#038;_gl=1*107x6v6*_ga*ODU1MDM5OTIuMTc0MTE5MTcyMQ..*_ga_4WWMT2EY3C*czE3NTI1NzcyNTUkbzY4JGcxJHQxNzUyNTc3ODk4JGo0NCRsMCRoMA..\" target=\"_blank\">\n\t\t\t\t\t\t<span class=\"elementor-button-content-wrapper\">\n\t\t\t\t\t\t\t\t\t<span class=\"elementor-button-text\">Kurs kaufen<\/span>\n\t\t\t\t\t<\/span>\n\t\t\t\t\t<\/a>\n\t\t\t\t<\/div>\n\t\t\t\t\t\t\t\t<\/div>\n\t\t\t\t<\/div>\n\t\t\t\t<\/div>\n\t\t\t\t<\/div>\n\t\t\t\t\t<\/div>\n\t\t\t\t<\/div>\n\t\t\t\t<\/div>\n\t\t","protected":false},"excerpt":{"rendered":"<p>technisch Einf\u00fchrung in die Technik Ihre Einf\u00fchrung ins Technische Tauchen Programm\u00fcbersicht: Intro to Tech soll erfahrenen Sporttauchern einen einfachen, unverf\u00e4nglichen Einblick in die Techniken und Fertigkeiten des technischen Tauchens geben. Es ist wirklich ein \u201eProbieren Sie es aus, bevor Sie es kaufen\u201c-Kurs f\u00fcr jemanden, der viel \u00fcber Technisches Tauchen geh\u00f6rt hat und sich fragt, worum [&hellip;]<\/p>\n","protected":false},"author":10,"featured_media":0,"parent":0,"menu_order":0,"comment_status":"closed","ping_status":"closed","template":"","meta":{"_acf_changed":false,"footnotes":""},"class_list":["post-24619","page","type-page","status-publish","hentry"],"acf":[],"yoast_head":"<!-- This site is optimized with the Yoast SEO plugin v27.5 - https:\/\/yoast.com\/product\/yoast-seo-wordpress\/ -->\n<title>Einf\u00fchrung in die Technik | Calero Diving Lanzarote<\/title>\n<meta name=\"robots\" content=\"index, follow, max-snippet:-1, max-image-preview:large, max-video-preview:-1\" \/>\n<link rel=\"canonical\" href=\"https:\/\/calerodiving.com\/de\/einfuehrung-in-die-technik\/\" \/>\n<meta property=\"og:locale\" content=\"de_DE\" \/>\n<meta property=\"og:type\" content=\"article\" \/>\n<meta property=\"og:title\" content=\"Einf\u00fchrung in die Technik | Calero Diving Lanzarote\" \/>\n<meta property=\"og:description\" content=\"technisch Einf\u00fchrung in die Technik Ihre Einf\u00fchrung ins Technische Tauchen Programm\u00fcbersicht: Intro to Tech soll erfahrenen Sporttauchern einen einfachen, unverf\u00e4nglichen Einblick in die Techniken und Fertigkeiten des technischen Tauchens geben. Es ist wirklich ein \u201eProbieren Sie es aus, bevor Sie es kaufen\u201c-Kurs f\u00fcr jemanden, der viel \u00fcber Technisches Tauchen geh\u00f6rt hat und sich fragt, worum [&hellip;]\" \/>\n<meta property=\"og:url\" content=\"https:\/\/calerodiving.com\/de\/einfuehrung-in-die-technik\/\" \/>\n<meta property=\"og:site_name\" content=\"Calero Diving Lanzarote\" \/>\n<meta property=\"article:publisher\" content=\"https:\/\/www.facebook.com\/calerodiving\/\" \/>\n<meta property=\"article:modified_time\" content=\"2025-08-27T07:50:05+00:00\" \/>\n<meta property=\"og:image\" content=\"https:\/\/calerodiving.com\/wp-content\/uploads\/2025\/07\/TDI-Intro-to-Tech-Course-.png\" \/>\n\t<meta property=\"og:image:width\" content=\"700\" \/>\n\t<meta property=\"og:image:height\" content=\"445\" \/>\n\t<meta property=\"og:image:type\" content=\"image\/png\" \/>\n<meta name=\"twitter:card\" content=\"summary_large_image\" \/>\n<meta name=\"twitter:label1\" content=\"Gesch\u00e4tzte Lesezeit\" \/>\n\t<meta name=\"twitter:data1\" content=\"1\u00a0Minute\" \/>\n<script type=\"application\/ld+json\" class=\"yoast-schema-graph\">{\"@context\":\"https:\\\/\\\/schema.org\",\"@graph\":[{\"@type\":\"WebPage\",\"@id\":\"https:\\\/\\\/calerodiving.com\\\/de\\\/einfuehrung-in-die-technik\\\/\",\"url\":\"https:\\\/\\\/calerodiving.com\\\/de\\\/einfuehrung-in-die-technik\\\/\",\"name\":\"Einf\u00fchrung in die Technik | Calero Diving Lanzarote\",\"isPartOf\":{\"@id\":\"https:\\\/\\\/calerodiving.com\\\/#website\"},\"primaryImageOfPage\":{\"@id\":\"https:\\\/\\\/calerodiving.com\\\/de\\\/einfuehrung-in-die-technik\\\/#primaryimage\"},\"image\":{\"@id\":\"https:\\\/\\\/calerodiving.com\\\/de\\\/einfuehrung-in-die-technik\\\/#primaryimage\"},\"thumbnailUrl\":\"https:\\\/\\\/calerodiving.com\\\/wp-content\\\/uploads\\\/2025\\\/07\\\/TDI-Intro-to-Tech-Course-.png\",\"datePublished\":\"2025-08-27T07:50:02+00:00\",\"dateModified\":\"2025-08-27T07:50:05+00:00\",\"breadcrumb\":{\"@id\":\"https:\\\/\\\/calerodiving.com\\\/de\\\/einfuehrung-in-die-technik\\\/#breadcrumb\"},\"inLanguage\":\"de\",\"potentialAction\":[{\"@type\":\"ReadAction\",\"target\":[\"https:\\\/\\\/calerodiving.com\\\/de\\\/einfuehrung-in-die-technik\\\/\"]}]},{\"@type\":\"ImageObject\",\"inLanguage\":\"de\",\"@id\":\"https:\\\/\\\/calerodiving.com\\\/de\\\/einfuehrung-in-die-technik\\\/#primaryimage\",\"url\":\"https:\\\/\\\/calerodiving.com\\\/wp-content\\\/uploads\\\/2025\\\/07\\\/TDI-Intro-to-Tech-Course-.png\",\"contentUrl\":\"https:\\\/\\\/calerodiving.com\\\/wp-content\\\/uploads\\\/2025\\\/07\\\/TDI-Intro-to-Tech-Course-.png\"},{\"@type\":\"BreadcrumbList\",\"@id\":\"https:\\\/\\\/calerodiving.com\\\/de\\\/einfuehrung-in-die-technik\\\/#breadcrumb\",\"itemListElement\":[{\"@type\":\"ListItem\",\"position\":1,\"name\":\"Home\",\"item\":\"https:\\\/\\\/calerodiving.com\\\/es\\\/\"},{\"@type\":\"ListItem\",\"position\":2,\"name\":\"Einf\u00fchrung in die Technik\"}]},{\"@type\":\"WebSite\",\"@id\":\"https:\\\/\\\/calerodiving.com\\\/#website\",\"url\":\"https:\\\/\\\/calerodiving.com\\\/\",\"name\":\"Calero Diving Lanzarote\",\"description\":\"Dive Center - Marina Puerto Calero Lanzarote\",\"publisher\":{\"@id\":\"https:\\\/\\\/calerodiving.com\\\/#organization\"},\"alternateName\":\"Calero Diving\",\"potentialAction\":[{\"@type\":\"SearchAction\",\"target\":{\"@type\":\"EntryPoint\",\"urlTemplate\":\"https:\\\/\\\/calerodiving.com\\\/?s={search_term_string}\"},\"query-input\":{\"@type\":\"PropertyValueSpecification\",\"valueRequired\":true,\"valueName\":\"search_term_string\"}}],\"inLanguage\":\"de\"},{\"@type\":\"Organization\",\"@id\":\"https:\\\/\\\/calerodiving.com\\\/#organization\",\"name\":\"Calero Diving Lanzarote\",\"alternateName\":\"Calero Diving\",\"url\":\"https:\\\/\\\/calerodiving.com\\\/\",\"logo\":{\"@type\":\"ImageObject\",\"inLanguage\":\"de\",\"@id\":\"https:\\\/\\\/calerodiving.com\\\/#\\\/schema\\\/logo\\\/image\\\/\",\"url\":\"https:\\\/\\\/calerodiving.com\\\/wp-content\\\/uploads\\\/2025\\\/05\\\/Grupo.png\",\"contentUrl\":\"https:\\\/\\\/calerodiving.com\\\/wp-content\\\/uploads\\\/2025\\\/05\\\/Grupo.png\",\"width\":499,\"height\":590,\"caption\":\"Calero Diving Lanzarote\"},\"image\":{\"@id\":\"https:\\\/\\\/calerodiving.com\\\/#\\\/schema\\\/logo\\\/image\\\/\"},\"sameAs\":[\"https:\\\/\\\/www.facebook.com\\\/calerodiving\\\/\",\"https:\\\/\\\/www.instagram.com\\\/calerodiving\\\/\"]}]}<\/script>\n<!-- \/ Yoast SEO plugin. -->","yoast_head_json":{"title":"Einf\u00fchrung in die Technik | Calero Diving Lanzarote","robots":{"index":"index","follow":"follow","max-snippet":"max-snippet:-1","max-image-preview":"max-image-preview:large","max-video-preview":"max-video-preview:-1"},"canonical":"https:\/\/calerodiving.com\/de\/einfuehrung-in-die-technik\/","og_locale":"de_DE","og_type":"article","og_title":"Einf\u00fchrung in die Technik | Calero Diving Lanzarote","og_description":"technisch Einf\u00fchrung in die Technik Ihre Einf\u00fchrung ins Technische Tauchen Programm\u00fcbersicht: Intro to Tech soll erfahrenen Sporttauchern einen einfachen, unverf\u00e4nglichen Einblick in die Techniken und Fertigkeiten des technischen Tauchens geben. Es ist wirklich ein \u201eProbieren Sie es aus, bevor Sie es kaufen\u201c-Kurs f\u00fcr jemanden, der viel \u00fcber Technisches Tauchen geh\u00f6rt hat und sich fragt, worum [&hellip;]","og_url":"https:\/\/calerodiving.com\/de\/einfuehrung-in-die-technik\/","og_site_name":"Calero Diving Lanzarote","article_publisher":"https:\/\/www.facebook.com\/calerodiving\/","article_modified_time":"2025-08-27T07:50:05+00:00","og_image":[{"width":700,"height":445,"url":"https:\/\/calerodiving.com\/wp-content\/uploads\/2025\/07\/TDI-Intro-to-Tech-Course-.png","type":"image\/png"}],"twitter_card":"summary_large_image","twitter_misc":{"Gesch\u00e4tzte Lesezeit":"1\u00a0Minute"},"schema":{"@context":"https:\/\/schema.org","@graph":[{"@type":"WebPage","@id":"https:\/\/calerodiving.com\/de\/einfuehrung-in-die-technik\/","url":"https:\/\/calerodiving.com\/de\/einfuehrung-in-die-technik\/","name":"Einf\u00fchrung in die Technik | Calero Diving Lanzarote","isPartOf":{"@id":"https:\/\/calerodiving.com\/#website"},"primaryImageOfPage":{"@id":"https:\/\/calerodiving.com\/de\/einfuehrung-in-die-technik\/#primaryimage"},"image":{"@id":"https:\/\/calerodiving.com\/de\/einfuehrung-in-die-technik\/#primaryimage"},"thumbnailUrl":"https:\/\/calerodiving.com\/wp-content\/uploads\/2025\/07\/TDI-Intro-to-Tech-Course-.png","datePublished":"2025-08-27T07:50:02+00:00","dateModified":"2025-08-27T07:50:05+00:00","breadcrumb":{"@id":"https:\/\/calerodiving.com\/de\/einfuehrung-in-die-technik\/#breadcrumb"},"inLanguage":"de","potentialAction":[{"@type":"ReadAction","target":["https:\/\/calerodiving.com\/de\/einfuehrung-in-die-technik\/"]}]},{"@type":"ImageObject","inLanguage":"de","@id":"https:\/\/calerodiving.com\/de\/einfuehrung-in-die-technik\/#primaryimage","url":"https:\/\/calerodiving.com\/wp-content\/uploads\/2025\/07\/TDI-Intro-to-Tech-Course-.png","contentUrl":"https:\/\/calerodiving.com\/wp-content\/uploads\/2025\/07\/TDI-Intro-to-Tech-Course-.png"},{"@type":"BreadcrumbList","@id":"https:\/\/calerodiving.com\/de\/einfuehrung-in-die-technik\/#breadcrumb","itemListElement":[{"@type":"ListItem","position":1,"name":"Home","item":"https:\/\/calerodiving.com\/es\/"},{"@type":"ListItem","position":2,"name":"Einf\u00fchrung in die Technik"}]},{"@type":"WebSite","@id":"https:\/\/calerodiving.com\/#website","url":"https:\/\/calerodiving.com\/","name":"Calero Diving Lanzarote","description":"Dive Center - Marina Puerto Calero Lanzarote","publisher":{"@id":"https:\/\/calerodiving.com\/#organization"},"alternateName":"Calero Diving","potentialAction":[{"@type":"SearchAction","target":{"@type":"EntryPoint","urlTemplate":"https:\/\/calerodiving.com\/?s={search_term_string}"},"query-input":{"@type":"PropertyValueSpecification","valueRequired":true,"valueName":"search_term_string"}}],"inLanguage":"de"},{"@type":"Organization","@id":"https:\/\/calerodiving.com\/#organization","name":"Calero Diving Lanzarote","alternateName":"Calero Diving","url":"https:\/\/calerodiving.com\/","logo":{"@type":"ImageObject","inLanguage":"de","@id":"https:\/\/calerodiving.com\/#\/schema\/logo\/image\/","url":"https:\/\/calerodiving.com\/wp-content\/uploads\/2025\/05\/Grupo.png","contentUrl":"https:\/\/calerodiving.com\/wp-content\/uploads\/2025\/05\/Grupo.png","width":499,"height":590,"caption":"Calero Diving Lanzarote"},"image":{"@id":"https:\/\/calerodiving.com\/#\/schema\/logo\/image\/"},"sameAs":["https:\/\/www.facebook.com\/calerodiving\/","https:\/\/www.instagram.com\/calerodiving\/"]}]}},"_links":{"self":[{"href":"https:\/\/calerodiving.com\/de\/wp-json\/wp\/v2\/pages\/24619","targetHints":{"allow":["GET"]}}],"collection":[{"href":"https:\/\/calerodiving.com\/de\/wp-json\/wp\/v2\/pages"}],"about":[{"href":"https:\/\/calerodiving.com\/de\/wp-json\/wp\/v2\/types\/page"}],"author":[{"embeddable":true,"href":"https:\/\/calerodiving.com\/de\/wp-json\/wp\/v2\/users\/10"}],"replies":[{"embeddable":true,"href":"https:\/\/calerodiving.com\/de\/wp-json\/wp\/v2\/comments?post=24619"}],"version-history":[{"count":1,"href":"https:\/\/calerodiving.com\/de\/wp-json\/wp\/v2\/pages\/24619\/revisions"}],"predecessor-version":[{"id":24621,"href":"https:\/\/calerodiving.com\/de\/wp-json\/wp\/v2\/pages\/24619\/revisions\/24621"}],"wp:attachment":[{"href":"https:\/\/calerodiving.com\/de\/wp-json\/wp\/v2\/media?parent=24619"}],"curies":[{"name":"wp","href":"https:\/\/api.w.org\/{rel}","templated":true}]}}