{"id":24611,"date":"2025-08-27T08:49:58","date_gmt":"2025-08-27T07:49:58","guid":{"rendered":"https:\/\/calerodiving.com\/fortgeschrittenes-nitrox\/"},"modified":"2025-08-27T08:50:05","modified_gmt":"2025-08-27T07:50:05","slug":"fortgeschrittenes-nitrox","status":"publish","type":"page","link":"https:\/\/calerodiving.com\/de\/fortgeschrittenes-nitrox\/","title":{"rendered":"Fortgeschrittenes Nitrox"},"content":{"rendered":"\t\t<div data-elementor-type=\"wp-page\" data-elementor-id=\"24611\" class=\"elementor elementor-24611 elementor-21172\" data-elementor-post-type=\"page\">\n\t\t\t\t<div class=\"elementor-element elementor-element-405d776 e-flex e-con-boxed e-con e-parent\" data-id=\"405d776\" data-element_type=\"container\" data-e-type=\"container\">\n\t\t\t\t\t<div class=\"e-con-inner\">\n\t\t<div class=\"elementor-element elementor-element-aebbe87 e-con-full e-flex e-con e-child\" data-id=\"aebbe87\" data-element_type=\"container\" data-e-type=\"container\">\n\t\t\t\t<div class=\"elementor-element elementor-element-d67be47 elementor-widget elementor-widget-image\" data-id=\"d67be47\" data-element_type=\"widget\" data-e-type=\"widget\" data-widget_type=\"image.default\">\n\t\t\t\t<div class=\"elementor-widget-container\">\n\t\t\t\t\t\t\t\t\t\t\t\t\t\t\t<img fetchpriority=\"high\" decoding=\"async\" width=\"700\" height=\"445\" src=\"https:\/\/calerodiving.com\/wp-content\/uploads\/2025\/07\/Advanced-Nitrox-.png\" class=\"attachment-large size-large wp-image-20974\" alt=\"\" srcset=\"https:\/\/calerodiving.com\/wp-content\/uploads\/2025\/07\/Advanced-Nitrox-.png 700w, https:\/\/calerodiving.com\/wp-content\/uploads\/2025\/07\/Advanced-Nitrox--300x191.png 300w\" sizes=\"(max-width: 700px) 100vw, 700px\" \/>\t\t\t\t\t\t\t\t\t\t\t\t\t\t\t<\/div>\n\t\t\t\t<\/div>\n\t\t\t\t<\/div>\n\t\t<div class=\"elementor-element elementor-element-8d5b33e e-con-full e-flex e-con e-child\" data-id=\"8d5b33e\" data-element_type=\"container\" data-e-type=\"container\">\n\t\t<div class=\"elementor-element elementor-element-9291999 e-con-full e-flex e-con e-child\" data-id=\"9291999\" data-element_type=\"container\" data-e-type=\"container\">\n\t\t\t\t<div class=\"elementor-element elementor-element-b043015 elementor-widget elementor-widget-html\" data-id=\"b043015\" data-element_type=\"widget\" data-e-type=\"widget\" data-widget_type=\"html.default\">\n\t\t\t\t<div class=\"elementor-widget-container\">\n\t\t\t\t\t<a href=\"https:\/\/calerodiving.com\/de\/?page_id=24533#tdi-open\" class=\"tag-button\">technisch<\/a>\n\t\t\t\t<\/div>\n\t\t\t\t<\/div>\n\t\t\t\t<div class=\"elementor-element elementor-element-bde3fc8 elementor-widget elementor-widget-heading\" data-id=\"bde3fc8\" data-element_type=\"widget\" data-e-type=\"widget\" data-widget_type=\"heading.default\">\n\t\t\t\t<div class=\"elementor-widget-container\">\n\t\t\t\t\t<h2 class=\"elementor-heading-title elementor-size-default\">Fortgeschrittenes Nitrox<\/h2>\t\t\t\t<\/div>\n\t\t\t\t<\/div>\n\t\t\t\t<\/div>\n\t\t\t\t<\/div>\n\t\t\t\t\t<\/div>\n\t\t\t\t<\/div>\n\t\t<div class=\"elementor-element elementor-element-f08af4c e-flex e-con-boxed e-con e-parent\" data-id=\"f08af4c\" data-element_type=\"container\" data-e-type=\"container\">\n\t\t\t\t\t<div class=\"e-con-inner\">\n\t\t<div class=\"elementor-element elementor-element-ed39766 e-con-full e-flex e-con e-child\" data-id=\"ed39766\" data-element_type=\"container\" data-e-type=\"container\">\n\t\t<div class=\"elementor-element elementor-element-0ecf5e2 e-con-full e-flex e-con e-child\" data-id=\"0ecf5e2\" data-element_type=\"container\" data-e-type=\"container\">\n\t\t\t\t<div class=\"elementor-element elementor-element-d86d467 elementor-widget elementor-widget-heading\" data-id=\"d86d467\" data-element_type=\"widget\" data-e-type=\"widget\" data-widget_type=\"heading.default\">\n\t\t\t\t<div class=\"elementor-widget-container\">\n\t\t\t\t\t<h2 class=\"elementor-heading-title elementor-size-default\">Nitrox-Tauchen mit bis zu 100 % Nitrox<\/h2>\t\t\t\t<\/div>\n\t\t\t\t<\/div>\n\t\t\t\t<div class=\"elementor-element elementor-element-24a95be elementor-widget elementor-widget-text-editor\" data-id=\"24a95be\" data-element_type=\"widget\" data-e-type=\"widget\" data-widget_type=\"text-editor.default\">\n\t\t\t\t<div class=\"elementor-widget-container\">\n\t\t\t\t\t\t\t\t\t<div class=\"section-list\">\n  <h3>Programm\u00fcbersicht:<\/h3>\n  <ul>\n    <li>Der TDI Advanced Nitrox Kurs behandelt alle Themen des Nitrox Diver Kurses sehr viel detaillierter, mit ausf\u00fchrlicher Behandlung von ZNS- &amp; Ganzk\u00f6rper-Sauerstofftoxizit\u00e4t und deren \u00dcberwachung, g\u00e4ngigen Mischmethoden, Best-Mix-Berechnungen, Tauchgangsplanung, Gasverbrauchs-Berechnungen und Ausr\u00fcstungs\u00fcberlegungen, alles gipfelnd in der Zertifizierung zur Verwendung von 22 % &#8211; 100 % (Nitrox) als Atemgas. Dieser Kurs bildet die Grundlage f\u00fcr alle zuk\u00fcnftigen Technischen Tauchkurse. <\/li>\n  <\/ul>\n  <h3>Dauer:<\/h3>\n  <ul>\n    <li>2 Tage<\/li>\n  <\/ul>\n  <h3>Inklusive:<\/h3>\n  <ul>\n    <li>1 begrenzte Wassereinheit<\/li>\n    <li>4 Trainingstauchg\u00e4nge<\/li>\n    <li>Digitale Materialien<\/li>\n    <li>Ausr\u00fcstungsverleih<\/li>\n    <li>TDI Advanced Nitrox Zertifizierung<\/li>\n  <\/ul>\n  <h3>Nicht inklusive:<\/h3>\n  <ul>\n    <li>Tauchversicherung<\/li>\n  <\/ul>\n  <h3>Voraussetzungen:<\/h3>\n  <ul>\n    <li>Mindestens 18 Jahre alt<\/li>\n    <li>Mindestens 25 geloggte Tauchg\u00e4nge<\/li>\n    <li>Zertifiziert sein als Nitrox Diver oder gleichwertig<\/li>\n    <li>G\u00fcltige medizinische Bescheinigung aus dem letzten Jahr (keine Selbstzertifizierung akzeptiert)<\/li>\n  <\/ul>\n  <h3>Weitere Kurse, die Sie interessieren k\u00f6nnten:<\/h3>\n  <ul>\n    <li><a href=\"https:\/\/calerodiving.com\/decompression-procedures-2\/\">Dekompressionsverfahren<\/a><\/li>\n    <li><a href=\"https:\/\/calerodiving.com\/de\/fortgeschrittenes-nitrox\/\">Fortgeschrittenes Nitrox<\/a><\/li>\n  <\/ul>\n<\/div>\n\t\t\t\t\t\t\t\t<\/div>\n\t\t\t\t<\/div>\n\t\t\t\t<\/div>\n\t\t\t\t<\/div>\n\t\t<div class=\"elementor-element elementor-element-31db419 e-con-full e-flex e-con e-child\" data-id=\"31db419\" data-element_type=\"container\" data-e-type=\"container\">\n\t\t<div class=\"elementor-element elementor-element-5bd1c09 e-con-full course-sidebar-box e-flex e-con e-child\" data-id=\"5bd1c09\" data-element_type=\"container\" data-e-type=\"container\" data-settings=\"{&quot;sticky&quot;:&quot;top&quot;,&quot;sticky_offset&quot;:110,&quot;sticky_effects_offset&quot;:130,&quot;sticky_parent&quot;:&quot;yes&quot;,&quot;sticky_on&quot;:[&quot;desktop&quot;,&quot;tablet&quot;,&quot;mobile&quot;],&quot;sticky_anchor_link_offset&quot;:0}\">\n\t\t\t\t<div class=\"elementor-element elementor-element-e94cbb0 elementor-widget elementor-widget-text-editor\" data-id=\"e94cbb0\" data-element_type=\"widget\" data-e-type=\"widget\" data-widget_type=\"text-editor.default\">\n\t\t\t\t<div class=\"elementor-widget-container\">\n\t\t\t\t\t\t\t\t\t<div class=\"courses-info\">\n<h6 class=\"no-margin\">Dauer:<\/h6>\n<p class=\"no-margin\">2-Tages-Kurs<\/p>\n<\/div>\n<div class=\"courses-info\">\n<h6 class=\"no-margin\">Preis:<\/h6>\n<p class=\"no-margin\">Ab 550 \u20ac<\/p>\n<\/div>\t\t\t\t\t\t\t\t<\/div>\n\t\t\t\t<\/div>\n\t\t\t\t<div class=\"elementor-element elementor-element-3668910 elementor-mobile-align-center elementor-widget elementor-widget-button\" data-id=\"3668910\" data-element_type=\"widget\" data-e-type=\"widget\" data-widget_type=\"button.default\">\n\t\t\t\t<div class=\"elementor-widget-container\">\n\t\t\t\t\t\t\t\t\t<div class=\"elementor-button-wrapper\">\n\t\t\t\t\t<a class=\"elementor-button elementor-button-link elementor-size-sm\" href=\"https:\/\/bukyapp.com\/booking?mode=pack&#038;product=625ea6c5639c1f2053f25ae9&#038;lang=es&#038;_gl=1*14vhkxz*_ga*ODU1MDM5OTIuMTc0MTE5MTcyMQ..*_ga_4WWMT2EY3C*czE3NTMyNjgzMDUkbzc1JGcxJHQxNzUzMjY5NzgxJGozMCRsMCRoMA..\" target=\"_blank\">\n\t\t\t\t\t\t<span class=\"elementor-button-content-wrapper\">\n\t\t\t\t\t\t\t\t\t<span class=\"elementor-button-text\">Kurs kaufen<\/span>\n\t\t\t\t\t<\/span>\n\t\t\t\t\t<\/a>\n\t\t\t\t<\/div>\n\t\t\t\t\t\t\t\t<\/div>\n\t\t\t\t<\/div>\n\t\t\t\t<\/div>\n\t\t\t\t<\/div>\n\t\t\t\t\t<\/div>\n\t\t\t\t<\/div>\n\t\t\t\t<\/div>\n\t\t","protected":false},"excerpt":{"rendered":"<p>technisch Fortgeschrittenes Nitrox Nitrox-Tauchen mit bis zu 100 % Nitrox Programm\u00fcbersicht: Der TDI Advanced Nitrox Kurs behandelt alle Themen des Nitrox Diver Kurses sehr viel detaillierter, mit ausf\u00fchrlicher Behandlung von ZNS- &amp; Ganzk\u00f6rper-Sauerstofftoxizit\u00e4t und deren \u00dcberwachung, g\u00e4ngigen Mischmethoden, Best-Mix-Berechnungen, Tauchgangsplanung, Gasverbrauchs-Berechnungen und Ausr\u00fcstungs\u00fcberlegungen, alles gipfelnd in der Zertifizierung zur Verwendung von 22 % &#8211; 100 [&hellip;]<\/p>\n","protected":false},"author":10,"featured_media":0,"parent":0,"menu_order":0,"comment_status":"closed","ping_status":"closed","template":"","meta":{"_acf_changed":false,"footnotes":""},"class_list":["post-24611","page","type-page","status-publish","hentry"],"acf":[],"yoast_head":"<!-- This site is optimized with the Yoast SEO plugin v27.5 - https:\/\/yoast.com\/product\/yoast-seo-wordpress\/ -->\n<title>Fortgeschrittenes Nitrox | Calero Diving Lanzarote<\/title>\n<meta name=\"robots\" content=\"index, follow, max-snippet:-1, max-image-preview:large, max-video-preview:-1\" \/>\n<link rel=\"canonical\" href=\"https:\/\/calerodiving.com\/de\/fortgeschrittenes-nitrox\/\" \/>\n<meta property=\"og:locale\" content=\"de_DE\" \/>\n<meta property=\"og:type\" content=\"article\" \/>\n<meta property=\"og:title\" content=\"Fortgeschrittenes Nitrox | Calero Diving Lanzarote\" \/>\n<meta property=\"og:description\" content=\"technisch Fortgeschrittenes Nitrox Nitrox-Tauchen mit bis zu 100 % Nitrox Programm\u00fcbersicht: Der TDI Advanced Nitrox Kurs behandelt alle Themen des Nitrox Diver Kurses sehr viel detaillierter, mit ausf\u00fchrlicher Behandlung von ZNS- &amp; Ganzk\u00f6rper-Sauerstofftoxizit\u00e4t und deren \u00dcberwachung, g\u00e4ngigen Mischmethoden, Best-Mix-Berechnungen, Tauchgangsplanung, Gasverbrauchs-Berechnungen und Ausr\u00fcstungs\u00fcberlegungen, alles gipfelnd in der Zertifizierung zur Verwendung von 22 % &#8211; 100 [&hellip;]\" \/>\n<meta property=\"og:url\" content=\"https:\/\/calerodiving.com\/de\/fortgeschrittenes-nitrox\/\" \/>\n<meta property=\"og:site_name\" content=\"Calero Diving Lanzarote\" \/>\n<meta property=\"article:publisher\" content=\"https:\/\/www.facebook.com\/calerodiving\/\" \/>\n<meta property=\"article:modified_time\" content=\"2025-08-27T07:50:05+00:00\" \/>\n<meta property=\"og:image\" content=\"https:\/\/calerodiving.com\/wp-content\/uploads\/2025\/07\/Advanced-Nitrox-.png\" \/>\n\t<meta property=\"og:image:width\" content=\"700\" \/>\n\t<meta property=\"og:image:height\" content=\"445\" \/>\n\t<meta property=\"og:image:type\" content=\"image\/png\" \/>\n<meta name=\"twitter:card\" content=\"summary_large_image\" \/>\n<meta name=\"twitter:label1\" content=\"Gesch\u00e4tzte Lesezeit\" \/>\n\t<meta name=\"twitter:data1\" content=\"1\u00a0Minute\" \/>\n<script type=\"application\/ld+json\" class=\"yoast-schema-graph\">{\"@context\":\"https:\\\/\\\/schema.org\",\"@graph\":[{\"@type\":\"WebPage\",\"@id\":\"https:\\\/\\\/calerodiving.com\\\/de\\\/fortgeschrittenes-nitrox\\\/\",\"url\":\"https:\\\/\\\/calerodiving.com\\\/de\\\/fortgeschrittenes-nitrox\\\/\",\"name\":\"Fortgeschrittenes Nitrox | Calero Diving Lanzarote\",\"isPartOf\":{\"@id\":\"https:\\\/\\\/calerodiving.com\\\/#website\"},\"primaryImageOfPage\":{\"@id\":\"https:\\\/\\\/calerodiving.com\\\/de\\\/fortgeschrittenes-nitrox\\\/#primaryimage\"},\"image\":{\"@id\":\"https:\\\/\\\/calerodiving.com\\\/de\\\/fortgeschrittenes-nitrox\\\/#primaryimage\"},\"thumbnailUrl\":\"https:\\\/\\\/calerodiving.com\\\/wp-content\\\/uploads\\\/2025\\\/07\\\/Advanced-Nitrox-.png\",\"datePublished\":\"2025-08-27T07:49:58+00:00\",\"dateModified\":\"2025-08-27T07:50:05+00:00\",\"breadcrumb\":{\"@id\":\"https:\\\/\\\/calerodiving.com\\\/de\\\/fortgeschrittenes-nitrox\\\/#breadcrumb\"},\"inLanguage\":\"de\",\"potentialAction\":[{\"@type\":\"ReadAction\",\"target\":[\"https:\\\/\\\/calerodiving.com\\\/de\\\/fortgeschrittenes-nitrox\\\/\"]}]},{\"@type\":\"ImageObject\",\"inLanguage\":\"de\",\"@id\":\"https:\\\/\\\/calerodiving.com\\\/de\\\/fortgeschrittenes-nitrox\\\/#primaryimage\",\"url\":\"https:\\\/\\\/calerodiving.com\\\/wp-content\\\/uploads\\\/2025\\\/07\\\/Advanced-Nitrox-.png\",\"contentUrl\":\"https:\\\/\\\/calerodiving.com\\\/wp-content\\\/uploads\\\/2025\\\/07\\\/Advanced-Nitrox-.png\"},{\"@type\":\"BreadcrumbList\",\"@id\":\"https:\\\/\\\/calerodiving.com\\\/de\\\/fortgeschrittenes-nitrox\\\/#breadcrumb\",\"itemListElement\":[{\"@type\":\"ListItem\",\"position\":1,\"name\":\"Home\",\"item\":\"https:\\\/\\\/calerodiving.com\\\/es\\\/\"},{\"@type\":\"ListItem\",\"position\":2,\"name\":\"Fortgeschrittenes Nitrox\"}]},{\"@type\":\"WebSite\",\"@id\":\"https:\\\/\\\/calerodiving.com\\\/#website\",\"url\":\"https:\\\/\\\/calerodiving.com\\\/\",\"name\":\"Calero Diving Lanzarote\",\"description\":\"Dive Center - Marina Puerto Calero Lanzarote\",\"publisher\":{\"@id\":\"https:\\\/\\\/calerodiving.com\\\/#organization\"},\"alternateName\":\"Calero Diving\",\"potentialAction\":[{\"@type\":\"SearchAction\",\"target\":{\"@type\":\"EntryPoint\",\"urlTemplate\":\"https:\\\/\\\/calerodiving.com\\\/?s={search_term_string}\"},\"query-input\":{\"@type\":\"PropertyValueSpecification\",\"valueRequired\":true,\"valueName\":\"search_term_string\"}}],\"inLanguage\":\"de\"},{\"@type\":\"Organization\",\"@id\":\"https:\\\/\\\/calerodiving.com\\\/#organization\",\"name\":\"Calero Diving Lanzarote\",\"alternateName\":\"Calero Diving\",\"url\":\"https:\\\/\\\/calerodiving.com\\\/\",\"logo\":{\"@type\":\"ImageObject\",\"inLanguage\":\"de\",\"@id\":\"https:\\\/\\\/calerodiving.com\\\/#\\\/schema\\\/logo\\\/image\\\/\",\"url\":\"https:\\\/\\\/calerodiving.com\\\/wp-content\\\/uploads\\\/2025\\\/05\\\/Grupo.png\",\"contentUrl\":\"https:\\\/\\\/calerodiving.com\\\/wp-content\\\/uploads\\\/2025\\\/05\\\/Grupo.png\",\"width\":499,\"height\":590,\"caption\":\"Calero Diving Lanzarote\"},\"image\":{\"@id\":\"https:\\\/\\\/calerodiving.com\\\/#\\\/schema\\\/logo\\\/image\\\/\"},\"sameAs\":[\"https:\\\/\\\/www.facebook.com\\\/calerodiving\\\/\",\"https:\\\/\\\/www.instagram.com\\\/calerodiving\\\/\"]}]}<\/script>\n<!-- \/ Yoast SEO plugin. -->","yoast_head_json":{"title":"Fortgeschrittenes Nitrox | Calero Diving Lanzarote","robots":{"index":"index","follow":"follow","max-snippet":"max-snippet:-1","max-image-preview":"max-image-preview:large","max-video-preview":"max-video-preview:-1"},"canonical":"https:\/\/calerodiving.com\/de\/fortgeschrittenes-nitrox\/","og_locale":"de_DE","og_type":"article","og_title":"Fortgeschrittenes Nitrox | Calero Diving Lanzarote","og_description":"technisch Fortgeschrittenes Nitrox Nitrox-Tauchen mit bis zu 100 % Nitrox Programm\u00fcbersicht: Der TDI Advanced Nitrox Kurs behandelt alle Themen des Nitrox Diver Kurses sehr viel detaillierter, mit ausf\u00fchrlicher Behandlung von ZNS- &amp; Ganzk\u00f6rper-Sauerstofftoxizit\u00e4t und deren \u00dcberwachung, g\u00e4ngigen Mischmethoden, Best-Mix-Berechnungen, Tauchgangsplanung, Gasverbrauchs-Berechnungen und Ausr\u00fcstungs\u00fcberlegungen, alles gipfelnd in der Zertifizierung zur Verwendung von 22 % &#8211; 100 [&hellip;]","og_url":"https:\/\/calerodiving.com\/de\/fortgeschrittenes-nitrox\/","og_site_name":"Calero Diving Lanzarote","article_publisher":"https:\/\/www.facebook.com\/calerodiving\/","article_modified_time":"2025-08-27T07:50:05+00:00","og_image":[{"width":700,"height":445,"url":"https:\/\/calerodiving.com\/wp-content\/uploads\/2025\/07\/Advanced-Nitrox-.png","type":"image\/png"}],"twitter_card":"summary_large_image","twitter_misc":{"Gesch\u00e4tzte Lesezeit":"1\u00a0Minute"},"schema":{"@context":"https:\/\/schema.org","@graph":[{"@type":"WebPage","@id":"https:\/\/calerodiving.com\/de\/fortgeschrittenes-nitrox\/","url":"https:\/\/calerodiving.com\/de\/fortgeschrittenes-nitrox\/","name":"Fortgeschrittenes Nitrox | Calero Diving Lanzarote","isPartOf":{"@id":"https:\/\/calerodiving.com\/#website"},"primaryImageOfPage":{"@id":"https:\/\/calerodiving.com\/de\/fortgeschrittenes-nitrox\/#primaryimage"},"image":{"@id":"https:\/\/calerodiving.com\/de\/fortgeschrittenes-nitrox\/#primaryimage"},"thumbnailUrl":"https:\/\/calerodiving.com\/wp-content\/uploads\/2025\/07\/Advanced-Nitrox-.png","datePublished":"2025-08-27T07:49:58+00:00","dateModified":"2025-08-27T07:50:05+00:00","breadcrumb":{"@id":"https:\/\/calerodiving.com\/de\/fortgeschrittenes-nitrox\/#breadcrumb"},"inLanguage":"de","potentialAction":[{"@type":"ReadAction","target":["https:\/\/calerodiving.com\/de\/fortgeschrittenes-nitrox\/"]}]},{"@type":"ImageObject","inLanguage":"de","@id":"https:\/\/calerodiving.com\/de\/fortgeschrittenes-nitrox\/#primaryimage","url":"https:\/\/calerodiving.com\/wp-content\/uploads\/2025\/07\/Advanced-Nitrox-.png","contentUrl":"https:\/\/calerodiving.com\/wp-content\/uploads\/2025\/07\/Advanced-Nitrox-.png"},{"@type":"BreadcrumbList","@id":"https:\/\/calerodiving.com\/de\/fortgeschrittenes-nitrox\/#breadcrumb","itemListElement":[{"@type":"ListItem","position":1,"name":"Home","item":"https:\/\/calerodiving.com\/es\/"},{"@type":"ListItem","position":2,"name":"Fortgeschrittenes Nitrox"}]},{"@type":"WebSite","@id":"https:\/\/calerodiving.com\/#website","url":"https:\/\/calerodiving.com\/","name":"Calero Diving Lanzarote","description":"Dive Center - Marina Puerto Calero Lanzarote","publisher":{"@id":"https:\/\/calerodiving.com\/#organization"},"alternateName":"Calero Diving","potentialAction":[{"@type":"SearchAction","target":{"@type":"EntryPoint","urlTemplate":"https:\/\/calerodiving.com\/?s={search_term_string}"},"query-input":{"@type":"PropertyValueSpecification","valueRequired":true,"valueName":"search_term_string"}}],"inLanguage":"de"},{"@type":"Organization","@id":"https:\/\/calerodiving.com\/#organization","name":"Calero Diving Lanzarote","alternateName":"Calero Diving","url":"https:\/\/calerodiving.com\/","logo":{"@type":"ImageObject","inLanguage":"de","@id":"https:\/\/calerodiving.com\/#\/schema\/logo\/image\/","url":"https:\/\/calerodiving.com\/wp-content\/uploads\/2025\/05\/Grupo.png","contentUrl":"https:\/\/calerodiving.com\/wp-content\/uploads\/2025\/05\/Grupo.png","width":499,"height":590,"caption":"Calero Diving Lanzarote"},"image":{"@id":"https:\/\/calerodiving.com\/#\/schema\/logo\/image\/"},"sameAs":["https:\/\/www.facebook.com\/calerodiving\/","https:\/\/www.instagram.com\/calerodiving\/"]}]}},"_links":{"self":[{"href":"https:\/\/calerodiving.com\/de\/wp-json\/wp\/v2\/pages\/24611","targetHints":{"allow":["GET"]}}],"collection":[{"href":"https:\/\/calerodiving.com\/de\/wp-json\/wp\/v2\/pages"}],"about":[{"href":"https:\/\/calerodiving.com\/de\/wp-json\/wp\/v2\/types\/page"}],"author":[{"embeddable":true,"href":"https:\/\/calerodiving.com\/de\/wp-json\/wp\/v2\/users\/10"}],"replies":[{"embeddable":true,"href":"https:\/\/calerodiving.com\/de\/wp-json\/wp\/v2\/comments?post=24611"}],"version-history":[{"count":1,"href":"https:\/\/calerodiving.com\/de\/wp-json\/wp\/v2\/pages\/24611\/revisions"}],"predecessor-version":[{"id":24613,"href":"https:\/\/calerodiving.com\/de\/wp-json\/wp\/v2\/pages\/24611\/revisions\/24613"}],"wp:attachment":[{"href":"https:\/\/calerodiving.com\/de\/wp-json\/wp\/v2\/media?parent=24611"}],"curies":[{"name":"wp","href":"https:\/\/api.w.org\/{rel}","templated":true}]}}