{"id":24576,"date":"2025-08-27T08:48:53","date_gmt":"2025-08-27T07:48:53","guid":{"rendered":"https:\/\/calerodiving.com\/fortgeschrittener-mischgas-ccr-taucher-mod-3\/"},"modified":"2025-08-27T08:48:55","modified_gmt":"2025-08-27T07:48:55","slug":"fortgeschrittener-mischgas-ccr-taucher-mod-3","status":"publish","type":"page","link":"https:\/\/calerodiving.com\/de\/fortgeschrittener-mischgas-ccr-taucher-mod-3\/","title":{"rendered":"Fortgeschrittener Mischgas-CCR-Taucher (MOD 3)"},"content":{"rendered":"\t\t<div data-elementor-type=\"wp-page\" data-elementor-id=\"24576\" class=\"elementor elementor-24576 elementor-21271\" data-elementor-post-type=\"page\">\n\t\t\t\t<div class=\"elementor-element elementor-element-041386d e-flex e-con-boxed e-con e-parent\" data-id=\"041386d\" data-element_type=\"container\" data-e-type=\"container\">\n\t\t\t\t\t<div class=\"e-con-inner\">\n\t\t<div class=\"elementor-element elementor-element-3c62576 e-con-full e-flex e-con e-child\" data-id=\"3c62576\" data-element_type=\"container\" data-e-type=\"container\">\n\t\t\t\t<div class=\"elementor-element elementor-element-d09e07d elementor-widget elementor-widget-image\" data-id=\"d09e07d\" data-element_type=\"widget\" data-e-type=\"widget\" data-widget_type=\"image.default\">\n\t\t\t\t<div class=\"elementor-widget-container\">\n\t\t\t\t\t\t\t\t\t\t\t\t\t\t\t<img fetchpriority=\"high\" decoding=\"async\" width=\"700\" height=\"445\" src=\"https:\/\/calerodiving.com\/wp-content\/uploads\/2025\/08\/Advanced-Mixed-Gas-CCR-Diver-MOD-3-Course-.png\" class=\"attachment-large size-large wp-image-22499\" alt=\"\" srcset=\"https:\/\/calerodiving.com\/wp-content\/uploads\/2025\/08\/Advanced-Mixed-Gas-CCR-Diver-MOD-3-Course-.png 700w, https:\/\/calerodiving.com\/wp-content\/uploads\/2025\/08\/Advanced-Mixed-Gas-CCR-Diver-MOD-3-Course--300x191.png 300w\" sizes=\"(max-width: 700px) 100vw, 700px\" \/>\t\t\t\t\t\t\t\t\t\t\t\t\t\t\t<\/div>\n\t\t\t\t<\/div>\n\t\t\t\t<\/div>\n\t\t<div class=\"elementor-element elementor-element-32b637b e-con-full e-flex e-con e-child\" data-id=\"32b637b\" data-element_type=\"container\" data-e-type=\"container\">\n\t\t<div class=\"elementor-element elementor-element-169b41e e-con-full e-flex e-con e-child\" data-id=\"169b41e\" data-element_type=\"container\" data-e-type=\"container\">\n\t\t\t\t<div class=\"elementor-element elementor-element-c6422bf elementor-widget elementor-widget-html\" data-id=\"c6422bf\" data-element_type=\"widget\" data-e-type=\"widget\" data-widget_type=\"html.default\">\n\t\t\t\t<div class=\"elementor-widget-container\">\n\t\t\t\t\t<a href=\"https:\/\/calerodiving.com\/de\/?page_id=24525#tdi-closed\" class=\"tag-button\">technisch<\/a>\n\t\t\t\t<\/div>\n\t\t\t\t<\/div>\n\t\t\t\t<div class=\"elementor-element elementor-element-6e8c58a elementor-widget elementor-widget-heading\" data-id=\"6e8c58a\" data-element_type=\"widget\" data-e-type=\"widget\" data-widget_type=\"heading.default\">\n\t\t\t\t<div class=\"elementor-widget-container\">\n\t\t\t\t\t<h2 class=\"elementor-heading-title elementor-size-default\">Fortgeschrittener Mischgas CCR Taucher (MOD 3)<\/h2>\t\t\t\t<\/div>\n\t\t\t\t<\/div>\n\t\t\t\t<\/div>\n\t\t\t\t<\/div>\n\t\t\t\t\t<\/div>\n\t\t\t\t<\/div>\n\t\t<div class=\"elementor-element elementor-element-9f53f83 e-flex e-con-boxed e-con e-parent\" data-id=\"9f53f83\" data-element_type=\"container\" data-e-type=\"container\">\n\t\t\t\t\t<div class=\"e-con-inner\">\n\t\t<div class=\"elementor-element elementor-element-10f390c e-con-full e-flex e-con e-child\" data-id=\"10f390c\" data-element_type=\"container\" data-e-type=\"container\">\n\t\t<div class=\"elementor-element elementor-element-422ba79 e-con-full e-flex e-con e-child\" data-id=\"422ba79\" data-element_type=\"container\" data-e-type=\"container\">\n\t\t\t\t<div class=\"elementor-element elementor-element-6db5827 elementor-widget elementor-widget-heading\" data-id=\"6db5827\" data-element_type=\"widget\" data-e-type=\"widget\" data-widget_type=\"heading.default\">\n\t\t\t\t<div class=\"elementor-widget-container\">\n\t\t\t\t\t<h2 class=\"elementor-heading-title elementor-size-default\">Erkunden Sie die Tiefen des Ozeans<\/h2>\t\t\t\t<\/div>\n\t\t\t\t<\/div>\n\t\t\t\t<div class=\"elementor-element elementor-element-52889af elementor-widget elementor-widget-text-editor\" data-id=\"52889af\" data-element_type=\"widget\" data-e-type=\"widget\" data-widget_type=\"text-editor.default\">\n\t\t\t\t<div class=\"elementor-widget-container\">\n\t\t\t\t\t\t\t\t\t<div class=\"section-list\"><h3>Programm\u00fcbersicht:<\/h3><p>Der TDI Advanced Mixed Gas CCR Kurs ist die h\u00f6chste Stufe der Kreislaufger\u00e4t (CCR) Ausbildung, die TDI anbietet, und wird Ihnen beibringen, wie Sie die vollen F\u00e4higkeiten Ihres CCR nutzen k\u00f6nnen. Mit einer maximalen Tiefe von 100 Metern er\u00f6ffnet dieser Kurs eine v\u00f6llig neue Dimension des Tauchens, einschlie\u00dflich neuer Wracks, H\u00f6hlen und W\u00e4nde, die in Tiefen erkundet werden k\u00f6nnen, die Sie zuvor mit einem Rebreather nicht erreichen konnten. Dieser intensive Kurs, der \u00fcber sieben Tauchg\u00e4nge durchgef\u00fchrt wird, konzentriert sich auf alle Elemente, die zur Planung und Durchf\u00fchrung von Tauchg\u00e4ngen in diese Tiefen erforderlich sind.  <\/p><h3>Dauer:<\/h3><ul><li>6 Tage<\/li><\/ul><h3>Inklusive:<\/h3><ul><li>7 Ausbildungstauchg\u00e4nge<\/li><li>Sofnolime<\/li><li>Digitale Materialien<\/li><li>O<sub>2<\/sub><\/li><li>Tauchflaschen<\/li><li>TDI Advanced Mixed Gas CCR Taucher Zertifizierung<\/li><\/ul><h3>Nicht inklusive:<\/h3><ul><li>Ausr\u00fcstungsverleih<\/li><li>Tauchversicherung<\/li><li>Miete der CCR-Einheit<\/li><li>Helium-Zusatz<\/li><\/ul><h3>Voraussetzungen:<\/h3><ul><li>Mindestens 18 Jahre alt<\/li><li>Mindestens 100 Rebreather-Stunden, verteilt auf mindestens 100 Tauchg\u00e4nge mit dem spezifischen Ger\u00e4t; mindestens 50 Stunden \u00fcber 50 Tauchg\u00e4nge m\u00fcssen mit dem spezifischen Ger\u00e4t absolviert worden sein; 50 % dieser Tauchg\u00e4nge m\u00fcssen tiefer als 30 Meter sein und alle m\u00fcssen tiefer als 9 Meter sein.<\/li><li>Besitzen Sie eine Zertifizierung f\u00fcr TDI Mixed Gas CCR Taucher oder eine gleichwertige.<\/li><\/ul><h3>Weitere Kurse, die Sie interessieren k\u00f6nnten:<\/h3><ul><li><a href=\"https:\/\/calerodiving.com\/mixed-gas-ccr-diver-mod-2\/\">Mischgas-CCR-Taucher<\/a><\/li><\/ul><\/div>\t\t\t\t\t\t\t\t<\/div>\n\t\t\t\t<\/div>\n\t\t\t\t<\/div>\n\t\t\t\t<\/div>\n\t\t<div class=\"elementor-element elementor-element-840b237 e-con-full e-flex e-con e-child\" data-id=\"840b237\" data-element_type=\"container\" data-e-type=\"container\">\n\t\t<div class=\"elementor-element elementor-element-5b73c11 e-con-full course-sidebar-box e-flex e-con e-child\" data-id=\"5b73c11\" data-element_type=\"container\" data-e-type=\"container\" data-settings=\"{&quot;sticky&quot;:&quot;top&quot;,&quot;sticky_offset&quot;:110,&quot;sticky_effects_offset&quot;:130,&quot;sticky_parent&quot;:&quot;yes&quot;,&quot;sticky_on&quot;:[&quot;desktop&quot;,&quot;tablet&quot;,&quot;mobile&quot;],&quot;sticky_anchor_link_offset&quot;:0}\">\n\t\t\t\t<div class=\"elementor-element elementor-element-087ab3a elementor-widget elementor-widget-text-editor\" data-id=\"087ab3a\" data-element_type=\"widget\" data-e-type=\"widget\" data-widget_type=\"text-editor.default\">\n\t\t\t\t<div class=\"elementor-widget-container\">\n\t\t\t\t\t\t\t\t\t<div class=\"courses-info\"><h6 class=\"no-margin\">Dauer:<\/h6><p class=\"no-margin\">6-t\u00e4giger Kurs<\/p><\/div><div class=\"courses-info\"><h6 class=\"no-margin\">Preis:<\/h6><p class=\"no-margin\">Ab 2.500 \u20ac<\/p><\/div>\t\t\t\t\t\t\t\t<\/div>\n\t\t\t\t<\/div>\n\t\t\t\t<div class=\"elementor-element elementor-element-55832c0 elementor-mobile-align-center elementor-widget elementor-widget-button\" data-id=\"55832c0\" data-element_type=\"widget\" data-e-type=\"widget\" data-widget_type=\"button.default\">\n\t\t\t\t<div class=\"elementor-widget-container\">\n\t\t\t\t\t\t\t\t\t<div class=\"elementor-button-wrapper\">\n\t\t\t\t\t<a class=\"elementor-button elementor-button-link elementor-size-sm\" href=\"https:\/\/app.bukyapp.com\/front\/6213b2319a1bbf005fa0b870\/product\/6888c7c5f2d9b20bc71a103f?lang=en\" target=\"_blank\">\n\t\t\t\t\t\t<span class=\"elementor-button-content-wrapper\">\n\t\t\t\t\t\t\t\t\t<span class=\"elementor-button-text\">Kurs kaufen<\/span>\n\t\t\t\t\t<\/span>\n\t\t\t\t\t<\/a>\n\t\t\t\t<\/div>\n\t\t\t\t\t\t\t\t<\/div>\n\t\t\t\t<\/div>\n\t\t\t\t<\/div>\n\t\t\t\t<\/div>\n\t\t\t\t\t<\/div>\n\t\t\t\t<\/div>\n\t\t\t\t<\/div>\n\t\t","protected":false},"excerpt":{"rendered":"<p>technisch Fortgeschrittener Mischgas CCR Taucher (MOD 3) Erkunden Sie die Tiefen des Ozeans Programm\u00fcbersicht: Der TDI Advanced Mixed Gas CCR Kurs ist die h\u00f6chste Stufe der Kreislaufger\u00e4t (CCR) Ausbildung, die TDI anbietet, und wird Ihnen beibringen, wie Sie die vollen F\u00e4higkeiten Ihres CCR nutzen k\u00f6nnen. Mit einer maximalen Tiefe von 100 Metern er\u00f6ffnet dieser Kurs [&hellip;]<\/p>\n","protected":false},"author":10,"featured_media":0,"parent":0,"menu_order":0,"comment_status":"closed","ping_status":"closed","template":"","meta":{"_acf_changed":false,"footnotes":""},"class_list":["post-24576","page","type-page","status-publish","hentry"],"acf":[],"yoast_head":"<!-- This site is optimized with the Yoast SEO plugin v27.5 - https:\/\/yoast.com\/product\/yoast-seo-wordpress\/ -->\n<title>Fortgeschrittener Mischgas-CCR-Taucher (MOD 3) | Calero Diving Lanzarote<\/title>\n<meta name=\"robots\" content=\"index, follow, max-snippet:-1, max-image-preview:large, max-video-preview:-1\" \/>\n<link rel=\"canonical\" href=\"https:\/\/calerodiving.com\/de\/fortgeschrittener-mischgas-ccr-taucher-mod-3\/\" \/>\n<meta property=\"og:locale\" content=\"de_DE\" \/>\n<meta property=\"og:type\" content=\"article\" \/>\n<meta property=\"og:title\" content=\"Fortgeschrittener Mischgas-CCR-Taucher (MOD 3) | Calero Diving Lanzarote\" \/>\n<meta property=\"og:description\" content=\"technisch Fortgeschrittener Mischgas CCR Taucher (MOD 3) Erkunden Sie die Tiefen des Ozeans Programm\u00fcbersicht: Der TDI Advanced Mixed Gas CCR Kurs ist die h\u00f6chste Stufe der Kreislaufger\u00e4t (CCR) Ausbildung, die TDI anbietet, und wird Ihnen beibringen, wie Sie die vollen F\u00e4higkeiten Ihres CCR nutzen k\u00f6nnen. Mit einer maximalen Tiefe von 100 Metern er\u00f6ffnet dieser Kurs [&hellip;]\" \/>\n<meta property=\"og:url\" content=\"https:\/\/calerodiving.com\/de\/fortgeschrittener-mischgas-ccr-taucher-mod-3\/\" \/>\n<meta property=\"og:site_name\" content=\"Calero Diving Lanzarote\" \/>\n<meta property=\"article:publisher\" content=\"https:\/\/www.facebook.com\/calerodiving\/\" \/>\n<meta property=\"article:modified_time\" content=\"2025-08-27T07:48:55+00:00\" \/>\n<meta property=\"og:image\" content=\"https:\/\/calerodiving.com\/wp-content\/uploads\/2025\/08\/Advanced-Mixed-Gas-CCR-Diver-MOD-3-Course-.png\" \/>\n\t<meta property=\"og:image:width\" content=\"700\" \/>\n\t<meta property=\"og:image:height\" content=\"445\" \/>\n\t<meta property=\"og:image:type\" content=\"image\/png\" \/>\n<meta name=\"twitter:card\" content=\"summary_large_image\" \/>\n<meta name=\"twitter:label1\" content=\"Gesch\u00e4tzte Lesezeit\" \/>\n\t<meta name=\"twitter:data1\" content=\"1\u00a0Minute\" \/>\n<script type=\"application\/ld+json\" class=\"yoast-schema-graph\">{\"@context\":\"https:\\\/\\\/schema.org\",\"@graph\":[{\"@type\":\"WebPage\",\"@id\":\"https:\\\/\\\/calerodiving.com\\\/de\\\/fortgeschrittener-mischgas-ccr-taucher-mod-3\\\/\",\"url\":\"https:\\\/\\\/calerodiving.com\\\/de\\\/fortgeschrittener-mischgas-ccr-taucher-mod-3\\\/\",\"name\":\"Fortgeschrittener Mischgas-CCR-Taucher (MOD 3) | Calero Diving Lanzarote\",\"isPartOf\":{\"@id\":\"https:\\\/\\\/calerodiving.com\\\/#website\"},\"primaryImageOfPage\":{\"@id\":\"https:\\\/\\\/calerodiving.com\\\/de\\\/fortgeschrittener-mischgas-ccr-taucher-mod-3\\\/#primaryimage\"},\"image\":{\"@id\":\"https:\\\/\\\/calerodiving.com\\\/de\\\/fortgeschrittener-mischgas-ccr-taucher-mod-3\\\/#primaryimage\"},\"thumbnailUrl\":\"https:\\\/\\\/calerodiving.com\\\/wp-content\\\/uploads\\\/2025\\\/08\\\/Advanced-Mixed-Gas-CCR-Diver-MOD-3-Course-.png\",\"datePublished\":\"2025-08-27T07:48:53+00:00\",\"dateModified\":\"2025-08-27T07:48:55+00:00\",\"breadcrumb\":{\"@id\":\"https:\\\/\\\/calerodiving.com\\\/de\\\/fortgeschrittener-mischgas-ccr-taucher-mod-3\\\/#breadcrumb\"},\"inLanguage\":\"de\",\"potentialAction\":[{\"@type\":\"ReadAction\",\"target\":[\"https:\\\/\\\/calerodiving.com\\\/de\\\/fortgeschrittener-mischgas-ccr-taucher-mod-3\\\/\"]}]},{\"@type\":\"ImageObject\",\"inLanguage\":\"de\",\"@id\":\"https:\\\/\\\/calerodiving.com\\\/de\\\/fortgeschrittener-mischgas-ccr-taucher-mod-3\\\/#primaryimage\",\"url\":\"https:\\\/\\\/calerodiving.com\\\/wp-content\\\/uploads\\\/2025\\\/08\\\/Advanced-Mixed-Gas-CCR-Diver-MOD-3-Course-.png\",\"contentUrl\":\"https:\\\/\\\/calerodiving.com\\\/wp-content\\\/uploads\\\/2025\\\/08\\\/Advanced-Mixed-Gas-CCR-Diver-MOD-3-Course-.png\"},{\"@type\":\"BreadcrumbList\",\"@id\":\"https:\\\/\\\/calerodiving.com\\\/de\\\/fortgeschrittener-mischgas-ccr-taucher-mod-3\\\/#breadcrumb\",\"itemListElement\":[{\"@type\":\"ListItem\",\"position\":1,\"name\":\"Home\",\"item\":\"https:\\\/\\\/calerodiving.com\\\/es\\\/\"},{\"@type\":\"ListItem\",\"position\":2,\"name\":\"Fortgeschrittener Mischgas-CCR-Taucher (MOD 3)\"}]},{\"@type\":\"WebSite\",\"@id\":\"https:\\\/\\\/calerodiving.com\\\/#website\",\"url\":\"https:\\\/\\\/calerodiving.com\\\/\",\"name\":\"Calero Diving Lanzarote\",\"description\":\"Dive Center - Marina Puerto Calero Lanzarote\",\"publisher\":{\"@id\":\"https:\\\/\\\/calerodiving.com\\\/#organization\"},\"alternateName\":\"Calero Diving\",\"potentialAction\":[{\"@type\":\"SearchAction\",\"target\":{\"@type\":\"EntryPoint\",\"urlTemplate\":\"https:\\\/\\\/calerodiving.com\\\/?s={search_term_string}\"},\"query-input\":{\"@type\":\"PropertyValueSpecification\",\"valueRequired\":true,\"valueName\":\"search_term_string\"}}],\"inLanguage\":\"de\"},{\"@type\":\"Organization\",\"@id\":\"https:\\\/\\\/calerodiving.com\\\/#organization\",\"name\":\"Calero Diving Lanzarote\",\"alternateName\":\"Calero Diving\",\"url\":\"https:\\\/\\\/calerodiving.com\\\/\",\"logo\":{\"@type\":\"ImageObject\",\"inLanguage\":\"de\",\"@id\":\"https:\\\/\\\/calerodiving.com\\\/#\\\/schema\\\/logo\\\/image\\\/\",\"url\":\"https:\\\/\\\/calerodiving.com\\\/wp-content\\\/uploads\\\/2025\\\/05\\\/Grupo.png\",\"contentUrl\":\"https:\\\/\\\/calerodiving.com\\\/wp-content\\\/uploads\\\/2025\\\/05\\\/Grupo.png\",\"width\":499,\"height\":590,\"caption\":\"Calero Diving Lanzarote\"},\"image\":{\"@id\":\"https:\\\/\\\/calerodiving.com\\\/#\\\/schema\\\/logo\\\/image\\\/\"},\"sameAs\":[\"https:\\\/\\\/www.facebook.com\\\/calerodiving\\\/\",\"https:\\\/\\\/www.instagram.com\\\/calerodiving\\\/\"]}]}<\/script>\n<!-- \/ Yoast SEO plugin. -->","yoast_head_json":{"title":"Fortgeschrittener Mischgas-CCR-Taucher (MOD 3) | Calero Diving Lanzarote","robots":{"index":"index","follow":"follow","max-snippet":"max-snippet:-1","max-image-preview":"max-image-preview:large","max-video-preview":"max-video-preview:-1"},"canonical":"https:\/\/calerodiving.com\/de\/fortgeschrittener-mischgas-ccr-taucher-mod-3\/","og_locale":"de_DE","og_type":"article","og_title":"Fortgeschrittener Mischgas-CCR-Taucher (MOD 3) | Calero Diving Lanzarote","og_description":"technisch Fortgeschrittener Mischgas CCR Taucher (MOD 3) Erkunden Sie die Tiefen des Ozeans Programm\u00fcbersicht: Der TDI Advanced Mixed Gas CCR Kurs ist die h\u00f6chste Stufe der Kreislaufger\u00e4t (CCR) Ausbildung, die TDI anbietet, und wird Ihnen beibringen, wie Sie die vollen F\u00e4higkeiten Ihres CCR nutzen k\u00f6nnen. Mit einer maximalen Tiefe von 100 Metern er\u00f6ffnet dieser Kurs [&hellip;]","og_url":"https:\/\/calerodiving.com\/de\/fortgeschrittener-mischgas-ccr-taucher-mod-3\/","og_site_name":"Calero Diving Lanzarote","article_publisher":"https:\/\/www.facebook.com\/calerodiving\/","article_modified_time":"2025-08-27T07:48:55+00:00","og_image":[{"width":700,"height":445,"url":"https:\/\/calerodiving.com\/wp-content\/uploads\/2025\/08\/Advanced-Mixed-Gas-CCR-Diver-MOD-3-Course-.png","type":"image\/png"}],"twitter_card":"summary_large_image","twitter_misc":{"Gesch\u00e4tzte Lesezeit":"1\u00a0Minute"},"schema":{"@context":"https:\/\/schema.org","@graph":[{"@type":"WebPage","@id":"https:\/\/calerodiving.com\/de\/fortgeschrittener-mischgas-ccr-taucher-mod-3\/","url":"https:\/\/calerodiving.com\/de\/fortgeschrittener-mischgas-ccr-taucher-mod-3\/","name":"Fortgeschrittener Mischgas-CCR-Taucher (MOD 3) | Calero Diving Lanzarote","isPartOf":{"@id":"https:\/\/calerodiving.com\/#website"},"primaryImageOfPage":{"@id":"https:\/\/calerodiving.com\/de\/fortgeschrittener-mischgas-ccr-taucher-mod-3\/#primaryimage"},"image":{"@id":"https:\/\/calerodiving.com\/de\/fortgeschrittener-mischgas-ccr-taucher-mod-3\/#primaryimage"},"thumbnailUrl":"https:\/\/calerodiving.com\/wp-content\/uploads\/2025\/08\/Advanced-Mixed-Gas-CCR-Diver-MOD-3-Course-.png","datePublished":"2025-08-27T07:48:53+00:00","dateModified":"2025-08-27T07:48:55+00:00","breadcrumb":{"@id":"https:\/\/calerodiving.com\/de\/fortgeschrittener-mischgas-ccr-taucher-mod-3\/#breadcrumb"},"inLanguage":"de","potentialAction":[{"@type":"ReadAction","target":["https:\/\/calerodiving.com\/de\/fortgeschrittener-mischgas-ccr-taucher-mod-3\/"]}]},{"@type":"ImageObject","inLanguage":"de","@id":"https:\/\/calerodiving.com\/de\/fortgeschrittener-mischgas-ccr-taucher-mod-3\/#primaryimage","url":"https:\/\/calerodiving.com\/wp-content\/uploads\/2025\/08\/Advanced-Mixed-Gas-CCR-Diver-MOD-3-Course-.png","contentUrl":"https:\/\/calerodiving.com\/wp-content\/uploads\/2025\/08\/Advanced-Mixed-Gas-CCR-Diver-MOD-3-Course-.png"},{"@type":"BreadcrumbList","@id":"https:\/\/calerodiving.com\/de\/fortgeschrittener-mischgas-ccr-taucher-mod-3\/#breadcrumb","itemListElement":[{"@type":"ListItem","position":1,"name":"Home","item":"https:\/\/calerodiving.com\/es\/"},{"@type":"ListItem","position":2,"name":"Fortgeschrittener Mischgas-CCR-Taucher (MOD 3)"}]},{"@type":"WebSite","@id":"https:\/\/calerodiving.com\/#website","url":"https:\/\/calerodiving.com\/","name":"Calero Diving Lanzarote","description":"Dive Center - Marina Puerto Calero Lanzarote","publisher":{"@id":"https:\/\/calerodiving.com\/#organization"},"alternateName":"Calero Diving","potentialAction":[{"@type":"SearchAction","target":{"@type":"EntryPoint","urlTemplate":"https:\/\/calerodiving.com\/?s={search_term_string}"},"query-input":{"@type":"PropertyValueSpecification","valueRequired":true,"valueName":"search_term_string"}}],"inLanguage":"de"},{"@type":"Organization","@id":"https:\/\/calerodiving.com\/#organization","name":"Calero Diving Lanzarote","alternateName":"Calero Diving","url":"https:\/\/calerodiving.com\/","logo":{"@type":"ImageObject","inLanguage":"de","@id":"https:\/\/calerodiving.com\/#\/schema\/logo\/image\/","url":"https:\/\/calerodiving.com\/wp-content\/uploads\/2025\/05\/Grupo.png","contentUrl":"https:\/\/calerodiving.com\/wp-content\/uploads\/2025\/05\/Grupo.png","width":499,"height":590,"caption":"Calero Diving Lanzarote"},"image":{"@id":"https:\/\/calerodiving.com\/#\/schema\/logo\/image\/"},"sameAs":["https:\/\/www.facebook.com\/calerodiving\/","https:\/\/www.instagram.com\/calerodiving\/"]}]}},"_links":{"self":[{"href":"https:\/\/calerodiving.com\/de\/wp-json\/wp\/v2\/pages\/24576","targetHints":{"allow":["GET"]}}],"collection":[{"href":"https:\/\/calerodiving.com\/de\/wp-json\/wp\/v2\/pages"}],"about":[{"href":"https:\/\/calerodiving.com\/de\/wp-json\/wp\/v2\/types\/page"}],"author":[{"embeddable":true,"href":"https:\/\/calerodiving.com\/de\/wp-json\/wp\/v2\/users\/10"}],"replies":[{"embeddable":true,"href":"https:\/\/calerodiving.com\/de\/wp-json\/wp\/v2\/comments?post=24576"}],"version-history":[{"count":1,"href":"https:\/\/calerodiving.com\/de\/wp-json\/wp\/v2\/pages\/24576\/revisions"}],"predecessor-version":[{"id":24578,"href":"https:\/\/calerodiving.com\/de\/wp-json\/wp\/v2\/pages\/24576\/revisions\/24578"}],"wp:attachment":[{"href":"https:\/\/calerodiving.com\/de\/wp-json\/wp\/v2\/media?parent=24576"}],"curies":[{"name":"wp","href":"https:\/\/api.w.org\/{rel}","templated":true}]}}