{"id":24565,"date":"2025-08-27T08:48:48","date_gmt":"2025-08-27T07:48:48","guid":{"rendered":"https:\/\/calerodiving.com\/expeditions-trimix-taucher\/"},"modified":"2025-08-27T08:48:54","modified_gmt":"2025-08-27T07:48:54","slug":"expeditions-trimix-taucher","status":"publish","type":"page","link":"https:\/\/calerodiving.com\/de\/expeditions-trimix-taucher\/","title":{"rendered":"Expeditions-Trimix-Taucher"},"content":{"rendered":"\t\t<div data-elementor-type=\"wp-page\" data-elementor-id=\"24565\" class=\"elementor elementor-24565 elementor-21265\" data-elementor-post-type=\"page\">\n\t\t\t\t<div class=\"elementor-element elementor-element-d7a165e e-flex e-con-boxed e-con e-parent\" data-id=\"d7a165e\" data-element_type=\"container\" data-e-type=\"container\">\n\t\t\t\t\t<div class=\"e-con-inner\">\n\t\t<div class=\"elementor-element elementor-element-13fc74e e-con-full e-flex e-con e-child\" data-id=\"13fc74e\" data-element_type=\"container\" data-e-type=\"container\">\n\t\t\t\t<div class=\"elementor-element elementor-element-f4d0006 elementor-widget elementor-widget-image\" data-id=\"f4d0006\" data-element_type=\"widget\" data-e-type=\"widget\" data-widget_type=\"image.default\">\n\t\t\t\t<div class=\"elementor-widget-container\">\n\t\t\t\t\t\t\t\t\t\t\t\t\t\t\t<img fetchpriority=\"high\" decoding=\"async\" width=\"700\" height=\"445\" src=\"https:\/\/calerodiving.com\/wp-content\/uploads\/2025\/07\/Logo-Iantd-Courses.png\" class=\"attachment-large size-large wp-image-20962\" alt=\"\" srcset=\"https:\/\/calerodiving.com\/wp-content\/uploads\/2025\/07\/Logo-Iantd-Courses.png 700w, https:\/\/calerodiving.com\/wp-content\/uploads\/2025\/07\/Logo-Iantd-Courses-300x191.png 300w\" sizes=\"(max-width: 700px) 100vw, 700px\" \/>\t\t\t\t\t\t\t\t\t\t\t\t\t\t\t<\/div>\n\t\t\t\t<\/div>\n\t\t\t\t<\/div>\n\t\t<div class=\"elementor-element elementor-element-d02ea66 e-con-full e-flex e-con e-child\" data-id=\"d02ea66\" data-element_type=\"container\" data-e-type=\"container\">\n\t\t<div class=\"elementor-element elementor-element-eca2a39 e-con-full e-flex e-con e-child\" data-id=\"eca2a39\" data-element_type=\"container\" data-e-type=\"container\">\n\t\t\t\t<div class=\"elementor-element elementor-element-f68be02 elementor-widget elementor-widget-html\" data-id=\"f68be02\" data-element_type=\"widget\" data-e-type=\"widget\" data-widget_type=\"html.default\">\n\t\t\t\t<div class=\"elementor-widget-container\">\n\t\t\t\t\t<a href=\"https:\/\/calerodiving.com\/de\/?page_id=24533#iantd-open\" class=\"tag-button\">technisch<\/a>\n\t\t\t\t<\/div>\n\t\t\t\t<\/div>\n\t\t\t\t<div class=\"elementor-element elementor-element-c22a9fa elementor-widget elementor-widget-heading\" data-id=\"c22a9fa\" data-element_type=\"widget\" data-e-type=\"widget\" data-widget_type=\"heading.default\">\n\t\t\t\t<div class=\"elementor-widget-container\">\n\t\t\t\t\t<h2 class=\"elementor-heading-title elementor-size-default\">Expeditions-Trimix-Taucher<\/h2>\t\t\t\t<\/div>\n\t\t\t\t<\/div>\n\t\t\t\t<\/div>\n\t\t\t\t<\/div>\n\t\t\t\t\t<\/div>\n\t\t\t\t<\/div>\n\t\t<div class=\"elementor-element elementor-element-563542a e-flex e-con-boxed e-con e-parent\" data-id=\"563542a\" data-element_type=\"container\" data-e-type=\"container\">\n\t\t\t\t\t<div class=\"e-con-inner\">\n\t\t<div class=\"elementor-element elementor-element-2704316 e-con-full e-flex e-con e-child\" data-id=\"2704316\" data-element_type=\"container\" data-e-type=\"container\">\n\t\t<div class=\"elementor-element elementor-element-d80d3f5 e-con-full e-flex e-con e-child\" data-id=\"d80d3f5\" data-element_type=\"container\" data-e-type=\"container\">\n\t\t\t\t<div class=\"elementor-element elementor-element-011913f elementor-widget elementor-widget-heading\" data-id=\"011913f\" data-element_type=\"widget\" data-e-type=\"widget\" data-widget_type=\"heading.default\">\n\t\t\t\t<div class=\"elementor-widget-container\">\n\t\t\t\t\t<h2 class=\"elementor-heading-title elementor-size-default\">Erweitern Sie Ihre Grenzen auf 120 Meter<\/h2>\t\t\t\t<\/div>\n\t\t\t\t<\/div>\n\t\t\t\t<div class=\"elementor-element elementor-element-4db2fd2 elementor-widget elementor-widget-text-editor\" data-id=\"4db2fd2\" data-element_type=\"widget\" data-e-type=\"widget\" data-widget_type=\"text-editor.default\">\n\t\t\t\t<div class=\"elementor-widget-container\">\n\t\t\t\t\t\t\t\t\t<div class=\"section-list\">\n<h3>Programm\u00fcbersicht:<\/h3>\n<p>Der Expedition Trimix Taucher Kurs ist f\u00fcr diejenigen Personen konzipiert, die bereits in Tiefseetauchaktivit\u00e4ten involviert sind und ihre Ausbildung vertiefen m\u00f6chten, um zu lernen, wie man Tauchg\u00e4nge sicher bis zu einer Tiefe von 120 Metern durchf\u00fchrt.<\/p>\n<h3>Dauer:<\/h3>\n<ul>\n<li>4 Tage<\/li>\n<\/ul>\n<h3>Inklusive:<\/h3>\n<ul>\n<li>1 Fertigkeitstauchgang<\/li>\n<li>6 Trainingstauchg\u00e4nge<\/li>\n<li>Digitale Materialien<\/li>\n<li>IANTD Expedition Trimix Taucher Zertifizierung<\/li>\n<\/ul>\n<h3>Nicht inklusive:<\/h3>\n<ul>\n<li>Ausr\u00fcstungsverleih<\/li>\n<li>Tauchversicherung<\/li>\n<li>Helium-Zusatz<\/li>\n<\/ul>\n<h3>Voraussetzungen:<\/h3>\n<ul>\n<li>Mindestalter 21 Jahre<\/li>\n<li>Mindestens 300 geloggte Tauchg\u00e4nge (100 davon m\u00fcssen mit Trimix sein)<\/li>\n<li>Als IANTD Trimix Taucher oder gleichwertig zertifiziert sein<\/li>\n<li>G\u00fcltige medizinische Bescheinigung aus dem letzten Jahr (keine Selbstzertifizierung akzeptiert)<\/li>\n<\/ul>\n<h3>Weitere Kurse, die Sie interessieren k\u00f6nnten:<\/h3>\n<ul>\n<li><a href=\"https:\/\/calerodiving.com\/trimix-diver-3\/\">Trimix-Taucher<\/a><\/li>\n<\/ul>\n<\/div>\t\t\t\t\t\t\t\t<\/div>\n\t\t\t\t<\/div>\n\t\t\t\t<\/div>\n\t\t\t\t<\/div>\n\t\t<div class=\"elementor-element elementor-element-17c92cb e-con-full e-flex e-con e-child\" data-id=\"17c92cb\" data-element_type=\"container\" data-e-type=\"container\">\n\t\t<div class=\"elementor-element elementor-element-a66969f e-con-full course-sidebar-box e-flex e-con e-child\" data-id=\"a66969f\" data-element_type=\"container\" data-e-type=\"container\" data-settings=\"{&quot;sticky&quot;:&quot;top&quot;,&quot;sticky_offset&quot;:110,&quot;sticky_effects_offset&quot;:130,&quot;sticky_parent&quot;:&quot;yes&quot;,&quot;sticky_on&quot;:[&quot;desktop&quot;,&quot;tablet&quot;,&quot;mobile&quot;],&quot;sticky_anchor_link_offset&quot;:0}\">\n\t\t\t\t<div class=\"elementor-element elementor-element-a654ac2 elementor-widget elementor-widget-text-editor\" data-id=\"a654ac2\" data-element_type=\"widget\" data-e-type=\"widget\" data-widget_type=\"text-editor.default\">\n\t\t\t\t<div class=\"elementor-widget-container\">\n\t\t\t\t\t\t\t\t\t<div class=\"courses-info\"><h6 class=\"no-margin\">Dauer:<\/h6><p class=\"no-margin\">4-t\u00e4giger Kurs<\/p><\/div><div class=\"courses-info\"><h6 class=\"no-margin\">Preis:<\/h6><p class=\"no-margin\">Ab 2.500 \u20ac<\/p><\/div>\t\t\t\t\t\t\t\t<\/div>\n\t\t\t\t<\/div>\n\t\t\t\t<div class=\"elementor-element elementor-element-46728c8 elementor-mobile-align-center elementor-widget elementor-widget-button\" data-id=\"46728c8\" data-element_type=\"widget\" data-e-type=\"widget\" data-widget_type=\"button.default\">\n\t\t\t\t<div class=\"elementor-widget-container\">\n\t\t\t\t\t\t\t\t\t<div class=\"elementor-button-wrapper\">\n\t\t\t\t\t<a class=\"elementor-button elementor-button-link elementor-size-sm\" href=\"https:\/\/app.bukyapp.com\/front\/6213b2319a1bbf005fa0b870\/product\/6888c358496a39fad5ffe699?lang=en\" target=\"_blank\">\n\t\t\t\t\t\t<span class=\"elementor-button-content-wrapper\">\n\t\t\t\t\t\t\t\t\t<span class=\"elementor-button-text\">Kurs kaufen<\/span>\n\t\t\t\t\t<\/span>\n\t\t\t\t\t<\/a>\n\t\t\t\t<\/div>\n\t\t\t\t\t\t\t\t<\/div>\n\t\t\t\t<\/div>\n\t\t\t\t<\/div>\n\t\t\t\t<\/div>\n\t\t\t\t\t<\/div>\n\t\t\t\t<\/div>\n\t\t\t\t<\/div>\n\t\t","protected":false},"excerpt":{"rendered":"<p>technisch Expeditions-Trimix-Taucher Erweitern Sie Ihre Grenzen auf 120 Meter Programm\u00fcbersicht: Der Expedition Trimix Taucher Kurs ist f\u00fcr diejenigen Personen konzipiert, die bereits in Tiefseetauchaktivit\u00e4ten involviert sind und ihre Ausbildung vertiefen m\u00f6chten, um zu lernen, wie man Tauchg\u00e4nge sicher bis zu einer Tiefe von 120 Metern durchf\u00fchrt. Dauer: 4 Tage Inklusive: 1 Fertigkeitstauchgang 6 Trainingstauchg\u00e4nge Digitale [&hellip;]<\/p>\n","protected":false},"author":10,"featured_media":0,"parent":0,"menu_order":0,"comment_status":"closed","ping_status":"closed","template":"","meta":{"_acf_changed":false,"footnotes":""},"class_list":["post-24565","page","type-page","status-publish","hentry"],"acf":[],"yoast_head":"<!-- This site is optimized with the Yoast SEO plugin v27.5 - https:\/\/yoast.com\/product\/yoast-seo-wordpress\/ -->\n<title>Expeditions-Trimix-Taucher | Calero Diving Lanzarote<\/title>\n<meta name=\"robots\" content=\"index, follow, max-snippet:-1, max-image-preview:large, max-video-preview:-1\" \/>\n<link rel=\"canonical\" href=\"https:\/\/calerodiving.com\/de\/expeditions-trimix-taucher\/\" \/>\n<meta property=\"og:locale\" content=\"de_DE\" \/>\n<meta property=\"og:type\" content=\"article\" \/>\n<meta property=\"og:title\" content=\"Expeditions-Trimix-Taucher | Calero Diving Lanzarote\" \/>\n<meta property=\"og:description\" content=\"technisch Expeditions-Trimix-Taucher Erweitern Sie Ihre Grenzen auf 120 Meter Programm\u00fcbersicht: Der Expedition Trimix Taucher Kurs ist f\u00fcr diejenigen Personen konzipiert, die bereits in Tiefseetauchaktivit\u00e4ten involviert sind und ihre Ausbildung vertiefen m\u00f6chten, um zu lernen, wie man Tauchg\u00e4nge sicher bis zu einer Tiefe von 120 Metern durchf\u00fchrt. Dauer: 4 Tage Inklusive: 1 Fertigkeitstauchgang 6 Trainingstauchg\u00e4nge Digitale [&hellip;]\" \/>\n<meta property=\"og:url\" content=\"https:\/\/calerodiving.com\/de\/expeditions-trimix-taucher\/\" \/>\n<meta property=\"og:site_name\" content=\"Calero Diving Lanzarote\" \/>\n<meta property=\"article:publisher\" content=\"https:\/\/www.facebook.com\/calerodiving\/\" \/>\n<meta property=\"article:modified_time\" content=\"2025-08-27T07:48:54+00:00\" \/>\n<meta property=\"og:image\" content=\"https:\/\/calerodiving.com\/wp-content\/uploads\/2025\/07\/Logo-Iantd-Courses.png\" \/>\n\t<meta property=\"og:image:width\" content=\"700\" \/>\n\t<meta property=\"og:image:height\" content=\"445\" \/>\n\t<meta property=\"og:image:type\" content=\"image\/png\" \/>\n<meta name=\"twitter:card\" content=\"summary_large_image\" \/>\n<meta name=\"twitter:label1\" content=\"Gesch\u00e4tzte Lesezeit\" \/>\n\t<meta name=\"twitter:data1\" content=\"1\u00a0Minute\" \/>\n<script type=\"application\/ld+json\" class=\"yoast-schema-graph\">{\"@context\":\"https:\\\/\\\/schema.org\",\"@graph\":[{\"@type\":\"WebPage\",\"@id\":\"https:\\\/\\\/calerodiving.com\\\/de\\\/expeditions-trimix-taucher\\\/\",\"url\":\"https:\\\/\\\/calerodiving.com\\\/de\\\/expeditions-trimix-taucher\\\/\",\"name\":\"Expeditions-Trimix-Taucher | Calero Diving Lanzarote\",\"isPartOf\":{\"@id\":\"https:\\\/\\\/calerodiving.com\\\/#website\"},\"primaryImageOfPage\":{\"@id\":\"https:\\\/\\\/calerodiving.com\\\/de\\\/expeditions-trimix-taucher\\\/#primaryimage\"},\"image\":{\"@id\":\"https:\\\/\\\/calerodiving.com\\\/de\\\/expeditions-trimix-taucher\\\/#primaryimage\"},\"thumbnailUrl\":\"https:\\\/\\\/calerodiving.com\\\/wp-content\\\/uploads\\\/2025\\\/07\\\/Logo-Iantd-Courses.png\",\"datePublished\":\"2025-08-27T07:48:48+00:00\",\"dateModified\":\"2025-08-27T07:48:54+00:00\",\"breadcrumb\":{\"@id\":\"https:\\\/\\\/calerodiving.com\\\/de\\\/expeditions-trimix-taucher\\\/#breadcrumb\"},\"inLanguage\":\"de\",\"potentialAction\":[{\"@type\":\"ReadAction\",\"target\":[\"https:\\\/\\\/calerodiving.com\\\/de\\\/expeditions-trimix-taucher\\\/\"]}]},{\"@type\":\"ImageObject\",\"inLanguage\":\"de\",\"@id\":\"https:\\\/\\\/calerodiving.com\\\/de\\\/expeditions-trimix-taucher\\\/#primaryimage\",\"url\":\"https:\\\/\\\/calerodiving.com\\\/wp-content\\\/uploads\\\/2025\\\/07\\\/Logo-Iantd-Courses.png\",\"contentUrl\":\"https:\\\/\\\/calerodiving.com\\\/wp-content\\\/uploads\\\/2025\\\/07\\\/Logo-Iantd-Courses.png\"},{\"@type\":\"BreadcrumbList\",\"@id\":\"https:\\\/\\\/calerodiving.com\\\/de\\\/expeditions-trimix-taucher\\\/#breadcrumb\",\"itemListElement\":[{\"@type\":\"ListItem\",\"position\":1,\"name\":\"Home\",\"item\":\"https:\\\/\\\/calerodiving.com\\\/es\\\/\"},{\"@type\":\"ListItem\",\"position\":2,\"name\":\"Expeditions-Trimix-Taucher\"}]},{\"@type\":\"WebSite\",\"@id\":\"https:\\\/\\\/calerodiving.com\\\/#website\",\"url\":\"https:\\\/\\\/calerodiving.com\\\/\",\"name\":\"Calero Diving Lanzarote\",\"description\":\"Dive Center - Marina Puerto Calero Lanzarote\",\"publisher\":{\"@id\":\"https:\\\/\\\/calerodiving.com\\\/#organization\"},\"alternateName\":\"Calero Diving\",\"potentialAction\":[{\"@type\":\"SearchAction\",\"target\":{\"@type\":\"EntryPoint\",\"urlTemplate\":\"https:\\\/\\\/calerodiving.com\\\/?s={search_term_string}\"},\"query-input\":{\"@type\":\"PropertyValueSpecification\",\"valueRequired\":true,\"valueName\":\"search_term_string\"}}],\"inLanguage\":\"de\"},{\"@type\":\"Organization\",\"@id\":\"https:\\\/\\\/calerodiving.com\\\/#organization\",\"name\":\"Calero Diving Lanzarote\",\"alternateName\":\"Calero Diving\",\"url\":\"https:\\\/\\\/calerodiving.com\\\/\",\"logo\":{\"@type\":\"ImageObject\",\"inLanguage\":\"de\",\"@id\":\"https:\\\/\\\/calerodiving.com\\\/#\\\/schema\\\/logo\\\/image\\\/\",\"url\":\"https:\\\/\\\/calerodiving.com\\\/wp-content\\\/uploads\\\/2025\\\/05\\\/Grupo.png\",\"contentUrl\":\"https:\\\/\\\/calerodiving.com\\\/wp-content\\\/uploads\\\/2025\\\/05\\\/Grupo.png\",\"width\":499,\"height\":590,\"caption\":\"Calero Diving Lanzarote\"},\"image\":{\"@id\":\"https:\\\/\\\/calerodiving.com\\\/#\\\/schema\\\/logo\\\/image\\\/\"},\"sameAs\":[\"https:\\\/\\\/www.facebook.com\\\/calerodiving\\\/\",\"https:\\\/\\\/www.instagram.com\\\/calerodiving\\\/\"]}]}<\/script>\n<!-- \/ Yoast SEO plugin. -->","yoast_head_json":{"title":"Expeditions-Trimix-Taucher | Calero Diving Lanzarote","robots":{"index":"index","follow":"follow","max-snippet":"max-snippet:-1","max-image-preview":"max-image-preview:large","max-video-preview":"max-video-preview:-1"},"canonical":"https:\/\/calerodiving.com\/de\/expeditions-trimix-taucher\/","og_locale":"de_DE","og_type":"article","og_title":"Expeditions-Trimix-Taucher | Calero Diving Lanzarote","og_description":"technisch Expeditions-Trimix-Taucher Erweitern Sie Ihre Grenzen auf 120 Meter Programm\u00fcbersicht: Der Expedition Trimix Taucher Kurs ist f\u00fcr diejenigen Personen konzipiert, die bereits in Tiefseetauchaktivit\u00e4ten involviert sind und ihre Ausbildung vertiefen m\u00f6chten, um zu lernen, wie man Tauchg\u00e4nge sicher bis zu einer Tiefe von 120 Metern durchf\u00fchrt. Dauer: 4 Tage Inklusive: 1 Fertigkeitstauchgang 6 Trainingstauchg\u00e4nge Digitale [&hellip;]","og_url":"https:\/\/calerodiving.com\/de\/expeditions-trimix-taucher\/","og_site_name":"Calero Diving Lanzarote","article_publisher":"https:\/\/www.facebook.com\/calerodiving\/","article_modified_time":"2025-08-27T07:48:54+00:00","og_image":[{"width":700,"height":445,"url":"https:\/\/calerodiving.com\/wp-content\/uploads\/2025\/07\/Logo-Iantd-Courses.png","type":"image\/png"}],"twitter_card":"summary_large_image","twitter_misc":{"Gesch\u00e4tzte Lesezeit":"1\u00a0Minute"},"schema":{"@context":"https:\/\/schema.org","@graph":[{"@type":"WebPage","@id":"https:\/\/calerodiving.com\/de\/expeditions-trimix-taucher\/","url":"https:\/\/calerodiving.com\/de\/expeditions-trimix-taucher\/","name":"Expeditions-Trimix-Taucher | Calero Diving Lanzarote","isPartOf":{"@id":"https:\/\/calerodiving.com\/#website"},"primaryImageOfPage":{"@id":"https:\/\/calerodiving.com\/de\/expeditions-trimix-taucher\/#primaryimage"},"image":{"@id":"https:\/\/calerodiving.com\/de\/expeditions-trimix-taucher\/#primaryimage"},"thumbnailUrl":"https:\/\/calerodiving.com\/wp-content\/uploads\/2025\/07\/Logo-Iantd-Courses.png","datePublished":"2025-08-27T07:48:48+00:00","dateModified":"2025-08-27T07:48:54+00:00","breadcrumb":{"@id":"https:\/\/calerodiving.com\/de\/expeditions-trimix-taucher\/#breadcrumb"},"inLanguage":"de","potentialAction":[{"@type":"ReadAction","target":["https:\/\/calerodiving.com\/de\/expeditions-trimix-taucher\/"]}]},{"@type":"ImageObject","inLanguage":"de","@id":"https:\/\/calerodiving.com\/de\/expeditions-trimix-taucher\/#primaryimage","url":"https:\/\/calerodiving.com\/wp-content\/uploads\/2025\/07\/Logo-Iantd-Courses.png","contentUrl":"https:\/\/calerodiving.com\/wp-content\/uploads\/2025\/07\/Logo-Iantd-Courses.png"},{"@type":"BreadcrumbList","@id":"https:\/\/calerodiving.com\/de\/expeditions-trimix-taucher\/#breadcrumb","itemListElement":[{"@type":"ListItem","position":1,"name":"Home","item":"https:\/\/calerodiving.com\/es\/"},{"@type":"ListItem","position":2,"name":"Expeditions-Trimix-Taucher"}]},{"@type":"WebSite","@id":"https:\/\/calerodiving.com\/#website","url":"https:\/\/calerodiving.com\/","name":"Calero Diving Lanzarote","description":"Dive Center - Marina Puerto Calero Lanzarote","publisher":{"@id":"https:\/\/calerodiving.com\/#organization"},"alternateName":"Calero Diving","potentialAction":[{"@type":"SearchAction","target":{"@type":"EntryPoint","urlTemplate":"https:\/\/calerodiving.com\/?s={search_term_string}"},"query-input":{"@type":"PropertyValueSpecification","valueRequired":true,"valueName":"search_term_string"}}],"inLanguage":"de"},{"@type":"Organization","@id":"https:\/\/calerodiving.com\/#organization","name":"Calero Diving Lanzarote","alternateName":"Calero Diving","url":"https:\/\/calerodiving.com\/","logo":{"@type":"ImageObject","inLanguage":"de","@id":"https:\/\/calerodiving.com\/#\/schema\/logo\/image\/","url":"https:\/\/calerodiving.com\/wp-content\/uploads\/2025\/05\/Grupo.png","contentUrl":"https:\/\/calerodiving.com\/wp-content\/uploads\/2025\/05\/Grupo.png","width":499,"height":590,"caption":"Calero Diving Lanzarote"},"image":{"@id":"https:\/\/calerodiving.com\/#\/schema\/logo\/image\/"},"sameAs":["https:\/\/www.facebook.com\/calerodiving\/","https:\/\/www.instagram.com\/calerodiving\/"]}]}},"_links":{"self":[{"href":"https:\/\/calerodiving.com\/de\/wp-json\/wp\/v2\/pages\/24565","targetHints":{"allow":["GET"]}}],"collection":[{"href":"https:\/\/calerodiving.com\/de\/wp-json\/wp\/v2\/pages"}],"about":[{"href":"https:\/\/calerodiving.com\/de\/wp-json\/wp\/v2\/types\/page"}],"author":[{"embeddable":true,"href":"https:\/\/calerodiving.com\/de\/wp-json\/wp\/v2\/users\/10"}],"replies":[{"embeddable":true,"href":"https:\/\/calerodiving.com\/de\/wp-json\/wp\/v2\/comments?post=24565"}],"version-history":[{"count":1,"href":"https:\/\/calerodiving.com\/de\/wp-json\/wp\/v2\/pages\/24565\/revisions"}],"predecessor-version":[{"id":24567,"href":"https:\/\/calerodiving.com\/de\/wp-json\/wp\/v2\/pages\/24565\/revisions\/24567"}],"wp:attachment":[{"href":"https:\/\/calerodiving.com\/de\/wp-json\/wp\/v2\/media?parent=24565"}],"curies":[{"name":"wp","href":"https:\/\/api.w.org\/{rel}","templated":true}]}}