{"id":24555,"date":"2025-08-27T08:48:28","date_gmt":"2025-08-27T07:48:28","guid":{"rendered":"https:\/\/calerodiving.com\/taucherstress-und-rettung\/"},"modified":"2026-04-20T10:57:08","modified_gmt":"2026-04-20T09:57:08","slug":"taucherstress-und-rettung","status":"publish","type":"page","link":"https:\/\/calerodiving.com\/de\/taucherstress-und-rettung\/","title":{"rendered":"Taucherstress und Rettung"},"content":{"rendered":"\t\t<div data-elementor-type=\"wp-page\" data-elementor-id=\"24555\" class=\"elementor elementor-24555 elementor-21508\" data-elementor-post-type=\"page\">\n\t\t\t\t<div class=\"elementor-element elementor-element-067e22e e-flex e-con-boxed e-con e-parent\" data-id=\"067e22e\" data-element_type=\"container\" data-e-type=\"container\">\n\t\t\t\t\t<div class=\"e-con-inner\">\n\t\t<div class=\"elementor-element elementor-element-326b9de e-con-full e-flex e-con e-child\" data-id=\"326b9de\" data-element_type=\"container\" data-e-type=\"container\">\n\t\t\t\t<div class=\"elementor-element elementor-element-daadfdd elementor-widget elementor-widget-image\" data-id=\"daadfdd\" data-element_type=\"widget\" data-e-type=\"widget\" data-widget_type=\"image.default\">\n\t\t\t\t<div class=\"elementor-widget-container\">\n\t\t\t\t\t\t\t\t\t\t\t\t\t\t\t<img fetchpriority=\"high\" decoding=\"async\" width=\"350\" height=\"222\" src=\"https:\/\/calerodiving.com\/wp-content\/uploads\/2017\/09\/diver-stress-rescue.jpg\" class=\"attachment-large size-large wp-image-199\" alt=\"\" srcset=\"https:\/\/calerodiving.com\/wp-content\/uploads\/2017\/09\/diver-stress-rescue.jpg 350w, https:\/\/calerodiving.com\/wp-content\/uploads\/2017\/09\/diver-stress-rescue-300x190.jpg 300w\" sizes=\"(max-width: 350px) 100vw, 350px\" \/>\t\t\t\t\t\t\t\t\t\t\t\t\t\t\t<\/div>\n\t\t\t\t<\/div>\n\t\t\t\t<\/div>\n\t\t<div class=\"elementor-element elementor-element-5214237 e-con-full e-flex e-con e-child\" data-id=\"5214237\" data-element_type=\"container\" data-e-type=\"container\">\n\t\t<div class=\"elementor-element elementor-element-3cb7c96 e-con-full e-flex e-con e-child\" data-id=\"3cb7c96\" data-element_type=\"container\" data-e-type=\"container\">\n\t\t\t\t<div class=\"elementor-element elementor-element-2c9d3c1 elementor-widget elementor-widget-html\" data-id=\"2c9d3c1\" data-element_type=\"widget\" data-e-type=\"widget\" data-widget_type=\"html.default\">\n\t\t\t\t<div class=\"elementor-widget-container\">\n\t\t\t\t\t<a href=\"https:\/\/calerodiving.com\/de\/?page_id=24215#specialties\" class=\"tag-button\">Spezialit\u00e4ten<\/a>\n\t\t\t\t<\/div>\n\t\t\t\t<\/div>\n\t\t\t\t<div class=\"elementor-element elementor-element-ed90195 elementor-widget elementor-widget-heading\" data-id=\"ed90195\" data-element_type=\"widget\" data-e-type=\"widget\" data-widget_type=\"heading.default\">\n\t\t\t\t<div class=\"elementor-widget-container\">\n\t\t\t\t\t<h2 class=\"elementor-heading-title elementor-size-default\">Diver Stress and Rescue<\/h2>\t\t\t\t<\/div>\n\t\t\t\t<\/div>\n\t\t\t\t<\/div>\n\t\t\t\t<\/div>\n\t\t\t\t\t<\/div>\n\t\t\t\t<\/div>\n\t\t<div class=\"elementor-element elementor-element-2ba742e e-flex e-con-boxed e-con e-parent\" data-id=\"2ba742e\" data-element_type=\"container\" data-e-type=\"container\">\n\t\t\t\t\t<div class=\"e-con-inner\">\n\t\t<div class=\"elementor-element elementor-element-c6c118b e-con-full e-flex e-con e-child\" data-id=\"c6c118b\" data-element_type=\"container\" data-e-type=\"container\">\n\t\t<div class=\"elementor-element elementor-element-e67ed81 e-con-full e-flex e-con e-child\" data-id=\"e67ed81\" data-element_type=\"container\" data-e-type=\"container\">\n\t\t\t\t<div class=\"elementor-element elementor-element-1301206 elementor-widget elementor-widget-heading\" data-id=\"1301206\" data-element_type=\"widget\" data-e-type=\"widget\" data-widget_type=\"heading.default\">\n\t\t\t\t<div class=\"elementor-widget-container\">\n\t\t\t\t\t<h2 class=\"elementor-heading-title elementor-size-default\">Lernen Sie lebenswichtige Rettungsf\u00e4higkeiten<\/h2>\t\t\t\t<\/div>\n\t\t\t\t<\/div>\n\t\t\t\t<div class=\"elementor-element elementor-element-ed0d103 elementor-widget elementor-widget-text-editor\" data-id=\"ed0d103\" data-element_type=\"widget\" data-e-type=\"widget\" data-widget_type=\"text-editor.default\">\n\t\t\t\t<div class=\"elementor-widget-container\">\n\t\t\t\t\t\t\t\t\t<div class=\"section-list\">\n<h3>Kurs\u00fcbersicht:<\/h3>\nDie meisten Tauchvorf\u00e4lle k\u00f6nnen lange vermieden werden, bevor sie zu echten Notf\u00e4llen werden. Stress fr\u00fchzeitig zu erkennen, die Umgebung aufmerksam wahrzunehmen und ruhig zu reagieren, geh\u00f6rt zu den wertvollsten F\u00e4higkeiten, die ein Taucher entwickeln kann.<br><br>\n\nDie SSI Diver Stress and Rescue Specialty zeigt dir, wie du Stress erkennst, Probleme verhinderst, bevor sie eskalieren, und effektiver reagierst, wenn sich f\u00fcr dich oder deinen Buddy eine kritische Situation entwickelt.<br><br>\n\nDieser Kurs basiert auf Pr\u00e4vention, Aufmerksamkeit und kontrolliertem Handeln. Er hilft dir, ein besser vorbereiteter Taucher zu werden \u2013 nicht nur in Notf\u00e4llen, sondern auch beim ganz normalen Tauchen.<br><br>\n\nEs ist eine der wertvollsten Specialties f\u00fcr Sporttaucher und gleichzeitig eine wichtige Voraussetzung, wenn du dich in Richtung professioneller Ausbildung wie SSI Dive Guide weiterentwickeln m\u00f6chtest.<br><br>\n\nEs kann ein anspruchsvoller Kurs sein, ist aber gleichzeitig einer der lohnendsten \u2013 denn die F\u00e4higkeiten, die du dabei entwickelst, verbessern praktisch jeden Tauchgang danach.\n\n<h3>Ausbildungsstandards<\/h3>\n<ul>\n  <li>Dauer: 3\u20134 Tage<\/li>\n  <li>Inklusive: 3 Einheiten im begrenzten Wasser, 3 Ausbildungstauchg\u00e4nge, digitale Lernmaterialien und SSI Diver Stress and Rescue Zertifizierung<\/li>\n<\/ul>\n\n<h3>Voraussetzungen<\/h3>\n<ul>\n  <li>Mindestalter von 12 Jahren, SSI Open Water Diver Zertifizierung oder gleichwertig sowie SSI React Right Zertifizierung oder gleichwertig (einschlie\u00dflich Erste Hilfe, CPR, O\u2082 und AED)<\/li>\n<\/ul>\n\n<h3>Nicht inklusive<\/h3>\n<ul>\n  <li>Leihausr\u00fcstung<\/li>\n  <li>Tauchversicherung<\/li>\n  <li>SSI React Right Zertifizierung (falls noch nicht absolviert)<\/li>\n<\/ul>\n\n<h3>Weitere Kurse, die dich interessieren k\u00f6nnten<\/h3>\n<ul>\n  <li>React Right<\/li>\n  <li>Divemaster<\/li>\n<\/ul>\n<\/div>\t\t\t\t\t\t\t\t<\/div>\n\t\t\t\t<\/div>\n\t\t\t\t<\/div>\n\t\t\t\t<\/div>\n\t\t<div class=\"elementor-element elementor-element-3933558 e-con-full e-flex e-con e-child\" data-id=\"3933558\" data-element_type=\"container\" data-e-type=\"container\">\n\t\t<div class=\"elementor-element elementor-element-ac2ea6f e-con-full course-sidebar-box e-flex e-con e-child\" data-id=\"ac2ea6f\" data-element_type=\"container\" data-e-type=\"container\" data-settings=\"{&quot;sticky&quot;:&quot;top&quot;,&quot;sticky_offset&quot;:110,&quot;sticky_effects_offset&quot;:130,&quot;sticky_parent&quot;:&quot;yes&quot;,&quot;sticky_on&quot;:[&quot;desktop&quot;,&quot;tablet&quot;,&quot;mobile&quot;],&quot;sticky_anchor_link_offset&quot;:0}\">\n\t\t\t\t<div class=\"elementor-element elementor-element-bb66485 elementor-widget elementor-widget-text-editor\" data-id=\"bb66485\" data-element_type=\"widget\" data-e-type=\"widget\" data-widget_type=\"text-editor.default\">\n\t\t\t\t<div class=\"elementor-widget-container\">\n\t\t\t\t\t\t\t\t\t<div class=\"courses-info\"><h6 class=\"no-margin\">Dauer:<\/h6><p class=\"no-margin\">2-3-t\u00e4giger Kurs<\/p><\/div><div class=\"courses-info\"><h6 class=\"no-margin\">Preis:<\/h6><p class=\"no-margin\">Ab 450 \u20ac<\/p><\/div>\t\t\t\t\t\t\t\t<\/div>\n\t\t\t\t<\/div>\n\t\t\t\t<div class=\"elementor-element elementor-element-a2481d6 elementor-mobile-align-center elementor-widget elementor-widget-button\" data-id=\"a2481d6\" data-element_type=\"widget\" data-e-type=\"widget\" data-widget_type=\"button.default\">\n\t\t\t\t<div class=\"elementor-widget-container\">\n\t\t\t\t\t\t\t\t\t<div class=\"elementor-button-wrapper\">\n\t\t\t\t\t<a class=\"elementor-button elementor-button-link elementor-size-sm\" href=\"https:\/\/booking.calerodiving.com\/front\/6213b2319a1bbf005fa0b870\/product\/622227aa4db01a005f511a1f?lang=de\" target=\"_blank\">\n\t\t\t\t\t\t<span class=\"elementor-button-content-wrapper\">\n\t\t\t\t\t\t\t\t\t<span class=\"elementor-button-text\">Kurs buchen<\/span>\n\t\t\t\t\t<\/span>\n\t\t\t\t\t<\/a>\n\t\t\t\t<\/div>\n\t\t\t\t\t\t\t\t<\/div>\n\t\t\t\t<\/div>\n\t\t\t\t<\/div>\n\t\t\t\t<\/div>\n\t\t\t\t\t<\/div>\n\t\t\t\t<\/div>\n\t\t\t\t<\/div>\n\t\t","protected":false},"excerpt":{"rendered":"<p>Spezialit\u00e4ten Diver Stress and Rescue Lernen Sie lebenswichtige Rettungsf\u00e4higkeiten Kurs\u00fcbersicht: Die meisten Tauchvorf\u00e4lle k\u00f6nnen lange vermieden werden, bevor sie zu echten Notf\u00e4llen werden. Stress fr\u00fchzeitig zu erkennen, die Umgebung aufmerksam wahrzunehmen und ruhig zu reagieren, geh\u00f6rt zu den wertvollsten F\u00e4higkeiten, die ein Taucher entwickeln kann. Die SSI Diver Stress and Rescue Specialty zeigt dir, wie [&hellip;]<\/p>\n","protected":false},"author":10,"featured_media":0,"parent":0,"menu_order":0,"comment_status":"closed","ping_status":"closed","template":"","meta":{"_acf_changed":false,"footnotes":""},"class_list":["post-24555","page","type-page","status-publish","hentry"],"acf":[],"yoast_head":"<!-- This site is optimized with the Yoast SEO plugin v27.5 - https:\/\/yoast.com\/product\/yoast-seo-wordpress\/ -->\n<title>Taucherstress und Rettung | Calero Diving Lanzarote<\/title>\n<meta name=\"robots\" content=\"index, follow, max-snippet:-1, max-image-preview:large, max-video-preview:-1\" \/>\n<link rel=\"canonical\" href=\"https:\/\/calerodiving.com\/diver-stress-and-rescue\/\" \/>\n<meta property=\"og:locale\" content=\"de_DE\" \/>\n<meta property=\"og:type\" content=\"article\" \/>\n<meta property=\"og:title\" content=\"Taucherstress und Rettung | Calero Diving Lanzarote\" \/>\n<meta property=\"og:description\" content=\"Spezialit\u00e4ten Diver Stress and Rescue Lernen Sie lebenswichtige Rettungsf\u00e4higkeiten Kurs\u00fcbersicht: Die meisten Tauchvorf\u00e4lle k\u00f6nnen lange vermieden werden, bevor sie zu echten Notf\u00e4llen werden. Stress fr\u00fchzeitig zu erkennen, die Umgebung aufmerksam wahrzunehmen und ruhig zu reagieren, geh\u00f6rt zu den wertvollsten F\u00e4higkeiten, die ein Taucher entwickeln kann. Die SSI Diver Stress and Rescue Specialty zeigt dir, wie [&hellip;]\" \/>\n<meta property=\"og:url\" content=\"https:\/\/calerodiving.com\/diver-stress-and-rescue\/\" \/>\n<meta property=\"og:site_name\" content=\"Calero Diving Lanzarote\" \/>\n<meta property=\"article:publisher\" content=\"https:\/\/www.facebook.com\/calerodiving\/\" \/>\n<meta property=\"article:modified_time\" content=\"2026-04-20T09:57:08+00:00\" \/>\n<meta property=\"og:image\" content=\"https:\/\/calerodiving.com\/wp-content\/uploads\/2017\/09\/diver-stress-rescue.jpg\" \/>\n\t<meta property=\"og:image:width\" content=\"350\" \/>\n\t<meta property=\"og:image:height\" content=\"222\" \/>\n\t<meta property=\"og:image:type\" content=\"image\/jpeg\" \/>\n<meta name=\"twitter:card\" content=\"summary_large_image\" \/>\n<meta name=\"twitter:label1\" content=\"Gesch\u00e4tzte Lesezeit\" \/>\n\t<meta name=\"twitter:data1\" content=\"2\u00a0Minuten\" \/>\n<script type=\"application\/ld+json\" class=\"yoast-schema-graph\">{\"@context\":\"https:\\\/\\\/schema.org\",\"@graph\":[{\"@type\":\"WebPage\",\"@id\":\"https:\\\/\\\/calerodiving.com\\\/diver-stress-and-rescue\\\/\",\"url\":\"https:\\\/\\\/calerodiving.com\\\/diver-stress-and-rescue\\\/\",\"name\":\"Taucherstress und Rettung | Calero Diving Lanzarote\",\"isPartOf\":{\"@id\":\"https:\\\/\\\/calerodiving.com\\\/#website\"},\"primaryImageOfPage\":{\"@id\":\"https:\\\/\\\/calerodiving.com\\\/diver-stress-and-rescue\\\/#primaryimage\"},\"image\":{\"@id\":\"https:\\\/\\\/calerodiving.com\\\/diver-stress-and-rescue\\\/#primaryimage\"},\"thumbnailUrl\":\"https:\\\/\\\/calerodiving.com\\\/wp-content\\\/uploads\\\/2017\\\/09\\\/diver-stress-rescue.jpg\",\"datePublished\":\"2025-08-27T07:48:28+00:00\",\"dateModified\":\"2026-04-20T09:57:08+00:00\",\"breadcrumb\":{\"@id\":\"https:\\\/\\\/calerodiving.com\\\/diver-stress-and-rescue\\\/#breadcrumb\"},\"inLanguage\":\"de\",\"potentialAction\":[{\"@type\":\"ReadAction\",\"target\":[\"https:\\\/\\\/calerodiving.com\\\/diver-stress-and-rescue\\\/\"]}]},{\"@type\":\"ImageObject\",\"inLanguage\":\"de\",\"@id\":\"https:\\\/\\\/calerodiving.com\\\/diver-stress-and-rescue\\\/#primaryimage\",\"url\":\"https:\\\/\\\/calerodiving.com\\\/wp-content\\\/uploads\\\/2017\\\/09\\\/diver-stress-rescue.jpg\",\"contentUrl\":\"https:\\\/\\\/calerodiving.com\\\/wp-content\\\/uploads\\\/2017\\\/09\\\/diver-stress-rescue.jpg\"},{\"@type\":\"BreadcrumbList\",\"@id\":\"https:\\\/\\\/calerodiving.com\\\/diver-stress-and-rescue\\\/#breadcrumb\",\"itemListElement\":[{\"@type\":\"ListItem\",\"position\":1,\"name\":\"Home\",\"item\":\"https:\\\/\\\/calerodiving.com\\\/es\\\/\"},{\"@type\":\"ListItem\",\"position\":2,\"name\":\"Taucherstress und Rettung\"}]},{\"@type\":\"WebSite\",\"@id\":\"https:\\\/\\\/calerodiving.com\\\/#website\",\"url\":\"https:\\\/\\\/calerodiving.com\\\/\",\"name\":\"Calero Diving Lanzarote\",\"description\":\"Dive Center - Marina Puerto Calero Lanzarote\",\"publisher\":{\"@id\":\"https:\\\/\\\/calerodiving.com\\\/#organization\"},\"alternateName\":\"Calero Diving\",\"potentialAction\":[{\"@type\":\"SearchAction\",\"target\":{\"@type\":\"EntryPoint\",\"urlTemplate\":\"https:\\\/\\\/calerodiving.com\\\/?s={search_term_string}\"},\"query-input\":{\"@type\":\"PropertyValueSpecification\",\"valueRequired\":true,\"valueName\":\"search_term_string\"}}],\"inLanguage\":\"de\"},{\"@type\":\"Organization\",\"@id\":\"https:\\\/\\\/calerodiving.com\\\/#organization\",\"name\":\"Calero Diving Lanzarote\",\"alternateName\":\"Calero Diving\",\"url\":\"https:\\\/\\\/calerodiving.com\\\/\",\"logo\":{\"@type\":\"ImageObject\",\"inLanguage\":\"de\",\"@id\":\"https:\\\/\\\/calerodiving.com\\\/#\\\/schema\\\/logo\\\/image\\\/\",\"url\":\"https:\\\/\\\/calerodiving.com\\\/wp-content\\\/uploads\\\/2025\\\/05\\\/Grupo.png\",\"contentUrl\":\"https:\\\/\\\/calerodiving.com\\\/wp-content\\\/uploads\\\/2025\\\/05\\\/Grupo.png\",\"width\":499,\"height\":590,\"caption\":\"Calero Diving Lanzarote\"},\"image\":{\"@id\":\"https:\\\/\\\/calerodiving.com\\\/#\\\/schema\\\/logo\\\/image\\\/\"},\"sameAs\":[\"https:\\\/\\\/www.facebook.com\\\/calerodiving\\\/\",\"https:\\\/\\\/www.instagram.com\\\/calerodiving\\\/\"]}]}<\/script>\n<!-- \/ Yoast SEO plugin. -->","yoast_head_json":{"title":"Taucherstress und Rettung | Calero Diving Lanzarote","robots":{"index":"index","follow":"follow","max-snippet":"max-snippet:-1","max-image-preview":"max-image-preview:large","max-video-preview":"max-video-preview:-1"},"canonical":"https:\/\/calerodiving.com\/diver-stress-and-rescue\/","og_locale":"de_DE","og_type":"article","og_title":"Taucherstress und Rettung | Calero Diving Lanzarote","og_description":"Spezialit\u00e4ten Diver Stress and Rescue Lernen Sie lebenswichtige Rettungsf\u00e4higkeiten Kurs\u00fcbersicht: Die meisten Tauchvorf\u00e4lle k\u00f6nnen lange vermieden werden, bevor sie zu echten Notf\u00e4llen werden. Stress fr\u00fchzeitig zu erkennen, die Umgebung aufmerksam wahrzunehmen und ruhig zu reagieren, geh\u00f6rt zu den wertvollsten F\u00e4higkeiten, die ein Taucher entwickeln kann. Die SSI Diver Stress and Rescue Specialty zeigt dir, wie [&hellip;]","og_url":"https:\/\/calerodiving.com\/diver-stress-and-rescue\/","og_site_name":"Calero Diving Lanzarote","article_publisher":"https:\/\/www.facebook.com\/calerodiving\/","article_modified_time":"2026-04-20T09:57:08+00:00","og_image":[{"width":350,"height":222,"url":"https:\/\/calerodiving.com\/wp-content\/uploads\/2017\/09\/diver-stress-rescue.jpg","type":"image\/jpeg"}],"twitter_card":"summary_large_image","twitter_misc":{"Gesch\u00e4tzte Lesezeit":"2\u00a0Minuten"},"schema":{"@context":"https:\/\/schema.org","@graph":[{"@type":"WebPage","@id":"https:\/\/calerodiving.com\/diver-stress-and-rescue\/","url":"https:\/\/calerodiving.com\/diver-stress-and-rescue\/","name":"Taucherstress und Rettung | Calero Diving Lanzarote","isPartOf":{"@id":"https:\/\/calerodiving.com\/#website"},"primaryImageOfPage":{"@id":"https:\/\/calerodiving.com\/diver-stress-and-rescue\/#primaryimage"},"image":{"@id":"https:\/\/calerodiving.com\/diver-stress-and-rescue\/#primaryimage"},"thumbnailUrl":"https:\/\/calerodiving.com\/wp-content\/uploads\/2017\/09\/diver-stress-rescue.jpg","datePublished":"2025-08-27T07:48:28+00:00","dateModified":"2026-04-20T09:57:08+00:00","breadcrumb":{"@id":"https:\/\/calerodiving.com\/diver-stress-and-rescue\/#breadcrumb"},"inLanguage":"de","potentialAction":[{"@type":"ReadAction","target":["https:\/\/calerodiving.com\/diver-stress-and-rescue\/"]}]},{"@type":"ImageObject","inLanguage":"de","@id":"https:\/\/calerodiving.com\/diver-stress-and-rescue\/#primaryimage","url":"https:\/\/calerodiving.com\/wp-content\/uploads\/2017\/09\/diver-stress-rescue.jpg","contentUrl":"https:\/\/calerodiving.com\/wp-content\/uploads\/2017\/09\/diver-stress-rescue.jpg"},{"@type":"BreadcrumbList","@id":"https:\/\/calerodiving.com\/diver-stress-and-rescue\/#breadcrumb","itemListElement":[{"@type":"ListItem","position":1,"name":"Home","item":"https:\/\/calerodiving.com\/es\/"},{"@type":"ListItem","position":2,"name":"Taucherstress und Rettung"}]},{"@type":"WebSite","@id":"https:\/\/calerodiving.com\/#website","url":"https:\/\/calerodiving.com\/","name":"Calero Diving Lanzarote","description":"Dive Center - Marina Puerto Calero Lanzarote","publisher":{"@id":"https:\/\/calerodiving.com\/#organization"},"alternateName":"Calero Diving","potentialAction":[{"@type":"SearchAction","target":{"@type":"EntryPoint","urlTemplate":"https:\/\/calerodiving.com\/?s={search_term_string}"},"query-input":{"@type":"PropertyValueSpecification","valueRequired":true,"valueName":"search_term_string"}}],"inLanguage":"de"},{"@type":"Organization","@id":"https:\/\/calerodiving.com\/#organization","name":"Calero Diving Lanzarote","alternateName":"Calero Diving","url":"https:\/\/calerodiving.com\/","logo":{"@type":"ImageObject","inLanguage":"de","@id":"https:\/\/calerodiving.com\/#\/schema\/logo\/image\/","url":"https:\/\/calerodiving.com\/wp-content\/uploads\/2025\/05\/Grupo.png","contentUrl":"https:\/\/calerodiving.com\/wp-content\/uploads\/2025\/05\/Grupo.png","width":499,"height":590,"caption":"Calero Diving Lanzarote"},"image":{"@id":"https:\/\/calerodiving.com\/#\/schema\/logo\/image\/"},"sameAs":["https:\/\/www.facebook.com\/calerodiving\/","https:\/\/www.instagram.com\/calerodiving\/"]}]}},"_links":{"self":[{"href":"https:\/\/calerodiving.com\/de\/wp-json\/wp\/v2\/pages\/24555","targetHints":{"allow":["GET"]}}],"collection":[{"href":"https:\/\/calerodiving.com\/de\/wp-json\/wp\/v2\/pages"}],"about":[{"href":"https:\/\/calerodiving.com\/de\/wp-json\/wp\/v2\/types\/page"}],"author":[{"embeddable":true,"href":"https:\/\/calerodiving.com\/de\/wp-json\/wp\/v2\/users\/10"}],"replies":[{"embeddable":true,"href":"https:\/\/calerodiving.com\/de\/wp-json\/wp\/v2\/comments?post=24555"}],"version-history":[{"count":16,"href":"https:\/\/calerodiving.com\/de\/wp-json\/wp\/v2\/pages\/24555\/revisions"}],"predecessor-version":[{"id":27960,"href":"https:\/\/calerodiving.com\/de\/wp-json\/wp\/v2\/pages\/24555\/revisions\/27960"}],"wp:attachment":[{"href":"https:\/\/calerodiving.com\/de\/wp-json\/wp\/v2\/media?parent=24555"}],"curies":[{"name":"wp","href":"https:\/\/api.w.org\/{rel}","templated":true}]}}