{"id":24544,"date":"2025-08-27T08:47:37","date_gmt":"2025-08-27T07:47:37","guid":{"rendered":"https:\/\/calerodiving.com\/tauchprofi-crossover\/"},"modified":"2025-08-27T08:47:37","modified_gmt":"2025-08-27T07:47:37","slug":"tauchprofi-crossover","status":"publish","type":"page","link":"https:\/\/calerodiving.com\/de\/tauchprofi-crossover\/","title":{"rendered":"Tauchprofi-Crossover"},"content":{"rendered":"\t\t<div data-elementor-type=\"wp-page\" data-elementor-id=\"24544\" class=\"elementor elementor-24544 elementor-21668\" data-elementor-post-type=\"page\">\n\t\t\t\t<div class=\"elementor-element elementor-element-3837434 e-flex e-con-boxed e-con e-parent\" data-id=\"3837434\" data-element_type=\"container\" data-e-type=\"container\">\n\t\t\t\t\t<div class=\"e-con-inner\">\n\t\t<div class=\"elementor-element elementor-element-39edf96 e-con-full e-flex e-con e-child\" data-id=\"39edf96\" data-element_type=\"container\" data-e-type=\"container\">\n\t\t\t\t<div class=\"elementor-element elementor-element-0605660 elementor-widget elementor-widget-image\" data-id=\"0605660\" data-element_type=\"widget\" data-e-type=\"widget\" data-widget_type=\"image.default\">\n\t\t\t\t<div class=\"elementor-widget-container\">\n\t\t\t\t\t\t\t\t\t\t\t\t\t\t\t<img fetchpriority=\"high\" decoding=\"async\" width=\"700\" height=\"445\" src=\"https:\/\/calerodiving.com\/wp-content\/uploads\/2025\/07\/Dive-Professional-Crossover-course.webp\" class=\"attachment-large size-large wp-image-22339\" alt=\"\" srcset=\"https:\/\/calerodiving.com\/wp-content\/uploads\/2025\/07\/Dive-Professional-Crossover-course.webp 700w, https:\/\/calerodiving.com\/wp-content\/uploads\/2025\/07\/Dive-Professional-Crossover-course-300x191.webp 300w\" sizes=\"(max-width: 700px) 100vw, 700px\" \/>\t\t\t\t\t\t\t\t\t\t\t\t\t\t\t<\/div>\n\t\t\t\t<\/div>\n\t\t\t\t<\/div>\n\t\t<div class=\"elementor-element elementor-element-f38d3d9 e-con-full e-flex e-con e-child\" data-id=\"f38d3d9\" data-element_type=\"container\" data-e-type=\"container\">\n\t\t<div class=\"elementor-element elementor-element-89343cf e-con-full e-flex e-con e-child\" data-id=\"89343cf\" data-element_type=\"container\" data-e-type=\"container\">\n\t\t\t\t<div class=\"elementor-element elementor-element-1b5bdcc elementor-widget elementor-widget-html\" data-id=\"1b5bdcc\" data-element_type=\"widget\" data-e-type=\"widget\" data-widget_type=\"html.default\">\n\t\t\t\t<div class=\"elementor-widget-container\">\n\t\t\t\t\t<a href=\"https:\/\/calerodiving.com\/de\/?page_id=24222\" class=\"tag-button\">Professionell<\/a>\n\t\t\t\t<\/div>\n\t\t\t\t<\/div>\n\t\t\t\t<div class=\"elementor-element elementor-element-09506d3 elementor-widget elementor-widget-heading\" data-id=\"09506d3\" data-element_type=\"widget\" data-e-type=\"widget\" data-widget_type=\"heading.default\">\n\t\t\t\t<div class=\"elementor-widget-container\">\n\t\t\t\t\t<h2 class=\"elementor-heading-title elementor-size-default\">Tauchprofi-Crossover<\/h2>\t\t\t\t<\/div>\n\t\t\t\t<\/div>\n\t\t\t\t<\/div>\n\t\t\t\t<\/div>\n\t\t\t\t\t<\/div>\n\t\t\t\t<\/div>\n\t\t<div class=\"elementor-element elementor-element-f86afef e-flex e-con-boxed e-con e-parent\" data-id=\"f86afef\" data-element_type=\"container\" data-e-type=\"container\">\n\t\t\t\t\t<div class=\"e-con-inner\">\n\t\t<div class=\"elementor-element elementor-element-2a527cb e-con-full e-flex e-con e-child\" data-id=\"2a527cb\" data-element_type=\"container\" data-e-type=\"container\">\n\t\t<div class=\"elementor-element elementor-element-2a8399f e-con-full e-flex e-con e-child\" data-id=\"2a8399f\" data-element_type=\"container\" data-e-type=\"container\">\n\t\t\t\t<div class=\"elementor-element elementor-element-0aacba1 elementor-widget elementor-widget-heading\" data-id=\"0aacba1\" data-element_type=\"widget\" data-e-type=\"widget\" data-widget_type=\"heading.default\">\n\t\t\t\t<div class=\"elementor-widget-container\">\n\t\t\t\t\t<h2 class=\"elementor-heading-title elementor-size-default\">Wechseln Sie zu SSI, der weltweit f\u00fchrenden Ausbildungsorganisation<\/h2>\t\t\t\t<\/div>\n\t\t\t\t<\/div>\n\t\t\t\t<div class=\"elementor-element elementor-element-a172b50 elementor-widget elementor-widget-text-editor\" data-id=\"a172b50\" data-element_type=\"widget\" data-e-type=\"widget\" data-widget_type=\"text-editor.default\">\n\t\t\t\t<div class=\"elementor-widget-container\">\n\t\t\t\t\t\t\t\t\t<div class=\"section-list\">\n<h3>Programm\u00fcbersicht:<\/h3>\n<p>Tauchen ist bekannt daf\u00fcr, einer der Berufe mit der geringsten Arbeitslosigkeit zu sein und Ihnen zu erm\u00f6glichen, fast \u00fcberall auf der Welt zu arbeiten.<\/p>\n<p>Sind Sie bereits ein Tauchprofi und denken Sie dar\u00fcber nach, die Organisation zu wechseln?<\/p>\n<p>SSI verf\u00fcgt \u00fcber mehr als 3.000 Tauchzentren, die sich auf \u00fcber 100 L\u00e4nder weltweit verteilen, und in den letzten Jahren hat sich SSI zur Referenzorganisation f\u00fcr Tauchzentren und Tauchlehrer entwickelt, unter anderem dank der Entwicklung digitaler Tools und Handb\u00fccher, seiner Lehrphilosophie, der Vorteile f\u00fcr Tauchlehrer und Zentren, der Belohnungen und Anerkennung sowie ihrer Flexibilit\u00e4t beim Unterrichten.<\/p>\n<p>W\u00e4hrend des Kurses lernen Sie die Unterschiede zwischen SSI und anderen Organisationen kennen, um die Philosophie und das Lehrsystem in Ihren n\u00e4chsten Kursen anzuwenden, sowie die Nutzung der verschiedenen und n\u00fctzlichen Tools, die die Organisation ihren Profis zu bieten hat.<\/p>\n<p>Ein SSI Open Water Instructor kann direkt die folgenden Kurse unterrichten: Open Water Diver, Enriched Air Nitrox (bis zu 40 %), Diver Stress &amp; Rescue, Perfect Buoyancy, Dive Guide, sowie viele andere Einstiegskurse.<\/p>\n<p>Wenn Sie ein Divemaster, Assistant Instructor oder Assistant Instructor Trainer oder \u00c4quivalent sind, k\u00f6nnen Sie auch ein Crossover zu SSI machen. Kontaktieren Sie uns f\u00fcr weitere Informationen. <\/p>\n<h3>Dauer:<\/h3>\n<ul>\n<li>3 Tage<\/li>\n<\/ul>\n<h3>Inklusive:<\/h3>\n<ul>\n<li>Alle Schulungsmaterialien, einschlie\u00dflich digitaler Lernmaterialien und physischer Schulungsmaterialien.<\/li>\n<li>SSI Registrierungsgeb\u00fchren.<\/li>\n<li>J\u00e4hrliche SSI Aktivstatusgeb\u00fchren.<\/li>\n<li>20 % Rabatt auf den Erwerb neuer Ausr\u00fcstung.<\/li>\n<li>Calero Diving T-Shirt<\/li>\n<\/ul>\n<h3>Nicht inklusive:<\/h3>\n<ul>\n<li>Ausr\u00fcstungsverleih<\/li>\n<li>Pers\u00f6nliche oder professionelle Tauchversicherung<\/li>\n<\/ul>\n<h3>Voraussetzungen:<\/h3>\n<ul>\n<li>Zertifizierung als mindestens SSI Divemaster oder \u00c4quivalent.<\/li>\n<li>SSI React Right Ersthelfer-Zertifizierung oder \u00c4quivalent, nicht \u00e4lter als zwei Jahre.<\/li>\n<li>Mindestalter 18 Jahre.<\/li>\n<li>Hyperbares medizinisches Zertifikat.<\/li>\n<li>Professionelle und pers\u00f6nliche Tauchversicherung.<\/li>\n<\/ul>\n<h3>Weitere Kurse, die Sie interessieren k\u00f6nnten:<\/h3>\n<ul>\n<li><a href=\"https:\/\/calerodiving.com\/de\/?page_id=24443\">Assistenztauchlehrer<\/a><\/li>\n<li><a href=\"https:\/\/calerodiving.com\/de\/?page_id=24435\">Open Water Tauchlehrer<\/a><\/li>\n<li><a href=\"https:\/\/calerodiving.com\/de\/assistenztauchlehrer-ausbilder\/\">Assistenztauchlehrer-Ausbilder<\/a><\/li>\n<\/ul>\n<\/div>\t\t\t\t\t\t\t\t<\/div>\n\t\t\t\t<\/div>\n\t\t\t\t<\/div>\n\t\t\t\t<\/div>\n\t\t<div class=\"elementor-element elementor-element-5334a1f e-con-full e-flex e-con e-child\" data-id=\"5334a1f\" data-element_type=\"container\" data-e-type=\"container\">\n\t\t<div class=\"elementor-element elementor-element-74c7b50 e-con-full course-sidebar-box e-flex e-con e-child\" data-id=\"74c7b50\" data-element_type=\"container\" data-e-type=\"container\" data-settings=\"{&quot;sticky&quot;:&quot;top&quot;,&quot;sticky_offset&quot;:110,&quot;sticky_effects_offset&quot;:130,&quot;sticky_parent&quot;:&quot;yes&quot;,&quot;sticky_on&quot;:[&quot;desktop&quot;,&quot;tablet&quot;,&quot;mobile&quot;],&quot;sticky_anchor_link_offset&quot;:0}\">\n\t\t\t\t<div class=\"elementor-element elementor-element-032c544 elementor-widget elementor-widget-text-editor\" data-id=\"032c544\" data-element_type=\"widget\" data-e-type=\"widget\" data-widget_type=\"text-editor.default\">\n\t\t\t\t<div class=\"elementor-widget-container\">\n\t\t\t\t\t\t\t\t\t<div class=\"courses-info\"><h6 class=\"no-margin\">Dauer:<\/h6><p class=\"no-margin\">3 Tage<\/p><\/div><div class=\"courses-info\"><h6 class=\"no-margin\">Preis:<\/h6><p class=\"no-margin\">Ab 990 \u20ac<\/p><\/div>\t\t\t\t\t\t\t\t<\/div>\n\t\t\t\t<\/div>\n\t\t\t\t<div class=\"elementor-element elementor-element-8374efe elementor-mobile-align-center elementor-widget elementor-widget-button\" data-id=\"8374efe\" data-element_type=\"widget\" data-e-type=\"widget\" data-widget_type=\"button.default\">\n\t\t\t\t<div class=\"elementor-widget-container\">\n\t\t\t\t\t\t\t\t\t<div class=\"elementor-button-wrapper\">\n\t\t\t\t\t<a class=\"elementor-button elementor-size-sm\" role=\"button\">\n\t\t\t\t\t\t<span class=\"elementor-button-content-wrapper\">\n\t\t\t\t\t\t\t\t\t<span class=\"elementor-button-text\">Kontakt<\/span>\n\t\t\t\t\t<\/span>\n\t\t\t\t\t<\/a>\n\t\t\t\t<\/div>\n\t\t\t\t\t\t\t\t<\/div>\n\t\t\t\t<\/div>\n\t\t\t\t<\/div>\n\t\t\t\t<\/div>\n\t\t\t\t\t<\/div>\n\t\t\t\t<\/div>\n\t\t\t\t<\/div>\n\t\t","protected":false},"excerpt":{"rendered":"<p>Professionell Tauchprofi-Crossover Wechseln Sie zu SSI, der weltweit f\u00fchrenden Ausbildungsorganisation Programm\u00fcbersicht: Tauchen ist bekannt daf\u00fcr, einer der Berufe mit der geringsten Arbeitslosigkeit zu sein und Ihnen zu erm\u00f6glichen, fast \u00fcberall auf der Welt zu arbeiten. Sind Sie bereits ein Tauchprofi und denken Sie dar\u00fcber nach, die Organisation zu wechseln? SSI verf\u00fcgt \u00fcber mehr als 3.000 [&hellip;]<\/p>\n","protected":false},"author":10,"featured_media":0,"parent":0,"menu_order":0,"comment_status":"closed","ping_status":"closed","template":"","meta":{"_acf_changed":false,"footnotes":""},"class_list":["post-24544","page","type-page","status-publish","hentry"],"acf":[],"yoast_head":"<!-- This site is optimized with the Yoast SEO plugin v27.5 - https:\/\/yoast.com\/product\/yoast-seo-wordpress\/ -->\n<title>Tauchprofi-Crossover | Calero Diving Lanzarote<\/title>\n<meta name=\"robots\" content=\"index, follow, max-snippet:-1, max-image-preview:large, max-video-preview:-1\" \/>\n<link rel=\"canonical\" href=\"https:\/\/calerodiving.com\/de\/tauchprofi-crossover\/\" \/>\n<meta property=\"og:locale\" content=\"de_DE\" \/>\n<meta property=\"og:type\" content=\"article\" \/>\n<meta property=\"og:title\" content=\"Tauchprofi-Crossover | Calero Diving Lanzarote\" \/>\n<meta property=\"og:description\" content=\"Professionell Tauchprofi-Crossover Wechseln Sie zu SSI, der weltweit f\u00fchrenden Ausbildungsorganisation Programm\u00fcbersicht: Tauchen ist bekannt daf\u00fcr, einer der Berufe mit der geringsten Arbeitslosigkeit zu sein und Ihnen zu erm\u00f6glichen, fast \u00fcberall auf der Welt zu arbeiten. Sind Sie bereits ein Tauchprofi und denken Sie dar\u00fcber nach, die Organisation zu wechseln? SSI verf\u00fcgt \u00fcber mehr als 3.000 [&hellip;]\" \/>\n<meta property=\"og:url\" content=\"https:\/\/calerodiving.com\/de\/tauchprofi-crossover\/\" \/>\n<meta property=\"og:site_name\" content=\"Calero Diving Lanzarote\" \/>\n<meta property=\"article:publisher\" content=\"https:\/\/www.facebook.com\/calerodiving\/\" \/>\n<meta property=\"og:image\" content=\"https:\/\/calerodiving.com\/wp-content\/uploads\/2025\/07\/Dive-Professional-Crossover-course.webp\" \/>\n\t<meta property=\"og:image:width\" content=\"700\" \/>\n\t<meta property=\"og:image:height\" content=\"445\" \/>\n\t<meta property=\"og:image:type\" content=\"image\/webp\" \/>\n<meta name=\"twitter:card\" content=\"summary_large_image\" \/>\n<meta name=\"twitter:label1\" content=\"Gesch\u00e4tzte Lesezeit\" \/>\n\t<meta name=\"twitter:data1\" content=\"2\u00a0Minuten\" \/>\n<script type=\"application\/ld+json\" class=\"yoast-schema-graph\">{\"@context\":\"https:\\\/\\\/schema.org\",\"@graph\":[{\"@type\":\"WebPage\",\"@id\":\"https:\\\/\\\/calerodiving.com\\\/de\\\/tauchprofi-crossover\\\/\",\"url\":\"https:\\\/\\\/calerodiving.com\\\/de\\\/tauchprofi-crossover\\\/\",\"name\":\"Tauchprofi-Crossover | Calero Diving Lanzarote\",\"isPartOf\":{\"@id\":\"https:\\\/\\\/calerodiving.com\\\/#website\"},\"primaryImageOfPage\":{\"@id\":\"https:\\\/\\\/calerodiving.com\\\/de\\\/tauchprofi-crossover\\\/#primaryimage\"},\"image\":{\"@id\":\"https:\\\/\\\/calerodiving.com\\\/de\\\/tauchprofi-crossover\\\/#primaryimage\"},\"thumbnailUrl\":\"https:\\\/\\\/calerodiving.com\\\/wp-content\\\/uploads\\\/2025\\\/07\\\/Dive-Professional-Crossover-course.webp\",\"datePublished\":\"2025-08-27T07:47:37+00:00\",\"breadcrumb\":{\"@id\":\"https:\\\/\\\/calerodiving.com\\\/de\\\/tauchprofi-crossover\\\/#breadcrumb\"},\"inLanguage\":\"de\",\"potentialAction\":[{\"@type\":\"ReadAction\",\"target\":[\"https:\\\/\\\/calerodiving.com\\\/de\\\/tauchprofi-crossover\\\/\"]}]},{\"@type\":\"ImageObject\",\"inLanguage\":\"de\",\"@id\":\"https:\\\/\\\/calerodiving.com\\\/de\\\/tauchprofi-crossover\\\/#primaryimage\",\"url\":\"https:\\\/\\\/calerodiving.com\\\/wp-content\\\/uploads\\\/2025\\\/07\\\/Dive-Professional-Crossover-course.webp\",\"contentUrl\":\"https:\\\/\\\/calerodiving.com\\\/wp-content\\\/uploads\\\/2025\\\/07\\\/Dive-Professional-Crossover-course.webp\"},{\"@type\":\"BreadcrumbList\",\"@id\":\"https:\\\/\\\/calerodiving.com\\\/de\\\/tauchprofi-crossover\\\/#breadcrumb\",\"itemListElement\":[{\"@type\":\"ListItem\",\"position\":1,\"name\":\"Home\",\"item\":\"https:\\\/\\\/calerodiving.com\\\/es\\\/\"},{\"@type\":\"ListItem\",\"position\":2,\"name\":\"Tauchprofi-Crossover\"}]},{\"@type\":\"WebSite\",\"@id\":\"https:\\\/\\\/calerodiving.com\\\/#website\",\"url\":\"https:\\\/\\\/calerodiving.com\\\/\",\"name\":\"Calero Diving Lanzarote\",\"description\":\"Dive Center - Marina Puerto Calero Lanzarote\",\"publisher\":{\"@id\":\"https:\\\/\\\/calerodiving.com\\\/#organization\"},\"alternateName\":\"Calero Diving\",\"potentialAction\":[{\"@type\":\"SearchAction\",\"target\":{\"@type\":\"EntryPoint\",\"urlTemplate\":\"https:\\\/\\\/calerodiving.com\\\/?s={search_term_string}\"},\"query-input\":{\"@type\":\"PropertyValueSpecification\",\"valueRequired\":true,\"valueName\":\"search_term_string\"}}],\"inLanguage\":\"de\"},{\"@type\":\"Organization\",\"@id\":\"https:\\\/\\\/calerodiving.com\\\/#organization\",\"name\":\"Calero Diving Lanzarote\",\"alternateName\":\"Calero Diving\",\"url\":\"https:\\\/\\\/calerodiving.com\\\/\",\"logo\":{\"@type\":\"ImageObject\",\"inLanguage\":\"de\",\"@id\":\"https:\\\/\\\/calerodiving.com\\\/#\\\/schema\\\/logo\\\/image\\\/\",\"url\":\"https:\\\/\\\/calerodiving.com\\\/wp-content\\\/uploads\\\/2025\\\/05\\\/Grupo.png\",\"contentUrl\":\"https:\\\/\\\/calerodiving.com\\\/wp-content\\\/uploads\\\/2025\\\/05\\\/Grupo.png\",\"width\":499,\"height\":590,\"caption\":\"Calero Diving Lanzarote\"},\"image\":{\"@id\":\"https:\\\/\\\/calerodiving.com\\\/#\\\/schema\\\/logo\\\/image\\\/\"},\"sameAs\":[\"https:\\\/\\\/www.facebook.com\\\/calerodiving\\\/\",\"https:\\\/\\\/www.instagram.com\\\/calerodiving\\\/\"]}]}<\/script>\n<!-- \/ Yoast SEO plugin. -->","yoast_head_json":{"title":"Tauchprofi-Crossover | Calero Diving Lanzarote","robots":{"index":"index","follow":"follow","max-snippet":"max-snippet:-1","max-image-preview":"max-image-preview:large","max-video-preview":"max-video-preview:-1"},"canonical":"https:\/\/calerodiving.com\/de\/tauchprofi-crossover\/","og_locale":"de_DE","og_type":"article","og_title":"Tauchprofi-Crossover | Calero Diving Lanzarote","og_description":"Professionell Tauchprofi-Crossover Wechseln Sie zu SSI, der weltweit f\u00fchrenden Ausbildungsorganisation Programm\u00fcbersicht: Tauchen ist bekannt daf\u00fcr, einer der Berufe mit der geringsten Arbeitslosigkeit zu sein und Ihnen zu erm\u00f6glichen, fast \u00fcberall auf der Welt zu arbeiten. Sind Sie bereits ein Tauchprofi und denken Sie dar\u00fcber nach, die Organisation zu wechseln? SSI verf\u00fcgt \u00fcber mehr als 3.000 [&hellip;]","og_url":"https:\/\/calerodiving.com\/de\/tauchprofi-crossover\/","og_site_name":"Calero Diving Lanzarote","article_publisher":"https:\/\/www.facebook.com\/calerodiving\/","og_image":[{"width":700,"height":445,"url":"https:\/\/calerodiving.com\/wp-content\/uploads\/2025\/07\/Dive-Professional-Crossover-course.webp","type":"image\/webp"}],"twitter_card":"summary_large_image","twitter_misc":{"Gesch\u00e4tzte Lesezeit":"2\u00a0Minuten"},"schema":{"@context":"https:\/\/schema.org","@graph":[{"@type":"WebPage","@id":"https:\/\/calerodiving.com\/de\/tauchprofi-crossover\/","url":"https:\/\/calerodiving.com\/de\/tauchprofi-crossover\/","name":"Tauchprofi-Crossover | Calero Diving Lanzarote","isPartOf":{"@id":"https:\/\/calerodiving.com\/#website"},"primaryImageOfPage":{"@id":"https:\/\/calerodiving.com\/de\/tauchprofi-crossover\/#primaryimage"},"image":{"@id":"https:\/\/calerodiving.com\/de\/tauchprofi-crossover\/#primaryimage"},"thumbnailUrl":"https:\/\/calerodiving.com\/wp-content\/uploads\/2025\/07\/Dive-Professional-Crossover-course.webp","datePublished":"2025-08-27T07:47:37+00:00","breadcrumb":{"@id":"https:\/\/calerodiving.com\/de\/tauchprofi-crossover\/#breadcrumb"},"inLanguage":"de","potentialAction":[{"@type":"ReadAction","target":["https:\/\/calerodiving.com\/de\/tauchprofi-crossover\/"]}]},{"@type":"ImageObject","inLanguage":"de","@id":"https:\/\/calerodiving.com\/de\/tauchprofi-crossover\/#primaryimage","url":"https:\/\/calerodiving.com\/wp-content\/uploads\/2025\/07\/Dive-Professional-Crossover-course.webp","contentUrl":"https:\/\/calerodiving.com\/wp-content\/uploads\/2025\/07\/Dive-Professional-Crossover-course.webp"},{"@type":"BreadcrumbList","@id":"https:\/\/calerodiving.com\/de\/tauchprofi-crossover\/#breadcrumb","itemListElement":[{"@type":"ListItem","position":1,"name":"Home","item":"https:\/\/calerodiving.com\/es\/"},{"@type":"ListItem","position":2,"name":"Tauchprofi-Crossover"}]},{"@type":"WebSite","@id":"https:\/\/calerodiving.com\/#website","url":"https:\/\/calerodiving.com\/","name":"Calero Diving Lanzarote","description":"Dive Center - Marina Puerto Calero Lanzarote","publisher":{"@id":"https:\/\/calerodiving.com\/#organization"},"alternateName":"Calero Diving","potentialAction":[{"@type":"SearchAction","target":{"@type":"EntryPoint","urlTemplate":"https:\/\/calerodiving.com\/?s={search_term_string}"},"query-input":{"@type":"PropertyValueSpecification","valueRequired":true,"valueName":"search_term_string"}}],"inLanguage":"de"},{"@type":"Organization","@id":"https:\/\/calerodiving.com\/#organization","name":"Calero Diving Lanzarote","alternateName":"Calero Diving","url":"https:\/\/calerodiving.com\/","logo":{"@type":"ImageObject","inLanguage":"de","@id":"https:\/\/calerodiving.com\/#\/schema\/logo\/image\/","url":"https:\/\/calerodiving.com\/wp-content\/uploads\/2025\/05\/Grupo.png","contentUrl":"https:\/\/calerodiving.com\/wp-content\/uploads\/2025\/05\/Grupo.png","width":499,"height":590,"caption":"Calero Diving Lanzarote"},"image":{"@id":"https:\/\/calerodiving.com\/#\/schema\/logo\/image\/"},"sameAs":["https:\/\/www.facebook.com\/calerodiving\/","https:\/\/www.instagram.com\/calerodiving\/"]}]}},"_links":{"self":[{"href":"https:\/\/calerodiving.com\/de\/wp-json\/wp\/v2\/pages\/24544","targetHints":{"allow":["GET"]}}],"collection":[{"href":"https:\/\/calerodiving.com\/de\/wp-json\/wp\/v2\/pages"}],"about":[{"href":"https:\/\/calerodiving.com\/de\/wp-json\/wp\/v2\/types\/page"}],"author":[{"embeddable":true,"href":"https:\/\/calerodiving.com\/de\/wp-json\/wp\/v2\/users\/10"}],"replies":[{"embeddable":true,"href":"https:\/\/calerodiving.com\/de\/wp-json\/wp\/v2\/comments?post=24544"}],"version-history":[{"count":1,"href":"https:\/\/calerodiving.com\/de\/wp-json\/wp\/v2\/pages\/24544\/revisions"}],"predecessor-version":[{"id":24545,"href":"https:\/\/calerodiving.com\/de\/wp-json\/wp\/v2\/pages\/24544\/revisions\/24545"}],"wp:attachment":[{"href":"https:\/\/calerodiving.com\/de\/wp-json\/wp\/v2\/media?parent=24544"}],"curies":[{"name":"wp","href":"https:\/\/api.w.org\/{rel}","templated":true}]}}