{"id":24518,"date":"2025-08-27T08:47:15","date_gmt":"2025-08-27T07:47:15","guid":{"rendered":"https:\/\/calerodiving.com\/basic-diver\/"},"modified":"2026-04-20T13:34:54","modified_gmt":"2026-04-20T12:34:54","slug":"basic-diver","status":"publish","type":"page","link":"https:\/\/calerodiving.com\/de\/basic-diver\/","title":{"rendered":"Basic Diver"},"content":{"rendered":"\t\t<div data-elementor-type=\"wp-page\" data-elementor-id=\"24518\" class=\"elementor elementor-24518 elementor-21698\" data-elementor-post-type=\"page\">\n\t\t\t\t<div class=\"elementor-element elementor-element-8576626 e-flex e-con-boxed e-con e-parent\" data-id=\"8576626\" data-element_type=\"container\" data-e-type=\"container\">\n\t\t\t\t\t<div class=\"e-con-inner\">\n\t\t<div class=\"elementor-element elementor-element-2df522f e-con-full e-flex e-con e-child\" data-id=\"2df522f\" data-element_type=\"container\" data-e-type=\"container\">\n\t\t\t\t<div class=\"elementor-element elementor-element-4bbd99c elementor-widget elementor-widget-image\" data-id=\"4bbd99c\" data-element_type=\"widget\" data-e-type=\"widget\" data-widget_type=\"image.default\">\n\t\t\t\t<div class=\"elementor-widget-container\">\n\t\t\t\t\t\t\t\t\t\t\t\t\t\t\t<img fetchpriority=\"high\" decoding=\"async\" width=\"800\" height=\"508\" src=\"https:\/\/calerodiving.com\/wp-content\/uploads\/2022\/02\/1000-1.jpeg\" class=\"attachment-large size-large wp-image-14898\" alt=\"Basic Diver\" srcset=\"https:\/\/calerodiving.com\/wp-content\/uploads\/2022\/02\/1000-1.jpeg 1000w, https:\/\/calerodiving.com\/wp-content\/uploads\/2022\/02\/1000-1-300x191.jpeg 300w, https:\/\/calerodiving.com\/wp-content\/uploads\/2022\/02\/1000-1-768x488.jpeg 768w, https:\/\/calerodiving.com\/wp-content\/uploads\/2022\/02\/1000-1-705x448.jpeg 705w\" sizes=\"(max-width: 800px) 100vw, 800px\" \/>\t\t\t\t\t\t\t\t\t\t\t\t\t\t\t<\/div>\n\t\t\t\t<\/div>\n\t\t\t\t<\/div>\n\t\t<div class=\"elementor-element elementor-element-502d166 e-con-full e-flex e-con e-child\" data-id=\"502d166\" data-element_type=\"container\" data-e-type=\"container\">\n\t\t<div class=\"elementor-element elementor-element-257dae7 e-con-full e-flex e-con e-child\" data-id=\"257dae7\" data-element_type=\"container\" data-e-type=\"container\">\n\t\t\t\t<div class=\"elementor-element elementor-element-fe51e91 elementor-widget elementor-widget-html\" data-id=\"fe51e91\" data-element_type=\"widget\" data-e-type=\"widget\" data-widget_type=\"html.default\">\n\t\t\t\t<div class=\"elementor-widget-container\">\n\t\t\t\t\t<a href=\"https:\/\/calerodiving.com\/de\/?page_id=24215#recreational\" class=\"tag-button\">Freizeit<\/a>\n\t\t\t\t<\/div>\n\t\t\t\t<\/div>\n\t\t\t\t<div class=\"elementor-element elementor-element-b6c7a0d elementor-widget elementor-widget-heading\" data-id=\"b6c7a0d\" data-element_type=\"widget\" data-e-type=\"widget\" data-widget_type=\"heading.default\">\n\t\t\t\t<div class=\"elementor-widget-container\">\n\t\t\t\t\t<h2 class=\"elementor-heading-title elementor-size-default\">Basic Diver<\/h2>\t\t\t\t<\/div>\n\t\t\t\t<\/div>\n\t\t\t\t<\/div>\n\t\t\t\t<\/div>\n\t\t\t\t\t<\/div>\n\t\t\t\t<\/div>\n\t\t<div class=\"elementor-element elementor-element-7791f5c e-flex e-con-boxed e-con e-parent\" data-id=\"7791f5c\" data-element_type=\"container\" data-e-type=\"container\">\n\t\t\t\t\t<div class=\"e-con-inner\">\n\t\t<div class=\"elementor-element elementor-element-9467938 e-con-full e-flex e-con e-child\" data-id=\"9467938\" data-element_type=\"container\" data-e-type=\"container\">\n\t\t<div class=\"elementor-element elementor-element-880ed0d e-con-full e-flex e-con e-child\" data-id=\"880ed0d\" data-element_type=\"container\" data-e-type=\"container\">\n\t\t\t\t<div class=\"elementor-element elementor-element-63a89ef elementor-widget elementor-widget-heading\" data-id=\"63a89ef\" data-element_type=\"widget\" data-e-type=\"widget\" data-widget_type=\"heading.default\">\n\t\t\t\t<div class=\"elementor-widget-container\">\n\t\t\t\t\t<h2 class=\"elementor-heading-title elementor-size-default\">Ihre erste Taucherfahrung mit einer tempor\u00e4ren Zertifizierung.<\/h2>\t\t\t\t<\/div>\n\t\t\t\t<\/div>\n\t\t\t\t<div class=\"elementor-element elementor-element-faf3442 elementor-widget elementor-widget-text-editor\" data-id=\"faf3442\" data-element_type=\"widget\" data-e-type=\"widget\" data-widget_type=\"text-editor.default\">\n\t\t\t\t<div class=\"elementor-widget-container\">\n\t\t\t\t\t\t\t\t\t<div class=\"section-list\">\n<h3>Kurs\u00fcbersicht:<\/h3>\n<p>Das SSI Basic Diver Programm ist dein erster echter Einstieg ins Ger\u00e4tetauchen \u2013 mit Theorie, Praxis und zwei Tauchg\u00e4ngen in einem Erlebnis.<\/p>\n<p><span style=\"font-family: -apple-system, BlinkMacSystemFont, &quot;SF Pro Display&quot;, &quot;Helvetica Neue&quot;, sans-serif;\">Du beginnst mit einer kurzen Einf\u00fchrung in die Grundlagen, gefolgt von einem flachen Tauchgang, bei dem du Atmung, Bewegung und Tarierung in ruhigen Bedingungen \u00fcbst.<\/span><\/p>\n<p><span style=\"font-family: -apple-system, BlinkMacSystemFont, &quot;SF Pro Display&quot;, &quot;Helvetica Neue&quot;, sans-serif;\">Nach einer kurzen Pause geht es zur\u00fcck ins Wasser f\u00fcr den zweiten Tauchgang, bei dem du entspannt einen gef\u00fchrten Tauchgang an einem der lokalen Spots genie\u00dfen kannst.<\/span><\/p><p><span style=\"font-family: -apple-system, BlinkMacSystemFont, &quot;SF Pro Display&quot;, &quot;Helvetica Neue&quot;, sans-serif;\">Am Ende des Erlebnisses erh\u00e4ltst du deine SSI Basic Diver Zertifizierung in digitaler Form.<\/span><\/p><p><span style=\"font-family: -apple-system, BlinkMacSystemFont, &quot;SF Pro Display&quot;, &quot;Helvetica Neue&quot;, sans-serif;\">Diese Zertifizierung ist 6 Monate g\u00fcltig und erlaubt dir, bis 12 Meter Tiefe unter direkter Aufsicht eines Profis zu tauchen.<\/span><\/p><p><span style=\"font-family: -apple-system, BlinkMacSystemFont, &quot;SF Pro Display&quot;, &quot;Helvetica Neue&quot;, sans-serif;\">Au\u00dferdem wird sie auf deinen Open Water Diver Kurs angerechnet und gibt dir einen idealen Start, wenn du deine Ausbildung fortsetzen m\u00f6chtest.<\/span><\/p>\n<h3>Dauer<\/h3>\n<ul>\n<li>Ca. 4 Stunden<\/li>\n<\/ul>\n<h3>Inklusive<\/h3>\n<ul>\n<li>Leihausr\u00fcstung<\/li>\n<li>Digitale Materialien<\/li>\n<li>Tauchversicherung<\/li>\n<li>SSI Basic Diver Zertifizierung<\/li>\n<\/ul>\n<h3>Nicht inklusive<\/h3>\n<ul>\n<li>Unterwasserfotos (Kameraverleih auf Anfrage m\u00f6glich)<\/li>\n<\/ul>\n<h3>Voraussetzungen<\/h3>\n<ul>\n<li>Grundlegende Schwimmf\u00e4higkeit<\/li>\n<li>Mindestalter von 10 Jahren<\/li>\n<\/ul>\n<\/div>\t\t\t\t\t\t\t\t<\/div>\n\t\t\t\t<\/div>\n\t\t\t\t<\/div>\n\t\t\t\t<\/div>\n\t\t<div class=\"elementor-element elementor-element-0e9dc12 e-con-full e-flex e-con e-child\" data-id=\"0e9dc12\" data-element_type=\"container\" data-e-type=\"container\">\n\t\t<div class=\"elementor-element elementor-element-15c061c e-con-full course-sidebar-box e-flex e-con e-child\" data-id=\"15c061c\" data-element_type=\"container\" data-e-type=\"container\" data-settings=\"{&quot;sticky&quot;:&quot;top&quot;,&quot;sticky_offset&quot;:110,&quot;sticky_effects_offset&quot;:130,&quot;sticky_parent&quot;:&quot;yes&quot;,&quot;sticky_on&quot;:[&quot;desktop&quot;,&quot;tablet&quot;,&quot;mobile&quot;],&quot;sticky_anchor_link_offset&quot;:0}\">\n\t\t\t\t<div class=\"elementor-element elementor-element-878e393 elementor-widget elementor-widget-text-editor\" data-id=\"878e393\" data-element_type=\"widget\" data-e-type=\"widget\" data-widget_type=\"text-editor.default\">\n\t\t\t\t<div class=\"elementor-widget-container\">\n\t\t\t\t\t\t\t\t\t<div class=\"courses-info\"><h6 class=\"no-margin\">Dauer:<\/h6><p class=\"no-margin\">4-st\u00fcndiger Kurs<\/p><\/div><div class=\"courses-info\"><h6 class=\"no-margin\">Preis:<\/h6><p class=\"no-margin\">Ab 175 \u20ac<\/p><\/div>\t\t\t\t\t\t\t\t<\/div>\n\t\t\t\t<\/div>\n\t\t\t\t<div class=\"elementor-element elementor-element-3fc9a35 elementor-mobile-align-center elementor-widget elementor-widget-button\" data-id=\"3fc9a35\" data-element_type=\"widget\" data-e-type=\"widget\" data-widget_type=\"button.default\">\n\t\t\t\t<div class=\"elementor-widget-container\">\n\t\t\t\t\t\t\t\t\t<div class=\"elementor-button-wrapper\">\n\t\t\t\t\t<a class=\"elementor-button elementor-button-link elementor-size-sm\" href=\"https:\/\/booking.calerodiving.com\/front\/6213b2319a1bbf005fa0b870\/product\/621d00f36bd37f005fb86e71?lang=en&#038;_gl=1*1poipox*_ga*MjAwOTUxMjMxNy4xNzU3MjYzMjY0*_ga_4WWMT2EY3C*czE3NTgwMTAxNzQkbzIwJGcxJHQxNzU4MDExNjQyJGozMyRsMCRoMA..https:\/\/booking.calerodiving.com\/front\/6213b2319a1bbf005fa0b870\/product\/621d00f36bd37f005fb86e71?lang=de&#038;_gl=1*1poipox*_ga*MjAwOTUxMjMxNy4xNzU3MjYzMjY0*_ga_4WWMT2EY3C*czE3NTgwMTAxNzQkbzIwJGcxJHQxNzU4MDExNjQyJGozMyRsMCRoMA..\" target=\"_blank\">\n\t\t\t\t\t\t<span class=\"elementor-button-content-wrapper\">\n\t\t\t\t\t\t\t\t\t<span class=\"elementor-button-text\">Kurs kaufen<\/span>\n\t\t\t\t\t<\/span>\n\t\t\t\t\t<\/a>\n\t\t\t\t<\/div>\n\t\t\t\t\t\t\t\t<\/div>\n\t\t\t\t<\/div>\n\t\t\t\t<\/div>\n\t\t\t\t<\/div>\n\t\t\t\t\t<\/div>\n\t\t\t\t<\/div>\n\t\t\t\t<\/div>\n\t\t","protected":false},"excerpt":{"rendered":"<p>Freizeit Basic Diver Ihre erste Taucherfahrung mit einer tempor\u00e4ren Zertifizierung. Kurs\u00fcbersicht: Das SSI Basic Diver Programm ist dein erster echter Einstieg ins Ger\u00e4tetauchen \u2013 mit Theorie, Praxis und zwei Tauchg\u00e4ngen in einem Erlebnis. Du beginnst mit einer kurzen Einf\u00fchrung in die Grundlagen, gefolgt von einem flachen Tauchgang, bei dem du Atmung, Bewegung und Tarierung in [&hellip;]<\/p>\n","protected":false},"author":10,"featured_media":0,"parent":0,"menu_order":0,"comment_status":"closed","ping_status":"closed","template":"","meta":{"_acf_changed":false,"footnotes":""},"class_list":["post-24518","page","type-page","status-publish","hentry"],"acf":[],"yoast_head":"<!-- This site is optimized with the Yoast SEO plugin v27.5 - https:\/\/yoast.com\/product\/yoast-seo-wordpress\/ -->\n<title>Basic Diver | Calero Diving Lanzarote<\/title>\n<meta name=\"robots\" content=\"index, follow, max-snippet:-1, max-image-preview:large, max-video-preview:-1\" \/>\n<link rel=\"canonical\" href=\"https:\/\/calerodiving.com\/basic-diver\/\" \/>\n<meta property=\"og:locale\" content=\"de_DE\" \/>\n<meta property=\"og:type\" content=\"article\" \/>\n<meta property=\"og:title\" content=\"Basic Diver | Calero Diving Lanzarote\" \/>\n<meta property=\"og:description\" content=\"Freizeit Basic Diver Ihre erste Taucherfahrung mit einer tempor\u00e4ren Zertifizierung. Kurs\u00fcbersicht: Das SSI Basic Diver Programm ist dein erster echter Einstieg ins Ger\u00e4tetauchen \u2013 mit Theorie, Praxis und zwei Tauchg\u00e4ngen in einem Erlebnis. Du beginnst mit einer kurzen Einf\u00fchrung in die Grundlagen, gefolgt von einem flachen Tauchgang, bei dem du Atmung, Bewegung und Tarierung in [&hellip;]\" \/>\n<meta property=\"og:url\" content=\"https:\/\/calerodiving.com\/basic-diver\/\" \/>\n<meta property=\"og:site_name\" content=\"Calero Diving Lanzarote\" \/>\n<meta property=\"article:publisher\" content=\"https:\/\/www.facebook.com\/calerodiving\/\" \/>\n<meta property=\"article:modified_time\" content=\"2026-04-20T12:34:54+00:00\" \/>\n<meta property=\"og:image\" content=\"https:\/\/calerodiving.com\/wp-content\/uploads\/2022\/02\/1000-1.jpeg\" \/>\n\t<meta property=\"og:image:width\" content=\"1000\" \/>\n\t<meta property=\"og:image:height\" content=\"635\" \/>\n\t<meta property=\"og:image:type\" content=\"image\/jpeg\" \/>\n<meta name=\"twitter:card\" content=\"summary_large_image\" \/>\n<meta name=\"twitter:label1\" content=\"Gesch\u00e4tzte Lesezeit\" \/>\n\t<meta name=\"twitter:data1\" content=\"2\u00a0Minuten\" \/>\n<script type=\"application\/ld+json\" class=\"yoast-schema-graph\">{\"@context\":\"https:\\\/\\\/schema.org\",\"@graph\":[{\"@type\":\"WebPage\",\"@id\":\"https:\\\/\\\/calerodiving.com\\\/basic-diver\\\/\",\"url\":\"https:\\\/\\\/calerodiving.com\\\/basic-diver\\\/\",\"name\":\"Basic Diver | Calero Diving Lanzarote\",\"isPartOf\":{\"@id\":\"https:\\\/\\\/calerodiving.com\\\/#website\"},\"primaryImageOfPage\":{\"@id\":\"https:\\\/\\\/calerodiving.com\\\/basic-diver\\\/#primaryimage\"},\"image\":{\"@id\":\"https:\\\/\\\/calerodiving.com\\\/basic-diver\\\/#primaryimage\"},\"thumbnailUrl\":\"https:\\\/\\\/calerodiving.com\\\/wp-content\\\/uploads\\\/2022\\\/02\\\/1000-1.jpeg\",\"datePublished\":\"2025-08-27T07:47:15+00:00\",\"dateModified\":\"2026-04-20T12:34:54+00:00\",\"breadcrumb\":{\"@id\":\"https:\\\/\\\/calerodiving.com\\\/basic-diver\\\/#breadcrumb\"},\"inLanguage\":\"de\",\"potentialAction\":[{\"@type\":\"ReadAction\",\"target\":[\"https:\\\/\\\/calerodiving.com\\\/basic-diver\\\/\"]}]},{\"@type\":\"ImageObject\",\"inLanguage\":\"de\",\"@id\":\"https:\\\/\\\/calerodiving.com\\\/basic-diver\\\/#primaryimage\",\"url\":\"https:\\\/\\\/calerodiving.com\\\/wp-content\\\/uploads\\\/2022\\\/02\\\/1000-1.jpeg\",\"contentUrl\":\"https:\\\/\\\/calerodiving.com\\\/wp-content\\\/uploads\\\/2022\\\/02\\\/1000-1.jpeg\"},{\"@type\":\"BreadcrumbList\",\"@id\":\"https:\\\/\\\/calerodiving.com\\\/basic-diver\\\/#breadcrumb\",\"itemListElement\":[{\"@type\":\"ListItem\",\"position\":1,\"name\":\"Home\",\"item\":\"https:\\\/\\\/calerodiving.com\\\/es\\\/\"},{\"@type\":\"ListItem\",\"position\":2,\"name\":\"Basic Diver\"}]},{\"@type\":\"WebSite\",\"@id\":\"https:\\\/\\\/calerodiving.com\\\/#website\",\"url\":\"https:\\\/\\\/calerodiving.com\\\/\",\"name\":\"Calero Diving Lanzarote\",\"description\":\"Dive Center - Marina Puerto Calero Lanzarote\",\"publisher\":{\"@id\":\"https:\\\/\\\/calerodiving.com\\\/#organization\"},\"alternateName\":\"Calero Diving\",\"potentialAction\":[{\"@type\":\"SearchAction\",\"target\":{\"@type\":\"EntryPoint\",\"urlTemplate\":\"https:\\\/\\\/calerodiving.com\\\/?s={search_term_string}\"},\"query-input\":{\"@type\":\"PropertyValueSpecification\",\"valueRequired\":true,\"valueName\":\"search_term_string\"}}],\"inLanguage\":\"de\"},{\"@type\":\"Organization\",\"@id\":\"https:\\\/\\\/calerodiving.com\\\/#organization\",\"name\":\"Calero Diving Lanzarote\",\"alternateName\":\"Calero Diving\",\"url\":\"https:\\\/\\\/calerodiving.com\\\/\",\"logo\":{\"@type\":\"ImageObject\",\"inLanguage\":\"de\",\"@id\":\"https:\\\/\\\/calerodiving.com\\\/#\\\/schema\\\/logo\\\/image\\\/\",\"url\":\"https:\\\/\\\/calerodiving.com\\\/wp-content\\\/uploads\\\/2025\\\/05\\\/Grupo.png\",\"contentUrl\":\"https:\\\/\\\/calerodiving.com\\\/wp-content\\\/uploads\\\/2025\\\/05\\\/Grupo.png\",\"width\":499,\"height\":590,\"caption\":\"Calero Diving Lanzarote\"},\"image\":{\"@id\":\"https:\\\/\\\/calerodiving.com\\\/#\\\/schema\\\/logo\\\/image\\\/\"},\"sameAs\":[\"https:\\\/\\\/www.facebook.com\\\/calerodiving\\\/\",\"https:\\\/\\\/www.instagram.com\\\/calerodiving\\\/\"]}]}<\/script>\n<!-- \/ Yoast SEO plugin. -->","yoast_head_json":{"title":"Basic Diver | Calero Diving Lanzarote","robots":{"index":"index","follow":"follow","max-snippet":"max-snippet:-1","max-image-preview":"max-image-preview:large","max-video-preview":"max-video-preview:-1"},"canonical":"https:\/\/calerodiving.com\/basic-diver\/","og_locale":"de_DE","og_type":"article","og_title":"Basic Diver | Calero Diving Lanzarote","og_description":"Freizeit Basic Diver Ihre erste Taucherfahrung mit einer tempor\u00e4ren Zertifizierung. Kurs\u00fcbersicht: Das SSI Basic Diver Programm ist dein erster echter Einstieg ins Ger\u00e4tetauchen \u2013 mit Theorie, Praxis und zwei Tauchg\u00e4ngen in einem Erlebnis. Du beginnst mit einer kurzen Einf\u00fchrung in die Grundlagen, gefolgt von einem flachen Tauchgang, bei dem du Atmung, Bewegung und Tarierung in [&hellip;]","og_url":"https:\/\/calerodiving.com\/basic-diver\/","og_site_name":"Calero Diving Lanzarote","article_publisher":"https:\/\/www.facebook.com\/calerodiving\/","article_modified_time":"2026-04-20T12:34:54+00:00","og_image":[{"width":1000,"height":635,"url":"https:\/\/calerodiving.com\/wp-content\/uploads\/2022\/02\/1000-1.jpeg","type":"image\/jpeg"}],"twitter_card":"summary_large_image","twitter_misc":{"Gesch\u00e4tzte Lesezeit":"2\u00a0Minuten"},"schema":{"@context":"https:\/\/schema.org","@graph":[{"@type":"WebPage","@id":"https:\/\/calerodiving.com\/basic-diver\/","url":"https:\/\/calerodiving.com\/basic-diver\/","name":"Basic Diver | Calero Diving Lanzarote","isPartOf":{"@id":"https:\/\/calerodiving.com\/#website"},"primaryImageOfPage":{"@id":"https:\/\/calerodiving.com\/basic-diver\/#primaryimage"},"image":{"@id":"https:\/\/calerodiving.com\/basic-diver\/#primaryimage"},"thumbnailUrl":"https:\/\/calerodiving.com\/wp-content\/uploads\/2022\/02\/1000-1.jpeg","datePublished":"2025-08-27T07:47:15+00:00","dateModified":"2026-04-20T12:34:54+00:00","breadcrumb":{"@id":"https:\/\/calerodiving.com\/basic-diver\/#breadcrumb"},"inLanguage":"de","potentialAction":[{"@type":"ReadAction","target":["https:\/\/calerodiving.com\/basic-diver\/"]}]},{"@type":"ImageObject","inLanguage":"de","@id":"https:\/\/calerodiving.com\/basic-diver\/#primaryimage","url":"https:\/\/calerodiving.com\/wp-content\/uploads\/2022\/02\/1000-1.jpeg","contentUrl":"https:\/\/calerodiving.com\/wp-content\/uploads\/2022\/02\/1000-1.jpeg"},{"@type":"BreadcrumbList","@id":"https:\/\/calerodiving.com\/basic-diver\/#breadcrumb","itemListElement":[{"@type":"ListItem","position":1,"name":"Home","item":"https:\/\/calerodiving.com\/es\/"},{"@type":"ListItem","position":2,"name":"Basic Diver"}]},{"@type":"WebSite","@id":"https:\/\/calerodiving.com\/#website","url":"https:\/\/calerodiving.com\/","name":"Calero Diving Lanzarote","description":"Dive Center - Marina Puerto Calero Lanzarote","publisher":{"@id":"https:\/\/calerodiving.com\/#organization"},"alternateName":"Calero Diving","potentialAction":[{"@type":"SearchAction","target":{"@type":"EntryPoint","urlTemplate":"https:\/\/calerodiving.com\/?s={search_term_string}"},"query-input":{"@type":"PropertyValueSpecification","valueRequired":true,"valueName":"search_term_string"}}],"inLanguage":"de"},{"@type":"Organization","@id":"https:\/\/calerodiving.com\/#organization","name":"Calero Diving Lanzarote","alternateName":"Calero Diving","url":"https:\/\/calerodiving.com\/","logo":{"@type":"ImageObject","inLanguage":"de","@id":"https:\/\/calerodiving.com\/#\/schema\/logo\/image\/","url":"https:\/\/calerodiving.com\/wp-content\/uploads\/2025\/05\/Grupo.png","contentUrl":"https:\/\/calerodiving.com\/wp-content\/uploads\/2025\/05\/Grupo.png","width":499,"height":590,"caption":"Calero Diving Lanzarote"},"image":{"@id":"https:\/\/calerodiving.com\/#\/schema\/logo\/image\/"},"sameAs":["https:\/\/www.facebook.com\/calerodiving\/","https:\/\/www.instagram.com\/calerodiving\/"]}]}},"_links":{"self":[{"href":"https:\/\/calerodiving.com\/de\/wp-json\/wp\/v2\/pages\/24518","targetHints":{"allow":["GET"]}}],"collection":[{"href":"https:\/\/calerodiving.com\/de\/wp-json\/wp\/v2\/pages"}],"about":[{"href":"https:\/\/calerodiving.com\/de\/wp-json\/wp\/v2\/types\/page"}],"author":[{"embeddable":true,"href":"https:\/\/calerodiving.com\/de\/wp-json\/wp\/v2\/users\/10"}],"replies":[{"embeddable":true,"href":"https:\/\/calerodiving.com\/de\/wp-json\/wp\/v2\/comments?post=24518"}],"version-history":[{"count":11,"href":"https:\/\/calerodiving.com\/de\/wp-json\/wp\/v2\/pages\/24518\/revisions"}],"predecessor-version":[{"id":28366,"href":"https:\/\/calerodiving.com\/de\/wp-json\/wp\/v2\/pages\/24518\/revisions\/28366"}],"wp:attachment":[{"href":"https:\/\/calerodiving.com\/de\/wp-json\/wp\/v2\/media?parent=24518"}],"curies":[{"name":"wp","href":"https:\/\/api.w.org\/{rel}","templated":true}]}}