{"id":24458,"date":"2025-08-27T08:46:03","date_gmt":"2025-08-27T07:46:03","guid":{"rendered":"https:\/\/calerodiving.com\/divemaster\/"},"modified":"2025-08-27T08:46:05","modified_gmt":"2025-08-27T07:46:05","slug":"divemaster","status":"publish","type":"page","link":"https:\/\/calerodiving.com\/de\/divemaster\/","title":{"rendered":"Divemaster"},"content":{"rendered":"\t\t<div data-elementor-type=\"wp-page\" data-elementor-id=\"24458\" class=\"elementor elementor-24458 elementor-21593\" data-elementor-post-type=\"page\">\n\t\t\t\t<div class=\"elementor-element elementor-element-fe46b58 e-flex e-con-boxed e-con e-parent\" data-id=\"fe46b58\" data-element_type=\"container\" data-e-type=\"container\">\n\t\t\t\t\t<div class=\"e-con-inner\">\n\t\t<div class=\"elementor-element elementor-element-601aaf2 e-con-full e-flex e-con e-child\" data-id=\"601aaf2\" data-element_type=\"container\" data-e-type=\"container\">\n\t\t\t\t<div class=\"elementor-element elementor-element-098eab2 elementor-widget elementor-widget-image\" data-id=\"098eab2\" data-element_type=\"widget\" data-e-type=\"widget\" data-widget_type=\"image.default\">\n\t\t\t\t<div class=\"elementor-widget-container\">\n\t\t\t\t\t\t\t\t\t\t\t\t\t\t\t<img fetchpriority=\"high\" decoding=\"async\" width=\"700\" height=\"445\" src=\"https:\/\/calerodiving.com\/wp-content\/uploads\/2025\/07\/Divemaster-course.webp\" class=\"attachment-large size-large wp-image-22331\" alt=\"\" srcset=\"https:\/\/calerodiving.com\/wp-content\/uploads\/2025\/07\/Divemaster-course.webp 700w, https:\/\/calerodiving.com\/wp-content\/uploads\/2025\/07\/Divemaster-course-300x191.webp 300w\" sizes=\"(max-width: 700px) 100vw, 700px\" \/>\t\t\t\t\t\t\t\t\t\t\t\t\t\t\t<\/div>\n\t\t\t\t<\/div>\n\t\t\t\t<\/div>\n\t\t<div class=\"elementor-element elementor-element-fa0b452 e-con-full e-flex e-con e-child\" data-id=\"fa0b452\" data-element_type=\"container\" data-e-type=\"container\">\n\t\t<div class=\"elementor-element elementor-element-69f7093 e-con-full e-flex e-con e-child\" data-id=\"69f7093\" data-element_type=\"container\" data-e-type=\"container\">\n\t\t\t\t<div class=\"elementor-element elementor-element-9f75b21 elementor-widget elementor-widget-html\" data-id=\"9f75b21\" data-element_type=\"widget\" data-e-type=\"widget\" data-widget_type=\"html.default\">\n\t\t\t\t<div class=\"elementor-widget-container\">\n\t\t\t\t\t<a href=\"https:\/\/calerodiving.com\/de\/?page_id=24222\" class=\"tag-button\">Professionell<\/a>\n\t\t\t\t<\/div>\n\t\t\t\t<\/div>\n\t\t\t\t<div class=\"elementor-element elementor-element-0c954df elementor-widget elementor-widget-heading\" data-id=\"0c954df\" data-element_type=\"widget\" data-e-type=\"widget\" data-widget_type=\"heading.default\">\n\t\t\t\t<div class=\"elementor-widget-container\">\n\t\t\t\t\t<h2 class=\"elementor-heading-title elementor-size-default\">Divemaster<\/h2>\t\t\t\t<\/div>\n\t\t\t\t<\/div>\n\t\t\t\t<\/div>\n\t\t\t\t<\/div>\n\t\t\t\t\t<\/div>\n\t\t\t\t<\/div>\n\t\t<div class=\"elementor-element elementor-element-5d314de e-flex e-con-boxed e-con e-parent\" data-id=\"5d314de\" data-element_type=\"container\" data-e-type=\"container\">\n\t\t\t\t\t<div class=\"e-con-inner\">\n\t\t<div class=\"elementor-element elementor-element-02c47ff e-con-full e-flex e-con e-child\" data-id=\"02c47ff\" data-element_type=\"container\" data-e-type=\"container\">\n\t\t<div class=\"elementor-element elementor-element-f09f315 e-con-full e-flex e-con e-child\" data-id=\"f09f315\" data-element_type=\"container\" data-e-type=\"container\">\n\t\t\t\t<div class=\"elementor-element elementor-element-09d27ff elementor-widget elementor-widget-heading\" data-id=\"09d27ff\" data-element_type=\"widget\" data-e-type=\"widget\" data-widget_type=\"heading.default\">\n\t\t\t\t<div class=\"elementor-widget-container\">\n\t\t\t\t\t<h2 class=\"elementor-heading-title elementor-size-default\">Werden Sie Profitaucher<\/h2>\t\t\t\t<\/div>\n\t\t\t\t<\/div>\n\t\t\t\t<div class=\"elementor-element elementor-element-d900da4 elementor-widget elementor-widget-text-editor\" data-id=\"d900da4\" data-element_type=\"widget\" data-e-type=\"widget\" data-widget_type=\"text-editor.default\">\n\t\t\t\t<div class=\"elementor-widget-container\">\n\t\t\t\t\t\t\t\t\t<div class=\"section-list\"><h3>Programm\u00fcbersicht:<\/h3><p>Der Divemaster-Kurs ist der erste Schritt in Ihrer Karriere als Tauchprofi und eine Voraussetzung, um Tauchlehrer zu werden. Dieser Kurs lehrt Sie, Gruppen bereits zertifizierter Taucher in einer Vielzahl von Umgebungen und Bedingungen zu f\u00fchren.<br>Der Kurs ist darauf ausgelegt, Ihnen die F\u00e4higkeiten und Kenntnisse zu vermitteln, die erforderlich sind, um Tauchergruppen sicher und einfach zu managen. <\/p><p>Briefings, Sicherheitsprotokolle, Tauchgangsmanagement und -organisation, Kommunikations- und F\u00fchrungstechniken sowie Problemerkennung und L\u00f6sungsfindung sind nur einige der Aspekte, die der Kurs behandeln wird.<\/p><p>Der SSI Science of Diving Spezialkurs bildet den anderen Teil des Divemaster-Trainingsprogramms. Dieser Abschnitt vermittelt Ihnen alles Wissenswerte \u00fcber die Wissenschaft hinter dem Tauchen, um Ihnen das notwendige Wissen zu geben, das zur sicheren Planung und Durchf\u00fchrung von Tauchaktivit\u00e4ten erforderlich ist. <\/p><p>Sie haben zwei Optionen f\u00fcr die Kursdauer: entweder 10 Tage oder 4-6 Wochen.<\/p><p>Der 10-Tages-Kurs ist ein intensives Trainingsprogramm, das Sie durch Workshops und Szenarien f\u00fchrt, die Sie darauf vorbereiten, zertifizierte Taucher souver\u00e4n zu f\u00fchren. Dieses Programm ist ideal f\u00fcr Taucher mit viel Taucherfahrung oder f\u00fcr diejenigen, die nicht unbedingt einen Karrierewechsel anstreben, sondern ihr Vertrauen in ihre Tauchf\u00e4higkeiten st\u00e4rken und ihre neuen Fertigkeiten mit nach Hause nehmen m\u00f6chten. <\/p><p>Das 4-6-w\u00f6chige Trainingsprogramm ist f\u00fcr Taucher konzipiert, die ihre Tauchf\u00e4higkeiten verbessern und einen Einblick in die Tauchbranche als Arbeitsumfeld erhalten m\u00f6chten. Dieses Programm kann an Ihre individuellen Bed\u00fcrfnisse angepasst werden, um sicherzustellen, dass Sie vollst\u00e4ndig in das Tauchteam integriert werden und nicht nur die praktischen Tauchfertigkeiten erlernen, sondern auch die Planung und Organisationsabl\u00e4ufe hinter den Kulissen eines Tauchbetriebs, einschlie\u00dflich der Verwendung eines Kompressors und der Durchf\u00fchrung grundlegender Ger\u00e4tewartung. <\/p><p>Sobald Sie als SSI Dive Guide zertifiziert sind, mindestens 60 Tauchg\u00e4nge geloggt und die SSI Science of Diving Spezialit\u00e4t abgeschlossen haben, erhalten Sie die Zertifizierung zum SSI Divemaster.<\/p><h3>Dauer:<\/h3><ul><li>10 Tage<\/li><li>4-6 Wochen<\/li><\/ul><h3>Inklusive:<\/h3><ul><li>Digitale Lernmaterialien<\/li><li>Physische Trainingsmaterialien<\/li><li>Alle<\/li><\/ul><\/div>\t\t\t\t\t\t\t\t<\/div>\n\t\t\t\t<\/div>\n\t\t\t\t<\/div>\n\t\t\t\t<\/div>\n\t\t<div class=\"elementor-element elementor-element-93430c8 e-con-full e-flex e-con e-child\" data-id=\"93430c8\" data-element_type=\"container\" data-e-type=\"container\">\n\t\t<div class=\"elementor-element elementor-element-a0490bd e-con-full course-sidebar-box e-flex e-con e-child\" data-id=\"a0490bd\" data-element_type=\"container\" data-e-type=\"container\" data-settings=\"{&quot;sticky&quot;:&quot;top&quot;,&quot;sticky_offset&quot;:110,&quot;sticky_effects_offset&quot;:130,&quot;sticky_parent&quot;:&quot;yes&quot;,&quot;sticky_on&quot;:[&quot;desktop&quot;,&quot;tablet&quot;,&quot;mobile&quot;],&quot;sticky_anchor_link_offset&quot;:0}\">\n\t\t\t\t<div class=\"elementor-element elementor-element-88b3797 elementor-widget elementor-widget-text-editor\" data-id=\"88b3797\" data-element_type=\"widget\" data-e-type=\"widget\" data-widget_type=\"text-editor.default\">\n\t\t\t\t<div class=\"elementor-widget-container\">\n\t\t\t\t\t\t\t\t\t<div class=\"courses-info\">\n<h6 class=\"no-margin\">Dauer:<\/h6>\n<p class=\"no-margin\"><span style=\"font-size: 1rem;\">10-Tages-Kurs<\/span><\/p>\n<\/div>\n<div class=\"courses-info\">\n<h6 class=\"no-margin\">Preis:<\/h6>\n<p class=\"no-margin\">Ab 950 \u20ac<\/p>\n<\/div>\t\t\t\t\t\t\t\t<\/div>\n\t\t\t\t<\/div>\n\t\t\t\t<div class=\"elementor-element elementor-element-814c695 elementor-mobile-align-center elementor-widget elementor-widget-button\" data-id=\"814c695\" data-element_type=\"widget\" data-e-type=\"widget\" data-widget_type=\"button.default\">\n\t\t\t\t<div class=\"elementor-widget-container\">\n\t\t\t\t\t\t\t\t\t<div class=\"elementor-button-wrapper\">\n\t\t\t\t\t<a class=\"elementor-button elementor-size-sm\" role=\"button\">\n\t\t\t\t\t\t<span class=\"elementor-button-content-wrapper\">\n\t\t\t\t\t\t\t\t\t<span class=\"elementor-button-text\">Kontakt<\/span>\n\t\t\t\t\t<\/span>\n\t\t\t\t\t<\/a>\n\t\t\t\t<\/div>\n\t\t\t\t\t\t\t\t<\/div>\n\t\t\t\t<\/div>\n\t\t\t\t<\/div>\n\t\t\t\t<\/div>\n\t\t\t\t\t<\/div>\n\t\t\t\t<\/div>\n\t\t\t\t<\/div>\n\t\t","protected":false},"excerpt":{"rendered":"<p>Professionell Divemaster Werden Sie Profitaucher Programm\u00fcbersicht: Der Divemaster-Kurs ist der erste Schritt in Ihrer Karriere als Tauchprofi und eine Voraussetzung, um Tauchlehrer zu werden. Dieser Kurs lehrt Sie, Gruppen bereits zertifizierter Taucher in einer Vielzahl von Umgebungen und Bedingungen zu f\u00fchren.Der Kurs ist darauf ausgelegt, Ihnen die F\u00e4higkeiten und Kenntnisse zu vermitteln, die erforderlich sind, [&hellip;]<\/p>\n","protected":false},"author":10,"featured_media":0,"parent":0,"menu_order":0,"comment_status":"closed","ping_status":"closed","template":"","meta":{"_acf_changed":false,"footnotes":""},"class_list":["post-24458","page","type-page","status-publish","hentry"],"acf":[],"yoast_head":"<!-- This site is optimized with the Yoast SEO plugin v27.5 - https:\/\/yoast.com\/product\/yoast-seo-wordpress\/ -->\n<title>Divemaster | Calero Diving Lanzarote<\/title>\n<meta name=\"robots\" content=\"index, follow, max-snippet:-1, max-image-preview:large, max-video-preview:-1\" \/>\n<link rel=\"canonical\" href=\"https:\/\/calerodiving.com\/de\/?page_id=24458\" \/>\n<meta property=\"og:locale\" content=\"de_DE\" \/>\n<meta property=\"og:type\" content=\"article\" \/>\n<meta property=\"og:title\" content=\"Divemaster | Calero Diving Lanzarote\" \/>\n<meta property=\"og:description\" content=\"Professionell Divemaster Werden Sie Profitaucher Programm\u00fcbersicht: Der Divemaster-Kurs ist der erste Schritt in Ihrer Karriere als Tauchprofi und eine Voraussetzung, um Tauchlehrer zu werden. Dieser Kurs lehrt Sie, Gruppen bereits zertifizierter Taucher in einer Vielzahl von Umgebungen und Bedingungen zu f\u00fchren.Der Kurs ist darauf ausgelegt, Ihnen die F\u00e4higkeiten und Kenntnisse zu vermitteln, die erforderlich sind, [&hellip;]\" \/>\n<meta property=\"og:url\" content=\"https:\/\/calerodiving.com\/de\/?page_id=24458\" \/>\n<meta property=\"og:site_name\" content=\"Calero Diving Lanzarote\" \/>\n<meta property=\"article:publisher\" content=\"https:\/\/www.facebook.com\/calerodiving\/\" \/>\n<meta property=\"article:modified_time\" content=\"2025-08-27T07:46:05+00:00\" \/>\n<meta property=\"og:image\" content=\"https:\/\/calerodiving.com\/wp-content\/uploads\/2025\/07\/Divemaster-course.webp\" \/>\n<meta name=\"twitter:card\" content=\"summary_large_image\" \/>\n<meta name=\"twitter:label1\" content=\"Gesch\u00e4tzte Lesezeit\" \/>\n\t<meta name=\"twitter:data1\" content=\"2\u00a0Minuten\" \/>\n<script type=\"application\/ld+json\" class=\"yoast-schema-graph\">{\"@context\":\"https:\\\/\\\/schema.org\",\"@graph\":[{\"@type\":\"WebPage\",\"@id\":\"https:\\\/\\\/calerodiving.com\\\/de\\\/?page_id=24458\",\"url\":\"https:\\\/\\\/calerodiving.com\\\/de\\\/?page_id=24458\",\"name\":\"Divemaster | Calero Diving Lanzarote\",\"isPartOf\":{\"@id\":\"https:\\\/\\\/calerodiving.com\\\/#website\"},\"primaryImageOfPage\":{\"@id\":\"https:\\\/\\\/calerodiving.com\\\/de\\\/?page_id=24458#primaryimage\"},\"image\":{\"@id\":\"https:\\\/\\\/calerodiving.com\\\/de\\\/?page_id=24458#primaryimage\"},\"thumbnailUrl\":\"https:\\\/\\\/calerodiving.com\\\/wp-content\\\/uploads\\\/2025\\\/07\\\/Divemaster-course.webp\",\"datePublished\":\"2025-08-27T07:46:03+00:00\",\"dateModified\":\"2025-08-27T07:46:05+00:00\",\"breadcrumb\":{\"@id\":\"https:\\\/\\\/calerodiving.com\\\/de\\\/?page_id=24458#breadcrumb\"},\"inLanguage\":\"de\",\"potentialAction\":[{\"@type\":\"ReadAction\",\"target\":[\"https:\\\/\\\/calerodiving.com\\\/de\\\/?page_id=24458\"]}]},{\"@type\":\"ImageObject\",\"inLanguage\":\"de\",\"@id\":\"https:\\\/\\\/calerodiving.com\\\/de\\\/?page_id=24458#primaryimage\",\"url\":\"https:\\\/\\\/calerodiving.com\\\/wp-content\\\/uploads\\\/2025\\\/07\\\/Divemaster-course.webp\",\"contentUrl\":\"https:\\\/\\\/calerodiving.com\\\/wp-content\\\/uploads\\\/2025\\\/07\\\/Divemaster-course.webp\"},{\"@type\":\"BreadcrumbList\",\"@id\":\"https:\\\/\\\/calerodiving.com\\\/de\\\/?page_id=24458#breadcrumb\",\"itemListElement\":[{\"@type\":\"ListItem\",\"position\":1,\"name\":\"Home\",\"item\":\"https:\\\/\\\/calerodiving.com\\\/es\\\/\"},{\"@type\":\"ListItem\",\"position\":2,\"name\":\"Divemaster\"}]},{\"@type\":\"WebSite\",\"@id\":\"https:\\\/\\\/calerodiving.com\\\/#website\",\"url\":\"https:\\\/\\\/calerodiving.com\\\/\",\"name\":\"Calero Diving Lanzarote\",\"description\":\"Dive Center - Marina Puerto Calero Lanzarote\",\"publisher\":{\"@id\":\"https:\\\/\\\/calerodiving.com\\\/#organization\"},\"alternateName\":\"Calero Diving\",\"potentialAction\":[{\"@type\":\"SearchAction\",\"target\":{\"@type\":\"EntryPoint\",\"urlTemplate\":\"https:\\\/\\\/calerodiving.com\\\/?s={search_term_string}\"},\"query-input\":{\"@type\":\"PropertyValueSpecification\",\"valueRequired\":true,\"valueName\":\"search_term_string\"}}],\"inLanguage\":\"de\"},{\"@type\":\"Organization\",\"@id\":\"https:\\\/\\\/calerodiving.com\\\/#organization\",\"name\":\"Calero Diving Lanzarote\",\"alternateName\":\"Calero Diving\",\"url\":\"https:\\\/\\\/calerodiving.com\\\/\",\"logo\":{\"@type\":\"ImageObject\",\"inLanguage\":\"de\",\"@id\":\"https:\\\/\\\/calerodiving.com\\\/#\\\/schema\\\/logo\\\/image\\\/\",\"url\":\"https:\\\/\\\/calerodiving.com\\\/wp-content\\\/uploads\\\/2025\\\/05\\\/Grupo.png\",\"contentUrl\":\"https:\\\/\\\/calerodiving.com\\\/wp-content\\\/uploads\\\/2025\\\/05\\\/Grupo.png\",\"width\":499,\"height\":590,\"caption\":\"Calero Diving Lanzarote\"},\"image\":{\"@id\":\"https:\\\/\\\/calerodiving.com\\\/#\\\/schema\\\/logo\\\/image\\\/\"},\"sameAs\":[\"https:\\\/\\\/www.facebook.com\\\/calerodiving\\\/\",\"https:\\\/\\\/www.instagram.com\\\/calerodiving\\\/\"]}]}<\/script>\n<!-- \/ Yoast SEO plugin. -->","yoast_head_json":{"title":"Divemaster | Calero Diving Lanzarote","robots":{"index":"index","follow":"follow","max-snippet":"max-snippet:-1","max-image-preview":"max-image-preview:large","max-video-preview":"max-video-preview:-1"},"canonical":"https:\/\/calerodiving.com\/de\/?page_id=24458","og_locale":"de_DE","og_type":"article","og_title":"Divemaster | Calero Diving Lanzarote","og_description":"Professionell Divemaster Werden Sie Profitaucher Programm\u00fcbersicht: Der Divemaster-Kurs ist der erste Schritt in Ihrer Karriere als Tauchprofi und eine Voraussetzung, um Tauchlehrer zu werden. Dieser Kurs lehrt Sie, Gruppen bereits zertifizierter Taucher in einer Vielzahl von Umgebungen und Bedingungen zu f\u00fchren.Der Kurs ist darauf ausgelegt, Ihnen die F\u00e4higkeiten und Kenntnisse zu vermitteln, die erforderlich sind, [&hellip;]","og_url":"https:\/\/calerodiving.com\/de\/?page_id=24458","og_site_name":"Calero Diving Lanzarote","article_publisher":"https:\/\/www.facebook.com\/calerodiving\/","article_modified_time":"2025-08-27T07:46:05+00:00","og_image":[{"url":"https:\/\/calerodiving.com\/wp-content\/uploads\/2025\/07\/Divemaster-course.webp","type":"","width":"","height":""}],"twitter_card":"summary_large_image","twitter_misc":{"Gesch\u00e4tzte Lesezeit":"2\u00a0Minuten"},"schema":{"@context":"https:\/\/schema.org","@graph":[{"@type":"WebPage","@id":"https:\/\/calerodiving.com\/de\/?page_id=24458","url":"https:\/\/calerodiving.com\/de\/?page_id=24458","name":"Divemaster | Calero Diving Lanzarote","isPartOf":{"@id":"https:\/\/calerodiving.com\/#website"},"primaryImageOfPage":{"@id":"https:\/\/calerodiving.com\/de\/?page_id=24458#primaryimage"},"image":{"@id":"https:\/\/calerodiving.com\/de\/?page_id=24458#primaryimage"},"thumbnailUrl":"https:\/\/calerodiving.com\/wp-content\/uploads\/2025\/07\/Divemaster-course.webp","datePublished":"2025-08-27T07:46:03+00:00","dateModified":"2025-08-27T07:46:05+00:00","breadcrumb":{"@id":"https:\/\/calerodiving.com\/de\/?page_id=24458#breadcrumb"},"inLanguage":"de","potentialAction":[{"@type":"ReadAction","target":["https:\/\/calerodiving.com\/de\/?page_id=24458"]}]},{"@type":"ImageObject","inLanguage":"de","@id":"https:\/\/calerodiving.com\/de\/?page_id=24458#primaryimage","url":"https:\/\/calerodiving.com\/wp-content\/uploads\/2025\/07\/Divemaster-course.webp","contentUrl":"https:\/\/calerodiving.com\/wp-content\/uploads\/2025\/07\/Divemaster-course.webp"},{"@type":"BreadcrumbList","@id":"https:\/\/calerodiving.com\/de\/?page_id=24458#breadcrumb","itemListElement":[{"@type":"ListItem","position":1,"name":"Home","item":"https:\/\/calerodiving.com\/es\/"},{"@type":"ListItem","position":2,"name":"Divemaster"}]},{"@type":"WebSite","@id":"https:\/\/calerodiving.com\/#website","url":"https:\/\/calerodiving.com\/","name":"Calero Diving Lanzarote","description":"Dive Center - Marina Puerto Calero Lanzarote","publisher":{"@id":"https:\/\/calerodiving.com\/#organization"},"alternateName":"Calero Diving","potentialAction":[{"@type":"SearchAction","target":{"@type":"EntryPoint","urlTemplate":"https:\/\/calerodiving.com\/?s={search_term_string}"},"query-input":{"@type":"PropertyValueSpecification","valueRequired":true,"valueName":"search_term_string"}}],"inLanguage":"de"},{"@type":"Organization","@id":"https:\/\/calerodiving.com\/#organization","name":"Calero Diving Lanzarote","alternateName":"Calero Diving","url":"https:\/\/calerodiving.com\/","logo":{"@type":"ImageObject","inLanguage":"de","@id":"https:\/\/calerodiving.com\/#\/schema\/logo\/image\/","url":"https:\/\/calerodiving.com\/wp-content\/uploads\/2025\/05\/Grupo.png","contentUrl":"https:\/\/calerodiving.com\/wp-content\/uploads\/2025\/05\/Grupo.png","width":499,"height":590,"caption":"Calero Diving Lanzarote"},"image":{"@id":"https:\/\/calerodiving.com\/#\/schema\/logo\/image\/"},"sameAs":["https:\/\/www.facebook.com\/calerodiving\/","https:\/\/www.instagram.com\/calerodiving\/"]}]}},"_links":{"self":[{"href":"https:\/\/calerodiving.com\/de\/wp-json\/wp\/v2\/pages\/24458","targetHints":{"allow":["GET"]}}],"collection":[{"href":"https:\/\/calerodiving.com\/de\/wp-json\/wp\/v2\/pages"}],"about":[{"href":"https:\/\/calerodiving.com\/de\/wp-json\/wp\/v2\/types\/page"}],"author":[{"embeddable":true,"href":"https:\/\/calerodiving.com\/de\/wp-json\/wp\/v2\/users\/10"}],"replies":[{"embeddable":true,"href":"https:\/\/calerodiving.com\/de\/wp-json\/wp\/v2\/comments?post=24458"}],"version-history":[{"count":2,"href":"https:\/\/calerodiving.com\/de\/wp-json\/wp\/v2\/pages\/24458\/revisions"}],"predecessor-version":[{"id":24460,"href":"https:\/\/calerodiving.com\/de\/wp-json\/wp\/v2\/pages\/24458\/revisions\/24460"}],"wp:attachment":[{"href":"https:\/\/calerodiving.com\/de\/wp-json\/wp\/v2\/media?parent=24458"}],"curies":[{"name":"wp","href":"https:\/\/api.w.org\/{rel}","templated":true}]}}