{"id":24443,"date":"2025-08-27T08:45:44","date_gmt":"2025-08-27T07:45:44","guid":{"rendered":"https:\/\/calerodiving.com\/assistenztauchlehrer\/"},"modified":"2025-08-27T08:45:47","modified_gmt":"2025-08-27T07:45:47","slug":"assistenztauchlehrer","status":"publish","type":"page","link":"https:\/\/calerodiving.com\/de\/assistenztauchlehrer\/","title":{"rendered":"Assistenztauchlehrer"},"content":{"rendered":"\t\t<div data-elementor-type=\"wp-page\" data-elementor-id=\"24443\" class=\"elementor elementor-24443 elementor-21623\" data-elementor-post-type=\"page\">\n\t\t\t\t<div class=\"elementor-element elementor-element-f3e3bf8 e-flex e-con-boxed e-con e-parent\" data-id=\"f3e3bf8\" data-element_type=\"container\" data-e-type=\"container\">\n\t\t\t\t\t<div class=\"e-con-inner\">\n\t\t<div class=\"elementor-element elementor-element-6866aee e-con-full e-flex e-con e-child\" data-id=\"6866aee\" data-element_type=\"container\" data-e-type=\"container\">\n\t\t\t\t<div class=\"elementor-element elementor-element-ea01a4e elementor-widget elementor-widget-image\" data-id=\"ea01a4e\" data-element_type=\"widget\" data-e-type=\"widget\" data-widget_type=\"image.default\">\n\t\t\t\t<div class=\"elementor-widget-container\">\n\t\t\t\t\t\t\t\t\t\t\t\t\t\t\t<img fetchpriority=\"high\" decoding=\"async\" width=\"700\" height=\"445\" src=\"https:\/\/calerodiving.com\/wp-content\/uploads\/2025\/07\/Assistant-Instructor-couse-1.webp\" class=\"attachment-large size-large wp-image-22338\" alt=\"\" srcset=\"https:\/\/calerodiving.com\/wp-content\/uploads\/2025\/07\/Assistant-Instructor-couse-1.webp 700w, https:\/\/calerodiving.com\/wp-content\/uploads\/2025\/07\/Assistant-Instructor-couse-1-300x191.webp 300w\" sizes=\"(max-width: 700px) 100vw, 700px\" \/>\t\t\t\t\t\t\t\t\t\t\t\t\t\t\t<\/div>\n\t\t\t\t<\/div>\n\t\t\t\t<\/div>\n\t\t<div class=\"elementor-element elementor-element-705e91e e-con-full e-flex e-con e-child\" data-id=\"705e91e\" data-element_type=\"container\" data-e-type=\"container\">\n\t\t<div class=\"elementor-element elementor-element-5cd3c58 e-con-full e-flex e-con e-child\" data-id=\"5cd3c58\" data-element_type=\"container\" data-e-type=\"container\">\n\t\t\t\t<div class=\"elementor-element elementor-element-d9b5d3e elementor-widget elementor-widget-html\" data-id=\"d9b5d3e\" data-element_type=\"widget\" data-e-type=\"widget\" data-widget_type=\"html.default\">\n\t\t\t\t<div class=\"elementor-widget-container\">\n\t\t\t\t\t<a href=\"https:\/\/calerodiving.com\/de\/?page_id=24222\" class=\"tag-button\">Professionell<\/a>\n\t\t\t\t<\/div>\n\t\t\t\t<\/div>\n\t\t\t\t<div class=\"elementor-element elementor-element-ba9e3a7 elementor-widget elementor-widget-heading\" data-id=\"ba9e3a7\" data-element_type=\"widget\" data-e-type=\"widget\" data-widget_type=\"heading.default\">\n\t\t\t\t<div class=\"elementor-widget-container\">\n\t\t\t\t\t<h2 class=\"elementor-heading-title elementor-size-default\">Assistenztauchlehrer<\/h2>\t\t\t\t<\/div>\n\t\t\t\t<\/div>\n\t\t\t\t<\/div>\n\t\t\t\t<\/div>\n\t\t\t\t\t<\/div>\n\t\t\t\t<\/div>\n\t\t<div class=\"elementor-element elementor-element-99b0711 e-flex e-con-boxed e-con e-parent\" data-id=\"99b0711\" data-element_type=\"container\" data-e-type=\"container\">\n\t\t\t\t\t<div class=\"e-con-inner\">\n\t\t<div class=\"elementor-element elementor-element-9a2b635 e-con-full e-flex e-con e-child\" data-id=\"9a2b635\" data-element_type=\"container\" data-e-type=\"container\">\n\t\t<div class=\"elementor-element elementor-element-f2791de e-con-full e-flex e-con e-child\" data-id=\"f2791de\" data-element_type=\"container\" data-e-type=\"container\">\n\t\t\t\t<div class=\"elementor-element elementor-element-7f8dee2 elementor-widget elementor-widget-heading\" data-id=\"7f8dee2\" data-element_type=\"widget\" data-e-type=\"widget\" data-widget_type=\"heading.default\">\n\t\t\t\t<div class=\"elementor-widget-container\">\n\t\t\t\t\t<h2 class=\"elementor-heading-title elementor-size-default\">Werden Sie Profitaucher<\/h2>\t\t\t\t<\/div>\n\t\t\t\t<\/div>\n\t\t\t\t<div class=\"elementor-element elementor-element-a541685 elementor-widget elementor-widget-text-editor\" data-id=\"a541685\" data-element_type=\"widget\" data-e-type=\"widget\" data-widget_type=\"text-editor.default\">\n\t\t\t\t<div class=\"elementor-widget-container\">\n\t\t\t\t\t\t\t\t\t<div class=\"section-list\"><h3>Programm\u00fcbersicht:<\/h3><p>W\u00e4hrend des Assistenztauchlehrer-Kurses erhalten Sie die notwendigen F\u00e4higkeiten und Kenntnisse, um direkt bei Tauchkursen assistieren zu k\u00f6nnen.<\/p><p>Ein SSI Assistenztauchlehrer kann die Theoriestunden sowie die Freiwasser- oder Pool-Einheiten eines Open Water Diver Kurses direkt beaufsichtigen.<\/p><p>Als Assistenztauchlehrer k\u00f6nnen Sie auch Zertifizierungen f\u00fcr Programme wie Try Dive, Scuba Skills Update und Perfect Buoyancy ausstellen.<\/p><p>Es ist der Schritt, bevor Sie Open Water Instructor werden, und der Kurs ist darauf ausgelegt, die Standards und die Lehrphilosophie von SSI als Organisation zu vermitteln.<br>Es ist notwendig, diese Lehrmethoden zu verstehen und anwenden zu k\u00f6nnen, um sie richtig zu lehren.<\/p><h3>Dauer:<\/h3><ul><li>5 &#8211; 12 Tage<\/li><\/ul><h3>Inklusive:<\/h3><ul><li>Schulungsmaterialien, einschlie\u00dflich digitaler Lernmaterialien, physischer Kits und Anmeldegeb\u00fchren<\/li><li>Alle notwendigen Tauchg\u00e4nge, um das erforderliche Minimum zu erreichen<\/li><li>J\u00e4hrliche SSI Aktivstatusgeb\u00fchren<\/li><li>20 % Rabatt auf den Erwerb neuer Ausr\u00fcstung<\/li><li>Calero Diving T-Shirt<\/li><li>St\u00e4ndige Beratung w\u00e4hrend des Kurses durch Ihren Instructor Trainer<\/li><\/ul><h3>Nicht inklusive:<\/h3><ul><li>Mietausr\u00fcstung.<\/li><li>Pers\u00f6nliche oder professionelle Tauchversicherung.<\/li><\/ul><h3>Voraussetzungen:<\/h3><ul><li>SSI Divemaster-Zertifizierung oder gleichwertig.<\/li><li>SSI React Right-Zertifizierung oder gleichwertig, nicht \u00e4lter als zwei Jahre.<\/li><li>Mindestens 75 geloggte Tauchg\u00e4nge.<\/li><li>Mindestalter 18 Jahre.<\/li><li>Hyperbares medizinisches Zertifikat.<\/li><li>Professionelle und pers\u00f6nliche Tauchversicherung.<\/li><\/ul><h3>Weitere Kurse, die Sie interessieren k\u00f6nnten:<\/h3><ul><li><a href=\"https:\/\/calerodiving.com\/de\/?page_id=24428\">Spezialtauchlehrer<\/a><\/li><\/ul><\/div>\t\t\t\t\t\t\t\t<\/div>\n\t\t\t\t<\/div>\n\t\t\t\t<\/div>\n\t\t\t\t<\/div>\n\t\t<div class=\"elementor-element elementor-element-077eb3b e-con-full e-flex e-con e-child\" data-id=\"077eb3b\" data-element_type=\"container\" data-e-type=\"container\">\n\t\t<div class=\"elementor-element elementor-element-9826e47 e-con-full course-sidebar-box e-flex e-con e-child\" data-id=\"9826e47\" data-element_type=\"container\" data-e-type=\"container\" data-settings=\"{&quot;sticky&quot;:&quot;top&quot;,&quot;sticky_offset&quot;:110,&quot;sticky_effects_offset&quot;:130,&quot;sticky_parent&quot;:&quot;yes&quot;,&quot;sticky_on&quot;:[&quot;desktop&quot;,&quot;tablet&quot;,&quot;mobile&quot;],&quot;sticky_anchor_link_offset&quot;:0}\">\n\t\t\t\t<div class=\"elementor-element elementor-element-5595639 elementor-widget elementor-widget-text-editor\" data-id=\"5595639\" data-element_type=\"widget\" data-e-type=\"widget\" data-widget_type=\"text-editor.default\">\n\t\t\t\t<div class=\"elementor-widget-container\">\n\t\t\t\t\t\t\t\t\t<div class=\"courses-info\"><h6 class=\"no-margin\">Dauer:<\/h6><p class=\"no-margin\"><span style=\"font-size: 1rem;\">5-Tages-Kurs<\/span><\/p><\/div><div class=\"courses-info\"><h6 class=\"no-margin\">Preis:<\/h6><p class=\"no-margin\">Ab 895 \u20ac<\/p><\/div>\t\t\t\t\t\t\t\t<\/div>\n\t\t\t\t<\/div>\n\t\t\t\t<div class=\"elementor-element elementor-element-3b3f1e9 elementor-mobile-align-center elementor-widget elementor-widget-button\" data-id=\"3b3f1e9\" data-element_type=\"widget\" data-e-type=\"widget\" data-widget_type=\"button.default\">\n\t\t\t\t<div class=\"elementor-widget-container\">\n\t\t\t\t\t\t\t\t\t<div class=\"elementor-button-wrapper\">\n\t\t\t\t\t<a class=\"elementor-button elementor-size-sm\" role=\"button\">\n\t\t\t\t\t\t<span class=\"elementor-button-content-wrapper\">\n\t\t\t\t\t\t\t\t\t<span class=\"elementor-button-text\">Kontakt<\/span>\n\t\t\t\t\t<\/span>\n\t\t\t\t\t<\/a>\n\t\t\t\t<\/div>\n\t\t\t\t\t\t\t\t<\/div>\n\t\t\t\t<\/div>\n\t\t\t\t<\/div>\n\t\t\t\t<\/div>\n\t\t\t\t\t<\/div>\n\t\t\t\t<\/div>\n\t\t\t\t<\/div>\n\t\t","protected":false},"excerpt":{"rendered":"<p>Professionell Assistenztauchlehrer Werden Sie Profitaucher Programm\u00fcbersicht: W\u00e4hrend des Assistenztauchlehrer-Kurses erhalten Sie die notwendigen F\u00e4higkeiten und Kenntnisse, um direkt bei Tauchkursen assistieren zu k\u00f6nnen. Ein SSI Assistenztauchlehrer kann die Theoriestunden sowie die Freiwasser- oder Pool-Einheiten eines Open Water Diver Kurses direkt beaufsichtigen. Als Assistenztauchlehrer k\u00f6nnen Sie auch Zertifizierungen f\u00fcr Programme wie Try Dive, Scuba Skills Update [&hellip;]<\/p>\n","protected":false},"author":10,"featured_media":0,"parent":0,"menu_order":0,"comment_status":"closed","ping_status":"closed","template":"","meta":{"_acf_changed":false,"footnotes":""},"class_list":["post-24443","page","type-page","status-publish","hentry"],"acf":[],"yoast_head":"<!-- This site is optimized with the Yoast SEO plugin v27.5 - https:\/\/yoast.com\/product\/yoast-seo-wordpress\/ -->\n<title>Assistenztauchlehrer | Calero Diving Lanzarote<\/title>\n<meta name=\"robots\" content=\"index, follow, max-snippet:-1, max-image-preview:large, max-video-preview:-1\" \/>\n<link rel=\"canonical\" href=\"https:\/\/calerodiving.com\/de\/?page_id=24443\" \/>\n<meta property=\"og:locale\" content=\"de_DE\" \/>\n<meta property=\"og:type\" content=\"article\" \/>\n<meta property=\"og:title\" content=\"Assistenztauchlehrer | Calero Diving Lanzarote\" \/>\n<meta property=\"og:description\" content=\"Professionell Assistenztauchlehrer Werden Sie Profitaucher Programm\u00fcbersicht: W\u00e4hrend des Assistenztauchlehrer-Kurses erhalten Sie die notwendigen F\u00e4higkeiten und Kenntnisse, um direkt bei Tauchkursen assistieren zu k\u00f6nnen. Ein SSI Assistenztauchlehrer kann die Theoriestunden sowie die Freiwasser- oder Pool-Einheiten eines Open Water Diver Kurses direkt beaufsichtigen. Als Assistenztauchlehrer k\u00f6nnen Sie auch Zertifizierungen f\u00fcr Programme wie Try Dive, Scuba Skills Update [&hellip;]\" \/>\n<meta property=\"og:url\" content=\"https:\/\/calerodiving.com\/de\/?page_id=24443\" \/>\n<meta property=\"og:site_name\" content=\"Calero Diving Lanzarote\" \/>\n<meta property=\"article:publisher\" content=\"https:\/\/www.facebook.com\/calerodiving\/\" \/>\n<meta property=\"article:modified_time\" content=\"2025-08-27T07:45:47+00:00\" \/>\n<meta property=\"og:image\" content=\"https:\/\/calerodiving.com\/wp-content\/uploads\/2025\/07\/Assistant-Instructor-couse-1.webp\" \/>\n<meta name=\"twitter:card\" content=\"summary_large_image\" \/>\n<meta name=\"twitter:label1\" content=\"Gesch\u00e4tzte Lesezeit\" \/>\n\t<meta name=\"twitter:data1\" content=\"1\u00a0Minute\" \/>\n<script type=\"application\/ld+json\" class=\"yoast-schema-graph\">{\"@context\":\"https:\\\/\\\/schema.org\",\"@graph\":[{\"@type\":\"WebPage\",\"@id\":\"https:\\\/\\\/calerodiving.com\\\/de\\\/?page_id=24443\",\"url\":\"https:\\\/\\\/calerodiving.com\\\/de\\\/?page_id=24443\",\"name\":\"Assistenztauchlehrer | Calero Diving Lanzarote\",\"isPartOf\":{\"@id\":\"https:\\\/\\\/calerodiving.com\\\/#website\"},\"primaryImageOfPage\":{\"@id\":\"https:\\\/\\\/calerodiving.com\\\/de\\\/?page_id=24443#primaryimage\"},\"image\":{\"@id\":\"https:\\\/\\\/calerodiving.com\\\/de\\\/?page_id=24443#primaryimage\"},\"thumbnailUrl\":\"https:\\\/\\\/calerodiving.com\\\/wp-content\\\/uploads\\\/2025\\\/07\\\/Assistant-Instructor-couse-1.webp\",\"datePublished\":\"2025-08-27T07:45:44+00:00\",\"dateModified\":\"2025-08-27T07:45:47+00:00\",\"breadcrumb\":{\"@id\":\"https:\\\/\\\/calerodiving.com\\\/de\\\/?page_id=24443#breadcrumb\"},\"inLanguage\":\"de\",\"potentialAction\":[{\"@type\":\"ReadAction\",\"target\":[\"https:\\\/\\\/calerodiving.com\\\/de\\\/?page_id=24443\"]}]},{\"@type\":\"ImageObject\",\"inLanguage\":\"de\",\"@id\":\"https:\\\/\\\/calerodiving.com\\\/de\\\/?page_id=24443#primaryimage\",\"url\":\"https:\\\/\\\/calerodiving.com\\\/wp-content\\\/uploads\\\/2025\\\/07\\\/Assistant-Instructor-couse-1.webp\",\"contentUrl\":\"https:\\\/\\\/calerodiving.com\\\/wp-content\\\/uploads\\\/2025\\\/07\\\/Assistant-Instructor-couse-1.webp\"},{\"@type\":\"BreadcrumbList\",\"@id\":\"https:\\\/\\\/calerodiving.com\\\/de\\\/?page_id=24443#breadcrumb\",\"itemListElement\":[{\"@type\":\"ListItem\",\"position\":1,\"name\":\"Home\",\"item\":\"https:\\\/\\\/calerodiving.com\\\/es\\\/\"},{\"@type\":\"ListItem\",\"position\":2,\"name\":\"Assistenztauchlehrer\"}]},{\"@type\":\"WebSite\",\"@id\":\"https:\\\/\\\/calerodiving.com\\\/#website\",\"url\":\"https:\\\/\\\/calerodiving.com\\\/\",\"name\":\"Calero Diving Lanzarote\",\"description\":\"Dive Center - Marina Puerto Calero Lanzarote\",\"publisher\":{\"@id\":\"https:\\\/\\\/calerodiving.com\\\/#organization\"},\"alternateName\":\"Calero Diving\",\"potentialAction\":[{\"@type\":\"SearchAction\",\"target\":{\"@type\":\"EntryPoint\",\"urlTemplate\":\"https:\\\/\\\/calerodiving.com\\\/?s={search_term_string}\"},\"query-input\":{\"@type\":\"PropertyValueSpecification\",\"valueRequired\":true,\"valueName\":\"search_term_string\"}}],\"inLanguage\":\"de\"},{\"@type\":\"Organization\",\"@id\":\"https:\\\/\\\/calerodiving.com\\\/#organization\",\"name\":\"Calero Diving Lanzarote\",\"alternateName\":\"Calero Diving\",\"url\":\"https:\\\/\\\/calerodiving.com\\\/\",\"logo\":{\"@type\":\"ImageObject\",\"inLanguage\":\"de\",\"@id\":\"https:\\\/\\\/calerodiving.com\\\/#\\\/schema\\\/logo\\\/image\\\/\",\"url\":\"https:\\\/\\\/calerodiving.com\\\/wp-content\\\/uploads\\\/2025\\\/05\\\/Grupo.png\",\"contentUrl\":\"https:\\\/\\\/calerodiving.com\\\/wp-content\\\/uploads\\\/2025\\\/05\\\/Grupo.png\",\"width\":499,\"height\":590,\"caption\":\"Calero Diving Lanzarote\"},\"image\":{\"@id\":\"https:\\\/\\\/calerodiving.com\\\/#\\\/schema\\\/logo\\\/image\\\/\"},\"sameAs\":[\"https:\\\/\\\/www.facebook.com\\\/calerodiving\\\/\",\"https:\\\/\\\/www.instagram.com\\\/calerodiving\\\/\"]}]}<\/script>\n<!-- \/ Yoast SEO plugin. -->","yoast_head_json":{"title":"Assistenztauchlehrer | Calero Diving Lanzarote","robots":{"index":"index","follow":"follow","max-snippet":"max-snippet:-1","max-image-preview":"max-image-preview:large","max-video-preview":"max-video-preview:-1"},"canonical":"https:\/\/calerodiving.com\/de\/?page_id=24443","og_locale":"de_DE","og_type":"article","og_title":"Assistenztauchlehrer | Calero Diving Lanzarote","og_description":"Professionell Assistenztauchlehrer Werden Sie Profitaucher Programm\u00fcbersicht: W\u00e4hrend des Assistenztauchlehrer-Kurses erhalten Sie die notwendigen F\u00e4higkeiten und Kenntnisse, um direkt bei Tauchkursen assistieren zu k\u00f6nnen. Ein SSI Assistenztauchlehrer kann die Theoriestunden sowie die Freiwasser- oder Pool-Einheiten eines Open Water Diver Kurses direkt beaufsichtigen. Als Assistenztauchlehrer k\u00f6nnen Sie auch Zertifizierungen f\u00fcr Programme wie Try Dive, Scuba Skills Update [&hellip;]","og_url":"https:\/\/calerodiving.com\/de\/?page_id=24443","og_site_name":"Calero Diving Lanzarote","article_publisher":"https:\/\/www.facebook.com\/calerodiving\/","article_modified_time":"2025-08-27T07:45:47+00:00","og_image":[{"url":"https:\/\/calerodiving.com\/wp-content\/uploads\/2025\/07\/Assistant-Instructor-couse-1.webp","type":"","width":"","height":""}],"twitter_card":"summary_large_image","twitter_misc":{"Gesch\u00e4tzte Lesezeit":"1\u00a0Minute"},"schema":{"@context":"https:\/\/schema.org","@graph":[{"@type":"WebPage","@id":"https:\/\/calerodiving.com\/de\/?page_id=24443","url":"https:\/\/calerodiving.com\/de\/?page_id=24443","name":"Assistenztauchlehrer | Calero Diving Lanzarote","isPartOf":{"@id":"https:\/\/calerodiving.com\/#website"},"primaryImageOfPage":{"@id":"https:\/\/calerodiving.com\/de\/?page_id=24443#primaryimage"},"image":{"@id":"https:\/\/calerodiving.com\/de\/?page_id=24443#primaryimage"},"thumbnailUrl":"https:\/\/calerodiving.com\/wp-content\/uploads\/2025\/07\/Assistant-Instructor-couse-1.webp","datePublished":"2025-08-27T07:45:44+00:00","dateModified":"2025-08-27T07:45:47+00:00","breadcrumb":{"@id":"https:\/\/calerodiving.com\/de\/?page_id=24443#breadcrumb"},"inLanguage":"de","potentialAction":[{"@type":"ReadAction","target":["https:\/\/calerodiving.com\/de\/?page_id=24443"]}]},{"@type":"ImageObject","inLanguage":"de","@id":"https:\/\/calerodiving.com\/de\/?page_id=24443#primaryimage","url":"https:\/\/calerodiving.com\/wp-content\/uploads\/2025\/07\/Assistant-Instructor-couse-1.webp","contentUrl":"https:\/\/calerodiving.com\/wp-content\/uploads\/2025\/07\/Assistant-Instructor-couse-1.webp"},{"@type":"BreadcrumbList","@id":"https:\/\/calerodiving.com\/de\/?page_id=24443#breadcrumb","itemListElement":[{"@type":"ListItem","position":1,"name":"Home","item":"https:\/\/calerodiving.com\/es\/"},{"@type":"ListItem","position":2,"name":"Assistenztauchlehrer"}]},{"@type":"WebSite","@id":"https:\/\/calerodiving.com\/#website","url":"https:\/\/calerodiving.com\/","name":"Calero Diving Lanzarote","description":"Dive Center - Marina Puerto Calero Lanzarote","publisher":{"@id":"https:\/\/calerodiving.com\/#organization"},"alternateName":"Calero Diving","potentialAction":[{"@type":"SearchAction","target":{"@type":"EntryPoint","urlTemplate":"https:\/\/calerodiving.com\/?s={search_term_string}"},"query-input":{"@type":"PropertyValueSpecification","valueRequired":true,"valueName":"search_term_string"}}],"inLanguage":"de"},{"@type":"Organization","@id":"https:\/\/calerodiving.com\/#organization","name":"Calero Diving Lanzarote","alternateName":"Calero Diving","url":"https:\/\/calerodiving.com\/","logo":{"@type":"ImageObject","inLanguage":"de","@id":"https:\/\/calerodiving.com\/#\/schema\/logo\/image\/","url":"https:\/\/calerodiving.com\/wp-content\/uploads\/2025\/05\/Grupo.png","contentUrl":"https:\/\/calerodiving.com\/wp-content\/uploads\/2025\/05\/Grupo.png","width":499,"height":590,"caption":"Calero Diving Lanzarote"},"image":{"@id":"https:\/\/calerodiving.com\/#\/schema\/logo\/image\/"},"sameAs":["https:\/\/www.facebook.com\/calerodiving\/","https:\/\/www.instagram.com\/calerodiving\/"]}]}},"_links":{"self":[{"href":"https:\/\/calerodiving.com\/de\/wp-json\/wp\/v2\/pages\/24443","targetHints":{"allow":["GET"]}}],"collection":[{"href":"https:\/\/calerodiving.com\/de\/wp-json\/wp\/v2\/pages"}],"about":[{"href":"https:\/\/calerodiving.com\/de\/wp-json\/wp\/v2\/types\/page"}],"author":[{"embeddable":true,"href":"https:\/\/calerodiving.com\/de\/wp-json\/wp\/v2\/users\/10"}],"replies":[{"embeddable":true,"href":"https:\/\/calerodiving.com\/de\/wp-json\/wp\/v2\/comments?post=24443"}],"version-history":[{"count":2,"href":"https:\/\/calerodiving.com\/de\/wp-json\/wp\/v2\/pages\/24443\/revisions"}],"predecessor-version":[{"id":24445,"href":"https:\/\/calerodiving.com\/de\/wp-json\/wp\/v2\/pages\/24443\/revisions\/24445"}],"wp:attachment":[{"href":"https:\/\/calerodiving.com\/de\/wp-json\/wp\/v2\/media?parent=24443"}],"curies":[{"name":"wp","href":"https:\/\/api.w.org\/{rel}","templated":true}]}}