{"id":24435,"date":"2025-08-27T08:45:42","date_gmt":"2025-08-27T07:45:42","guid":{"rendered":"https:\/\/calerodiving.com\/open-water-tauchlehrer\/"},"modified":"2025-08-27T08:45:42","modified_gmt":"2025-08-27T07:45:42","slug":"open-water-tauchlehrer","status":"publish","type":"page","link":"https:\/\/calerodiving.com\/de\/open-water-tauchlehrer\/","title":{"rendered":"Open Water Tauchlehrer"},"content":{"rendered":"\t\t<div data-elementor-type=\"wp-page\" data-elementor-id=\"24435\" class=\"elementor elementor-24435 elementor-21647\" data-elementor-post-type=\"page\">\n\t\t\t\t<div class=\"elementor-element elementor-element-7d25b86 e-flex e-con-boxed e-con e-parent\" data-id=\"7d25b86\" data-element_type=\"container\" data-e-type=\"container\">\n\t\t\t\t\t<div class=\"e-con-inner\">\n\t\t<div class=\"elementor-element elementor-element-c7539e1 e-con-full e-flex e-con e-child\" data-id=\"c7539e1\" data-element_type=\"container\" data-e-type=\"container\">\n\t\t\t\t<div class=\"elementor-element elementor-element-f0b0209 elementor-widget elementor-widget-image\" data-id=\"f0b0209\" data-element_type=\"widget\" data-e-type=\"widget\" data-widget_type=\"image.default\">\n\t\t\t\t<div class=\"elementor-widget-container\">\n\t\t\t\t\t\t\t\t\t\t\t\t\t\t\t<img fetchpriority=\"high\" decoding=\"async\" width=\"700\" height=\"445\" src=\"https:\/\/calerodiving.com\/wp-content\/uploads\/2025\/07\/OpenWater-Instructor-course.webp\" class=\"attachment-large size-large wp-image-22337\" alt=\"\" srcset=\"https:\/\/calerodiving.com\/wp-content\/uploads\/2025\/07\/OpenWater-Instructor-course.webp 700w, https:\/\/calerodiving.com\/wp-content\/uploads\/2025\/07\/OpenWater-Instructor-course-300x191.webp 300w\" sizes=\"(max-width: 700px) 100vw, 700px\" \/>\t\t\t\t\t\t\t\t\t\t\t\t\t\t\t<\/div>\n\t\t\t\t<\/div>\n\t\t\t\t<\/div>\n\t\t<div class=\"elementor-element elementor-element-1914ba5 e-con-full e-flex e-con e-child\" data-id=\"1914ba5\" data-element_type=\"container\" data-e-type=\"container\">\n\t\t<div class=\"elementor-element elementor-element-b120bab e-con-full e-flex e-con e-child\" data-id=\"b120bab\" data-element_type=\"container\" data-e-type=\"container\">\n\t\t\t\t<div class=\"elementor-element elementor-element-e2aabe9 elementor-widget elementor-widget-html\" data-id=\"e2aabe9\" data-element_type=\"widget\" data-e-type=\"widget\" data-widget_type=\"html.default\">\n\t\t\t\t<div class=\"elementor-widget-container\">\n\t\t\t\t\t<a href=\"https:\/\/calerodiving.com\/de\/?page_id=24222\" class=\"tag-button\">Professionell<\/a>\n\t\t\t\t<\/div>\n\t\t\t\t<\/div>\n\t\t\t\t<div class=\"elementor-element elementor-element-164a328 elementor-widget elementor-widget-heading\" data-id=\"164a328\" data-element_type=\"widget\" data-e-type=\"widget\" data-widget_type=\"heading.default\">\n\t\t\t\t<div class=\"elementor-widget-container\">\n\t\t\t\t\t<h2 class=\"elementor-heading-title elementor-size-default\">Open Water Tauchlehrer<\/h2>\t\t\t\t<\/div>\n\t\t\t\t<\/div>\n\t\t\t\t<\/div>\n\t\t\t\t<\/div>\n\t\t\t\t\t<\/div>\n\t\t\t\t<\/div>\n\t\t<div class=\"elementor-element elementor-element-21a1a67 e-flex e-con-boxed e-con e-parent\" data-id=\"21a1a67\" data-element_type=\"container\" data-e-type=\"container\">\n\t\t\t\t\t<div class=\"e-con-inner\">\n\t\t<div class=\"elementor-element elementor-element-e02fd79 e-con-full e-flex e-con e-child\" data-id=\"e02fd79\" data-element_type=\"container\" data-e-type=\"container\">\n\t\t<div class=\"elementor-element elementor-element-3e7291f e-con-full e-flex e-con e-child\" data-id=\"3e7291f\" data-element_type=\"container\" data-e-type=\"container\">\n\t\t\t\t<div class=\"elementor-element elementor-element-ca28922 elementor-widget elementor-widget-heading\" data-id=\"ca28922\" data-element_type=\"widget\" data-e-type=\"widget\" data-widget_type=\"heading.default\">\n\t\t\t\t<div class=\"elementor-widget-container\">\n\t\t\t\t\t<h2 class=\"elementor-heading-title elementor-size-default\">Machen Sie Fortschritte in Ihrer Karriere als Tauchlehrer und sammeln Sie Erfahrung<\/h2>\t\t\t\t<\/div>\n\t\t\t\t<\/div>\n\t\t\t\t<div class=\"elementor-element elementor-element-e72b622 elementor-widget elementor-widget-text-editor\" data-id=\"e72b622\" data-element_type=\"widget\" data-e-type=\"widget\" data-widget_type=\"text-editor.default\">\n\t\t\t\t<div class=\"elementor-widget-container\">\n\t\t\t\t\t\t\t\t\t<div class=\"section-list\"><h3>Programm\u00fcbersicht:<\/h3><ul><li><p>Dies ist der wichtigste Schritt in der Karriere jedes Tauchprofis. Als SSI Open Water Instructor bietet sich die M\u00f6glichkeit, Kurse f\u00fcr Freizeittaucher von Grund auf zu unterrichten und zu betreuen. Dar\u00fcber hinaus k\u00f6nnen Sie, sobald Sie Instructor sind, sich zum Advanced Open Water Instructor weiterbilden und Ihre Horizonte und Vielseitigkeit als Profi noch weiter ausbauen.  <\/p><p>Calero Diving ist eines der Zentren, das landesweit jedes Jahr die meisten Profis ausbildet. Unter unseren Mitarbeitern haben wir zwei Instructor Trainer, damit Ihre Ausbildung zum Tauchprofi die beste ist. <\/p><p>Der ITC-Kurs (Instructor Training Course) dauert insgesamt 10 Tage und bereitet die Kandidaten auf die Evaluierung oder Pr\u00fcfung f\u00fcr Instruktoren vor, die am Ende des Kurses durchgef\u00fchrt wird.<\/p><p>Er vermittelt das notwendige Wissen, die F\u00e4higkeiten und die Vorbereitung, um zertifizierte Taucher richtig zu organisieren, auszubilden und zu unterrichten. Die SSI-Standards und -Philosophie sind erneut ein grundlegender Pfeiler in der Methodik und dem Inhalt des Kurses. <\/p><p>Sie lernen, wie Sie akademische Pr\u00e4sentationen im Klassenzimmer halten, Fertigkeitsdemonstrationen in begrenzten und offenen Gew\u00e4ssern durchf\u00fchren und Pr\u00fcfungssimulationen und vieles mehr haben. Alles unter der Aufsicht und Anleitung Ihres Instructor Trainers. <\/p><p>Wir verf\u00fcgen \u00fcber ausgezeichnete und komplette Einrichtungen, die Schwimmb\u00e4der und hochmoderne Klassenzimmer f\u00fcr die Entwicklung Ihres ITC umfassen. Wir k\u00f6nnen Ihnen auch bei der Organisation Ihres Aufenthalts auf der Insel helfen, falls Sie keine Unterkunft haben. <\/p><p>Sobald Sie als SSI Open Water Instructor zertifiziert sind, k\u00f6nnen Sie die SSI Open Water Diver und entsprechende Kurse sowie die Spezialkurse Enriched Air Nitrox, Diver Stress &amp; Rescue, Perfect Buoyancy und Dive Guide in jedem SSI Tauchcenter weltweit unterrichten.<\/p><\/li><\/ul><h3>Dauer:<\/h3><ul><li>10 Tage<\/li><\/ul><h3>Inklusive:<\/h3><ul><li>Alle Schulungsmaterialien, einschlie\u00dflich digitaler Lernmaterialien, physischer Schulungsmaterialien-Kits und SSI-Registrierungsgeb\u00fchren<\/li><li>Alle notwendigen Tauchg\u00e4nge, um das erforderliche Minimum zu erreichen<\/li><li>J\u00e4hrliche SSI Aktivstatusgeb\u00fchren<\/li><li>Evaluierungsgeb\u00fchren (IE)<\/li><li>20 % Rabatt auf den Erwerb neuer Ausr\u00fcstung<\/li><li>Calero Diving T-Shirt<\/li><li>St\u00e4ndige Beratung w\u00e4hrend des Kurses durch Ihren Instructor Trainer<\/li><li>4 Spezialit\u00e4ten, die Sie als Instructor unterrichten k\u00f6nnen: Diver Stress &amp; Rescue, Perfect Buoyancy, Enriched Air Nitrox und Dive Guide<\/li><\/ul><h3>Nicht inklusive:<\/h3><ul><li>Pers\u00f6nliche oder professionelle Tauchversicherung<\/li><li>Ausr\u00fcstungsverleih<\/li><\/ul><h3>Voraussetzungen:<\/h3><ul><li>SSI Divemaster-Zertifizierung oder gleichwertig<\/li><li>SSI React Right-Zertifizierung oder gleichwertig, nicht \u00e4lter als zwei Jahre<\/li><li>Mindestens 75 geloggte Tauchg\u00e4nge<\/li><li>Mindestens 18 Jahre alt<\/li><li>\u00dcberdruckmedizinisches Attest<\/li><li>Professionelle und pers\u00f6nliche Tauchversicherung<\/li><\/ul><h3>Weitere Kurse, die Sie interessieren k\u00f6nnten:<\/h3><ul><li><a href=\"https:\/\/calerodiving.com\/de\/?page_id=24428\">Spezialit\u00e4ten-Instructor<\/a><\/li><\/ul><\/div>\t\t\t\t\t\t\t\t<\/div>\n\t\t\t\t<\/div>\n\t\t\t\t<\/div>\n\t\t\t\t<\/div>\n\t\t<div class=\"elementor-element elementor-element-d26d47f e-con-full e-flex e-con e-child\" data-id=\"d26d47f\" data-element_type=\"container\" data-e-type=\"container\">\n\t\t<div class=\"elementor-element elementor-element-4953fef e-con-full course-sidebar-box e-flex e-con e-child\" data-id=\"4953fef\" data-element_type=\"container\" data-e-type=\"container\" data-settings=\"{&quot;sticky&quot;:&quot;top&quot;,&quot;sticky_offset&quot;:110,&quot;sticky_effects_offset&quot;:130,&quot;sticky_parent&quot;:&quot;yes&quot;,&quot;sticky_on&quot;:[&quot;desktop&quot;,&quot;tablet&quot;,&quot;mobile&quot;],&quot;sticky_anchor_link_offset&quot;:0}\">\n\t\t\t\t<div class=\"elementor-element elementor-element-35e1c95 elementor-widget elementor-widget-text-editor\" data-id=\"35e1c95\" data-element_type=\"widget\" data-e-type=\"widget\" data-widget_type=\"text-editor.default\">\n\t\t\t\t<div class=\"elementor-widget-container\">\n\t\t\t\t\t\t\t\t\t<div class=\"courses-info\"><h6 class=\"no-margin\">Dauer:<\/h6><p class=\"no-margin\">Variabel<\/p><\/div><div class=\"courses-info\"><h6 class=\"no-margin\">Preis:<\/h6><p class=\"no-margin\">Ab 2600 \u20ac<\/p><\/div>\t\t\t\t\t\t\t\t<\/div>\n\t\t\t\t<\/div>\n\t\t\t\t<div class=\"elementor-element elementor-element-93be4c3 elementor-mobile-align-center elementor-widget elementor-widget-button\" data-id=\"93be4c3\" data-element_type=\"widget\" data-e-type=\"widget\" data-widget_type=\"button.default\">\n\t\t\t\t<div class=\"elementor-widget-container\">\n\t\t\t\t\t\t\t\t\t<div class=\"elementor-button-wrapper\">\n\t\t\t\t\t<a class=\"elementor-button elementor-size-sm\" role=\"button\">\n\t\t\t\t\t\t<span class=\"elementor-button-content-wrapper\">\n\t\t\t\t\t\t\t\t\t<span class=\"elementor-button-text\">Kontakt<\/span>\n\t\t\t\t\t<\/span>\n\t\t\t\t\t<\/a>\n\t\t\t\t<\/div>\n\t\t\t\t\t\t\t\t<\/div>\n\t\t\t\t<\/div>\n\t\t\t\t<\/div>\n\t\t\t\t<\/div>\n\t\t\t\t\t<\/div>\n\t\t\t\t<\/div>\n\t\t\t\t<\/div>\n\t\t","protected":false},"excerpt":{"rendered":"<p>Professionell Open Water Tauchlehrer Machen Sie Fortschritte in Ihrer Karriere als Tauchlehrer und sammeln Sie Erfahrung Programm\u00fcbersicht: Dies ist der wichtigste Schritt in der Karriere jedes Tauchprofis. Als SSI Open Water Instructor bietet sich die M\u00f6glichkeit, Kurse f\u00fcr Freizeittaucher von Grund auf zu unterrichten und zu betreuen. Dar\u00fcber hinaus k\u00f6nnen Sie, sobald Sie Instructor sind, [&hellip;]<\/p>\n","protected":false},"author":10,"featured_media":0,"parent":0,"menu_order":0,"comment_status":"closed","ping_status":"closed","template":"","meta":{"_acf_changed":false,"footnotes":""},"class_list":["post-24435","page","type-page","status-publish","hentry"],"acf":[],"yoast_head":"<!-- This site is optimized with the Yoast SEO plugin v27.5 - https:\/\/yoast.com\/product\/yoast-seo-wordpress\/ -->\n<title>Open Water Tauchlehrer | Calero Diving Lanzarote<\/title>\n<meta name=\"robots\" content=\"index, follow, max-snippet:-1, max-image-preview:large, max-video-preview:-1\" \/>\n<link rel=\"canonical\" href=\"https:\/\/calerodiving.com\/de\/?page_id=24435\" \/>\n<meta property=\"og:locale\" content=\"de_DE\" \/>\n<meta property=\"og:type\" content=\"article\" \/>\n<meta property=\"og:title\" content=\"Open Water Tauchlehrer | Calero Diving Lanzarote\" \/>\n<meta property=\"og:description\" content=\"Professionell Open Water Tauchlehrer Machen Sie Fortschritte in Ihrer Karriere als Tauchlehrer und sammeln Sie Erfahrung Programm\u00fcbersicht: Dies ist der wichtigste Schritt in der Karriere jedes Tauchprofis. Als SSI Open Water Instructor bietet sich die M\u00f6glichkeit, Kurse f\u00fcr Freizeittaucher von Grund auf zu unterrichten und zu betreuen. Dar\u00fcber hinaus k\u00f6nnen Sie, sobald Sie Instructor sind, [&hellip;]\" \/>\n<meta property=\"og:url\" content=\"https:\/\/calerodiving.com\/de\/?page_id=24435\" \/>\n<meta property=\"og:site_name\" content=\"Calero Diving Lanzarote\" \/>\n<meta property=\"article:publisher\" content=\"https:\/\/www.facebook.com\/calerodiving\/\" \/>\n<meta property=\"og:image\" content=\"https:\/\/calerodiving.com\/wp-content\/uploads\/2025\/07\/OpenWater-Instructor-course.webp\" \/>\n<meta name=\"twitter:card\" content=\"summary_large_image\" \/>\n<meta name=\"twitter:label1\" content=\"Gesch\u00e4tzte Lesezeit\" \/>\n\t<meta name=\"twitter:data1\" content=\"2\u00a0Minuten\" \/>\n<script type=\"application\/ld+json\" class=\"yoast-schema-graph\">{\"@context\":\"https:\\\/\\\/schema.org\",\"@graph\":[{\"@type\":\"WebPage\",\"@id\":\"https:\\\/\\\/calerodiving.com\\\/de\\\/?page_id=24435\",\"url\":\"https:\\\/\\\/calerodiving.com\\\/de\\\/?page_id=24435\",\"name\":\"Open Water Tauchlehrer | Calero Diving Lanzarote\",\"isPartOf\":{\"@id\":\"https:\\\/\\\/calerodiving.com\\\/#website\"},\"primaryImageOfPage\":{\"@id\":\"https:\\\/\\\/calerodiving.com\\\/de\\\/?page_id=24435#primaryimage\"},\"image\":{\"@id\":\"https:\\\/\\\/calerodiving.com\\\/de\\\/?page_id=24435#primaryimage\"},\"thumbnailUrl\":\"https:\\\/\\\/calerodiving.com\\\/wp-content\\\/uploads\\\/2025\\\/07\\\/OpenWater-Instructor-course.webp\",\"datePublished\":\"2025-08-27T07:45:42+00:00\",\"breadcrumb\":{\"@id\":\"https:\\\/\\\/calerodiving.com\\\/de\\\/?page_id=24435#breadcrumb\"},\"inLanguage\":\"de\",\"potentialAction\":[{\"@type\":\"ReadAction\",\"target\":[\"https:\\\/\\\/calerodiving.com\\\/de\\\/?page_id=24435\"]}]},{\"@type\":\"ImageObject\",\"inLanguage\":\"de\",\"@id\":\"https:\\\/\\\/calerodiving.com\\\/de\\\/?page_id=24435#primaryimage\",\"url\":\"https:\\\/\\\/calerodiving.com\\\/wp-content\\\/uploads\\\/2025\\\/07\\\/OpenWater-Instructor-course.webp\",\"contentUrl\":\"https:\\\/\\\/calerodiving.com\\\/wp-content\\\/uploads\\\/2025\\\/07\\\/OpenWater-Instructor-course.webp\"},{\"@type\":\"BreadcrumbList\",\"@id\":\"https:\\\/\\\/calerodiving.com\\\/de\\\/?page_id=24435#breadcrumb\",\"itemListElement\":[{\"@type\":\"ListItem\",\"position\":1,\"name\":\"Home\",\"item\":\"https:\\\/\\\/calerodiving.com\\\/es\\\/\"},{\"@type\":\"ListItem\",\"position\":2,\"name\":\"Open Water Tauchlehrer\"}]},{\"@type\":\"WebSite\",\"@id\":\"https:\\\/\\\/calerodiving.com\\\/#website\",\"url\":\"https:\\\/\\\/calerodiving.com\\\/\",\"name\":\"Calero Diving Lanzarote\",\"description\":\"Dive Center - Marina Puerto Calero Lanzarote\",\"publisher\":{\"@id\":\"https:\\\/\\\/calerodiving.com\\\/#organization\"},\"alternateName\":\"Calero Diving\",\"potentialAction\":[{\"@type\":\"SearchAction\",\"target\":{\"@type\":\"EntryPoint\",\"urlTemplate\":\"https:\\\/\\\/calerodiving.com\\\/?s={search_term_string}\"},\"query-input\":{\"@type\":\"PropertyValueSpecification\",\"valueRequired\":true,\"valueName\":\"search_term_string\"}}],\"inLanguage\":\"de\"},{\"@type\":\"Organization\",\"@id\":\"https:\\\/\\\/calerodiving.com\\\/#organization\",\"name\":\"Calero Diving Lanzarote\",\"alternateName\":\"Calero Diving\",\"url\":\"https:\\\/\\\/calerodiving.com\\\/\",\"logo\":{\"@type\":\"ImageObject\",\"inLanguage\":\"de\",\"@id\":\"https:\\\/\\\/calerodiving.com\\\/#\\\/schema\\\/logo\\\/image\\\/\",\"url\":\"https:\\\/\\\/calerodiving.com\\\/wp-content\\\/uploads\\\/2025\\\/05\\\/Grupo.png\",\"contentUrl\":\"https:\\\/\\\/calerodiving.com\\\/wp-content\\\/uploads\\\/2025\\\/05\\\/Grupo.png\",\"width\":499,\"height\":590,\"caption\":\"Calero Diving Lanzarote\"},\"image\":{\"@id\":\"https:\\\/\\\/calerodiving.com\\\/#\\\/schema\\\/logo\\\/image\\\/\"},\"sameAs\":[\"https:\\\/\\\/www.facebook.com\\\/calerodiving\\\/\",\"https:\\\/\\\/www.instagram.com\\\/calerodiving\\\/\"]}]}<\/script>\n<!-- \/ Yoast SEO plugin. -->","yoast_head_json":{"title":"Open Water Tauchlehrer | Calero Diving Lanzarote","robots":{"index":"index","follow":"follow","max-snippet":"max-snippet:-1","max-image-preview":"max-image-preview:large","max-video-preview":"max-video-preview:-1"},"canonical":"https:\/\/calerodiving.com\/de\/?page_id=24435","og_locale":"de_DE","og_type":"article","og_title":"Open Water Tauchlehrer | Calero Diving Lanzarote","og_description":"Professionell Open Water Tauchlehrer Machen Sie Fortschritte in Ihrer Karriere als Tauchlehrer und sammeln Sie Erfahrung Programm\u00fcbersicht: Dies ist der wichtigste Schritt in der Karriere jedes Tauchprofis. Als SSI Open Water Instructor bietet sich die M\u00f6glichkeit, Kurse f\u00fcr Freizeittaucher von Grund auf zu unterrichten und zu betreuen. Dar\u00fcber hinaus k\u00f6nnen Sie, sobald Sie Instructor sind, [&hellip;]","og_url":"https:\/\/calerodiving.com\/de\/?page_id=24435","og_site_name":"Calero Diving Lanzarote","article_publisher":"https:\/\/www.facebook.com\/calerodiving\/","og_image":[{"url":"https:\/\/calerodiving.com\/wp-content\/uploads\/2025\/07\/OpenWater-Instructor-course.webp","type":"","width":"","height":""}],"twitter_card":"summary_large_image","twitter_misc":{"Gesch\u00e4tzte Lesezeit":"2\u00a0Minuten"},"schema":{"@context":"https:\/\/schema.org","@graph":[{"@type":"WebPage","@id":"https:\/\/calerodiving.com\/de\/?page_id=24435","url":"https:\/\/calerodiving.com\/de\/?page_id=24435","name":"Open Water Tauchlehrer | Calero Diving Lanzarote","isPartOf":{"@id":"https:\/\/calerodiving.com\/#website"},"primaryImageOfPage":{"@id":"https:\/\/calerodiving.com\/de\/?page_id=24435#primaryimage"},"image":{"@id":"https:\/\/calerodiving.com\/de\/?page_id=24435#primaryimage"},"thumbnailUrl":"https:\/\/calerodiving.com\/wp-content\/uploads\/2025\/07\/OpenWater-Instructor-course.webp","datePublished":"2025-08-27T07:45:42+00:00","breadcrumb":{"@id":"https:\/\/calerodiving.com\/de\/?page_id=24435#breadcrumb"},"inLanguage":"de","potentialAction":[{"@type":"ReadAction","target":["https:\/\/calerodiving.com\/de\/?page_id=24435"]}]},{"@type":"ImageObject","inLanguage":"de","@id":"https:\/\/calerodiving.com\/de\/?page_id=24435#primaryimage","url":"https:\/\/calerodiving.com\/wp-content\/uploads\/2025\/07\/OpenWater-Instructor-course.webp","contentUrl":"https:\/\/calerodiving.com\/wp-content\/uploads\/2025\/07\/OpenWater-Instructor-course.webp"},{"@type":"BreadcrumbList","@id":"https:\/\/calerodiving.com\/de\/?page_id=24435#breadcrumb","itemListElement":[{"@type":"ListItem","position":1,"name":"Home","item":"https:\/\/calerodiving.com\/es\/"},{"@type":"ListItem","position":2,"name":"Open Water Tauchlehrer"}]},{"@type":"WebSite","@id":"https:\/\/calerodiving.com\/#website","url":"https:\/\/calerodiving.com\/","name":"Calero Diving Lanzarote","description":"Dive Center - Marina Puerto Calero Lanzarote","publisher":{"@id":"https:\/\/calerodiving.com\/#organization"},"alternateName":"Calero Diving","potentialAction":[{"@type":"SearchAction","target":{"@type":"EntryPoint","urlTemplate":"https:\/\/calerodiving.com\/?s={search_term_string}"},"query-input":{"@type":"PropertyValueSpecification","valueRequired":true,"valueName":"search_term_string"}}],"inLanguage":"de"},{"@type":"Organization","@id":"https:\/\/calerodiving.com\/#organization","name":"Calero Diving Lanzarote","alternateName":"Calero Diving","url":"https:\/\/calerodiving.com\/","logo":{"@type":"ImageObject","inLanguage":"de","@id":"https:\/\/calerodiving.com\/#\/schema\/logo\/image\/","url":"https:\/\/calerodiving.com\/wp-content\/uploads\/2025\/05\/Grupo.png","contentUrl":"https:\/\/calerodiving.com\/wp-content\/uploads\/2025\/05\/Grupo.png","width":499,"height":590,"caption":"Calero Diving Lanzarote"},"image":{"@id":"https:\/\/calerodiving.com\/#\/schema\/logo\/image\/"},"sameAs":["https:\/\/www.facebook.com\/calerodiving\/","https:\/\/www.instagram.com\/calerodiving\/"]}]}},"_links":{"self":[{"href":"https:\/\/calerodiving.com\/de\/wp-json\/wp\/v2\/pages\/24435","targetHints":{"allow":["GET"]}}],"collection":[{"href":"https:\/\/calerodiving.com\/de\/wp-json\/wp\/v2\/pages"}],"about":[{"href":"https:\/\/calerodiving.com\/de\/wp-json\/wp\/v2\/types\/page"}],"author":[{"embeddable":true,"href":"https:\/\/calerodiving.com\/de\/wp-json\/wp\/v2\/users\/10"}],"replies":[{"embeddable":true,"href":"https:\/\/calerodiving.com\/de\/wp-json\/wp\/v2\/comments?post=24435"}],"version-history":[{"count":2,"href":"https:\/\/calerodiving.com\/de\/wp-json\/wp\/v2\/pages\/24435\/revisions"}],"predecessor-version":[{"id":24439,"href":"https:\/\/calerodiving.com\/de\/wp-json\/wp\/v2\/pages\/24435\/revisions\/24439"}],"wp:attachment":[{"href":"https:\/\/calerodiving.com\/de\/wp-json\/wp\/v2\/media?parent=24435"}],"curies":[{"name":"wp","href":"https:\/\/api.w.org\/{rel}","templated":true}]}}