{"id":24428,"date":"2025-08-27T08:45:26","date_gmt":"2025-08-27T07:45:26","guid":{"rendered":"https:\/\/calerodiving.com\/spezialtauchlehrer\/"},"modified":"2026-02-05T13:57:16","modified_gmt":"2026-02-05T12:57:16","slug":"spezialtauchlehrer","status":"publish","type":"page","link":"https:\/\/calerodiving.com\/de\/spezialtauchlehrer\/","title":{"rendered":"Spezialtauchlehrer"},"content":{"rendered":"\t\t<div data-elementor-type=\"wp-page\" data-elementor-id=\"24428\" class=\"elementor elementor-24428 elementor-21632\" data-elementor-post-type=\"page\">\n\t\t\t\t<div class=\"elementor-element elementor-element-db82f28 e-flex e-con-boxed e-con e-parent\" data-id=\"db82f28\" data-element_type=\"container\" data-e-type=\"container\">\n\t\t\t\t\t<div class=\"e-con-inner\">\n\t\t<div class=\"elementor-element elementor-element-b8519fd e-con-full e-flex e-con e-child\" data-id=\"b8519fd\" data-element_type=\"container\" data-e-type=\"container\">\n\t\t\t\t<div class=\"elementor-element elementor-element-0c7e96d elementor-widget elementor-widget-image\" data-id=\"0c7e96d\" data-element_type=\"widget\" data-e-type=\"widget\" data-widget_type=\"image.default\">\n\t\t\t\t<div class=\"elementor-widget-container\">\n\t\t\t\t\t\t\t\t\t\t\t\t\t\t\t<img fetchpriority=\"high\" decoding=\"async\" width=\"700\" height=\"445\" src=\"https:\/\/calerodiving.com\/wp-content\/uploads\/2025\/07\/Specialty-Instructor-course-.webp\" class=\"attachment-large size-large wp-image-22336\" alt=\"\" srcset=\"https:\/\/calerodiving.com\/wp-content\/uploads\/2025\/07\/Specialty-Instructor-course-.webp 700w, https:\/\/calerodiving.com\/wp-content\/uploads\/2025\/07\/Specialty-Instructor-course--300x191.webp 300w\" sizes=\"(max-width: 700px) 100vw, 700px\" \/>\t\t\t\t\t\t\t\t\t\t\t\t\t\t\t<\/div>\n\t\t\t\t<\/div>\n\t\t\t\t<\/div>\n\t\t<div class=\"elementor-element elementor-element-b14be40 e-con-full e-flex e-con e-child\" data-id=\"b14be40\" data-element_type=\"container\" data-e-type=\"container\">\n\t\t<div class=\"elementor-element elementor-element-0b1b756 e-con-full e-flex e-con e-child\" data-id=\"0b1b756\" data-element_type=\"container\" data-e-type=\"container\">\n\t\t\t\t<div class=\"elementor-element elementor-element-410bdff elementor-widget elementor-widget-html\" data-id=\"410bdff\" data-element_type=\"widget\" data-e-type=\"widget\" data-widget_type=\"html.default\">\n\t\t\t\t<div class=\"elementor-widget-container\">\n\t\t\t\t\t<a href=\"https:\/\/calerodiving.com\/de\/?page_id=24222\" class=\"tag-button\">Professionell<\/a>\n\t\t\t\t<\/div>\n\t\t\t\t<\/div>\n\t\t\t\t<div class=\"elementor-element elementor-element-733c9e7 elementor-widget elementor-widget-heading\" data-id=\"733c9e7\" data-element_type=\"widget\" data-e-type=\"widget\" data-widget_type=\"heading.default\">\n\t\t\t\t<div class=\"elementor-widget-container\">\n\t\t\t\t\t<h2 class=\"elementor-heading-title elementor-size-default\">Spezialtauchlehrer\n<\/h2>\t\t\t\t<\/div>\n\t\t\t\t<\/div>\n\t\t\t\t<\/div>\n\t\t\t\t<\/div>\n\t\t\t\t\t<\/div>\n\t\t\t\t<\/div>\n\t\t<div class=\"elementor-element elementor-element-55b941c e-flex e-con-boxed e-con e-parent\" data-id=\"55b941c\" data-element_type=\"container\" data-e-type=\"container\">\n\t\t\t\t\t<div class=\"e-con-inner\">\n\t\t<div class=\"elementor-element elementor-element-8720e02 e-con-full e-flex e-con e-child\" data-id=\"8720e02\" data-element_type=\"container\" data-e-type=\"container\">\n\t\t<div class=\"elementor-element elementor-element-a8c718f e-con-full e-flex e-con e-child\" data-id=\"a8c718f\" data-element_type=\"container\" data-e-type=\"container\">\n\t\t\t\t<div class=\"elementor-element elementor-element-7784dcb elementor-widget elementor-widget-heading\" data-id=\"7784dcb\" data-element_type=\"widget\" data-e-type=\"widget\" data-widget_type=\"heading.default\">\n\t\t\t\t<div class=\"elementor-widget-container\">\n\t\t\t\t\t<h2 class=\"elementor-heading-title elementor-size-default\">Machen Sie Fortschritte in Ihrer Karriere als Tauchlehrer und sammeln Sie Erfahrung<\/h2>\t\t\t\t<\/div>\n\t\t\t\t<\/div>\n\t\t\t\t<div class=\"elementor-element elementor-element-05782db elementor-widget elementor-widget-text-editor\" data-id=\"05782db\" data-element_type=\"widget\" data-e-type=\"widget\" data-widget_type=\"text-editor.default\">\n\t\t\t\t<div class=\"elementor-widget-container\">\n\t\t\t\t\t\t\t\t\t<div class=\"section-list\"><h3>Programm\u00fcbersicht:<\/h3><ul><li><p>Sind Sie bereits ein SSI Open Water Instructor und f\u00fchlen Sie sich bereit, mehr zu unterrichten?<\/p><p>Dann k\u00f6nnen Sie sich als Tauchlehrer f\u00fcr verschiedene Spezialit\u00e4ten ausbilden lassen, um Ihre M\u00f6glichkeiten als Profi zu erweitern oder sich auf einen bestimmten Bereich zu spezialisieren, der Sie interessiert.<\/p><p>Vom Tieftauchen, Trockentauchen und Wracktauchen bis hin zu Navigation, Scooter\/DPV und Dekompressionstauchen sind die M\u00f6glichkeiten endlos.<\/p><p>Die F\u00e4higkeit, verschiedene Spezialit\u00e4ten zu unterrichten, wird Ihre Karriere als Tauchlehrer nicht nur erfolgreicher, sondern auch viel bereichernder und abwechslungsreicher machen.<\/p><p>Einige Spezialit\u00e4ten, wie z.B. der Dekompressionstauchlehrer, haben h\u00f6here Anforderungen an praktische und theoretische Einheiten, daher kann ihr Preis variieren.<\/p><p>Kontaktieren Sie uns f\u00fcr weitere Informationen.<br>Wenn Sie sich in mehr als einer Spezialit\u00e4t ausbilden lassen m\u00f6chten, k\u00f6nnen Sie ein Paket von 5 Tauchlehrer-Spezialit\u00e4ten f\u00fcr nur 550 <span style=\"background-color: unset;\">\u20ac<\/span> erwerben.<\/p><\/li><\/ul><h3>Dauer:<\/h3><ul><li>Variabel<\/li><\/ul><h3>Inklusive:<\/h3><ul><li>Alle Schulungsmaterialien, einschlie\u00dflich digitaler Lernmaterialien und physischer Schulungsmaterialien<\/li><li>SSI Registrierungsgeb\u00fchren<\/li><li>J\u00e4hrliche SSI Aktivstatusgeb\u00fchren<\/li><li>20 % Rabatt auf den Erwerb neuer Ausr\u00fcstung<\/li><li>Calero Diving T-Shirt<\/li><\/ul><h3>Nicht inklusive:<\/h3><ul><li>Ausr\u00fcstungsverleih<\/li><li>Pers\u00f6nliche oder professionelle Tauchversicherung.<\/li><\/ul><h3>Voraussetzungen:<\/h3><ul><li>Open Water Instructor Qualifikation oder h\u00f6her.<\/li><li>SSI React Right Zertifizierung oder gleichwertig, nicht \u00e4lter als zwei Jahre.<\/li><li>Mindestens 18 Jahre alt<\/li><li>Hyperbares medizinisches Zertifikat.<\/li><li>Professionelle und pers\u00f6nliche Tauchversicherung.<\/li><\/ul><h3>Weitere Kurse, die Sie interessieren k\u00f6nnten:<\/h3><ul><li><a href=\"https:\/\/calerodiving.com\/assistant-instructor-trainer\/\">Assistenz-Tauchlehrerausbilder<\/a><\/li><\/ul><\/div>\t\t\t\t\t\t\t\t<\/div>\n\t\t\t\t<\/div>\n\t\t\t\t<\/div>\n\t\t\t\t<\/div>\n\t\t<div class=\"elementor-element elementor-element-1f2ce6d e-con-full e-flex e-con e-child\" data-id=\"1f2ce6d\" data-element_type=\"container\" data-e-type=\"container\">\n\t\t<div class=\"elementor-element elementor-element-6f31e2e e-con-full course-sidebar-box e-flex e-con e-child\" data-id=\"6f31e2e\" data-element_type=\"container\" data-e-type=\"container\" data-settings=\"{&quot;sticky&quot;:&quot;top&quot;,&quot;sticky_offset&quot;:110,&quot;sticky_effects_offset&quot;:130,&quot;sticky_parent&quot;:&quot;yes&quot;,&quot;sticky_on&quot;:[&quot;desktop&quot;,&quot;tablet&quot;,&quot;mobile&quot;],&quot;sticky_anchor_link_offset&quot;:0}\">\n\t\t\t\t<div class=\"elementor-element elementor-element-cfed437 elementor-widget elementor-widget-text-editor\" data-id=\"cfed437\" data-element_type=\"widget\" data-e-type=\"widget\" data-widget_type=\"text-editor.default\">\n\t\t\t\t<div class=\"elementor-widget-container\">\n\t\t\t\t\t\t\t\t\t<div class=\"courses-info\"><h6 class=\"no-margin\">Dauer:<\/h6><p class=\"no-margin\">Variabel<\/p><\/div><div class=\"courses-info\"><h6 class=\"no-margin\">Preis:<\/h6><p class=\"no-margin\">Ab 170 \u20ac<\/p><\/div>\t\t\t\t\t\t\t\t<\/div>\n\t\t\t\t<\/div>\n\t\t\t\t<div class=\"elementor-element elementor-element-4082e55 elementor-mobile-align-center elementor-widget elementor-widget-button\" data-id=\"4082e55\" data-element_type=\"widget\" data-e-type=\"widget\" data-widget_type=\"button.default\">\n\t\t\t\t<div class=\"elementor-widget-container\">\n\t\t\t\t\t\t\t\t\t<div class=\"elementor-button-wrapper\">\n\t\t\t\t\t<a class=\"elementor-button elementor-size-sm\" role=\"button\">\n\t\t\t\t\t\t<span class=\"elementor-button-content-wrapper\">\n\t\t\t\t\t\t\t\t\t<span class=\"elementor-button-text\">Kontakt<\/span>\n\t\t\t\t\t<\/span>\n\t\t\t\t\t<\/a>\n\t\t\t\t<\/div>\n\t\t\t\t\t\t\t\t<\/div>\n\t\t\t\t<\/div>\n\t\t\t\t<\/div>\n\t\t\t\t<\/div>\n\t\t\t\t\t<\/div>\n\t\t\t\t<\/div>\n\t\t\t\t<\/div>\n\t\t","protected":false},"excerpt":{"rendered":"<p>Professionell Spezialtauchlehrer Machen Sie Fortschritte in Ihrer Karriere als Tauchlehrer und sammeln Sie Erfahrung Programm\u00fcbersicht: Sind Sie bereits ein SSI Open Water Instructor und f\u00fchlen Sie sich bereit, mehr zu unterrichten? Dann k\u00f6nnen Sie sich als Tauchlehrer f\u00fcr verschiedene Spezialit\u00e4ten ausbilden lassen, um Ihre M\u00f6glichkeiten als Profi zu erweitern oder sich auf einen bestimmten Bereich [&hellip;]<\/p>\n","protected":false},"author":10,"featured_media":0,"parent":0,"menu_order":0,"comment_status":"closed","ping_status":"closed","template":"","meta":{"_acf_changed":false,"footnotes":""},"class_list":["post-24428","page","type-page","status-publish","hentry"],"acf":[],"yoast_head":"<!-- This site is optimized with the Yoast SEO plugin v27.5 - https:\/\/yoast.com\/product\/yoast-seo-wordpress\/ -->\n<title>Spezialtauchlehrer | Calero Diving Lanzarote<\/title>\n<meta name=\"robots\" content=\"index, follow, max-snippet:-1, max-image-preview:large, max-video-preview:-1\" \/>\n<link rel=\"canonical\" href=\"https:\/\/calerodiving.com\/de\/spezialtauchlehrer\/\" \/>\n<meta property=\"og:locale\" content=\"de_DE\" \/>\n<meta property=\"og:type\" content=\"article\" \/>\n<meta property=\"og:title\" content=\"Spezialtauchlehrer | Calero Diving Lanzarote\" \/>\n<meta property=\"og:description\" content=\"Professionell Spezialtauchlehrer Machen Sie Fortschritte in Ihrer Karriere als Tauchlehrer und sammeln Sie Erfahrung Programm\u00fcbersicht: Sind Sie bereits ein SSI Open Water Instructor und f\u00fchlen Sie sich bereit, mehr zu unterrichten? Dann k\u00f6nnen Sie sich als Tauchlehrer f\u00fcr verschiedene Spezialit\u00e4ten ausbilden lassen, um Ihre M\u00f6glichkeiten als Profi zu erweitern oder sich auf einen bestimmten Bereich [&hellip;]\" \/>\n<meta property=\"og:url\" content=\"https:\/\/calerodiving.com\/de\/spezialtauchlehrer\/\" \/>\n<meta property=\"og:site_name\" content=\"Calero Diving Lanzarote\" \/>\n<meta property=\"article:publisher\" content=\"https:\/\/www.facebook.com\/calerodiving\/\" \/>\n<meta property=\"article:modified_time\" content=\"2026-02-05T12:57:16+00:00\" \/>\n<meta property=\"og:image\" content=\"https:\/\/calerodiving.com\/wp-content\/uploads\/2025\/07\/Specialty-Instructor-course-.webp\" \/>\n\t<meta property=\"og:image:width\" content=\"700\" \/>\n\t<meta property=\"og:image:height\" content=\"445\" \/>\n\t<meta property=\"og:image:type\" content=\"image\/webp\" \/>\n<meta name=\"twitter:card\" content=\"summary_large_image\" \/>\n<meta name=\"twitter:label1\" content=\"Gesch\u00e4tzte Lesezeit\" \/>\n\t<meta name=\"twitter:data1\" content=\"2\u00a0Minuten\" \/>\n<script type=\"application\/ld+json\" class=\"yoast-schema-graph\">{\"@context\":\"https:\\\/\\\/schema.org\",\"@graph\":[{\"@type\":\"WebPage\",\"@id\":\"https:\\\/\\\/calerodiving.com\\\/de\\\/spezialtauchlehrer\\\/\",\"url\":\"https:\\\/\\\/calerodiving.com\\\/de\\\/spezialtauchlehrer\\\/\",\"name\":\"Spezialtauchlehrer | Calero Diving Lanzarote\",\"isPartOf\":{\"@id\":\"https:\\\/\\\/calerodiving.com\\\/#website\"},\"primaryImageOfPage\":{\"@id\":\"https:\\\/\\\/calerodiving.com\\\/de\\\/spezialtauchlehrer\\\/#primaryimage\"},\"image\":{\"@id\":\"https:\\\/\\\/calerodiving.com\\\/de\\\/spezialtauchlehrer\\\/#primaryimage\"},\"thumbnailUrl\":\"https:\\\/\\\/calerodiving.com\\\/wp-content\\\/uploads\\\/2025\\\/07\\\/Specialty-Instructor-course-.webp\",\"datePublished\":\"2025-08-27T07:45:26+00:00\",\"dateModified\":\"2026-02-05T12:57:16+00:00\",\"breadcrumb\":{\"@id\":\"https:\\\/\\\/calerodiving.com\\\/de\\\/spezialtauchlehrer\\\/#breadcrumb\"},\"inLanguage\":\"de\",\"potentialAction\":[{\"@type\":\"ReadAction\",\"target\":[\"https:\\\/\\\/calerodiving.com\\\/de\\\/spezialtauchlehrer\\\/\"]}]},{\"@type\":\"ImageObject\",\"inLanguage\":\"de\",\"@id\":\"https:\\\/\\\/calerodiving.com\\\/de\\\/spezialtauchlehrer\\\/#primaryimage\",\"url\":\"https:\\\/\\\/calerodiving.com\\\/wp-content\\\/uploads\\\/2025\\\/07\\\/Specialty-Instructor-course-.webp\",\"contentUrl\":\"https:\\\/\\\/calerodiving.com\\\/wp-content\\\/uploads\\\/2025\\\/07\\\/Specialty-Instructor-course-.webp\"},{\"@type\":\"BreadcrumbList\",\"@id\":\"https:\\\/\\\/calerodiving.com\\\/de\\\/spezialtauchlehrer\\\/#breadcrumb\",\"itemListElement\":[{\"@type\":\"ListItem\",\"position\":1,\"name\":\"Home\",\"item\":\"https:\\\/\\\/calerodiving.com\\\/es\\\/\"},{\"@type\":\"ListItem\",\"position\":2,\"name\":\"Spezialtauchlehrer\"}]},{\"@type\":\"WebSite\",\"@id\":\"https:\\\/\\\/calerodiving.com\\\/#website\",\"url\":\"https:\\\/\\\/calerodiving.com\\\/\",\"name\":\"Calero Diving Lanzarote\",\"description\":\"Dive Center - Marina Puerto Calero Lanzarote\",\"publisher\":{\"@id\":\"https:\\\/\\\/calerodiving.com\\\/#organization\"},\"alternateName\":\"Calero Diving\",\"potentialAction\":[{\"@type\":\"SearchAction\",\"target\":{\"@type\":\"EntryPoint\",\"urlTemplate\":\"https:\\\/\\\/calerodiving.com\\\/?s={search_term_string}\"},\"query-input\":{\"@type\":\"PropertyValueSpecification\",\"valueRequired\":true,\"valueName\":\"search_term_string\"}}],\"inLanguage\":\"de\"},{\"@type\":\"Organization\",\"@id\":\"https:\\\/\\\/calerodiving.com\\\/#organization\",\"name\":\"Calero Diving Lanzarote\",\"alternateName\":\"Calero Diving\",\"url\":\"https:\\\/\\\/calerodiving.com\\\/\",\"logo\":{\"@type\":\"ImageObject\",\"inLanguage\":\"de\",\"@id\":\"https:\\\/\\\/calerodiving.com\\\/#\\\/schema\\\/logo\\\/image\\\/\",\"url\":\"https:\\\/\\\/calerodiving.com\\\/wp-content\\\/uploads\\\/2025\\\/05\\\/Grupo.png\",\"contentUrl\":\"https:\\\/\\\/calerodiving.com\\\/wp-content\\\/uploads\\\/2025\\\/05\\\/Grupo.png\",\"width\":499,\"height\":590,\"caption\":\"Calero Diving Lanzarote\"},\"image\":{\"@id\":\"https:\\\/\\\/calerodiving.com\\\/#\\\/schema\\\/logo\\\/image\\\/\"},\"sameAs\":[\"https:\\\/\\\/www.facebook.com\\\/calerodiving\\\/\",\"https:\\\/\\\/www.instagram.com\\\/calerodiving\\\/\"]}]}<\/script>\n<!-- \/ Yoast SEO plugin. -->","yoast_head_json":{"title":"Spezialtauchlehrer | Calero Diving Lanzarote","robots":{"index":"index","follow":"follow","max-snippet":"max-snippet:-1","max-image-preview":"max-image-preview:large","max-video-preview":"max-video-preview:-1"},"canonical":"https:\/\/calerodiving.com\/de\/spezialtauchlehrer\/","og_locale":"de_DE","og_type":"article","og_title":"Spezialtauchlehrer | Calero Diving Lanzarote","og_description":"Professionell Spezialtauchlehrer Machen Sie Fortschritte in Ihrer Karriere als Tauchlehrer und sammeln Sie Erfahrung Programm\u00fcbersicht: Sind Sie bereits ein SSI Open Water Instructor und f\u00fchlen Sie sich bereit, mehr zu unterrichten? Dann k\u00f6nnen Sie sich als Tauchlehrer f\u00fcr verschiedene Spezialit\u00e4ten ausbilden lassen, um Ihre M\u00f6glichkeiten als Profi zu erweitern oder sich auf einen bestimmten Bereich [&hellip;]","og_url":"https:\/\/calerodiving.com\/de\/spezialtauchlehrer\/","og_site_name":"Calero Diving Lanzarote","article_publisher":"https:\/\/www.facebook.com\/calerodiving\/","article_modified_time":"2026-02-05T12:57:16+00:00","og_image":[{"width":700,"height":445,"url":"https:\/\/calerodiving.com\/wp-content\/uploads\/2025\/07\/Specialty-Instructor-course-.webp","type":"image\/webp"}],"twitter_card":"summary_large_image","twitter_misc":{"Gesch\u00e4tzte Lesezeit":"2\u00a0Minuten"},"schema":{"@context":"https:\/\/schema.org","@graph":[{"@type":"WebPage","@id":"https:\/\/calerodiving.com\/de\/spezialtauchlehrer\/","url":"https:\/\/calerodiving.com\/de\/spezialtauchlehrer\/","name":"Spezialtauchlehrer | Calero Diving Lanzarote","isPartOf":{"@id":"https:\/\/calerodiving.com\/#website"},"primaryImageOfPage":{"@id":"https:\/\/calerodiving.com\/de\/spezialtauchlehrer\/#primaryimage"},"image":{"@id":"https:\/\/calerodiving.com\/de\/spezialtauchlehrer\/#primaryimage"},"thumbnailUrl":"https:\/\/calerodiving.com\/wp-content\/uploads\/2025\/07\/Specialty-Instructor-course-.webp","datePublished":"2025-08-27T07:45:26+00:00","dateModified":"2026-02-05T12:57:16+00:00","breadcrumb":{"@id":"https:\/\/calerodiving.com\/de\/spezialtauchlehrer\/#breadcrumb"},"inLanguage":"de","potentialAction":[{"@type":"ReadAction","target":["https:\/\/calerodiving.com\/de\/spezialtauchlehrer\/"]}]},{"@type":"ImageObject","inLanguage":"de","@id":"https:\/\/calerodiving.com\/de\/spezialtauchlehrer\/#primaryimage","url":"https:\/\/calerodiving.com\/wp-content\/uploads\/2025\/07\/Specialty-Instructor-course-.webp","contentUrl":"https:\/\/calerodiving.com\/wp-content\/uploads\/2025\/07\/Specialty-Instructor-course-.webp"},{"@type":"BreadcrumbList","@id":"https:\/\/calerodiving.com\/de\/spezialtauchlehrer\/#breadcrumb","itemListElement":[{"@type":"ListItem","position":1,"name":"Home","item":"https:\/\/calerodiving.com\/es\/"},{"@type":"ListItem","position":2,"name":"Spezialtauchlehrer"}]},{"@type":"WebSite","@id":"https:\/\/calerodiving.com\/#website","url":"https:\/\/calerodiving.com\/","name":"Calero Diving Lanzarote","description":"Dive Center - Marina Puerto Calero Lanzarote","publisher":{"@id":"https:\/\/calerodiving.com\/#organization"},"alternateName":"Calero Diving","potentialAction":[{"@type":"SearchAction","target":{"@type":"EntryPoint","urlTemplate":"https:\/\/calerodiving.com\/?s={search_term_string}"},"query-input":{"@type":"PropertyValueSpecification","valueRequired":true,"valueName":"search_term_string"}}],"inLanguage":"de"},{"@type":"Organization","@id":"https:\/\/calerodiving.com\/#organization","name":"Calero Diving Lanzarote","alternateName":"Calero Diving","url":"https:\/\/calerodiving.com\/","logo":{"@type":"ImageObject","inLanguage":"de","@id":"https:\/\/calerodiving.com\/#\/schema\/logo\/image\/","url":"https:\/\/calerodiving.com\/wp-content\/uploads\/2025\/05\/Grupo.png","contentUrl":"https:\/\/calerodiving.com\/wp-content\/uploads\/2025\/05\/Grupo.png","width":499,"height":590,"caption":"Calero Diving Lanzarote"},"image":{"@id":"https:\/\/calerodiving.com\/#\/schema\/logo\/image\/"},"sameAs":["https:\/\/www.facebook.com\/calerodiving\/","https:\/\/www.instagram.com\/calerodiving\/"]}]}},"_links":{"self":[{"href":"https:\/\/calerodiving.com\/de\/wp-json\/wp\/v2\/pages\/24428","targetHints":{"allow":["GET"]}}],"collection":[{"href":"https:\/\/calerodiving.com\/de\/wp-json\/wp\/v2\/pages"}],"about":[{"href":"https:\/\/calerodiving.com\/de\/wp-json\/wp\/v2\/types\/page"}],"author":[{"embeddable":true,"href":"https:\/\/calerodiving.com\/de\/wp-json\/wp\/v2\/users\/10"}],"replies":[{"embeddable":true,"href":"https:\/\/calerodiving.com\/de\/wp-json\/wp\/v2\/comments?post=24428"}],"version-history":[{"count":5,"href":"https:\/\/calerodiving.com\/de\/wp-json\/wp\/v2\/pages\/24428\/revisions"}],"predecessor-version":[{"id":26784,"href":"https:\/\/calerodiving.com\/de\/wp-json\/wp\/v2\/pages\/24428\/revisions\/26784"}],"wp:attachment":[{"href":"https:\/\/calerodiving.com\/de\/wp-json\/wp\/v2\/media?parent=24428"}],"curies":[{"name":"wp","href":"https:\/\/api.w.org\/{rel}","templated":true}]}}