{"id":24413,"date":"2025-08-27T08:44:52","date_gmt":"2025-08-27T07:44:52","guid":{"rendered":"https:\/\/calerodiving.com\/datenschutzerklaerung\/"},"modified":"2026-02-17T14:56:35","modified_gmt":"2026-02-17T13:56:35","slug":"datenschutzerklaerung","status":"publish","type":"page","link":"https:\/\/calerodiving.com\/de\/datenschutzerklaerung\/","title":{"rendered":"Datenschutzerkl\u00e4rung"},"content":{"rendered":"\t\t<div data-elementor-type=\"wp-page\" data-elementor-id=\"24413\" class=\"elementor elementor-24413 elementor-22449\" data-elementor-post-type=\"page\">\n\t\t\t\t<div class=\"elementor-element elementor-element-4d787fb e-flex e-con-boxed e-con e-parent\" data-id=\"4d787fb\" data-element_type=\"container\" data-e-type=\"container\">\n\t\t\t\t\t<div class=\"e-con-inner\">\n\t\t\t\t<div class=\"elementor-element elementor-element-45962ab elementor-widget elementor-widget-heading\" data-id=\"45962ab\" data-element_type=\"widget\" data-e-type=\"widget\" data-widget_type=\"heading.default\">\n\t\t\t\t<div class=\"elementor-widget-container\">\n\t\t\t\t\t<h2 class=\"elementor-heading-title elementor-size-default\">Datenschutzerkl\u00e4rung<\/h2>\t\t\t\t<\/div>\n\t\t\t\t<\/div>\n\t\t<div class=\"elementor-element elementor-element-33297b2 e-con-full e-flex e-con e-child\" data-id=\"33297b2\" data-element_type=\"container\" data-e-type=\"container\">\n\t\t\t\t<div class=\"elementor-element elementor-element-be59fdb elementor-widget elementor-widget-text-editor\" data-id=\"be59fdb\" data-element_type=\"widget\" data-e-type=\"widget\" data-widget_type=\"text-editor.default\">\n\t\t\t\t<div class=\"elementor-widget-container\">\n\t\t\t\t\t\t\t\t\t<p>Die Nutzung unserer Webseite ist ohne Angabe personenbezogener Daten m\u00f6glich. F\u00fcr die Nutzung einzelner Services unserer Webseite k\u00f6nnen sich hierf\u00fcr abweichende Regelungen ergeben, die in diesem Falle gesondert erl\u00e4utert werden. Wir verarbeiten Ihre personenbezogenen Daten (z.B. Name, Anschrift, E-Mail-Adresse, Telefonnummer, etc.) ausschlie\u00dflich gem\u00e4\u00df den Bestimmungen des deutschen Datenschutzrechts. Daten sind dann personenbezogen, wenn sie einer bestimmten nat\u00fcrlichen Person eindeutig zugeordnet werden k\u00f6nnen. Die rechtlichen Grundlagen des Datenschutzes finden Sie im Bundesdatenschutzgesetz (BDSG) und dem Telemediengesetz (TMG). Die nachfolgenden Vorschriften informieren Sie \u00fcber Art, Umfang und Zweck der Erhebung, Nutzung und Verarbeitung von personenbezogenen Daten durch den Anbieter.<\/p><p>Mariposa Diving S.L<br \/>CIF: B26578021<br \/>Plaza del Arte 11-14<br \/>35571 &#8211; Yaiza, Puerto Calero<br \/>Lanzarote<\/p><p>SSL-Verschl\u00fcsselung<br \/>Zum Schutz der Sicherheit Ihrer Daten bei der \u00dcbertragung verwenden wir modernste Verschl\u00fcsselungstechnologie (SSL) \u00fcber HTTPS.<\/p><h2>Cookies<\/h2><p>Wir setzen auf unserer Webseite Cookies ein, um die mehrfache Nutzung unseres Angebots durch denselben Nutzer\/Internetanschlussinhaber zu erkennen. Cookies sind kleine Textdateien, die Ihr Internet-Browser auf Ihrem Rechner ablegt. Sie dienen dazu, unsere Webseite und unsere Angebote zu optimieren. Meist handelt es sich dabei um sogenannte \u201eSession-Cookies\u201c, die nach Ihrem Besuch gel\u00f6scht werden.<br \/>Diese Cookies geben jedoch teilweise Informationen ab, um Sie automatisch wiederzuerkennen. Diese Wiedererkennung erfolgt aufgrund der in den Cookies hinterlegten IP-Adresse. Die so gewonnenen Informationen dienen dazu, unsere Angebote zu optimieren und Ihnen einen leichteren Zugang auf unsere Webseite zu erm\u00f6glichen.<br \/>Sie k\u00f6nnen die Installation der Cookies durch eine entsprechende Einstellung Ihres Browsers verhindern; wir weisen Sie jedoch darauf hin, dass Sie in diesem Fall gegebenenfalls nicht s\u00e4mtliche Funktionen unserer Webseite vollumf\u00e4nglich nutzen k\u00f6nnen.<\/p><h2>Serverdaten<\/h2><p>Aus technischen Gr\u00fcnden werden folgende Daten, die Ihr Internet-Browser an uns bzw. an unseren Webspace-Provider \u00fcbermittelt, erfasst (sogenannte Serverlogfiles):<br \/>\u2013 Browsertyp und Browserversion<br \/>\u2013 Verwendetes Betriebssystem<br \/>\u2013 Webseite, von der aus Sie uns besuchen (Referrer URL)<br \/>\u2013 Webseite, die Sie besuchen<br \/>\u2013 Datum und Uhrzeit Ihres Zugriffs<br \/>\u2013 Ihre Internet Protokoll (IP)-Adresse.<br \/>Diese anonymen Daten werden getrennt von eventuell von Ihnen angegebenen personenbezogenen Daten gespeichert und lassen so keine R\u00fcckschl\u00fcsse auf eine bestimmte Person zu. Sie werden zu statistischen Zwecken ausgewertet, um unseren Internetauftritt und unsere Angebote optimieren zu k\u00f6nnen.<\/p><h2>Kontaktformular<\/h2><p>Wir bieten Ihnen auf unserer Seite die M\u00f6glichkeit, uns per E-Mail und\/oder \u00fcber ein Kontaktformular zu kontaktieren. In diesem Fall werden die vom Nutzer gemachten Angaben zum Zwecke der Bearbeitung Ihrer Kontaktaufnahme gespeichert. Eine Weitergabe an Dritte findet nicht statt. Ein Abgleich der so erhobenen Daten mit Daten, die gegebenenfalls durch andere Komponenten unserer Webseite erhoben werden, erfolgt ebenfalls nicht.<\/p><h2>Kommentare<\/h2><p>Wir bieten Ihnen auf unserer Seite die M\u00f6glichkeit, Kommentare zu einzelnen Beitr\u00e4gen zu hinterlassen. Hierbei wird die IP-Adresse des Verfassers\/Anschlussinhabers gespeichert. Diese Speicherung erfolgt zu unserer Sicherheit f\u00fcr den Fall, dass der Verfasser durch seine Kommentare in Rechte Dritter eingreift und\/oder widerrechtliche Inhalte abgesetzt werden. Ein pers\u00f6nliches Interesse an den gespeicherten Daten des Verfassers haben wir daher nicht, zumal wir f\u00fcr derartige Rechtsverst\u00f6\u00dfe gegebenenfalls belangt werden k\u00f6nnen. Eine Weitergabe an Dritte erfolgt nicht. Ein Abgleich der so erhobenen Daten mit Daten, die gegebenenfalls durch andere Komponenten unserer Seite erhoben werden, erfolgt ebenfalls nicht.<\/p><h2>Einsatz von Google Analytics mit Anonymisierungsfunktion<\/h2><p>Wir setzen auf unserer Webseite Google Analytics ein, einen Webanalysedienst der Google Inc., 1600 Amphitheatre Parkway, Mountain View, CA 94043 USA, nachfolgend \u201eGoogle\u201c. Google Analytics verwendet sogenannte \u201eCookies\u201c, Textdateien, die auf Ihrem Computer gespeichert werden und hierdurch eine Analyse Ihrer Benutzung der Webseite erm\u00f6glichen.<\/p><p>Die durch diese Cookies erzeugten Informationen, beispielsweise Zeit, Ort und H\u00e4ufigkeit Ihres Webseiten-Besuchs einschlie\u00dflich Ihrer IP-Adresse, werden an Google in den USA \u00fcbertragen und dort gespeichert.<br \/>Wir verwenden auf unserer Webseite Google Analytics mit einer IP-Anonymisierungsfunktion. Ihre IP-Adresse wird in diesem Fall von Google schon innerhalb von Mitgliedstaaten der Europ\u00e4ischen Union oder in anderen Vertragsstaaten des Abkommens \u00fcber den Europ\u00e4ischen Wirtschaftsraum gek\u00fcrzt und dadurch anonymisiert.<br \/>Google wird diese Informationen benutzen, um Ihre Nutzung unserer Webseite auszuwerten, um Reports \u00fcber die Webseitenaktivit\u00e4ten zusammenzustellen und um weitere mit der Webseitenaktivit\u00e4t und der Internetnutzung verbundene Dienstleistungen zu erbringen.<\/p>\t\t\t\t\t\t\t\t<\/div>\n\t\t\t\t<\/div>\n\t\t\t\t<\/div>\n\t\t\t\t\t<\/div>\n\t\t\t\t<\/div>\n\t\t\t\t<\/div>\n\t\t","protected":false},"excerpt":{"rendered":"<p>Datenschutzerkl\u00e4rung Die Nutzung unserer Webseite ist ohne Angabe personenbezogener Daten m\u00f6glich. F\u00fcr die Nutzung einzelner Services unserer Webseite k\u00f6nnen sich hierf\u00fcr abweichende Regelungen ergeben, die in diesem Falle gesondert erl\u00e4utert werden. Wir verarbeiten Ihre personenbezogenen Daten (z.B. Name, Anschrift, E-Mail-Adresse, Telefonnummer, etc.) ausschlie\u00dflich gem\u00e4\u00df den Bestimmungen des deutschen Datenschutzrechts. Daten sind dann personenbezogen, wenn sie [&hellip;]<\/p>\n","protected":false},"author":10,"featured_media":0,"parent":0,"menu_order":0,"comment_status":"closed","ping_status":"closed","template":"","meta":{"_acf_changed":false,"footnotes":""},"class_list":["post-24413","page","type-page","status-publish","hentry"],"acf":[],"yoast_head":"<!-- This site is optimized with the Yoast SEO plugin v27.5 - https:\/\/yoast.com\/product\/yoast-seo-wordpress\/ -->\n<title>Datenschutzerkl\u00e4rung | Calero Diving Lanzarote<\/title>\n<meta name=\"robots\" content=\"index, follow, max-snippet:-1, max-image-preview:large, max-video-preview:-1\" \/>\n<link rel=\"canonical\" href=\"https:\/\/calerodiving.com\/privacy-policy\/\" \/>\n<meta property=\"og:locale\" content=\"de_DE\" \/>\n<meta property=\"og:type\" content=\"article\" \/>\n<meta property=\"og:title\" content=\"Datenschutzerkl\u00e4rung | Calero Diving Lanzarote\" \/>\n<meta property=\"og:description\" content=\"Datenschutzerkl\u00e4rung Die Nutzung unserer Webseite ist ohne Angabe personenbezogener Daten m\u00f6glich. F\u00fcr die Nutzung einzelner Services unserer Webseite k\u00f6nnen sich hierf\u00fcr abweichende Regelungen ergeben, die in diesem Falle gesondert erl\u00e4utert werden. Wir verarbeiten Ihre personenbezogenen Daten (z.B. Name, Anschrift, E-Mail-Adresse, Telefonnummer, etc.) ausschlie\u00dflich gem\u00e4\u00df den Bestimmungen des deutschen Datenschutzrechts. Daten sind dann personenbezogen, wenn sie [&hellip;]\" \/>\n<meta property=\"og:url\" content=\"https:\/\/calerodiving.com\/privacy-policy\/\" \/>\n<meta property=\"og:site_name\" content=\"Calero Diving Lanzarote\" \/>\n<meta property=\"article:publisher\" content=\"https:\/\/www.facebook.com\/calerodiving\/\" \/>\n<meta property=\"article:modified_time\" content=\"2026-02-17T13:56:35+00:00\" \/>\n<meta property=\"og:image\" content=\"https:\/\/calerodiving.com\/wp-content\/uploads\/2025\/05\/Grupo.png\" \/>\n\t<meta property=\"og:image:width\" content=\"499\" \/>\n\t<meta property=\"og:image:height\" content=\"590\" \/>\n\t<meta property=\"og:image:type\" content=\"image\/png\" \/>\n<meta name=\"twitter:card\" content=\"summary_large_image\" \/>\n<meta name=\"twitter:label1\" content=\"Gesch\u00e4tzte Lesezeit\" \/>\n\t<meta name=\"twitter:data1\" content=\"4\u00a0Minuten\" \/>\n<script type=\"application\/ld+json\" class=\"yoast-schema-graph\">{\"@context\":\"https:\\\/\\\/schema.org\",\"@graph\":[{\"@type\":\"WebPage\",\"@id\":\"https:\\\/\\\/calerodiving.com\\\/privacy-policy\\\/\",\"url\":\"https:\\\/\\\/calerodiving.com\\\/privacy-policy\\\/\",\"name\":\"Datenschutzerkl\u00e4rung | Calero Diving Lanzarote\",\"isPartOf\":{\"@id\":\"https:\\\/\\\/calerodiving.com\\\/#website\"},\"datePublished\":\"2025-08-27T07:44:52+00:00\",\"dateModified\":\"2026-02-17T13:56:35+00:00\",\"breadcrumb\":{\"@id\":\"https:\\\/\\\/calerodiving.com\\\/privacy-policy\\\/#breadcrumb\"},\"inLanguage\":\"de\",\"potentialAction\":[{\"@type\":\"ReadAction\",\"target\":[\"https:\\\/\\\/calerodiving.com\\\/privacy-policy\\\/\"]}]},{\"@type\":\"BreadcrumbList\",\"@id\":\"https:\\\/\\\/calerodiving.com\\\/privacy-policy\\\/#breadcrumb\",\"itemListElement\":[{\"@type\":\"ListItem\",\"position\":1,\"name\":\"Home\",\"item\":\"https:\\\/\\\/calerodiving.com\\\/es\\\/\"},{\"@type\":\"ListItem\",\"position\":2,\"name\":\"Datenschutzerkl\u00e4rung\"}]},{\"@type\":\"WebSite\",\"@id\":\"https:\\\/\\\/calerodiving.com\\\/#website\",\"url\":\"https:\\\/\\\/calerodiving.com\\\/\",\"name\":\"Calero Diving Lanzarote\",\"description\":\"Dive Center - Marina Puerto Calero Lanzarote\",\"publisher\":{\"@id\":\"https:\\\/\\\/calerodiving.com\\\/#organization\"},\"alternateName\":\"Calero Diving\",\"potentialAction\":[{\"@type\":\"SearchAction\",\"target\":{\"@type\":\"EntryPoint\",\"urlTemplate\":\"https:\\\/\\\/calerodiving.com\\\/?s={search_term_string}\"},\"query-input\":{\"@type\":\"PropertyValueSpecification\",\"valueRequired\":true,\"valueName\":\"search_term_string\"}}],\"inLanguage\":\"de\"},{\"@type\":\"Organization\",\"@id\":\"https:\\\/\\\/calerodiving.com\\\/#organization\",\"name\":\"Calero Diving Lanzarote\",\"alternateName\":\"Calero Diving\",\"url\":\"https:\\\/\\\/calerodiving.com\\\/\",\"logo\":{\"@type\":\"ImageObject\",\"inLanguage\":\"de\",\"@id\":\"https:\\\/\\\/calerodiving.com\\\/#\\\/schema\\\/logo\\\/image\\\/\",\"url\":\"https:\\\/\\\/calerodiving.com\\\/wp-content\\\/uploads\\\/2025\\\/05\\\/Grupo.png\",\"contentUrl\":\"https:\\\/\\\/calerodiving.com\\\/wp-content\\\/uploads\\\/2025\\\/05\\\/Grupo.png\",\"width\":499,\"height\":590,\"caption\":\"Calero Diving Lanzarote\"},\"image\":{\"@id\":\"https:\\\/\\\/calerodiving.com\\\/#\\\/schema\\\/logo\\\/image\\\/\"},\"sameAs\":[\"https:\\\/\\\/www.facebook.com\\\/calerodiving\\\/\",\"https:\\\/\\\/www.instagram.com\\\/calerodiving\\\/\"]}]}<\/script>\n<!-- \/ Yoast SEO plugin. -->","yoast_head_json":{"title":"Datenschutzerkl\u00e4rung | Calero Diving Lanzarote","robots":{"index":"index","follow":"follow","max-snippet":"max-snippet:-1","max-image-preview":"max-image-preview:large","max-video-preview":"max-video-preview:-1"},"canonical":"https:\/\/calerodiving.com\/privacy-policy\/","og_locale":"de_DE","og_type":"article","og_title":"Datenschutzerkl\u00e4rung | Calero Diving Lanzarote","og_description":"Datenschutzerkl\u00e4rung Die Nutzung unserer Webseite ist ohne Angabe personenbezogener Daten m\u00f6glich. F\u00fcr die Nutzung einzelner Services unserer Webseite k\u00f6nnen sich hierf\u00fcr abweichende Regelungen ergeben, die in diesem Falle gesondert erl\u00e4utert werden. Wir verarbeiten Ihre personenbezogenen Daten (z.B. Name, Anschrift, E-Mail-Adresse, Telefonnummer, etc.) ausschlie\u00dflich gem\u00e4\u00df den Bestimmungen des deutschen Datenschutzrechts. Daten sind dann personenbezogen, wenn sie [&hellip;]","og_url":"https:\/\/calerodiving.com\/privacy-policy\/","og_site_name":"Calero Diving Lanzarote","article_publisher":"https:\/\/www.facebook.com\/calerodiving\/","article_modified_time":"2026-02-17T13:56:35+00:00","og_image":[{"width":499,"height":590,"url":"https:\/\/calerodiving.com\/wp-content\/uploads\/2025\/05\/Grupo.png","type":"image\/png"}],"twitter_card":"summary_large_image","twitter_misc":{"Gesch\u00e4tzte Lesezeit":"4\u00a0Minuten"},"schema":{"@context":"https:\/\/schema.org","@graph":[{"@type":"WebPage","@id":"https:\/\/calerodiving.com\/privacy-policy\/","url":"https:\/\/calerodiving.com\/privacy-policy\/","name":"Datenschutzerkl\u00e4rung | Calero Diving Lanzarote","isPartOf":{"@id":"https:\/\/calerodiving.com\/#website"},"datePublished":"2025-08-27T07:44:52+00:00","dateModified":"2026-02-17T13:56:35+00:00","breadcrumb":{"@id":"https:\/\/calerodiving.com\/privacy-policy\/#breadcrumb"},"inLanguage":"de","potentialAction":[{"@type":"ReadAction","target":["https:\/\/calerodiving.com\/privacy-policy\/"]}]},{"@type":"BreadcrumbList","@id":"https:\/\/calerodiving.com\/privacy-policy\/#breadcrumb","itemListElement":[{"@type":"ListItem","position":1,"name":"Home","item":"https:\/\/calerodiving.com\/es\/"},{"@type":"ListItem","position":2,"name":"Datenschutzerkl\u00e4rung"}]},{"@type":"WebSite","@id":"https:\/\/calerodiving.com\/#website","url":"https:\/\/calerodiving.com\/","name":"Calero Diving Lanzarote","description":"Dive Center - Marina Puerto Calero Lanzarote","publisher":{"@id":"https:\/\/calerodiving.com\/#organization"},"alternateName":"Calero Diving","potentialAction":[{"@type":"SearchAction","target":{"@type":"EntryPoint","urlTemplate":"https:\/\/calerodiving.com\/?s={search_term_string}"},"query-input":{"@type":"PropertyValueSpecification","valueRequired":true,"valueName":"search_term_string"}}],"inLanguage":"de"},{"@type":"Organization","@id":"https:\/\/calerodiving.com\/#organization","name":"Calero Diving Lanzarote","alternateName":"Calero Diving","url":"https:\/\/calerodiving.com\/","logo":{"@type":"ImageObject","inLanguage":"de","@id":"https:\/\/calerodiving.com\/#\/schema\/logo\/image\/","url":"https:\/\/calerodiving.com\/wp-content\/uploads\/2025\/05\/Grupo.png","contentUrl":"https:\/\/calerodiving.com\/wp-content\/uploads\/2025\/05\/Grupo.png","width":499,"height":590,"caption":"Calero Diving Lanzarote"},"image":{"@id":"https:\/\/calerodiving.com\/#\/schema\/logo\/image\/"},"sameAs":["https:\/\/www.facebook.com\/calerodiving\/","https:\/\/www.instagram.com\/calerodiving\/"]}]}},"_links":{"self":[{"href":"https:\/\/calerodiving.com\/de\/wp-json\/wp\/v2\/pages\/24413","targetHints":{"allow":["GET"]}}],"collection":[{"href":"https:\/\/calerodiving.com\/de\/wp-json\/wp\/v2\/pages"}],"about":[{"href":"https:\/\/calerodiving.com\/de\/wp-json\/wp\/v2\/types\/page"}],"author":[{"embeddable":true,"href":"https:\/\/calerodiving.com\/de\/wp-json\/wp\/v2\/users\/10"}],"replies":[{"embeddable":true,"href":"https:\/\/calerodiving.com\/de\/wp-json\/wp\/v2\/comments?post=24413"}],"version-history":[{"count":5,"href":"https:\/\/calerodiving.com\/de\/wp-json\/wp\/v2\/pages\/24413\/revisions"}],"predecessor-version":[{"id":26811,"href":"https:\/\/calerodiving.com\/de\/wp-json\/wp\/v2\/pages\/24413\/revisions\/26811"}],"wp:attachment":[{"href":"https:\/\/calerodiving.com\/de\/wp-json\/wp\/v2\/media?parent=24413"}],"curies":[{"name":"wp","href":"https:\/\/api.w.org\/{rel}","templated":true}]}}