{"id":24401,"date":"2025-08-27T08:44:29","date_gmt":"2025-08-27T07:44:29","guid":{"rendered":"https:\/\/calerodiving.com\/allgemeine-geschaeftsbedingungen-und-reservierungen\/"},"modified":"2026-02-17T14:55:45","modified_gmt":"2026-02-17T13:55:45","slug":"allgemeine-geschaeftsbedingungen-und-reservierungen","status":"publish","type":"page","link":"https:\/\/calerodiving.com\/de\/allgemeine-geschaeftsbedingungen-und-reservierungen\/","title":{"rendered":"Allgemeine Gesch\u00e4ftsbedingungen und Reservierungen"},"content":{"rendered":"\t\t<div data-elementor-type=\"wp-page\" data-elementor-id=\"24401\" class=\"elementor elementor-24401 elementor-22461\" data-elementor-post-type=\"page\">\n\t\t\t\t<div class=\"elementor-element elementor-element-bd2a22b e-flex e-con-boxed e-con e-parent\" data-id=\"bd2a22b\" data-element_type=\"container\" data-e-type=\"container\">\n\t\t\t\t\t<div class=\"e-con-inner\">\n\t\t\t\t<div class=\"elementor-element elementor-element-4805f06 elementor-widget elementor-widget-heading\" data-id=\"4805f06\" data-element_type=\"widget\" data-e-type=\"widget\" data-widget_type=\"heading.default\">\n\t\t\t\t<div class=\"elementor-widget-container\">\n\t\t\t\t\t<h2 class=\"elementor-heading-title elementor-size-default\">ALLGEMEINE GESCH\u00c4FTSBEDINGUNGEN UND RESERVIERUNGEN<\/h2>\t\t\t\t<\/div>\n\t\t\t\t<\/div>\n\t\t\t\t<div class=\"elementor-element elementor-element-2cd8f98 elementor-widget elementor-widget-text-editor\" data-id=\"2cd8f98\" data-element_type=\"widget\" data-e-type=\"widget\" data-widget_type=\"text-editor.default\">\n\t\t\t\t<div class=\"elementor-widget-container\">\n\t\t\t\t\t\t\t\t\t<p>RICHTLINIEN F\u00dcR RESERVIERUNG UND STORNIERUNG VON AKTIVIT\u00c4TEN, DIE BEI RUBICON DIVING GEBUCHT WURDEN<\/p><p>FIRMENINFORMATIONEN:<\/p><p>Mariposa Diving S.L<br \/>CIF: B26578021<br \/>Plaza del Arte 11-14<br \/>35571 &#8211; Yaiza, Puerto Calero<br \/>Lanzarote<\/p><p>RESERVIERUNG VON KURSEN UND FREIZEITTAUCHEN:<\/p><p>F\u00fcr die Aktivit\u00e4ten, an denen Sie mit Calero Diving teilnehmen m\u00f6chten, wird empfohlen, dass Sie Ihren Platz reservieren, es ist jedoch nicht zwingend erforderlich. Wenn Sie Ihren Platz nicht im Voraus reservieren, ist dieser von der Verf\u00fcgbarkeit abh\u00e4ngig. Wenn Sie Ihren Platz f\u00fcr eine unserer Aktivit\u00e4ten sichern m\u00f6chten, ben\u00f6tigen wir eine Anzahlung von 50 % bei der Reservierung. Die restlichen 50 % Ihres gesamten Einkaufs m\u00fcssen vor Beginn Ihrer gebuchten Aktivit\u00e4t bezahlt werden. Die 50 % Anzahlung ist nicht erstattungsf\u00e4hig.<\/p><p>\u200b<br \/>VERSICHERUNG UND MEDIZINISCHE UNTERSUCHUNGEN:<\/p><p>Taucher m\u00fcssen \u00fcber eine Krankenversicherung verf\u00fcgen, die die ausge\u00fcbte Aktivit\u00e4t abdeckt, sowie \u00fcber ein \u00e4rztliches Attest, das maximal zwei Jahre g\u00fcltig ist. Wenn der Taucher keine Tauchversicherung hat, bieten wir die M\u00f6glichkeit, eine Tauchversicherung abzuschlie\u00dfen oder diese auf ein breiteres Spektrum von Aktivit\u00e4ten auszudehnen.<\/p><p>Es liegt in der Pflicht und Verantwortung jedes Tauchers, seine Tauchzertifizierung entsprechend dem Tauchniveau f\u00fcr die auszuf\u00fchrende Aktivit\u00e4t zu besitzen. Wenn sie nicht \u00fcber die entsprechende Zertifizierung verf\u00fcgen oder der Tauchleiter der Aktivit\u00e4t aus irgendeinem Grund der Meinung ist, dass der Kunde nicht qualifiziert ist, die Aktivit\u00e4t auszuf\u00fchren, wird Calero Diving die Zulassung verweigern.<\/p><p>Die Informationen, die der Benutzer Calero Diving bei der Registrierung bereitstellt, werden gem\u00e4\u00df den gesetzlichen Normen und Verpflichtungen sowie mit angemessenen Sicherheitsma\u00dfnahmen behandelt, um die Informationen vor jeglicher \u00c4nderung, Verlust, Nutzung oder unbefugtem Zugriff zu sch\u00fctzen.<\/p><p>Sie k\u00f6nnen sich jederzeit aus unserer Datenbank abmelden. Dazu m\u00fcssen Sie uns eine E-Mail senden, in der Sie erkl\u00e4ren, warum Sie Ihre Informationen aus unserer Datenbank entfernen m\u00f6chten.<\/p><p>AUSR\u00dcSTUNGSVERLEIH:<\/p><p>F\u00fcr vertraglich vereinbarte Tauchdienstleistungen sind Gurt, Gewichte und 10-, 12- oder 15-Liter-Luftflasche im festgelegten Preis inbegriffen. Die restliche Tauchausr\u00fcstung ist nicht inbegriffen. Wenn Sie die gesamte oder einen Teil der Tauchausr\u00fcstung mieten m\u00f6chten, wird empfohlen, diese vor Ihrer Ankunft zu reservieren, um die Verf\u00fcgbarkeit zu gew\u00e4hrleisten. Es liegt in der Verantwortung des Tauchers, die Ausr\u00fcstung in demselben Zustand, in dem sie geliefert wurde, an das Tauchzentrum zur\u00fcckzugeben. Im Falle eines Verlusts kann Calero Diving die Bezahlung der besagten Ausr\u00fcstung vom mietenden Kunden verlangen.<\/p><p>Bitte beachten Sie, dass f\u00fcr jeden Kurs, jede Einf\u00fchrung oder jedes Museumstagspaket die Kosten f\u00fcr den Ausr\u00fcstungsverleih im Preis des Kurses oder der Aktivit\u00e4t enthalten sind.<\/p><p>GRUPPENRESERVIERUNGEN UND BEDINGUNGEN:<\/p><p>Sonderkonditionen gelten f\u00fcr Tauchclubs und Gruppen von 10 Tauchern. Wir bieten private Boote f\u00fcr Gruppen ab 10 Personen an. Wenn w\u00e4hrend des geplanten Tauchgangs einige der Taucher in der Gruppe aus Gr\u00fcnden, die au\u00dferhalb der Kontrolle von Calero Diving liegen, beschlie\u00dfen, nicht an den gebuchten Tauchg\u00e4ngen teilzunehmen, f\u00e4llt die Verantwortung auf die Gruppe und nicht auf Calero Diving. In diesen F\u00e4llen ist die Bezahlung aller gebuchten Tauchg\u00e4nge obligatorisch.<\/p><p>STORNIERUNGSBEDINGUNGEN:<\/p><p>F\u00fcr den Fall, dass ein Tauchkurs gebucht wird und aus Gr\u00fcnden, die au\u00dferhalb der Kontrolle des Unternehmens liegen, nicht abgeschlossen werden kann, kann die Kursgeb\u00fchr nicht gegen Tauchg\u00e4nge eingetauscht werden. In diesen F\u00e4llen, wenn der theoretische Teil des Kurses gekauft und\/oder geliefert wurde, kann er weder umgetauscht noch erstattet werden, noch kann er gegen Tauchg\u00e4nge eingetauscht werden.<\/p><p>Alle \u00c4nderungen oder Stornierungen einer Reservierung m\u00fcssen schriftlich eingereicht und von Calero Diving best\u00e4tigt werden. Stornierungsgeb\u00fchren werden gem\u00e4\u00df dem Datum und den Bedingungen der Reservierungsstornierung angewendet:<\/p><p>\u2022 Alle f\u00fcr bei Calero Diving vertraglich vereinbarte Dienstleistungen gezahlten Gelder werden im Falle einer Stornierung der Aktivit\u00e4t durch das Tauchzentrum erstattet, unabh\u00e4ngig vom Grund der Stornierung.<br \/>\u2022 Alle gezahlten Gelder abz\u00fcglich 10 % des Gesamtbetrags f\u00fcr Verwaltungsgeb\u00fchren werden im Falle einer Stornierung der Aktivit\u00e4t durch den Taucher erstattet, wenn die Stornierung innerhalb von 5 Tagen vor der Aktivit\u00e4t erfolgt. Erfolgt die Stornierung 4 Tage oder weniger vor der geplanten Aktivit\u00e4t, erfolgt keine R\u00fcckerstattung. <br \/>\u2022 Im Falle einer medizinischen Erkrankung werden 50 % des gezahlten Betrags nur der Person mit der medizinischen Erkrankung erstattet, wenn sie Dokumente vorlegt, die ihre vor\u00fcbergehende oder dauerhafte medizinische Erkrankung belegen, die sie am Tauchen hindert. Werden keine medizinischen Nachweise vorgelegt, wird die Anzahlung nicht erstattet. <br \/>\u2022 Wurden die Dienstleistungen \u00fcber einen Dritten beauftragt und kann die von dieser Person beauftragte Aktivit\u00e4t nicht durchgef\u00fchrt werden, besteht kein Anspruch auf Entsch\u00e4digung.<\/p><p>Sobald der Kunde an Bord unseres Schiffes ist, wird das Geld nicht zur\u00fcckerstattet, wenn die Aktivit\u00e4t storniert wird.<\/p>\t\t\t\t\t\t\t\t<\/div>\n\t\t\t\t<\/div>\n\t\t\t\t\t<\/div>\n\t\t\t\t<\/div>\n\t\t\t\t<\/div>\n\t\t","protected":false},"excerpt":{"rendered":"<p>ALLGEMEINE GESCH\u00c4FTSBEDINGUNGEN UND RESERVIERUNGEN RICHTLINIEN F\u00dcR RESERVIERUNG UND STORNIERUNG VON AKTIVIT\u00c4TEN, DIE BEI RUBICON DIVING GEBUCHT WURDEN FIRMENINFORMATIONEN: Mariposa Diving S.LCIF: B26578021Plaza del Arte 11-1435571 &#8211; Yaiza, Puerto CaleroLanzarote RESERVIERUNG VON KURSEN UND FREIZEITTAUCHEN: F\u00fcr die Aktivit\u00e4ten, an denen Sie mit Calero Diving teilnehmen m\u00f6chten, wird empfohlen, dass Sie Ihren Platz reservieren, es ist jedoch [&hellip;]<\/p>\n","protected":false},"author":10,"featured_media":0,"parent":0,"menu_order":0,"comment_status":"closed","ping_status":"closed","template":"","meta":{"_acf_changed":false,"footnotes":""},"class_list":["post-24401","page","type-page","status-publish","hentry"],"acf":[],"yoast_head":"<!-- This site is optimized with the Yoast SEO plugin v27.5 - https:\/\/yoast.com\/product\/yoast-seo-wordpress\/ -->\n<title>Allgemeine Gesch\u00e4ftsbedingungen und Reservierungen | Calero Diving Lanzarote<\/title>\n<meta name=\"robots\" content=\"index, follow, max-snippet:-1, max-image-preview:large, max-video-preview:-1\" \/>\n<link rel=\"canonical\" href=\"https:\/\/calerodiving.com\/general-conditions-and-reservations\/\" \/>\n<meta property=\"og:locale\" content=\"de_DE\" \/>\n<meta property=\"og:type\" content=\"article\" \/>\n<meta property=\"og:title\" content=\"Allgemeine Gesch\u00e4ftsbedingungen und Reservierungen | Calero Diving Lanzarote\" \/>\n<meta property=\"og:description\" content=\"ALLGEMEINE GESCH\u00c4FTSBEDINGUNGEN UND RESERVIERUNGEN RICHTLINIEN F\u00dcR RESERVIERUNG UND STORNIERUNG VON AKTIVIT\u00c4TEN, DIE BEI RUBICON DIVING GEBUCHT WURDEN FIRMENINFORMATIONEN: Mariposa Diving S.LCIF: B26578021Plaza del Arte 11-1435571 &#8211; Yaiza, Puerto CaleroLanzarote RESERVIERUNG VON KURSEN UND FREIZEITTAUCHEN: F\u00fcr die Aktivit\u00e4ten, an denen Sie mit Calero Diving teilnehmen m\u00f6chten, wird empfohlen, dass Sie Ihren Platz reservieren, es ist jedoch [&hellip;]\" \/>\n<meta property=\"og:url\" content=\"https:\/\/calerodiving.com\/general-conditions-and-reservations\/\" \/>\n<meta property=\"og:site_name\" content=\"Calero Diving Lanzarote\" \/>\n<meta property=\"article:publisher\" content=\"https:\/\/www.facebook.com\/calerodiving\/\" \/>\n<meta property=\"article:modified_time\" content=\"2026-02-17T13:55:45+00:00\" \/>\n<meta property=\"og:image\" content=\"https:\/\/calerodiving.com\/wp-content\/uploads\/2025\/05\/Grupo.png\" \/>\n\t<meta property=\"og:image:width\" content=\"499\" \/>\n\t<meta property=\"og:image:height\" content=\"590\" \/>\n\t<meta property=\"og:image:type\" content=\"image\/png\" \/>\n<meta name=\"twitter:card\" content=\"summary_large_image\" \/>\n<meta name=\"twitter:label1\" content=\"Gesch\u00e4tzte Lesezeit\" \/>\n\t<meta name=\"twitter:data1\" content=\"4\u00a0Minuten\" \/>\n<script type=\"application\/ld+json\" class=\"yoast-schema-graph\">{\"@context\":\"https:\\\/\\\/schema.org\",\"@graph\":[{\"@type\":\"WebPage\",\"@id\":\"https:\\\/\\\/calerodiving.com\\\/general-conditions-and-reservations\\\/\",\"url\":\"https:\\\/\\\/calerodiving.com\\\/general-conditions-and-reservations\\\/\",\"name\":\"Allgemeine Gesch\u00e4ftsbedingungen und Reservierungen | Calero Diving Lanzarote\",\"isPartOf\":{\"@id\":\"https:\\\/\\\/calerodiving.com\\\/#website\"},\"datePublished\":\"2025-08-27T07:44:29+00:00\",\"dateModified\":\"2026-02-17T13:55:45+00:00\",\"breadcrumb\":{\"@id\":\"https:\\\/\\\/calerodiving.com\\\/general-conditions-and-reservations\\\/#breadcrumb\"},\"inLanguage\":\"de\",\"potentialAction\":[{\"@type\":\"ReadAction\",\"target\":[\"https:\\\/\\\/calerodiving.com\\\/general-conditions-and-reservations\\\/\"]}]},{\"@type\":\"BreadcrumbList\",\"@id\":\"https:\\\/\\\/calerodiving.com\\\/general-conditions-and-reservations\\\/#breadcrumb\",\"itemListElement\":[{\"@type\":\"ListItem\",\"position\":1,\"name\":\"Home\",\"item\":\"https:\\\/\\\/calerodiving.com\\\/es\\\/\"},{\"@type\":\"ListItem\",\"position\":2,\"name\":\"Allgemeine Gesch\u00e4ftsbedingungen und Reservierungen\"}]},{\"@type\":\"WebSite\",\"@id\":\"https:\\\/\\\/calerodiving.com\\\/#website\",\"url\":\"https:\\\/\\\/calerodiving.com\\\/\",\"name\":\"Calero Diving Lanzarote\",\"description\":\"Dive Center - Marina Puerto Calero Lanzarote\",\"publisher\":{\"@id\":\"https:\\\/\\\/calerodiving.com\\\/#organization\"},\"alternateName\":\"Calero Diving\",\"potentialAction\":[{\"@type\":\"SearchAction\",\"target\":{\"@type\":\"EntryPoint\",\"urlTemplate\":\"https:\\\/\\\/calerodiving.com\\\/?s={search_term_string}\"},\"query-input\":{\"@type\":\"PropertyValueSpecification\",\"valueRequired\":true,\"valueName\":\"search_term_string\"}}],\"inLanguage\":\"de\"},{\"@type\":\"Organization\",\"@id\":\"https:\\\/\\\/calerodiving.com\\\/#organization\",\"name\":\"Calero Diving Lanzarote\",\"alternateName\":\"Calero Diving\",\"url\":\"https:\\\/\\\/calerodiving.com\\\/\",\"logo\":{\"@type\":\"ImageObject\",\"inLanguage\":\"de\",\"@id\":\"https:\\\/\\\/calerodiving.com\\\/#\\\/schema\\\/logo\\\/image\\\/\",\"url\":\"https:\\\/\\\/calerodiving.com\\\/wp-content\\\/uploads\\\/2025\\\/05\\\/Grupo.png\",\"contentUrl\":\"https:\\\/\\\/calerodiving.com\\\/wp-content\\\/uploads\\\/2025\\\/05\\\/Grupo.png\",\"width\":499,\"height\":590,\"caption\":\"Calero Diving Lanzarote\"},\"image\":{\"@id\":\"https:\\\/\\\/calerodiving.com\\\/#\\\/schema\\\/logo\\\/image\\\/\"},\"sameAs\":[\"https:\\\/\\\/www.facebook.com\\\/calerodiving\\\/\",\"https:\\\/\\\/www.instagram.com\\\/calerodiving\\\/\"]}]}<\/script>\n<!-- \/ Yoast SEO plugin. -->","yoast_head_json":{"title":"Allgemeine Gesch\u00e4ftsbedingungen und Reservierungen | Calero Diving Lanzarote","robots":{"index":"index","follow":"follow","max-snippet":"max-snippet:-1","max-image-preview":"max-image-preview:large","max-video-preview":"max-video-preview:-1"},"canonical":"https:\/\/calerodiving.com\/general-conditions-and-reservations\/","og_locale":"de_DE","og_type":"article","og_title":"Allgemeine Gesch\u00e4ftsbedingungen und Reservierungen | Calero Diving Lanzarote","og_description":"ALLGEMEINE GESCH\u00c4FTSBEDINGUNGEN UND RESERVIERUNGEN RICHTLINIEN F\u00dcR RESERVIERUNG UND STORNIERUNG VON AKTIVIT\u00c4TEN, DIE BEI RUBICON DIVING GEBUCHT WURDEN FIRMENINFORMATIONEN: Mariposa Diving S.LCIF: B26578021Plaza del Arte 11-1435571 &#8211; Yaiza, Puerto CaleroLanzarote RESERVIERUNG VON KURSEN UND FREIZEITTAUCHEN: F\u00fcr die Aktivit\u00e4ten, an denen Sie mit Calero Diving teilnehmen m\u00f6chten, wird empfohlen, dass Sie Ihren Platz reservieren, es ist jedoch [&hellip;]","og_url":"https:\/\/calerodiving.com\/general-conditions-and-reservations\/","og_site_name":"Calero Diving Lanzarote","article_publisher":"https:\/\/www.facebook.com\/calerodiving\/","article_modified_time":"2026-02-17T13:55:45+00:00","og_image":[{"width":499,"height":590,"url":"https:\/\/calerodiving.com\/wp-content\/uploads\/2025\/05\/Grupo.png","type":"image\/png"}],"twitter_card":"summary_large_image","twitter_misc":{"Gesch\u00e4tzte Lesezeit":"4\u00a0Minuten"},"schema":{"@context":"https:\/\/schema.org","@graph":[{"@type":"WebPage","@id":"https:\/\/calerodiving.com\/general-conditions-and-reservations\/","url":"https:\/\/calerodiving.com\/general-conditions-and-reservations\/","name":"Allgemeine Gesch\u00e4ftsbedingungen und Reservierungen | Calero Diving Lanzarote","isPartOf":{"@id":"https:\/\/calerodiving.com\/#website"},"datePublished":"2025-08-27T07:44:29+00:00","dateModified":"2026-02-17T13:55:45+00:00","breadcrumb":{"@id":"https:\/\/calerodiving.com\/general-conditions-and-reservations\/#breadcrumb"},"inLanguage":"de","potentialAction":[{"@type":"ReadAction","target":["https:\/\/calerodiving.com\/general-conditions-and-reservations\/"]}]},{"@type":"BreadcrumbList","@id":"https:\/\/calerodiving.com\/general-conditions-and-reservations\/#breadcrumb","itemListElement":[{"@type":"ListItem","position":1,"name":"Home","item":"https:\/\/calerodiving.com\/es\/"},{"@type":"ListItem","position":2,"name":"Allgemeine Gesch\u00e4ftsbedingungen und Reservierungen"}]},{"@type":"WebSite","@id":"https:\/\/calerodiving.com\/#website","url":"https:\/\/calerodiving.com\/","name":"Calero Diving Lanzarote","description":"Dive Center - Marina Puerto Calero Lanzarote","publisher":{"@id":"https:\/\/calerodiving.com\/#organization"},"alternateName":"Calero Diving","potentialAction":[{"@type":"SearchAction","target":{"@type":"EntryPoint","urlTemplate":"https:\/\/calerodiving.com\/?s={search_term_string}"},"query-input":{"@type":"PropertyValueSpecification","valueRequired":true,"valueName":"search_term_string"}}],"inLanguage":"de"},{"@type":"Organization","@id":"https:\/\/calerodiving.com\/#organization","name":"Calero Diving Lanzarote","alternateName":"Calero Diving","url":"https:\/\/calerodiving.com\/","logo":{"@type":"ImageObject","inLanguage":"de","@id":"https:\/\/calerodiving.com\/#\/schema\/logo\/image\/","url":"https:\/\/calerodiving.com\/wp-content\/uploads\/2025\/05\/Grupo.png","contentUrl":"https:\/\/calerodiving.com\/wp-content\/uploads\/2025\/05\/Grupo.png","width":499,"height":590,"caption":"Calero Diving Lanzarote"},"image":{"@id":"https:\/\/calerodiving.com\/#\/schema\/logo\/image\/"},"sameAs":["https:\/\/www.facebook.com\/calerodiving\/","https:\/\/www.instagram.com\/calerodiving\/"]}]}},"_links":{"self":[{"href":"https:\/\/calerodiving.com\/de\/wp-json\/wp\/v2\/pages\/24401","targetHints":{"allow":["GET"]}}],"collection":[{"href":"https:\/\/calerodiving.com\/de\/wp-json\/wp\/v2\/pages"}],"about":[{"href":"https:\/\/calerodiving.com\/de\/wp-json\/wp\/v2\/types\/page"}],"author":[{"embeddable":true,"href":"https:\/\/calerodiving.com\/de\/wp-json\/wp\/v2\/users\/10"}],"replies":[{"embeddable":true,"href":"https:\/\/calerodiving.com\/de\/wp-json\/wp\/v2\/comments?post=24401"}],"version-history":[{"count":5,"href":"https:\/\/calerodiving.com\/de\/wp-json\/wp\/v2\/pages\/24401\/revisions"}],"predecessor-version":[{"id":26802,"href":"https:\/\/calerodiving.com\/de\/wp-json\/wp\/v2\/pages\/24401\/revisions\/26802"}],"wp:attachment":[{"href":"https:\/\/calerodiving.com\/de\/wp-json\/wp\/v2\/media?parent=24401"}],"curies":[{"name":"wp","href":"https:\/\/api.w.org\/{rel}","templated":true}]}}