{"id":24374,"date":"2025-08-27T08:43:04","date_gmt":"2025-08-27T07:43:04","guid":{"rendered":"https:\/\/calerodiving.com\/probieren-sie-das-ccr-tdi\/"},"modified":"2025-08-27T08:43:05","modified_gmt":"2025-08-27T07:43:05","slug":"probieren-sie-das-ccr-tdi","status":"publish","type":"page","link":"https:\/\/calerodiving.com\/de\/probieren-sie-das-ccr-tdi\/","title":{"rendered":"Probieren Sie das CCR TDI"},"content":{"rendered":"\t\t<div data-elementor-type=\"wp-page\" data-elementor-id=\"24374\" class=\"elementor elementor-24374 elementor-22647\" data-elementor-post-type=\"page\">\n\t\t\t\t<div class=\"elementor-element elementor-element-9db4cbf e-flex e-con-boxed e-con e-parent\" data-id=\"9db4cbf\" data-element_type=\"container\" data-e-type=\"container\">\n\t\t\t\t\t<div class=\"e-con-inner\">\n\t\t<div class=\"elementor-element elementor-element-0586273 e-con-full e-flex e-con e-child\" data-id=\"0586273\" data-element_type=\"container\" data-e-type=\"container\">\n\t\t\t\t<div class=\"elementor-element elementor-element-693965e elementor-widget elementor-widget-image\" data-id=\"693965e\" data-element_type=\"widget\" data-e-type=\"widget\" data-widget_type=\"image.default\">\n\t\t\t\t<div class=\"elementor-widget-container\">\n\t\t\t\t\t\t\t\t\t\t\t\t\t\t\t<img fetchpriority=\"high\" decoding=\"async\" width=\"700\" height=\"445\" src=\"https:\/\/calerodiving.com\/wp-content\/uploads\/2025\/08\/Try-the-CCR-course-tdi.png\" class=\"attachment-large size-large wp-image-22539\" alt=\"\" srcset=\"https:\/\/calerodiving.com\/wp-content\/uploads\/2025\/08\/Try-the-CCR-course-tdi.png 700w, https:\/\/calerodiving.com\/wp-content\/uploads\/2025\/08\/Try-the-CCR-course-tdi-300x191.png 300w\" sizes=\"(max-width: 700px) 100vw, 700px\" \/>\t\t\t\t\t\t\t\t\t\t\t\t\t\t\t<\/div>\n\t\t\t\t<\/div>\n\t\t\t\t<\/div>\n\t\t<div class=\"elementor-element elementor-element-df96096 e-con-full e-flex e-con e-child\" data-id=\"df96096\" data-element_type=\"container\" data-e-type=\"container\">\n\t\t<div class=\"elementor-element elementor-element-303f770 e-con-full e-flex e-con e-child\" data-id=\"303f770\" data-element_type=\"container\" data-e-type=\"container\">\n\t\t\t\t<div class=\"elementor-element elementor-element-738d27d elementor-widget elementor-widget-html\" data-id=\"738d27d\" data-element_type=\"widget\" data-e-type=\"widget\" data-widget_type=\"html.default\">\n\t\t\t\t<div class=\"elementor-widget-container\">\n\t\t\t\t\t<a href=\"https:\/\/calerodiving.com\/closed-circuit\/#tdi-closed\" class=\"tag-button\">technisch<\/a>\n\t\t\t\t<\/div>\n\t\t\t\t<\/div>\n\t\t\t\t<div class=\"elementor-element elementor-element-1252d92 elementor-widget elementor-widget-heading\" data-id=\"1252d92\" data-element_type=\"widget\" data-e-type=\"widget\" data-widget_type=\"heading.default\">\n\t\t\t\t<div class=\"elementor-widget-container\">\n\t\t\t\t\t<h2 class=\"elementor-heading-title elementor-size-default\">Probieren Sie den CCR-Kurs<\/h2>\t\t\t\t<\/div>\n\t\t\t\t<\/div>\n\t\t\t\t<\/div>\n\t\t\t\t<\/div>\n\t\t\t\t\t<\/div>\n\t\t\t\t<\/div>\n\t\t<div class=\"elementor-element elementor-element-49a471a e-flex e-con-boxed e-con e-parent\" data-id=\"49a471a\" data-element_type=\"container\" data-e-type=\"container\">\n\t\t\t\t\t<div class=\"e-con-inner\">\n\t\t<div class=\"elementor-element elementor-element-cdaa601 e-con-full e-flex e-con e-child\" data-id=\"cdaa601\" data-element_type=\"container\" data-e-type=\"container\">\n\t\t<div class=\"elementor-element elementor-element-4bd6a99 e-con-full e-flex e-con e-child\" data-id=\"4bd6a99\" data-element_type=\"container\" data-e-type=\"container\">\n\t\t\t\t<div class=\"elementor-element elementor-element-5e00710 elementor-widget elementor-widget-heading\" data-id=\"5e00710\" data-element_type=\"widget\" data-e-type=\"widget\" data-widget_type=\"heading.default\">\n\t\t\t\t<div class=\"elementor-widget-container\">\n\t\t\t\t\t<h2 class=\"elementor-heading-title elementor-size-default\">Stille Gelassenheit: Tauchen Sie ein in die Welt des CCR-Tauchens<\/h2>\t\t\t\t<\/div>\n\t\t\t\t<\/div>\n\t\t\t\t<div class=\"elementor-element elementor-element-a65db0f elementor-widget elementor-widget-text-editor\" data-id=\"a65db0f\" data-element_type=\"widget\" data-e-type=\"widget\" data-widget_type=\"text-editor.default\">\n\t\t\t\t<div class=\"elementor-widget-container\">\n\t\t\t\t\t\t\t\t\t<div class=\"section-list\"><h3>Programm\u00fcbersicht:<\/h3><ul><li>Erleben Sie das Au\u00dfergew\u00f6hnliche mit Try CCR Diving, Ihrem Tor zu einer faszinierenden, stillen Unterwasserwelt. Dieses Programm bietet eine fesselnde Einf\u00fchrung in Kreislaufatemger\u00e4te, die es Ihnen erm\u00f6glicht, die Tiefen in vollkommener Ruhe zu erkunden, ohne das friedliche marine \u00d6kosystem zu st\u00f6ren. Mit Try CCR Diving lassen Sie die lauten Blasen hinter sich und tauchen ein in eine Welt der stillen Wunder. Tauchen Sie ein in die Stille und lassen Sie die Geheimnisse des Ozeans um sich herum entfalten. Ihr stilles Abenteuer erwartet Sie.    <\/li><\/ul><h3>Dauer:<\/h3><ul><li>1-Tages-Kurs<\/li><\/ul><h3>Inklusive:<\/h3><ul><li>1 begrenzte Wassereinheit<\/li><li>Digitale Materialien<\/li><li>1 Trainings-Tauchgang<\/li><li>Sofnolime<\/li><li>O<sub>2<\/sub><\/li><li>Tauchflaschen<\/li><\/ul><h3>Nicht inklusive:<\/h3><ul><li>Miete der CCR-Einheit<\/li><li>Ger\u00e4temiete<\/li><li>Tauchversicherung<\/li><\/ul><h3>Voraussetzungen:<\/h3><ul><li>Mindestens 18 Jahre alt<\/li><li>Mindestens 24 geloggte Tauchg\u00e4nge<\/li><li>Verf\u00fcgen Sie \u00fcber Zertifizierungen f\u00fcr SSI Deep Diving und Enriched Air Nitrox oder gleichwertig<\/li><li>G\u00fcltige medizinische Bescheinigung aus dem letzten Jahr (keine Selbstzertifizierung akzeptiert)<\/li><\/ul><h3>Weitere Kurse, die Sie interessieren k\u00f6nnten:<\/h3><ul><li><a href=\"https:\/\/calerodiving.com\/ccr-air-diluent-diver-mod-1\/\">CCR Air Diluent Diver (MOD 1)<\/a><\/li><\/ul><\/div>\t\t\t\t\t\t\t\t<\/div>\n\t\t\t\t<\/div>\n\t\t\t\t<\/div>\n\t\t\t\t<\/div>\n\t\t<div class=\"elementor-element elementor-element-6ba875d e-con-full e-flex e-con e-child\" data-id=\"6ba875d\" data-element_type=\"container\" data-e-type=\"container\">\n\t\t<div class=\"elementor-element elementor-element-397abcc e-con-full course-sidebar-box e-flex e-con e-child\" data-id=\"397abcc\" data-element_type=\"container\" data-e-type=\"container\" data-settings=\"{&quot;sticky&quot;:&quot;top&quot;,&quot;sticky_offset&quot;:110,&quot;sticky_effects_offset&quot;:130,&quot;sticky_parent&quot;:&quot;yes&quot;,&quot;sticky_on&quot;:[&quot;desktop&quot;,&quot;tablet&quot;,&quot;mobile&quot;],&quot;sticky_anchor_link_offset&quot;:0}\">\n\t\t\t\t<div class=\"elementor-element elementor-element-af51dbf elementor-widget elementor-widget-text-editor\" data-id=\"af51dbf\" data-element_type=\"widget\" data-e-type=\"widget\" data-widget_type=\"text-editor.default\">\n\t\t\t\t<div class=\"elementor-widget-container\">\n\t\t\t\t\t\t\t\t\t<div class=\"courses-info\"><h6 class=\"no-margin\">Dauer:<\/h6><p class=\"no-margin\">1-Tages-Kurs<\/p><\/div><div class=\"courses-info\"><h6 class=\"no-margin\">Preis:<\/h6><p class=\"no-margin\">Ab 250 \u20ac<\/p><\/div>\t\t\t\t\t\t\t\t<\/div>\n\t\t\t\t<\/div>\n\t\t\t\t<div class=\"elementor-element elementor-element-50d3918 elementor-mobile-align-center elementor-widget elementor-widget-button\" data-id=\"50d3918\" data-element_type=\"widget\" data-e-type=\"widget\" data-widget_type=\"button.default\">\n\t\t\t\t<div class=\"elementor-widget-container\">\n\t\t\t\t\t\t\t\t\t<div class=\"elementor-button-wrapper\">\n\t\t\t\t\t<a class=\"elementor-button elementor-button-link elementor-size-sm\" href=\"https:\/\/app.bukyapp.com\/front\/6213b2319a1bbf005fa0b870\/product\/68931caaf424a85721cab5be?lang=en\" target=\"_blank\">\n\t\t\t\t\t\t<span class=\"elementor-button-content-wrapper\">\n\t\t\t\t\t\t\t\t\t<span class=\"elementor-button-text\">Kurs kaufen<\/span>\n\t\t\t\t\t<\/span>\n\t\t\t\t\t<\/a>\n\t\t\t\t<\/div>\n\t\t\t\t\t\t\t\t<\/div>\n\t\t\t\t<\/div>\n\t\t\t\t<\/div>\n\t\t\t\t<\/div>\n\t\t\t\t\t<\/div>\n\t\t\t\t<\/div>\n\t\t\t\t<\/div>\n\t\t","protected":false},"excerpt":{"rendered":"<p>technisch Probieren Sie den CCR-Kurs Stille Gelassenheit: Tauchen Sie ein in die Welt des CCR-Tauchens Programm\u00fcbersicht: Erleben Sie das Au\u00dfergew\u00f6hnliche mit Try CCR Diving, Ihrem Tor zu einer faszinierenden, stillen Unterwasserwelt. Dieses Programm bietet eine fesselnde Einf\u00fchrung in Kreislaufatemger\u00e4te, die es Ihnen erm\u00f6glicht, die Tiefen in vollkommener Ruhe zu erkunden, ohne das friedliche marine \u00d6kosystem [&hellip;]<\/p>\n","protected":false},"author":10,"featured_media":0,"parent":0,"menu_order":0,"comment_status":"closed","ping_status":"closed","template":"","meta":{"_acf_changed":false,"footnotes":""},"class_list":["post-24374","page","type-page","status-publish","hentry"],"acf":[],"yoast_head":"<!-- This site is optimized with the Yoast SEO plugin v27.5 - https:\/\/yoast.com\/product\/yoast-seo-wordpress\/ -->\n<title>Probieren Sie das CCR TDI | Calero Diving Lanzarote<\/title>\n<meta name=\"robots\" content=\"index, follow, max-snippet:-1, max-image-preview:large, max-video-preview:-1\" \/>\n<link rel=\"canonical\" href=\"https:\/\/calerodiving.com\/de\/?page_id=24374\" \/>\n<meta property=\"og:locale\" content=\"de_DE\" \/>\n<meta property=\"og:type\" content=\"article\" \/>\n<meta property=\"og:title\" content=\"Probieren Sie das CCR TDI | Calero Diving Lanzarote\" \/>\n<meta property=\"og:description\" content=\"technisch Probieren Sie den CCR-Kurs Stille Gelassenheit: Tauchen Sie ein in die Welt des CCR-Tauchens Programm\u00fcbersicht: Erleben Sie das Au\u00dfergew\u00f6hnliche mit Try CCR Diving, Ihrem Tor zu einer faszinierenden, stillen Unterwasserwelt. Dieses Programm bietet eine fesselnde Einf\u00fchrung in Kreislaufatemger\u00e4te, die es Ihnen erm\u00f6glicht, die Tiefen in vollkommener Ruhe zu erkunden, ohne das friedliche marine \u00d6kosystem [&hellip;]\" \/>\n<meta property=\"og:url\" content=\"https:\/\/calerodiving.com\/de\/?page_id=24374\" \/>\n<meta property=\"og:site_name\" content=\"Calero Diving Lanzarote\" \/>\n<meta property=\"article:publisher\" content=\"https:\/\/www.facebook.com\/calerodiving\/\" \/>\n<meta property=\"article:modified_time\" content=\"2025-08-27T07:43:05+00:00\" \/>\n<meta property=\"og:image\" content=\"https:\/\/calerodiving.com\/wp-content\/uploads\/2025\/08\/Try-the-CCR-course-tdi.png\" \/>\n<meta name=\"twitter:card\" content=\"summary_large_image\" \/>\n<meta name=\"twitter:label1\" content=\"Gesch\u00e4tzte Lesezeit\" \/>\n\t<meta name=\"twitter:data1\" content=\"1\u00a0Minute\" \/>\n<script type=\"application\/ld+json\" class=\"yoast-schema-graph\">{\"@context\":\"https:\\\/\\\/schema.org\",\"@graph\":[{\"@type\":\"WebPage\",\"@id\":\"https:\\\/\\\/calerodiving.com\\\/de\\\/?page_id=24374\",\"url\":\"https:\\\/\\\/calerodiving.com\\\/de\\\/?page_id=24374\",\"name\":\"Probieren Sie das CCR TDI | Calero Diving Lanzarote\",\"isPartOf\":{\"@id\":\"https:\\\/\\\/calerodiving.com\\\/#website\"},\"primaryImageOfPage\":{\"@id\":\"https:\\\/\\\/calerodiving.com\\\/de\\\/?page_id=24374#primaryimage\"},\"image\":{\"@id\":\"https:\\\/\\\/calerodiving.com\\\/de\\\/?page_id=24374#primaryimage\"},\"thumbnailUrl\":\"https:\\\/\\\/calerodiving.com\\\/wp-content\\\/uploads\\\/2025\\\/08\\\/Try-the-CCR-course-tdi.png\",\"datePublished\":\"2025-08-27T07:43:04+00:00\",\"dateModified\":\"2025-08-27T07:43:05+00:00\",\"breadcrumb\":{\"@id\":\"https:\\\/\\\/calerodiving.com\\\/de\\\/?page_id=24374#breadcrumb\"},\"inLanguage\":\"de\",\"potentialAction\":[{\"@type\":\"ReadAction\",\"target\":[\"https:\\\/\\\/calerodiving.com\\\/de\\\/?page_id=24374\"]}]},{\"@type\":\"ImageObject\",\"inLanguage\":\"de\",\"@id\":\"https:\\\/\\\/calerodiving.com\\\/de\\\/?page_id=24374#primaryimage\",\"url\":\"https:\\\/\\\/calerodiving.com\\\/wp-content\\\/uploads\\\/2025\\\/08\\\/Try-the-CCR-course-tdi.png\",\"contentUrl\":\"https:\\\/\\\/calerodiving.com\\\/wp-content\\\/uploads\\\/2025\\\/08\\\/Try-the-CCR-course-tdi.png\"},{\"@type\":\"BreadcrumbList\",\"@id\":\"https:\\\/\\\/calerodiving.com\\\/de\\\/?page_id=24374#breadcrumb\",\"itemListElement\":[{\"@type\":\"ListItem\",\"position\":1,\"name\":\"Home\",\"item\":\"https:\\\/\\\/calerodiving.com\\\/es\\\/\"},{\"@type\":\"ListItem\",\"position\":2,\"name\":\"Probieren Sie das CCR TDI\"}]},{\"@type\":\"WebSite\",\"@id\":\"https:\\\/\\\/calerodiving.com\\\/#website\",\"url\":\"https:\\\/\\\/calerodiving.com\\\/\",\"name\":\"Calero Diving Lanzarote\",\"description\":\"Dive Center - Marina Puerto Calero Lanzarote\",\"publisher\":{\"@id\":\"https:\\\/\\\/calerodiving.com\\\/#organization\"},\"alternateName\":\"Calero Diving\",\"potentialAction\":[{\"@type\":\"SearchAction\",\"target\":{\"@type\":\"EntryPoint\",\"urlTemplate\":\"https:\\\/\\\/calerodiving.com\\\/?s={search_term_string}\"},\"query-input\":{\"@type\":\"PropertyValueSpecification\",\"valueRequired\":true,\"valueName\":\"search_term_string\"}}],\"inLanguage\":\"de\"},{\"@type\":\"Organization\",\"@id\":\"https:\\\/\\\/calerodiving.com\\\/#organization\",\"name\":\"Calero Diving Lanzarote\",\"alternateName\":\"Calero Diving\",\"url\":\"https:\\\/\\\/calerodiving.com\\\/\",\"logo\":{\"@type\":\"ImageObject\",\"inLanguage\":\"de\",\"@id\":\"https:\\\/\\\/calerodiving.com\\\/#\\\/schema\\\/logo\\\/image\\\/\",\"url\":\"https:\\\/\\\/calerodiving.com\\\/wp-content\\\/uploads\\\/2025\\\/05\\\/Grupo.png\",\"contentUrl\":\"https:\\\/\\\/calerodiving.com\\\/wp-content\\\/uploads\\\/2025\\\/05\\\/Grupo.png\",\"width\":499,\"height\":590,\"caption\":\"Calero Diving Lanzarote\"},\"image\":{\"@id\":\"https:\\\/\\\/calerodiving.com\\\/#\\\/schema\\\/logo\\\/image\\\/\"},\"sameAs\":[\"https:\\\/\\\/www.facebook.com\\\/calerodiving\\\/\",\"https:\\\/\\\/www.instagram.com\\\/calerodiving\\\/\"]}]}<\/script>\n<!-- \/ Yoast SEO plugin. -->","yoast_head_json":{"title":"Probieren Sie das CCR TDI | Calero Diving Lanzarote","robots":{"index":"index","follow":"follow","max-snippet":"max-snippet:-1","max-image-preview":"max-image-preview:large","max-video-preview":"max-video-preview:-1"},"canonical":"https:\/\/calerodiving.com\/de\/?page_id=24374","og_locale":"de_DE","og_type":"article","og_title":"Probieren Sie das CCR TDI | Calero Diving Lanzarote","og_description":"technisch Probieren Sie den CCR-Kurs Stille Gelassenheit: Tauchen Sie ein in die Welt des CCR-Tauchens Programm\u00fcbersicht: Erleben Sie das Au\u00dfergew\u00f6hnliche mit Try CCR Diving, Ihrem Tor zu einer faszinierenden, stillen Unterwasserwelt. Dieses Programm bietet eine fesselnde Einf\u00fchrung in Kreislaufatemger\u00e4te, die es Ihnen erm\u00f6glicht, die Tiefen in vollkommener Ruhe zu erkunden, ohne das friedliche marine \u00d6kosystem [&hellip;]","og_url":"https:\/\/calerodiving.com\/de\/?page_id=24374","og_site_name":"Calero Diving Lanzarote","article_publisher":"https:\/\/www.facebook.com\/calerodiving\/","article_modified_time":"2025-08-27T07:43:05+00:00","og_image":[{"url":"https:\/\/calerodiving.com\/wp-content\/uploads\/2025\/08\/Try-the-CCR-course-tdi.png","type":"","width":"","height":""}],"twitter_card":"summary_large_image","twitter_misc":{"Gesch\u00e4tzte Lesezeit":"1\u00a0Minute"},"schema":{"@context":"https:\/\/schema.org","@graph":[{"@type":"WebPage","@id":"https:\/\/calerodiving.com\/de\/?page_id=24374","url":"https:\/\/calerodiving.com\/de\/?page_id=24374","name":"Probieren Sie das CCR TDI | Calero Diving Lanzarote","isPartOf":{"@id":"https:\/\/calerodiving.com\/#website"},"primaryImageOfPage":{"@id":"https:\/\/calerodiving.com\/de\/?page_id=24374#primaryimage"},"image":{"@id":"https:\/\/calerodiving.com\/de\/?page_id=24374#primaryimage"},"thumbnailUrl":"https:\/\/calerodiving.com\/wp-content\/uploads\/2025\/08\/Try-the-CCR-course-tdi.png","datePublished":"2025-08-27T07:43:04+00:00","dateModified":"2025-08-27T07:43:05+00:00","breadcrumb":{"@id":"https:\/\/calerodiving.com\/de\/?page_id=24374#breadcrumb"},"inLanguage":"de","potentialAction":[{"@type":"ReadAction","target":["https:\/\/calerodiving.com\/de\/?page_id=24374"]}]},{"@type":"ImageObject","inLanguage":"de","@id":"https:\/\/calerodiving.com\/de\/?page_id=24374#primaryimage","url":"https:\/\/calerodiving.com\/wp-content\/uploads\/2025\/08\/Try-the-CCR-course-tdi.png","contentUrl":"https:\/\/calerodiving.com\/wp-content\/uploads\/2025\/08\/Try-the-CCR-course-tdi.png"},{"@type":"BreadcrumbList","@id":"https:\/\/calerodiving.com\/de\/?page_id=24374#breadcrumb","itemListElement":[{"@type":"ListItem","position":1,"name":"Home","item":"https:\/\/calerodiving.com\/es\/"},{"@type":"ListItem","position":2,"name":"Probieren Sie das CCR TDI"}]},{"@type":"WebSite","@id":"https:\/\/calerodiving.com\/#website","url":"https:\/\/calerodiving.com\/","name":"Calero Diving Lanzarote","description":"Dive Center - Marina Puerto Calero Lanzarote","publisher":{"@id":"https:\/\/calerodiving.com\/#organization"},"alternateName":"Calero Diving","potentialAction":[{"@type":"SearchAction","target":{"@type":"EntryPoint","urlTemplate":"https:\/\/calerodiving.com\/?s={search_term_string}"},"query-input":{"@type":"PropertyValueSpecification","valueRequired":true,"valueName":"search_term_string"}}],"inLanguage":"de"},{"@type":"Organization","@id":"https:\/\/calerodiving.com\/#organization","name":"Calero Diving Lanzarote","alternateName":"Calero Diving","url":"https:\/\/calerodiving.com\/","logo":{"@type":"ImageObject","inLanguage":"de","@id":"https:\/\/calerodiving.com\/#\/schema\/logo\/image\/","url":"https:\/\/calerodiving.com\/wp-content\/uploads\/2025\/05\/Grupo.png","contentUrl":"https:\/\/calerodiving.com\/wp-content\/uploads\/2025\/05\/Grupo.png","width":499,"height":590,"caption":"Calero Diving Lanzarote"},"image":{"@id":"https:\/\/calerodiving.com\/#\/schema\/logo\/image\/"},"sameAs":["https:\/\/www.facebook.com\/calerodiving\/","https:\/\/www.instagram.com\/calerodiving\/"]}]}},"_links":{"self":[{"href":"https:\/\/calerodiving.com\/de\/wp-json\/wp\/v2\/pages\/24374","targetHints":{"allow":["GET"]}}],"collection":[{"href":"https:\/\/calerodiving.com\/de\/wp-json\/wp\/v2\/pages"}],"about":[{"href":"https:\/\/calerodiving.com\/de\/wp-json\/wp\/v2\/types\/page"}],"author":[{"embeddable":true,"href":"https:\/\/calerodiving.com\/de\/wp-json\/wp\/v2\/users\/10"}],"replies":[{"embeddable":true,"href":"https:\/\/calerodiving.com\/de\/wp-json\/wp\/v2\/comments?post=24374"}],"version-history":[{"count":2,"href":"https:\/\/calerodiving.com\/de\/wp-json\/wp\/v2\/pages\/24374\/revisions"}],"predecessor-version":[{"id":24376,"href":"https:\/\/calerodiving.com\/de\/wp-json\/wp\/v2\/pages\/24374\/revisions\/24376"}],"wp:attachment":[{"href":"https:\/\/calerodiving.com\/de\/wp-json\/wp\/v2\/media?parent=24374"}],"curies":[{"name":"wp","href":"https:\/\/api.w.org\/{rel}","templated":true}]}}