{"id":24371,"date":"2025-08-27T08:43:03","date_gmt":"2025-08-27T07:43:03","guid":{"rendered":"https:\/\/calerodiving.com\/nitrox\/"},"modified":"2026-04-20T11:18:06","modified_gmt":"2026-04-20T10:18:06","slug":"enriched-air-nitrox","status":"publish","type":"page","link":"https:\/\/calerodiving.com\/de\/enriched-air-nitrox\/","title":{"rendered":"Enriched Air Nitrox"},"content":{"rendered":"\t\t<div data-elementor-type=\"wp-page\" data-elementor-id=\"24371\" class=\"elementor elementor-24371 elementor-21562\" data-elementor-post-type=\"page\">\n\t\t\t\t<div class=\"elementor-element elementor-element-df5c99d e-flex e-con-boxed e-con e-parent\" data-id=\"df5c99d\" data-element_type=\"container\" data-e-type=\"container\">\n\t\t\t\t\t<div class=\"e-con-inner\">\n\t\t<div class=\"elementor-element elementor-element-7450c3c e-con-full e-flex e-con e-child\" data-id=\"7450c3c\" data-element_type=\"container\" data-e-type=\"container\">\n\t\t\t\t<div class=\"elementor-element elementor-element-ae25540 elementor-widget elementor-widget-image\" data-id=\"ae25540\" data-element_type=\"widget\" data-e-type=\"widget\" data-widget_type=\"image.default\">\n\t\t\t\t<div class=\"elementor-widget-container\">\n\t\t\t\t\t\t\t\t\t\t\t\t\t\t\t<img fetchpriority=\"high\" decoding=\"async\" width=\"350\" height=\"222\" src=\"https:\/\/calerodiving.com\/wp-content\/uploads\/2017\/09\/enriches-air-nitrox.jpg\" class=\"attachment-large size-large wp-image-982\" alt=\"\" srcset=\"https:\/\/calerodiving.com\/wp-content\/uploads\/2017\/09\/enriches-air-nitrox.jpg 350w, https:\/\/calerodiving.com\/wp-content\/uploads\/2017\/09\/enriches-air-nitrox-300x190.jpg 300w\" sizes=\"(max-width: 350px) 100vw, 350px\" \/>\t\t\t\t\t\t\t\t\t\t\t\t\t\t\t<\/div>\n\t\t\t\t<\/div>\n\t\t\t\t<\/div>\n\t\t<div class=\"elementor-element elementor-element-9088689 e-con-full e-flex e-con e-child\" data-id=\"9088689\" data-element_type=\"container\" data-e-type=\"container\">\n\t\t<div class=\"elementor-element elementor-element-020d9c7 e-con-full e-flex e-con e-child\" data-id=\"020d9c7\" data-element_type=\"container\" data-e-type=\"container\">\n\t\t\t\t<div class=\"elementor-element elementor-element-7e1fcb5 elementor-widget elementor-widget-html\" data-id=\"7e1fcb5\" data-element_type=\"widget\" data-e-type=\"widget\" data-widget_type=\"html.default\">\n\t\t\t\t<div class=\"elementor-widget-container\">\n\t\t\t\t\t<a href=\"https:\/\/calerodiving.com\/de\/?page_id=24215#specialties\" class=\"tag-button\">Spezialit\u00e4ten<\/a>\n\t\t\t\t<\/div>\n\t\t\t\t<\/div>\n\t\t\t\t<div class=\"elementor-element elementor-element-69faadb elementor-widget elementor-widget-heading\" data-id=\"69faadb\" data-element_type=\"widget\" data-e-type=\"widget\" data-widget_type=\"heading.default\">\n\t\t\t\t<div class=\"elementor-widget-container\">\n\t\t\t\t\t<h2 class=\"elementor-heading-title elementor-size-default\">Enriched Air Nitrox<\/h2>\t\t\t\t<\/div>\n\t\t\t\t<\/div>\n\t\t\t\t<\/div>\n\t\t\t\t<\/div>\n\t\t\t\t\t<\/div>\n\t\t\t\t<\/div>\n\t\t<div class=\"elementor-element elementor-element-c3ec583 e-flex e-con-boxed e-con e-parent\" data-id=\"c3ec583\" data-element_type=\"container\" data-e-type=\"container\">\n\t\t\t\t\t<div class=\"e-con-inner\">\n\t\t<div class=\"elementor-element elementor-element-237b00a e-con-full e-flex e-con e-child\" data-id=\"237b00a\" data-element_type=\"container\" data-e-type=\"container\">\n\t\t<div class=\"elementor-element elementor-element-4dc9c55 e-con-full e-flex e-con e-child\" data-id=\"4dc9c55\" data-element_type=\"container\" data-e-type=\"container\">\n\t\t\t\t<div class=\"elementor-element elementor-element-5585007 elementor-widget elementor-widget-heading\" data-id=\"5585007\" data-element_type=\"widget\" data-e-type=\"widget\" data-widget_type=\"heading.default\">\n\t\t\t\t<div class=\"elementor-widget-container\">\n\t\t\t\t\t<h2 class=\"elementor-heading-title elementor-size-default\">Sicherere, l\u00e4ngere und h\u00e4ufigere Tauchg\u00e4nge.<\/h2>\t\t\t\t<\/div>\n\t\t\t\t<\/div>\n\t\t\t\t<div class=\"elementor-element elementor-element-c97a71a elementor-widget elementor-widget-text-editor\" data-id=\"c97a71a\" data-element_type=\"widget\" data-e-type=\"widget\" data-widget_type=\"text-editor.default\">\n\t\t\t\t<div class=\"elementor-widget-container\">\n\t\t\t\t\t\t\t\t\t<div class=\"section-list\">\n<h3>Kurs\u00fcbersicht:<\/h3>\nEnriched Air Nitrox ist eine der praktischsten und am weitesten verbreiteten Specialties im Sporttauchen. Wenn du lernst, sauerstoffangereichertes Atemgas richtig zu verwenden, kannst du fundiertere Entscheidungen bei der Tauchgangsplanung treffen und aus vielen deiner Tauchg\u00e4nge mehr herausholen.<br><br>\n\nNitrox ist besonders n\u00fctzlich f\u00fcr Wiederholungstauchg\u00e4nge, Tauchreisen und f\u00fcr Taucher, die ihre Effizienz und ihr Verst\u00e4ndnis bei der Tauchgangsplanung verbessern m\u00f6chten. Es geht nicht nur darum, l\u00e4nger unter Wasser zu bleiben \u2013 sondern darum, dein Gas, deine Grenzen und intelligenteres Tauchen besser zu verstehen.<br><br>\n\nW\u00e4hrend des Kurses lernst du die wichtigsten Grundlagen von Enriched Air Nitrox kennen \u2013 darunter Sauerstoffexposition, Tiefengrenzen, Gasanalyse und wie du Tauchg\u00e4nge mit Nitrox sicher und korrekt planst.<br><br>\n\nEs ist eine der sinnvollsten Specialties, die du fr\u00fch in deiner Tauchausbildung hinzuf\u00fcgen kannst, weil dieses Wissen auf viele weitere Kurse und eine gro\u00dfe Bandbreite an Sporttauchg\u00e4ngen anwendbar ist.\n\n<h3>Ausbildungsstandards<\/h3>\n<ul>\n  <li>Dauer: 1 Tag<\/li>\n  <li>Inklusive: digitale Lernmaterialien, Gasanalyse-Training und SSI Enriched Air Nitrox Zertifizierung<\/li>\n<\/ul>\n\n<h3>Voraussetzungen<\/h3>\n<ul>\n  <li>Mindestalter gem\u00e4\u00df SSI Standards und SSI Open Water Diver Zertifizierung oder gleichwertig<\/li>\n<\/ul>\n\n<h3>Nicht inklusive<\/h3>\n<ul>\n  <li>Leihausr\u00fcstung und Tauchversicherung<\/li>\n<\/ul>\n\n<h3>Weitere Kurse, die dich interessieren k\u00f6nnten<\/h3>\n<ul>\n  <li>Deep Diving<\/li>\n  <li>Night and Limited Visibility<\/li>\n  <li>Scooter \/ DPV Diving<\/li>\n<\/ul>\n<\/div>\t\t\t\t\t\t\t\t<\/div>\n\t\t\t\t<\/div>\n\t\t\t\t<\/div>\n\t\t\t\t<\/div>\n\t\t<div class=\"elementor-element elementor-element-49a21da e-con-full e-flex e-con e-child\" data-id=\"49a21da\" data-element_type=\"container\" data-e-type=\"container\">\n\t\t<div class=\"elementor-element elementor-element-f377e8e e-con-full course-sidebar-box e-flex e-con e-child\" data-id=\"f377e8e\" data-element_type=\"container\" data-e-type=\"container\" data-settings=\"{&quot;sticky&quot;:&quot;top&quot;,&quot;sticky_offset&quot;:110,&quot;sticky_effects_offset&quot;:130,&quot;sticky_parent&quot;:&quot;yes&quot;,&quot;sticky_on&quot;:[&quot;desktop&quot;,&quot;tablet&quot;,&quot;mobile&quot;],&quot;sticky_anchor_link_offset&quot;:0}\">\n\t\t\t\t<div class=\"elementor-element elementor-element-1596f55 elementor-widget elementor-widget-text-editor\" data-id=\"1596f55\" data-element_type=\"widget\" data-e-type=\"widget\" data-widget_type=\"text-editor.default\">\n\t\t\t\t<div class=\"elementor-widget-container\">\n\t\t\t\t\t\t\t\t\t<div class=\"courses-info\"><h6 class=\"no-margin\">Dauer:<\/h6><p class=\"no-margin\">1 Tag<\/p><\/div><div class=\"courses-info\"><h6 class=\"no-margin\">Preis:<\/h6><p class=\"no-margin\">Ab 150 \u20ac<\/p><\/div>\t\t\t\t\t\t\t\t<\/div>\n\t\t\t\t<\/div>\n\t\t\t\t<div class=\"elementor-element elementor-element-be3f9ab elementor-mobile-align-center elementor-widget elementor-widget-button\" data-id=\"be3f9ab\" data-element_type=\"widget\" data-e-type=\"widget\" data-widget_type=\"button.default\">\n\t\t\t\t<div class=\"elementor-widget-container\">\n\t\t\t\t\t\t\t\t\t<div class=\"elementor-button-wrapper\">\n\t\t\t\t\t<a class=\"elementor-button elementor-button-link elementor-size-sm\" href=\"https:\/\/booking.calerodiving.com\/front\/6213b2319a1bbf005fa0b870\/product\/622226b24db01a005f511a1c?lang=de&#038;_gl=1*hwyhjx*_ga*MjAwOTUxMjMxNy4xNzU3MjYzMjY0*_ga_4WWMT2EY3C*czE3NTgwMTAxNzQkbzIwJGcxJHQxNzU4MDE2ODIwJGoyNyRsMCRoMA..\" target=\"_blank\">\n\t\t\t\t\t\t<span class=\"elementor-button-content-wrapper\">\n\t\t\t\t\t\t\t\t\t<span class=\"elementor-button-text\">Kurs buchen<\/span>\n\t\t\t\t\t<\/span>\n\t\t\t\t\t<\/a>\n\t\t\t\t<\/div>\n\t\t\t\t\t\t\t\t<\/div>\n\t\t\t\t<\/div>\n\t\t\t\t<\/div>\n\t\t\t\t<\/div>\n\t\t\t\t\t<\/div>\n\t\t\t\t<\/div>\n\t\t\t\t<\/div>\n\t\t","protected":false},"excerpt":{"rendered":"<p>Spezialit\u00e4ten Enriched Air Nitrox Sicherere, l\u00e4ngere und h\u00e4ufigere Tauchg\u00e4nge. Kurs\u00fcbersicht: Enriched Air Nitrox ist eine der praktischsten und am weitesten verbreiteten Specialties im Sporttauchen. Wenn du lernst, sauerstoffangereichertes Atemgas richtig zu verwenden, kannst du fundiertere Entscheidungen bei der Tauchgangsplanung treffen und aus vielen deiner Tauchg\u00e4nge mehr herausholen. Nitrox ist besonders n\u00fctzlich f\u00fcr Wiederholungstauchg\u00e4nge, Tauchreisen und [&hellip;]<\/p>\n","protected":false},"author":10,"featured_media":0,"parent":0,"menu_order":0,"comment_status":"closed","ping_status":"closed","template":"","meta":{"_acf_changed":false,"footnotes":""},"class_list":["post-24371","page","type-page","status-publish","hentry"],"acf":[],"yoast_head":"<!-- This site is optimized with the Yoast SEO plugin v27.5 - https:\/\/yoast.com\/product\/yoast-seo-wordpress\/ -->\n<title>Enriched Air Nitrox | Calero Diving Lanzarote<\/title>\n<meta name=\"robots\" content=\"index, follow, max-snippet:-1, max-image-preview:large, max-video-preview:-1\" \/>\n<link rel=\"canonical\" href=\"https:\/\/calerodiving.com\/enriched-air-nitrox\/\" \/>\n<meta property=\"og:locale\" content=\"de_DE\" \/>\n<meta property=\"og:type\" content=\"article\" \/>\n<meta property=\"og:title\" content=\"Enriched Air Nitrox | Calero Diving Lanzarote\" \/>\n<meta property=\"og:description\" content=\"Spezialit\u00e4ten Enriched Air Nitrox Sicherere, l\u00e4ngere und h\u00e4ufigere Tauchg\u00e4nge. Kurs\u00fcbersicht: Enriched Air Nitrox ist eine der praktischsten und am weitesten verbreiteten Specialties im Sporttauchen. Wenn du lernst, sauerstoffangereichertes Atemgas richtig zu verwenden, kannst du fundiertere Entscheidungen bei der Tauchgangsplanung treffen und aus vielen deiner Tauchg\u00e4nge mehr herausholen. Nitrox ist besonders n\u00fctzlich f\u00fcr Wiederholungstauchg\u00e4nge, Tauchreisen und [&hellip;]\" \/>\n<meta property=\"og:url\" content=\"https:\/\/calerodiving.com\/enriched-air-nitrox\/\" \/>\n<meta property=\"og:site_name\" content=\"Calero Diving Lanzarote\" \/>\n<meta property=\"article:publisher\" content=\"https:\/\/www.facebook.com\/calerodiving\/\" \/>\n<meta property=\"article:modified_time\" content=\"2026-04-20T10:18:06+00:00\" \/>\n<meta property=\"og:image\" content=\"https:\/\/calerodiving.com\/wp-content\/uploads\/2017\/09\/enriches-air-nitrox.jpg\" \/>\n\t<meta property=\"og:image:width\" content=\"350\" \/>\n\t<meta property=\"og:image:height\" content=\"222\" \/>\n\t<meta property=\"og:image:type\" content=\"image\/jpeg\" \/>\n<meta name=\"twitter:card\" content=\"summary_large_image\" \/>\n<meta name=\"twitter:label1\" content=\"Gesch\u00e4tzte Lesezeit\" \/>\n\t<meta name=\"twitter:data1\" content=\"2\u00a0Minuten\" \/>\n<script type=\"application\/ld+json\" class=\"yoast-schema-graph\">{\"@context\":\"https:\\\/\\\/schema.org\",\"@graph\":[{\"@type\":\"WebPage\",\"@id\":\"https:\\\/\\\/calerodiving.com\\\/enriched-air-nitrox\\\/\",\"url\":\"https:\\\/\\\/calerodiving.com\\\/enriched-air-nitrox\\\/\",\"name\":\"Enriched Air Nitrox | Calero Diving Lanzarote\",\"isPartOf\":{\"@id\":\"https:\\\/\\\/calerodiving.com\\\/#website\"},\"primaryImageOfPage\":{\"@id\":\"https:\\\/\\\/calerodiving.com\\\/enriched-air-nitrox\\\/#primaryimage\"},\"image\":{\"@id\":\"https:\\\/\\\/calerodiving.com\\\/enriched-air-nitrox\\\/#primaryimage\"},\"thumbnailUrl\":\"https:\\\/\\\/calerodiving.com\\\/wp-content\\\/uploads\\\/2017\\\/09\\\/enriches-air-nitrox.jpg\",\"datePublished\":\"2025-08-27T07:43:03+00:00\",\"dateModified\":\"2026-04-20T10:18:06+00:00\",\"breadcrumb\":{\"@id\":\"https:\\\/\\\/calerodiving.com\\\/enriched-air-nitrox\\\/#breadcrumb\"},\"inLanguage\":\"de\",\"potentialAction\":[{\"@type\":\"ReadAction\",\"target\":[\"https:\\\/\\\/calerodiving.com\\\/enriched-air-nitrox\\\/\"]}]},{\"@type\":\"ImageObject\",\"inLanguage\":\"de\",\"@id\":\"https:\\\/\\\/calerodiving.com\\\/enriched-air-nitrox\\\/#primaryimage\",\"url\":\"https:\\\/\\\/calerodiving.com\\\/wp-content\\\/uploads\\\/2017\\\/09\\\/enriches-air-nitrox.jpg\",\"contentUrl\":\"https:\\\/\\\/calerodiving.com\\\/wp-content\\\/uploads\\\/2017\\\/09\\\/enriches-air-nitrox.jpg\"},{\"@type\":\"BreadcrumbList\",\"@id\":\"https:\\\/\\\/calerodiving.com\\\/enriched-air-nitrox\\\/#breadcrumb\",\"itemListElement\":[{\"@type\":\"ListItem\",\"position\":1,\"name\":\"Home\",\"item\":\"https:\\\/\\\/calerodiving.com\\\/es\\\/\"},{\"@type\":\"ListItem\",\"position\":2,\"name\":\"Enriched Air Nitrox\"}]},{\"@type\":\"WebSite\",\"@id\":\"https:\\\/\\\/calerodiving.com\\\/#website\",\"url\":\"https:\\\/\\\/calerodiving.com\\\/\",\"name\":\"Calero Diving Lanzarote\",\"description\":\"Dive Center - Marina Puerto Calero Lanzarote\",\"publisher\":{\"@id\":\"https:\\\/\\\/calerodiving.com\\\/#organization\"},\"alternateName\":\"Calero Diving\",\"potentialAction\":[{\"@type\":\"SearchAction\",\"target\":{\"@type\":\"EntryPoint\",\"urlTemplate\":\"https:\\\/\\\/calerodiving.com\\\/?s={search_term_string}\"},\"query-input\":{\"@type\":\"PropertyValueSpecification\",\"valueRequired\":true,\"valueName\":\"search_term_string\"}}],\"inLanguage\":\"de\"},{\"@type\":\"Organization\",\"@id\":\"https:\\\/\\\/calerodiving.com\\\/#organization\",\"name\":\"Calero Diving Lanzarote\",\"alternateName\":\"Calero Diving\",\"url\":\"https:\\\/\\\/calerodiving.com\\\/\",\"logo\":{\"@type\":\"ImageObject\",\"inLanguage\":\"de\",\"@id\":\"https:\\\/\\\/calerodiving.com\\\/#\\\/schema\\\/logo\\\/image\\\/\",\"url\":\"https:\\\/\\\/calerodiving.com\\\/wp-content\\\/uploads\\\/2025\\\/05\\\/Grupo.png\",\"contentUrl\":\"https:\\\/\\\/calerodiving.com\\\/wp-content\\\/uploads\\\/2025\\\/05\\\/Grupo.png\",\"width\":499,\"height\":590,\"caption\":\"Calero Diving Lanzarote\"},\"image\":{\"@id\":\"https:\\\/\\\/calerodiving.com\\\/#\\\/schema\\\/logo\\\/image\\\/\"},\"sameAs\":[\"https:\\\/\\\/www.facebook.com\\\/calerodiving\\\/\",\"https:\\\/\\\/www.instagram.com\\\/calerodiving\\\/\"]}]}<\/script>\n<!-- \/ Yoast SEO plugin. -->","yoast_head_json":{"title":"Enriched Air Nitrox | Calero Diving Lanzarote","robots":{"index":"index","follow":"follow","max-snippet":"max-snippet:-1","max-image-preview":"max-image-preview:large","max-video-preview":"max-video-preview:-1"},"canonical":"https:\/\/calerodiving.com\/enriched-air-nitrox\/","og_locale":"de_DE","og_type":"article","og_title":"Enriched Air Nitrox | Calero Diving Lanzarote","og_description":"Spezialit\u00e4ten Enriched Air Nitrox Sicherere, l\u00e4ngere und h\u00e4ufigere Tauchg\u00e4nge. Kurs\u00fcbersicht: Enriched Air Nitrox ist eine der praktischsten und am weitesten verbreiteten Specialties im Sporttauchen. Wenn du lernst, sauerstoffangereichertes Atemgas richtig zu verwenden, kannst du fundiertere Entscheidungen bei der Tauchgangsplanung treffen und aus vielen deiner Tauchg\u00e4nge mehr herausholen. Nitrox ist besonders n\u00fctzlich f\u00fcr Wiederholungstauchg\u00e4nge, Tauchreisen und [&hellip;]","og_url":"https:\/\/calerodiving.com\/enriched-air-nitrox\/","og_site_name":"Calero Diving Lanzarote","article_publisher":"https:\/\/www.facebook.com\/calerodiving\/","article_modified_time":"2026-04-20T10:18:06+00:00","og_image":[{"width":350,"height":222,"url":"https:\/\/calerodiving.com\/wp-content\/uploads\/2017\/09\/enriches-air-nitrox.jpg","type":"image\/jpeg"}],"twitter_card":"summary_large_image","twitter_misc":{"Gesch\u00e4tzte Lesezeit":"2\u00a0Minuten"},"schema":{"@context":"https:\/\/schema.org","@graph":[{"@type":"WebPage","@id":"https:\/\/calerodiving.com\/enriched-air-nitrox\/","url":"https:\/\/calerodiving.com\/enriched-air-nitrox\/","name":"Enriched Air Nitrox | Calero Diving Lanzarote","isPartOf":{"@id":"https:\/\/calerodiving.com\/#website"},"primaryImageOfPage":{"@id":"https:\/\/calerodiving.com\/enriched-air-nitrox\/#primaryimage"},"image":{"@id":"https:\/\/calerodiving.com\/enriched-air-nitrox\/#primaryimage"},"thumbnailUrl":"https:\/\/calerodiving.com\/wp-content\/uploads\/2017\/09\/enriches-air-nitrox.jpg","datePublished":"2025-08-27T07:43:03+00:00","dateModified":"2026-04-20T10:18:06+00:00","breadcrumb":{"@id":"https:\/\/calerodiving.com\/enriched-air-nitrox\/#breadcrumb"},"inLanguage":"de","potentialAction":[{"@type":"ReadAction","target":["https:\/\/calerodiving.com\/enriched-air-nitrox\/"]}]},{"@type":"ImageObject","inLanguage":"de","@id":"https:\/\/calerodiving.com\/enriched-air-nitrox\/#primaryimage","url":"https:\/\/calerodiving.com\/wp-content\/uploads\/2017\/09\/enriches-air-nitrox.jpg","contentUrl":"https:\/\/calerodiving.com\/wp-content\/uploads\/2017\/09\/enriches-air-nitrox.jpg"},{"@type":"BreadcrumbList","@id":"https:\/\/calerodiving.com\/enriched-air-nitrox\/#breadcrumb","itemListElement":[{"@type":"ListItem","position":1,"name":"Home","item":"https:\/\/calerodiving.com\/es\/"},{"@type":"ListItem","position":2,"name":"Enriched Air Nitrox"}]},{"@type":"WebSite","@id":"https:\/\/calerodiving.com\/#website","url":"https:\/\/calerodiving.com\/","name":"Calero Diving Lanzarote","description":"Dive Center - Marina Puerto Calero Lanzarote","publisher":{"@id":"https:\/\/calerodiving.com\/#organization"},"alternateName":"Calero Diving","potentialAction":[{"@type":"SearchAction","target":{"@type":"EntryPoint","urlTemplate":"https:\/\/calerodiving.com\/?s={search_term_string}"},"query-input":{"@type":"PropertyValueSpecification","valueRequired":true,"valueName":"search_term_string"}}],"inLanguage":"de"},{"@type":"Organization","@id":"https:\/\/calerodiving.com\/#organization","name":"Calero Diving Lanzarote","alternateName":"Calero Diving","url":"https:\/\/calerodiving.com\/","logo":{"@type":"ImageObject","inLanguage":"de","@id":"https:\/\/calerodiving.com\/#\/schema\/logo\/image\/","url":"https:\/\/calerodiving.com\/wp-content\/uploads\/2025\/05\/Grupo.png","contentUrl":"https:\/\/calerodiving.com\/wp-content\/uploads\/2025\/05\/Grupo.png","width":499,"height":590,"caption":"Calero Diving Lanzarote"},"image":{"@id":"https:\/\/calerodiving.com\/#\/schema\/logo\/image\/"},"sameAs":["https:\/\/www.facebook.com\/calerodiving\/","https:\/\/www.instagram.com\/calerodiving\/"]}]}},"_links":{"self":[{"href":"https:\/\/calerodiving.com\/de\/wp-json\/wp\/v2\/pages\/24371","targetHints":{"allow":["GET"]}}],"collection":[{"href":"https:\/\/calerodiving.com\/de\/wp-json\/wp\/v2\/pages"}],"about":[{"href":"https:\/\/calerodiving.com\/de\/wp-json\/wp\/v2\/types\/page"}],"author":[{"embeddable":true,"href":"https:\/\/calerodiving.com\/de\/wp-json\/wp\/v2\/users\/10"}],"replies":[{"embeddable":true,"href":"https:\/\/calerodiving.com\/de\/wp-json\/wp\/v2\/comments?post=24371"}],"version-history":[{"count":21,"href":"https:\/\/calerodiving.com\/de\/wp-json\/wp\/v2\/pages\/24371\/revisions"}],"predecessor-version":[{"id":28026,"href":"https:\/\/calerodiving.com\/de\/wp-json\/wp\/v2\/pages\/24371\/revisions\/28026"}],"wp:attachment":[{"href":"https:\/\/calerodiving.com\/de\/wp-json\/wp\/v2\/media?parent=24371"}],"curies":[{"name":"wp","href":"https:\/\/api.w.org\/{rel}","templated":true}]}}