{"id":24368,"date":"2025-08-27T08:43:02","date_gmt":"2025-08-27T07:43:02","guid":{"rendered":"https:\/\/calerodiving.com\/nachttauchen-und-eingeschraenkte-sicht\/"},"modified":"2026-04-20T10:53:20","modified_gmt":"2026-04-20T09:53:20","slug":"nachttauchen-und-eingeschraenkte-sicht","status":"publish","type":"page","link":"https:\/\/calerodiving.com\/de\/nachttauchen-und-eingeschraenkte-sicht\/","title":{"rendered":"Nachttauchen und eingeschr\u00e4nkte Sicht"},"content":{"rendered":"\t\t<div data-elementor-type=\"wp-page\" data-elementor-id=\"24368\" class=\"elementor elementor-24368 elementor-21532\" data-elementor-post-type=\"page\">\n\t\t\t\t<div class=\"elementor-element elementor-element-1d13f6a e-flex e-con-boxed e-con e-parent\" data-id=\"1d13f6a\" data-element_type=\"container\" data-e-type=\"container\">\n\t\t\t\t\t<div class=\"e-con-inner\">\n\t\t<div class=\"elementor-element elementor-element-ad3f874 e-con-full e-flex e-con e-child\" data-id=\"ad3f874\" data-element_type=\"container\" data-e-type=\"container\">\n\t\t\t\t<div class=\"elementor-element elementor-element-f72d388 elementor-widget elementor-widget-image\" data-id=\"f72d388\" data-element_type=\"widget\" data-e-type=\"widget\" data-widget_type=\"image.default\">\n\t\t\t\t<div class=\"elementor-widget-container\">\n\t\t\t\t\t\t\t\t\t\t\t\t\t\t\t<img fetchpriority=\"high\" decoding=\"async\" width=\"598\" height=\"380\" src=\"https:\/\/calerodiving.com\/wp-content\/uploads\/2017\/10\/night-limited-visibility.jpg\" class=\"attachment-large size-large wp-image-1598\" alt=\"\" srcset=\"https:\/\/calerodiving.com\/wp-content\/uploads\/2017\/10\/night-limited-visibility.jpg 598w, https:\/\/calerodiving.com\/wp-content\/uploads\/2017\/10\/night-limited-visibility-300x191.jpg 300w, https:\/\/calerodiving.com\/wp-content\/uploads\/2017\/10\/night-limited-visibility-450x286.jpg 450w\" sizes=\"(max-width: 598px) 100vw, 598px\" \/>\t\t\t\t\t\t\t\t\t\t\t\t\t\t\t<\/div>\n\t\t\t\t<\/div>\n\t\t\t\t<\/div>\n\t\t<div class=\"elementor-element elementor-element-4c4d582 e-con-full e-flex e-con e-child\" data-id=\"4c4d582\" data-element_type=\"container\" data-e-type=\"container\">\n\t\t<div class=\"elementor-element elementor-element-4cd08de e-con-full e-flex e-con e-child\" data-id=\"4cd08de\" data-element_type=\"container\" data-e-type=\"container\">\n\t\t\t\t<div class=\"elementor-element elementor-element-60e1e02 elementor-widget elementor-widget-html\" data-id=\"60e1e02\" data-element_type=\"widget\" data-e-type=\"widget\" data-widget_type=\"html.default\">\n\t\t\t\t<div class=\"elementor-widget-container\">\n\t\t\t\t\t<a href=\"https:\/\/calerodiving.com\/de\/?page_id=24215#specialties\" class=\"tag-button\">Spezialit\u00e4ten<\/a>\n\t\t\t\t<\/div>\n\t\t\t\t<\/div>\n\t\t\t\t<div class=\"elementor-element elementor-element-c915bc9 elementor-widget elementor-widget-heading\" data-id=\"c915bc9\" data-element_type=\"widget\" data-e-type=\"widget\" data-widget_type=\"heading.default\">\n\t\t\t\t<div class=\"elementor-widget-container\">\n\t\t\t\t\t<h2 class=\"elementor-heading-title elementor-size-default\">Night and Limited Visibility<\/h2>\t\t\t\t<\/div>\n\t\t\t\t<\/div>\n\t\t\t\t<\/div>\n\t\t\t\t<\/div>\n\t\t\t\t\t<\/div>\n\t\t\t\t<\/div>\n\t\t<div class=\"elementor-element elementor-element-fddeec4 e-flex e-con-boxed e-con e-parent\" data-id=\"fddeec4\" data-element_type=\"container\" data-e-type=\"container\">\n\t\t\t\t\t<div class=\"e-con-inner\">\n\t\t<div class=\"elementor-element elementor-element-7cdf6d2 e-con-full e-flex e-con e-child\" data-id=\"7cdf6d2\" data-element_type=\"container\" data-e-type=\"container\">\n\t\t<div class=\"elementor-element elementor-element-d6d29aa e-con-full e-flex e-con e-child\" data-id=\"d6d29aa\" data-element_type=\"container\" data-e-type=\"container\">\n\t\t\t\t<div class=\"elementor-element elementor-element-e3924e9 elementor-widget elementor-widget-heading\" data-id=\"e3924e9\" data-element_type=\"widget\" data-e-type=\"widget\" data-widget_type=\"heading.default\">\n\t\t\t\t<div class=\"elementor-widget-container\">\n\t\t\t\t\t<h2 class=\"elementor-heading-title elementor-size-default\">Tauchen Sie ein in die Dunkelheit und erkunden Sie eine fremde Welt!<\/h2>\t\t\t\t<\/div>\n\t\t\t\t<\/div>\n\t\t\t\t<div class=\"elementor-element elementor-element-b72ed90 elementor-widget elementor-widget-text-editor\" data-id=\"b72ed90\" data-element_type=\"widget\" data-e-type=\"widget\" data-widget_type=\"text-editor.default\">\n\t\t\t\t<div class=\"elementor-widget-container\">\n\t\t\t\t\t\t\t\t\t<div class=\"section-list\"><h3>Programm\u00fcbersicht:<\/h3><p>Es ist erstaunlich, wie sich derselbe Tauchplatz in der D\u00e4mmerung ver\u00e4ndern kann. Nicht nur ist die Sicht eingeschr\u00e4nkt, was die Orientierung etwas erschwert, sondern auch die Unterwasserwelt ist sehr unterschiedlich. Bestimmte Arten sind haupts\u00e4chlich nachtaktiv und tags\u00fcber nicht so leicht zu sehen. Das Fehlen von nat\u00fcrlichem Licht verwandelt einen Nachttauchgang in ein gro\u00dfartiges, fast au\u00dferirdisches Erlebnis.   <br><br>Verfahren f\u00fcr den Ein- und Ausstieg ins Wasser, spezialisierte Ausr\u00fcstung und Kommunikationsprotokolle sind nur einige der wichtigsten Dinge, die w\u00e4hrend des Kurses behandelt werden.<\/p><h3>Ausbildungsstandards:<\/h3><ul><li>Dauer: 2 Tage<\/li><li>2 Ausbildungstauchg\u00e4nge<\/li><li>Digitale Lernmaterialien<\/li><li>SSI Night &amp; Limited Visibility Diving Zertifizierung<\/li><\/ul><h3>Voraussetzungen:<\/h3><ul><li>Mindestalter 10 Jahre<\/li><li>SSI Open Water Diver Zertifizierung oder gleichwertig<\/li><\/ul><h3>Nicht inbegriffen:<\/h3><ul><li>Ausr\u00fcstungsverleih<\/li><li>Tauchversicherung<\/li><\/ul><h3>Weitere Kurse, die Sie interessieren k\u00f6nnten:<\/h3><ul><li><a href=\"https:\/\/calerodiving.com\/photo-video\/\">Foto &amp; Video<\/a><\/li><li><a href=\"https:\/\/calerodiving.com\/perfect-buoyancy\/\">Perfekte Tarierung<\/a><\/li><li><a href=\"https:\/\/calerodiving.com\/enriched-air-nitrox\/\">Angereicherte Luft Nitrox<\/a><\/li><\/ul><\/div>\t\t\t\t\t\t\t\t<\/div>\n\t\t\t\t<\/div>\n\t\t\t\t<\/div>\n\t\t\t\t<\/div>\n\t\t<div class=\"elementor-element elementor-element-7f88645 e-con-full e-flex e-con e-child\" data-id=\"7f88645\" data-element_type=\"container\" data-e-type=\"container\">\n\t\t<div class=\"elementor-element elementor-element-ccd05c0 e-con-full course-sidebar-box e-flex e-con e-child\" data-id=\"ccd05c0\" data-element_type=\"container\" data-e-type=\"container\" data-settings=\"{&quot;sticky&quot;:&quot;top&quot;,&quot;sticky_offset&quot;:110,&quot;sticky_effects_offset&quot;:130,&quot;sticky_parent&quot;:&quot;yes&quot;,&quot;sticky_on&quot;:[&quot;desktop&quot;,&quot;tablet&quot;,&quot;mobile&quot;],&quot;sticky_anchor_link_offset&quot;:0}\">\n\t\t\t\t<div class=\"elementor-element elementor-element-f17bc68 elementor-widget elementor-widget-text-editor\" data-id=\"f17bc68\" data-element_type=\"widget\" data-e-type=\"widget\" data-widget_type=\"text-editor.default\">\n\t\t\t\t<div class=\"elementor-widget-container\">\n\t\t\t\t\t\t\t\t\t<div class=\"courses-info\"><h6 class=\"no-margin\">Dauer:<\/h6><p class=\"no-margin\">2-Tages-Kurs<\/p><\/div><div class=\"courses-info\"><h6 class=\"no-margin\">Preis:<\/h6><p class=\"no-margin\">Ab 300 \u20ac<\/p><\/div>\t\t\t\t\t\t\t\t<\/div>\n\t\t\t\t<\/div>\n\t\t\t\t<div class=\"elementor-element elementor-element-e82cc7a elementor-mobile-align-center elementor-widget elementor-widget-button\" data-id=\"e82cc7a\" data-element_type=\"widget\" data-e-type=\"widget\" data-widget_type=\"button.default\">\n\t\t\t\t<div class=\"elementor-widget-container\">\n\t\t\t\t\t\t\t\t\t<div class=\"elementor-button-wrapper\">\n\t\t\t\t\t<a class=\"elementor-button elementor-button-link elementor-size-sm\" href=\"https:\/\/booking.calerodiving.com\/front\/6213b2319a1bbf005fa0b870\/product\/62222b6e4db01a005f511a23?lang=de&#038;_gl=1*hof6z5*_ga*MjAwOTUxMjMxNy4xNzU3MjYzMjY0*_ga_4WWMT2EY3C*czE3NTgwMTAxNzQkbzIwJGcxJHQxNzU4MDE2MjQ0JGoxNCRsMCRoMA..\" target=\"_blank\">\n\t\t\t\t\t\t<span class=\"elementor-button-content-wrapper\">\n\t\t\t\t\t\t\t\t\t<span class=\"elementor-button-text\">Kurs buchen<\/span>\n\t\t\t\t\t<\/span>\n\t\t\t\t\t<\/a>\n\t\t\t\t<\/div>\n\t\t\t\t\t\t\t\t<\/div>\n\t\t\t\t<\/div>\n\t\t\t\t<\/div>\n\t\t\t\t<\/div>\n\t\t\t\t\t<\/div>\n\t\t\t\t<\/div>\n\t\t\t\t<\/div>\n\t\t","protected":false},"excerpt":{"rendered":"<p>Spezialit\u00e4ten Night and Limited Visibility Tauchen Sie ein in die Dunkelheit und erkunden Sie eine fremde Welt! Programm\u00fcbersicht: Es ist erstaunlich, wie sich derselbe Tauchplatz in der D\u00e4mmerung ver\u00e4ndern kann. Nicht nur ist die Sicht eingeschr\u00e4nkt, was die Orientierung etwas erschwert, sondern auch die Unterwasserwelt ist sehr unterschiedlich. Bestimmte Arten sind haupts\u00e4chlich nachtaktiv und tags\u00fcber [&hellip;]<\/p>\n","protected":false},"author":10,"featured_media":0,"parent":0,"menu_order":0,"comment_status":"closed","ping_status":"closed","template":"","meta":{"_acf_changed":false,"footnotes":""},"class_list":["post-24368","page","type-page","status-publish","hentry"],"acf":[],"yoast_head":"<!-- This site is optimized with the Yoast SEO plugin v27.5 - https:\/\/yoast.com\/product\/yoast-seo-wordpress\/ -->\n<title>Nachttauchen und eingeschr\u00e4nkte Sicht | Calero Diving Lanzarote<\/title>\n<meta name=\"robots\" content=\"index, follow, max-snippet:-1, max-image-preview:large, max-video-preview:-1\" \/>\n<link rel=\"canonical\" href=\"https:\/\/calerodiving.com\/night-and-limited-visibility\/\" \/>\n<meta property=\"og:locale\" content=\"de_DE\" \/>\n<meta property=\"og:type\" content=\"article\" \/>\n<meta property=\"og:title\" content=\"Nachttauchen und eingeschr\u00e4nkte Sicht | Calero Diving Lanzarote\" \/>\n<meta property=\"og:description\" content=\"Spezialit\u00e4ten Night and Limited Visibility Tauchen Sie ein in die Dunkelheit und erkunden Sie eine fremde Welt! Programm\u00fcbersicht: Es ist erstaunlich, wie sich derselbe Tauchplatz in der D\u00e4mmerung ver\u00e4ndern kann. Nicht nur ist die Sicht eingeschr\u00e4nkt, was die Orientierung etwas erschwert, sondern auch die Unterwasserwelt ist sehr unterschiedlich. Bestimmte Arten sind haupts\u00e4chlich nachtaktiv und tags\u00fcber [&hellip;]\" \/>\n<meta property=\"og:url\" content=\"https:\/\/calerodiving.com\/night-and-limited-visibility\/\" \/>\n<meta property=\"og:site_name\" content=\"Calero Diving Lanzarote\" \/>\n<meta property=\"article:publisher\" content=\"https:\/\/www.facebook.com\/calerodiving\/\" \/>\n<meta property=\"article:modified_time\" content=\"2026-04-20T09:53:20+00:00\" \/>\n<meta property=\"og:image\" content=\"https:\/\/calerodiving.com\/wp-content\/uploads\/2017\/10\/night-limited-visibility.jpg\" \/>\n\t<meta property=\"og:image:width\" content=\"598\" \/>\n\t<meta property=\"og:image:height\" content=\"380\" \/>\n\t<meta property=\"og:image:type\" content=\"image\/jpeg\" \/>\n<meta name=\"twitter:card\" content=\"summary_large_image\" \/>\n<meta name=\"twitter:label1\" content=\"Gesch\u00e4tzte Lesezeit\" \/>\n\t<meta name=\"twitter:data1\" content=\"2\u00a0Minuten\" \/>\n<script type=\"application\/ld+json\" class=\"yoast-schema-graph\">{\"@context\":\"https:\\\/\\\/schema.org\",\"@graph\":[{\"@type\":\"WebPage\",\"@id\":\"https:\\\/\\\/calerodiving.com\\\/night-and-limited-visibility\\\/\",\"url\":\"https:\\\/\\\/calerodiving.com\\\/night-and-limited-visibility\\\/\",\"name\":\"Nachttauchen und eingeschr\u00e4nkte Sicht | Calero Diving Lanzarote\",\"isPartOf\":{\"@id\":\"https:\\\/\\\/calerodiving.com\\\/#website\"},\"primaryImageOfPage\":{\"@id\":\"https:\\\/\\\/calerodiving.com\\\/night-and-limited-visibility\\\/#primaryimage\"},\"image\":{\"@id\":\"https:\\\/\\\/calerodiving.com\\\/night-and-limited-visibility\\\/#primaryimage\"},\"thumbnailUrl\":\"https:\\\/\\\/calerodiving.com\\\/wp-content\\\/uploads\\\/2017\\\/10\\\/night-limited-visibility.jpg\",\"datePublished\":\"2025-08-27T07:43:02+00:00\",\"dateModified\":\"2026-04-20T09:53:20+00:00\",\"breadcrumb\":{\"@id\":\"https:\\\/\\\/calerodiving.com\\\/night-and-limited-visibility\\\/#breadcrumb\"},\"inLanguage\":\"de\",\"potentialAction\":[{\"@type\":\"ReadAction\",\"target\":[\"https:\\\/\\\/calerodiving.com\\\/night-and-limited-visibility\\\/\"]}]},{\"@type\":\"ImageObject\",\"inLanguage\":\"de\",\"@id\":\"https:\\\/\\\/calerodiving.com\\\/night-and-limited-visibility\\\/#primaryimage\",\"url\":\"https:\\\/\\\/calerodiving.com\\\/wp-content\\\/uploads\\\/2017\\\/10\\\/night-limited-visibility.jpg\",\"contentUrl\":\"https:\\\/\\\/calerodiving.com\\\/wp-content\\\/uploads\\\/2017\\\/10\\\/night-limited-visibility.jpg\"},{\"@type\":\"BreadcrumbList\",\"@id\":\"https:\\\/\\\/calerodiving.com\\\/night-and-limited-visibility\\\/#breadcrumb\",\"itemListElement\":[{\"@type\":\"ListItem\",\"position\":1,\"name\":\"Home\",\"item\":\"https:\\\/\\\/calerodiving.com\\\/es\\\/\"},{\"@type\":\"ListItem\",\"position\":2,\"name\":\"Nachttauchen und eingeschr\u00e4nkte Sicht\"}]},{\"@type\":\"WebSite\",\"@id\":\"https:\\\/\\\/calerodiving.com\\\/#website\",\"url\":\"https:\\\/\\\/calerodiving.com\\\/\",\"name\":\"Calero Diving Lanzarote\",\"description\":\"Dive Center - Marina Puerto Calero Lanzarote\",\"publisher\":{\"@id\":\"https:\\\/\\\/calerodiving.com\\\/#organization\"},\"alternateName\":\"Calero Diving\",\"potentialAction\":[{\"@type\":\"SearchAction\",\"target\":{\"@type\":\"EntryPoint\",\"urlTemplate\":\"https:\\\/\\\/calerodiving.com\\\/?s={search_term_string}\"},\"query-input\":{\"@type\":\"PropertyValueSpecification\",\"valueRequired\":true,\"valueName\":\"search_term_string\"}}],\"inLanguage\":\"de\"},{\"@type\":\"Organization\",\"@id\":\"https:\\\/\\\/calerodiving.com\\\/#organization\",\"name\":\"Calero Diving Lanzarote\",\"alternateName\":\"Calero Diving\",\"url\":\"https:\\\/\\\/calerodiving.com\\\/\",\"logo\":{\"@type\":\"ImageObject\",\"inLanguage\":\"de\",\"@id\":\"https:\\\/\\\/calerodiving.com\\\/#\\\/schema\\\/logo\\\/image\\\/\",\"url\":\"https:\\\/\\\/calerodiving.com\\\/wp-content\\\/uploads\\\/2025\\\/05\\\/Grupo.png\",\"contentUrl\":\"https:\\\/\\\/calerodiving.com\\\/wp-content\\\/uploads\\\/2025\\\/05\\\/Grupo.png\",\"width\":499,\"height\":590,\"caption\":\"Calero Diving Lanzarote\"},\"image\":{\"@id\":\"https:\\\/\\\/calerodiving.com\\\/#\\\/schema\\\/logo\\\/image\\\/\"},\"sameAs\":[\"https:\\\/\\\/www.facebook.com\\\/calerodiving\\\/\",\"https:\\\/\\\/www.instagram.com\\\/calerodiving\\\/\"]}]}<\/script>\n<!-- \/ Yoast SEO plugin. -->","yoast_head_json":{"title":"Nachttauchen und eingeschr\u00e4nkte Sicht | Calero Diving Lanzarote","robots":{"index":"index","follow":"follow","max-snippet":"max-snippet:-1","max-image-preview":"max-image-preview:large","max-video-preview":"max-video-preview:-1"},"canonical":"https:\/\/calerodiving.com\/night-and-limited-visibility\/","og_locale":"de_DE","og_type":"article","og_title":"Nachttauchen und eingeschr\u00e4nkte Sicht | Calero Diving Lanzarote","og_description":"Spezialit\u00e4ten Night and Limited Visibility Tauchen Sie ein in die Dunkelheit und erkunden Sie eine fremde Welt! Programm\u00fcbersicht: Es ist erstaunlich, wie sich derselbe Tauchplatz in der D\u00e4mmerung ver\u00e4ndern kann. Nicht nur ist die Sicht eingeschr\u00e4nkt, was die Orientierung etwas erschwert, sondern auch die Unterwasserwelt ist sehr unterschiedlich. Bestimmte Arten sind haupts\u00e4chlich nachtaktiv und tags\u00fcber [&hellip;]","og_url":"https:\/\/calerodiving.com\/night-and-limited-visibility\/","og_site_name":"Calero Diving Lanzarote","article_publisher":"https:\/\/www.facebook.com\/calerodiving\/","article_modified_time":"2026-04-20T09:53:20+00:00","og_image":[{"width":598,"height":380,"url":"https:\/\/calerodiving.com\/wp-content\/uploads\/2017\/10\/night-limited-visibility.jpg","type":"image\/jpeg"}],"twitter_card":"summary_large_image","twitter_misc":{"Gesch\u00e4tzte Lesezeit":"2\u00a0Minuten"},"schema":{"@context":"https:\/\/schema.org","@graph":[{"@type":"WebPage","@id":"https:\/\/calerodiving.com\/night-and-limited-visibility\/","url":"https:\/\/calerodiving.com\/night-and-limited-visibility\/","name":"Nachttauchen und eingeschr\u00e4nkte Sicht | Calero Diving Lanzarote","isPartOf":{"@id":"https:\/\/calerodiving.com\/#website"},"primaryImageOfPage":{"@id":"https:\/\/calerodiving.com\/night-and-limited-visibility\/#primaryimage"},"image":{"@id":"https:\/\/calerodiving.com\/night-and-limited-visibility\/#primaryimage"},"thumbnailUrl":"https:\/\/calerodiving.com\/wp-content\/uploads\/2017\/10\/night-limited-visibility.jpg","datePublished":"2025-08-27T07:43:02+00:00","dateModified":"2026-04-20T09:53:20+00:00","breadcrumb":{"@id":"https:\/\/calerodiving.com\/night-and-limited-visibility\/#breadcrumb"},"inLanguage":"de","potentialAction":[{"@type":"ReadAction","target":["https:\/\/calerodiving.com\/night-and-limited-visibility\/"]}]},{"@type":"ImageObject","inLanguage":"de","@id":"https:\/\/calerodiving.com\/night-and-limited-visibility\/#primaryimage","url":"https:\/\/calerodiving.com\/wp-content\/uploads\/2017\/10\/night-limited-visibility.jpg","contentUrl":"https:\/\/calerodiving.com\/wp-content\/uploads\/2017\/10\/night-limited-visibility.jpg"},{"@type":"BreadcrumbList","@id":"https:\/\/calerodiving.com\/night-and-limited-visibility\/#breadcrumb","itemListElement":[{"@type":"ListItem","position":1,"name":"Home","item":"https:\/\/calerodiving.com\/es\/"},{"@type":"ListItem","position":2,"name":"Nachttauchen und eingeschr\u00e4nkte Sicht"}]},{"@type":"WebSite","@id":"https:\/\/calerodiving.com\/#website","url":"https:\/\/calerodiving.com\/","name":"Calero Diving Lanzarote","description":"Dive Center - Marina Puerto Calero Lanzarote","publisher":{"@id":"https:\/\/calerodiving.com\/#organization"},"alternateName":"Calero Diving","potentialAction":[{"@type":"SearchAction","target":{"@type":"EntryPoint","urlTemplate":"https:\/\/calerodiving.com\/?s={search_term_string}"},"query-input":{"@type":"PropertyValueSpecification","valueRequired":true,"valueName":"search_term_string"}}],"inLanguage":"de"},{"@type":"Organization","@id":"https:\/\/calerodiving.com\/#organization","name":"Calero Diving Lanzarote","alternateName":"Calero Diving","url":"https:\/\/calerodiving.com\/","logo":{"@type":"ImageObject","inLanguage":"de","@id":"https:\/\/calerodiving.com\/#\/schema\/logo\/image\/","url":"https:\/\/calerodiving.com\/wp-content\/uploads\/2025\/05\/Grupo.png","contentUrl":"https:\/\/calerodiving.com\/wp-content\/uploads\/2025\/05\/Grupo.png","width":499,"height":590,"caption":"Calero Diving Lanzarote"},"image":{"@id":"https:\/\/calerodiving.com\/#\/schema\/logo\/image\/"},"sameAs":["https:\/\/www.facebook.com\/calerodiving\/","https:\/\/www.instagram.com\/calerodiving\/"]}]}},"_links":{"self":[{"href":"https:\/\/calerodiving.com\/de\/wp-json\/wp\/v2\/pages\/24368","targetHints":{"allow":["GET"]}}],"collection":[{"href":"https:\/\/calerodiving.com\/de\/wp-json\/wp\/v2\/pages"}],"about":[{"href":"https:\/\/calerodiving.com\/de\/wp-json\/wp\/v2\/types\/page"}],"author":[{"embeddable":true,"href":"https:\/\/calerodiving.com\/de\/wp-json\/wp\/v2\/users\/10"}],"replies":[{"embeddable":true,"href":"https:\/\/calerodiving.com\/de\/wp-json\/wp\/v2\/comments?post=24368"}],"version-history":[{"count":8,"href":"https:\/\/calerodiving.com\/de\/wp-json\/wp\/v2\/pages\/24368\/revisions"}],"predecessor-version":[{"id":27939,"href":"https:\/\/calerodiving.com\/de\/wp-json\/wp\/v2\/pages\/24368\/revisions\/27939"}],"wp:attachment":[{"href":"https:\/\/calerodiving.com\/de\/wp-json\/wp\/v2\/media?parent=24368"}],"curies":[{"name":"wp","href":"https:\/\/api.w.org\/{rel}","templated":true}]}}