{"id":24325,"date":"2025-08-27T08:42:25","date_gmt":"2025-08-27T07:42:25","guid":{"rendered":"https:\/\/calerodiving.com\/kombi-adv-nitrox-dekompressionsverfahren-extended-range\/"},"modified":"2026-04-02T09:30:26","modified_gmt":"2026-04-02T08:30:26","slug":"kombi-adv-nitrox-dekompressionsverfahren-extended-range","status":"publish","type":"page","link":"https:\/\/calerodiving.com\/de\/kombi-adv-nitrox-dekompressionsverfahren-extended-range\/","title":{"rendered":"Kombi Adv Nitrox Dekompressionsverfahren Extended Range"},"content":{"rendered":"\t\t<div data-elementor-type=\"wp-page\" data-elementor-id=\"24325\" class=\"elementor elementor-24325 elementor-23471\" data-elementor-post-type=\"page\">\n\t\t\t\t<div class=\"elementor-element elementor-element-a96cb4d e-flex e-con-boxed e-con e-parent\" data-id=\"a96cb4d\" data-element_type=\"container\" data-e-type=\"container\">\n\t\t\t\t\t<div class=\"e-con-inner\">\n\t\t<div class=\"elementor-element elementor-element-e2b61f2 e-con-full e-flex e-con e-child\" data-id=\"e2b61f2\" data-element_type=\"container\" data-e-type=\"container\">\n\t\t\t\t<div class=\"elementor-element elementor-element-f992856 elementor-widget elementor-widget-image\" data-id=\"f992856\" data-element_type=\"widget\" data-e-type=\"widget\" data-widget_type=\"image.default\">\n\t\t\t\t<div class=\"elementor-widget-container\">\n\t\t\t\t\t\t\t\t\t\t\t\t\t\t\t<img fetchpriority=\"high\" decoding=\"async\" width=\"700\" height=\"445\" src=\"https:\/\/calerodiving.com\/wp-content\/uploads\/2025\/08\/Combo-Adv-Nitrox-Deco-procedures-extended-Range-course-.png\" class=\"attachment-large size-large wp-image-22524\" alt=\"\" srcset=\"https:\/\/calerodiving.com\/wp-content\/uploads\/2025\/08\/Combo-Adv-Nitrox-Deco-procedures-extended-Range-course-.png 700w, https:\/\/calerodiving.com\/wp-content\/uploads\/2025\/08\/Combo-Adv-Nitrox-Deco-procedures-extended-Range-course--300x191.png 300w\" sizes=\"(max-width: 700px) 100vw, 700px\" \/>\t\t\t\t\t\t\t\t\t\t\t\t\t\t\t<\/div>\n\t\t\t\t<\/div>\n\t\t\t\t<\/div>\n\t\t<div class=\"elementor-element elementor-element-582a948 e-con-full e-flex e-con e-child\" data-id=\"582a948\" data-element_type=\"container\" data-e-type=\"container\">\n\t\t<div class=\"elementor-element elementor-element-7b7f91b e-con-full e-flex e-con e-child\" data-id=\"7b7f91b\" data-element_type=\"container\" data-e-type=\"container\">\n\t\t\t\t<div class=\"elementor-element elementor-element-70dab39 elementor-widget elementor-widget-html\" data-id=\"70dab39\" data-element_type=\"widget\" data-e-type=\"widget\" data-widget_type=\"html.default\">\n\t\t\t\t<div class=\"elementor-widget-container\">\n\t\t\t\t\t<a href=\"https:\/\/calerodiving.com\/open-circuit\/#tdi-open\" class=\"tag-button\">technisch<\/a>\n\t\t\t\t<\/div>\n\t\t\t\t<\/div>\n\t\t\t\t<div class=\"elementor-element elementor-element-0da7401 elementor-widget elementor-widget-heading\" data-id=\"0da7401\" data-element_type=\"widget\" data-e-type=\"widget\" data-widget_type=\"heading.default\">\n\t\t\t\t<div class=\"elementor-widget-container\">\n\t\t\t\t\t<h2 class=\"elementor-heading-title elementor-size-default\">Kombi Adv Nitrox Dekompressionsverfahren Extended Range<\/h2>\t\t\t\t<\/div>\n\t\t\t\t<\/div>\n\t\t\t\t<\/div>\n\t\t\t\t<\/div>\n\t\t\t\t\t<\/div>\n\t\t\t\t<\/div>\n\t\t<div class=\"elementor-element elementor-element-e8db676 e-flex e-con-boxed e-con e-parent\" data-id=\"e8db676\" data-element_type=\"container\" data-e-type=\"container\">\n\t\t\t\t\t<div class=\"e-con-inner\">\n\t\t<div class=\"elementor-element elementor-element-71e2059 e-con-full e-flex e-con e-child\" data-id=\"71e2059\" data-element_type=\"container\" data-e-type=\"container\">\n\t\t<div class=\"elementor-element elementor-element-7ad907c e-con-full e-flex e-con e-child\" data-id=\"7ad907c\" data-element_type=\"container\" data-e-type=\"container\">\n\t\t\t\t<div class=\"elementor-element elementor-element-e6a36fd elementor-widget elementor-widget-heading\" data-id=\"e6a36fd\" data-element_type=\"widget\" data-e-type=\"widget\" data-widget_type=\"heading.default\">\n\t\t\t\t<div class=\"elementor-widget-container\">\n\t\t\t\t\t<h2 class=\"elementor-heading-title elementor-size-default\">Ein genauerer Blick auf die unglaublichen Meereslebewesen, die unter 30 Metern warten<\/h2>\t\t\t\t<\/div>\n\t\t\t\t<\/div>\n\t\t\t\t<div class=\"elementor-element elementor-element-bf9d4c4 elementor-widget elementor-widget-text-editor\" data-id=\"bf9d4c4\" data-element_type=\"widget\" data-e-type=\"widget\" data-widget_type=\"text-editor.default\">\n\t\t\t\t<div class=\"elementor-widget-container\">\n\t\t\t\t\t\t\t\t\t<div class=\"section-list\">\n<h3>Programm\u00fcbersicht:<\/h3>\n<ul>\n<li style=\"list-style-type: none;\">Bringen Sie Ihr Tauchen mit diesem Komplettprogramm auf die n\u00e4chste Stufe, das drei der angesehensten technischen Kurse von TDI kombiniert. Im Rahmen eines intensiven Trainingsplans werden Sie Folgendes meistern:\n<p><b><br>Advanced Nitrox<\/b> \u2013 Verwenden Sie 22 %\u2013100 % Sauerstoff, verstehen Sie die Sauerstoffphysiologie, die Auswahl der besten Mischung, die Gasplanung und die Ausr\u00fcstungskonfiguration.<\/p>\n<p><b>Decompression Procedures<\/b> \u2013 Planen und f\u00fchren Sie gestufte Dekompressionstauchg\u00e4nge bis 45 m durch, mit mehreren Gaswechseln f\u00fcr Effizienz und Sicherheit.<\/p>\n<p><b>Extended Range<\/b> \u2013 Tauchen Sie tiefer, mit fortgeschrittenen Techniken f\u00fcr tiefe Lufttauchg\u00e4nge bis 55 m, beschleunigter Dekompression, Team\u00fcbungen und Notfallplanung.<\/p>\n<p><strong>F\u00fcr wen ist es geeignet?<\/strong><\/p>\n<p>Erfahrene Taucher, die bereit sind, ihre Tiefe, F\u00e4higkeiten und ihr Vertrauen in technischen Umgebungen zu erweitern.<\/p>\n<p><strong>Was Sie erhalten:<\/strong><\/p>\n<p>Zertifizierung zur Durchf\u00fchrung von fortgeschrittenen gestuften Dekompressionstauchg\u00e4ngen bis 55 Meter unter Verwendung mehrerer Gase, einschlie\u00dflich reinem Sauerstoff.<\/p>\n<p>Bereit, weiter zu gehen, l\u00e4nger zu bleiben und intelligenter zu tauchen?<\/p>\n<p>Begleiten Sie uns und sch\u00f6pfen Sie das volle Potenzial Ihres technischen Tauchens aus.<\/p>\n<\/li>\n<\/ul>\n<h3>Dauer:<\/h3>\n<ul>\n<li>6-t\u00e4giger Kurs<\/li>\n<\/ul>\n<h3>Inklusive:<\/h3>\n<ul>\n<li style=\"list-style-type: none;\">\n<ul>\n<li>Ausr\u00fcstungsverleih<\/li>\n<li>Digitale Materialien<\/li>\n<li>Tauchversicherung<\/li>\n<\/ul>\n<\/li>\n<\/ul>\n<h3>Weitere Kurse, die Sie interessieren k\u00f6nnten:<\/h3>\n<ul>\n<li><a href=\"https:\/\/calerodiving.com\/ssi-scuba-diver\/\">Ger\u00e4tetaucher<\/a><\/li>\n<li><a href=\"https:\/\/calerodiving.com\/ssi-open-water-diver\/\">Open Water Diver<\/a><\/li>\n<\/ul>\n<\/div>\t\t\t\t\t\t\t\t<\/div>\n\t\t\t\t<\/div>\n\t\t\t\t<\/div>\n\t\t\t\t<\/div>\n\t\t<div class=\"elementor-element elementor-element-a39eeff e-con-full e-flex e-con e-child\" data-id=\"a39eeff\" data-element_type=\"container\" data-e-type=\"container\">\n\t\t<div class=\"elementor-element elementor-element-1a299c0 e-con-full course-sidebar-box e-flex e-con e-child\" data-id=\"1a299c0\" data-element_type=\"container\" data-e-type=\"container\" data-settings=\"{&quot;sticky&quot;:&quot;top&quot;,&quot;sticky_offset&quot;:110,&quot;sticky_effects_offset&quot;:130,&quot;sticky_parent&quot;:&quot;yes&quot;,&quot;sticky_on&quot;:[&quot;desktop&quot;,&quot;tablet&quot;,&quot;mobile&quot;],&quot;sticky_anchor_link_offset&quot;:0}\">\n\t\t\t\t<div class=\"elementor-element elementor-element-cd2604e elementor-widget elementor-widget-text-editor\" data-id=\"cd2604e\" data-element_type=\"widget\" data-e-type=\"widget\" data-widget_type=\"text-editor.default\">\n\t\t\t\t<div class=\"elementor-widget-container\">\n\t\t\t\t\t\t\t\t\t<div class=\"courses-info\"><h6 class=\"no-margin\">Dauer:<\/h6><p class=\"no-margin\">6-t\u00e4giger Kurs<\/p><\/div><div class=\"courses-info\"><h6 class=\"no-margin\">Preis:<\/h6><p class=\"no-margin\">Ab 1.850 \u20ac<\/p><\/div>\t\t\t\t\t\t\t\t<\/div>\n\t\t\t\t<\/div>\n\t\t\t\t<div class=\"elementor-element elementor-element-24dd7de elementor-mobile-align-center elementor-widget elementor-widget-button\" data-id=\"24dd7de\" data-element_type=\"widget\" data-e-type=\"widget\" data-widget_type=\"button.default\">\n\t\t\t\t<div class=\"elementor-widget-container\">\n\t\t\t\t\t\t\t\t\t<div class=\"elementor-button-wrapper\">\n\t\t\t\t\t<a class=\"elementor-button elementor-button-link elementor-size-sm\" href=\"https:\/\/app.bukyapp.com\/front\/6213b2319a1bbf005fa0b870\/product\/68908dc029008802aee82c2b?lang=en\" target=\"_blank\">\n\t\t\t\t\t\t<span class=\"elementor-button-content-wrapper\">\n\t\t\t\t\t\t\t\t\t<span class=\"elementor-button-text\">Kurs kaufen<\/span>\n\t\t\t\t\t<\/span>\n\t\t\t\t\t<\/a>\n\t\t\t\t<\/div>\n\t\t\t\t\t\t\t\t<\/div>\n\t\t\t\t<\/div>\n\t\t\t\t<\/div>\n\t\t\t\t<\/div>\n\t\t\t\t\t<\/div>\n\t\t\t\t<\/div>\n\t\t\t\t<\/div>\n\t\t","protected":false},"excerpt":{"rendered":"<p>technisch Kombi Adv Nitrox Dekompressionsverfahren Extended Range Ein genauerer Blick auf die unglaublichen Meereslebewesen, die unter 30 Metern warten Programm\u00fcbersicht: Bringen Sie Ihr Tauchen mit diesem Komplettprogramm auf die n\u00e4chste Stufe, das drei der angesehensten technischen Kurse von TDI kombiniert. Im Rahmen eines intensiven Trainingsplans werden Sie Folgendes meistern: Advanced Nitrox \u2013 Verwenden Sie 22 [&hellip;]<\/p>\n","protected":false},"author":10,"featured_media":0,"parent":0,"menu_order":0,"comment_status":"closed","ping_status":"closed","template":"","meta":{"_acf_changed":false,"footnotes":""},"class_list":["post-24325","page","type-page","status-publish","hentry"],"acf":[],"yoast_head":"<!-- This site is optimized with the Yoast SEO plugin v27.5 - https:\/\/yoast.com\/product\/yoast-seo-wordpress\/ -->\n<title>Kombi Adv Nitrox Dekompressionsverfahren Extended Range | Calero Diving Lanzarote<\/title>\n<meta name=\"robots\" content=\"index, follow, max-snippet:-1, max-image-preview:large, max-video-preview:-1\" \/>\n<link rel=\"canonical\" href=\"https:\/\/calerodiving.com\/combo-adv-nitrox-deco-procedures-extended-range\/\" \/>\n<meta property=\"og:locale\" content=\"de_DE\" \/>\n<meta property=\"og:type\" content=\"article\" \/>\n<meta property=\"og:title\" content=\"Kombi Adv Nitrox Dekompressionsverfahren Extended Range | Calero Diving Lanzarote\" \/>\n<meta property=\"og:description\" content=\"technisch Kombi Adv Nitrox Dekompressionsverfahren Extended Range Ein genauerer Blick auf die unglaublichen Meereslebewesen, die unter 30 Metern warten Programm\u00fcbersicht: Bringen Sie Ihr Tauchen mit diesem Komplettprogramm auf die n\u00e4chste Stufe, das drei der angesehensten technischen Kurse von TDI kombiniert. Im Rahmen eines intensiven Trainingsplans werden Sie Folgendes meistern: Advanced Nitrox \u2013 Verwenden Sie 22 [&hellip;]\" \/>\n<meta property=\"og:url\" content=\"https:\/\/calerodiving.com\/combo-adv-nitrox-deco-procedures-extended-range\/\" \/>\n<meta property=\"og:site_name\" content=\"Calero Diving Lanzarote\" \/>\n<meta property=\"article:publisher\" content=\"https:\/\/www.facebook.com\/calerodiving\/\" \/>\n<meta property=\"article:modified_time\" content=\"2026-04-02T08:30:26+00:00\" \/>\n<meta property=\"og:image\" content=\"https:\/\/calerodiving.com\/wp-content\/uploads\/2025\/08\/Combo-Adv-Nitrox-Deco-procedures-extended-Range-course-.png\" \/>\n\t<meta property=\"og:image:width\" content=\"700\" \/>\n\t<meta property=\"og:image:height\" content=\"445\" \/>\n\t<meta property=\"og:image:type\" content=\"image\/png\" \/>\n<meta name=\"twitter:card\" content=\"summary_large_image\" \/>\n<meta name=\"twitter:label1\" content=\"Gesch\u00e4tzte Lesezeit\" \/>\n\t<meta name=\"twitter:data1\" content=\"2\u00a0Minuten\" \/>\n<script type=\"application\/ld+json\" class=\"yoast-schema-graph\">{\"@context\":\"https:\\\/\\\/schema.org\",\"@graph\":[{\"@type\":\"WebPage\",\"@id\":\"https:\\\/\\\/calerodiving.com\\\/combo-adv-nitrox-deco-procedures-extended-range\\\/\",\"url\":\"https:\\\/\\\/calerodiving.com\\\/combo-adv-nitrox-deco-procedures-extended-range\\\/\",\"name\":\"Kombi Adv Nitrox Dekompressionsverfahren Extended Range | Calero Diving Lanzarote\",\"isPartOf\":{\"@id\":\"https:\\\/\\\/calerodiving.com\\\/#website\"},\"primaryImageOfPage\":{\"@id\":\"https:\\\/\\\/calerodiving.com\\\/combo-adv-nitrox-deco-procedures-extended-range\\\/#primaryimage\"},\"image\":{\"@id\":\"https:\\\/\\\/calerodiving.com\\\/combo-adv-nitrox-deco-procedures-extended-range\\\/#primaryimage\"},\"thumbnailUrl\":\"https:\\\/\\\/calerodiving.com\\\/wp-content\\\/uploads\\\/2025\\\/08\\\/Combo-Adv-Nitrox-Deco-procedures-extended-Range-course-.png\",\"datePublished\":\"2025-08-27T07:42:25+00:00\",\"dateModified\":\"2026-04-02T08:30:26+00:00\",\"breadcrumb\":{\"@id\":\"https:\\\/\\\/calerodiving.com\\\/combo-adv-nitrox-deco-procedures-extended-range\\\/#breadcrumb\"},\"inLanguage\":\"de\",\"potentialAction\":[{\"@type\":\"ReadAction\",\"target\":[\"https:\\\/\\\/calerodiving.com\\\/combo-adv-nitrox-deco-procedures-extended-range\\\/\"]}]},{\"@type\":\"ImageObject\",\"inLanguage\":\"de\",\"@id\":\"https:\\\/\\\/calerodiving.com\\\/combo-adv-nitrox-deco-procedures-extended-range\\\/#primaryimage\",\"url\":\"https:\\\/\\\/calerodiving.com\\\/wp-content\\\/uploads\\\/2025\\\/08\\\/Combo-Adv-Nitrox-Deco-procedures-extended-Range-course-.png\",\"contentUrl\":\"https:\\\/\\\/calerodiving.com\\\/wp-content\\\/uploads\\\/2025\\\/08\\\/Combo-Adv-Nitrox-Deco-procedures-extended-Range-course-.png\"},{\"@type\":\"BreadcrumbList\",\"@id\":\"https:\\\/\\\/calerodiving.com\\\/combo-adv-nitrox-deco-procedures-extended-range\\\/#breadcrumb\",\"itemListElement\":[{\"@type\":\"ListItem\",\"position\":1,\"name\":\"Home\",\"item\":\"https:\\\/\\\/calerodiving.com\\\/es\\\/\"},{\"@type\":\"ListItem\",\"position\":2,\"name\":\"Kombi Adv Nitrox Dekompressionsverfahren Extended Range\"}]},{\"@type\":\"WebSite\",\"@id\":\"https:\\\/\\\/calerodiving.com\\\/#website\",\"url\":\"https:\\\/\\\/calerodiving.com\\\/\",\"name\":\"Calero Diving Lanzarote\",\"description\":\"Dive Center - Marina Puerto Calero Lanzarote\",\"publisher\":{\"@id\":\"https:\\\/\\\/calerodiving.com\\\/#organization\"},\"alternateName\":\"Calero Diving\",\"potentialAction\":[{\"@type\":\"SearchAction\",\"target\":{\"@type\":\"EntryPoint\",\"urlTemplate\":\"https:\\\/\\\/calerodiving.com\\\/?s={search_term_string}\"},\"query-input\":{\"@type\":\"PropertyValueSpecification\",\"valueRequired\":true,\"valueName\":\"search_term_string\"}}],\"inLanguage\":\"de\"},{\"@type\":\"Organization\",\"@id\":\"https:\\\/\\\/calerodiving.com\\\/#organization\",\"name\":\"Calero Diving Lanzarote\",\"alternateName\":\"Calero Diving\",\"url\":\"https:\\\/\\\/calerodiving.com\\\/\",\"logo\":{\"@type\":\"ImageObject\",\"inLanguage\":\"de\",\"@id\":\"https:\\\/\\\/calerodiving.com\\\/#\\\/schema\\\/logo\\\/image\\\/\",\"url\":\"https:\\\/\\\/calerodiving.com\\\/wp-content\\\/uploads\\\/2025\\\/05\\\/Grupo.png\",\"contentUrl\":\"https:\\\/\\\/calerodiving.com\\\/wp-content\\\/uploads\\\/2025\\\/05\\\/Grupo.png\",\"width\":499,\"height\":590,\"caption\":\"Calero Diving Lanzarote\"},\"image\":{\"@id\":\"https:\\\/\\\/calerodiving.com\\\/#\\\/schema\\\/logo\\\/image\\\/\"},\"sameAs\":[\"https:\\\/\\\/www.facebook.com\\\/calerodiving\\\/\",\"https:\\\/\\\/www.instagram.com\\\/calerodiving\\\/\"]}]}<\/script>\n<!-- \/ Yoast SEO plugin. -->","yoast_head_json":{"title":"Kombi Adv Nitrox Dekompressionsverfahren Extended Range | Calero Diving Lanzarote","robots":{"index":"index","follow":"follow","max-snippet":"max-snippet:-1","max-image-preview":"max-image-preview:large","max-video-preview":"max-video-preview:-1"},"canonical":"https:\/\/calerodiving.com\/combo-adv-nitrox-deco-procedures-extended-range\/","og_locale":"de_DE","og_type":"article","og_title":"Kombi Adv Nitrox Dekompressionsverfahren Extended Range | Calero Diving Lanzarote","og_description":"technisch Kombi Adv Nitrox Dekompressionsverfahren Extended Range Ein genauerer Blick auf die unglaublichen Meereslebewesen, die unter 30 Metern warten Programm\u00fcbersicht: Bringen Sie Ihr Tauchen mit diesem Komplettprogramm auf die n\u00e4chste Stufe, das drei der angesehensten technischen Kurse von TDI kombiniert. Im Rahmen eines intensiven Trainingsplans werden Sie Folgendes meistern: Advanced Nitrox \u2013 Verwenden Sie 22 [&hellip;]","og_url":"https:\/\/calerodiving.com\/combo-adv-nitrox-deco-procedures-extended-range\/","og_site_name":"Calero Diving Lanzarote","article_publisher":"https:\/\/www.facebook.com\/calerodiving\/","article_modified_time":"2026-04-02T08:30:26+00:00","og_image":[{"width":700,"height":445,"url":"https:\/\/calerodiving.com\/wp-content\/uploads\/2025\/08\/Combo-Adv-Nitrox-Deco-procedures-extended-Range-course-.png","type":"image\/png"}],"twitter_card":"summary_large_image","twitter_misc":{"Gesch\u00e4tzte Lesezeit":"2\u00a0Minuten"},"schema":{"@context":"https:\/\/schema.org","@graph":[{"@type":"WebPage","@id":"https:\/\/calerodiving.com\/combo-adv-nitrox-deco-procedures-extended-range\/","url":"https:\/\/calerodiving.com\/combo-adv-nitrox-deco-procedures-extended-range\/","name":"Kombi Adv Nitrox Dekompressionsverfahren Extended Range | Calero Diving Lanzarote","isPartOf":{"@id":"https:\/\/calerodiving.com\/#website"},"primaryImageOfPage":{"@id":"https:\/\/calerodiving.com\/combo-adv-nitrox-deco-procedures-extended-range\/#primaryimage"},"image":{"@id":"https:\/\/calerodiving.com\/combo-adv-nitrox-deco-procedures-extended-range\/#primaryimage"},"thumbnailUrl":"https:\/\/calerodiving.com\/wp-content\/uploads\/2025\/08\/Combo-Adv-Nitrox-Deco-procedures-extended-Range-course-.png","datePublished":"2025-08-27T07:42:25+00:00","dateModified":"2026-04-02T08:30:26+00:00","breadcrumb":{"@id":"https:\/\/calerodiving.com\/combo-adv-nitrox-deco-procedures-extended-range\/#breadcrumb"},"inLanguage":"de","potentialAction":[{"@type":"ReadAction","target":["https:\/\/calerodiving.com\/combo-adv-nitrox-deco-procedures-extended-range\/"]}]},{"@type":"ImageObject","inLanguage":"de","@id":"https:\/\/calerodiving.com\/combo-adv-nitrox-deco-procedures-extended-range\/#primaryimage","url":"https:\/\/calerodiving.com\/wp-content\/uploads\/2025\/08\/Combo-Adv-Nitrox-Deco-procedures-extended-Range-course-.png","contentUrl":"https:\/\/calerodiving.com\/wp-content\/uploads\/2025\/08\/Combo-Adv-Nitrox-Deco-procedures-extended-Range-course-.png"},{"@type":"BreadcrumbList","@id":"https:\/\/calerodiving.com\/combo-adv-nitrox-deco-procedures-extended-range\/#breadcrumb","itemListElement":[{"@type":"ListItem","position":1,"name":"Home","item":"https:\/\/calerodiving.com\/es\/"},{"@type":"ListItem","position":2,"name":"Kombi Adv Nitrox Dekompressionsverfahren Extended Range"}]},{"@type":"WebSite","@id":"https:\/\/calerodiving.com\/#website","url":"https:\/\/calerodiving.com\/","name":"Calero Diving Lanzarote","description":"Dive Center - Marina Puerto Calero Lanzarote","publisher":{"@id":"https:\/\/calerodiving.com\/#organization"},"alternateName":"Calero Diving","potentialAction":[{"@type":"SearchAction","target":{"@type":"EntryPoint","urlTemplate":"https:\/\/calerodiving.com\/?s={search_term_string}"},"query-input":{"@type":"PropertyValueSpecification","valueRequired":true,"valueName":"search_term_string"}}],"inLanguage":"de"},{"@type":"Organization","@id":"https:\/\/calerodiving.com\/#organization","name":"Calero Diving Lanzarote","alternateName":"Calero Diving","url":"https:\/\/calerodiving.com\/","logo":{"@type":"ImageObject","inLanguage":"de","@id":"https:\/\/calerodiving.com\/#\/schema\/logo\/image\/","url":"https:\/\/calerodiving.com\/wp-content\/uploads\/2025\/05\/Grupo.png","contentUrl":"https:\/\/calerodiving.com\/wp-content\/uploads\/2025\/05\/Grupo.png","width":499,"height":590,"caption":"Calero Diving Lanzarote"},"image":{"@id":"https:\/\/calerodiving.com\/#\/schema\/logo\/image\/"},"sameAs":["https:\/\/www.facebook.com\/calerodiving\/","https:\/\/www.instagram.com\/calerodiving\/"]}]}},"_links":{"self":[{"href":"https:\/\/calerodiving.com\/de\/wp-json\/wp\/v2\/pages\/24325","targetHints":{"allow":["GET"]}}],"collection":[{"href":"https:\/\/calerodiving.com\/de\/wp-json\/wp\/v2\/pages"}],"about":[{"href":"https:\/\/calerodiving.com\/de\/wp-json\/wp\/v2\/types\/page"}],"author":[{"embeddable":true,"href":"https:\/\/calerodiving.com\/de\/wp-json\/wp\/v2\/users\/10"}],"replies":[{"embeddable":true,"href":"https:\/\/calerodiving.com\/de\/wp-json\/wp\/v2\/comments?post=24325"}],"version-history":[{"count":8,"href":"https:\/\/calerodiving.com\/de\/wp-json\/wp\/v2\/pages\/24325\/revisions"}],"predecessor-version":[{"id":27186,"href":"https:\/\/calerodiving.com\/de\/wp-json\/wp\/v2\/pages\/24325\/revisions\/27186"}],"wp:attachment":[{"href":"https:\/\/calerodiving.com\/de\/wp-json\/wp\/v2\/media?parent=24325"}],"curies":[{"name":"wp","href":"https:\/\/api.w.org\/{rel}","templated":true}]}}