{"id":24249,"date":"2025-08-27T08:41:25","date_gmt":"2025-08-27T07:41:25","guid":{"rendered":"https:\/\/calerodiving.com\/punta-tinosa\/"},"modified":"2026-04-20T14:37:22","modified_gmt":"2026-04-20T13:37:22","slug":"punta-tinosa","status":"publish","type":"page","link":"https:\/\/calerodiving.com\/de\/punta-tinosa\/","title":{"rendered":"Punta ti\u00f1osa"},"content":{"rendered":"\t\t<div data-elementor-type=\"wp-page\" data-elementor-id=\"24249\" class=\"elementor elementor-24249 elementor-23904\" data-elementor-post-type=\"page\">\n\t\t\t\t<div class=\"elementor-element elementor-element-d8e7a05 e-flex e-con-boxed e-con e-parent\" data-id=\"d8e7a05\" data-element_type=\"container\" data-e-type=\"container\">\n\t\t\t\t\t<div class=\"e-con-inner\">\n\t\t<div class=\"elementor-element elementor-element-fdf8dcf e-con-full e-flex e-con e-child\" data-id=\"fdf8dcf\" data-element_type=\"container\" data-e-type=\"container\">\n\t\t<div class=\"elementor-element elementor-element-d459f1e e-con-full e-flex e-con e-child\" data-id=\"d459f1e\" data-element_type=\"container\" data-e-type=\"container\">\n\t\t\t\t<div class=\"elementor-element elementor-element-f73d35b elementor-widget elementor-widget-heading\" data-id=\"f73d35b\" data-element_type=\"widget\" data-e-type=\"widget\" data-widget_type=\"heading.default\">\n\t\t\t\t<div class=\"elementor-widget-container\">\n\t\t\t\t\t<h2 class=\"elementor-heading-title elementor-size-default\">Punta ti\u00f1osa<\/h2>\t\t\t\t<\/div>\n\t\t\t\t<\/div>\n\t\t\t\t<\/div>\n\t\t\t\t<\/div>\n\t\t\t\t\t<\/div>\n\t\t\t\t<\/div>\n\t\t<div class=\"elementor-element elementor-element-3c59c30 e-flex e-con-boxed e-con e-parent\" data-id=\"3c59c30\" data-element_type=\"container\" data-e-type=\"container\">\n\t\t\t\t\t<div class=\"e-con-inner\">\n\t\t<div class=\"elementor-element elementor-element-4e68e67 e-con-full e-flex e-con e-child\" data-id=\"4e68e67\" data-element_type=\"container\" data-e-type=\"container\">\n\t\t<div class=\"elementor-element elementor-element-2cd8a8b e-con-full e-flex e-con e-child\" data-id=\"2cd8a8b\" data-element_type=\"container\" data-e-type=\"container\">\n\t\t\t\t<div class=\"elementor-element elementor-element-d2d5336 elementor-widget elementor-widget-image\" data-id=\"d2d5336\" data-element_type=\"widget\" data-e-type=\"widget\" data-widget_type=\"image.default\">\n\t\t\t\t<div class=\"elementor-widget-container\">\n\t\t\t\t\t\t\t\t\t\t\t\t\t\t\t<img fetchpriority=\"high\" decoding=\"async\" width=\"1200\" height=\"800\" src=\"https:\/\/calerodiving.com\/wp-content\/uploads\/2017\/10\/las-lenquas.jpg\" class=\"attachment-full size-full wp-image-4577\" alt=\"\" srcset=\"https:\/\/calerodiving.com\/wp-content\/uploads\/2017\/10\/las-lenquas.jpg 1200w, https:\/\/calerodiving.com\/wp-content\/uploads\/2017\/10\/las-lenquas-300x200.jpg 300w, https:\/\/calerodiving.com\/wp-content\/uploads\/2017\/10\/las-lenquas-768x512.jpg 768w, https:\/\/calerodiving.com\/wp-content\/uploads\/2017\/10\/las-lenquas-1030x687.jpg 1030w, https:\/\/calerodiving.com\/wp-content\/uploads\/2017\/10\/las-lenquas-705x470.jpg 705w, https:\/\/calerodiving.com\/wp-content\/uploads\/2017\/10\/las-lenquas-450x300.jpg 450w\" sizes=\"(max-width: 1200px) 100vw, 1200px\" \/>\t\t\t\t\t\t\t\t\t\t\t\t\t\t\t<\/div>\n\t\t\t\t<\/div>\n\t\t\t\t<div class=\"elementor-element elementor-element-4ae7816 elementor-widget elementor-widget-text-editor\" data-id=\"4ae7816\" data-element_type=\"widget\" data-e-type=\"widget\" data-widget_type=\"text-editor.default\">\n\t\t\t\t<div class=\"elementor-widget-container\">\n\t\t\t\t\t\t\t\t\t<p data-start=\"2118\" data-end=\"2298\">Punta Ti\u00f1osa liegt nur etwa 5 Minuten mit dem Boot von Puerto Calero oder Puerto del Carmen entfernt und z\u00e4hlt damit zu den am einfachsten erreichbaren Bootstauchg\u00e4ngen der Region.<\/p><p data-start=\"2300\" data-end=\"2428\">Der Tauchplatz erstreckt sich s\u00fcdw\u00e4rts entlang des vulkanischen Riffs und ist in drei klar definierte Tiefenbereiche gegliedert.<\/p><p data-start=\"2430\" data-end=\"2499\">Der erste Bereich zwischen 6 und 12 Metern wird \u201eder Garten\u201c genannt.<\/p><p data-start=\"2501\" data-end=\"2664\">Hier s\u00e4umen hunderte vulkanische Formationen die Abbruchkante und schaffen eine fast surreale Unterwasserlandschaft aus Pinnacles, Blasenstrukturen und Lavaw\u00e4nden.<\/p><p data-start=\"2666\" data-end=\"2801\">Der zweite Bereich reicht bis etwa 18 Meter und besteht aus sandigen Terrassen, auf denen h\u00e4ufig Rochen und Zitterrochen zu sehen sind.<\/p><p data-start=\"2803\" data-end=\"2864\">Der dritte und tiefste Bereich reicht bis auf 35 Meter hinab.<\/p><p data-start=\"2866\" data-end=\"2989\">Hier ist eine lange Riffwand von farbenfrohen Anemonen und Schw\u00e4mmen bedeckt und bietet zahlreichen Meeresbewohnern Schutz.<\/p><p data-start=\"2991\" data-end=\"3109\">Die Abbruchkante verbirgt au\u00dferdem kleine \u00dcberraschungen wie H\u00f6hlen und Tunnel, die darauf warten, entdeckt zu werden.<\/p>\t\t\t\t\t\t\t\t<\/div>\n\t\t\t\t<\/div>\n\t\t\t\t<\/div>\n\t\t\t\t<\/div>\n\t\t<div class=\"elementor-element elementor-element-6b3667e e-con-full e-flex e-con e-child\" data-id=\"6b3667e\" data-element_type=\"container\" data-e-type=\"container\">\n\t\t<div class=\"elementor-element elementor-element-ed02d99 e-con-full course-sidebar-box e-flex e-con e-child\" data-id=\"ed02d99\" data-element_type=\"container\" data-e-type=\"container\" data-settings=\"{&quot;sticky&quot;:&quot;top&quot;,&quot;sticky_offset&quot;:110,&quot;sticky_effects_offset&quot;:130,&quot;sticky_parent&quot;:&quot;yes&quot;,&quot;sticky_on&quot;:[&quot;desktop&quot;,&quot;tablet&quot;,&quot;mobile&quot;],&quot;sticky_anchor_link_offset&quot;:0}\">\n\t\t\t\t<div class=\"elementor-element elementor-element-952bcd3 elementor-widget elementor-widget-image\" data-id=\"952bcd3\" data-element_type=\"widget\" data-e-type=\"widget\" data-widget_type=\"image.default\">\n\t\t\t\t<div class=\"elementor-widget-container\">\n\t\t\t\t\t\t\t\t\t\t\t\t\t\t\t<img decoding=\"async\" width=\"406\" height=\"412\" src=\"https:\/\/calerodiving.com\/wp-content\/uploads\/2025\/08\/Captura-de-pantalla-2025-08-11-a-las-9.44.25.png\" class=\"attachment-large size-large wp-image-23910\" alt=\"\" srcset=\"https:\/\/calerodiving.com\/wp-content\/uploads\/2025\/08\/Captura-de-pantalla-2025-08-11-a-las-9.44.25.png 406w, https:\/\/calerodiving.com\/wp-content\/uploads\/2025\/08\/Captura-de-pantalla-2025-08-11-a-las-9.44.25-296x300.png 296w, https:\/\/calerodiving.com\/wp-content\/uploads\/2025\/08\/Captura-de-pantalla-2025-08-11-a-las-9.44.25-80x80.png 80w\" sizes=\"(max-width: 406px) 100vw, 406px\" \/>\t\t\t\t\t\t\t\t\t\t\t\t\t\t\t<\/div>\n\t\t\t\t<\/div>\n\t\t\t\t<div class=\"elementor-element elementor-element-c602769 elementor-widget elementor-widget-text-editor\" data-id=\"c602769\" data-element_type=\"widget\" data-e-type=\"widget\" data-widget_type=\"text-editor.default\">\n\t\t\t\t<div class=\"elementor-widget-container\">\n\t\t\t\t\t\t\t\t\t<div class=\"courses-info\">\n<p style=\"margin: 0 0 10px;\"><span style=\"color: #ffffff;\"><strong>Art des Tauchgangs:<\/strong> Lavariff<\/span><\/p>\n<p style=\"margin: 0 0 10px;\"><span style=\"color: #ffffff;\"><strong>Maximale Tiefe:<\/strong> ca. 35 Meter<\/span><\/p>\n<p style=\"margin: 0 0 10px;\"><span style=\"color: #ffffff;\"><strong>Geeignet f\u00fcr:<\/strong> verschiedene Taucherstufen \u2013 abh\u00e4ngig vom Tauchprofil<\/span><\/p>\n<p style=\"margin: 0;\"><span style=\"color: #ffffff;\"><strong>Zu sehen:<\/strong> vulkanische Formationen, sandige Terrassen, Rochen, Anemonen, Schw\u00e4mme, H\u00f6hlen und Tunnel<\/span><\/p>\n<\/div>\t\t\t\t\t\t\t\t<\/div>\n\t\t\t\t<\/div>\n\t\t\t\t<div class=\"elementor-element elementor-element-ad07f21 elementor-widget elementor-widget-ucaddon_underline_link_hover_effect\" data-id=\"ad07f21\" data-element_type=\"widget\" data-e-type=\"widget\" data-widget_type=\"ucaddon_underline_link_hover_effect.default\">\n\t\t\t\t<div class=\"elementor-widget-container\">\n\t\t\t\t\t\n<!-- start Underline Link Hover Effect -->\n\t\t<link id='font-awesome-css' href='https:\/\/calerodiving.com\/wp-content\/plugins\/unlimited-elements-for-elementor-premium\/assets_libraries\/font-awesome6\/fontawesome-all.min.css' type='text\/css' rel='stylesheet' >\n\t\t<link id='font-awesome-4-shim-css' href='https:\/\/calerodiving.com\/wp-content\/plugins\/unlimited-elements-for-elementor-premium\/assets_libraries\/font-awesome6\/fontawesome-v4-shims.min.css' type='text\/css' rel='stylesheet' >\n\n<style>\/* widget: Underline Link Hover Effect *\/\n\n#uc_underline_link_hover_effect_elementor_ad07f21{\n  display:flex;\n} \n\n#uc_underline_link_hover_effect_elementor_ad07f21 a.ue-link{\n  display:flex;\n  position:relative;\n  align-items:center;\n  justify-content:center;\n  text-decoration:none;\n}\n\n#uc_underline_link_hover_effect_elementor_ad07f21 a.ue-link:after{\n  content: \"\";\n    width:100%;\n    position:absolute;\n  bottom:0px;\n    left:0px;\n    display: block;\n  transition:1s;\n}\n\n#uc_underline_link_hover_effect_elementor_ad07f21 a:hover:after{\n    width:0%;\n  }\n\n#uc_underline_link_hover_effect_elementor_ad07f21 .ue-link-hover-effect-spacing{\n  transition:1s;\n}\n\n#uc_underline_link_hover_effect_elementor_ad07f21 .ue-link-hover-effect-text{\n  padding:10px 0px;\n}\n\n#uc_underline_link_hover_effect_elementor_ad07f21 .ue-link-hover-effect-icon{\n  line-height:1em;\n  transition:1s;\n}\n\n#uc_underline_link_hover_effect_elementor_ad07f21 .ue-link-hover-effect-icon svg{\n  height:1em;\n  width:1em;\n}\n\n<\/style>\n\n<div id=\"uc_underline_link_hover_effect_elementor_ad07f21\" class=\"ue-link-wrap\">\n  <a class=\"ue-link\" href=\"\" >\n    <div class=\"ue-link-hover-effect-text\">Kontaktieren Sie uns<\/div>\n    <div class=\"ue-link-hover-effect-spacing\"><\/div>\n    <div class=\"ue-link-hover-effect-icon\"><i class='fas fa-arrow-right'><\/i><\/div>\n  <\/a>\n<\/div>\n<!-- end Underline Link Hover Effect -->\t\t\t\t<\/div>\n\t\t\t\t<\/div>\n\t\t\t\t<\/div>\n\t\t\t\t<\/div>\n\t\t\t\t\t<\/div>\n\t\t\t\t<\/div>\n\t\t\t\t<\/div>\n\t\t","protected":false},"excerpt":{"rendered":"<p>Punta ti\u00f1osa Punta Ti\u00f1osa liegt nur etwa 5 Minuten mit dem Boot von Puerto Calero oder Puerto del Carmen entfernt und z\u00e4hlt damit zu den am einfachsten erreichbaren Bootstauchg\u00e4ngen der Region. Der Tauchplatz erstreckt sich s\u00fcdw\u00e4rts entlang des vulkanischen Riffs und ist in drei klar definierte Tiefenbereiche gegliedert. Der erste Bereich zwischen 6 und 12 [&hellip;]<\/p>\n","protected":false},"author":10,"featured_media":0,"parent":0,"menu_order":0,"comment_status":"closed","ping_status":"closed","template":"","meta":{"_acf_changed":false,"footnotes":""},"class_list":["post-24249","page","type-page","status-publish","hentry"],"acf":[],"yoast_head":"<!-- This site is optimized with the Yoast SEO plugin v27.5 - https:\/\/yoast.com\/product\/yoast-seo-wordpress\/ -->\n<title>Punta ti\u00f1osa | Calero Diving Lanzarote<\/title>\n<meta name=\"robots\" content=\"index, follow, max-snippet:-1, max-image-preview:large, max-video-preview:-1\" \/>\n<link rel=\"canonical\" href=\"https:\/\/calerodiving.com\/punta-tinosa\/\" \/>\n<meta property=\"og:locale\" content=\"de_DE\" \/>\n<meta property=\"og:type\" content=\"article\" \/>\n<meta property=\"og:title\" content=\"Punta ti\u00f1osa | Calero Diving Lanzarote\" \/>\n<meta property=\"og:description\" content=\"Punta ti\u00f1osa Punta Ti\u00f1osa liegt nur etwa 5 Minuten mit dem Boot von Puerto Calero oder Puerto del Carmen entfernt und z\u00e4hlt damit zu den am einfachsten erreichbaren Bootstauchg\u00e4ngen der Region. Der Tauchplatz erstreckt sich s\u00fcdw\u00e4rts entlang des vulkanischen Riffs und ist in drei klar definierte Tiefenbereiche gegliedert. Der erste Bereich zwischen 6 und 12 [&hellip;]\" \/>\n<meta property=\"og:url\" content=\"https:\/\/calerodiving.com\/punta-tinosa\/\" \/>\n<meta property=\"og:site_name\" content=\"Calero Diving Lanzarote\" \/>\n<meta property=\"article:publisher\" content=\"https:\/\/www.facebook.com\/calerodiving\/\" \/>\n<meta property=\"article:modified_time\" content=\"2026-04-20T13:37:22+00:00\" \/>\n<meta property=\"og:image\" content=\"https:\/\/calerodiving.com\/wp-content\/uploads\/2017\/10\/las-lenquas.jpg\" \/>\n\t<meta property=\"og:image:width\" content=\"1200\" \/>\n\t<meta property=\"og:image:height\" content=\"800\" \/>\n\t<meta property=\"og:image:type\" content=\"image\/jpeg\" \/>\n<meta name=\"twitter:card\" content=\"summary_large_image\" \/>\n<meta name=\"twitter:label1\" content=\"Gesch\u00e4tzte Lesezeit\" \/>\n\t<meta name=\"twitter:data1\" content=\"2\u00a0Minuten\" \/>\n<script type=\"application\/ld+json\" class=\"yoast-schema-graph\">{\"@context\":\"https:\\\/\\\/schema.org\",\"@graph\":[{\"@type\":\"WebPage\",\"@id\":\"https:\\\/\\\/calerodiving.com\\\/punta-tinosa\\\/\",\"url\":\"https:\\\/\\\/calerodiving.com\\\/punta-tinosa\\\/\",\"name\":\"Punta ti\u00f1osa | Calero Diving Lanzarote\",\"isPartOf\":{\"@id\":\"https:\\\/\\\/calerodiving.com\\\/#website\"},\"primaryImageOfPage\":{\"@id\":\"https:\\\/\\\/calerodiving.com\\\/punta-tinosa\\\/#primaryimage\"},\"image\":{\"@id\":\"https:\\\/\\\/calerodiving.com\\\/punta-tinosa\\\/#primaryimage\"},\"thumbnailUrl\":\"https:\\\/\\\/calerodiving.com\\\/wp-content\\\/uploads\\\/2017\\\/10\\\/las-lenquas.jpg\",\"datePublished\":\"2025-08-27T07:41:25+00:00\",\"dateModified\":\"2026-04-20T13:37:22+00:00\",\"breadcrumb\":{\"@id\":\"https:\\\/\\\/calerodiving.com\\\/punta-tinosa\\\/#breadcrumb\"},\"inLanguage\":\"de\",\"potentialAction\":[{\"@type\":\"ReadAction\",\"target\":[\"https:\\\/\\\/calerodiving.com\\\/punta-tinosa\\\/\"]}]},{\"@type\":\"ImageObject\",\"inLanguage\":\"de\",\"@id\":\"https:\\\/\\\/calerodiving.com\\\/punta-tinosa\\\/#primaryimage\",\"url\":\"https:\\\/\\\/calerodiving.com\\\/wp-content\\\/uploads\\\/2017\\\/10\\\/las-lenquas.jpg\",\"contentUrl\":\"https:\\\/\\\/calerodiving.com\\\/wp-content\\\/uploads\\\/2017\\\/10\\\/las-lenquas.jpg\"},{\"@type\":\"BreadcrumbList\",\"@id\":\"https:\\\/\\\/calerodiving.com\\\/punta-tinosa\\\/#breadcrumb\",\"itemListElement\":[{\"@type\":\"ListItem\",\"position\":1,\"name\":\"Home\",\"item\":\"https:\\\/\\\/calerodiving.com\\\/es\\\/\"},{\"@type\":\"ListItem\",\"position\":2,\"name\":\"Punta ti\u00f1osa\"}]},{\"@type\":\"WebSite\",\"@id\":\"https:\\\/\\\/calerodiving.com\\\/#website\",\"url\":\"https:\\\/\\\/calerodiving.com\\\/\",\"name\":\"Calero Diving Lanzarote\",\"description\":\"Dive Center - Marina Puerto Calero Lanzarote\",\"publisher\":{\"@id\":\"https:\\\/\\\/calerodiving.com\\\/#organization\"},\"alternateName\":\"Calero Diving\",\"potentialAction\":[{\"@type\":\"SearchAction\",\"target\":{\"@type\":\"EntryPoint\",\"urlTemplate\":\"https:\\\/\\\/calerodiving.com\\\/?s={search_term_string}\"},\"query-input\":{\"@type\":\"PropertyValueSpecification\",\"valueRequired\":true,\"valueName\":\"search_term_string\"}}],\"inLanguage\":\"de\"},{\"@type\":\"Organization\",\"@id\":\"https:\\\/\\\/calerodiving.com\\\/#organization\",\"name\":\"Calero Diving Lanzarote\",\"alternateName\":\"Calero Diving\",\"url\":\"https:\\\/\\\/calerodiving.com\\\/\",\"logo\":{\"@type\":\"ImageObject\",\"inLanguage\":\"de\",\"@id\":\"https:\\\/\\\/calerodiving.com\\\/#\\\/schema\\\/logo\\\/image\\\/\",\"url\":\"https:\\\/\\\/calerodiving.com\\\/wp-content\\\/uploads\\\/2025\\\/05\\\/Grupo.png\",\"contentUrl\":\"https:\\\/\\\/calerodiving.com\\\/wp-content\\\/uploads\\\/2025\\\/05\\\/Grupo.png\",\"width\":499,\"height\":590,\"caption\":\"Calero Diving Lanzarote\"},\"image\":{\"@id\":\"https:\\\/\\\/calerodiving.com\\\/#\\\/schema\\\/logo\\\/image\\\/\"},\"sameAs\":[\"https:\\\/\\\/www.facebook.com\\\/calerodiving\\\/\",\"https:\\\/\\\/www.instagram.com\\\/calerodiving\\\/\"]}]}<\/script>\n<!-- \/ Yoast SEO plugin. -->","yoast_head_json":{"title":"Punta ti\u00f1osa | Calero Diving Lanzarote","robots":{"index":"index","follow":"follow","max-snippet":"max-snippet:-1","max-image-preview":"max-image-preview:large","max-video-preview":"max-video-preview:-1"},"canonical":"https:\/\/calerodiving.com\/punta-tinosa\/","og_locale":"de_DE","og_type":"article","og_title":"Punta ti\u00f1osa | Calero Diving Lanzarote","og_description":"Punta ti\u00f1osa Punta Ti\u00f1osa liegt nur etwa 5 Minuten mit dem Boot von Puerto Calero oder Puerto del Carmen entfernt und z\u00e4hlt damit zu den am einfachsten erreichbaren Bootstauchg\u00e4ngen der Region. Der Tauchplatz erstreckt sich s\u00fcdw\u00e4rts entlang des vulkanischen Riffs und ist in drei klar definierte Tiefenbereiche gegliedert. Der erste Bereich zwischen 6 und 12 [&hellip;]","og_url":"https:\/\/calerodiving.com\/punta-tinosa\/","og_site_name":"Calero Diving Lanzarote","article_publisher":"https:\/\/www.facebook.com\/calerodiving\/","article_modified_time":"2026-04-20T13:37:22+00:00","og_image":[{"width":1200,"height":800,"url":"https:\/\/calerodiving.com\/wp-content\/uploads\/2017\/10\/las-lenquas.jpg","type":"image\/jpeg"}],"twitter_card":"summary_large_image","twitter_misc":{"Gesch\u00e4tzte Lesezeit":"2\u00a0Minuten"},"schema":{"@context":"https:\/\/schema.org","@graph":[{"@type":"WebPage","@id":"https:\/\/calerodiving.com\/punta-tinosa\/","url":"https:\/\/calerodiving.com\/punta-tinosa\/","name":"Punta ti\u00f1osa | Calero Diving Lanzarote","isPartOf":{"@id":"https:\/\/calerodiving.com\/#website"},"primaryImageOfPage":{"@id":"https:\/\/calerodiving.com\/punta-tinosa\/#primaryimage"},"image":{"@id":"https:\/\/calerodiving.com\/punta-tinosa\/#primaryimage"},"thumbnailUrl":"https:\/\/calerodiving.com\/wp-content\/uploads\/2017\/10\/las-lenquas.jpg","datePublished":"2025-08-27T07:41:25+00:00","dateModified":"2026-04-20T13:37:22+00:00","breadcrumb":{"@id":"https:\/\/calerodiving.com\/punta-tinosa\/#breadcrumb"},"inLanguage":"de","potentialAction":[{"@type":"ReadAction","target":["https:\/\/calerodiving.com\/punta-tinosa\/"]}]},{"@type":"ImageObject","inLanguage":"de","@id":"https:\/\/calerodiving.com\/punta-tinosa\/#primaryimage","url":"https:\/\/calerodiving.com\/wp-content\/uploads\/2017\/10\/las-lenquas.jpg","contentUrl":"https:\/\/calerodiving.com\/wp-content\/uploads\/2017\/10\/las-lenquas.jpg"},{"@type":"BreadcrumbList","@id":"https:\/\/calerodiving.com\/punta-tinosa\/#breadcrumb","itemListElement":[{"@type":"ListItem","position":1,"name":"Home","item":"https:\/\/calerodiving.com\/es\/"},{"@type":"ListItem","position":2,"name":"Punta ti\u00f1osa"}]},{"@type":"WebSite","@id":"https:\/\/calerodiving.com\/#website","url":"https:\/\/calerodiving.com\/","name":"Calero Diving Lanzarote","description":"Dive Center - Marina Puerto Calero Lanzarote","publisher":{"@id":"https:\/\/calerodiving.com\/#organization"},"alternateName":"Calero Diving","potentialAction":[{"@type":"SearchAction","target":{"@type":"EntryPoint","urlTemplate":"https:\/\/calerodiving.com\/?s={search_term_string}"},"query-input":{"@type":"PropertyValueSpecification","valueRequired":true,"valueName":"search_term_string"}}],"inLanguage":"de"},{"@type":"Organization","@id":"https:\/\/calerodiving.com\/#organization","name":"Calero Diving Lanzarote","alternateName":"Calero Diving","url":"https:\/\/calerodiving.com\/","logo":{"@type":"ImageObject","inLanguage":"de","@id":"https:\/\/calerodiving.com\/#\/schema\/logo\/image\/","url":"https:\/\/calerodiving.com\/wp-content\/uploads\/2025\/05\/Grupo.png","contentUrl":"https:\/\/calerodiving.com\/wp-content\/uploads\/2025\/05\/Grupo.png","width":499,"height":590,"caption":"Calero Diving Lanzarote"},"image":{"@id":"https:\/\/calerodiving.com\/#\/schema\/logo\/image\/"},"sameAs":["https:\/\/www.facebook.com\/calerodiving\/","https:\/\/www.instagram.com\/calerodiving\/"]}]}},"_links":{"self":[{"href":"https:\/\/calerodiving.com\/de\/wp-json\/wp\/v2\/pages\/24249","targetHints":{"allow":["GET"]}}],"collection":[{"href":"https:\/\/calerodiving.com\/de\/wp-json\/wp\/v2\/pages"}],"about":[{"href":"https:\/\/calerodiving.com\/de\/wp-json\/wp\/v2\/types\/page"}],"author":[{"embeddable":true,"href":"https:\/\/calerodiving.com\/de\/wp-json\/wp\/v2\/users\/10"}],"replies":[{"embeddable":true,"href":"https:\/\/calerodiving.com\/de\/wp-json\/wp\/v2\/comments?post=24249"}],"version-history":[{"count":9,"href":"https:\/\/calerodiving.com\/de\/wp-json\/wp\/v2\/pages\/24249\/revisions"}],"predecessor-version":[{"id":28543,"href":"https:\/\/calerodiving.com\/de\/wp-json\/wp\/v2\/pages\/24249\/revisions\/28543"}],"wp:attachment":[{"href":"https:\/\/calerodiving.com\/de\/wp-json\/wp\/v2\/media?parent=24249"}],"curies":[{"name":"wp","href":"https:\/\/api.w.org\/{rel}","templated":true}]}}